{"id":10014,"date":"2023-08-01T23:25:10","date_gmt":"2023-08-01T23:25:10","guid":{"rendered":"https:\/\/www.opensolar.com\/smart-ease\/"},"modified":"2025-01-24T10:10:52","modified_gmt":"2025-01-24T10:10:52","slug":"smart-ease","status":"publish","type":"page","link":"https:\/\/www.opensolar.com\/de\/smart-ease\/","title":{"rendered":"Smart Ease"},"content":{"rendered":"<section id=\"hero-block_2e3b492cff237b3e71b4edf6f47dedf6\" class=\"hero  light-mode background-bright-grey-200\" style=\"\">\n\t\t\t\t\t<div class=\"content-block-hero\">\n\t\t\t\t\t\t\t\t<div class=\"intro-text default\">\n\t\t\t\t\t\t\t\t\t\t\t<h1 class=\"motion-hero-headline blue-gradient light-mode\"><p>Smart Ease<\/p>\n<\/h1>\t\t\t\t\t\t<div class=\"motion-hero-sub-headline sub-headline light-mode\"><p>Die Integration von OpenSolar und Smart Ease erm\u00f6glicht es Ihren gewerblichen Kunden, von sch\u00f6nen, interaktiven Solarangeboten, wettbewerbsf\u00e4higen Finanzierungsraten, schnellen Genehmigungen und einer dynamischen, reaktionsschnellen Erfahrung zu profitieren &#8211; alles an einem Ort.<\/p>\n<\/div>\t\t\t\t\t\t\t\t\t\t\t\t\t\t\t\t\t\t\t\t\t\t\t\t\t\t\t\t<div class=\"partnership\">\n\t\t\t\t\t\t\t<span>in partnership with<\/span>\n\t\t\t\t\t\t\t<img decoding=\"async\" src=\"https:\/\/i0.wp.com\/www.opensolar.com\/wp-content\/uploads\/2025\/01\/partner-logo-smartease.png?fit=500%2C114&#038;quality=80&#038;ssl=1\" alt=\"Smart Ease\" style=\"max-width: 150px !important;\" \/>\n\t\t\t\t\t\t\t\t\t<\/div>\n\t\t\t\t\t\t\t<\/div>\n\t\t<\/section><section id=\"side-by-side-block_34900e38827e26e4505fa32c15c17d3b\" class=\"side-by-side light-mode  background-none\" style=\"\">\n\t<div class=\"side-by-side-content light-mode\">\n\t\t\t\t\t\t\t\t\t\t\t\t\t\t\t\t\t\t\t\t\t\t\t\t\t\t<div class=\"content-block-regular\">\n\t\t\t\t\t\t<div class=\"artwork-block just-text\">\n\t\t\t\t\t\t\t<div class=\"text-space\">\n\t\t\t\t\t\t\t\t\t\t\t\t\t\t\t\t<h2 class=\"light-mode\"><p>Schlie\u00dfen Sie Gesch\u00e4fte ab und lassen Sie sich schnell bezahlen mit Smart Ease<\/p>\n<\/h2>\t\t\t\t\t\t\t\t<div class=\"sub-headline light-mode\"><p><em>Derzeit verf\u00fcgbar in Australien, Neuseeland und Gro\u00dfbritannien.<\/em><\/p>\n<p>Einige der Vorteile dieser Integration sind:<\/p>\n<\/div>\t\t\t\t\t\t\t\t<div class=\"text light-mode\"><ul>\n<li>Erm\u00f6glichen Sie Ihren Kunden die Beantragung und sofortige Genehmigung von Smart Ease-Zahlungspl\u00e4nen direkt aus Ihrem Angebot heraus &#8211; ohne dass sie zu anderen Fenstern oder Anwendungen wechseln m\u00fcssen.<\/li>\n<li>Ziehen Sie automatisch die neuesten Tarife und Preise ein, so dass Sie Ihren Kunden immer aktuelle Informationen zeigen k\u00f6nnen.<\/li>\n<li>Bieten Sie Ihren Kunden kommerzielle Zahlungspl\u00e4ne f\u00fcr bis zu 150.000 $ an &#8211; mit nahezu sofortiger Genehmigung und ohne Vorlaufkosten.<\/li>\n<li>Erm\u00f6glichen Sie Ihrem Kunden, den Vertrag zu \u00fcberpr\u00fcfen und direkt im Angebot zu unterschreiben.<\/li>\n<li>Sie werden innerhalb von 48 Stunden nach Installation und Abrechnung des Projekts bezahlt.<\/li>\n<\/ul>\n<\/div>\t\t\t\t\t\t\t\t\t\t\t\t\t\t\t\t\t<div class=\"actions\">\n\t\t\t\t\t\t\t\t\t\t<div class=\"button\"><a href=\"#\" target=\"_blank\" class=\"button-sbs-filled light-mode\">Los geht&#039;s<\/a><\/div>\t\t\t\t\t\t\t\t\t\t<div class=\"button\"><a href=\"https:\/\/support.opensolar.com\/hc\/en-us\/articles\/4407235456537--Smart-Ease-on-OpenSolar-Commercial-Payment-Plan-Integration-formerly-Energy-Ease-\" target=\"_blank\" class=\"button-sbs-skizziert. light-mode\">Mehr erfahren<\/a><\/div>\t\t\t\t\t\t\t\t\t<\/div>\n\t\t\t\t\t\t\t\t\t\t\t\t\t\t\t<\/div>\n\t\t\t\t\t\t\t<div class=\"webinar-space\">\n\t\t\t\t\t\t\t\t<a href=\"https:\/\/vimeo.com\/725014398\" target=\"_blank\" class=\"card card-style-webinar\">\n\t\t\t\t\t\t\t\t\t\t\t\t\t\t\t\t\t\t\t<div class=\"artwork\">\n\t\t\t\t\t\t\t\t\t\t\t<figure>\n\t\t\t\t\t\t\t\t\t\t\t\t<img loading=\"lazy\" decoding=\"async\" width=\"1100\" height=\"507\" src=\"https:\/\/i0.wp.com\/www.opensolar.com\/wp-content\/uploads\/2025\/01\/webinar-smartease.jpg?fit=1100%2C507&amp;quality=89&amp;ssl=1\" class=\"attachment-full size-full\" alt=\"\" srcset=\"https:\/\/i0.wp.com\/www.opensolar.com\/wp-content\/uploads\/2025\/01\/webinar-smartease.jpg?w=1100&amp;quality=89&amp;ssl=1 1100w, https:\/\/i0.wp.com\/www.opensolar.com\/wp-content\/uploads\/2025\/01\/webinar-smartease.jpg?resize=768%2C354&amp;quality=89&amp;ssl=1 768w\" sizes=\"auto, (max-width: 640px) 100vw, 640px\" \/>\t\t\t\t\t\t\t\t\t\t\t<\/figure>\n\t\t\t\t\t\t\t\t\t\t<\/div>\n\t\t\t\t\t\t\t\t\t\t\t\t\t\t\t\t\t\t<div class=\"content\">\n\t\t\t\t\t\t\t\t\t\t<div class=\"headline\">Smart Ease Finance Integration Tour<\/div>\t\t\t\t\t\t\t\t\t\t<div class=\"text\">Watch this end-to-end walk through of the Smart Ease finance integration with Dan<\/div>\t\t\t\t\t\t\t\t\t\t\t\t\t\t\t\t\t\t\t\t\t<div class=\"actions\">\n\t\t\t\t\t\t\t\t\t\t\t\t<div class=\"button\">\n\t\t\t\t\t\t\t\t\t\t\t\t\t<span>Watch now<\/span>\n\t\t\t\t\t\t\t\t\t\t\t\t\t<svg xmlns=\"http:\/\/www.w3.org\/2000\/svg\" width=\"16\" height=\"16\" viewBox=\"0 0 16 16\" fill=\"none\">\n\t\t\t\t\t\t\t\t\t\t\t\t\t\t<path d=\"M6.66667 4.66675L10 8.00008L6.66667 11.3334\" stroke=\"#1751D0\" stroke-width=\"2\" stroke-linecap=\"round\" stroke-linejoin=\"round\"\/>\n\t\t\t\t\t\t\t\t\t\t\t\t\t<\/svg>\n\t\t\t\t\t\t\t\t\t\t\t\t<\/div>\n\t\t\t\t\t\t\t\t\t\t\t<\/div>\n\t\t\t\t\t\t\t\t\t\t\t\t\t\t\t\t\t\t\t<\/div>\n\t\t\t\t\t\t\t\t<\/a>\n\t\t\t\t\t\t\t<\/div>\n\t\t\t\t\t\t<\/div>\n\t\t\t\t\t<\/div>\n\t\t\t\t\t\t\t\t\t\t<\/div>\n<\/section>\n<section id=\"side-by-side-block_a383b6a7fb4a81b40692cc1eaf845f6a\" class=\"side-by-side light-mode  background-bright-grey-200\" style=\"\">\n\t<div class=\"side-by-side-content light-mode\">\n\t\t\t\t\t\t\t\t\t\t\t\t\t\t<div class=\"content-block-regular\">\n\t\t\t\t\t\t<div class=\"artwork-block artwork-left\">\n\t\t\t\t\t\t\t\t\t\t\t\t\t\t\t<figure class=\"rounded\" style=\"position: relative;\">\n\t\t\t\t\t\t\t\t\t<img decoding=\"async\" src=\"https:\/\/i0.wp.com\/www.opensolar.com\/wp-content\/uploads\/2025\/01\/partner-art-smartease.jpg?fit=1200%2C1001&#038;quality=89&#038;ssl=1\" class=\"motion-artwork-base-side-by-side-block_a383b6a7fb4a81b40692cc1eaf845f6a\" alt=\"\" style=\"z-index: 0;\" \/>\n\t\t\t\t\t\t\t\t\t\t\t\t\t\t\t\t\t\t<img decoding=\"async\" src=\"\" class=\"motion-artwork-layer1-side-by-side-block_a383b6a7fb4a81b40692cc1eaf845f6a\" alt=\"\" style=\"z-index: 1; position: absolute; top: 0; left: 0;\" \/>\n\t\t\t\t\t\t\t\t<\/figure>\n\t\t\t\t\t\t\t\t\t\t\t\t\t\t\t\t\t\t\t\t\t\t\t\t\t\t\t\t<div class=\"text-space\">\n\t\t\t\t\t\t\t\t<div class=\"accent-image\"><figure style=\"max-width: 250px;\"><img loading=\"lazy\" decoding=\"async\" width=\"500\" height=\"114\" src=\"https:\/\/i0.wp.com\/www.opensolar.com\/wp-content\/uploads\/2025\/01\/partner-logo-smartease.png?fit=500%2C114&amp;quality=80&amp;ssl=1\" class=\"attachment-full size-full\" alt=\"Smart Ease\" \/><\/figure><\/div>\t\t\t\t\t\t\t\t\t\t\t\t\t\t\t\t<div class=\"sub-headline light-mode\"><p>Smart Ease ist ein Digital-First-Finanzierungsanbieter, der von einem Team von Experten in den Branchen Smart Tech und erneuerbare Energien unterst\u00fctzt wird. Unsere Plattform und unsere Mitarbeiter sorgen f\u00fcr wettbewerbsf\u00e4hige Preise, schnelle Genehmigungen und eine dynamische, reaktionsschnelle Abwicklung von Anfang bis Ende. Ohne Vorabkosten und mit einem 100% digitalen Antragsverfahren machen wir den Kauf von intelligenten und energieeffizienten Ger\u00e4ten einfach. Wir sind in ganz Australien und Neuseeland t\u00e4tig und sind der bevorzugte Finanzierungspartner f\u00fcr Unternehmen, Lieferanten und Installateure aller Art. <\/p>\n<\/div>\t\t\t\t\t\t\t\t\t\t\t\t\t\t\t\t\t\t\t\t\t\t\t\t\t\t\t\t\t\t\t<\/div>\n\t\t\t\t\t\t<\/div>\n\t\t\t\t\t<\/div>\n\t\t\t\t\t\t\t\t\t\t\t\t\t\t\t\t\t\t\t\t\t\t<\/div>\n<\/section>\n","protected":false},"excerpt":{"rendered":"","protected":false},"author":3,"featured_media":0,"parent":0,"menu_order":0,"comment_status":"closed","ping_status":"closed","template":"","meta":{"_acf_changed":false,"footnotes":""},"class_list":["post-10014","page","type-page","status-publish","hentry"],"acf":[],"yoast_head":"<!-- This site is optimized with the Yoast SEO Premium plugin v26.6 (Yoast SEO v26.6) - https:\/\/yoast.com\/wordpress\/plugins\/seo\/ -->\n<title>OpenSolar &amp; Smart Ease: Schnelle kommerzielle Solar-Finanzierung<\/title>\n<meta name=\"description\" content=\"Integrieren Sie Smart Ease in OpenSolar, um sofortige Genehmigungen f\u00fcr gewerbliche Solarfinanzierungen, wettbewerbsf\u00e4hige Preise und nahtlose digitale Anwendungen zu erhalten.\" \/>\n<meta name=\"robots\" content=\"index, follow, max-snippet:-1, max-image-preview:large, max-video-preview:-1\" \/>\n<link rel=\"canonical\" href=\"https:\/\/www.opensolar.com\/de\/smart-ease\/\" \/>\n<meta property=\"og:locale\" content=\"de_DE\" \/>\n<meta property=\"og:type\" content=\"article\" \/>\n<meta property=\"og:title\" content=\"Smart Ease\" \/>\n<meta property=\"og:description\" content=\"Integrieren Sie Smart Ease in OpenSolar, um sofortige Genehmigungen f\u00fcr gewerbliche Solarfinanzierungen, wettbewerbsf\u00e4hige Preise und nahtlose digitale Anwendungen zu erhalten.\" \/>\n<meta property=\"og:url\" content=\"https:\/\/www.opensolar.com\/de\/smart-ease\/\" \/>\n<meta property=\"og:site_name\" content=\"OpenSolar\" \/>\n<meta property=\"article:publisher\" content=\"https:\/\/www.facebook.com\/OpenSolarGlobal\/\" \/>\n<meta property=\"article:modified_time\" content=\"2025-01-24T10:10:52+00:00\" \/>\n<meta property=\"og:image\" content=\"https:\/\/i0.wp.com\/www.opensolar.com\/wp-content\/uploads\/2024\/07\/OpenSolar-logo-for-WP.png?fit=1200%2C675&quality=80&ssl=1\" \/>\n\t<meta property=\"og:image:width\" content=\"1200\" \/>\n\t<meta property=\"og:image:height\" content=\"675\" \/>\n\t<meta property=\"og:image:type\" content=\"image\/png\" \/>\n<meta name=\"twitter:card\" content=\"summary_large_image\" \/>\n<meta name=\"twitter:site\" content=\"@opensolar\" \/>\n<script type=\"application\/ld+json\" class=\"yoast-schema-graph\">{\"@context\":\"https:\/\/schema.org\",\"@graph\":[{\"@type\":\"WebPage\",\"@id\":\"https:\/\/www.opensolar.com\/de\/smart-ease\/\",\"url\":\"https:\/\/www.opensolar.com\/de\/smart-ease\/\",\"name\":\"OpenSolar & Smart Ease: Schnelle kommerzielle Solar-Finanzierung\",\"isPartOf\":{\"@id\":\"https:\/\/www.opensolar.com\/de\/#website\"},\"datePublished\":\"2023-08-01T23:25:10+00:00\",\"dateModified\":\"2025-01-24T10:10:52+00:00\",\"description\":\"Integrieren Sie Smart Ease in OpenSolar, um sofortige Genehmigungen f\u00fcr gewerbliche Solarfinanzierungen, wettbewerbsf\u00e4hige Preise und nahtlose digitale Anwendungen zu erhalten.\",\"breadcrumb\":{\"@id\":\"https:\/\/www.opensolar.com\/de\/smart-ease\/#breadcrumb\"},\"inLanguage\":\"de-DE\",\"potentialAction\":[{\"@type\":\"ReadAction\",\"target\":[\"https:\/\/www.opensolar.com\/de\/smart-ease\/\"]}]},{\"@type\":\"BreadcrumbList\",\"@id\":\"https:\/\/www.opensolar.com\/de\/smart-ease\/#breadcrumb\",\"itemListElement\":[{\"@type\":\"ListItem\",\"position\":1,\"name\":\"Home\",\"item\":\"https:\/\/www.opensolar.com\/de\/\"},{\"@type\":\"ListItem\",\"position\":2,\"name\":\"Smart Ease\"}]},{\"@type\":\"WebSite\",\"@id\":\"https:\/\/www.opensolar.com\/de\/#website\",\"url\":\"https:\/\/www.opensolar.com\/de\/\",\"name\":\"OpenSolar\",\"description\":\"Solar Design And Proposal Software\",\"publisher\":{\"@id\":\"https:\/\/www.opensolar.com\/de\/#organization\"},\"potentialAction\":[{\"@type\":\"SearchAction\",\"target\":{\"@type\":\"EntryPoint\",\"urlTemplate\":\"https:\/\/www.opensolar.com\/de\/?s={search_term_string}\"},\"query-input\":{\"@type\":\"PropertyValueSpecification\",\"valueRequired\":true,\"valueName\":\"search_term_string\"}}],\"inLanguage\":\"de-DE\"},{\"@type\":\"Organization\",\"@id\":\"https:\/\/www.opensolar.com\/de\/#organization\",\"name\":\"OpenSolar\",\"url\":\"https:\/\/www.opensolar.com\/de\/\",\"logo\":{\"@type\":\"ImageObject\",\"inLanguage\":\"de-DE\",\"@id\":\"https:\/\/www.opensolar.com\/de\/#\/schema\/logo\/image\/\",\"url\":\"https:\/\/www.opensolar.com\/wp-content\/uploads\/2026\/04\/OpenSolar-Horizontal-Color.svg\",\"contentUrl\":\"https:\/\/www.opensolar.com\/wp-content\/uploads\/2026\/04\/OpenSolar-Horizontal-Color.svg\",\"caption\":\"OpenSolar\"},\"image\":{\"@id\":\"https:\/\/www.opensolar.com\/de\/#\/schema\/logo\/image\/\"},\"sameAs\":[\"https:\/\/www.facebook.com\/OpenSolarGlobal\/\",\"https:\/\/x.com\/opensolar\",\"https:\/\/www.instagram.com\/open.solar\/\",\"https:\/\/www.linkedin.com\/company\/14522819\",\"https:\/\/www.youtube.com\/channel\/UCw3mdQ_ilIq9ZrPpCa_VOnA\/videos\"],\"description\":\"The world's leading solar design and proposal software. Free of charge so you're free to grow.\"}]}<\/script>\n<!-- \/ Yoast SEO Premium plugin. -->","yoast_head_json":{"title":"OpenSolar & Smart Ease: Schnelle kommerzielle Solar-Finanzierung","description":"Integrieren Sie Smart Ease in OpenSolar, um sofortige Genehmigungen f\u00fcr gewerbliche Solarfinanzierungen, wettbewerbsf\u00e4hige Preise und nahtlose digitale Anwendungen zu erhalten.","robots":{"index":"index","follow":"follow","max-snippet":"max-snippet:-1","max-image-preview":"max-image-preview:large","max-video-preview":"max-video-preview:-1"},"canonical":"https:\/\/www.opensolar.com\/de\/smart-ease\/","og_locale":"de_DE","og_type":"article","og_title":"Smart Ease","og_description":"Integrieren Sie Smart Ease in OpenSolar, um sofortige Genehmigungen f\u00fcr gewerbliche Solarfinanzierungen, wettbewerbsf\u00e4hige Preise und nahtlose digitale Anwendungen zu erhalten.","og_url":"https:\/\/www.opensolar.com\/de\/smart-ease\/","og_site_name":"OpenSolar","article_publisher":"https:\/\/www.facebook.com\/OpenSolarGlobal\/","article_modified_time":"2025-01-24T10:10:52+00:00","og_image":[{"width":1200,"height":675,"url":"https:\/\/i0.wp.com\/www.opensolar.com\/wp-content\/uploads\/2024\/07\/OpenSolar-logo-for-WP.png?fit=1200%2C675&quality=80&ssl=1","type":"image\/png"}],"twitter_card":"summary_large_image","twitter_site":"@opensolar","schema":{"@context":"https:\/\/schema.org","@graph":[{"@type":"WebPage","@id":"https:\/\/www.opensolar.com\/de\/smart-ease\/","url":"https:\/\/www.opensolar.com\/de\/smart-ease\/","name":"OpenSolar & Smart Ease: Schnelle kommerzielle Solar-Finanzierung","isPartOf":{"@id":"https:\/\/www.opensolar.com\/de\/#website"},"datePublished":"2023-08-01T23:25:10+00:00","dateModified":"2025-01-24T10:10:52+00:00","description":"Integrieren Sie Smart Ease in OpenSolar, um sofortige Genehmigungen f\u00fcr gewerbliche Solarfinanzierungen, wettbewerbsf\u00e4hige Preise und nahtlose digitale Anwendungen zu erhalten.","breadcrumb":{"@id":"https:\/\/www.opensolar.com\/de\/smart-ease\/#breadcrumb"},"inLanguage":"de-DE","potentialAction":[{"@type":"ReadAction","target":["https:\/\/www.opensolar.com\/de\/smart-ease\/"]}]},{"@type":"BreadcrumbList","@id":"https:\/\/www.opensolar.com\/de\/smart-ease\/#breadcrumb","itemListElement":[{"@type":"ListItem","position":1,"name":"Home","item":"https:\/\/www.opensolar.com\/de\/"},{"@type":"ListItem","position":2,"name":"Smart Ease"}]},{"@type":"WebSite","@id":"https:\/\/www.opensolar.com\/de\/#website","url":"https:\/\/www.opensolar.com\/de\/","name":"OpenSolar","description":"Solar Design And Proposal Software","publisher":{"@id":"https:\/\/www.opensolar.com\/de\/#organization"},"potentialAction":[{"@type":"SearchAction","target":{"@type":"EntryPoint","urlTemplate":"https:\/\/www.opensolar.com\/de\/?s={search_term_string}"},"query-input":{"@type":"PropertyValueSpecification","valueRequired":true,"valueName":"search_term_string"}}],"inLanguage":"de-DE"},{"@type":"Organization","@id":"https:\/\/www.opensolar.com\/de\/#organization","name":"OpenSolar","url":"https:\/\/www.opensolar.com\/de\/","logo":{"@type":"ImageObject","inLanguage":"de-DE","@id":"https:\/\/www.opensolar.com\/de\/#\/schema\/logo\/image\/","url":"https:\/\/www.opensolar.com\/wp-content\/uploads\/2026\/04\/OpenSolar-Horizontal-Color.svg","contentUrl":"https:\/\/www.opensolar.com\/wp-content\/uploads\/2026\/04\/OpenSolar-Horizontal-Color.svg","caption":"OpenSolar"},"image":{"@id":"https:\/\/www.opensolar.com\/de\/#\/schema\/logo\/image\/"},"sameAs":["https:\/\/www.facebook.com\/OpenSolarGlobal\/","https:\/\/x.com\/opensolar","https:\/\/www.instagram.com\/open.solar\/","https:\/\/www.linkedin.com\/company\/14522819","https:\/\/www.youtube.com\/channel\/UCw3mdQ_ilIq9ZrPpCa_VOnA\/videos"],"description":"The world's leading solar design and proposal software. Free of charge so you're free to grow."}]}},"_links":{"self":[{"href":"https:\/\/www.opensolar.com\/de\/wp-json\/wp\/v2\/pages\/10014","targetHints":{"allow":["GET"]}}],"collection":[{"href":"https:\/\/www.opensolar.com\/de\/wp-json\/wp\/v2\/pages"}],"about":[{"href":"https:\/\/www.opensolar.com\/de\/wp-json\/wp\/v2\/types\/page"}],"author":[{"embeddable":true,"href":"https:\/\/www.opensolar.com\/de\/wp-json\/wp\/v2\/users\/3"}],"replies":[{"embeddable":true,"href":"https:\/\/www.opensolar.com\/de\/wp-json\/wp\/v2\/comments?post=10014"}],"version-history":[{"count":0,"href":"https:\/\/www.opensolar.com\/de\/wp-json\/wp\/v2\/pages\/10014\/revisions"}],"wp:attachment":[{"href":"https:\/\/www.opensolar.com\/de\/wp-json\/wp\/v2\/media?parent=10014"}],"curies":[{"name":"wp","href":"https:\/\/api.w.org\/{rel}","templated":true}]}}