{"id":10022,"date":"2023-08-01T20:22:06","date_gmt":"2023-08-01T20:22:06","guid":{"rendered":"https:\/\/www.opensolar.com\/sungage\/"},"modified":"2025-08-21T17:41:47","modified_gmt":"2025-08-21T17:41:47","slug":"sungage","status":"publish","type":"page","link":"https:\/\/www.opensolar.com\/de\/sungage\/","title":{"rendered":"Sungage"},"content":{"rendered":"<section id=\"hero-block_2a9d8f0fde00785715e434a5d6042d06\" class=\"hero  light-mode background-bright-grey-200\" style=\"\">\n\t\t\t\t\t<div class=\"content-block-hero\">\n\t\t\t\t\t\t\t\t<div class=\"intro-text default\">\n\t\t\t\t\t\t\t\t\t\t\t<h1 class=\"motion-hero-headline blue-gradient light-mode\"><p>Sungage<\/p>\n<\/h1>\t\t\t\t\t\t<div class=\"motion-hero-sub-headline sub-headline light-mode\"><p>Die Integration von OpenSolar und Sungage erm\u00f6glicht eine schnelle Kreditvorqualifizierung, macht die manuelle Dateneingabe \u00fcberfl\u00fcssig und bietet nahtlosen Zugang zu den kundenfreundlichen Finanzierungsoptionen von Sungage direkt auf der OpenSolar-Plattform.<\/p>\n<\/div>\t\t\t\t\t\t\t\t\t\t\t\t\t\t\t\t\t\t\t\t\t\t\t\t\t\t\t\t<div class=\"partnership\">\n\t\t\t\t\t\t\t<span>in partnership with<\/span>\n\t\t\t\t\t\t\t<img decoding=\"async\" src=\"https:\/\/i0.wp.com\/www.opensolar.com\/wp-content\/uploads\/2025\/01\/partner-logo-sungage.png?fit=500%2C113&#038;quality=80&#038;ssl=1\" alt=\"Sungage Financial\" style=\"max-width: 220px !important;\" \/>\n\t\t\t\t\t\t\t\t\t<\/div>\n\t\t\t\t\t\t\t<\/div>\n\t\t<\/section><section id=\"side-by-side-block_557d55355667ecb443c68de2453162fe\" class=\"side-by-side light-mode  background-none\" style=\"\">\n\t<div class=\"side-by-side-content light-mode\">\n\t\t\t\t\t\t\t\t\t\t\t\t\t\t\t\t\t\t\t\t\t\t\t\t\t\t<div class=\"content-block-regular\">\n\t\t\t\t\t\t<div class=\"artwork-block just-text\">\n\t\t\t\t\t\t\t<div class=\"text-space\">\n\t\t\t\t\t\t\t\t\t\t\t\t\t\t\t\t<h2 class=\"light-mode\"><p>Schlie\u00dfen Sie Gesch\u00e4fte ab und werden Sie schnell bezahlt mit Sungage<\/p>\n<\/h2>\t\t\t\t\t\t\t\t<div class=\"sub-headline light-mode\"><p>Die Sungage Finanzierung \u00fcber OpenSolar ist extrem schnell und einfach. Sobald Sie Ihr Projekt auf OpenSolar erstellt haben, klicken Sie auf die Schaltfl\u00e4che &#8222;Vorgepr\u00fcft!&#8220; und der Kreditantrag wird ausgef\u00fcllt. Ihr Hausbesitzer kann den Antrag ausf\u00fcllen und hat in weniger als einer Minute eine Kreditentscheidung.  <\/p>\n<p>Einige der Vorteile dieser Integration sind:<\/p>\n<\/div>\t\t\t\t\t\t\t\t<div class=\"text light-mode\"><ul>\n<li>Erm\u00f6glicht Ihren Kunden die Vorqualifizierung und Beantragung eines Kredits \u00fcber das Online-Angebot von OpenSolar, ohne dass sie zu anderen Fenstern oder Anwendungen wechseln m\u00fcssen.<\/li>\n<li>Zugang zu niedrigeren monatlichen Raten f\u00fcr die Solarfinanzierung durch die kundenfreundliche Kreditstruktur von Sungage<\/li>\n<li>Pr\u00e4sentation der Kreditprodukte in der von Sungage genehmigten Sprache<\/li>\n<li>Eliminiert die Notwendigkeit der manuellen Dateneingabe in das Sungage Portal<\/li>\n<li>Macht die manuelle Verwaltung Ihrer Sungage Produkte in OpenSolar \u00fcberfl\u00fcssig<\/li>\n<\/ul>\n<\/div>\t\t\t\t\t\t\t\t\t\t\t\t\t\t\t\t\t<div class=\"actions\">\n\t\t\t\t\t\t\t\t\t\t<div class=\"button\"><a href=\"https:\/\/www.sungage.com\/partner\/opensolar?utm_medium=web&#038;utm_source=partner-page&#038;utm_campaign=opensolar\" target=\"_blank\" class=\"button-sbs-filled light-mode\">Los geht&#039;s<\/a><\/div>\t\t\t\t\t\t\t\t\t\t<div class=\"button\"><a href=\"https:\/\/support.opensolar.com\/hc\/en-us\/articles\/4408339920537-How-to-set-up-Sungage-finance-integration\" target=\"_blank\" class=\"button-sbs-skizziert. light-mode\">Mehr erfahren<\/a><\/div>\t\t\t\t\t\t\t\t\t<\/div>\n\t\t\t\t\t\t\t\t\t\t\t\t\t\t\t<\/div>\n\t\t\t\t\t\t\t<div class=\"webinar-space\">\n\t\t\t\t\t\t\t\t<a href=\"https:\/\/www.youtube.com\/watch?v=7kj3iJ-SJ24\" target=\"_blank\" class=\"card card-style-webinar\">\n\t\t\t\t\t\t\t\t\t\t\t\t\t\t\t\t\t\t\t<div class=\"artwork\">\n\t\t\t\t\t\t\t\t\t\t\t<figure>\n\t\t\t\t\t\t\t\t\t\t\t\t<img loading=\"lazy\" decoding=\"async\" width=\"1100\" height=\"506\" src=\"https:\/\/i0.wp.com\/www.opensolar.com\/wp-content\/uploads\/2025\/01\/webinar-sungage.jpg?fit=1100%2C506&amp;quality=89&amp;ssl=1\" class=\"attachment-full size-full\" alt=\"\" srcset=\"https:\/\/i0.wp.com\/www.opensolar.com\/wp-content\/uploads\/2025\/01\/webinar-sungage.jpg?w=1100&amp;quality=89&amp;ssl=1 1100w, https:\/\/i0.wp.com\/www.opensolar.com\/wp-content\/uploads\/2025\/01\/webinar-sungage.jpg?resize=768%2C353&amp;quality=89&amp;ssl=1 768w\" sizes=\"auto, (max-width: 640px) 100vw, 640px\" \/>\t\t\t\t\t\t\t\t\t\t\t<\/figure>\n\t\t\t\t\t\t\t\t\t\t<\/div>\n\t\t\t\t\t\t\t\t\t\t\t\t\t\t\t\t\t\t<div class=\"content\">\n\t\t\t\t\t\t\t\t\t\t<div class=\"headline\">Sungage Finance Integration Tour<\/div>\t\t\t\t\t\t\t\t\t\t<div class=\"text\">Sehen Sie sich diesen End-to-End-Walk-Through der Sungage Finanzintegration mit Eliamny an<\/div>\t\t\t\t\t\t\t\t\t\t\t\t\t\t\t\t\t\t\t\t\t<div class=\"actions\">\n\t\t\t\t\t\t\t\t\t\t\t\t<div class=\"button\">\n\t\t\t\t\t\t\t\t\t\t\t\t\t<span>Jetzt beobachten<\/span>\n\t\t\t\t\t\t\t\t\t\t\t\t\t<svg xmlns=\"http:\/\/www.w3.org\/2000\/svg\" width=\"16\" height=\"16\" viewBox=\"0 0 16 16\" fill=\"none\">\n\t\t\t\t\t\t\t\t\t\t\t\t\t\t<path d=\"M6.66667 4.66675L10 8.00008L6.66667 11.3334\" stroke=\"#1751D0\" stroke-width=\"2\" stroke-linecap=\"round\" stroke-linejoin=\"round\"\/>\n\t\t\t\t\t\t\t\t\t\t\t\t\t<\/svg>\n\t\t\t\t\t\t\t\t\t\t\t\t<\/div>\n\t\t\t\t\t\t\t\t\t\t\t<\/div>\n\t\t\t\t\t\t\t\t\t\t\t\t\t\t\t\t\t\t\t<\/div>\n\t\t\t\t\t\t\t\t<\/a>\n\t\t\t\t\t\t\t<\/div>\n\t\t\t\t\t\t<\/div>\n\t\t\t\t\t<\/div>\n\t\t\t\t\t\t\t\t\t\t<\/div>\n<\/section>\n<section id=\"side-by-side-block_a3d5dde5cd79c7fd9ff6b01cdb6bae28\" class=\"side-by-side light-mode  background-bright-grey-200\" style=\"\">\n\t<div class=\"side-by-side-content light-mode\">\n\t\t\t\t\t\t\t\t\t\t\t\t\t\t<div class=\"content-block-regular\">\n\t\t\t\t\t\t<div class=\"artwork-block artwork-left\">\n\t\t\t\t\t\t\t\t\t\t\t\t\t\t\t\t\t\t\t\t\t\t<div class=\"video\">\n\t\t\t\t\t\t\t\t\t<div class=\"video-container\"><iframe src=\"https:\/\/www.youtube.com\/embed\/LBrP8yficII\" frameborder=\"0\" allowfullscreen><\/iframe><\/div>\n\t\t\t\t\t\t\t\t\t<figcaption class=\"light-mode\">Andrew Birch, Mitbegr\u00fcnder und CEO von OpenSolar, und Mike Gilroy, CEO von Sungage, sprechen \u00fcber die Partnerschaft zwischen OpenSolar und Sungage<\/figcaption>\t\t\t\t\t\t\t\t<\/div>\n\t\t\t\t\t\t\t\t\t\t\t\t\t\t\t\t\t\t\t\t\t<div class=\"text-space\">\n\t\t\t\t\t\t\t\t<div class=\"accent-image\"><figure style=\"max-width: 250px;\"><img loading=\"lazy\" decoding=\"async\" width=\"500\" height=\"113\" src=\"https:\/\/i0.wp.com\/www.opensolar.com\/wp-content\/uploads\/2025\/01\/partner-logo-sungage.png?fit=500%2C113&amp;quality=80&amp;ssl=1\" class=\"attachment-full size-full\" alt=\"Sungage Financial\" \/><\/figure><\/div>\t\t\t\t\t\t\t\t\t\t\t\t\t\t\t\t<div class=\"sub-headline light-mode\"><p>Sungage bietet niedrigere monatliche Raten f\u00fcr die Finanzierung von Solarkraftwerken mit Krediten von bis zu 150.000 $, Laufzeiten von bis zu 25 Jahren, 0 % Zinsen und einer branchenf\u00fchrenden Stundung der Steuergutschrift f\u00fcr Solarkraftwerke. Die nahtlose Integration von Sungage in Ihren Verkaufsprozess hilft Ihnen, Gesch\u00e4fte schneller abzuschlie\u00dfen und schnell bezahlt zu werden. <\/p>\n<p>Mit der schnellen und einfachen Finanzierung durch OpenSolar k\u00f6nnen Hausbesitzer in weniger als einer Minute einen Antrag stellen und eine Genehmigung erhalten. Sungage k\u00fcmmert sich um die Details, so dass Sie sich auf den Ausbau Ihres Gesch\u00e4fts und die Gewinnung von Kundenempfehlungen konzentrieren k\u00f6nnen. <\/p>\n<\/div>\t\t\t\t\t\t\t\t\t\t\t\t\t\t\t\t\t\t\t\t\t\t\t\t\t\t\t\t\t\t\t\t\t<div class=\"actions\">\n\t\t\t\t\t\t\t\t\t\t\t\t\t\t\t\t\t\t\t\t\t<div class=\"button\">\n\t\t\t\t\t\t\t\t\t\t\t\t<a href=\"https:\/\/www.sungage.com\/\" target=\"_blank\" class=\"button-sbs-filled\">\n\t\t\t\t\t\t\t\t\t\t\t\t\t<span>Mehr erfahren<\/span>\n\t\t\t\t\t\t\t\t\t\t\t\t\t<svg xmlns=\"http:\/\/www.w3.org\/2000\/svg\" width=\"16\" height=\"16\" viewBox=\"0 0 16 16\" fill=\"none\">\n\t\t\t\t\t\t\t\t\t\t\t\t\t\t<path d=\"M6.66667 4.66675L10 8.00008L6.66667 11.3334\" stroke=\"#1751D0\" stroke-width=\"2\" stroke-linecap=\"round\" stroke-linejoin=\"round\"\/>\n\t\t\t\t\t\t\t\t\t\t\t\t\t<\/svg>\n\t\t\t\t\t\t\t\t\t\t\t\t<\/a>\n\t\t\t\t\t\t\t\t\t\t\t\t\t\t\t\t\t\t\t\t\t\t\t<\/div>\n\t\t\t\t\t\t\t\t\t\t\t\t\t\t\t\t\t\t\t\t\t\t\t\t\t\t\t\t\t<\/div>\n\t\t\t\t\t\t\t\t\t\t\t\t\t\t\t<\/div>\n\t\t\t\t\t\t<\/div>\n\t\t\t\t\t<\/div>\n\t\t\t\t\t\t\t\t\t\t\t\t\t\t\t\t\t\t\t\t\t\t<\/div>\n<\/section>\n","protected":false},"excerpt":{"rendered":"","protected":false},"author":3,"featured_media":0,"parent":0,"menu_order":0,"comment_status":"closed","ping_status":"closed","template":"","meta":{"_acf_changed":false,"footnotes":""},"class_list":["post-10022","page","type-page","status-publish","hentry"],"acf":[],"yoast_head":"<!-- This site is optimized with the Yoast SEO Premium plugin v26.6 (Yoast SEO v26.6) - https:\/\/yoast.com\/wordpress\/plugins\/seo\/ -->\n<title>OpenSolar &amp; Sungage: Nahtlose Integration der Solar-Finanzierung<\/title>\n<meta name=\"description\" content=\"Integrieren Sie die Sungage Finanzierung. Bieten Sie Ihren Kunden sofortige Kreditvorqualifikationen, niedrige monatliche Zahlungen und einfache Antr\u00e4ge.\" \/>\n<meta name=\"robots\" content=\"index, follow, max-snippet:-1, max-image-preview:large, max-video-preview:-1\" \/>\n<link rel=\"canonical\" href=\"https:\/\/www.opensolar.com\/de\/sungage\/\" \/>\n<meta property=\"og:locale\" content=\"de_DE\" \/>\n<meta property=\"og:type\" content=\"article\" \/>\n<meta property=\"og:title\" content=\"Sungage\" \/>\n<meta property=\"og:description\" content=\"Integrieren Sie die Sungage Finanzierung. Bieten Sie Ihren Kunden sofortige Kreditvorqualifikationen, niedrige monatliche Zahlungen und einfache Antr\u00e4ge.\" \/>\n<meta property=\"og:url\" content=\"https:\/\/www.opensolar.com\/de\/sungage\/\" \/>\n<meta property=\"og:site_name\" content=\"OpenSolar\" \/>\n<meta property=\"article:publisher\" content=\"https:\/\/www.facebook.com\/OpenSolarGlobal\/\" \/>\n<meta property=\"article:modified_time\" content=\"2025-08-21T17:41:47+00:00\" \/>\n<meta property=\"og:image\" content=\"https:\/\/i0.wp.com\/www.opensolar.com\/wp-content\/uploads\/2024\/07\/OpenSolar-logo-for-WP.png?fit=1200%2C675&quality=80&ssl=1\" \/>\n\t<meta property=\"og:image:width\" content=\"1200\" \/>\n\t<meta property=\"og:image:height\" content=\"675\" \/>\n\t<meta property=\"og:image:type\" content=\"image\/png\" \/>\n<meta name=\"twitter:card\" content=\"summary_large_image\" \/>\n<meta name=\"twitter:site\" content=\"@opensolar\" \/>\n<script type=\"application\/ld+json\" class=\"yoast-schema-graph\">{\"@context\":\"https:\/\/schema.org\",\"@graph\":[{\"@type\":\"WebPage\",\"@id\":\"https:\/\/www.opensolar.com\/de\/sungage\/\",\"url\":\"https:\/\/www.opensolar.com\/de\/sungage\/\",\"name\":\"OpenSolar & Sungage: Nahtlose Integration der Solar-Finanzierung\",\"isPartOf\":{\"@id\":\"https:\/\/www.opensolar.com\/de\/#website\"},\"datePublished\":\"2023-08-01T20:22:06+00:00\",\"dateModified\":\"2025-08-21T17:41:47+00:00\",\"description\":\"Integrieren Sie die Sungage Finanzierung. Bieten Sie Ihren Kunden sofortige Kreditvorqualifikationen, niedrige monatliche Zahlungen und einfache Antr\u00e4ge.\",\"breadcrumb\":{\"@id\":\"https:\/\/www.opensolar.com\/de\/sungage\/#breadcrumb\"},\"inLanguage\":\"de-DE\",\"potentialAction\":[{\"@type\":\"ReadAction\",\"target\":[\"https:\/\/www.opensolar.com\/de\/sungage\/\"]}]},{\"@type\":\"BreadcrumbList\",\"@id\":\"https:\/\/www.opensolar.com\/de\/sungage\/#breadcrumb\",\"itemListElement\":[{\"@type\":\"ListItem\",\"position\":1,\"name\":\"Home\",\"item\":\"https:\/\/www.opensolar.com\/de\/\"},{\"@type\":\"ListItem\",\"position\":2,\"name\":\"Sungage\"}]},{\"@type\":\"WebSite\",\"@id\":\"https:\/\/www.opensolar.com\/de\/#website\",\"url\":\"https:\/\/www.opensolar.com\/de\/\",\"name\":\"OpenSolar\",\"description\":\"Solar Design And Proposal Software\",\"publisher\":{\"@id\":\"https:\/\/www.opensolar.com\/de\/#organization\"},\"potentialAction\":[{\"@type\":\"SearchAction\",\"target\":{\"@type\":\"EntryPoint\",\"urlTemplate\":\"https:\/\/www.opensolar.com\/de\/?s={search_term_string}\"},\"query-input\":{\"@type\":\"PropertyValueSpecification\",\"valueRequired\":true,\"valueName\":\"search_term_string\"}}],\"inLanguage\":\"de-DE\"},{\"@type\":\"Organization\",\"@id\":\"https:\/\/www.opensolar.com\/de\/#organization\",\"name\":\"OpenSolar\",\"url\":\"https:\/\/www.opensolar.com\/de\/\",\"logo\":{\"@type\":\"ImageObject\",\"inLanguage\":\"de-DE\",\"@id\":\"https:\/\/www.opensolar.com\/de\/#\/schema\/logo\/image\/\",\"url\":\"https:\/\/www.opensolar.com\/wp-content\/uploads\/2026\/04\/OpenSolar-Horizontal-Color.svg\",\"contentUrl\":\"https:\/\/www.opensolar.com\/wp-content\/uploads\/2026\/04\/OpenSolar-Horizontal-Color.svg\",\"caption\":\"OpenSolar\"},\"image\":{\"@id\":\"https:\/\/www.opensolar.com\/de\/#\/schema\/logo\/image\/\"},\"sameAs\":[\"https:\/\/www.facebook.com\/OpenSolarGlobal\/\",\"https:\/\/x.com\/opensolar\",\"https:\/\/www.instagram.com\/open.solar\/\",\"https:\/\/www.linkedin.com\/company\/14522819\",\"https:\/\/www.youtube.com\/channel\/UCw3mdQ_ilIq9ZrPpCa_VOnA\/videos\"],\"description\":\"The world's leading solar design and proposal software. Free of charge so you're free to grow.\"}]}<\/script>\n<!-- \/ Yoast SEO Premium plugin. -->","yoast_head_json":{"title":"OpenSolar & Sungage: Nahtlose Integration der Solar-Finanzierung","description":"Integrieren Sie die Sungage Finanzierung. Bieten Sie Ihren Kunden sofortige Kreditvorqualifikationen, niedrige monatliche Zahlungen und einfache Antr\u00e4ge.","robots":{"index":"index","follow":"follow","max-snippet":"max-snippet:-1","max-image-preview":"max-image-preview:large","max-video-preview":"max-video-preview:-1"},"canonical":"https:\/\/www.opensolar.com\/de\/sungage\/","og_locale":"de_DE","og_type":"article","og_title":"Sungage","og_description":"Integrieren Sie die Sungage Finanzierung. Bieten Sie Ihren Kunden sofortige Kreditvorqualifikationen, niedrige monatliche Zahlungen und einfache Antr\u00e4ge.","og_url":"https:\/\/www.opensolar.com\/de\/sungage\/","og_site_name":"OpenSolar","article_publisher":"https:\/\/www.facebook.com\/OpenSolarGlobal\/","article_modified_time":"2025-08-21T17:41:47+00:00","og_image":[{"width":1200,"height":675,"url":"https:\/\/i0.wp.com\/www.opensolar.com\/wp-content\/uploads\/2024\/07\/OpenSolar-logo-for-WP.png?fit=1200%2C675&quality=80&ssl=1","type":"image\/png"}],"twitter_card":"summary_large_image","twitter_site":"@opensolar","schema":{"@context":"https:\/\/schema.org","@graph":[{"@type":"WebPage","@id":"https:\/\/www.opensolar.com\/de\/sungage\/","url":"https:\/\/www.opensolar.com\/de\/sungage\/","name":"OpenSolar & Sungage: Nahtlose Integration der Solar-Finanzierung","isPartOf":{"@id":"https:\/\/www.opensolar.com\/de\/#website"},"datePublished":"2023-08-01T20:22:06+00:00","dateModified":"2025-08-21T17:41:47+00:00","description":"Integrieren Sie die Sungage Finanzierung. Bieten Sie Ihren Kunden sofortige Kreditvorqualifikationen, niedrige monatliche Zahlungen und einfache Antr\u00e4ge.","breadcrumb":{"@id":"https:\/\/www.opensolar.com\/de\/sungage\/#breadcrumb"},"inLanguage":"de-DE","potentialAction":[{"@type":"ReadAction","target":["https:\/\/www.opensolar.com\/de\/sungage\/"]}]},{"@type":"BreadcrumbList","@id":"https:\/\/www.opensolar.com\/de\/sungage\/#breadcrumb","itemListElement":[{"@type":"ListItem","position":1,"name":"Home","item":"https:\/\/www.opensolar.com\/de\/"},{"@type":"ListItem","position":2,"name":"Sungage"}]},{"@type":"WebSite","@id":"https:\/\/www.opensolar.com\/de\/#website","url":"https:\/\/www.opensolar.com\/de\/","name":"OpenSolar","description":"Solar Design And Proposal Software","publisher":{"@id":"https:\/\/www.opensolar.com\/de\/#organization"},"potentialAction":[{"@type":"SearchAction","target":{"@type":"EntryPoint","urlTemplate":"https:\/\/www.opensolar.com\/de\/?s={search_term_string}"},"query-input":{"@type":"PropertyValueSpecification","valueRequired":true,"valueName":"search_term_string"}}],"inLanguage":"de-DE"},{"@type":"Organization","@id":"https:\/\/www.opensolar.com\/de\/#organization","name":"OpenSolar","url":"https:\/\/www.opensolar.com\/de\/","logo":{"@type":"ImageObject","inLanguage":"de-DE","@id":"https:\/\/www.opensolar.com\/de\/#\/schema\/logo\/image\/","url":"https:\/\/www.opensolar.com\/wp-content\/uploads\/2026\/04\/OpenSolar-Horizontal-Color.svg","contentUrl":"https:\/\/www.opensolar.com\/wp-content\/uploads\/2026\/04\/OpenSolar-Horizontal-Color.svg","caption":"OpenSolar"},"image":{"@id":"https:\/\/www.opensolar.com\/de\/#\/schema\/logo\/image\/"},"sameAs":["https:\/\/www.facebook.com\/OpenSolarGlobal\/","https:\/\/x.com\/opensolar","https:\/\/www.instagram.com\/open.solar\/","https:\/\/www.linkedin.com\/company\/14522819","https:\/\/www.youtube.com\/channel\/UCw3mdQ_ilIq9ZrPpCa_VOnA\/videos"],"description":"The world's leading solar design and proposal software. Free of charge so you're free to grow."}]}},"_links":{"self":[{"href":"https:\/\/www.opensolar.com\/de\/wp-json\/wp\/v2\/pages\/10022","targetHints":{"allow":["GET"]}}],"collection":[{"href":"https:\/\/www.opensolar.com\/de\/wp-json\/wp\/v2\/pages"}],"about":[{"href":"https:\/\/www.opensolar.com\/de\/wp-json\/wp\/v2\/types\/page"}],"author":[{"embeddable":true,"href":"https:\/\/www.opensolar.com\/de\/wp-json\/wp\/v2\/users\/3"}],"replies":[{"embeddable":true,"href":"https:\/\/www.opensolar.com\/de\/wp-json\/wp\/v2\/comments?post=10022"}],"version-history":[{"count":0,"href":"https:\/\/www.opensolar.com\/de\/wp-json\/wp\/v2\/pages\/10022\/revisions"}],"wp:attachment":[{"href":"https:\/\/www.opensolar.com\/de\/wp-json\/wp\/v2\/media?parent=10022"}],"curies":[{"name":"wp","href":"https:\/\/api.w.org\/{rel}","templated":true}]}}