{"id":10045,"date":"2025-01-15T06:44:33","date_gmt":"2025-01-15T06:44:33","guid":{"rendered":"https:\/\/www.opensolar.com\/parker-lane\/"},"modified":"2025-01-24T10:13:38","modified_gmt":"2025-01-24T10:13:38","slug":"parker-lane","status":"publish","type":"page","link":"https:\/\/www.opensolar.com\/de\/parker-lane\/","title":{"rendered":"Parker Lane"},"content":{"rendered":"<section id=\"hero-block_f31d5b9b3379093bf6a779aa4c505a00\" class=\"hero  light-mode background-bright-grey-200\" style=\"\">\n\t\t\t\t\t<div class=\"content-block-hero\">\n\t\t\t\t\t\t\t\t<div class=\"intro-text default\">\n\t\t\t\t\t\t\t\t\t\t\t<h1 class=\"motion-hero-headline blue-gradient light-mode\"><p>Parker Lane<\/p>\n<\/h1>\t\t\t\t\t\t<div class=\"motion-hero-sub-headline sub-headline light-mode\"><p>Durch die Integration von OpenSolar und Parker Lane erhalten Sie Zugang zu Australiens g\u00fcnstigstem Zahlungsplan f\u00fcr Solaranlagen, der vollst\u00e4ndig in Ihre Arbeitsabl\u00e4ufe bei der Planung und Angebotserstellung integriert ist.<\/p>\n<\/div>\t\t\t\t\t\t\t\t\t\t\t\t\t\t\t\t\t\t\t\t\t\t\t\t\t\t\t\t<div class=\"partnership\">\n\t\t\t\t\t\t\t<span>in partnership with<\/span>\n\t\t\t\t\t\t\t<img decoding=\"async\" src=\"https:\/\/i0.wp.com\/www.opensolar.com\/wp-content\/uploads\/2025\/01\/Parker-Lane-Logo_reversed-1.png?fit=513%2C67&#038;quality=80&#038;ssl=1\" alt=\"\" style=\"max-width: 200px !important;\" \/>\n\t\t\t\t\t\t\t\t\t<\/div>\n\t\t\t\t\t\t\t<\/div>\n\t\t<\/section><section id=\"side-by-side-block_2e106a791ef3b99982509aa0acad4535\" class=\"side-by-side light-mode  background-none\" style=\"\">\n\t<div class=\"side-by-side-content light-mode\">\n\t\t\t\t\t\t\t\t\t\t\t\t\t\t<div class=\"content-block-regular\">\n\t\t\t\t\t\t<div class=\"artwork-block artwork-right\">\n\t\t\t\t\t\t\t\t\t\t\t\t\t\t\t<figure class=\"squared\" style=\"position: relative;\">\n\t\t\t\t\t\t\t\t\t<img decoding=\"async\" src=\"https:\/\/i0.wp.com\/www.opensolar.com\/wp-content\/uploads\/2025\/01\/partner-art-parker-lane.png?fit=1200%2C1001&#038;quality=80&#038;ssl=1\" class=\"motion-artwork-base-side-by-side-block_2e106a791ef3b99982509aa0acad4535\" alt=\"\" style=\"z-index: 0;\" \/>\n\t\t\t\t\t\t\t\t\t\t\t\t\t\t\t\t\t\t<img decoding=\"async\" src=\"\" class=\"motion-artwork-layer1-side-by-side-block_2e106a791ef3b99982509aa0acad4535\" alt=\"\" style=\"z-index: 1; position: absolute; top: 0; left: 0;\" \/>\n\t\t\t\t\t\t\t\t<\/figure>\n\t\t\t\t\t\t\t\t\t\t\t\t\t\t\t\t\t\t\t\t\t\t\t\t\t\t\t\t<div class=\"text-space\">\n\t\t\t\t\t\t\t\t\t\t\t\t\t\t\t\t<h2 class=\"light-mode\"><p>Verlieren Sie nie wieder einen Verkauf<\/p>\n<\/h2>\t\t\t\t\t\t\t\t<div class=\"sub-headline light-mode\"><p>Erleichtern Sie sich den Zahlungsverkehr, denn es fallen keine H\u00e4ndlergeb\u00fchren an und Sie haben flexible Finanzierungsm\u00f6glichkeiten, die vollst\u00e4ndig in Ihren OpenSolar-Workflow integriert sind.<\/p>\n<\/div>\t\t\t\t\t\t\t\t<div class=\"text light-mode\"><ul>\n<li>Schlie\u00dfen Sie das Gesch\u00e4ft schnell ab mit den Parker Lane-Finanzierungsoptionen, die direkt in Ihrem OpenSolar-Angebot enthalten sind.<\/li>\n<li>Sparen Sie $10.000 pro Jahr durch den Wechsel zu OpenSolar<\/li>\n<li>Bieten Sie eine einfache Finanzierung ohne H\u00e4ndlergeb\u00fchren, engagierte Vertriebsunterst\u00fctzung und eine schnelle, einfache und flexible Finanzierung f\u00fcr Ihre Kunden.<\/li>\n<\/ul>\n<\/div>\t\t\t\t\t\t\t\t\t\t\t\t\t\t\t\t\t\t\t\t\t\t\t\t\t<div class=\"actions\">\n\t\t\t\t\t\t\t\t\t\t\t\t\t\t\t\t\t\t\t\t\t<div class=\"button\">\n\t\t\t\t\t\t\t\t\t\t\t\t<a href=\"#get-started\" target=\"_self\" class=\"button-sbs-filled\">\n\t\t\t\t\t\t\t\t\t\t\t\t\t<span>Los geht&#039;s<\/span>\n\t\t\t\t\t\t\t\t\t\t\t\t\t<svg xmlns=\"http:\/\/www.w3.org\/2000\/svg\" width=\"16\" height=\"16\" viewBox=\"0 0 16 16\" fill=\"none\">\n\t\t\t\t\t\t\t\t\t\t\t\t\t\t<path d=\"M6.66667 4.66675L10 8.00008L6.66667 11.3334\" stroke=\"#1751D0\" stroke-width=\"2\" stroke-linecap=\"round\" stroke-linejoin=\"round\"\/>\n\t\t\t\t\t\t\t\t\t\t\t\t\t<\/svg>\n\t\t\t\t\t\t\t\t\t\t\t\t<\/a>\n\t\t\t\t\t\t\t\t\t\t\t\t\t\t\t\t\t\t\t\t\t\t\t<\/div>\n\t\t\t\t\t\t\t\t\t\t\t\t\t\t\t\t\t\t\t\t\t\t\t\t\t\t\t\t\t<\/div>\n\t\t\t\t\t\t\t\t\t\t\t\t\t\t\t<\/div>\n\t\t\t\t\t\t<\/div>\n\t\t\t\t\t<\/div>\n\t\t\t\t\t\t\t\t\t\t\t\t\t\t\t\t\t\t\t\t\t\t<\/div>\n<\/section>\n<section id=\"grid-block_fd353337cda94f6140c5c4b73db82dea\" class=\"grid motion-grid-block light-mode background-bright-grey-200\" style=\"\">\n\t\t\t\t\t\t\t\t\t\t\t\t<div class=\"cards default no-top-margin\">\n\t\t\t\t\t\t\t\t\t\t\t\t\t\t\t\t\t\t\t\t\t\t\t\t\t<div class=\"card card-grid-block_fd353337cda94f6140c5c4b73db82dea-1 card-style-default card-container-padded \" style=\"  \">\n\t\t\t\t\t\t\t\t\t\t\t\t\t\t\t\t\t\t\t\t\t\t\t\t\t\t\t\t<div class=\"icon\">\n\t\t\t\t\t\t\t\t\t<figure>\n\t\t\t\t\t\t\t\t\t\t<img loading=\"lazy\" decoding=\"async\" width=\"96\" height=\"96\" src=\"https:\/\/i0.wp.com\/www.opensolar.com\/wp-content\/uploads\/2025\/01\/icon-percent.png?fit=96%2C96&amp;quality=80&amp;ssl=1\" class=\"attachment-full size-full\" alt=\"\" \/>\t\t\t\t\t\t\t\t\t<\/figure>\n\t\t\t\t\t\t\t\t<\/div>\n\t\t\t\t\t\t\t\t\t\t\t\t\t\t\t\t\t\t\t\t\t\t\t\t\t\t\t\t\t\t\t\t\t\t\t\t\t\t\t\t\t\t\t\t\t<div class=\"headline light-mode\">Von 5.54%<\/div>\n\t\t\t\t\t\t\t\t\t\t\t\t\t\t\t\t\t\t\t\t\t\t\t\t\t\t\t\t\t\t<div class=\"text light-mode\"><p>Variabler Zinssatz, der niedriger ist als eine Hypothek, ab 5,54% p.a. (Vergleichssatz: 6,79% p.a.)<\/p>\n<\/div>\t\t\t\t\t\t\t\t\t\t\t\t\t\t\t\t\t\t\t\t\t\t\t\t\t\t\t\t\t\t\t\t\t\t\t\t\t\t\t\t\t\t\t\t\t\t\t\t\t\t\t\t\t\t\t\t\t\t\t\t\t\t\t\t\t\t\t\t\t\t\t\t\t\t\t\t\t\t\t\t\t\t\t\t\t\t\t\t\t\t\t\t\t\t\t\t\t\t\t\t\t\t\t\t\t\t<\/div>\n\t\t\t\t\t\t\t\t\t\t\t\t\t\t\t\t\t\t\t\t\t\t\t\t\t\t\t\t\t\t\t\t\t\t\t\t\t\t\t\t<div class=\"card card-grid-block_fd353337cda94f6140c5c4b73db82dea-2 card-style-default card-container-padded \" style=\"  \">\n\t\t\t\t\t\t\t\t\t\t\t\t\t\t\t\t\t\t\t\t\t\t\t\t\t\t\t\t<div class=\"icon\">\n\t\t\t\t\t\t\t\t\t<figure>\n\t\t\t\t\t\t\t\t\t\t<img loading=\"lazy\" decoding=\"async\" width=\"96\" height=\"97\" src=\"https:\/\/i0.wp.com\/www.opensolar.com\/wp-content\/uploads\/2025\/01\/icon-hourglass.png?fit=96%2C97&amp;quality=80&amp;ssl=1\" class=\"attachment-full size-full\" alt=\"\" \/>\t\t\t\t\t\t\t\t\t<\/figure>\n\t\t\t\t\t\t\t\t<\/div>\n\t\t\t\t\t\t\t\t\t\t\t\t\t\t\t\t\t\t\t\t\t\t\t\t\t\t\t\t\t\t\t\t\t\t\t\t\t\t\t\t\t\t\t\t\t<div class=\"headline light-mode\">1-10 Jahre<\/div>\n\t\t\t\t\t\t\t\t\t\t\t\t\t\t\t\t\t\t\t\t\t\t\t\t\t\t\t\t\t\t<div class=\"text light-mode\"><p>Bieten Sie Ihren Kunden einen R\u00fcckzahlungszeitraum an, der zu ihnen passt. Sie k\u00f6nnen ihr Darlehen innerhalb von einem bis zu zehn Jahren zur\u00fcckzahlen. <\/p>\n<\/div>\t\t\t\t\t\t\t\t\t\t\t\t\t\t\t\t\t\t\t\t\t\t\t\t\t\t\t\t\t\t\t\t\t\t\t\t\t\t\t\t\t\t\t\t\t\t\t\t\t\t\t\t\t\t\t\t\t\t\t\t\t\t\t\t\t\t\t\t\t\t\t\t\t\t\t\t\t\t\t\t\t\t\t\t\t\t\t\t\t\t\t\t\t\t\t\t\t\t\t\t\t\t\t\t\t\t<\/div>\n\t\t\t\t\t\t\t\t\t\t\t\t\t\t\t\t\t\t\t\t\t\t\t\t\t\t\t\t\t\t\t\t\t\t\t\t\t\t\t\t<div class=\"card card-grid-block_fd353337cda94f6140c5c4b73db82dea-3 card-style-default card-container-padded \" style=\"  \">\n\t\t\t\t\t\t\t\t\t\t\t\t\t\t\t\t\t\t\t\t\t\t\t\t\t\t\t\t<div class=\"icon\">\n\t\t\t\t\t\t\t\t\t<figure>\n\t\t\t\t\t\t\t\t\t\t<img loading=\"lazy\" decoding=\"async\" width=\"96\" height=\"97\" src=\"https:\/\/i0.wp.com\/www.opensolar.com\/wp-content\/uploads\/2025\/01\/icon-account_balance.png?fit=96%2C97&amp;quality=80&amp;ssl=1\" class=\"attachment-full size-full\" alt=\"\" \/>\t\t\t\t\t\t\t\t\t<\/figure>\n\t\t\t\t\t\t\t\t<\/div>\n\t\t\t\t\t\t\t\t\t\t\t\t\t\t\t\t\t\t\t\t\t\t\t\t\t\t\t\t\t\t\t\t\t\t\t\t\t\t\t\t\t\t\t\t\t<div class=\"headline light-mode\">Bis zu $100.000<\/div>\n\t\t\t\t\t\t\t\t\t\t\t\t\t\t\t\t\t\t\t\t\t\t\t\t\t\t\t\t\t\t<div class=\"text light-mode\"><p>Leihen Sie sich $1.000 bis zu $100.000, ohne dass Sie Ihr Haus verpf\u00e4nden m\u00fcssen.<\/p>\n<\/div>\t\t\t\t\t\t\t\t\t\t\t\t\t\t\t\t\t\t\t\t\t\t\t\t\t\t\t\t\t\t\t\t\t\t\t\t\t\t\t\t\t\t\t\t\t\t\t\t\t\t\t\t\t\t\t\t\t\t\t\t\t\t\t\t\t\t\t\t\t\t\t\t\t\t\t\t\t\t\t\t\t\t\t\t\t\t\t\t\t\t\t\t\t\t\t\t\t\t\t\t\t\t\t\t\t\t<\/div>\n\t\t\t\t\t\t\t\t\t\t\t\t\t\t\t\t\t\t\t\t<\/div>\n\t\t\t\t\t\t\t\t\t<\/section><section id=\"get-started\" class=\"one-column bs-h-regular bs-tp-none bs-sp-regular bs-bp-regular light-mode  background-none\" style=\"\">\n\t<div class=\"block-style-center\">\n\t\t\t\t\t<header>\n\t\t\t\t\t\t\t\t\t\t\t\t<h2 id=\"get-started-h2\" class=\"black one-column-headline light-mode\"><p>M\u00f6chten Sie mehr erfahren?<\/p>\n<\/h2>\t\t\t\t<div class=\"subtext light-mode\"><p>F\u00fcllen Sie das untenstehende Formular aus und ein Mitglied unseres Teams wird sich mit weiteren Informationen zu dieser Integration bei Ihnen melden.<\/p>\n<\/div>\t\t\t<\/header>\n\t\t\t\t<div class=\"center-column\">\n\t\t\t\t\t\t\t\t\t\t\t\t\t\t\t\t\t\t<div class=\"code light-mode\">\n\t\t\t\t\t\t\t<script charset=\"utf-8\" type=\"text\/javascript\" src=\"\/\/js.hsforms.net\/forms\/embed\/v2.js\"><\/script>\n\t\t\t\t\t\t\t<script>\n\t\t\t\t\t\t\t  hbspt.forms.create({\n\t\t\t\t\t\t\t\tregion: \"na1\",\n\t\t\t\t\t\t\t\tportalId: \"21246721\",\n\t\t\t\t\t\t\t\tformId: \"4ff22143-c2b3-4548-8a5d-a7e89310272e\"\n\t\t\t\t\t\t\t  });\n\t\t\t\t\t\t\t<\/script>\n\t\t\t\t\t\t<\/div>\n\t\t\t\t\t\t\t\t\t\t\t\t\t\t<\/div>\n\t<\/div>\n<\/section><section id=\"one-column-block_a8ab7a10b65b1a341a6ef7918229fc6d\" class=\"one-column bs-h-regular bs-tp-none bs-sp-regular bs-bp-regular light-mode  background-none\" style=\"\">\n\t<div class=\"block-style-headline-left block-style-contained\">\n\t\t\t\t\t<header>\n\t\t\t\t\t\t\t\t\t\t\t\t<h2 id=\"one-column-block_a8ab7a10b65b1a341a6ef7918229fc6d-h2\" class=\"black one-column-headline light-mode\"><p>FAQs<\/p>\n<\/h2>\t\t\t\t<div class=\"subtext light-mode\"><p>Willkommen in unserem FAQ-Bereich, in dem wir Antworten auf die h\u00e4ufigsten Fragen zusammengestellt haben, um Ihnen einen reibungslosen Ablauf zu erm\u00f6glichen. Ganz gleich, ob Sie sich f\u00fcr unsere Dienstleistungen oder Prozesse interessieren oder schnelle L\u00f6sungen ben\u00f6tigen, hier finden Sie klare und pr\u00e4zise Antworten. Wenn Ihre Frage nicht aufgef\u00fchrt ist, k\u00f6nnen Sie sich gerne an uns wenden &#8211; wir helfen Ihnen gerne weiter!  <\/p>\n<\/div>\t\t\t<\/header>\n\t\t\t\t<div class=\"center-column\">\n\t\t\t\t\t\t\t\t\t\t\t\t\t\t\t\t\t\t<div class=\"accordions\">\n\t\t\t\t\t\t\t\t\t\t\t\t\t\t\t\t\t\t\t\t\t\t\t\t<div class=\"accordion\">\n\t\t\t\t\t\t\t\t\t\t<div class=\"opener\">\n\t\t\t\t\t\t\t\t\t\t\t<div class=\"label\">Wer ist Parker Lane?<\/div>\n\t\t\t\t\t\t\t\t\t\t\t<div class=\"icon\">\n\t\t\t\t\t\t\t\t\t\t\t\t<svg xmlns=\"http:\/\/www.w3.org\/2000\/svg\" width=\"24\" height=\"24\" viewBox=\"0 0 24 24\" fill=\"none\">\n\t\t\t\t\t\t\t\t\t\t\t\t  <path d=\"M11.9969 4.7998L11.9969 19.1998M19.1969 11.9998L4.79688 11.9998\" stroke=\"#0A090B\" stroke-width=\"2\" stroke-linecap=\"round\"\/>\n\t\t\t\t\t\t\t\t\t\t\t\t<\/svg>\n\t\t\t\t\t\t\t\t\t\t\t<\/div>\n\t\t\t\t\t\t\t\t\t\t<\/div>\n\t\t\t\t\t\t\t\t\t\t<div class=\"closer\">\n\t\t\t\t\t\t\t\t\t\t\t<div class=\"description\"><p>Parker Lane ist eine preisgekr\u00f6nte Kreditplattform, die daf\u00fcr bekannt ist, dass sie Australiens g\u00fcnstigste Zahlungspl\u00e4ne f\u00fcr Solaranlagen anbietet, um Solarspezialisten dabei zu helfen, mehr Gesch\u00e4fte zu machen, ihre Gewinnspanne aufrechtzuerhalten und ein 5-Sterne-Kundenerlebnis zu bieten.<\/p>\n<p>Ihr engagierter Vertriebsunterst\u00fctzungsservice ist auf die Bed\u00fcrfnisse von Solarunternehmen ausgerichtet und mit unserer Open Solar-Integration ist es jetzt noch einfacher, Ihre Produkte als extrem niedrige monatliche Raten zu pr\u00e4sentieren.<\/p>\n<p><a href=\"https:\/\/www.parkerlane.com.au\/\" target=\"_blank\" rel=\"noopener\">Erfahren Sie mehr<\/a> \u00fcber Parker Lane.<\/p>\n<\/div>\n\t\t\t\t\t\t\t\t\t\t<\/div>\n\t\t\t\t\t\t\t\t\t<\/div>\n\t\t\t\t\t\t\t\t\t\t\t\t\t\t\t\t\t<div class=\"accordion\">\n\t\t\t\t\t\t\t\t\t\t<div class=\"opener\">\n\t\t\t\t\t\t\t\t\t\t\t<div class=\"label\">Wer ist OpenSolar?<\/div>\n\t\t\t\t\t\t\t\t\t\t\t<div class=\"icon\">\n\t\t\t\t\t\t\t\t\t\t\t\t<svg xmlns=\"http:\/\/www.w3.org\/2000\/svg\" width=\"24\" height=\"24\" viewBox=\"0 0 24 24\" fill=\"none\">\n\t\t\t\t\t\t\t\t\t\t\t\t  <path d=\"M11.9969 4.7998L11.9969 19.1998M19.1969 11.9998L4.79688 11.9998\" stroke=\"#0A090B\" stroke-width=\"2\" stroke-linecap=\"round\"\/>\n\t\t\t\t\t\t\t\t\t\t\t\t<\/svg>\n\t\t\t\t\t\t\t\t\t\t\t<\/div>\n\t\t\t\t\t\t\t\t\t\t<\/div>\n\t\t\t\t\t\t\t\t\t\t<div class=\"closer\">\n\t\t\t\t\t\t\t\t\t\t\t<div class=\"description\"><p>OpenSolar ist eine erstklassige Planungs- und Angebotssoftware, die Installateuren und ihren Kunden v\u00f6llig kostenlos zur Verf\u00fcgung steht. OpenSolar verfolgt das Ziel, die Akzeptanz von Solarenergie weltweit zu beschleunigen und arbeitet mit: <\/p>\n<ul>\n<li aria-level=\"1\">keine Lizenz- oder Abonnementgeb\u00fchren<\/li>\n<li aria-level=\"1\">keine Sitzplatzbegrenzung<\/li>\n<li aria-level=\"1\">keine Designkappen<\/li>\n<li aria-level=\"1\">keine langwierigen Vertr\u00e4ge<\/li>\n<\/ul>\n<p>OpenSolar ist kostenlos, so dass Sie frei sind zu wachsen. <a href=\"https:\/\/www.opensolar.com\/\" target=\"_blank\" rel=\"noopener\">Erfahren Sie mehr<\/a> \u00fcber OpenSolar.<\/p>\n<\/div>\n\t\t\t\t\t\t\t\t\t\t<\/div>\n\t\t\t\t\t\t\t\t\t<\/div>\n\t\t\t\t\t\t\t\t\t\t\t\t\t\t\t\t\t<div class=\"accordion\">\n\t\t\t\t\t\t\t\t\t\t<div class=\"opener\">\n\t\t\t\t\t\t\t\t\t\t\t<div class=\"label\">Was bedeutet das f\u00fcr mich?<\/div>\n\t\t\t\t\t\t\t\t\t\t\t<div class=\"icon\">\n\t\t\t\t\t\t\t\t\t\t\t\t<svg xmlns=\"http:\/\/www.w3.org\/2000\/svg\" width=\"24\" height=\"24\" viewBox=\"0 0 24 24\" fill=\"none\">\n\t\t\t\t\t\t\t\t\t\t\t\t  <path d=\"M11.9969 4.7998L11.9969 19.1998M19.1969 11.9998L4.79688 11.9998\" stroke=\"#0A090B\" stroke-width=\"2\" stroke-linecap=\"round\"\/>\n\t\t\t\t\t\t\t\t\t\t\t\t<\/svg>\n\t\t\t\t\t\t\t\t\t\t\t<\/div>\n\t\t\t\t\t\t\t\t\t\t<\/div>\n\t\t\t\t\t\t\t\t\t\t<div class=\"closer\">\n\t\t\t\t\t\t\t\t\t\t\t<div class=\"description\"><p>Wenn Sie Ihren Kunden die Parker Lane-Finanzierung anbieten, kaufen sie eher das System, das sie brauchen, als das System, das sie sich gerade leisten k\u00f6nnen. Das bedeutet, dass Sie h\u00e4ufiger gr\u00f6\u00dfere Gesch\u00e4fte mit h\u00f6heren Auszahlungen abschlie\u00dfen k\u00f6nnen. Mit Parker Lane auf OpenSolar k\u00f6nnen Sie die wettbewerbsf\u00e4higen Finanzierungsoptionen von Parker Lane direkt in Ihr OpenSolar-Angebot aufnehmen. OpenSolar macht es Ihnen leicht, Finanzierungen anzubieten &#8211; ohne manuelle Dateneingabe, mit Selbstbedienungsbenachrichtigungen, automatischen Tarif- und Produktaktualisierungen und vielem mehr. <\/p>\n<\/div>\n\t\t\t\t\t\t\t\t\t\t<\/div>\n\t\t\t\t\t\t\t\t\t<\/div>\n\t\t\t\t\t\t\t\t\t\t\t\t\t\t\t\t\t<div class=\"accordion\">\n\t\t\t\t\t\t\t\t\t\t<div class=\"opener\">\n\t\t\t\t\t\t\t\t\t\t\t<div class=\"label\">Wie kann ich das ausnutzen?<\/div>\n\t\t\t\t\t\t\t\t\t\t\t<div class=\"icon\">\n\t\t\t\t\t\t\t\t\t\t\t\t<svg xmlns=\"http:\/\/www.w3.org\/2000\/svg\" width=\"24\" height=\"24\" viewBox=\"0 0 24 24\" fill=\"none\">\n\t\t\t\t\t\t\t\t\t\t\t\t  <path d=\"M11.9969 4.7998L11.9969 19.1998M19.1969 11.9998L4.79688 11.9998\" stroke=\"#0A090B\" stroke-width=\"2\" stroke-linecap=\"round\"\/>\n\t\t\t\t\t\t\t\t\t\t\t\t<\/svg>\n\t\t\t\t\t\t\t\t\t\t\t<\/div>\n\t\t\t\t\t\t\t\t\t\t<\/div>\n\t\t\t\t\t\t\t\t\t\t<div class=\"closer\">\n\t\t\t\t\t\t\t\t\t\t\t<div class=\"description\"><p>Wenn Sie mehr \u00fcber Parker Lane auf OpenSolar erfahren m\u00f6chten, f\u00fcllen Sie das obige Formular aus, und ein Mitglied unseres Teams wird sich mit Ihnen in Verbindung setzen.<\/p>\n<\/div>\n\t\t\t\t\t\t\t\t\t\t<\/div>\n\t\t\t\t\t\t\t\t\t<\/div>\n\t\t\t\t\t\t\t\t\t\t\t\t\t\t\t\t\t\t\t\t\t<\/div>\n\t\t\t\t\t\t<script>\n\t\t\t\t\t\t\t$(document).ready(function(){\n\t\t\t\t\t\t\t\t$(\".accordion .opener\").click(function(){\n\t\t\t\t\t\t\t\t\t\t$(this).siblings(\".closer\").toggle();\n\t\t\t\t\t\t\t\t\t\t$(this).find(\".icon\").toggleClass('active');\n\t\t\t\t\t\t\t\t});\n\t\t\t\t\t\t\t});\n\t\t\t\t\t\t<\/script>\n\t\t\t\t\t\t\t\t\t\t\t\t\t\t<\/div>\n\t<\/div>\n<\/section>","protected":false},"excerpt":{"rendered":"","protected":false},"author":7,"featured_media":0,"parent":0,"menu_order":0,"comment_status":"closed","ping_status":"closed","template":"","meta":{"_acf_changed":false,"footnotes":""},"class_list":["post-10045","page","type-page","status-publish","hentry"],"acf":[],"yoast_head":"<!-- This site is optimized with the Yoast SEO Premium plugin v26.6 (Yoast SEO v26.6) - https:\/\/yoast.com\/wordpress\/plugins\/seo\/ -->\n<title>Parker Lane | OpenSolar<\/title>\n<meta name=\"robots\" content=\"index, follow, max-snippet:-1, max-image-preview:large, max-video-preview:-1\" \/>\n<link rel=\"canonical\" href=\"https:\/\/www.opensolar.com\/de\/parker-lane\/\" \/>\n<meta property=\"og:locale\" content=\"de_DE\" \/>\n<meta property=\"og:type\" content=\"article\" \/>\n<meta property=\"og:title\" content=\"Parker Lane\" \/>\n<meta property=\"og:url\" content=\"https:\/\/www.opensolar.com\/de\/parker-lane\/\" \/>\n<meta property=\"og:site_name\" content=\"OpenSolar\" \/>\n<meta property=\"article:publisher\" content=\"https:\/\/www.facebook.com\/OpenSolarGlobal\/\" \/>\n<meta property=\"article:modified_time\" content=\"2025-01-24T10:13:38+00:00\" \/>\n<meta property=\"og:image\" content=\"https:\/\/i0.wp.com\/www.opensolar.com\/wp-content\/uploads\/2024\/07\/OpenSolar-logo-for-WP.png?fit=1200%2C675&quality=80&ssl=1\" \/>\n\t<meta property=\"og:image:width\" content=\"1200\" \/>\n\t<meta property=\"og:image:height\" content=\"675\" \/>\n\t<meta property=\"og:image:type\" content=\"image\/png\" \/>\n<meta name=\"twitter:card\" content=\"summary_large_image\" \/>\n<meta name=\"twitter:site\" content=\"@opensolar\" \/>\n<script type=\"application\/ld+json\" class=\"yoast-schema-graph\">{\"@context\":\"https:\/\/schema.org\",\"@graph\":[{\"@type\":\"WebPage\",\"@id\":\"https:\/\/www.opensolar.com\/de\/parker-lane\/\",\"url\":\"https:\/\/www.opensolar.com\/de\/parker-lane\/\",\"name\":\"Parker Lane | OpenSolar\",\"isPartOf\":{\"@id\":\"https:\/\/www.opensolar.com\/de\/#website\"},\"datePublished\":\"2025-01-15T06:44:33+00:00\",\"dateModified\":\"2025-01-24T10:13:38+00:00\",\"breadcrumb\":{\"@id\":\"https:\/\/www.opensolar.com\/de\/parker-lane\/#breadcrumb\"},\"inLanguage\":\"de-DE\",\"potentialAction\":[{\"@type\":\"ReadAction\",\"target\":[\"https:\/\/www.opensolar.com\/de\/parker-lane\/\"]}]},{\"@type\":\"BreadcrumbList\",\"@id\":\"https:\/\/www.opensolar.com\/de\/parker-lane\/#breadcrumb\",\"itemListElement\":[{\"@type\":\"ListItem\",\"position\":1,\"name\":\"Home\",\"item\":\"https:\/\/www.opensolar.com\/de\/\"},{\"@type\":\"ListItem\",\"position\":2,\"name\":\"Parker Lane\"}]},{\"@type\":\"WebSite\",\"@id\":\"https:\/\/www.opensolar.com\/de\/#website\",\"url\":\"https:\/\/www.opensolar.com\/de\/\",\"name\":\"OpenSolar\",\"description\":\"Solar Design And Proposal Software\",\"publisher\":{\"@id\":\"https:\/\/www.opensolar.com\/de\/#organization\"},\"potentialAction\":[{\"@type\":\"SearchAction\",\"target\":{\"@type\":\"EntryPoint\",\"urlTemplate\":\"https:\/\/www.opensolar.com\/de\/?s={search_term_string}\"},\"query-input\":{\"@type\":\"PropertyValueSpecification\",\"valueRequired\":true,\"valueName\":\"search_term_string\"}}],\"inLanguage\":\"de-DE\"},{\"@type\":\"Organization\",\"@id\":\"https:\/\/www.opensolar.com\/de\/#organization\",\"name\":\"OpenSolar\",\"url\":\"https:\/\/www.opensolar.com\/de\/\",\"logo\":{\"@type\":\"ImageObject\",\"inLanguage\":\"de-DE\",\"@id\":\"https:\/\/www.opensolar.com\/de\/#\/schema\/logo\/image\/\",\"url\":\"https:\/\/www.opensolar.com\/wp-content\/uploads\/2026\/03\/OpenSolar-Horizontal-Color.svg\",\"contentUrl\":\"https:\/\/www.opensolar.com\/wp-content\/uploads\/2026\/03\/OpenSolar-Horizontal-Color.svg\",\"caption\":\"OpenSolar\"},\"image\":{\"@id\":\"https:\/\/www.opensolar.com\/de\/#\/schema\/logo\/image\/\"},\"sameAs\":[\"https:\/\/www.facebook.com\/OpenSolarGlobal\/\",\"https:\/\/x.com\/opensolar\",\"https:\/\/www.instagram.com\/open.solar\/\",\"https:\/\/www.linkedin.com\/company\/14522819\",\"https:\/\/www.youtube.com\/channel\/UCw3mdQ_ilIq9ZrPpCa_VOnA\/videos\"],\"description\":\"The world's leading solar design and proposal software. Free of charge so you're free to grow.\"}]}<\/script>\n<!-- \/ Yoast SEO Premium plugin. -->","yoast_head_json":{"title":"Parker Lane | OpenSolar","robots":{"index":"index","follow":"follow","max-snippet":"max-snippet:-1","max-image-preview":"max-image-preview:large","max-video-preview":"max-video-preview:-1"},"canonical":"https:\/\/www.opensolar.com\/de\/parker-lane\/","og_locale":"de_DE","og_type":"article","og_title":"Parker Lane","og_url":"https:\/\/www.opensolar.com\/de\/parker-lane\/","og_site_name":"OpenSolar","article_publisher":"https:\/\/www.facebook.com\/OpenSolarGlobal\/","article_modified_time":"2025-01-24T10:13:38+00:00","og_image":[{"width":1200,"height":675,"url":"https:\/\/i0.wp.com\/www.opensolar.com\/wp-content\/uploads\/2024\/07\/OpenSolar-logo-for-WP.png?fit=1200%2C675&quality=80&ssl=1","type":"image\/png"}],"twitter_card":"summary_large_image","twitter_site":"@opensolar","schema":{"@context":"https:\/\/schema.org","@graph":[{"@type":"WebPage","@id":"https:\/\/www.opensolar.com\/de\/parker-lane\/","url":"https:\/\/www.opensolar.com\/de\/parker-lane\/","name":"Parker Lane | OpenSolar","isPartOf":{"@id":"https:\/\/www.opensolar.com\/de\/#website"},"datePublished":"2025-01-15T06:44:33+00:00","dateModified":"2025-01-24T10:13:38+00:00","breadcrumb":{"@id":"https:\/\/www.opensolar.com\/de\/parker-lane\/#breadcrumb"},"inLanguage":"de-DE","potentialAction":[{"@type":"ReadAction","target":["https:\/\/www.opensolar.com\/de\/parker-lane\/"]}]},{"@type":"BreadcrumbList","@id":"https:\/\/www.opensolar.com\/de\/parker-lane\/#breadcrumb","itemListElement":[{"@type":"ListItem","position":1,"name":"Home","item":"https:\/\/www.opensolar.com\/de\/"},{"@type":"ListItem","position":2,"name":"Parker Lane"}]},{"@type":"WebSite","@id":"https:\/\/www.opensolar.com\/de\/#website","url":"https:\/\/www.opensolar.com\/de\/","name":"OpenSolar","description":"Solar Design And Proposal Software","publisher":{"@id":"https:\/\/www.opensolar.com\/de\/#organization"},"potentialAction":[{"@type":"SearchAction","target":{"@type":"EntryPoint","urlTemplate":"https:\/\/www.opensolar.com\/de\/?s={search_term_string}"},"query-input":{"@type":"PropertyValueSpecification","valueRequired":true,"valueName":"search_term_string"}}],"inLanguage":"de-DE"},{"@type":"Organization","@id":"https:\/\/www.opensolar.com\/de\/#organization","name":"OpenSolar","url":"https:\/\/www.opensolar.com\/de\/","logo":{"@type":"ImageObject","inLanguage":"de-DE","@id":"https:\/\/www.opensolar.com\/de\/#\/schema\/logo\/image\/","url":"https:\/\/www.opensolar.com\/wp-content\/uploads\/2026\/03\/OpenSolar-Horizontal-Color.svg","contentUrl":"https:\/\/www.opensolar.com\/wp-content\/uploads\/2026\/03\/OpenSolar-Horizontal-Color.svg","caption":"OpenSolar"},"image":{"@id":"https:\/\/www.opensolar.com\/de\/#\/schema\/logo\/image\/"},"sameAs":["https:\/\/www.facebook.com\/OpenSolarGlobal\/","https:\/\/x.com\/opensolar","https:\/\/www.instagram.com\/open.solar\/","https:\/\/www.linkedin.com\/company\/14522819","https:\/\/www.youtube.com\/channel\/UCw3mdQ_ilIq9ZrPpCa_VOnA\/videos"],"description":"The world's leading solar design and proposal software. Free of charge so you're free to grow."}]}},"_links":{"self":[{"href":"https:\/\/www.opensolar.com\/de\/wp-json\/wp\/v2\/pages\/10045","targetHints":{"allow":["GET"]}}],"collection":[{"href":"https:\/\/www.opensolar.com\/de\/wp-json\/wp\/v2\/pages"}],"about":[{"href":"https:\/\/www.opensolar.com\/de\/wp-json\/wp\/v2\/types\/page"}],"author":[{"embeddable":true,"href":"https:\/\/www.opensolar.com\/de\/wp-json\/wp\/v2\/users\/7"}],"replies":[{"embeddable":true,"href":"https:\/\/www.opensolar.com\/de\/wp-json\/wp\/v2\/comments?post=10045"}],"version-history":[{"count":0,"href":"https:\/\/www.opensolar.com\/de\/wp-json\/wp\/v2\/pages\/10045\/revisions"}],"wp:attachment":[{"href":"https:\/\/www.opensolar.com\/de\/wp-json\/wp\/v2\/media?parent=10045"}],"curies":[{"name":"wp","href":"https:\/\/api.w.org\/{rel}","templated":true}]}}