{"id":12369,"date":"2024-11-05T19:05:40","date_gmt":"2024-11-05T19:05:40","guid":{"rendered":"https:\/\/www.opensolar.com\/solarindustrie\/"},"modified":"2025-09-26T12:40:18","modified_gmt":"2025-09-26T12:40:18","slug":"solarindustrie","status":"publish","type":"page","link":"https:\/\/www.opensolar.com\/de\/solarindustrie\/","title":{"rendered":"Solarindustrie"},"content":{"rendered":"<section id=\"hero-block_55a659f331449943691aaf6ef2a8c182\" class=\"hero  light-mode background-bright-grey-200\" style=\"\">\n\t\t\t\t\t<div class=\"content-block-hero\">\n\t\t\t\t\t\t\t\t<div class=\"intro-text default\">\n\t\t\t\t\t\t\t\t\t\t\t<h1 class=\"motion-hero-headline blue-gradient light-mode\"><p>Solarindustrie<\/p>\n<\/h1>\t\t\t\t\t\t<div class=\"motion-hero-sub-headline sub-headline light-mode\"><p>Entdecken Sie, wie Daten, Politik und Innovation die Solarbranche pr\u00e4gen<\/p>\n<\/div>\t\t\t\t\t\t\t\t\t\t\t\t\t\t\t\t\t\t\t\t\t\t\t\t\t\t<\/div>\n\t\t\t\t\t\t\t\t\t<div class=\"hero-breadcrumb\">\n\t\t\t\t\t\t<div class=\"hero-breadcrumb-content\">\n\t\t\t\t\t\t\t<a href=\"https:\/\/www.opensolar.com\/our-story\/\" target=\"_self\">About<\/a><span>&gt;<\/span>\t\t\t\t\t\t\t\t\t\t\t\t\t\tSolarindustrie\t\t\t\t\t\t<\/div>\n\t\t\t\t\t<\/div>\n\t\t\t\t\t\t\t<\/div>\n\t\t<\/section><section id=\"side-by-side-block_c73228de0f0b026b13bc3f5029a17def\" class=\"side-by-side light-mode  background-none\" style=\"\">\n\t<div class=\"side-by-side-content light-mode\">\n\t\t\t\t\t\t\t\t\t\t\t\t\t\t<div class=\"content-block-regular\">\n\t\t\t\t\t\t<div class=\"artwork-block artwork-left\">\n\t\t\t\t\t\t\t\t\t\t\t\t\t\t\t\t\t\t\t\t\t\t<div class=\"video\">\n\t\t\t\t\t\t\t\t\t<div class=\"video-container\"><iframe src=\"https:\/\/www.youtube.com\/embed\/S9VvXzvffq8\" frameborder=\"0\" allowfullscreen><\/iframe><\/div>\n\t\t\t\t\t\t\t\t\t\t\t\t\t\t\t\t\t<\/div>\n\t\t\t\t\t\t\t\t\t\t\t\t\t\t\t\t\t\t\t\t\t<div class=\"text-space\">\n\t\t\t\t\t\t\t\t\t\t\t\t\t\t\t\t\t\t\t\t\t\t\t\t\t\t\t\t\t\t\t\t<div class=\"text light-mode\"><p>Unser CEO und Mitbegr\u00fcnder <a href=\"https:\/\/www.ebirchy.com\/about-andrew-birch\" target=\"_blank\" rel=\"noopener\">Andrew Birch<\/a> (&#8222;Birchy&#8220;) hat ein Modell entwickelt, das uns hilft zu verstehen, wie sich die Solarbranche in diesem, dem Solarjahrzehnt 2025 bis 2035, entwickeln und wachsen wird.<\/p>\n<p>Das Modell sagt voraus, dass in den kommenden zehn Jahren Billionen von Dollar (ja, Billionen) den Besitzer wechseln werden, wenn sich die Elektrifizierung der Welt beschleunigt.<\/p>\n<p>Der Schl\u00fcssel zur Verwirklichung einer elektrifizierten Welt ist die Schaffung gleicher Wettbewerbsbedingungen f\u00fcr die Solarenergie, damit sie mit umweltsch\u00e4dlichen Energiequellen konkurrieren kann. Diese Chancengleichheit beginnt mit einer <a href=\"https:\/\/www.ebirchy.com\/policy\" target=\"_blank\" rel=\"noopener\">mutigen Politik.<\/a> <\/p>\n<\/div>\t\t\t\t\t\t\t\t\t\t\t\t\t\t\t\t\t\t\t\t\t\t\t<\/div>\n\t\t\t\t\t\t<\/div>\n\t\t\t\t\t<\/div>\n\t\t\t\t\t\t\t\t\t\t\t\t\t\t\t\t\t\t\t\t\t\t<\/div>\n<\/section>\n<section id=\"side-by-side-block_1f1f8d2de3792e63d49f499c023ad65b\" class=\"side-by-side light-mode  background-bright-grey-200\" style=\"\">\n\t<div class=\"side-by-side-content light-mode\">\n\t\t\t\t\t\t\t\t\t\t\t\t\t\t<div class=\"content-block-regular\">\n\t\t\t\t\t\t<div class=\"artwork-block artwork-right\">\n\t\t\t\t\t\t\t\t\t\t\t\t\t\t\t\t\t\t\t\t\t\t\t\t\t\t\t\t\t<div class=\"video light-mode\">\n\t\t\t\t\t\t\t\t\t<div class=\"video-container\"><iframe src=\"https:\/\/player.vimeo.com\/video\/1064763118\" frameborder=\"0\" webkitAllowFullScreen mozallowfullscreen allowFullScreen><\/iframe><\/div>\n\t\t\t\t\t\t\t\t\t\t\t\t\t\t\t\t\t<\/div>\n\t\t\t\t\t\t\t\t\t\t\t\t\t\t<div class=\"text-space\">\n\t\t\t\t\t\t\t\t\t\t\t\t\t\t\t\t\t\t\t\t\t\t\t\t\t\t\t\t\t\t\t\t<div class=\"text light-mode\"><p>Birchy gr\u00fcndete auch <a href=\"https:\/\/gosolarapp.org\/\" target=\"_blank\" rel=\"noopener\">SolarApp+<\/a>, eine technologiebasierte gemeinn\u00fctzige Organisation, die sich in den USA schnell verbreitet.<\/p>\n<p>SolarApp+ erm\u00f6glicht es Kommunalverwaltungen, Genehmigungen f\u00fcr Solaranlagen zu rationalisieren. In Zusammenarbeit mit den zust\u00e4ndigen Beh\u00f6rden und der Solarbranche hat SolarApp+ eine standardisierte Planpr\u00fcfungssoftware entwickelt, mit der die Einhaltung der Vorschriften gepr\u00fcft und Baugenehmigungen f\u00fcr f\u00f6rderf\u00e4hige Solaranlagen auf D\u00e4chern innerhalb von Minuten statt Wochen erteilt werden k\u00f6nnen. <\/p>\n<p>Dies senkt die Kosten f\u00fcr den Solarprofi, so dass niedrigere Kosten an den Kunden weitergegeben werden k\u00f6nnen und die Rentabilit\u00e4t der Solarunternehmen steigt.<\/p>\n<p>Wenn SolarAPP+ <a href=\"https:\/\/help.solar-app.org\/article\/108-where-is-solarapp-available\" target=\"_blank\" rel=\"noopener\">in Ihrer Region verf\u00fcgbar<\/a> ist, k\u00f6nnen Sie <a href=\"https:\/\/gosolarapp.org\/\" target=\"_blank\" rel=\"noopener\">sich anmelden<\/a> und <a href=\"https:\/\/support.opensolar.com\/hc\/en-us\/articles\/11977618844559--SolarAPP-Integration-in-OpenSolar\" target=\"_blank\" rel=\"noopener\">es mit OpenSolar verbinden<\/a>. Wenn es noch nicht verf\u00fcgbar ist, erw\u00e4gen viele Gerichtsbarkeiten seine Einf\u00fchrung. Wenn Sie gute Beziehungen zu den Bauverantwortlichen Ihrer Stadt haben, k\u00f6nnen Sie eine wichtige Rolle dabei spielen, SolarAPP+ in Ihrer Gemeinde einzuf\u00fchren. Um eine Einf\u00fchrung zu erleichtern, wenden Sie sich an das SolarAPP+-Team unter <a href=\"mailto:contact@gosolarapp.org\">contact@gosolarapp.org.<\/a> Sie k\u00f6nnen <a href=\"https:\/\/docs.google.com\/forms\/d\/e\/1FAIpQLSdSqZPCNuY_NXw3vpa_NRt9AQUXtdoUcdicyT83XU4TmNKi3Q\/viewform\" target=\"_blank\" rel=\"noopener\">sich auch f\u00fcr die landesweite Einf\u00fchrung von SolarAPP+ einsetzen<\/a>.    <\/p>\n<\/div>\t\t\t\t\t\t\t\t\t\t\t\t\t\t\t\t\t\t\t\t\t\t\t<\/div>\n\t\t\t\t\t\t<\/div>\n\t\t\t\t\t<\/div>\n\t\t\t\t\t\t\t\t\t\t\t\t\t\t\t\t\t\t\t\t\t\t<\/div>\n<\/section>\n","protected":false},"excerpt":{"rendered":"","protected":false},"author":7,"featured_media":0,"parent":0,"menu_order":0,"comment_status":"closed","ping_status":"closed","template":"","meta":{"_acf_changed":false,"footnotes":""},"class_list":["post-12369","page","type-page","status-publish","hentry"],"acf":[],"yoast_head":"<!-- This site is optimized with the Yoast SEO Premium plugin v26.6 (Yoast SEO v26.6) - https:\/\/yoast.com\/wordpress\/plugins\/seo\/ -->\n<title>Solarindustrie | OpenSolar<\/title>\n<meta name=\"description\" content=\"Entdecken Sie, wie Daten, Politik und Innovation die Solarbranche pr\u00e4gen\" \/>\n<meta name=\"robots\" content=\"index, follow, max-snippet:-1, max-image-preview:large, max-video-preview:-1\" \/>\n<link rel=\"canonical\" href=\"https:\/\/www.opensolar.com\/de\/solarindustrie\/\" \/>\n<meta property=\"og:locale\" content=\"de_DE\" \/>\n<meta property=\"og:type\" content=\"article\" \/>\n<meta property=\"og:title\" content=\"Solarindustrie\" \/>\n<meta property=\"og:description\" content=\"Entdecken Sie, wie Daten, Politik und Innovation die Solarbranche pr\u00e4gen\" \/>\n<meta property=\"og:url\" content=\"https:\/\/www.opensolar.com\/de\/solarindustrie\/\" \/>\n<meta property=\"og:site_name\" content=\"OpenSolar\" \/>\n<meta property=\"article:publisher\" content=\"https:\/\/www.facebook.com\/OpenSolarGlobal\/\" \/>\n<meta property=\"article:modified_time\" content=\"2025-09-26T12:40:18+00:00\" \/>\n<meta property=\"og:image\" content=\"https:\/\/i0.wp.com\/www.opensolar.com\/wp-content\/uploads\/2024\/07\/OpenSolar-logo-for-WP.png?fit=1200%2C675&quality=80&ssl=1\" \/>\n\t<meta property=\"og:image:width\" content=\"1200\" \/>\n\t<meta property=\"og:image:height\" content=\"675\" \/>\n\t<meta property=\"og:image:type\" content=\"image\/png\" \/>\n<meta name=\"twitter:card\" content=\"summary_large_image\" \/>\n<meta name=\"twitter:site\" content=\"@opensolar\" \/>\n<script type=\"application\/ld+json\" class=\"yoast-schema-graph\">{\"@context\":\"https:\/\/schema.org\",\"@graph\":[{\"@type\":\"WebPage\",\"@id\":\"https:\/\/www.opensolar.com\/de\/solarindustrie\/\",\"url\":\"https:\/\/www.opensolar.com\/de\/solarindustrie\/\",\"name\":\"Solarindustrie | OpenSolar\",\"isPartOf\":{\"@id\":\"https:\/\/www.opensolar.com\/de\/#website\"},\"datePublished\":\"2024-11-05T19:05:40+00:00\",\"dateModified\":\"2025-09-26T12:40:18+00:00\",\"description\":\"Entdecken Sie, wie Daten, Politik und Innovation die Solarbranche pr\u00e4gen\",\"breadcrumb\":{\"@id\":\"https:\/\/www.opensolar.com\/de\/solarindustrie\/#breadcrumb\"},\"inLanguage\":\"de-DE\",\"potentialAction\":[{\"@type\":\"ReadAction\",\"target\":[\"https:\/\/www.opensolar.com\/de\/solarindustrie\/\"]}]},{\"@type\":\"BreadcrumbList\",\"@id\":\"https:\/\/www.opensolar.com\/de\/solarindustrie\/#breadcrumb\",\"itemListElement\":[{\"@type\":\"ListItem\",\"position\":1,\"name\":\"Home\",\"item\":\"https:\/\/www.opensolar.com\/de\/\"},{\"@type\":\"ListItem\",\"position\":2,\"name\":\"Solarindustrie\"}]},{\"@type\":\"WebSite\",\"@id\":\"https:\/\/www.opensolar.com\/de\/#website\",\"url\":\"https:\/\/www.opensolar.com\/de\/\",\"name\":\"OpenSolar\",\"description\":\"Solar Design And Proposal Software\",\"publisher\":{\"@id\":\"https:\/\/www.opensolar.com\/de\/#organization\"},\"potentialAction\":[{\"@type\":\"SearchAction\",\"target\":{\"@type\":\"EntryPoint\",\"urlTemplate\":\"https:\/\/www.opensolar.com\/de\/?s={search_term_string}\"},\"query-input\":{\"@type\":\"PropertyValueSpecification\",\"valueRequired\":true,\"valueName\":\"search_term_string\"}}],\"inLanguage\":\"de-DE\"},{\"@type\":\"Organization\",\"@id\":\"https:\/\/www.opensolar.com\/de\/#organization\",\"name\":\"OpenSolar\",\"url\":\"https:\/\/www.opensolar.com\/de\/\",\"logo\":{\"@type\":\"ImageObject\",\"inLanguage\":\"de-DE\",\"@id\":\"https:\/\/www.opensolar.com\/de\/#\/schema\/logo\/image\/\",\"url\":\"https:\/\/www.opensolar.com\/wp-content\/uploads\/2026\/03\/OpenSolar-Horizontal-Color.svg\",\"contentUrl\":\"https:\/\/www.opensolar.com\/wp-content\/uploads\/2026\/03\/OpenSolar-Horizontal-Color.svg\",\"caption\":\"OpenSolar\"},\"image\":{\"@id\":\"https:\/\/www.opensolar.com\/de\/#\/schema\/logo\/image\/\"},\"sameAs\":[\"https:\/\/www.facebook.com\/OpenSolarGlobal\/\",\"https:\/\/x.com\/opensolar\",\"https:\/\/www.instagram.com\/open.solar\/\",\"https:\/\/www.linkedin.com\/company\/14522819\",\"https:\/\/www.youtube.com\/channel\/UCw3mdQ_ilIq9ZrPpCa_VOnA\/videos\"],\"description\":\"The world's leading solar design and proposal software. Free of charge so you're free to grow.\"}]}<\/script>\n<!-- \/ Yoast SEO Premium plugin. -->","yoast_head_json":{"title":"Solarindustrie | OpenSolar","description":"Entdecken Sie, wie Daten, Politik und Innovation die Solarbranche pr\u00e4gen","robots":{"index":"index","follow":"follow","max-snippet":"max-snippet:-1","max-image-preview":"max-image-preview:large","max-video-preview":"max-video-preview:-1"},"canonical":"https:\/\/www.opensolar.com\/de\/solarindustrie\/","og_locale":"de_DE","og_type":"article","og_title":"Solarindustrie","og_description":"Entdecken Sie, wie Daten, Politik und Innovation die Solarbranche pr\u00e4gen","og_url":"https:\/\/www.opensolar.com\/de\/solarindustrie\/","og_site_name":"OpenSolar","article_publisher":"https:\/\/www.facebook.com\/OpenSolarGlobal\/","article_modified_time":"2025-09-26T12:40:18+00:00","og_image":[{"width":1200,"height":675,"url":"https:\/\/i0.wp.com\/www.opensolar.com\/wp-content\/uploads\/2024\/07\/OpenSolar-logo-for-WP.png?fit=1200%2C675&quality=80&ssl=1","type":"image\/png"}],"twitter_card":"summary_large_image","twitter_site":"@opensolar","schema":{"@context":"https:\/\/schema.org","@graph":[{"@type":"WebPage","@id":"https:\/\/www.opensolar.com\/de\/solarindustrie\/","url":"https:\/\/www.opensolar.com\/de\/solarindustrie\/","name":"Solarindustrie | OpenSolar","isPartOf":{"@id":"https:\/\/www.opensolar.com\/de\/#website"},"datePublished":"2024-11-05T19:05:40+00:00","dateModified":"2025-09-26T12:40:18+00:00","description":"Entdecken Sie, wie Daten, Politik und Innovation die Solarbranche pr\u00e4gen","breadcrumb":{"@id":"https:\/\/www.opensolar.com\/de\/solarindustrie\/#breadcrumb"},"inLanguage":"de-DE","potentialAction":[{"@type":"ReadAction","target":["https:\/\/www.opensolar.com\/de\/solarindustrie\/"]}]},{"@type":"BreadcrumbList","@id":"https:\/\/www.opensolar.com\/de\/solarindustrie\/#breadcrumb","itemListElement":[{"@type":"ListItem","position":1,"name":"Home","item":"https:\/\/www.opensolar.com\/de\/"},{"@type":"ListItem","position":2,"name":"Solarindustrie"}]},{"@type":"WebSite","@id":"https:\/\/www.opensolar.com\/de\/#website","url":"https:\/\/www.opensolar.com\/de\/","name":"OpenSolar","description":"Solar Design And Proposal Software","publisher":{"@id":"https:\/\/www.opensolar.com\/de\/#organization"},"potentialAction":[{"@type":"SearchAction","target":{"@type":"EntryPoint","urlTemplate":"https:\/\/www.opensolar.com\/de\/?s={search_term_string}"},"query-input":{"@type":"PropertyValueSpecification","valueRequired":true,"valueName":"search_term_string"}}],"inLanguage":"de-DE"},{"@type":"Organization","@id":"https:\/\/www.opensolar.com\/de\/#organization","name":"OpenSolar","url":"https:\/\/www.opensolar.com\/de\/","logo":{"@type":"ImageObject","inLanguage":"de-DE","@id":"https:\/\/www.opensolar.com\/de\/#\/schema\/logo\/image\/","url":"https:\/\/www.opensolar.com\/wp-content\/uploads\/2026\/03\/OpenSolar-Horizontal-Color.svg","contentUrl":"https:\/\/www.opensolar.com\/wp-content\/uploads\/2026\/03\/OpenSolar-Horizontal-Color.svg","caption":"OpenSolar"},"image":{"@id":"https:\/\/www.opensolar.com\/de\/#\/schema\/logo\/image\/"},"sameAs":["https:\/\/www.facebook.com\/OpenSolarGlobal\/","https:\/\/x.com\/opensolar","https:\/\/www.instagram.com\/open.solar\/","https:\/\/www.linkedin.com\/company\/14522819","https:\/\/www.youtube.com\/channel\/UCw3mdQ_ilIq9ZrPpCa_VOnA\/videos"],"description":"The world's leading solar design and proposal software. Free of charge so you're free to grow."}]}},"_links":{"self":[{"href":"https:\/\/www.opensolar.com\/de\/wp-json\/wp\/v2\/pages\/12369","targetHints":{"allow":["GET"]}}],"collection":[{"href":"https:\/\/www.opensolar.com\/de\/wp-json\/wp\/v2\/pages"}],"about":[{"href":"https:\/\/www.opensolar.com\/de\/wp-json\/wp\/v2\/types\/page"}],"author":[{"embeddable":true,"href":"https:\/\/www.opensolar.com\/de\/wp-json\/wp\/v2\/users\/7"}],"replies":[{"embeddable":true,"href":"https:\/\/www.opensolar.com\/de\/wp-json\/wp\/v2\/comments?post=12369"}],"version-history":[{"count":0,"href":"https:\/\/www.opensolar.com\/de\/wp-json\/wp\/v2\/pages\/12369\/revisions"}],"wp:attachment":[{"href":"https:\/\/www.opensolar.com\/de\/wp-json\/wp\/v2\/media?parent=12369"}],"curies":[{"name":"wp","href":"https:\/\/api.w.org\/{rel}","templated":true}]}}