{"id":13589,"date":"2025-06-03T15:08:39","date_gmt":"2025-06-03T15:08:39","guid":{"rendered":"https:\/\/www.opensolar.com\/einzeilige-diagramme\/"},"modified":"2025-09-25T17:17:45","modified_gmt":"2025-09-25T17:17:45","slug":"einzeilige-diagramme","status":"publish","type":"page","link":"https:\/\/www.opensolar.com\/de\/einzeilige-diagramme\/","title":{"rendered":"Einzeilige Diagramme"},"content":{"rendered":"<section id=\"hero-block_babf2c9e8ff1eba0c9c9568995a7a78a\" class=\"hero  light-mode background-bright-grey-200\" style=\"\">\n\t\t\t\t\t<div class=\"content-block-hero\">\n\t\t\t\t\t\t\t\t<div class=\"intro-text default\">\n\t\t\t\t\t\t\t\t\t\t\t<h1 class=\"motion-hero-headline blue-gradient light-mode\"><p>Einzeilige Diagramme<\/p>\n<\/h1>\t\t\t\t\t\t<div class=\"motion-hero-sub-headline sub-headline light-mode\"><p>Generieren Sie automatisch konforme, professionelle Schaltpl\u00e4ne aus Ihrem Solarentwurf.<\/p>\n<\/div>\t\t\t\t\t\t\t\t\t\t\t\t\t\t\t\t\t\t\t\t\t\t\t\t\t\t<\/div>\n\t\t\t\t\t\t\t\t\t<div class=\"hero-breadcrumb\">\n\t\t\t\t\t\t<div class=\"hero-breadcrumb-content\">\n\t\t\t\t\t\t\t<a href=\"https:\/\/www.opensolar.com\/pro\/\" target=\"_self\">Pro<\/a><span>&gt;<\/span>\t\t\t\t\t\t\t\t\t\t\t\t\t\tEinzeilige Diagramme\t\t\t\t\t\t<\/div>\n\t\t\t\t\t<\/div>\n\t\t\t\t\t\t\t<\/div>\n\t\t<\/section><section id=\"side-by-side-block_03284505dd41e755a8ab1c2eae0ea68d\" class=\"side-by-side light-mode  background-none\" style=\"\">\n\t<div class=\"side-by-side-content light-mode\">\n\t\t\t\t\t\t\t\t\t\t\t\t\t\t<div class=\"content-block-regular\">\n\t\t\t\t\t\t<div class=\"artwork-block artwork-right\">\n\t\t\t\t\t\t\t\t\t\t\t\t\t\t\t<figure class=\"squared\" style=\"position: relative;\">\n\t\t\t\t\t\t\t\t\t<img decoding=\"async\" src=\"https:\/\/i0.wp.com\/www.opensolar.com\/wp-content\/uploads\/2025\/06\/Illustration-1.png?fit=1200%2C1000&#038;quality=80&#038;ssl=1\" class=\"motion-artwork-base-side-by-side-block_03284505dd41e755a8ab1c2eae0ea68d\" alt=\"echnical diagram of a solar power system showing detailed layout components such as PV modules, inverter locations, battery storage, and grid connection points.\" style=\"z-index: 0;\" \/>\n\t\t\t\t\t\t\t\t\t\t\t\t\t\t\t\t\t\t<img decoding=\"async\" src=\"\" class=\"motion-artwork-layer1-side-by-side-block_03284505dd41e755a8ab1c2eae0ea68d\" alt=\"\" style=\"z-index: 1; position: absolute; top: 0; left: 0;\" \/>\n\t\t\t\t\t\t\t\t<\/figure>\n\t\t\t\t\t\t\t\t\t\t\t\t\t\t\t\t\t\t\t\t\t\t\t\t\t\t\t\t<div class=\"text-space\">\n\t\t\t\t\t\t\t\t\t\t\t\t\t\t\t\t<h2 class=\"light-mode\"><p>Eingebaute elektrische Schaltpl\u00e4ne ohne zus\u00e4tzliche Werkzeuge<\/p>\n<\/h2>\t\t\t\t\t\t\t\t\t\t\t\t\t\t\t\t<div class=\"text light-mode\"><p>Mit dem integrierten SLD-Generator von OpenSolar erstellen und exportieren Sie mit nur wenigen Klicks konforme, baureife Einzelliniendiagramme.<\/p>\n<ul>\n<li>Automatisch generiert aus Ihrem Systemdesign und Stringing<\/li>\n<li>Regionalspezifische Vorlagen f\u00fcr AU, US, UK, DE, IT, ES<\/li>\n<li>Vorausgef\u00fcllte Module, Wechselrichter, Batterien und Projekt-Metadaten<\/li>\n<li>Vollst\u00e4ndig bearbeitbar und exportierbar innerhalb der Plattform<\/li>\n<\/ul>\n<\/div>\t\t\t\t\t\t\t\t\t\t\t\t\t\t\t\t\t\t\t\t\t\t\t<\/div>\n\t\t\t\t\t\t<\/div>\n\t\t\t\t\t<\/div>\n\t\t\t\t\t\t\t\t\t\t\t\t\t\t\t\t\t\t\t\t\t\t<\/div>\n<\/section>\n<section id=\"side-by-side-block_78194f60b96f9bc4eae6b27b17d50479\" class=\"side-by-side light-mode  background-bright-grey-200\" style=\"\">\n\t<div class=\"side-by-side-content light-mode\">\n\t\t\t\t\t\t\t\t\t\t\t\t\t\t<div class=\"content-block-regular\">\n\t\t\t\t\t\t<div class=\"artwork-block artwork-left\">\n\t\t\t\t\t\t\t\t\t\t\t\t\t\t\t<figure class=\"squared\" style=\"position: relative;\">\n\t\t\t\t\t\t\t\t\t<img decoding=\"async\" src=\"https:\/\/i0.wp.com\/www.opensolar.com\/wp-content\/uploads\/2025\/06\/2-1.png?fit=1200%2C912&#038;quality=80&#038;ssl=1\" class=\"motion-artwork-base-side-by-side-block_78194f60b96f9bc4eae6b27b17d50479\" alt=\"Dropdown menu interface for generating a Single Line Diagram (SLD), showing options selected for a 9-panel system and AU String inverter, with an &#039;Apply&#039; button.\" style=\"z-index: 0;\" \/>\n\t\t\t\t\t\t\t\t\t\t\t\t\t\t\t\t\t\t<img decoding=\"async\" src=\"\" class=\"motion-artwork-layer1-side-by-side-block_78194f60b96f9bc4eae6b27b17d50479\" alt=\"\" style=\"z-index: 1; position: absolute; top: 0; left: 0;\" \/>\n\t\t\t\t\t\t\t\t<\/figure>\n\t\t\t\t\t\t\t\t\t\t\t\t\t\t\t\t\t\t\t\t\t\t\t\t\t\t\t\t<div class=\"text-space\">\n\t\t\t\t\t\t\t\t\t\t\t\t\t\t\t\t<h2 class=\"light-mode\"><p>Sofort vom Entwurf zum Diagramm<\/p>\n<\/h2>\t\t\t\t\t\t\t\t\t\t\t\t\t\t\t\t<div class=\"text light-mode\"><p>Sobald Ihr Systemdesign abgeschlossen ist, ist Ihr SLD bereits vorhanden &#8211; keine manuellen Neuzeichnungen, keine Software von Drittanbietern.<\/p>\n<ul>\n<li>Zieht direkt aus Ihrem Layout und Ihren Komponenten<\/li>\n<li>Automatisches Ausf\u00fcllen von Ausr\u00fcstungsdaten<\/li>\n<li>Intuitiver Editor zum Anpassen von Formen, Beschriftungen und Verbindungen<\/li>\n<li>Export in mehrere Dateiformate mit einem Klick<\/li>\n<\/ul>\n<\/div>\t\t\t\t\t\t\t\t\t\t\t\t\t\t\t\t\t\t\t\t\t\t\t<\/div>\n\t\t\t\t\t\t<\/div>\n\t\t\t\t\t<\/div>\n\t\t\t\t\t\t\t\t\t\t\t\t\t\t\t\t\t\t\t\t\t\t<\/div>\n<\/section>\n<section id=\"side-by-side-block_5d63d73d04c072672471b082f252bac6\" class=\"side-by-side light-mode  background-none\" style=\"\">\n\t<div class=\"side-by-side-content light-mode\">\n\t\t\t\t\t\t\t\t\t\t\t\t\t\t<div class=\"content-block-regular\">\n\t\t\t\t\t\t<div class=\"artwork-block artwork-right\">\n\t\t\t\t\t\t\t\t\t\t\t\t\t\t\t<figure class=\"squared\" style=\"position: relative;\">\n\t\t\t\t\t\t\t\t\t<img decoding=\"async\" src=\"https:\/\/i0.wp.com\/www.opensolar.com\/wp-content\/uploads\/2025\/06\/3.png?fit=1200%2C912&#038;quality=80&#038;ssl=1\" class=\"motion-artwork-base-side-by-side-block_5d63d73d04c072672471b082f252bac6\" alt=\"Design interface for solar system layout, showcasing style customization options, including color fill, outline settings, and an aerial view of a roof with solar panels placed.\" style=\"z-index: 0;\" \/>\n\t\t\t\t\t\t\t\t\t\t\t\t\t\t\t\t\t\t<img decoding=\"async\" src=\"\" class=\"motion-artwork-layer1-side-by-side-block_5d63d73d04c072672471b082f252bac6\" alt=\"\" style=\"z-index: 1; position: absolute; top: 0; left: 0;\" \/>\n\t\t\t\t\t\t\t\t<\/figure>\n\t\t\t\t\t\t\t\t\t\t\t\t\t\t\t\t\t\t\t\t\t\t\t\t\t\t\t\t<div class=\"text-space\">\n\t\t\t\t\t\t\t\t\t\t\t\t\t\t\t\t<h2 class=\"light-mode\"><p>F\u00fcr die Einhaltung von Vorschriften entwickelt, von Profis vertraut<\/p>\n<\/h2>\t\t\t\t\t\t\t\t\t\t\t\t\t\t\t\t<div class=\"text light-mode\"><p>Die SLDs von OpenSolar sind so konstruiert, dass sie den lokalen Vorschriften entsprechen und Ihren Projektablauf rationalisieren.<\/p>\n<ul>\n<li>Ma\u00dfgeschneidert auf l\u00e4nderspezifische Standards<\/li>\n<li>Bearbeitbar f\u00fcr Genehmigungs- und Installateuranforderungen<\/li>\n<li>Automatische Synchronisierung mit Design-Updates<\/li>\n<li>Einbettung in Angebotsvorlagen mit einem einzigen Platzhalter<\/li>\n<\/ul>\n<\/div>\t\t\t\t\t\t\t\t\t\t\t\t\t\t\t\t\t\t\t\t\t\t\t<\/div>\n\t\t\t\t\t\t<\/div>\n\t\t\t\t\t<\/div>\n\t\t\t\t\t\t\t\t\t\t\t\t\t\t\t\t\t\t\t\t\t\t<\/div>\n<\/section>\n","protected":false},"excerpt":{"rendered":"","protected":false},"author":7,"featured_media":0,"parent":0,"menu_order":0,"comment_status":"closed","ping_status":"closed","template":"","meta":{"_acf_changed":false,"footnotes":""},"class_list":["post-13589","page","type-page","status-publish","hentry"],"acf":[],"yoast_head":"<!-- This site is optimized with the Yoast SEO Premium plugin v26.6 (Yoast SEO v26.6) - https:\/\/yoast.com\/wordpress\/plugins\/seo\/ -->\n<title>Automatisch generierte Einlinien-Diagramme f\u00fcr Solaranlagen | OpenSolar<\/title>\n<meta name=\"description\" content=\"Generieren und exportieren Sie konforme, baureife, professionelle elektrische Schaltpl\u00e4ne aus Ihrem OpenSolar Entwurf. Sofortige Einzelleitungsdiagramme, ohne dass Sie zus\u00e4tzliche Tools ben\u00f6tigen.\" \/>\n<meta name=\"robots\" content=\"index, follow, max-snippet:-1, max-image-preview:large, max-video-preview:-1\" \/>\n<link rel=\"canonical\" href=\"https:\/\/www.opensolar.com\/de\/einzeilige-diagramme\/\" \/>\n<meta property=\"og:locale\" content=\"de_DE\" \/>\n<meta property=\"og:type\" content=\"article\" \/>\n<meta property=\"og:title\" content=\"Einzeilige Diagramme\" \/>\n<meta property=\"og:description\" content=\"Generieren und exportieren Sie konforme, baureife, professionelle elektrische Schaltpl\u00e4ne aus Ihrem OpenSolar Entwurf. Sofortige Einzelleitungsdiagramme, ohne dass Sie zus\u00e4tzliche Tools ben\u00f6tigen.\" \/>\n<meta property=\"og:url\" content=\"https:\/\/www.opensolar.com\/de\/einzeilige-diagramme\/\" \/>\n<meta property=\"og:site_name\" content=\"OpenSolar\" \/>\n<meta property=\"article:publisher\" content=\"https:\/\/www.facebook.com\/OpenSolarGlobal\/\" \/>\n<meta property=\"article:modified_time\" content=\"2025-09-25T17:17:45+00:00\" \/>\n<meta property=\"og:image\" content=\"https:\/\/www.opensolar.com\/wp-content\/uploads\/2025\/06\/2.png\" \/>\n<meta name=\"twitter:card\" content=\"summary_large_image\" \/>\n<meta name=\"twitter:site\" content=\"@opensolar\" \/>\n<script type=\"application\/ld+json\" class=\"yoast-schema-graph\">{\"@context\":\"https:\/\/schema.org\",\"@graph\":[{\"@type\":\"WebPage\",\"@id\":\"https:\/\/www.opensolar.com\/de\/einzeilige-diagramme\/\",\"url\":\"https:\/\/www.opensolar.com\/de\/einzeilige-diagramme\/\",\"name\":\"Automatisch generierte Einlinien-Diagramme f\u00fcr Solaranlagen | OpenSolar\",\"isPartOf\":{\"@id\":\"https:\/\/www.opensolar.com\/de\/#website\"},\"datePublished\":\"2025-06-03T15:08:39+00:00\",\"dateModified\":\"2025-09-25T17:17:45+00:00\",\"description\":\"Generieren und exportieren Sie konforme, baureife, professionelle elektrische Schaltpl\u00e4ne aus Ihrem OpenSolar Entwurf. Sofortige Einzelleitungsdiagramme, ohne dass Sie zus\u00e4tzliche Tools ben\u00f6tigen.\",\"breadcrumb\":{\"@id\":\"https:\/\/www.opensolar.com\/de\/einzeilige-diagramme\/#breadcrumb\"},\"inLanguage\":\"de-DE\",\"potentialAction\":[{\"@type\":\"ReadAction\",\"target\":[\"https:\/\/www.opensolar.com\/de\/einzeilige-diagramme\/\"]}]},{\"@type\":\"BreadcrumbList\",\"@id\":\"https:\/\/www.opensolar.com\/de\/einzeilige-diagramme\/#breadcrumb\",\"itemListElement\":[{\"@type\":\"ListItem\",\"position\":1,\"name\":\"Home\",\"item\":\"https:\/\/www.opensolar.com\/de\/\"},{\"@type\":\"ListItem\",\"position\":2,\"name\":\"Einzeilige Diagramme\"}]},{\"@type\":\"WebSite\",\"@id\":\"https:\/\/www.opensolar.com\/de\/#website\",\"url\":\"https:\/\/www.opensolar.com\/de\/\",\"name\":\"OpenSolar\",\"description\":\"Solar Design And Proposal Software\",\"publisher\":{\"@id\":\"https:\/\/www.opensolar.com\/de\/#organization\"},\"potentialAction\":[{\"@type\":\"SearchAction\",\"target\":{\"@type\":\"EntryPoint\",\"urlTemplate\":\"https:\/\/www.opensolar.com\/de\/?s={search_term_string}\"},\"query-input\":{\"@type\":\"PropertyValueSpecification\",\"valueRequired\":true,\"valueName\":\"search_term_string\"}}],\"inLanguage\":\"de-DE\"},{\"@type\":\"Organization\",\"@id\":\"https:\/\/www.opensolar.com\/de\/#organization\",\"name\":\"OpenSolar\",\"url\":\"https:\/\/www.opensolar.com\/de\/\",\"logo\":{\"@type\":\"ImageObject\",\"inLanguage\":\"de-DE\",\"@id\":\"https:\/\/www.opensolar.com\/de\/#\/schema\/logo\/image\/\",\"url\":\"https:\/\/www.opensolar.com\/wp-content\/uploads\/2026\/04\/OpenSolar-Horizontal-Color.svg\",\"contentUrl\":\"https:\/\/www.opensolar.com\/wp-content\/uploads\/2026\/04\/OpenSolar-Horizontal-Color.svg\",\"caption\":\"OpenSolar\"},\"image\":{\"@id\":\"https:\/\/www.opensolar.com\/de\/#\/schema\/logo\/image\/\"},\"sameAs\":[\"https:\/\/www.facebook.com\/OpenSolarGlobal\/\",\"https:\/\/x.com\/opensolar\",\"https:\/\/www.instagram.com\/open.solar\/\",\"https:\/\/www.linkedin.com\/company\/14522819\",\"https:\/\/www.youtube.com\/channel\/UCw3mdQ_ilIq9ZrPpCa_VOnA\/videos\"],\"description\":\"The world's leading solar design and proposal software. Free of charge so you're free to grow.\"}]}<\/script>\n<!-- \/ Yoast SEO Premium plugin. -->","yoast_head_json":{"title":"Automatisch generierte Einlinien-Diagramme f\u00fcr Solaranlagen | OpenSolar","description":"Generieren und exportieren Sie konforme, baureife, professionelle elektrische Schaltpl\u00e4ne aus Ihrem OpenSolar Entwurf. Sofortige Einzelleitungsdiagramme, ohne dass Sie zus\u00e4tzliche Tools ben\u00f6tigen.","robots":{"index":"index","follow":"follow","max-snippet":"max-snippet:-1","max-image-preview":"max-image-preview:large","max-video-preview":"max-video-preview:-1"},"canonical":"https:\/\/www.opensolar.com\/de\/einzeilige-diagramme\/","og_locale":"de_DE","og_type":"article","og_title":"Einzeilige Diagramme","og_description":"Generieren und exportieren Sie konforme, baureife, professionelle elektrische Schaltpl\u00e4ne aus Ihrem OpenSolar Entwurf. Sofortige Einzelleitungsdiagramme, ohne dass Sie zus\u00e4tzliche Tools ben\u00f6tigen.","og_url":"https:\/\/www.opensolar.com\/de\/einzeilige-diagramme\/","og_site_name":"OpenSolar","article_publisher":"https:\/\/www.facebook.com\/OpenSolarGlobal\/","article_modified_time":"2025-09-25T17:17:45+00:00","og_image":[{"url":"https:\/\/www.opensolar.com\/wp-content\/uploads\/2025\/06\/2.png","type":"","width":"","height":""}],"twitter_card":"summary_large_image","twitter_site":"@opensolar","schema":{"@context":"https:\/\/schema.org","@graph":[{"@type":"WebPage","@id":"https:\/\/www.opensolar.com\/de\/einzeilige-diagramme\/","url":"https:\/\/www.opensolar.com\/de\/einzeilige-diagramme\/","name":"Automatisch generierte Einlinien-Diagramme f\u00fcr Solaranlagen | OpenSolar","isPartOf":{"@id":"https:\/\/www.opensolar.com\/de\/#website"},"datePublished":"2025-06-03T15:08:39+00:00","dateModified":"2025-09-25T17:17:45+00:00","description":"Generieren und exportieren Sie konforme, baureife, professionelle elektrische Schaltpl\u00e4ne aus Ihrem OpenSolar Entwurf. Sofortige Einzelleitungsdiagramme, ohne dass Sie zus\u00e4tzliche Tools ben\u00f6tigen.","breadcrumb":{"@id":"https:\/\/www.opensolar.com\/de\/einzeilige-diagramme\/#breadcrumb"},"inLanguage":"de-DE","potentialAction":[{"@type":"ReadAction","target":["https:\/\/www.opensolar.com\/de\/einzeilige-diagramme\/"]}]},{"@type":"BreadcrumbList","@id":"https:\/\/www.opensolar.com\/de\/einzeilige-diagramme\/#breadcrumb","itemListElement":[{"@type":"ListItem","position":1,"name":"Home","item":"https:\/\/www.opensolar.com\/de\/"},{"@type":"ListItem","position":2,"name":"Einzeilige Diagramme"}]},{"@type":"WebSite","@id":"https:\/\/www.opensolar.com\/de\/#website","url":"https:\/\/www.opensolar.com\/de\/","name":"OpenSolar","description":"Solar Design And Proposal Software","publisher":{"@id":"https:\/\/www.opensolar.com\/de\/#organization"},"potentialAction":[{"@type":"SearchAction","target":{"@type":"EntryPoint","urlTemplate":"https:\/\/www.opensolar.com\/de\/?s={search_term_string}"},"query-input":{"@type":"PropertyValueSpecification","valueRequired":true,"valueName":"search_term_string"}}],"inLanguage":"de-DE"},{"@type":"Organization","@id":"https:\/\/www.opensolar.com\/de\/#organization","name":"OpenSolar","url":"https:\/\/www.opensolar.com\/de\/","logo":{"@type":"ImageObject","inLanguage":"de-DE","@id":"https:\/\/www.opensolar.com\/de\/#\/schema\/logo\/image\/","url":"https:\/\/www.opensolar.com\/wp-content\/uploads\/2026\/04\/OpenSolar-Horizontal-Color.svg","contentUrl":"https:\/\/www.opensolar.com\/wp-content\/uploads\/2026\/04\/OpenSolar-Horizontal-Color.svg","caption":"OpenSolar"},"image":{"@id":"https:\/\/www.opensolar.com\/de\/#\/schema\/logo\/image\/"},"sameAs":["https:\/\/www.facebook.com\/OpenSolarGlobal\/","https:\/\/x.com\/opensolar","https:\/\/www.instagram.com\/open.solar\/","https:\/\/www.linkedin.com\/company\/14522819","https:\/\/www.youtube.com\/channel\/UCw3mdQ_ilIq9ZrPpCa_VOnA\/videos"],"description":"The world's leading solar design and proposal software. Free of charge so you're free to grow."}]}},"_links":{"self":[{"href":"https:\/\/www.opensolar.com\/de\/wp-json\/wp\/v2\/pages\/13589","targetHints":{"allow":["GET"]}}],"collection":[{"href":"https:\/\/www.opensolar.com\/de\/wp-json\/wp\/v2\/pages"}],"about":[{"href":"https:\/\/www.opensolar.com\/de\/wp-json\/wp\/v2\/types\/page"}],"author":[{"embeddable":true,"href":"https:\/\/www.opensolar.com\/de\/wp-json\/wp\/v2\/users\/7"}],"replies":[{"embeddable":true,"href":"https:\/\/www.opensolar.com\/de\/wp-json\/wp\/v2\/comments?post=13589"}],"version-history":[{"count":0,"href":"https:\/\/www.opensolar.com\/de\/wp-json\/wp\/v2\/pages\/13589\/revisions"}],"wp:attachment":[{"href":"https:\/\/www.opensolar.com\/de\/wp-json\/wp\/v2\/media?parent=13589"}],"curies":[{"name":"wp","href":"https:\/\/api.w.org\/{rel}","templated":true}]}}