{"id":13926,"date":"2025-09-01T21:25:59","date_gmt":"2025-09-01T21:25:59","guid":{"rendered":"https:\/\/www.opensolar.com\/ki-lead-gen\/"},"modified":"2026-02-20T20:35:50","modified_gmt":"2026-02-20T20:35:50","slug":"ki-lead-gen","status":"publish","type":"page","link":"https:\/\/www.opensolar.com\/de\/ki-lead-gen\/","title":{"rendered":"KI-Lead-Gen"},"content":{"rendered":"<section id=\"hero-block_d851bbf1562df391fe354a95e6c975b1\" class=\"hero  light-mode background-bright-grey-200\" style=\"\">\n\t\t\t\t\t<div class=\"content-block-hero background-ada\">\n\t\t\t\t\t\t\t\t<div class=\"intro-text default\">\n\t\t\t\t\t\t\t\t\t\t\t<h1 class=\"motion-hero-headline badge-ada badge-beta-with-ada blue-gradient light-mode\"><p>KI-Lead-Gen<\/p>\n<\/h1>\t\t\t\t\t\t<div class=\"motion-hero-sub-headline sub-headline light-mode\"><p>Geben Sie Ihren Kunden die M\u00f6glichkeit, ihr eigenes Solarsystem in Sekundenschnelle zu entwerfen, direkt auf Ihrer Webseite.<\/p>\n<\/div>\t\t\t\t\t\t<div class=\"motion-hero-text text light-mode\"><p><em>AI Lead Gen ist in der Beta-Phase und weltweit verf\u00fcgbar. Kontoverwalter k\u00f6nnen diese Funktion aktivieren, indem sie <a href=\"https:\/\/support.opensolar.com\/hc\/en-us\/articles\/13799153168527-How-to-Enable-Beta-Features-on-OpenSolar\">diese Anweisungen<\/a> befolgen oder mehr in diesem <a href=\"https:\/\/support.opensolar.com\/hc\/en-us\/articles\/13770301266959-Introducing-the-new-AI-Lead-Generation-Tool\" target=\"_blank\" rel=\"noopener\">Help-Center-Artikel<\/a> erfahren. <\/em><\/p>\n<\/div>\t\t\t\t\t\t\t\t\t\t\t\t\t\t\t\t\t\t\t\t<\/div>\n\t\t\t\t\t\t\t\t\t<div class=\"hero-breadcrumb\">\n\t\t\t\t\t\t<div class=\"hero-breadcrumb-content\">\n\t\t\t\t\t\t\t<a href=\"https:\/\/www.opensolar.com\/pro\/\" target=\"_self\">Pro<\/a><span>&gt;<\/span>\t\t\t\t\t\t\t\t\t\t\t\t\t\tKI-Lead-Gen\t\t\t\t\t\t<\/div>\n\t\t\t\t\t<\/div>\n\t\t\t\t\t\t\t<\/div>\n\t\t<\/section><section id=\"side-by-side-block_574e4eaa6bca482024d29bdb7ab2d6fe\" class=\"side-by-side light-mode  background-none\" style=\"\">\n\t<div class=\"side-by-side-content light-mode\">\n\t\t\t\t\t\t\t\t\t\t\t\t\t\t<div class=\"content-block-regular\">\n\t\t\t\t\t\t<div class=\"artwork-block artwork-right\">\n\t\t\t\t\t\t\t\t\t\t\t\t\t\t\t<figure class=\"squared\" style=\"position: relative;\">\n\t\t\t\t\t\t\t\t\t<img decoding=\"async\" src=\"https:\/\/i0.wp.com\/www.opensolar.com\/wp-content\/uploads\/2025\/10\/AiLEADGEN.jpg?fit=1248%2C1000&#038;quality=89&#038;ssl=1\" class=\"motion-artwork-base-side-by-side-block_574e4eaa6bca482024d29bdb7ab2d6fe\" alt=\"Satellite image of a residential neighborhood with three rooftops showing solar panel installations. A popup highlights estimated annual savings of $853.32, a 3.2kW system size, and starting price of $5,612 with options for cash or loan. Below the map, product cards display: a QCells battery, LONGi solar panels, and an Enphase EV charger, each with a brochure download button.\" style=\"z-index: 0;\" \/>\n\t\t\t\t\t\t\t\t\t\t\t\t\t\t\t\t\t\t<img decoding=\"async\" src=\"\" class=\"motion-artwork-layer1-side-by-side-block_574e4eaa6bca482024d29bdb7ab2d6fe\" alt=\"\" style=\"z-index: 1; position: absolute; top: 0; left: 0;\" \/>\n\t\t\t\t\t\t\t\t<\/figure>\n\t\t\t\t\t\t\t\t\t\t\t\t\t\t\t\t\t\t\t\t\t\t\t\t\t\t\t\t<div class=\"text-space\">\n\t\t\t\t\t\t\t\t\t\t\t\t\t\t\t\t<h2 class=\"light-mode\"><p>Antworten zur Solarelektrifizierung \u2013 in Sekundenschnelle<\/p>\n<\/h2>\t\t\t\t\t\t\t\t<div class=\"sub-headline light-mode\"><p>Stillen Sie die Neugier Ihrer Kunden in Echtzeit und verwandeln Sie Website-Besuche in hei\u00dfe Leads.<\/p>\n<\/div>\t\t\t\t\t\t\t\t<div class=\"text light-mode\"><ul>\n<li>Binden Sie KI Lead Gen direkt in Ihre Website ein<\/li>\n<li>Gibt ein Kunde seine Adress- und Verbrauchsdaten ein, erstellt Ada automatisch ein individuelles Systemdesign \u2013 basierend auf Ihren bevorzugten Designparametern<\/li>\n<li>Passen Sie Ihren Verkaufsprozess an \u2013 Ihre Kunden k\u00f6nnen zum Beispiel sofort ein vollst\u00e4ndiges Angebot einsehen, oder eines anfordern und optional ein Beratungsgespr\u00e4ch vereinbaren.<br \/>Ihr Verkaufsprozess \u2013 Ihre Entscheidung <\/li>\n<\/ul>\n<\/div>\t\t\t\t\t\t\t\t\t\t\t\t\t\t\t\t\t\t\t\t\t\t\t<\/div>\n\t\t\t\t\t\t<\/div>\n\t\t\t\t\t<\/div>\n\t\t\t\t\t\t\t\t\t\t\t\t\t\t\t\t\t\t\t\t\t\t<\/div>\n<\/section>\n<section id=\"side-by-side-block_4637eb1efc6fdc3643cb594213aefe85\" class=\"side-by-side light-mode  background-bright-grey-200\" style=\"\">\n\t<div class=\"side-by-side-content light-mode\">\n\t\t\t\t\t\t\t\t\t\t\t\t\t\t<div class=\"content-block-regular\">\n\t\t\t\t\t\t<div class=\"artwork-block artwork-left\">\n\t\t\t\t\t\t\t\t\t\t\t\t\t\t\t<figure class=\"squared\" style=\"position: relative;\">\n\t\t\t\t\t\t\t\t\t<img decoding=\"async\" src=\"https:\/\/i0.wp.com\/www.opensolar.com\/wp-content\/uploads\/2025\/09\/2-10.jpg?fit=1200%2C1204&#038;quality=89&#038;ssl=1\" class=\"motion-artwork-base-side-by-side-block_4637eb1efc6fdc3643cb594213aefe85\" alt=\"A professionally dressed man and woman stand side-by-side reviewing a tablet. Below them is a project dashboard listing solar installation projects by address, project ID, stage (designing\/selling), and priority (medium). A dropdown filter at top left allows project view selection.\" style=\"z-index: 0;\" \/>\n\t\t\t\t\t\t\t\t\t\t\t\t\t\t\t\t\t\t<img decoding=\"async\" src=\"\" class=\"motion-artwork-layer1-side-by-side-block_4637eb1efc6fdc3643cb594213aefe85\" alt=\"\" style=\"z-index: 1; position: absolute; top: 0; left: 0;\" \/>\n\t\t\t\t\t\t\t\t<\/figure>\n\t\t\t\t\t\t\t\t\t\t\t\t\t\t\t\t\t\t\t\t\t\t\t\t\t\t\t\t<div class=\"text-space\">\n\t\t\t\t\t\t\t\t\t\t\t\t\t\t\t\t<h2 class=\"light-mode\"><p>Einsparungen f\u00fcr Ihre Kunden \u2013 und f\u00fcr Sie<\/p>\n<\/h2>\t\t\t\t\t\t\t\t<div class=\"sub-headline light-mode\"><p>Pr\u00e4sentieren Sie m\u00f6gliche Einsparungszahlen in Echtzeit, um die Motivation Ihrer Kunden zu steigern.<\/p>\n<\/div>\t\t\t\t\t\t\t\t<div class=\"text light-mode\"><ul>\n<li>Ada pr\u00e4sentiert Ihren Kunden eine Zusammenfassung der Einsparungen sowie einen vollst\u00e4ndigen \u00dcberblick \u00fcber die Ersparnisse w\u00e4hrend der gesamten Lebensdauer des Systems \u2013 und weckt so Vertrauen und Interesse.<\/li>\n<li>Ihre Kunden erhalten au\u00dferdem einen detaillierten \u00dcberblick \u00fcber die vorgeschlagenen Anlagen, einschlie\u00dflich der Premium-Inhalte der mehr als 150 <a href=\"https:\/\/www.opensolar.com\/partners\/\">Partner<\/a> von OpenSolar<\/li>\n<li>Alle Kunden-Leads aus AI Lead Gen werden automatisch in Ihr <a href=\"https:\/\/www.opensolar.com\/crm\/\">CRM<\/a> auf OpenSolar oder \u00fcber die <a href=\"https:\/\/www.opensolar.com\/de\/open-api\/\">OpenSolar API<\/a> in Ihre Drittsysteme eingef\u00fcgt, wodurch Sie wertvolle Vertriebs- und Marketingkosten sparen. Sie erhalten dann automatisch eine E-Mail-Benachrichtigung mit der angegebenen Lead-Quelle. Der Lead wird sogar automatisch einem Teammitglied Ihrer Wahl zugewiesen.<\/li>\n<\/ul>\n<\/div>\t\t\t\t\t\t\t\t\t\t\t\t\t\t\t\t\t\t\t\t\t\t\t<\/div>\n\t\t\t\t\t\t<\/div>\n\t\t\t\t\t<\/div>\n\t\t\t\t\t\t\t\t\t\t\t\t\t\t\t\t\t\t\t\t\t\t<\/div>\n<\/section>\n<section id=\"side-by-side-block_8d8e2ce355989ea2cbee32644288e8a4\" class=\"side-by-side light-mode  background-none\" style=\"\">\n\t<div class=\"side-by-side-content light-mode\">\n\t\t\t\t\t\t\t\t\t\t\t\t\t\t<div class=\"content-block-regular\">\n\t\t\t\t\t\t<div class=\"artwork-block artwork-right\">\n\t\t\t\t\t\t\t\t\t\t\t\t\t\t\t<figure class=\"squared\" style=\"position: relative;\">\n\t\t\t\t\t\t\t\t\t<img decoding=\"async\" src=\"https:\/\/i0.wp.com\/www.opensolar.com\/wp-content\/uploads\/2025\/09\/3-7.jpg?fit=1122%2C1076&#038;quality=89&#038;ssl=1\" class=\"motion-artwork-base-side-by-side-block_8d8e2ce355989ea2cbee32644288e8a4\" alt=\"A confident man stands with arms folded, flanked by two product cards. On his left, a Goodman heat pump (4-ton unit with 46,000 BTU heating, 45,000 BTU cooling); on his right, a Polar ESS ALPS GEM 120 CT meter for energy monitoring. Each product includes a &quot;Showcase Brochure&quot; button.\" style=\"z-index: 0;\" \/>\n\t\t\t\t\t\t\t\t\t\t\t\t\t\t\t\t\t\t<img decoding=\"async\" src=\"\" class=\"motion-artwork-layer1-side-by-side-block_8d8e2ce355989ea2cbee32644288e8a4\" alt=\"\" style=\"z-index: 1; position: absolute; top: 0; left: 0;\" \/>\n\t\t\t\t\t\t\t\t<\/figure>\n\t\t\t\t\t\t\t\t\t\t\t\t\t\t\t\t\t\t\t\t\t\t\t\t\t\t\t\t<div class=\"text-space\">\n\t\t\t\t\t\t\t\t\t\t\t\t\t\t\t\t<h2 class=\"light-mode\"><p>Rundum betreuter Service<\/p>\n<\/h2>\t\t\t\t\t\t\t\t<div class=\"sub-headline light-mode\"><p>AI Lead Gen ist ein kostenloser Service, aber Sie erhalten trotzdem:<\/p>\n<\/div>\t\t\t\t\t\t\t\t<div class=\"text light-mode\"><ul>\n<li>In Ihre Website integrierte Auto-System-Designs f\u00fcr ein gro\u00dfartiges Kundenerlebnis<\/li>\n<li>Technische Unterst\u00fctzung bei der Implementierung auf Ihrer Website<\/li>\n<li>Laufende technische Unterst\u00fctzung<\/li>\n<li>Kontinuierliche Upgrades und Verbesserungen, die automatisch auf der Website Ihres Unternehmens erscheinen<\/li>\n<\/ul>\n<\/div>\t\t\t\t\t\t\t\t\t\t\t\t\t\t\t\t\t\t\t\t\t\t\t<\/div>\n\t\t\t\t\t\t<\/div>\n\t\t\t\t\t<\/div>\n\t\t\t\t\t\t\t\t\t\t\t\t\t\t\t\t\t\t\t\t\t\t<\/div>\n<\/section>\n\n<p><\/p>\n","protected":false},"excerpt":{"rendered":"","protected":false},"author":7,"featured_media":0,"parent":0,"menu_order":0,"comment_status":"closed","ping_status":"closed","template":"","meta":{"_acf_changed":false,"footnotes":""},"class_list":["post-13926","page","type-page","status-publish","hentry"],"acf":[],"yoast_head":"<!-- This site is optimized with the Yoast SEO Premium plugin v26.6 (Yoast SEO v26.6) - https:\/\/yoast.com\/wordpress\/plugins\/seo\/ -->\n<title>KI-Lead-Gen | OpenSolar<\/title>\n<meta name=\"description\" content=\"Verwandeln Sie Website-Besucher mit OpenSolars KI-Lead-Generierung in hoch qualifizierte potentielle Solarkunden. Lassen Sie sie ihr eigenes System entwerfen und sofortige Einsparungen direkt auf Ihrer Website sehen. Erfahren Sie mehr und legen Sie los.\" \/>\n<meta name=\"robots\" content=\"index, follow, max-snippet:-1, max-image-preview:large, max-video-preview:-1\" \/>\n<link rel=\"canonical\" href=\"https:\/\/www.opensolar.com\/de\/ki-lead-gen\/\" \/>\n<meta property=\"og:locale\" content=\"de_DE\" \/>\n<meta property=\"og:type\" content=\"article\" \/>\n<meta property=\"og:title\" content=\"KI-Lead-Gen\" \/>\n<meta property=\"og:description\" content=\"Verwandeln Sie Website-Besucher mit OpenSolars KI-Lead-Generierung in hoch qualifizierte potentielle Solarkunden. Lassen Sie sie ihr eigenes System entwerfen und sofortige Einsparungen direkt auf Ihrer Website sehen. Erfahren Sie mehr und legen Sie los.\" \/>\n<meta property=\"og:url\" content=\"https:\/\/www.opensolar.com\/de\/ki-lead-gen\/\" \/>\n<meta property=\"og:site_name\" content=\"OpenSolar\" \/>\n<meta property=\"article:publisher\" content=\"https:\/\/www.facebook.com\/OpenSolarGlobal\/\" \/>\n<meta property=\"article:modified_time\" content=\"2026-02-20T20:35:50+00:00\" \/>\n<meta property=\"og:image\" content=\"https:\/\/i0.wp.com\/www.opensolar.com\/wp-content\/uploads\/2024\/07\/OpenSolar-logo-for-WP.png?fit=1200%2C675&quality=80&ssl=1\" \/>\n\t<meta property=\"og:image:width\" content=\"1200\" \/>\n\t<meta property=\"og:image:height\" content=\"675\" \/>\n\t<meta property=\"og:image:type\" content=\"image\/png\" \/>\n<meta name=\"twitter:card\" content=\"summary_large_image\" \/>\n<meta name=\"twitter:site\" content=\"@opensolar\" \/>\n<script type=\"application\/ld+json\" class=\"yoast-schema-graph\">{\"@context\":\"https:\/\/schema.org\",\"@graph\":[{\"@type\":\"WebPage\",\"@id\":\"https:\/\/www.opensolar.com\/de\/ki-lead-gen\/\",\"url\":\"https:\/\/www.opensolar.com\/de\/ki-lead-gen\/\",\"name\":\"KI-Lead-Gen | OpenSolar\",\"isPartOf\":{\"@id\":\"https:\/\/www.opensolar.com\/de\/#website\"},\"datePublished\":\"2025-09-01T21:25:59+00:00\",\"dateModified\":\"2026-02-20T20:35:50+00:00\",\"description\":\"Verwandeln Sie Website-Besucher mit OpenSolars KI-Lead-Generierung in hoch qualifizierte potentielle Solarkunden. Lassen Sie sie ihr eigenes System entwerfen und sofortige Einsparungen direkt auf Ihrer Website sehen. Erfahren Sie mehr und legen Sie los.\",\"breadcrumb\":{\"@id\":\"https:\/\/www.opensolar.com\/de\/ki-lead-gen\/#breadcrumb\"},\"inLanguage\":\"de-DE\",\"potentialAction\":[{\"@type\":\"ReadAction\",\"target\":[\"https:\/\/www.opensolar.com\/de\/ki-lead-gen\/\"]}]},{\"@type\":\"BreadcrumbList\",\"@id\":\"https:\/\/www.opensolar.com\/de\/ki-lead-gen\/#breadcrumb\",\"itemListElement\":[{\"@type\":\"ListItem\",\"position\":1,\"name\":\"Home\",\"item\":\"https:\/\/www.opensolar.com\/de\/\"},{\"@type\":\"ListItem\",\"position\":2,\"name\":\"KI-Lead-Gen\"}]},{\"@type\":\"WebSite\",\"@id\":\"https:\/\/www.opensolar.com\/de\/#website\",\"url\":\"https:\/\/www.opensolar.com\/de\/\",\"name\":\"OpenSolar\",\"description\":\"Solar Design And Proposal Software\",\"publisher\":{\"@id\":\"https:\/\/www.opensolar.com\/de\/#organization\"},\"potentialAction\":[{\"@type\":\"SearchAction\",\"target\":{\"@type\":\"EntryPoint\",\"urlTemplate\":\"https:\/\/www.opensolar.com\/de\/?s={search_term_string}\"},\"query-input\":{\"@type\":\"PropertyValueSpecification\",\"valueRequired\":true,\"valueName\":\"search_term_string\"}}],\"inLanguage\":\"de-DE\"},{\"@type\":\"Organization\",\"@id\":\"https:\/\/www.opensolar.com\/de\/#organization\",\"name\":\"OpenSolar\",\"url\":\"https:\/\/www.opensolar.com\/de\/\",\"logo\":{\"@type\":\"ImageObject\",\"inLanguage\":\"de-DE\",\"@id\":\"https:\/\/www.opensolar.com\/de\/#\/schema\/logo\/image\/\",\"url\":\"https:\/\/www.opensolar.com\/wp-content\/uploads\/2026\/04\/OpenSolar-Horizontal-Color.svg\",\"contentUrl\":\"https:\/\/www.opensolar.com\/wp-content\/uploads\/2026\/04\/OpenSolar-Horizontal-Color.svg\",\"caption\":\"OpenSolar\"},\"image\":{\"@id\":\"https:\/\/www.opensolar.com\/de\/#\/schema\/logo\/image\/\"},\"sameAs\":[\"https:\/\/www.facebook.com\/OpenSolarGlobal\/\",\"https:\/\/x.com\/opensolar\",\"https:\/\/www.instagram.com\/open.solar\/\",\"https:\/\/www.linkedin.com\/company\/14522819\",\"https:\/\/www.youtube.com\/channel\/UCw3mdQ_ilIq9ZrPpCa_VOnA\/videos\"],\"description\":\"The world's leading solar design and proposal software. Free of charge so you're free to grow.\"}]}<\/script>\n<!-- \/ Yoast SEO Premium plugin. -->","yoast_head_json":{"title":"KI-Lead-Gen | OpenSolar","description":"Verwandeln Sie Website-Besucher mit OpenSolars KI-Lead-Generierung in hoch qualifizierte potentielle Solarkunden. Lassen Sie sie ihr eigenes System entwerfen und sofortige Einsparungen direkt auf Ihrer Website sehen. Erfahren Sie mehr und legen Sie los.","robots":{"index":"index","follow":"follow","max-snippet":"max-snippet:-1","max-image-preview":"max-image-preview:large","max-video-preview":"max-video-preview:-1"},"canonical":"https:\/\/www.opensolar.com\/de\/ki-lead-gen\/","og_locale":"de_DE","og_type":"article","og_title":"KI-Lead-Gen","og_description":"Verwandeln Sie Website-Besucher mit OpenSolars KI-Lead-Generierung in hoch qualifizierte potentielle Solarkunden. Lassen Sie sie ihr eigenes System entwerfen und sofortige Einsparungen direkt auf Ihrer Website sehen. Erfahren Sie mehr und legen Sie los.","og_url":"https:\/\/www.opensolar.com\/de\/ki-lead-gen\/","og_site_name":"OpenSolar","article_publisher":"https:\/\/www.facebook.com\/OpenSolarGlobal\/","article_modified_time":"2026-02-20T20:35:50+00:00","og_image":[{"width":1200,"height":675,"url":"https:\/\/i0.wp.com\/www.opensolar.com\/wp-content\/uploads\/2024\/07\/OpenSolar-logo-for-WP.png?fit=1200%2C675&quality=80&ssl=1","type":"image\/png"}],"twitter_card":"summary_large_image","twitter_site":"@opensolar","schema":{"@context":"https:\/\/schema.org","@graph":[{"@type":"WebPage","@id":"https:\/\/www.opensolar.com\/de\/ki-lead-gen\/","url":"https:\/\/www.opensolar.com\/de\/ki-lead-gen\/","name":"KI-Lead-Gen | OpenSolar","isPartOf":{"@id":"https:\/\/www.opensolar.com\/de\/#website"},"datePublished":"2025-09-01T21:25:59+00:00","dateModified":"2026-02-20T20:35:50+00:00","description":"Verwandeln Sie Website-Besucher mit OpenSolars KI-Lead-Generierung in hoch qualifizierte potentielle Solarkunden. Lassen Sie sie ihr eigenes System entwerfen und sofortige Einsparungen direkt auf Ihrer Website sehen. Erfahren Sie mehr und legen Sie los.","breadcrumb":{"@id":"https:\/\/www.opensolar.com\/de\/ki-lead-gen\/#breadcrumb"},"inLanguage":"de-DE","potentialAction":[{"@type":"ReadAction","target":["https:\/\/www.opensolar.com\/de\/ki-lead-gen\/"]}]},{"@type":"BreadcrumbList","@id":"https:\/\/www.opensolar.com\/de\/ki-lead-gen\/#breadcrumb","itemListElement":[{"@type":"ListItem","position":1,"name":"Home","item":"https:\/\/www.opensolar.com\/de\/"},{"@type":"ListItem","position":2,"name":"KI-Lead-Gen"}]},{"@type":"WebSite","@id":"https:\/\/www.opensolar.com\/de\/#website","url":"https:\/\/www.opensolar.com\/de\/","name":"OpenSolar","description":"Solar Design And Proposal Software","publisher":{"@id":"https:\/\/www.opensolar.com\/de\/#organization"},"potentialAction":[{"@type":"SearchAction","target":{"@type":"EntryPoint","urlTemplate":"https:\/\/www.opensolar.com\/de\/?s={search_term_string}"},"query-input":{"@type":"PropertyValueSpecification","valueRequired":true,"valueName":"search_term_string"}}],"inLanguage":"de-DE"},{"@type":"Organization","@id":"https:\/\/www.opensolar.com\/de\/#organization","name":"OpenSolar","url":"https:\/\/www.opensolar.com\/de\/","logo":{"@type":"ImageObject","inLanguage":"de-DE","@id":"https:\/\/www.opensolar.com\/de\/#\/schema\/logo\/image\/","url":"https:\/\/www.opensolar.com\/wp-content\/uploads\/2026\/04\/OpenSolar-Horizontal-Color.svg","contentUrl":"https:\/\/www.opensolar.com\/wp-content\/uploads\/2026\/04\/OpenSolar-Horizontal-Color.svg","caption":"OpenSolar"},"image":{"@id":"https:\/\/www.opensolar.com\/de\/#\/schema\/logo\/image\/"},"sameAs":["https:\/\/www.facebook.com\/OpenSolarGlobal\/","https:\/\/x.com\/opensolar","https:\/\/www.instagram.com\/open.solar\/","https:\/\/www.linkedin.com\/company\/14522819","https:\/\/www.youtube.com\/channel\/UCw3mdQ_ilIq9ZrPpCa_VOnA\/videos"],"description":"The world's leading solar design and proposal software. Free of charge so you're free to grow."}]}},"_links":{"self":[{"href":"https:\/\/www.opensolar.com\/de\/wp-json\/wp\/v2\/pages\/13926","targetHints":{"allow":["GET"]}}],"collection":[{"href":"https:\/\/www.opensolar.com\/de\/wp-json\/wp\/v2\/pages"}],"about":[{"href":"https:\/\/www.opensolar.com\/de\/wp-json\/wp\/v2\/types\/page"}],"author":[{"embeddable":true,"href":"https:\/\/www.opensolar.com\/de\/wp-json\/wp\/v2\/users\/7"}],"replies":[{"embeddable":true,"href":"https:\/\/www.opensolar.com\/de\/wp-json\/wp\/v2\/comments?post=13926"}],"version-history":[{"count":0,"href":"https:\/\/www.opensolar.com\/de\/wp-json\/wp\/v2\/pages\/13926\/revisions"}],"wp:attachment":[{"href":"https:\/\/www.opensolar.com\/de\/wp-json\/wp\/v2\/media?parent=13926"}],"curies":[{"name":"wp","href":"https:\/\/api.w.org\/{rel}","templated":true}]}}