{"id":13930,"date":"2025-09-01T21:25:11","date_gmt":"2025-09-01T21:25:11","guid":{"rendered":"https:\/\/www.opensolar.com\/verkaufsmaschine\/"},"modified":"2026-03-09T16:44:58","modified_gmt":"2026-03-09T16:44:58","slug":"verkaufsmaschine","status":"publish","type":"page","link":"https:\/\/www.opensolar.com\/de\/verkaufsmaschine\/","title":{"rendered":"Vorschlag f\u00fcr eine Verkaufsmaschine"},"content":{"rendered":"<section id=\"hero-block_777ecbe5b95fa19f83bbe883fddad4a1\" class=\"hero  light-mode background-bright-grey-200\" style=\"\">\n\t\t\t\t\t<div class=\"content-block-hero  background-beta\">\n\t\t\t\t\t\t\t\t<div class=\"intro-text default\">\n\t\t\t\t\t\t\t\t\t\t\t<h1 class=\"motion-hero-headline  badge-beta blue-gradient light-mode\"><p>Vorschlag f\u00fcr eine Verkaufsmaschine<\/p>\n<\/h1>\t\t\t\t\t\t<div class=\"motion-hero-sub-headline sub-headline light-mode\"><p>Verkaufen Sie einen solarstrombetriebenen Lebensstil mit einem modernen und anpassbaren Solarverkaufsangebot. Einfach zu navigieren, auf jedem Ger\u00e4t. <\/p>\n<\/div>\t\t\t\t\t\t<div class=\"motion-hero-text text light-mode\"><p><em>Sales Machine Proposal ist in der Beta-Phase und in Gro\u00dfbritannien, den USA und Australien verf\u00fcgbar. Kontoadministratoren k\u00f6nnen <a href=\"https:\/\/support.opensolar.com\/hc\/en-us\/articles\/13799153168527-How-to-Enable-Beta-Features-on-OpenSolar\" target=\"_blank\" rel=\"noopener\">diese Anweisungen<\/a> befolgen, um die Funktion zu aktivieren oder <\/em><em>  erfahren Sie mehr in diesem <a href=\"https:\/\/support.opensolar.com\/hc\/en-us\/articles\/13782333913231-Sales-Machine-Proposal-User-Guide-Beta\" target=\"_blank\" rel=\"noopener\">Help-Center-Artikel<\/a>.<\/em><\/p>\n<\/div>\t\t\t\t\t\t\t\t\t\t\t\t\t\t\t\t\t\t\t\t<\/div>\n\t\t\t\t\t\t\t\t\t<div class=\"hero-breadcrumb\">\n\t\t\t\t\t\t<div class=\"hero-breadcrumb-content\">\n\t\t\t\t\t\t\t<a href=\"https:\/\/www.opensolar.com\/pro\/\" target=\"_self\">Pro<\/a><span>&gt;<\/span>\t\t\t\t\t\t\t\t\t\t\t\t\t\tVorschlag f\u00fcr eine Verkaufsmaschine\t\t\t\t\t\t<\/div>\n\t\t\t\t\t<\/div>\n\t\t\t\t\t\t\t<\/div>\n\t\t<\/section><section id=\"side-by-side-block_904e90a57ce74531738dc1988896d5c3\" class=\"side-by-side light-mode  background-none\" style=\"\">\n\t<div class=\"side-by-side-content light-mode\">\n\t\t\t\t\t\t\t\t\t\t\t\t\t\t<div class=\"content-block-regular\">\n\t\t\t\t\t\t<div class=\"artwork-block artwork-right\">\n\t\t\t\t\t\t\t\t\t\t\t\t\t\t\t<figure class=\"squared\" style=\"position: relative;\">\n\t\t\t\t\t\t\t\t\t<img decoding=\"async\" src=\"https:\/\/i0.wp.com\/www.opensolar.com\/wp-content\/uploads\/2025\/09\/1-10.jpg?fit=1200%2C1000&#038;quality=89&#038;ssl=1\" class=\"motion-artwork-base-side-by-side-block_904e90a57ce74531738dc1988896d5c3\" alt=\"A 3D illustration of a modern two-story home with rooftop solar panels, connected by yellow wiring to a wall-mounted battery and inverter system on the side of the house. The solar system is linked to a detached garage, which has an EV charging station on the wall and two electric cars parked in front, highlighted in yellow. A control panel on the right side of the image displays system customization options, showing 15 solar panels selected, and one unit each for battery storage, EV charging, and what appears to be HVAC or load management components. Two human figures stand in front of the house for scale, and trees are visible behind the garage.\" style=\"z-index: 0;\" \/>\n\t\t\t\t\t\t\t\t\t\t\t\t\t\t\t\t\t\t<img decoding=\"async\" src=\"\" class=\"motion-artwork-layer1-side-by-side-block_904e90a57ce74531738dc1988896d5c3\" alt=\"\" style=\"z-index: 1; position: absolute; top: 0; left: 0;\" \/>\n\t\t\t\t\t\t\t\t<\/figure>\n\t\t\t\t\t\t\t\t\t\t\t\t\t\t\t\t\t\t\t\t\t\t\t\t\t\t\t\t<div class=\"text-space\">\n\t\t\t\t\t\t\t\t\t\t\t\t\t\t\t\t<h2 class=\"light-mode\"><p>Vorschl\u00e4ge, die den solar-elektrifizierten Lebensstil verkaufen<\/p>\n<\/h2>\t\t\t\t\t\t\t\t<div class=\"sub-headline light-mode\"><p>Veranschaulichen Sie Ihren Kunden eindrucksvoll den Unterschied zwischen dem Leben vor und nach der Solarelektrifizierung.<\/p>\n<\/div>\t\t\t\t\t\t\t\t<div class=\"text light-mode\"><ul>\n<li>Erz\u00e4hlen Sie Ihre eigene Geschichte mit einem anpassbaren Layout, sowie Ihrem Branding und Inhalt<\/li>\n<li>Zeigen Sie Ihren Kunden die monatlichen und kumulierten Kosten f\u00fcr die Beibehaltung fossiler Brennstoffe<\/li>\n<li>Pr\u00e4sentieren Sie die finanziellen Einsparungen eines elektrifizierten Lebens, die sich mit der Zeit aufbauen<\/li>\n<li>Pr\u00e4sentieren Sie Solaranlagen und Speicher, oder f\u00fcgen Sie EV-Ladeger\u00e4te und W\u00e4rmepumpen hinzu, um das gesamte Haus zu elektrifizieren.<\/li>\n<\/ul>\n<\/div>\t\t\t\t\t\t\t\t\t\t\t\t\t\t\t\t\t\t\t\t\t\t\t<\/div>\n\t\t\t\t\t\t<\/div>\n\t\t\t\t\t<\/div>\n\t\t\t\t\t\t\t\t\t\t\t\t\t\t\t\t\t\t\t\t\t\t<\/div>\n<\/section>\n<section id=\"side-by-side-block_9c2c52dee8a2754b239eecdc5f380d38\" class=\"side-by-side light-mode  background-bright-grey-200\" style=\"\">\n\t<div class=\"side-by-side-content light-mode\">\n\t\t\t\t\t\t\t\t\t\t\t\t\t\t<div class=\"content-block-regular\">\n\t\t\t\t\t\t<div class=\"artwork-block artwork-left\">\n\t\t\t\t\t\t\t\t\t\t\t\t\t\t\t<figure class=\"squared\" style=\"position: relative;\">\n\t\t\t\t\t\t\t\t\t<img decoding=\"async\" src=\"https:\/\/i0.wp.com\/www.opensolar.com\/wp-content\/uploads\/2025\/09\/2-8.jpg?fit=1200%2C1000&#038;quality=89&#038;ssl=1\" class=\"motion-artwork-base-side-by-side-block_9c2c52dee8a2754b239eecdc5f380d38\" alt=\"A man and woman are seated, having a discussion while looking at a tablet. Floating around them are data visualizations comparing energy costs. On the left, a breakdown shows a solar plan with $0 gas, $0 fuel, $140\/month financing, and $50 monthly electricity cost. On the right, a traditional utility breakdown displays $225 for fuel, $54 for gas, and $147 for electricity. Bar charts behind each cost summary represent the proportional energy expenses. The image conveys a positive, informed conversation about energy savings through solar adoption.\" style=\"z-index: 0;\" \/>\n\t\t\t\t\t\t\t\t\t\t\t\t\t\t\t\t\t\t<img decoding=\"async\" src=\"\" class=\"motion-artwork-layer1-side-by-side-block_9c2c52dee8a2754b239eecdc5f380d38\" alt=\"\" style=\"z-index: 1; position: absolute; top: 0; left: 0;\" \/>\n\t\t\t\t\t\t\t\t<\/figure>\n\t\t\t\t\t\t\t\t\t\t\t\t\t\t\t\t\t\t\t\t\t\t\t\t\t\t\t\t<div class=\"text-space\">\n\t\t\t\t\t\t\t\t\t\t\t\t\t\t\t\t<h2 class=\"light-mode\"><p>Einsparungen, die eine eindrucksvolle Geschichte erz\u00e4hlen<\/p>\n<\/h2>\t\t\t\t\t\t\t\t<div class=\"sub-headline light-mode\"><p>Stellen Sie die teuren und sch\u00e4dlichen Kosten eines fossil betriebenen Lebens den Vorteilen der Solarelektrifizierung gegen\u00fcber.<\/p>\n<\/div>\t\t\t\t\t\t\t\t<div class=\"text light-mode\"><ul>\n<li>Der neue Tab Aktuell zeigt die Kosten des Nichtstuns, w\u00e4hrend der Tab Elektrifiziert die Einsparungen und Lifestyle-Vorteile einer solarelektrischen Zukunft mit Backup und Lastspitzenkappung pr\u00e4sentiert.<\/li>\n<li>Zwischen monatlichen und kumulierten Einsparungen wechseln.<\/li>\n<li>Stellen Sie den individuellen Beitrag zu den Einsparungen durch Solaranlagen, Speicher, EV-Transport und W\u00e4rmepumpen dar.<\/li>\n<li>Pr\u00e4sentieren Sie den individuellen Beitrag von Solar, Speicher, E-Mobilit\u00e4t und W\u00e4rmepumpen zu den Einsparungen.<\/li>\n<\/ul>\n<\/div>\t\t\t\t\t\t\t\t\t\t\t\t\t\t\t\t\t\t\t\t\t\t\t<\/div>\n\t\t\t\t\t\t<\/div>\n\t\t\t\t\t<\/div>\n\t\t\t\t\t\t\t\t\t\t\t\t\t\t\t\t\t\t\t\t\t\t<\/div>\n<\/section>\n<section id=\"side-by-side-block_e78b05b51b88b663effa961644b779a3\" class=\"side-by-side light-mode  background-none\" style=\"\">\n\t<div class=\"side-by-side-content light-mode\">\n\t\t\t\t\t\t\t\t\t\t\t\t\t\t<div class=\"content-block-regular\">\n\t\t\t\t\t\t<div class=\"artwork-block artwork-right\">\n\t\t\t\t\t\t\t\t\t\t\t\t\t\t\t<figure class=\"squared\" style=\"position: relative;\">\n\t\t\t\t\t\t\t\t\t<img decoding=\"async\" src=\"https:\/\/i0.wp.com\/www.opensolar.com\/wp-content\/uploads\/2025\/09\/3.jpg?fit=600%2C500&#038;quality=89&#038;ssl=1\" class=\"motion-artwork-base-side-by-side-block_e78b05b51b88b663effa961644b779a3\" alt=\"A modern two-story suburban home with a large rooftop solar panel array installed. Below the image, three product cards highlight key components of the home&#039;s energy system: a Goodman heat pump (4-ton heating, 5-ton cooling unit), a set of 15 LONGi HI5-54HIH-415M solar panels (415W each), and an Enphase EV charger (208\/240 VAC, single-phase). Each product card includes brand logos, product images, technical specs, and buttons to download brochures. The scene promotes an integrated clean energy solution for residential homes.\" style=\"z-index: 0;\" \/>\n\t\t\t\t\t\t\t\t\t\t\t\t\t\t\t\t\t\t<img decoding=\"async\" src=\"\" class=\"motion-artwork-layer1-side-by-side-block_e78b05b51b88b663effa961644b779a3\" alt=\"\" style=\"z-index: 1; position: absolute; top: 0; left: 0;\" \/>\n\t\t\t\t\t\t\t\t<\/figure>\n\t\t\t\t\t\t\t\t\t\t\t\t\t\t\t\t\t\t\t\t\t\t\t\t\t\t\t\t<div class=\"text-space\">\n\t\t\t\t\t\t\t\t\t\t\t\t\t\t\t\t<h2 class=\"light-mode\"><p>Gestalten Sie nach Ihren eigenen Vorstellungen<\/p>\n<\/h2>\t\t\t\t\t\t\t\t<div class=\"sub-headline light-mode\"><p>Mit zahlreichen Individualisierungsfunktionen \u2013 und st\u00e4ndig neuen Features \u2013 wird Ihr Angebot einzigartig, erz\u00e4hlt Ihre pers\u00f6nliche Geschichte und hebt sich deutlich von der Konkurrenz ab.<\/p>\n<\/div>\t\t\t\t\t\t\t\t<div class=\"text light-mode\"><ul>\n<li>Erstellen Sie Ihr eigenes Deckblatt und Ihre Markenpr\u00e4sentation<\/li>\n<li>Gestalten Sie Ihr Angebot flexibel: Inhalte hinzuf\u00fcgen, verschieben und mit Ihren eigenen Bildern und Inhalten personalisieren.<\/li>\n<li>Zeigen Sie Ihre einzigartige Auswahl an Hardware-Optionen \u2013 unterst\u00fctzt durch hochwertiges Content-Material der Hersteller-Marken, die bei OpenSolar integriert sind.<\/li>\n<\/ul>\n<\/div>\t\t\t\t\t\t\t\t\t\t\t\t\t\t\t\t\t\t\t\t\t\t\t<\/div>\n\t\t\t\t\t\t<\/div>\n\t\t\t\t\t<\/div>\n\t\t\t\t\t\t\t\t\t\t\t\t\t\t\t\t\t\t\t\t\t\t<\/div>\n<\/section>\n<section id=\"whole-home-electrification\" class=\"side-by-side light-mode  background-bright-grey-200\" style=\"\">\n\t<div class=\"side-by-side-content light-mode\">\n\t\t\t\t\t\t\t\t\t\t\t\t\t\t<div class=\"content-block-regular\">\n\t\t\t\t\t\t<div class=\"artwork-block artwork-left\">\n\t\t\t\t\t\t\t\t\t\t\t\t\t\t\t<figure class=\"squared\" style=\"position: relative;\">\n\t\t\t\t\t\t\t\t\t<img decoding=\"async\" src=\"https:\/\/i0.wp.com\/www.opensolar.com\/wp-content\/uploads\/2025\/09\/5-1.jpg?fit=1200%2C1000&#038;quality=89&#038;ssl=1\" class=\"motion-artwork-base-whole-home-electrification\" alt=\"An HVAC technician in a hard hat works on an outdoor heat pump unit, representing home electrification. Superimposed on the image are user interface elements from OpenSolar&#039;s energy analysis tool. These elements show input fields for &quot;Transportation Usage&quot; (for an ICE vehicle) and &quot;Heat Pump Data,&quot; which are used to build the customer&#039;s comprehensive monthly energy usage profile, shown as a bar chart in the background.\" style=\"z-index: 0;\" \/>\n\t\t\t\t\t\t\t\t\t\t\t\t\t\t\t\t\t\t<img decoding=\"async\" src=\"\" class=\"motion-artwork-layer1-whole-home-electrification\" alt=\"\" style=\"z-index: 1; position: absolute; top: 0; left: 0;\" \/>\n\t\t\t\t\t\t\t\t<\/figure>\n\t\t\t\t\t\t\t\t\t\t\t\t\t\t\t\t\t\t\t\t\t\t\t\t\t\t\t\t<div class=\"text-space\">\n\t\t\t\t\t\t\t\t\t\t\t\t\t\t\t\t<h2 class=\"light-mode\"><p>Vollst\u00e4ndige Elektrifizierung des gesamten Hauses<\/p>\n<\/h2>\t\t\t\t\t\t\t\t<div class=\"sub-headline light-mode\"><p>Erstellen Sie ein vollst\u00e4ndiges Energieprofil f\u00fcr Ihre Kunden und verstehen Sie so ihre aktuellen und zuk\u00fcnftigen Bed\u00fcrfnisse.<\/p>\n<\/div>\t\t\t\t\t\t\t\t<div class=\"text light-mode\"><ul>\n<li>Verfeinern Sie ein automatisch generiertes Profil der Netzstromnutzung<\/li>\n<li>Erfassen Sie den Kraftstoffverbrauch und die Kosten des Fahrzeugs mit Verbrennungsmotor Ihres Kunden und vergleichen Sie diese mit der Nutzung von Solarstrom, um mit einem Elektrofahrzeug von A nach B zu kommen.<\/li>\n<li>Laden Sie ein 8760-Profil f\u00fcr eine empfohlene W\u00e4rmepumpe f\u00fcr das Projekt hoch und berechnen Sie automatisch, wie viel Solarenergie f\u00fcr deren Betrieb ben\u00f6tigt wird.<\/li>\n<li>Wenn Sie m\u00f6chten, k\u00f6nnen Sie die Installation der E-Ladestation und der W\u00e4rmepumpe an vertraute Fachbetriebe \u00fcber OS-Teams auslagern.<br \/>Die Fachbetriebe tragen nur die Details in Ihr Projekt ein \u2013 und Sie bleiben weiterhin der Hauptverantwortliche f\u00fcr das gesamte Projekt. <\/li>\n<\/ul>\n<\/div>\t\t\t\t\t\t\t\t\t\t\t\t\t\t\t\t\t\t\t\t\t\t\t<\/div>\n\t\t\t\t\t\t<\/div>\n\t\t\t\t\t<\/div>\n\t\t\t\t\t\t\t\t\t\t\t\t\t\t\t\t\t\t\t\t\t\t<\/div>\n<\/section>\n<section id=\"side-by-side-block_09348b962fed26b376eba5cec44f27eb\" class=\"side-by-side light-mode  background-white\" style=\"\">\n\t<div class=\"side-by-side-content light-mode\">\n\t\t\t\t\t\t\t\t\t\t\t\t\t\t<div class=\"content-block-regular\">\n\t\t\t\t\t\t<div class=\"artwork-block artwork-right\">\n\t\t\t\t\t\t\t\t\t\t\t\t\t\t\t<figure class=\"squared\" style=\"position: relative;\">\n\t\t\t\t\t\t\t\t\t<img decoding=\"async\" src=\"https:\/\/i0.wp.com\/www.opensolar.com\/wp-content\/uploads\/2025\/09\/1jpg.jpg?fit=1200%2C1000&#038;quality=89&#038;ssl=1\" class=\"motion-artwork-base-side-by-side-block_09348b962fed26b376eba5cec44f27eb\" alt=\"A checkout interface for purchasing a residential solar energy system titled &quot;Your Electrified Life.&quot; On the left, a 3D-rendered house is equipped with solar panels, battery, and EV charging. Below it, the quotation details list: 23 REC 450W solar panels, a Solax Power inverter, a Solax 15.0 kWh battery, and &quot;Empowered by Light&quot; service. The standard system price is $61,319.36, with a discount of $19,769.36, bringing the total to $41,550.00. On the right, a secure payment section allows for express checkout via Apple Pay, Google Pay, or PayPal, or manual credit card entry.\" style=\"z-index: 0;\" \/>\n\t\t\t\t\t\t\t\t\t\t\t\t\t\t\t\t\t\t<img decoding=\"async\" src=\"\" class=\"motion-artwork-layer1-side-by-side-block_09348b962fed26b376eba5cec44f27eb\" alt=\"\" style=\"z-index: 1; position: absolute; top: 0; left: 0;\" \/>\n\t\t\t\t\t\t\t\t<\/figure>\n\t\t\t\t\t\t\t\t\t\t\t\t\t\t\t\t\t\t\t\t\t\t\t\t\t\t\t\t<div class=\"text-space\">\n\t\t\t\t\t\t\t\t\t\t\t\t\t\t\t\t<h2 class=\"light-mode\"><p>Testen Sie unseren neuen Checkout<\/p>\n<\/h2>\t\t\t\t\t\t\t\t<div class=\"sub-headline light-mode\"><p>Ein modernes Checkout-Erlebnis st\u00e4rkt Ihre Marke und schafft Vertrauen bei Ihren Kunden.<\/p>\n<\/div>\t\t\t\t\t\t\t\t<div class=\"text light-mode\"><ul>\n<li>Ein ansprechendes Checkout macht Lust auf den Kauf<\/li>\n<li>Bieten Sie verschiedene Zahlungsoptionen \u2013 von Barzahlung \u00fcber Kredite bis zu PPAs \u2013 und machen Sie es Ihren Kunden leicht zu zahlen, w\u00e4hrend Sie Ihre Ums\u00e4tze m\u00fchelos im Blick behalten.<\/li>\n<li>Mehr Umsatz mit m\u00fcheloser Barzahlung dank CashFlow.<\/li>\n<\/ul>\n<\/div>\t\t\t\t\t\t\t\t\t\t\t\t\t\t\t\t\t\t\t\t\t\t\t<\/div>\n\t\t\t\t\t\t<\/div>\n\t\t\t\t\t<\/div>\n\t\t\t\t\t\t\t\t\t\t\t\t\t\t\t\t\t\t\t\t\t\t<\/div>\n<\/section>\n<section id=\"one-column-block_0b92ef9d66ef4d69e554bda75a7ba5fb\" class=\"one-column bs-h-regular bs-tp-none bs-sp-regular bs-bp-regular light-mode  background-bright-grey-200\" style=\"\">\n\t<div class=\"block-style-center\">\n\t\t\t\t\t<header>\n\t\t\t\t\t\t\t\t\t\t\t\t<h2 id=\"one-column-block_0b92ef9d66ef4d69e554bda75a7ba5fb-h2\" class=\"black one-column-headline light-mode\"><p>Zugriff auf das Sales Machine Beta-Programm anfordern<\/p>\n<\/h2>\t\t\t\t\t\t\t<\/header>\n\t\t\t\t<div class=\"center-column\">\n\t\t\t\t\t\t\t\t\t\t\t\t\t\t\t\t\t\t<div class=\"code light-mode\">\n\t\t\t\t\t\t\t<script charset=\"utf-8\" type=\"text\/javascript\" src=\"\/\/js.hsforms.net\/forms\/embed\/v2.js\"><\/script>\n\t\t\t\t\t\t\t<script>\n\t\t\t\t\t\t\t  hbspt.forms.create({\n\t\t\t\t\t\t\t\tregion: \"na1\",\n\t\t\t\t\t\t\t\tportalId: \"21246721\",\n\t\t\t\t\t\t\t\tformId: \"0f514a10-fe52-41e4-b532-03878a837e36\"\n\t\t\t\t\t\t\t  });\n\t\t\t\t\t\t\t<\/script>\n\t\t\t\t\t\t<\/div>\n\t\t\t\t\t\t\t\t\t\t\t\t\t\t<\/div>\n\t<\/div>\n<\/section>","protected":false},"excerpt":{"rendered":"","protected":false},"author":7,"featured_media":0,"parent":0,"menu_order":0,"comment_status":"closed","ping_status":"closed","template":"","meta":{"_acf_changed":false,"footnotes":""},"class_list":["post-13930","page","type-page","status-publish","hentry"],"acf":[],"yoast_head":"<!-- This site is optimized with the Yoast SEO Premium plugin v26.6 (Yoast SEO v26.6) - https:\/\/yoast.com\/wordpress\/plugins\/seo\/ -->\n<title>Verkaufsmaschine | Personalisierbare Solarangebote | OpenSolar<\/title>\n<meta name=\"description\" content=\"Steigern Sie Ihre Abschlussquote mit der Sales Machine von OpenSolar. Individuell anpassbare Solarangebote, die die Elektrifizierung des gesamten Hauses mit starken Einsparungen und einfachen Zahlungsoptionen verkaufen.\" \/>\n<meta name=\"robots\" content=\"index, follow, max-snippet:-1, max-image-preview:large, max-video-preview:-1\" \/>\n<link rel=\"canonical\" href=\"https:\/\/www.opensolar.com\/de\/verkaufsmaschine\/\" \/>\n<meta property=\"og:locale\" content=\"de_DE\" \/>\n<meta property=\"og:type\" content=\"article\" \/>\n<meta property=\"og:title\" content=\"Vorschlag f\u00fcr eine Verkaufsmaschine\" \/>\n<meta property=\"og:description\" content=\"Steigern Sie Ihre Abschlussquote mit der Sales Machine von OpenSolar. Individuell anpassbare Solarangebote, die die Elektrifizierung des gesamten Hauses mit starken Einsparungen und einfachen Zahlungsoptionen verkaufen.\" \/>\n<meta property=\"og:url\" content=\"https:\/\/www.opensolar.com\/de\/verkaufsmaschine\/\" \/>\n<meta property=\"og:site_name\" content=\"OpenSolar\" \/>\n<meta property=\"article:publisher\" content=\"https:\/\/www.facebook.com\/OpenSolarGlobal\/\" \/>\n<meta property=\"article:modified_time\" content=\"2026-03-09T16:44:58+00:00\" \/>\n<meta property=\"og:image\" content=\"https:\/\/i0.wp.com\/www.opensolar.com\/wp-content\/uploads\/2024\/07\/OpenSolar-logo-for-WP.png?fit=1200%2C675&quality=80&ssl=1\" \/>\n\t<meta property=\"og:image:width\" content=\"1200\" \/>\n\t<meta property=\"og:image:height\" content=\"675\" \/>\n\t<meta property=\"og:image:type\" content=\"image\/png\" \/>\n<meta name=\"twitter:card\" content=\"summary_large_image\" \/>\n<meta name=\"twitter:site\" content=\"@opensolar\" \/>\n<script type=\"application\/ld+json\" class=\"yoast-schema-graph\">{\"@context\":\"https:\/\/schema.org\",\"@graph\":[{\"@type\":\"WebPage\",\"@id\":\"https:\/\/www.opensolar.com\/de\/verkaufsmaschine\/\",\"url\":\"https:\/\/www.opensolar.com\/de\/verkaufsmaschine\/\",\"name\":\"Verkaufsmaschine | Personalisierbare Solarangebote | OpenSolar\",\"isPartOf\":{\"@id\":\"https:\/\/www.opensolar.com\/de\/#website\"},\"datePublished\":\"2025-09-01T21:25:11+00:00\",\"dateModified\":\"2026-03-09T16:44:58+00:00\",\"description\":\"Steigern Sie Ihre Abschlussquote mit der Sales Machine von OpenSolar. Individuell anpassbare Solarangebote, die die Elektrifizierung des gesamten Hauses mit starken Einsparungen und einfachen Zahlungsoptionen verkaufen.\",\"breadcrumb\":{\"@id\":\"https:\/\/www.opensolar.com\/de\/verkaufsmaschine\/#breadcrumb\"},\"inLanguage\":\"de-DE\",\"potentialAction\":[{\"@type\":\"ReadAction\",\"target\":[\"https:\/\/www.opensolar.com\/de\/verkaufsmaschine\/\"]}]},{\"@type\":\"BreadcrumbList\",\"@id\":\"https:\/\/www.opensolar.com\/de\/verkaufsmaschine\/#breadcrumb\",\"itemListElement\":[{\"@type\":\"ListItem\",\"position\":1,\"name\":\"Home\",\"item\":\"https:\/\/www.opensolar.com\/de\/\"},{\"@type\":\"ListItem\",\"position\":2,\"name\":\"Vorschlag f\u00fcr eine Verkaufsmaschine\"}]},{\"@type\":\"WebSite\",\"@id\":\"https:\/\/www.opensolar.com\/de\/#website\",\"url\":\"https:\/\/www.opensolar.com\/de\/\",\"name\":\"OpenSolar\",\"description\":\"Solar Design And Proposal Software\",\"publisher\":{\"@id\":\"https:\/\/www.opensolar.com\/de\/#organization\"},\"potentialAction\":[{\"@type\":\"SearchAction\",\"target\":{\"@type\":\"EntryPoint\",\"urlTemplate\":\"https:\/\/www.opensolar.com\/de\/?s={search_term_string}\"},\"query-input\":{\"@type\":\"PropertyValueSpecification\",\"valueRequired\":true,\"valueName\":\"search_term_string\"}}],\"inLanguage\":\"de-DE\"},{\"@type\":\"Organization\",\"@id\":\"https:\/\/www.opensolar.com\/de\/#organization\",\"name\":\"OpenSolar\",\"url\":\"https:\/\/www.opensolar.com\/de\/\",\"logo\":{\"@type\":\"ImageObject\",\"inLanguage\":\"de-DE\",\"@id\":\"https:\/\/www.opensolar.com\/de\/#\/schema\/logo\/image\/\",\"url\":\"https:\/\/www.opensolar.com\/wp-content\/uploads\/2026\/04\/OpenSolar-Horizontal-Color.svg\",\"contentUrl\":\"https:\/\/www.opensolar.com\/wp-content\/uploads\/2026\/04\/OpenSolar-Horizontal-Color.svg\",\"caption\":\"OpenSolar\"},\"image\":{\"@id\":\"https:\/\/www.opensolar.com\/de\/#\/schema\/logo\/image\/\"},\"sameAs\":[\"https:\/\/www.facebook.com\/OpenSolarGlobal\/\",\"https:\/\/x.com\/opensolar\",\"https:\/\/www.instagram.com\/open.solar\/\",\"https:\/\/www.linkedin.com\/company\/14522819\",\"https:\/\/www.youtube.com\/channel\/UCw3mdQ_ilIq9ZrPpCa_VOnA\/videos\"],\"description\":\"The world's leading solar design and proposal software. Free of charge so you're free to grow.\"}]}<\/script>\n<!-- \/ Yoast SEO Premium plugin. -->","yoast_head_json":{"title":"Verkaufsmaschine | Personalisierbare Solarangebote | OpenSolar","description":"Steigern Sie Ihre Abschlussquote mit der Sales Machine von OpenSolar. Individuell anpassbare Solarangebote, die die Elektrifizierung des gesamten Hauses mit starken Einsparungen und einfachen Zahlungsoptionen verkaufen.","robots":{"index":"index","follow":"follow","max-snippet":"max-snippet:-1","max-image-preview":"max-image-preview:large","max-video-preview":"max-video-preview:-1"},"canonical":"https:\/\/www.opensolar.com\/de\/verkaufsmaschine\/","og_locale":"de_DE","og_type":"article","og_title":"Vorschlag f\u00fcr eine Verkaufsmaschine","og_description":"Steigern Sie Ihre Abschlussquote mit der Sales Machine von OpenSolar. Individuell anpassbare Solarangebote, die die Elektrifizierung des gesamten Hauses mit starken Einsparungen und einfachen Zahlungsoptionen verkaufen.","og_url":"https:\/\/www.opensolar.com\/de\/verkaufsmaschine\/","og_site_name":"OpenSolar","article_publisher":"https:\/\/www.facebook.com\/OpenSolarGlobal\/","article_modified_time":"2026-03-09T16:44:58+00:00","og_image":[{"width":1200,"height":675,"url":"https:\/\/i0.wp.com\/www.opensolar.com\/wp-content\/uploads\/2024\/07\/OpenSolar-logo-for-WP.png?fit=1200%2C675&quality=80&ssl=1","type":"image\/png"}],"twitter_card":"summary_large_image","twitter_site":"@opensolar","schema":{"@context":"https:\/\/schema.org","@graph":[{"@type":"WebPage","@id":"https:\/\/www.opensolar.com\/de\/verkaufsmaschine\/","url":"https:\/\/www.opensolar.com\/de\/verkaufsmaschine\/","name":"Verkaufsmaschine | Personalisierbare Solarangebote | OpenSolar","isPartOf":{"@id":"https:\/\/www.opensolar.com\/de\/#website"},"datePublished":"2025-09-01T21:25:11+00:00","dateModified":"2026-03-09T16:44:58+00:00","description":"Steigern Sie Ihre Abschlussquote mit der Sales Machine von OpenSolar. Individuell anpassbare Solarangebote, die die Elektrifizierung des gesamten Hauses mit starken Einsparungen und einfachen Zahlungsoptionen verkaufen.","breadcrumb":{"@id":"https:\/\/www.opensolar.com\/de\/verkaufsmaschine\/#breadcrumb"},"inLanguage":"de-DE","potentialAction":[{"@type":"ReadAction","target":["https:\/\/www.opensolar.com\/de\/verkaufsmaschine\/"]}]},{"@type":"BreadcrumbList","@id":"https:\/\/www.opensolar.com\/de\/verkaufsmaschine\/#breadcrumb","itemListElement":[{"@type":"ListItem","position":1,"name":"Home","item":"https:\/\/www.opensolar.com\/de\/"},{"@type":"ListItem","position":2,"name":"Vorschlag f\u00fcr eine Verkaufsmaschine"}]},{"@type":"WebSite","@id":"https:\/\/www.opensolar.com\/de\/#website","url":"https:\/\/www.opensolar.com\/de\/","name":"OpenSolar","description":"Solar Design And Proposal Software","publisher":{"@id":"https:\/\/www.opensolar.com\/de\/#organization"},"potentialAction":[{"@type":"SearchAction","target":{"@type":"EntryPoint","urlTemplate":"https:\/\/www.opensolar.com\/de\/?s={search_term_string}"},"query-input":{"@type":"PropertyValueSpecification","valueRequired":true,"valueName":"search_term_string"}}],"inLanguage":"de-DE"},{"@type":"Organization","@id":"https:\/\/www.opensolar.com\/de\/#organization","name":"OpenSolar","url":"https:\/\/www.opensolar.com\/de\/","logo":{"@type":"ImageObject","inLanguage":"de-DE","@id":"https:\/\/www.opensolar.com\/de\/#\/schema\/logo\/image\/","url":"https:\/\/www.opensolar.com\/wp-content\/uploads\/2026\/04\/OpenSolar-Horizontal-Color.svg","contentUrl":"https:\/\/www.opensolar.com\/wp-content\/uploads\/2026\/04\/OpenSolar-Horizontal-Color.svg","caption":"OpenSolar"},"image":{"@id":"https:\/\/www.opensolar.com\/de\/#\/schema\/logo\/image\/"},"sameAs":["https:\/\/www.facebook.com\/OpenSolarGlobal\/","https:\/\/x.com\/opensolar","https:\/\/www.instagram.com\/open.solar\/","https:\/\/www.linkedin.com\/company\/14522819","https:\/\/www.youtube.com\/channel\/UCw3mdQ_ilIq9ZrPpCa_VOnA\/videos"],"description":"The world's leading solar design and proposal software. Free of charge so you're free to grow."}]}},"_links":{"self":[{"href":"https:\/\/www.opensolar.com\/de\/wp-json\/wp\/v2\/pages\/13930","targetHints":{"allow":["GET"]}}],"collection":[{"href":"https:\/\/www.opensolar.com\/de\/wp-json\/wp\/v2\/pages"}],"about":[{"href":"https:\/\/www.opensolar.com\/de\/wp-json\/wp\/v2\/types\/page"}],"author":[{"embeddable":true,"href":"https:\/\/www.opensolar.com\/de\/wp-json\/wp\/v2\/users\/7"}],"replies":[{"embeddable":true,"href":"https:\/\/www.opensolar.com\/de\/wp-json\/wp\/v2\/comments?post=13930"}],"version-history":[{"count":0,"href":"https:\/\/www.opensolar.com\/de\/wp-json\/wp\/v2\/pages\/13930\/revisions"}],"wp:attachment":[{"href":"https:\/\/www.opensolar.com\/de\/wp-json\/wp\/v2\/media?parent=13930"}],"curies":[{"name":"wp","href":"https:\/\/api.w.org\/{rel}","templated":true}]}}