{"id":15862,"date":"2026-03-24T03:50:35","date_gmt":"2026-03-24T03:50:35","guid":{"rendered":"https:\/\/www.opensolar.com\/marktgruender-programm\/"},"modified":"2026-03-26T14:53:58","modified_gmt":"2026-03-26T14:53:58","slug":"marktgruender-programm","status":"publish","type":"page","link":"https:\/\/www.opensolar.com\/de\/marktgruender-programm\/","title":{"rendered":"Marktgr\u00fcnder-Programm"},"content":{"rendered":"<section id=\"hero-block_023cf64132ebb9ca331a1435161f1561\" class=\"hero  light-mode background-bright-grey-200\" style=\"\">\n\t\t\t\t\t<div class=\"content-block-hero\">\n\t\t\t\t\t\t\t\t<div class=\"intro-text default\">\n\t\t\t\t\t\t\t\t\t\t\t<h1 class=\"motion-hero-headline blue-gradient light-mode\"><p>OpenSolar Marktgr\u00fcnder-Programm<\/p>\n<\/h1>\t\t\t\t\t\t<div class=\"motion-hero-sub-headline sub-headline light-mode\"><p>Rekrutierung von erfahrenen Solarunternehmern, die die Expansion von OpenSolar leiten und das Solarwachstum in neuen M\u00e4rkten vorantreiben.<\/p>\n<\/div>\t\t\t\t\t\t\t\t\t\t\t\t\t\t\t\t\t\t\t<div class=\"actions\">\n\t\t\t\t\t\t\t\t<div class=\"button\"><a href=\"#apply\" target=\"_self\" class=\"button-filled light-mode\">Jetzt bewerben<\/a><\/div>\t\t\t\t\t\t\t\t\t\t\t\t\t\t\t<\/div>\n\t\t\t\t\t\t\t\t\t\t\t\t\t\t\t\t\t\t\t\t<\/div>\n\t\t\t\t\t\t\t\t\t<div class=\"hero-breadcrumb\">\n\t\t\t\t\t\t<div class=\"hero-breadcrumb-content\">\n\t\t\t\t\t\t\t<a href=\"https:\/\/www.opensolar.com\/partner\/\" target=\"_self\">Partner<\/a><span>&gt;<\/span>\t\t\t\t\t\t\t\t\t\t\t\t\t\tMarktgr\u00fcnder-Programm\t\t\t\t\t\t<\/div>\n\t\t\t\t\t<\/div>\n\t\t\t\t\t\t\t<\/div>\n\t\t<\/section><section id=\"side-by-side-block_21695b8a9aabe32ccc58273d3ca9d87c\" class=\"side-by-side light-mode  background-none\" style=\"\">\n\t<div class=\"side-by-side-content light-mode\">\n\t\t\t\t\t\t\t\t\t\t\t\t\t\t<div class=\"content-block-regular\">\n\t\t\t\t\t\t<div class=\"artwork-block artwork-right\">\n\t\t\t\t\t\t\t\t\t\t\t\t\t\t\t<figure class=\"rounded\" style=\"position: relative;\">\n\t\t\t\t\t\t\t\t\t<img decoding=\"async\" src=\"https:\/\/i0.wp.com\/www.opensolar.com\/wp-content\/uploads\/2026\/03\/Gemini_Generated_Image_jmiqzijmiqzijmiq-scaled.png?fit=2560%2C1396&#038;quality=80&#038;ssl=1\" class=\"motion-artwork-base-side-by-side-block_21695b8a9aabe32ccc58273d3ca9d87c\" alt=\"Business meeting on rooftop overlooking a city with woman and two men\" style=\"z-index: 0;\" \/>\n\t\t\t\t\t\t\t\t\t\t\t\t\t\t\t\t\t\t<img decoding=\"async\" src=\"\" class=\"motion-artwork-layer1-side-by-side-block_21695b8a9aabe32ccc58273d3ca9d87c\" alt=\"\" style=\"z-index: 1; position: absolute; top: 0; left: 0;\" \/>\n\t\t\t\t\t\t\t\t<\/figure>\n\t\t\t\t\t\t\t\t\t\t\t\t\t\t\t\t\t\t\t\t\t\t\t\t\t\t\t\t<div class=\"text-space\">\n\t\t\t\t\t\t\t\t\t\t\t\t\t\t\t\t<h2 class=\"light-mode\"><p>Was ist das Market Founders Programm?<\/p>\n<\/h2>\t\t\t\t\t\t\t\t\t\t\t\t\t\t\t\t<div class=\"text light-mode\"><p>OpenSolar <a href=\"https:\/\/www.opensolar.com\/de\/warum-opensolar\/\">expandiert schnell<\/a> auf der ganzen Welt und ist ein Katalysator f\u00fcr die Einf\u00fchrung der Solarenergie. Als junges Unternehmen sind wir nur dadurch begrenzt, wie schnell wir unsere Organisation ausbauen k\u00f6nnen. Das Problem ist, dass der Klimawandel nicht warten wird.  <\/p>\n<p>Das Market Founders Program ist ein spezielles Programm von OpenSolar, um die n\u00e4chste Generation von OpenSolar-F\u00fchrungskr\u00e4ften in aufstrebenden Solarm\u00e4rkten zu rekrutieren, auszustatten, zu schulen und einzuf\u00fchren.<\/p>\n<p><em>Wir suchen derzeit nach Market Foundern in Indonesien, Malaysia, Myanmar, Nigeria, Pakistan, den Philippinen, Thailand und Vietnam.<\/em><\/p>\n<\/div>\t\t\t\t\t\t\t\t\t\t\t\t\t\t\t\t\t\t\t\t\t\t\t<\/div>\n\t\t\t\t\t\t<\/div>\n\t\t\t\t\t<\/div>\n\t\t\t\t\t\t\t\t\t\t\t\t\t\t\t\t\t\t\t\t\t\t<\/div>\n<\/section>\n<section id=\"side-by-side-block_2c7fff2d4d985a3719100920fa905da0\" class=\"side-by-side light-mode  background-bright-grey-200\" style=\"\">\n\t<div class=\"side-by-side-content light-mode\">\n\t\t\t\t\t\t\t\t\t\t\t\t\t\t<div class=\"content-block-regular\">\n\t\t\t\t\t\t<div class=\"artwork-block artwork-left\">\n\t\t\t\t\t\t\t\t\t\t\t\t\t\t\t<figure class=\"rounded\" style=\"position: relative;\">\n\t\t\t\t\t\t\t\t\t<img decoding=\"async\" src=\"https:\/\/i0.wp.com\/www.opensolar.com\/wp-content\/uploads\/2026\/03\/Screenshot-2026-03-18-at-4.12.38-PM.png?fit=1940%2C1054&#038;quality=80&#038;ssl=1\" class=\"motion-artwork-base-side-by-side-block_2c7fff2d4d985a3719100920fa905da0\" alt=\"Solar \" style=\"z-index: 0;\" \/>\n\t\t\t\t\t\t\t\t\t\t\t\t\t\t\t\t\t\t<img decoding=\"async\" src=\"\" class=\"motion-artwork-layer1-side-by-side-block_2c7fff2d4d985a3719100920fa905da0\" alt=\"\" style=\"z-index: 1; position: absolute; top: 0; left: 0;\" \/>\n\t\t\t\t\t\t\t\t<\/figure>\n\t\t\t\t\t\t\t\t\t\t\t\t\t\t\t\t\t\t\t\t\t\t\t\t\t\t\t\t<div class=\"text-space\">\n\t\t\t\t\t\t\t\t\t\t\t\t\t\t\t\t<h2 class=\"light-mode\"><p>Was machen Marktgr\u00fcnder?<\/p>\n<\/h2>\t\t\t\t\t\t\t\t\t\t\t\t\t\t\t\t<div class=\"text light-mode\"><p>Market Founders sind OpenSolar-Partner und nationale F\u00fchrungskr\u00e4fte, die speziell dazu ernannt werden, die Marke OpenSolar in ihrem Heimatland zu repr\u00e4sentieren und das Wachstum der Solarenergie f\u00fcr Privathaushalte in ihren M\u00e4rkten voranzutreiben:<\/p>\n<ul>\n<li>Identifizierung, Einarbeitung und Schulung von Solarprofis in ihren M\u00e4rkten<\/li>\n<li>Aufbau von Partnerschaften f\u00fcr OpenSolar mit f\u00fchrenden Akteuren in ihren Solar-\u00d6kosystemen, einschlie\u00dflich Herstellern, H\u00e4ndlern, Solar-Finanzierern und staatlichen Stellen<\/li>\n<\/ul>\n<\/div>\t\t\t\t\t\t\t\t\t\t\t\t\t\t\t\t\t\t\t\t\t\t\t<\/div>\n\t\t\t\t\t\t<\/div>\n\t\t\t\t\t<\/div>\n\t\t\t\t\t\t\t\t\t\t\t\t\t\t\t\t\t\t\t\t\t\t<\/div>\n<\/section>\n<section id=\"one-column-block_0d3ba8637c51ee8ddb9f54526ee2a1c1\" class=\"one-column bs-h-regular bs-tp-none bs-sp-regular bs-bp-regular light-mode  background-none\" style=\"\">\n\t<div class=\"block-style-headline-left block-style-contained\">\n\t\t\t\t\t<header>\n\t\t\t\t\t\t\t\t\t\t\t\t<h2 id=\"one-column-block_0d3ba8637c51ee8ddb9f54526ee2a1c1-h2\" class=\"black one-column-headline light-mode\"><p>FAQs zum Marktgr\u00fcnderprogramm<\/p>\n<\/h2>\t\t\t\t\t\t\t<\/header>\n\t\t\t\t<div class=\"center-column\">\n\t\t\t\t\t\t\t\t\t\t\t\t\t\t\t\t\t\t<div class=\"accordions\">\n\t\t\t\t\t\t\t\t\t\t\t\t\t\t\t\t\t\t\t\t\t\t\t\t<div class=\"accordion\">\n\t\t\t\t\t\t\t\t\t\t<div class=\"opener\">\n\t\t\t\t\t\t\t\t\t\t\t<div class=\"label\">Sind die Marktgr\u00fcnder Mitarbeiter von OpenSolar?<\/div>\n\t\t\t\t\t\t\t\t\t\t\t<div class=\"icon\">\n\t\t\t\t\t\t\t\t\t\t\t\t<svg xmlns=\"http:\/\/www.w3.org\/2000\/svg\" width=\"24\" height=\"24\" viewBox=\"0 0 24 24\" fill=\"none\">\n\t\t\t\t\t\t\t\t\t\t\t\t  <path d=\"M11.9969 4.7998L11.9969 19.1998M19.1969 11.9998L4.79688 11.9998\" stroke=\"#0A090B\" stroke-width=\"2\" stroke-linecap=\"round\"\/>\n\t\t\t\t\t\t\t\t\t\t\t\t<\/svg>\n\t\t\t\t\t\t\t\t\t\t\t<\/div>\n\t\t\t\t\t\t\t\t\t\t<\/div>\n\t\t\t\t\t\t\t\t\t\t<div class=\"closer\">\n\t\t\t\t\t\t\t\t\t\t\t<div class=\"description\"><p>No. Sie sind OpenSolar-Partner, die speziell ausgew\u00e4hlt wurden, um die Marke und das Produkt OpenSolar in einem bestimmten Land zu vertreten.<\/p>\n<\/div>\n\t\t\t\t\t\t\t\t\t\t<\/div>\n\t\t\t\t\t\t\t\t\t<\/div>\n\t\t\t\t\t\t\t\t\t\t\t\t\t\t\t\t\t<div class=\"accordion\">\n\t\t\t\t\t\t\t\t\t\t<div class=\"opener\">\n\t\t\t\t\t\t\t\t\t\t\t<div class=\"label\">Wie viele Marktgr\u00fcnder planen Sie pro Land einzustellen?<\/div>\n\t\t\t\t\t\t\t\t\t\t\t<div class=\"icon\">\n\t\t\t\t\t\t\t\t\t\t\t\t<svg xmlns=\"http:\/\/www.w3.org\/2000\/svg\" width=\"24\" height=\"24\" viewBox=\"0 0 24 24\" fill=\"none\">\n\t\t\t\t\t\t\t\t\t\t\t\t  <path d=\"M11.9969 4.7998L11.9969 19.1998M19.1969 11.9998L4.79688 11.9998\" stroke=\"#0A090B\" stroke-width=\"2\" stroke-linecap=\"round\"\/>\n\t\t\t\t\t\t\t\t\t\t\t\t<\/svg>\n\t\t\t\t\t\t\t\t\t\t\t<\/div>\n\t\t\t\t\t\t\t\t\t\t<\/div>\n\t\t\t\t\t\t\t\t\t\t<div class=\"closer\">\n\t\t\t\t\t\t\t\t\t\t\t<div class=\"description\"><p>Nur einen. Sie werden sorgf\u00e4ltig ausgew\u00e4hlt und ein wichtiges Kriterium ist Ihre F\u00e4higkeit, OpenSolar auf nationaler Ebene zu vertreten. <\/p>\n<\/div>\n\t\t\t\t\t\t\t\t\t\t<\/div>\n\t\t\t\t\t\t\t\t\t<\/div>\n\t\t\t\t\t\t\t\t\t\t\t\t\t\t\t\t\t<div class=\"accordion\">\n\t\t\t\t\t\t\t\t\t\t<div class=\"opener\">\n\t\t\t\t\t\t\t\t\t\t\t<div class=\"label\">Wenn ich kein Angestellter bin, was ist dann f\u00fcr mich drin?<\/div>\n\t\t\t\t\t\t\t\t\t\t\t<div class=\"icon\">\n\t\t\t\t\t\t\t\t\t\t\t\t<svg xmlns=\"http:\/\/www.w3.org\/2000\/svg\" width=\"24\" height=\"24\" viewBox=\"0 0 24 24\" fill=\"none\">\n\t\t\t\t\t\t\t\t\t\t\t\t  <path d=\"M11.9969 4.7998L11.9969 19.1998M19.1969 11.9998L4.79688 11.9998\" stroke=\"#0A090B\" stroke-width=\"2\" stroke-linecap=\"round\"\/>\n\t\t\t\t\t\t\t\t\t\t\t\t<\/svg>\n\t\t\t\t\t\t\t\t\t\t\t<\/div>\n\t\t\t\t\t\t\t\t\t\t<\/div>\n\t\t\t\t\t\t\t\t\t\t<div class=\"closer\">\n\t\t\t\t\t\t\t\t\t\t\t<div class=\"description\"><p>Sie partizipieren an den Einnahmen, die Sie f\u00fcr OpenSolar generieren, sowie an allen anderen genehmigten lokalen Gesch\u00e4ftsm\u00f6glichkeiten, die sich durch Ihre T\u00e4tigkeit als unser lokaler Vertreter ergeben.<\/p>\n<\/div>\n\t\t\t\t\t\t\t\t\t\t<\/div>\n\t\t\t\t\t\t\t\t\t<\/div>\n\t\t\t\t\t\t\t\t\t\t\t\t\t\t\t\t\t<div class=\"accordion\">\n\t\t\t\t\t\t\t\t\t\t<div class=\"opener\">\n\t\t\t\t\t\t\t\t\t\t\t<div class=\"label\">Welche Qualifikationen brauche ich, um ein Marktgr\u00fcnder zu sein?<\/div>\n\t\t\t\t\t\t\t\t\t\t\t<div class=\"icon\">\n\t\t\t\t\t\t\t\t\t\t\t\t<svg xmlns=\"http:\/\/www.w3.org\/2000\/svg\" width=\"24\" height=\"24\" viewBox=\"0 0 24 24\" fill=\"none\">\n\t\t\t\t\t\t\t\t\t\t\t\t  <path d=\"M11.9969 4.7998L11.9969 19.1998M19.1969 11.9998L4.79688 11.9998\" stroke=\"#0A090B\" stroke-width=\"2\" stroke-linecap=\"round\"\/>\n\t\t\t\t\t\t\t\t\t\t\t\t<\/svg>\n\t\t\t\t\t\t\t\t\t\t\t<\/div>\n\t\t\t\t\t\t\t\t\t\t<\/div>\n\t\t\t\t\t\t\t\t\t\t<div class=\"closer\">\n\t\t\t\t\t\t\t\t\t\t\t<div class=\"description\"><p>Sie brauchen eine wichtige Kombination aus tiefgreifender Erfahrung in der Solarbranche, Verbindungen in der Branche und einer nachgewiesenen unternehmerischen Erfolgsbilanz. Von Ihnen wird erwartet, dass Sie uns auf h\u00f6chstem Niveau repr\u00e4sentieren und ein starker Botschafter f\u00fcr die Marke sind. <\/p>\n<\/div>\n\t\t\t\t\t\t\t\t\t\t<\/div>\n\t\t\t\t\t\t\t\t\t<\/div>\n\t\t\t\t\t\t\t\t\t\t\t\t\t\t\t\t\t<div class=\"accordion\">\n\t\t\t\t\t\t\t\t\t\t<div class=\"opener\">\n\t\t\t\t\t\t\t\t\t\t\t<div class=\"label\">Welche Unterst\u00fctzung werden Sie mir als gew\u00e4hlter Marktgr\u00fcnder bieten?<\/div>\n\t\t\t\t\t\t\t\t\t\t\t<div class=\"icon\">\n\t\t\t\t\t\t\t\t\t\t\t\t<svg xmlns=\"http:\/\/www.w3.org\/2000\/svg\" width=\"24\" height=\"24\" viewBox=\"0 0 24 24\" fill=\"none\">\n\t\t\t\t\t\t\t\t\t\t\t\t  <path d=\"M11.9969 4.7998L11.9969 19.1998M19.1969 11.9998L4.79688 11.9998\" stroke=\"#0A090B\" stroke-width=\"2\" stroke-linecap=\"round\"\/>\n\t\t\t\t\t\t\t\t\t\t\t\t<\/svg>\n\t\t\t\t\t\t\t\t\t\t\t<\/div>\n\t\t\t\t\t\t\t\t\t\t<\/div>\n\t\t\t\t\t\t\t\t\t\t<div class=\"closer\">\n\t\t\t\t\t\t\t\t\t\t\t<div class=\"description\"><p>Wir nehmen Sie in das Programm auf, indem wir Ihnen eine intensive Schulung zur Marke OpenSolar, zur Technologieplattform, zur Vision und zu den Werten anbieten. Wir stellen Ihnen fortlaufend eine Support-Ressource f\u00fcr alle technischen und nicht-technischen Fragen zur Verf\u00fcgung. Sie erhalten von uns eine transparente Berichterstattung \u00fcber die Einnahmen, die Sie f\u00fcr das Unternehmen generieren, sowie \u00fcber Ihren Anteil an diesen Einnahmen.  <\/p>\n<\/div>\n\t\t\t\t\t\t\t\t\t\t<\/div>\n\t\t\t\t\t\t\t\t\t<\/div>\n\t\t\t\t\t\t\t\t\t\t\t\t\t\t\t\t\t<div class=\"accordion\">\n\t\t\t\t\t\t\t\t\t\t<div class=\"opener\">\n\t\t\t\t\t\t\t\t\t\t\t<div class=\"label\">Wie lange l\u00e4uft der Market Founder-Vertrag?  <\/div>\n\t\t\t\t\t\t\t\t\t\t\t<div class=\"icon\">\n\t\t\t\t\t\t\t\t\t\t\t\t<svg xmlns=\"http:\/\/www.w3.org\/2000\/svg\" width=\"24\" height=\"24\" viewBox=\"0 0 24 24\" fill=\"none\">\n\t\t\t\t\t\t\t\t\t\t\t\t  <path d=\"M11.9969 4.7998L11.9969 19.1998M19.1969 11.9998L4.79688 11.9998\" stroke=\"#0A090B\" stroke-width=\"2\" stroke-linecap=\"round\"\/>\n\t\t\t\t\t\t\t\t\t\t\t\t<\/svg>\n\t\t\t\t\t\t\t\t\t\t\t<\/div>\n\t\t\t\t\t\t\t\t\t\t<\/div>\n\t\t\t\t\t\t\t\t\t\t<div class=\"closer\">\n\t\t\t\t\t\t\t\t\t\t\t<div class=\"description\"><p>Abh\u00e4ngig von Ihrem Markt, Ihren pers\u00f6nlichen Ambitionen und den Ergebnissen, die Sie erzielen, hat ein Market Founder-Vertrag eine Mindestlaufzeit von einem Jahr.<\/p>\n<\/div>\n\t\t\t\t\t\t\t\t\t\t<\/div>\n\t\t\t\t\t\t\t\t\t<\/div>\n\t\t\t\t\t\t\t\t\t\t\t\t\t\t\t\t\t<div class=\"accordion\">\n\t\t\t\t\t\t\t\t\t\t<div class=\"opener\">\n\t\t\t\t\t\t\t\t\t\t\t<div class=\"label\">Gibt es einen Weg, dem OpenSolar-Team als Mitarbeiter beizutreten?<\/div>\n\t\t\t\t\t\t\t\t\t\t\t<div class=\"icon\">\n\t\t\t\t\t\t\t\t\t\t\t\t<svg xmlns=\"http:\/\/www.w3.org\/2000\/svg\" width=\"24\" height=\"24\" viewBox=\"0 0 24 24\" fill=\"none\">\n\t\t\t\t\t\t\t\t\t\t\t\t  <path d=\"M11.9969 4.7998L11.9969 19.1998M19.1969 11.9998L4.79688 11.9998\" stroke=\"#0A090B\" stroke-width=\"2\" stroke-linecap=\"round\"\/>\n\t\t\t\t\t\t\t\t\t\t\t\t<\/svg>\n\t\t\t\t\t\t\t\t\t\t\t<\/div>\n\t\t\t\t\t\t\t\t\t\t<\/div>\n\t\t\t\t\t\t\t\t\t\t<div class=\"closer\">\n\t\t\t\t\t\t\t\t\t\t\t<div class=\"description\"><p>Nach einer erfolgreichen Zeit als OpenSolar Market Founder sind wir f\u00fcr diese M\u00f6glichkeit sehr offen.<\/p>\n<\/div>\n\t\t\t\t\t\t\t\t\t\t<\/div>\n\t\t\t\t\t\t\t\t\t<\/div>\n\t\t\t\t\t\t\t\t\t\t\t\t\t\t\t\t\t\t\t\t\t<\/div>\n\t\t\t\t\t\t<script>\n\t\t\t\t\t\t\t$(document).ready(function(){\n\t\t\t\t\t\t\t\t$(\".accordion .opener\").click(function(){\n\t\t\t\t\t\t\t\t\t\t$(this).siblings(\".closer\").toggle();\n\t\t\t\t\t\t\t\t\t\t$(this).find(\".icon\").toggleClass('active');\n\t\t\t\t\t\t\t\t});\n\t\t\t\t\t\t\t});\n\t\t\t\t\t\t<\/script>\n\t\t\t\t\t\t\t\t\t\t\t\t\t\t<\/div>\n\t<\/div>\n<\/section><section id=\"apply\" class=\"one-column bs-h-regular bs-tp-none bs-sp-regular bs-bp-regular light-mode  background-bright-grey-200\" style=\"\">\n\t<div class=\"block-style-default\">\n\t\t\t\t<div class=\"center-column no-top-padding\">\n\t\t\t\t\t\t\t\t\t\t\t\t\t\t\t\t\t\t<div class=\"code light-mode\">\n\t\t\t\t\t\t\t<script charset=\"utf-8\" type=\"text\/javascript\" src=\"\/\/js.hsforms.net\/forms\/embed\/v2.js\"><\/script>\n\t\t\t\t\t\t\t<script>\n\t\t\t\t\t\t\t  hbspt.forms.create({\n\t\t\t\t\t\t\t\tregion: \"na1\",\n\t\t\t\t\t\t\t\tportalId: \"21246721\",\n\t\t\t\t\t\t\t\tformId: \"514e8807-b05c-4c69-b329-924cdfa97aa1\"\n\t\t\t\t\t\t\t  });\n\t\t\t\t\t\t\t<\/script>\n\t\t\t\t\t\t<\/div>\n\t\t\t\t\t\t\t\t\t\t\t\t\t\t<\/div>\n\t<\/div>\n<\/section>","protected":false},"excerpt":{"rendered":"","protected":false},"author":7,"featured_media":0,"parent":0,"menu_order":0,"comment_status":"closed","ping_status":"closed","template":"","meta":{"_acf_changed":false,"footnotes":""},"class_list":["post-15862","page","type-page","status-publish","hentry"],"acf":[],"yoast_head":"<!-- This site is optimized with the Yoast SEO Premium plugin v26.6 (Yoast SEO v26.6) - https:\/\/yoast.com\/wordpress\/plugins\/seo\/ -->\n<title>Marktgr\u00fcnder-Programm | OpenSolar<\/title>\n<meta name=\"description\" content=\"Wir suchen erfahrene Solarunternehmer, die die Expansion von OpenSolar leiten und das Solarwachstum in neuen M\u00e4rkten vorantreiben. Werden Sie ein Market Founder Partner und verdienen Sie eine Umsatzbeteiligung.\" \/>\n<meta name=\"robots\" content=\"index, follow, max-snippet:-1, max-image-preview:large, max-video-preview:-1\" \/>\n<link rel=\"canonical\" href=\"https:\/\/www.opensolar.com\/de\/marktgruender-programm\/\" \/>\n<meta property=\"og:locale\" content=\"de_DE\" \/>\n<meta property=\"og:type\" content=\"article\" \/>\n<meta property=\"og:title\" content=\"Marktgr\u00fcnder-Programm\" \/>\n<meta property=\"og:description\" content=\"Wir suchen erfahrene Solarunternehmer, die die Expansion von OpenSolar leiten und das Solarwachstum in neuen M\u00e4rkten vorantreiben. Werden Sie ein Market Founder Partner und verdienen Sie eine Umsatzbeteiligung.\" \/>\n<meta property=\"og:url\" content=\"https:\/\/www.opensolar.com\/de\/marktgruender-programm\/\" \/>\n<meta property=\"og:site_name\" content=\"OpenSolar\" \/>\n<meta property=\"article:publisher\" content=\"https:\/\/www.facebook.com\/OpenSolarGlobal\/\" \/>\n<meta property=\"article:modified_time\" content=\"2026-03-26T14:53:58+00:00\" \/>\n<meta property=\"og:image\" content=\"https:\/\/i0.wp.com\/www.opensolar.com\/wp-content\/uploads\/2024\/07\/OpenSolar-logo-for-WP.png?fit=1200%2C675&quality=80&ssl=1\" \/>\n\t<meta property=\"og:image:width\" content=\"1200\" \/>\n\t<meta property=\"og:image:height\" content=\"675\" \/>\n\t<meta property=\"og:image:type\" content=\"image\/png\" \/>\n<meta name=\"twitter:card\" content=\"summary_large_image\" \/>\n<meta name=\"twitter:site\" content=\"@opensolar\" \/>\n<script type=\"application\/ld+json\" class=\"yoast-schema-graph\">{\"@context\":\"https:\/\/schema.org\",\"@graph\":[{\"@type\":\"WebPage\",\"@id\":\"https:\/\/www.opensolar.com\/de\/marktgruender-programm\/\",\"url\":\"https:\/\/www.opensolar.com\/de\/marktgruender-programm\/\",\"name\":\"Marktgr\u00fcnder-Programm | OpenSolar\",\"isPartOf\":{\"@id\":\"https:\/\/www.opensolar.com\/de\/#website\"},\"datePublished\":\"2026-03-24T03:50:35+00:00\",\"dateModified\":\"2026-03-26T14:53:58+00:00\",\"description\":\"Wir suchen erfahrene Solarunternehmer, die die Expansion von OpenSolar leiten und das Solarwachstum in neuen M\u00e4rkten vorantreiben. Werden Sie ein Market Founder Partner und verdienen Sie eine Umsatzbeteiligung.\",\"breadcrumb\":{\"@id\":\"https:\/\/www.opensolar.com\/de\/marktgruender-programm\/#breadcrumb\"},\"inLanguage\":\"de-DE\",\"potentialAction\":[{\"@type\":\"ReadAction\",\"target\":[\"https:\/\/www.opensolar.com\/de\/marktgruender-programm\/\"]}]},{\"@type\":\"BreadcrumbList\",\"@id\":\"https:\/\/www.opensolar.com\/de\/marktgruender-programm\/#breadcrumb\",\"itemListElement\":[{\"@type\":\"ListItem\",\"position\":1,\"name\":\"Home\",\"item\":\"https:\/\/www.opensolar.com\/de\/\"},{\"@type\":\"ListItem\",\"position\":2,\"name\":\"Marktgr\u00fcnder-Programm\"}]},{\"@type\":\"WebSite\",\"@id\":\"https:\/\/www.opensolar.com\/de\/#website\",\"url\":\"https:\/\/www.opensolar.com\/de\/\",\"name\":\"OpenSolar\",\"description\":\"Solar Design And Proposal Software\",\"publisher\":{\"@id\":\"https:\/\/www.opensolar.com\/de\/#organization\"},\"potentialAction\":[{\"@type\":\"SearchAction\",\"target\":{\"@type\":\"EntryPoint\",\"urlTemplate\":\"https:\/\/www.opensolar.com\/de\/?s={search_term_string}\"},\"query-input\":{\"@type\":\"PropertyValueSpecification\",\"valueRequired\":true,\"valueName\":\"search_term_string\"}}],\"inLanguage\":\"de-DE\"},{\"@type\":\"Organization\",\"@id\":\"https:\/\/www.opensolar.com\/de\/#organization\",\"name\":\"OpenSolar\",\"url\":\"https:\/\/www.opensolar.com\/de\/\",\"logo\":{\"@type\":\"ImageObject\",\"inLanguage\":\"de-DE\",\"@id\":\"https:\/\/www.opensolar.com\/de\/#\/schema\/logo\/image\/\",\"url\":\"https:\/\/www.opensolar.com\/wp-content\/uploads\/2026\/04\/OpenSolar-Horizontal-Color.svg\",\"contentUrl\":\"https:\/\/www.opensolar.com\/wp-content\/uploads\/2026\/04\/OpenSolar-Horizontal-Color.svg\",\"caption\":\"OpenSolar\"},\"image\":{\"@id\":\"https:\/\/www.opensolar.com\/de\/#\/schema\/logo\/image\/\"},\"sameAs\":[\"https:\/\/www.facebook.com\/OpenSolarGlobal\/\",\"https:\/\/x.com\/opensolar\",\"https:\/\/www.instagram.com\/open.solar\/\",\"https:\/\/www.linkedin.com\/company\/14522819\",\"https:\/\/www.youtube.com\/channel\/UCw3mdQ_ilIq9ZrPpCa_VOnA\/videos\"],\"description\":\"The world's leading solar design and proposal software. Free of charge so you're free to grow.\"}]}<\/script>\n<!-- \/ Yoast SEO Premium plugin. -->","yoast_head_json":{"title":"Marktgr\u00fcnder-Programm | OpenSolar","description":"Wir suchen erfahrene Solarunternehmer, die die Expansion von OpenSolar leiten und das Solarwachstum in neuen M\u00e4rkten vorantreiben. Werden Sie ein Market Founder Partner und verdienen Sie eine Umsatzbeteiligung.","robots":{"index":"index","follow":"follow","max-snippet":"max-snippet:-1","max-image-preview":"max-image-preview:large","max-video-preview":"max-video-preview:-1"},"canonical":"https:\/\/www.opensolar.com\/de\/marktgruender-programm\/","og_locale":"de_DE","og_type":"article","og_title":"Marktgr\u00fcnder-Programm","og_description":"Wir suchen erfahrene Solarunternehmer, die die Expansion von OpenSolar leiten und das Solarwachstum in neuen M\u00e4rkten vorantreiben. Werden Sie ein Market Founder Partner und verdienen Sie eine Umsatzbeteiligung.","og_url":"https:\/\/www.opensolar.com\/de\/marktgruender-programm\/","og_site_name":"OpenSolar","article_publisher":"https:\/\/www.facebook.com\/OpenSolarGlobal\/","article_modified_time":"2026-03-26T14:53:58+00:00","og_image":[{"width":1200,"height":675,"url":"https:\/\/i0.wp.com\/www.opensolar.com\/wp-content\/uploads\/2024\/07\/OpenSolar-logo-for-WP.png?fit=1200%2C675&quality=80&ssl=1","type":"image\/png"}],"twitter_card":"summary_large_image","twitter_site":"@opensolar","schema":{"@context":"https:\/\/schema.org","@graph":[{"@type":"WebPage","@id":"https:\/\/www.opensolar.com\/de\/marktgruender-programm\/","url":"https:\/\/www.opensolar.com\/de\/marktgruender-programm\/","name":"Marktgr\u00fcnder-Programm | OpenSolar","isPartOf":{"@id":"https:\/\/www.opensolar.com\/de\/#website"},"datePublished":"2026-03-24T03:50:35+00:00","dateModified":"2026-03-26T14:53:58+00:00","description":"Wir suchen erfahrene Solarunternehmer, die die Expansion von OpenSolar leiten und das Solarwachstum in neuen M\u00e4rkten vorantreiben. Werden Sie ein Market Founder Partner und verdienen Sie eine Umsatzbeteiligung.","breadcrumb":{"@id":"https:\/\/www.opensolar.com\/de\/marktgruender-programm\/#breadcrumb"},"inLanguage":"de-DE","potentialAction":[{"@type":"ReadAction","target":["https:\/\/www.opensolar.com\/de\/marktgruender-programm\/"]}]},{"@type":"BreadcrumbList","@id":"https:\/\/www.opensolar.com\/de\/marktgruender-programm\/#breadcrumb","itemListElement":[{"@type":"ListItem","position":1,"name":"Home","item":"https:\/\/www.opensolar.com\/de\/"},{"@type":"ListItem","position":2,"name":"Marktgr\u00fcnder-Programm"}]},{"@type":"WebSite","@id":"https:\/\/www.opensolar.com\/de\/#website","url":"https:\/\/www.opensolar.com\/de\/","name":"OpenSolar","description":"Solar Design And Proposal Software","publisher":{"@id":"https:\/\/www.opensolar.com\/de\/#organization"},"potentialAction":[{"@type":"SearchAction","target":{"@type":"EntryPoint","urlTemplate":"https:\/\/www.opensolar.com\/de\/?s={search_term_string}"},"query-input":{"@type":"PropertyValueSpecification","valueRequired":true,"valueName":"search_term_string"}}],"inLanguage":"de-DE"},{"@type":"Organization","@id":"https:\/\/www.opensolar.com\/de\/#organization","name":"OpenSolar","url":"https:\/\/www.opensolar.com\/de\/","logo":{"@type":"ImageObject","inLanguage":"de-DE","@id":"https:\/\/www.opensolar.com\/de\/#\/schema\/logo\/image\/","url":"https:\/\/www.opensolar.com\/wp-content\/uploads\/2026\/04\/OpenSolar-Horizontal-Color.svg","contentUrl":"https:\/\/www.opensolar.com\/wp-content\/uploads\/2026\/04\/OpenSolar-Horizontal-Color.svg","caption":"OpenSolar"},"image":{"@id":"https:\/\/www.opensolar.com\/de\/#\/schema\/logo\/image\/"},"sameAs":["https:\/\/www.facebook.com\/OpenSolarGlobal\/","https:\/\/x.com\/opensolar","https:\/\/www.instagram.com\/open.solar\/","https:\/\/www.linkedin.com\/company\/14522819","https:\/\/www.youtube.com\/channel\/UCw3mdQ_ilIq9ZrPpCa_VOnA\/videos"],"description":"The world's leading solar design and proposal software. Free of charge so you're free to grow."}]}},"_links":{"self":[{"href":"https:\/\/www.opensolar.com\/de\/wp-json\/wp\/v2\/pages\/15862","targetHints":{"allow":["GET"]}}],"collection":[{"href":"https:\/\/www.opensolar.com\/de\/wp-json\/wp\/v2\/pages"}],"about":[{"href":"https:\/\/www.opensolar.com\/de\/wp-json\/wp\/v2\/types\/page"}],"author":[{"embeddable":true,"href":"https:\/\/www.opensolar.com\/de\/wp-json\/wp\/v2\/users\/7"}],"replies":[{"embeddable":true,"href":"https:\/\/www.opensolar.com\/de\/wp-json\/wp\/v2\/comments?post=15862"}],"version-history":[{"count":0,"href":"https:\/\/www.opensolar.com\/de\/wp-json\/wp\/v2\/pages\/15862\/revisions"}],"wp:attachment":[{"href":"https:\/\/www.opensolar.com\/de\/wp-json\/wp\/v2\/media?parent=15862"}],"curies":[{"name":"wp","href":"https:\/\/api.w.org\/{rel}","templated":true}]}}