{"id":6749,"date":"2023-08-16T03:56:08","date_gmt":"2023-08-16T03:56:08","guid":{"rendered":"https:\/\/www.opensolar.com\/e-signatur-zahlungen\/"},"modified":"2025-09-25T17:23:14","modified_gmt":"2025-09-25T17:23:14","slug":"e-signatur-zahlungen","status":"publish","type":"page","link":"https:\/\/www.opensolar.com\/de\/e-signatur-zahlungen\/","title":{"rendered":"E-Signatur &amp; Zahlungen"},"content":{"rendered":"<section id=\"hero-block_f99b96f97ec085092251cf525cc484b6\" class=\"hero  light-mode background-bright-grey-200\" style=\"\">\n\t\t\t\t\t<div class=\"content-block-hero\">\n\t\t\t\t\t\t\t\t<div class=\"intro-text default\">\n\t\t\t\t\t\t\t\t\t\t\t<h1 class=\"motion-hero-headline blue-gradient light-mode\"><p>E-Signatur &amp; Zahlungen<\/p>\n<\/h1>\t\t\t\t\t\t<div class=\"motion-hero-sub-headline sub-headline light-mode\"><p>Schlie\u00dfen Sie den Vertrag mit den integrierten Tools f\u00fcr elektronische Unterschriften sofort ab.<\/p>\n<\/div>\t\t\t\t\t\t\t\t\t\t\t\t\t\t\t\t\t\t\t\t\t\t\t\t\t\t<\/div>\n\t\t\t\t\t\t\t\t\t<div class=\"hero-breadcrumb\">\n\t\t\t\t\t\t<div class=\"hero-breadcrumb-content\">\n\t\t\t\t\t\t\t<a href=\"https:\/\/www.opensolar.com\/pro\/\" target=\"_self\">Pro<\/a><span>&gt;<\/span>\t\t\t\t\t\t\t\t\t\t\t\t\t\tE-Signatur &amp; Zahlungen\t\t\t\t\t\t<\/div>\n\t\t\t\t\t<\/div>\n\t\t\t\t\t\t\t<\/div>\n\t\t<\/section><section id=\"side-by-side-block_10d11d3ba466d8171caabbafba6ae61a\" class=\"side-by-side light-mode  background-none\" style=\"\">\n\t<div class=\"side-by-side-content light-mode\">\n\t\t\t\t\t\t\t\t\t\t\t\t\t\t<div class=\"content-block-regular\">\n\t\t\t\t\t\t<div class=\"artwork-block artwork-right\">\n\t\t\t\t\t\t\t\t\t\t\t\t\t\t\t<figure class=\"squared\" style=\"position: relative;\">\n\t\t\t\t\t\t\t\t\t<img decoding=\"async\" src=\"https:\/\/i0.wp.com\/www.opensolar.com\/wp-content\/uploads\/2025\/01\/esignature-1.jpg?fit=1200%2C1000&#038;quality=89&#038;ssl=1\" class=\"motion-artwork-base-side-by-side-block_10d11d3ba466d8171caabbafba6ae61a\" alt=\"\" style=\"z-index: 0;\" \/>\n\t\t\t\t\t\t\t\t\t\t\t\t\t\t\t\t\t\t<img decoding=\"async\" src=\"\" class=\"motion-artwork-layer1-side-by-side-block_10d11d3ba466d8171caabbafba6ae61a\" alt=\"\" style=\"z-index: 1; position: absolute; top: 0; left: 0;\" \/>\n\t\t\t\t\t\t\t\t<\/figure>\n\t\t\t\t\t\t\t\t\t\t\t\t\t\t\t\t\t\t\t\t\t\t\t\t\t\t\t\t<div class=\"text-space\">\n\t\t\t\t\t\t\t\t\t\t\t\t\t\t\t\t<h2 class=\"light-mode\"><p>Schlie\u00dfen Sie erfolgreiche Deals ab und erhalten Sie schnelle Zahlungen.<\/p>\n<\/h2>\t\t\t\t\t\t\t\t\t\t\t\t\t\t\t\t<div class=\"text light-mode\"><p>Machen Sie es sich und Ihren Kunden leicht, Gesch\u00e4fte voranzutreiben &#8211; mit unserem integrierten Toolkit f\u00fcr elektronische Unterschriften und Zahlungsabwicklung.<\/p>\n<ul>\n<li>Erm\u00f6glichen Sie Ihren Kunden, \u00fcberall und von jedem Ger\u00e4t aus Dokumente zu unterzeichnen und Zahlungen vorzunehmen.<\/li>\n<li>Sichere Transaktionen mit verschl\u00fcsselten Dokumenten und vollst\u00e4ndigen Pr\u00fcfprotokollen<\/li>\n<li>Vervollst\u00e4ndigen und dokumentieren Sie den Verkaufsprozess aus Ihrem dynamischen Angebot heraus.<\/li>\n<li>Option zur Nutzung des vollst\u00e4ndig eingebetteten digitalen Vertragsabschlusses von DocuSign<\/li>\n<\/ul>\n<\/div>\t\t\t\t\t\t\t\t\t\t\t\t\t\t\t\t\t\t\t\t\t\t\t<\/div>\n\t\t\t\t\t\t<\/div>\n\t\t\t\t\t<\/div>\n\t\t\t\t\t\t\t\t\t\t\t\t\t\t\t\t\t\t\t\t\t\t<\/div>\n<\/section>\n<section id=\"slider_block_ebde8cf2b5bc5dc2c3d8da437cbfe661\" class=\"slider background-bright-grey-200\" style=\"\">\n\t<h2 class=\"blue-gradient\"><p>Was die Pros dazu sagen<\/p>\n<\/h2>\t<div class=\"swiper swiper-slider_block_ebde8cf2b5bc5dc2c3d8da437cbfe661\">\n\t\t<div class=\"swiper-wrapper\">\n\t\t\t\t\t\t\t\t\t\t\t\t\t\t\t\t\t\t\t\t\t\t\t<div class=\"swiper-slide\">\n\t\t\t\t\t\t\t<div class=\"swiper-slide-content slide-quote slide-quote-slider_block_ebde8cf2b5bc5dc2c3d8da437cbfe661\">\n\t\t\t\t\t\t\t\t<div class=\"quote-text\">Fr\u00fcher hatten wir ein Loch in unserem Verkaufstrichter. Wir kamen bis zu dem Punkt, an dem der Kunde sagte, dass er fortfahren wollte, aber dann mussten wir versuchen, den ganzen Papierkram und die Zahlung separat zu erledigen. Mit OpenSolar bringen wir unsere Kunden dazu, direkt im Angebot auf der gepunkteten Linie zu unterschreiben UND uns Teil- oder sogar Vollzahlungen in bar zu leisten. Die ganze Sache hat uns einfach effizienter gemacht.   <\/div>\t\t\t\t\t\t\t\t<div class=\"quotee\">\n\t\t\t\t\t\t\t\t\t<div class=\"left\">\n\t\t\t\t\t\t\t\t\t\t\t\t\t\t\t\t\t\t\t\t\t<figure>\n\t\t\t\t\t\t\t\t\t\t\t\t<img loading=\"lazy\" decoding=\"async\" width=\"500\" height=\"500\" src=\"https:\/\/i0.wp.com\/www.opensolar.com\/wp-content\/uploads\/2023\/12\/guy.png?fit=500%2C500&amp;quality=80&amp;ssl=1\" class=\"attachment-full size-full\" alt=\"\" \/>\t\t\t\t\t\t\t\t\t\t\t<\/figure>\n\t\t\t\t\t\t\t\t\t\t\t\t\t\t\t\t\t\t\t<\/div>\n\t\t\t\t\t\t\t\t\t<div class=\"right\">\n\t\t\t\t\t\t\t\t\t\t<div class=\"top\">\n\t\t\t\t\t\t\t\t\t\t\t<span>Guy<\/span>\t\t\t\t\t\t\t\t\t\t\t\t\t\t\t\t\t\t\t\t\t\t\t<div class=\"flag\">\n\t\t\t\t\t\t\t\t\t\t\t\t\t<figure>\n\t\t\t\t\t\t\t\t\t\t\t\t\t\t<img loading=\"lazy\" decoding=\"async\" width=\"35\" height=\"24\" src=\"https:\/\/www.opensolar.com\/wp-content\/uploads\/2025\/01\/flag-us.svg\" class=\"attachment-full size-full\" alt=\"\" \/>\t\t\t\t\t\t\t\t\t\t\t\t\t<\/figure>\n\t\t\t\t\t\t\t\t\t\t\t\t<\/div>\n\t\t\t\t\t\t\t\t\t\t\t\t\t\t\t\t\t\t\t\t\t<\/div>\n\t\t\t\t\t\t\t\t\t\t<div class=\"bottom\"><span>Amerigreen (Kalifornien, USA)<\/span><\/div>\n\t\t\t\t\t\t\t\t\t<\/div>\n\t\t\t\t\t\t\t\t<\/div>\n\t\t\t\t\t\t\t<\/div>\n\t\t\t\t\t\t<\/div>\n\t\t\t\t\t\t\t\t\t\t\t\t\t\t\t\t\t\t\t\t\t\t\t\t\t\t<script>\n\t\t\t\t\t\t\t$(document).ready(function (){\n\t\t\t\t\t\t\t\tvar swiperslider_block_ebde8cf2b5bc5dc2c3d8da437cbfe661 = new Swiper(\".swiper-slider_block_ebde8cf2b5bc5dc2c3d8da437cbfe661\", {\n\t\t\t\t\t\t\t\t\tgrabCursor: true,\n\t\t\t\t\t\t\t\t\t\tnavigation: {\n\t\t\t\t\t\t\t\t\t\tprevEl: \".swiper-prev-button-slider_block_ebde8cf2b5bc5dc2c3d8da437cbfe661\",\n\t\t\t\t\t\t\t\t\t\tnextEl: \".swiper-next-button-slider_block_ebde8cf2b5bc5dc2c3d8da437cbfe661\",\n\t\t\t\t\t\t\t\t\t},\n\t\t\t\t\t\t\t\t\tkeyboard: { enabled: true },\n\t\t\t\t\t\t\t\t\twatchSlidesProgress: true,\n\t\t\t\t\t\t\t\t\tobserver: true,\n\t\t\t\t\t\t\t\t\tobserveParents: true,\n\t\t\t\t\t\t\t\t});\n\t\t\t\t\t\t\t\t\n\t\t\t\t\t\t\t\tfunction matchHeight_slider_block_ebde8cf2b5bc5dc2c3d8da437cbfe661() {\n\t\t\t\t\t\t\t\t\tlet maxHeight = 0;\n\t\t\t\t\t\t\t\t\n\t\t\t\t\t\t\t\t\t\/\/ Find the tallest div\n\t\t\t\t\t\t\t\t\t$('.slide-quote-slider_block_ebde8cf2b5bc5dc2c3d8da437cbfe661').each(function() {\n\t\t\t\t\t\t\t\t\tmaxHeight = Math.max(maxHeight, $(this).height());\n\t\t\t\t\t\t\t\t\t});\n\t\t\t\t\t\t\t\t\n\t\t\t\t\t\t\t\t\t\/\/ Set the height of all divs to the tallest\n\t\t\t\t\t\t\t\t\t$('.slide-quote-slider_block_ebde8cf2b5bc5dc2c3d8da437cbfe661').height(maxHeight);\n\t\t\t\t\t\t\t\t}\n\t\t\t\t\t\t\t\t\n\t\t\t\t\t\t\t\tmatchHeight_slider_block_ebde8cf2b5bc5dc2c3d8da437cbfe661(); \/\/ Call on page load\n\t\t\t\t\t\t\t\t\n\t\t\t\t\t\t\t\t\/\/ Optional: Call on window resize\n\t\t\t\t\t\t\t\t$(window).resize(matchHeight_slider_block_ebde8cf2b5bc5dc2c3d8da437cbfe661);\n\t\t\t\t\t\t\n\t\t\t\t\t\t\t});\n\t\t\t\t\t\t<\/script>\n\t\t\t\t\t\t\t\t\t\t\t\t\t\t<\/div>\n\t\t<div class=\"swiper-button swiper-prev-button swiper-prev-button-slider_block_ebde8cf2b5bc5dc2c3d8da437cbfe661\">\n\t\t\t<svg xmlns=\"http:\/\/www.w3.org\/2000\/svg\" viewBox=\"0 0 320 512\"><path d=\"M9.4 233.4c-12.5 12.5-12.5 32.8 0 45.3l192 192c12.5 12.5 32.8 12.5 45.3 0s12.5-32.8 0-45.3L77.3 256 246.6 86.6c12.5-12.5 12.5-32.8 0-45.3s-32.8-12.5-45.3 0l-192 192z\"\/><\/svg>\n\t\t<\/div>\n\t\t<div class=\"swiper-button swiper-next-button swiper-next-button-slider_block_ebde8cf2b5bc5dc2c3d8da437cbfe661\">\n\t\t\t<svg xmlns=\"http:\/\/www.w3.org\/2000\/svg\" viewBox=\"0 0 320 512\"><path d=\"M310.6 233.4c12.5 12.5 12.5 32.8 0 45.3l-192 192c-12.5 12.5-32.8 12.5-45.3 0s-12.5-32.8 0-45.3L242.7 256 73.4 86.6c-12.5-12.5-12.5-32.8 0-45.3s32.8-12.5 45.3 0l192 192z\"\/><\/svg>\n\t\t<\/div>\n\t<\/div>\n<\/section>","protected":false},"excerpt":{"rendered":"","protected":false},"author":3,"featured_media":0,"parent":0,"menu_order":0,"comment_status":"closed","ping_status":"closed","template":"","meta":{"_acf_changed":false,"footnotes":""},"class_list":["post-6749","page","type-page","status-publish","hentry"],"acf":[],"yoast_head":"<!-- This site is optimized with the Yoast SEO Premium plugin v26.6 (Yoast SEO v26.6) - https:\/\/yoast.com\/wordpress\/plugins\/seo\/ -->\n<title>OpenSolar E-Signatur &amp; Zahlungen: Schnelle und sichere Transaktionen<\/title>\n<meta name=\"description\" content=\"Optimieren Sie Solargesch\u00e4fte mit der elektronischen Unterschrift und Zahlungsabwicklung von OpenSolar. Sorgen Sie f\u00fcr sichere Transaktionen und vereinfachen Sie die Interaktion mit Ihren Kunden.\" \/>\n<meta name=\"robots\" content=\"index, follow, max-snippet:-1, max-image-preview:large, max-video-preview:-1\" \/>\n<link rel=\"canonical\" href=\"https:\/\/www.opensolar.com\/de\/e-signatur-zahlungen\/\" \/>\n<meta property=\"og:locale\" content=\"de_DE\" \/>\n<meta property=\"og:type\" content=\"article\" \/>\n<meta property=\"og:title\" content=\"E-Signatur &amp; Zahlungen\" \/>\n<meta property=\"og:description\" content=\"Optimieren Sie Solargesch\u00e4fte mit der elektronischen Unterschrift und Zahlungsabwicklung von OpenSolar. Sorgen Sie f\u00fcr sichere Transaktionen und vereinfachen Sie die Interaktion mit Ihren Kunden.\" \/>\n<meta property=\"og:url\" content=\"https:\/\/www.opensolar.com\/de\/e-signatur-zahlungen\/\" \/>\n<meta property=\"og:site_name\" content=\"OpenSolar\" \/>\n<meta property=\"article:publisher\" content=\"https:\/\/www.facebook.com\/OpenSolarGlobal\/\" \/>\n<meta property=\"article:modified_time\" content=\"2025-09-25T17:23:14+00:00\" \/>\n<meta property=\"og:image\" content=\"https:\/\/i0.wp.com\/www.opensolar.com\/wp-content\/uploads\/2024\/07\/OpenSolar-logo-for-WP.png?fit=1200%2C675&quality=80&ssl=1\" \/>\n\t<meta property=\"og:image:width\" content=\"1200\" \/>\n\t<meta property=\"og:image:height\" content=\"675\" \/>\n\t<meta property=\"og:image:type\" content=\"image\/png\" \/>\n<meta name=\"twitter:card\" content=\"summary_large_image\" \/>\n<meta name=\"twitter:site\" content=\"@opensolar\" \/>\n<script type=\"application\/ld+json\" class=\"yoast-schema-graph\">{\"@context\":\"https:\/\/schema.org\",\"@graph\":[{\"@type\":\"WebPage\",\"@id\":\"https:\/\/www.opensolar.com\/de\/e-signatur-zahlungen\/\",\"url\":\"https:\/\/www.opensolar.com\/de\/e-signatur-zahlungen\/\",\"name\":\"OpenSolar E-Signatur & Zahlungen: Schnelle und sichere Transaktionen\",\"isPartOf\":{\"@id\":\"https:\/\/www.opensolar.com\/de\/#website\"},\"datePublished\":\"2023-08-16T03:56:08+00:00\",\"dateModified\":\"2025-09-25T17:23:14+00:00\",\"description\":\"Optimieren Sie Solargesch\u00e4fte mit der elektronischen Unterschrift und Zahlungsabwicklung von OpenSolar. Sorgen Sie f\u00fcr sichere Transaktionen und vereinfachen Sie die Interaktion mit Ihren Kunden.\",\"breadcrumb\":{\"@id\":\"https:\/\/www.opensolar.com\/de\/e-signatur-zahlungen\/#breadcrumb\"},\"inLanguage\":\"de-DE\",\"potentialAction\":[{\"@type\":\"ReadAction\",\"target\":[\"https:\/\/www.opensolar.com\/de\/e-signatur-zahlungen\/\"]}]},{\"@type\":\"BreadcrumbList\",\"@id\":\"https:\/\/www.opensolar.com\/de\/e-signatur-zahlungen\/#breadcrumb\",\"itemListElement\":[{\"@type\":\"ListItem\",\"position\":1,\"name\":\"Home\",\"item\":\"https:\/\/www.opensolar.com\/de\/\"},{\"@type\":\"ListItem\",\"position\":2,\"name\":\"E-Signatur &amp; Zahlungen\"}]},{\"@type\":\"WebSite\",\"@id\":\"https:\/\/www.opensolar.com\/de\/#website\",\"url\":\"https:\/\/www.opensolar.com\/de\/\",\"name\":\"OpenSolar\",\"description\":\"Solar Design And Proposal Software\",\"publisher\":{\"@id\":\"https:\/\/www.opensolar.com\/de\/#organization\"},\"potentialAction\":[{\"@type\":\"SearchAction\",\"target\":{\"@type\":\"EntryPoint\",\"urlTemplate\":\"https:\/\/www.opensolar.com\/de\/?s={search_term_string}\"},\"query-input\":{\"@type\":\"PropertyValueSpecification\",\"valueRequired\":true,\"valueName\":\"search_term_string\"}}],\"inLanguage\":\"de-DE\"},{\"@type\":\"Organization\",\"@id\":\"https:\/\/www.opensolar.com\/de\/#organization\",\"name\":\"OpenSolar\",\"url\":\"https:\/\/www.opensolar.com\/de\/\",\"logo\":{\"@type\":\"ImageObject\",\"inLanguage\":\"de-DE\",\"@id\":\"https:\/\/www.opensolar.com\/de\/#\/schema\/logo\/image\/\",\"url\":\"https:\/\/www.opensolar.com\/wp-content\/uploads\/2026\/03\/OpenSolar-Horizontal-Color.svg\",\"contentUrl\":\"https:\/\/www.opensolar.com\/wp-content\/uploads\/2026\/03\/OpenSolar-Horizontal-Color.svg\",\"caption\":\"OpenSolar\"},\"image\":{\"@id\":\"https:\/\/www.opensolar.com\/de\/#\/schema\/logo\/image\/\"},\"sameAs\":[\"https:\/\/www.facebook.com\/OpenSolarGlobal\/\",\"https:\/\/x.com\/opensolar\",\"https:\/\/www.instagram.com\/open.solar\/\",\"https:\/\/www.linkedin.com\/company\/14522819\",\"https:\/\/www.youtube.com\/channel\/UCw3mdQ_ilIq9ZrPpCa_VOnA\/videos\"],\"description\":\"The world's leading solar design and proposal software. Free of charge so you're free to grow.\"}]}<\/script>\n<!-- \/ Yoast SEO Premium plugin. -->","yoast_head_json":{"title":"OpenSolar E-Signatur & Zahlungen: Schnelle und sichere Transaktionen","description":"Optimieren Sie Solargesch\u00e4fte mit der elektronischen Unterschrift und Zahlungsabwicklung von OpenSolar. Sorgen Sie f\u00fcr sichere Transaktionen und vereinfachen Sie die Interaktion mit Ihren Kunden.","robots":{"index":"index","follow":"follow","max-snippet":"max-snippet:-1","max-image-preview":"max-image-preview:large","max-video-preview":"max-video-preview:-1"},"canonical":"https:\/\/www.opensolar.com\/de\/e-signatur-zahlungen\/","og_locale":"de_DE","og_type":"article","og_title":"E-Signatur &amp; Zahlungen","og_description":"Optimieren Sie Solargesch\u00e4fte mit der elektronischen Unterschrift und Zahlungsabwicklung von OpenSolar. Sorgen Sie f\u00fcr sichere Transaktionen und vereinfachen Sie die Interaktion mit Ihren Kunden.","og_url":"https:\/\/www.opensolar.com\/de\/e-signatur-zahlungen\/","og_site_name":"OpenSolar","article_publisher":"https:\/\/www.facebook.com\/OpenSolarGlobal\/","article_modified_time":"2025-09-25T17:23:14+00:00","og_image":[{"width":1200,"height":675,"url":"https:\/\/i0.wp.com\/www.opensolar.com\/wp-content\/uploads\/2024\/07\/OpenSolar-logo-for-WP.png?fit=1200%2C675&quality=80&ssl=1","type":"image\/png"}],"twitter_card":"summary_large_image","twitter_site":"@opensolar","schema":{"@context":"https:\/\/schema.org","@graph":[{"@type":"WebPage","@id":"https:\/\/www.opensolar.com\/de\/e-signatur-zahlungen\/","url":"https:\/\/www.opensolar.com\/de\/e-signatur-zahlungen\/","name":"OpenSolar E-Signatur & Zahlungen: Schnelle und sichere Transaktionen","isPartOf":{"@id":"https:\/\/www.opensolar.com\/de\/#website"},"datePublished":"2023-08-16T03:56:08+00:00","dateModified":"2025-09-25T17:23:14+00:00","description":"Optimieren Sie Solargesch\u00e4fte mit der elektronischen Unterschrift und Zahlungsabwicklung von OpenSolar. Sorgen Sie f\u00fcr sichere Transaktionen und vereinfachen Sie die Interaktion mit Ihren Kunden.","breadcrumb":{"@id":"https:\/\/www.opensolar.com\/de\/e-signatur-zahlungen\/#breadcrumb"},"inLanguage":"de-DE","potentialAction":[{"@type":"ReadAction","target":["https:\/\/www.opensolar.com\/de\/e-signatur-zahlungen\/"]}]},{"@type":"BreadcrumbList","@id":"https:\/\/www.opensolar.com\/de\/e-signatur-zahlungen\/#breadcrumb","itemListElement":[{"@type":"ListItem","position":1,"name":"Home","item":"https:\/\/www.opensolar.com\/de\/"},{"@type":"ListItem","position":2,"name":"E-Signatur &amp; Zahlungen"}]},{"@type":"WebSite","@id":"https:\/\/www.opensolar.com\/de\/#website","url":"https:\/\/www.opensolar.com\/de\/","name":"OpenSolar","description":"Solar Design And Proposal Software","publisher":{"@id":"https:\/\/www.opensolar.com\/de\/#organization"},"potentialAction":[{"@type":"SearchAction","target":{"@type":"EntryPoint","urlTemplate":"https:\/\/www.opensolar.com\/de\/?s={search_term_string}"},"query-input":{"@type":"PropertyValueSpecification","valueRequired":true,"valueName":"search_term_string"}}],"inLanguage":"de-DE"},{"@type":"Organization","@id":"https:\/\/www.opensolar.com\/de\/#organization","name":"OpenSolar","url":"https:\/\/www.opensolar.com\/de\/","logo":{"@type":"ImageObject","inLanguage":"de-DE","@id":"https:\/\/www.opensolar.com\/de\/#\/schema\/logo\/image\/","url":"https:\/\/www.opensolar.com\/wp-content\/uploads\/2026\/03\/OpenSolar-Horizontal-Color.svg","contentUrl":"https:\/\/www.opensolar.com\/wp-content\/uploads\/2026\/03\/OpenSolar-Horizontal-Color.svg","caption":"OpenSolar"},"image":{"@id":"https:\/\/www.opensolar.com\/de\/#\/schema\/logo\/image\/"},"sameAs":["https:\/\/www.facebook.com\/OpenSolarGlobal\/","https:\/\/x.com\/opensolar","https:\/\/www.instagram.com\/open.solar\/","https:\/\/www.linkedin.com\/company\/14522819","https:\/\/www.youtube.com\/channel\/UCw3mdQ_ilIq9ZrPpCa_VOnA\/videos"],"description":"The world's leading solar design and proposal software. Free of charge so you're free to grow."}]}},"_links":{"self":[{"href":"https:\/\/www.opensolar.com\/de\/wp-json\/wp\/v2\/pages\/6749","targetHints":{"allow":["GET"]}}],"collection":[{"href":"https:\/\/www.opensolar.com\/de\/wp-json\/wp\/v2\/pages"}],"about":[{"href":"https:\/\/www.opensolar.com\/de\/wp-json\/wp\/v2\/types\/page"}],"author":[{"embeddable":true,"href":"https:\/\/www.opensolar.com\/de\/wp-json\/wp\/v2\/users\/3"}],"replies":[{"embeddable":true,"href":"https:\/\/www.opensolar.com\/de\/wp-json\/wp\/v2\/comments?post=6749"}],"version-history":[{"count":0,"href":"https:\/\/www.opensolar.com\/de\/wp-json\/wp\/v2\/pages\/6749\/revisions"}],"wp:attachment":[{"href":"https:\/\/www.opensolar.com\/de\/wp-json\/wp\/v2\/media?parent=6749"}],"curies":[{"name":"wp","href":"https:\/\/api.w.org\/{rel}","templated":true}]}}