{"id":6758,"date":"2023-08-02T03:03:33","date_gmt":"2023-08-02T03:03:33","guid":{"rendered":"https:\/\/www.opensolar.com\/unterstuetzung-fuer-mehrere-geraete\/"},"modified":"2025-02-04T18:10:25","modified_gmt":"2025-02-04T18:10:25","slug":"unterstuetzung-fuer-mehrere-geraete","status":"publish","type":"page","link":"https:\/\/www.opensolar.com\/de\/unterstuetzung-fuer-mehrere-geraete\/","title":{"rendered":"Unterst\u00fctzung s\u00e4mtlicher Endger\u00e4te"},"content":{"rendered":"<section id=\"hero-block_6cb338c22a11d99969046d968f0942c2\" class=\"hero  light-mode background-bright-grey-200\" style=\"\">\n\t\t\t\t\t<div class=\"content-block-hero\">\n\t\t\t\t\t\t\t\t<div class=\"intro-text default\">\n\t\t\t\t\t\t\t\t\t\t\t<h1 class=\"motion-hero-headline blue-gradient light-mode\"><p>Unterst\u00fctzung s\u00e4mtlicher Endger\u00e4te<\/p>\n<\/h1>\t\t\t\t\t\t<div class=\"motion-hero-sub-headline sub-headline light-mode\"><p>Erweitern Sie Ihr Gesch\u00e4ft mit einer Plattform &#8211; auf jedem Ger\u00e4t, von \u00fcberall. Ob Tablet oder Smartphone, iOS oder Android, PC oder Mac, check!<\/p>\n<\/div>\t\t\t\t\t\t\t\t\t\t\t\t\t\t\t\t\t\t\t\t\t\t\t\t\t\t<\/div>\n\t\t\t\t\t\t\t<\/div>\n\t\t<\/section><section id=\"side-by-side-block_fbfbd0a0eb792d1b13d1446d053da9ad\" class=\"side-by-side light-mode  background-none\" style=\"\">\n\t<div class=\"side-by-side-content light-mode\">\n\t\t\t\t\t\t\t\t\t\t\t\t\t\t<div class=\"content-block-regular\">\n\t\t\t\t\t\t<div class=\"artwork-block artwork-right\">\n\t\t\t\t\t\t\t\t\t\t\t\t\t\t\t<figure class=\"squared\" style=\"position: relative;\">\n\t\t\t\t\t\t\t\t\t<img decoding=\"async\" src=\"https:\/\/i0.wp.com\/www.opensolar.com\/wp-content\/uploads\/2023\/08\/multi-device-support-screens.png?fit=1920%2C1080&#038;quality=80&#038;ssl=1\" class=\"motion-artwork-base-side-by-side-block_fbfbd0a0eb792d1b13d1446d053da9ad\" alt=\"\" style=\"z-index: 0;\" \/>\n\t\t\t\t\t\t\t\t\t\t\t\t\t\t\t\t\t\t<img decoding=\"async\" src=\"\" class=\"motion-artwork-layer1-side-by-side-block_fbfbd0a0eb792d1b13d1446d053da9ad\" alt=\"\" style=\"z-index: 1; position: absolute; top: 0; left: 0;\" \/>\n\t\t\t\t\t\t\t\t<\/figure>\n\t\t\t\t\t\t\t\t\t\t\t\t\t\t\t\t\t\t\t\t\t\t\t\t\t\t\t\t<div class=\"text-space\">\n\t\t\t\t\t\t\t\t\t\t\t\t\t\t\t\t<h2 class=\"light-mode\"><p>Erweitern Sie Ihr Gesch\u00e4ft mit einer Plattform &#8211; auf jedem Ger\u00e4t, von \u00fcberall<\/p>\n<\/h2>\t\t\t\t\t\t\t\t\t\t\t\t\t\t\t\t<div class=\"text light-mode\"><p>Tablet oder Smartphone, iOS oder Android, PC oder Mac, wir haben alles f\u00fcr Sie.<\/p>\n<ul>\n<li>Designen, verkaufen, abschlie\u00dfen und verwalten Sie Kunden von jedem Ger\u00e4t aus \u2013 sowohl im B\u00fcro als auch im Au\u00dfendienst.<\/li>\n<li>Erstellen Sie detaillierte Entw\u00fcrfe im Handumdrehen, direkt von Ihrem mobilen Ger\u00e4t aus.<\/li>\n<li>Vollst\u00e4ndiger Verkaufsmodus verf\u00fcgbar &#8211; Pr\u00e4sentieren Sie von Angesicht zu Angesicht und schlie\u00dfen Sie Ihre Kunden vor Ort ab.<\/li>\n<li>Erstellen Sie opportunistische Entw\u00fcrfe vor Ort und weisen Sie sie Teammitgliedern zu, um eine nahtlose Weiterverfolgung mit dem Kunden zu erm\u00f6glichen.<\/li>\n<li>Aktualisieren Sie Projekte oder Kontakte von jedem beliebigen Ort aus<\/li>\n<\/ul>\n<\/div>\t\t\t\t\t\t\t\t\t\t\t\t\t\t\t\t\t\t\t\t\t\t\t<\/div>\n\t\t\t\t\t\t<\/div>\n\t\t\t\t\t<\/div>\n\t\t\t\t\t\t\t\t\t\t\t\t\t\t\t\t\t\t\t\t\t\t<\/div>\n<\/section>\n<section id=\"slider_block_98eff1b7017397a5cc3a8e3dc4643578\" class=\"slider background-bright-grey-200\" style=\"\">\n\t<h2 class=\"blue-gradient\"><p>Was die Pros dazu sagen<\/p>\n<\/h2>\t<div class=\"swiper swiper-slider_block_98eff1b7017397a5cc3a8e3dc4643578\">\n\t\t<div class=\"swiper-wrapper\">\n\t\t\t\t\t\t\t\t\t\t\t\t\t\t\t\t\t\t\t\t\t\t\t<div class=\"swiper-slide\">\n\t\t\t\t\t\t\t<div class=\"swiper-slide-content slide-quote slide-quote-slider_block_98eff1b7017397a5cc3a8e3dc4643578\">\n\t\t\t\t\t\t\t\t<div class=\"quote-text\">Das Tolle an den mobilen Apps von OpenSolar ist, dass Sie direkt vor Ort, vor den Augen des potenziellen Kunden und unabh\u00e4ngig vom Standort, einen wirklich genauen Entwurf und ein Angebot erstellen k\u00f6nnen. Wir sind ein super unternehmerisches Team, so dass es f\u00fcr uns zur zweiten Natur geworden ist, einfach das Tablet herauszuholen und Systeme zu verkaufen, die Kunden lieben.<\/div>\t\t\t\t\t\t\t\t<div class=\"quotee\">\n\t\t\t\t\t\t\t\t\t<div class=\"left\">\n\t\t\t\t\t\t\t\t\t\t\t\t\t\t\t\t\t\t\t\t\t<figure>\n\t\t\t\t\t\t\t\t\t\t\t\t<img loading=\"lazy\" decoding=\"async\" width=\"2941\" height=\"2941\" src=\"https:\/\/i0.wp.com\/www.opensolar.com\/wp-content\/uploads\/2023\/08\/Dion-McCall.png?fit=2941%2C2941&amp;quality=80&amp;ssl=1\" class=\"attachment-full size-full\" alt=\"\" srcset=\"https:\/\/i0.wp.com\/www.opensolar.com\/wp-content\/uploads\/2023\/08\/Dion-McCall.png?w=2941&amp;quality=80&amp;ssl=1 2941w, https:\/\/i0.wp.com\/www.opensolar.com\/wp-content\/uploads\/2023\/08\/Dion-McCall.png?resize=300%2C300&amp;quality=80&amp;ssl=1 300w, https:\/\/i0.wp.com\/www.opensolar.com\/wp-content\/uploads\/2023\/08\/Dion-McCall.png?resize=1024%2C1024&amp;quality=80&amp;ssl=1 1024w, https:\/\/i0.wp.com\/www.opensolar.com\/wp-content\/uploads\/2023\/08\/Dion-McCall.png?resize=150%2C150&amp;quality=80&amp;ssl=1 150w, https:\/\/i0.wp.com\/www.opensolar.com\/wp-content\/uploads\/2023\/08\/Dion-McCall.png?resize=768%2C768&amp;quality=80&amp;ssl=1 768w, https:\/\/i0.wp.com\/www.opensolar.com\/wp-content\/uploads\/2023\/08\/Dion-McCall.png?resize=1536%2C1536&amp;quality=80&amp;ssl=1 1536w, https:\/\/i0.wp.com\/www.opensolar.com\/wp-content\/uploads\/2023\/08\/Dion-McCall.png?resize=2048%2C2048&amp;quality=80&amp;ssl=1 2048w, https:\/\/i0.wp.com\/www.opensolar.com\/wp-content\/uploads\/2023\/08\/Dion-McCall.png?w=1280&amp;quality=80&amp;ssl=1 1280w, https:\/\/i0.wp.com\/www.opensolar.com\/wp-content\/uploads\/2023\/08\/Dion-McCall.png?w=1920&amp;quality=80&amp;ssl=1 1920w\" sizes=\"auto, (max-width: 640px) 100vw, 640px\" \/>\t\t\t\t\t\t\t\t\t\t\t<\/figure>\n\t\t\t\t\t\t\t\t\t\t\t\t\t\t\t\t\t\t\t<\/div>\n\t\t\t\t\t\t\t\t\t<div class=\"right\">\n\t\t\t\t\t\t\t\t\t\t<div class=\"top\">\n\t\t\t\t\t\t\t\t\t\t\t<span>Dion<\/span>\t\t\t\t\t\t\t\t\t\t\t\t\t\t\t\t\t\t\t\t\t<\/div>\n\t\t\t\t\t\t\t\t\t\t<div class=\"bottom\"><span>Clean Energy Partners | Neuseeland<\/span><\/div>\n\t\t\t\t\t\t\t\t\t<\/div>\n\t\t\t\t\t\t\t\t<\/div>\n\t\t\t\t\t\t\t<\/div>\n\t\t\t\t\t\t<\/div>\n\t\t\t\t\t\t\t\t\t\t\t\t\t\t\t\t\t\t\t\t\t\t\t\t\t\t<script>\n\t\t\t\t\t\t\t$(document).ready(function (){\n\t\t\t\t\t\t\t\tvar swiperslider_block_98eff1b7017397a5cc3a8e3dc4643578 = new Swiper(\".swiper-slider_block_98eff1b7017397a5cc3a8e3dc4643578\", {\n\t\t\t\t\t\t\t\t\tgrabCursor: true,\n\t\t\t\t\t\t\t\t\t\tnavigation: {\n\t\t\t\t\t\t\t\t\t\tprevEl: \".swiper-prev-button-slider_block_98eff1b7017397a5cc3a8e3dc4643578\",\n\t\t\t\t\t\t\t\t\t\tnextEl: \".swiper-next-button-slider_block_98eff1b7017397a5cc3a8e3dc4643578\",\n\t\t\t\t\t\t\t\t\t},\n\t\t\t\t\t\t\t\t\tkeyboard: { enabled: true },\n\t\t\t\t\t\t\t\t\twatchSlidesProgress: true,\n\t\t\t\t\t\t\t\t\tobserver: true,\n\t\t\t\t\t\t\t\t\tobserveParents: true,\n\t\t\t\t\t\t\t\t});\n\t\t\t\t\t\t\t\t\n\t\t\t\t\t\t\t\tfunction matchHeight_slider_block_98eff1b7017397a5cc3a8e3dc4643578() {\n\t\t\t\t\t\t\t\t\tlet maxHeight = 0;\n\t\t\t\t\t\t\t\t\n\t\t\t\t\t\t\t\t\t\/\/ Find the tallest div\n\t\t\t\t\t\t\t\t\t$('.slide-quote-slider_block_98eff1b7017397a5cc3a8e3dc4643578').each(function() {\n\t\t\t\t\t\t\t\t\tmaxHeight = Math.max(maxHeight, $(this).height());\n\t\t\t\t\t\t\t\t\t});\n\t\t\t\t\t\t\t\t\n\t\t\t\t\t\t\t\t\t\/\/ Set the height of all divs to the tallest\n\t\t\t\t\t\t\t\t\t$('.slide-quote-slider_block_98eff1b7017397a5cc3a8e3dc4643578').height(maxHeight);\n\t\t\t\t\t\t\t\t}\n\t\t\t\t\t\t\t\t\n\t\t\t\t\t\t\t\tmatchHeight_slider_block_98eff1b7017397a5cc3a8e3dc4643578(); \/\/ Call on page load\n\t\t\t\t\t\t\t\t\n\t\t\t\t\t\t\t\t\/\/ Optional: Call on window resize\n\t\t\t\t\t\t\t\t$(window).resize(matchHeight_slider_block_98eff1b7017397a5cc3a8e3dc4643578);\n\t\t\t\t\t\t\n\t\t\t\t\t\t\t});\n\t\t\t\t\t\t<\/script>\n\t\t\t\t\t\t\t\t\t\t\t\t\t\t<\/div>\n\t\t<div class=\"swiper-button swiper-prev-button swiper-prev-button-slider_block_98eff1b7017397a5cc3a8e3dc4643578\">\n\t\t\t<svg xmlns=\"http:\/\/www.w3.org\/2000\/svg\" viewBox=\"0 0 320 512\"><path d=\"M9.4 233.4c-12.5 12.5-12.5 32.8 0 45.3l192 192c12.5 12.5 32.8 12.5 45.3 0s12.5-32.8 0-45.3L77.3 256 246.6 86.6c12.5-12.5 12.5-32.8 0-45.3s-32.8-12.5-45.3 0l-192 192z\"\/><\/svg>\n\t\t<\/div>\n\t\t<div class=\"swiper-button swiper-next-button swiper-next-button-slider_block_98eff1b7017397a5cc3a8e3dc4643578\">\n\t\t\t<svg xmlns=\"http:\/\/www.w3.org\/2000\/svg\" viewBox=\"0 0 320 512\"><path d=\"M310.6 233.4c12.5 12.5 12.5 32.8 0 45.3l-192 192c-12.5 12.5-32.8 12.5-45.3 0s-12.5-32.8 0-45.3L242.7 256 73.4 86.6c-12.5-12.5-12.5-32.8 0-45.3s32.8-12.5 45.3 0l192 192z\"\/><\/svg>\n\t\t<\/div>\n\t<\/div>\n<\/section>","protected":false},"excerpt":{"rendered":"","protected":false},"author":3,"featured_media":0,"parent":0,"menu_order":0,"comment_status":"closed","ping_status":"closed","template":"","meta":{"_acf_changed":false,"footnotes":""},"class_list":["post-6758","page","type-page","status-publish","hentry"],"acf":[],"yoast_head":"<!-- This site is optimized with the Yoast SEO Premium plugin v26.6 (Yoast SEO v26.6) - https:\/\/yoast.com\/wordpress\/plugins\/seo\/ -->\n<title>OpenSolar Verkaufsmodus: Multi-Device-Unterst\u00fctzung<\/title>\n<meta name=\"description\" content=\"Nutzen Sie den Verkaufsmodus von OpenSolar auf jedem Ger\u00e4t. Entwerfen, verkaufen und verwalten Sie Solarprojekte vom Handy oder Desktop aus, im B\u00fcro oder vor Ort.\" \/>\n<meta name=\"robots\" content=\"index, follow, max-snippet:-1, max-image-preview:large, max-video-preview:-1\" \/>\n<link rel=\"canonical\" href=\"https:\/\/www.opensolar.com\/de\/unterstuetzung-fuer-mehrere-geraete\/\" \/>\n<meta property=\"og:locale\" content=\"de_DE\" \/>\n<meta property=\"og:type\" content=\"article\" \/>\n<meta property=\"og:title\" content=\"Unterst\u00fctzung s\u00e4mtlicher Endger\u00e4te\" \/>\n<meta property=\"og:description\" content=\"Nutzen Sie den Verkaufsmodus von OpenSolar auf jedem Ger\u00e4t. Entwerfen, verkaufen und verwalten Sie Solarprojekte vom Handy oder Desktop aus, im B\u00fcro oder vor Ort.\" \/>\n<meta property=\"og:url\" content=\"https:\/\/www.opensolar.com\/de\/unterstuetzung-fuer-mehrere-geraete\/\" \/>\n<meta property=\"og:site_name\" content=\"OpenSolar\" \/>\n<meta property=\"article:publisher\" content=\"https:\/\/www.facebook.com\/OpenSolarGlobal\/\" \/>\n<meta property=\"article:modified_time\" content=\"2025-02-04T18:10:25+00:00\" \/>\n<meta property=\"og:image\" content=\"https:\/\/i0.wp.com\/www.opensolar.com\/wp-content\/uploads\/2024\/07\/OpenSolar-logo-for-WP.png?fit=1200%2C675&quality=80&ssl=1\" \/>\n\t<meta property=\"og:image:width\" content=\"1200\" \/>\n\t<meta property=\"og:image:height\" content=\"675\" \/>\n\t<meta property=\"og:image:type\" content=\"image\/png\" \/>\n<meta name=\"twitter:card\" content=\"summary_large_image\" \/>\n<meta name=\"twitter:site\" content=\"@opensolar\" \/>\n<script type=\"application\/ld+json\" class=\"yoast-schema-graph\">{\"@context\":\"https:\/\/schema.org\",\"@graph\":[{\"@type\":\"WebPage\",\"@id\":\"https:\/\/www.opensolar.com\/de\/unterstuetzung-fuer-mehrere-geraete\/\",\"url\":\"https:\/\/www.opensolar.com\/de\/unterstuetzung-fuer-mehrere-geraete\/\",\"name\":\"OpenSolar Verkaufsmodus: Multi-Device-Unterst\u00fctzung\",\"isPartOf\":{\"@id\":\"https:\/\/www.opensolar.com\/de\/#website\"},\"datePublished\":\"2023-08-02T03:03:33+00:00\",\"dateModified\":\"2025-02-04T18:10:25+00:00\",\"description\":\"Nutzen Sie den Verkaufsmodus von OpenSolar auf jedem Ger\u00e4t. Entwerfen, verkaufen und verwalten Sie Solarprojekte vom Handy oder Desktop aus, im B\u00fcro oder vor Ort.\",\"breadcrumb\":{\"@id\":\"https:\/\/www.opensolar.com\/de\/unterstuetzung-fuer-mehrere-geraete\/#breadcrumb\"},\"inLanguage\":\"de-DE\",\"potentialAction\":[{\"@type\":\"ReadAction\",\"target\":[\"https:\/\/www.opensolar.com\/de\/unterstuetzung-fuer-mehrere-geraete\/\"]}]},{\"@type\":\"BreadcrumbList\",\"@id\":\"https:\/\/www.opensolar.com\/de\/unterstuetzung-fuer-mehrere-geraete\/#breadcrumb\",\"itemListElement\":[{\"@type\":\"ListItem\",\"position\":1,\"name\":\"Home\",\"item\":\"https:\/\/www.opensolar.com\/de\/\"},{\"@type\":\"ListItem\",\"position\":2,\"name\":\"Unterst\u00fctzung s\u00e4mtlicher Endger\u00e4te\"}]},{\"@type\":\"WebSite\",\"@id\":\"https:\/\/www.opensolar.com\/de\/#website\",\"url\":\"https:\/\/www.opensolar.com\/de\/\",\"name\":\"OpenSolar\",\"description\":\"Solar Design And Proposal Software\",\"publisher\":{\"@id\":\"https:\/\/www.opensolar.com\/de\/#organization\"},\"potentialAction\":[{\"@type\":\"SearchAction\",\"target\":{\"@type\":\"EntryPoint\",\"urlTemplate\":\"https:\/\/www.opensolar.com\/de\/?s={search_term_string}\"},\"query-input\":{\"@type\":\"PropertyValueSpecification\",\"valueRequired\":true,\"valueName\":\"search_term_string\"}}],\"inLanguage\":\"de-DE\"},{\"@type\":\"Organization\",\"@id\":\"https:\/\/www.opensolar.com\/de\/#organization\",\"name\":\"OpenSolar\",\"url\":\"https:\/\/www.opensolar.com\/de\/\",\"logo\":{\"@type\":\"ImageObject\",\"inLanguage\":\"de-DE\",\"@id\":\"https:\/\/www.opensolar.com\/de\/#\/schema\/logo\/image\/\",\"url\":\"https:\/\/www.opensolar.com\/wp-content\/uploads\/2026\/04\/OpenSolar-Horizontal-Color.svg\",\"contentUrl\":\"https:\/\/www.opensolar.com\/wp-content\/uploads\/2026\/04\/OpenSolar-Horizontal-Color.svg\",\"caption\":\"OpenSolar\"},\"image\":{\"@id\":\"https:\/\/www.opensolar.com\/de\/#\/schema\/logo\/image\/\"},\"sameAs\":[\"https:\/\/www.facebook.com\/OpenSolarGlobal\/\",\"https:\/\/x.com\/opensolar\",\"https:\/\/www.instagram.com\/open.solar\/\",\"https:\/\/www.linkedin.com\/company\/14522819\",\"https:\/\/www.youtube.com\/channel\/UCw3mdQ_ilIq9ZrPpCa_VOnA\/videos\"],\"description\":\"The world's leading solar design and proposal software. Free of charge so you're free to grow.\"}]}<\/script>\n<!-- \/ Yoast SEO Premium plugin. -->","yoast_head_json":{"title":"OpenSolar Verkaufsmodus: Multi-Device-Unterst\u00fctzung","description":"Nutzen Sie den Verkaufsmodus von OpenSolar auf jedem Ger\u00e4t. Entwerfen, verkaufen und verwalten Sie Solarprojekte vom Handy oder Desktop aus, im B\u00fcro oder vor Ort.","robots":{"index":"index","follow":"follow","max-snippet":"max-snippet:-1","max-image-preview":"max-image-preview:large","max-video-preview":"max-video-preview:-1"},"canonical":"https:\/\/www.opensolar.com\/de\/unterstuetzung-fuer-mehrere-geraete\/","og_locale":"de_DE","og_type":"article","og_title":"Unterst\u00fctzung s\u00e4mtlicher Endger\u00e4te","og_description":"Nutzen Sie den Verkaufsmodus von OpenSolar auf jedem Ger\u00e4t. Entwerfen, verkaufen und verwalten Sie Solarprojekte vom Handy oder Desktop aus, im B\u00fcro oder vor Ort.","og_url":"https:\/\/www.opensolar.com\/de\/unterstuetzung-fuer-mehrere-geraete\/","og_site_name":"OpenSolar","article_publisher":"https:\/\/www.facebook.com\/OpenSolarGlobal\/","article_modified_time":"2025-02-04T18:10:25+00:00","og_image":[{"width":1200,"height":675,"url":"https:\/\/i0.wp.com\/www.opensolar.com\/wp-content\/uploads\/2024\/07\/OpenSolar-logo-for-WP.png?fit=1200%2C675&quality=80&ssl=1","type":"image\/png"}],"twitter_card":"summary_large_image","twitter_site":"@opensolar","schema":{"@context":"https:\/\/schema.org","@graph":[{"@type":"WebPage","@id":"https:\/\/www.opensolar.com\/de\/unterstuetzung-fuer-mehrere-geraete\/","url":"https:\/\/www.opensolar.com\/de\/unterstuetzung-fuer-mehrere-geraete\/","name":"OpenSolar Verkaufsmodus: Multi-Device-Unterst\u00fctzung","isPartOf":{"@id":"https:\/\/www.opensolar.com\/de\/#website"},"datePublished":"2023-08-02T03:03:33+00:00","dateModified":"2025-02-04T18:10:25+00:00","description":"Nutzen Sie den Verkaufsmodus von OpenSolar auf jedem Ger\u00e4t. Entwerfen, verkaufen und verwalten Sie Solarprojekte vom Handy oder Desktop aus, im B\u00fcro oder vor Ort.","breadcrumb":{"@id":"https:\/\/www.opensolar.com\/de\/unterstuetzung-fuer-mehrere-geraete\/#breadcrumb"},"inLanguage":"de-DE","potentialAction":[{"@type":"ReadAction","target":["https:\/\/www.opensolar.com\/de\/unterstuetzung-fuer-mehrere-geraete\/"]}]},{"@type":"BreadcrumbList","@id":"https:\/\/www.opensolar.com\/de\/unterstuetzung-fuer-mehrere-geraete\/#breadcrumb","itemListElement":[{"@type":"ListItem","position":1,"name":"Home","item":"https:\/\/www.opensolar.com\/de\/"},{"@type":"ListItem","position":2,"name":"Unterst\u00fctzung s\u00e4mtlicher Endger\u00e4te"}]},{"@type":"WebSite","@id":"https:\/\/www.opensolar.com\/de\/#website","url":"https:\/\/www.opensolar.com\/de\/","name":"OpenSolar","description":"Solar Design And Proposal Software","publisher":{"@id":"https:\/\/www.opensolar.com\/de\/#organization"},"potentialAction":[{"@type":"SearchAction","target":{"@type":"EntryPoint","urlTemplate":"https:\/\/www.opensolar.com\/de\/?s={search_term_string}"},"query-input":{"@type":"PropertyValueSpecification","valueRequired":true,"valueName":"search_term_string"}}],"inLanguage":"de-DE"},{"@type":"Organization","@id":"https:\/\/www.opensolar.com\/de\/#organization","name":"OpenSolar","url":"https:\/\/www.opensolar.com\/de\/","logo":{"@type":"ImageObject","inLanguage":"de-DE","@id":"https:\/\/www.opensolar.com\/de\/#\/schema\/logo\/image\/","url":"https:\/\/www.opensolar.com\/wp-content\/uploads\/2026\/04\/OpenSolar-Horizontal-Color.svg","contentUrl":"https:\/\/www.opensolar.com\/wp-content\/uploads\/2026\/04\/OpenSolar-Horizontal-Color.svg","caption":"OpenSolar"},"image":{"@id":"https:\/\/www.opensolar.com\/de\/#\/schema\/logo\/image\/"},"sameAs":["https:\/\/www.facebook.com\/OpenSolarGlobal\/","https:\/\/x.com\/opensolar","https:\/\/www.instagram.com\/open.solar\/","https:\/\/www.linkedin.com\/company\/14522819","https:\/\/www.youtube.com\/channel\/UCw3mdQ_ilIq9ZrPpCa_VOnA\/videos"],"description":"The world's leading solar design and proposal software. Free of charge so you're free to grow."}]}},"_links":{"self":[{"href":"https:\/\/www.opensolar.com\/de\/wp-json\/wp\/v2\/pages\/6758","targetHints":{"allow":["GET"]}}],"collection":[{"href":"https:\/\/www.opensolar.com\/de\/wp-json\/wp\/v2\/pages"}],"about":[{"href":"https:\/\/www.opensolar.com\/de\/wp-json\/wp\/v2\/types\/page"}],"author":[{"embeddable":true,"href":"https:\/\/www.opensolar.com\/de\/wp-json\/wp\/v2\/users\/3"}],"replies":[{"embeddable":true,"href":"https:\/\/www.opensolar.com\/de\/wp-json\/wp\/v2\/comments?post=6758"}],"version-history":[{"count":0,"href":"https:\/\/www.opensolar.com\/de\/wp-json\/wp\/v2\/pages\/6758\/revisions"}],"wp:attachment":[{"href":"https:\/\/www.opensolar.com\/de\/wp-json\/wp\/v2\/media?parent=6758"}],"curies":[{"name":"wp","href":"https:\/\/api.w.org\/{rel}","templated":true}]}}