{"id":6759,"date":"2023-08-02T03:50:33","date_gmt":"2023-08-02T03:50:33","guid":{"rendered":"https:\/\/www.opensolar.com\/rollen-berechtigungen\/"},"modified":"2025-09-25T17:36:29","modified_gmt":"2025-09-25T17:36:29","slug":"rollen-berechtigungen","status":"publish","type":"page","link":"https:\/\/www.opensolar.com\/de\/rollen-berechtigungen\/","title":{"rendered":"Teams: Rollen und Berechtigungen"},"content":{"rendered":"<section id=\"hero-block_1a4d25ff09215e52837bf725b90b6521\" class=\"hero  light-mode background-bright-grey-200\" style=\"\">\n\t\t\t\t\t<div class=\"content-block-hero\">\n\t\t\t\t\t\t\t\t<div class=\"intro-text default\">\n\t\t\t\t\t\t\t\t\t\t\t<h1 class=\"motion-hero-headline blue-gradient light-mode\"><p>Teams: Rollen und Berechtigungen<\/p>\n<\/h1>\t\t\t\t\t\t<div class=\"motion-hero-sub-headline sub-headline light-mode\"><p>Einfache Team-Zusammenarbeit mit individuell angepassten Rollen und Projektzugriffen sowie nahtlosen Verbindungen zu externen Organisationen \u00fcber die Teams-Funktion.<\/p>\n<\/div>\t\t\t\t\t\t\t\t\t\t\t\t\t\t\t\t\t\t\t\t\t\t\t\t\t\t<\/div>\n\t\t\t\t\t\t\t\t\t<div class=\"hero-breadcrumb\">\n\t\t\t\t\t\t<div class=\"hero-breadcrumb-content\">\n\t\t\t\t\t\t\t<a href=\"https:\/\/www.opensolar.com\/pro\/\" target=\"_self\">Pro<\/a><span>&gt;<\/span>\t\t\t\t\t\t\t\t\t\t\t\t\t\tTeams: Rollen und Berechtigungen\t\t\t\t\t\t<\/div>\n\t\t\t\t\t<\/div>\n\t\t\t\t\t\t\t<\/div>\n\t\t<\/section><section id=\"side-by-side-block_87b3d6978be4e67c865e53b39c3a4c9b\" class=\"side-by-side light-mode  background-none\" style=\"\">\n\t<div class=\"side-by-side-content light-mode\">\n\t\t\t\t\t\t\t\t\t\t\t\t\t\t<div class=\"content-block-regular\">\n\t\t\t\t\t\t<div class=\"artwork-block artwork-right\">\n\t\t\t\t\t\t\t\t\t\t\t\t\t\t\t<figure class=\"squared\" style=\"position: relative;\">\n\t\t\t\t\t\t\t\t\t<img decoding=\"async\" src=\"https:\/\/i0.wp.com\/www.opensolar.com\/wp-content\/uploads\/2025\/01\/roles-1.jpg?fit=1200%2C1001&#038;quality=89&#038;ssl=1\" class=\"motion-artwork-base-side-by-side-block_87b3d6978be4e67c865e53b39c3a4c9b\" alt=\"\" style=\"z-index: 0;\" \/>\n\t\t\t\t\t\t\t\t\t\t\t\t\t\t\t\t\t\t<img decoding=\"async\" src=\"\" class=\"motion-artwork-layer1-side-by-side-block_87b3d6978be4e67c865e53b39c3a4c9b\" alt=\"\" style=\"z-index: 1; position: absolute; top: 0; left: 0;\" \/>\n\t\t\t\t\t\t\t\t<\/figure>\n\t\t\t\t\t\t\t\t\t\t\t\t\t\t\t\t\t\t\t\t\t\t\t\t\t\t\t\t<div class=\"text-space\">\n\t\t\t\t\t\t\t\t\t\t\t\t\t\t\t\t<h2 class=\"light-mode\"><p>Verwalten Sie Ihre Projekte und Arbeitsabl\u00e4ufe m\u00fchelos mit benutzerdefinierten Rollen, Teams und Kollaborationstools.<\/p>\n<\/h2>\t\t\t\t\t\t\t\t<div class=\"sub-headline light-mode\"><p>Erstellen Sie einen v\u00f6llig individuellen Arbeitsablauf, der darauf basiert, wie Sie Ihre Teams verwalten und Ihr Unternehmen strukturieren.<\/p>\n<\/div>\t\t\t\t\t\t\t\t<div class=\"text light-mode\"><ul>\n<li>Erstellen Sie benutzerdefinierte Rollen und entscheiden Sie, wer in Ihrem Team in den Bereichen Steuerung und Projekte Felder und Details anzeigen, erstellen, bearbeiten und\/oder l\u00f6schen kann.<\/li>\n<li>Erstellen Sie eine Warteschlange f\u00fcr Designanfragen, um Aufgaben zuzuweisen und Arbeitsabl\u00e4ufe zwischen Designern und Vertriebsmitarbeitern zu verbessern.<\/li>\n<li>Verbessern Sie Kommunikation und Projektmanagement, indem Sie Teammitgliedern und Partnern Aufgaben und Aktivit\u00e4ten zuweisen und markieren.<\/li>\n<\/ul>\n<\/div>\t\t\t\t\t\t\t\t\t\t\t\t\t\t\t\t\t\t\t\t\t\t\t<\/div>\n\t\t\t\t\t\t<\/div>\n\t\t\t\t\t<\/div>\n\t\t\t\t\t\t\t\t\t\t\t\t\t\t\t\t\t\t\t\t\t\t<\/div>\n<\/section>\n<section id=\"side-by-side-block_a6601fb2583fb8ed9fdfa10ba109713b\" class=\"side-by-side light-mode  background-bright-grey-200\" style=\"\">\n\t<div class=\"side-by-side-content light-mode\">\n\t\t\t\t\t\t\t\t\t\t\t\t\t\t<div class=\"content-block-regular\">\n\t\t\t\t\t\t<div class=\"artwork-block artwork-left\">\n\t\t\t\t\t\t\t\t\t\t\t\t\t\t\t<figure class=\"squared\" style=\"position: relative;\">\n\t\t\t\t\t\t\t\t\t<img decoding=\"async\" src=\"https:\/\/i0.wp.com\/www.opensolar.com\/wp-content\/uploads\/2025\/01\/roles-2.png?fit=1200%2C1000&#038;quality=80&#038;ssl=1\" class=\"motion-artwork-base-side-by-side-block_a6601fb2583fb8ed9fdfa10ba109713b\" alt=\"\" style=\"z-index: 0;\" \/>\n\t\t\t\t\t\t\t\t\t\t\t\t\t\t\t\t\t\t<img decoding=\"async\" src=\"\" class=\"motion-artwork-layer1-side-by-side-block_a6601fb2583fb8ed9fdfa10ba109713b\" alt=\"\" style=\"z-index: 1; position: absolute; top: 0; left: 0;\" \/>\n\t\t\t\t\t\t\t\t<\/figure>\n\t\t\t\t\t\t\t\t\t\t\t\t\t\t\t\t\t\t\t\t\t\t\t\t\t\t\t\t<div class=\"text-space\">\n\t\t\t\t\t\t\t\t\t\t\t\t\t\t\t\t<h2 class=\"light-mode\"><p>Teilen und verwalten Sie Ihre Projekte ganz einfach mit Vertriebsorganisationen, Installateuren und anderen Mitarbeitern.<\/p>\n<\/h2>\t\t\t\t\t\t\t\t<div class=\"sub-headline light-mode\"><p>Verbinden Sie mehrere Organisationen f\u00fcr m\u00fchelose Gesch\u00e4ftsabl\u00e4ufe, einschlie\u00dflich:<\/p>\n<\/div>\t\t\t\t\t\t\t\t<div class=\"text light-mode\"><ul>\n<li>Umfassendes Toolkit zur einfachen Verwaltung von Netzwerken und Erstellung h\u00e4ndlerspezifischer Konfigurationen<\/li>\n<li>Anpassbare Berechtigungen f\u00fcr mehr Transparenz und Kontrolle f\u00fcr interne und externe Teams<\/li>\n<li>Engagierter Support f\u00fcr die problemlose Einbindung von H\u00e4ndlern<\/li>\n<li>Verl\u00e4ssliche Design-Ergebnisse f\u00fchren zu pr\u00e4zisen Einsparwerten \u2013 und zu zufriedenen Kunden.<\/li>\n<\/ul>\n<\/div>\t\t\t\t\t\t\t\t\t\t\t\t\t\t\t\t\t\t\t\t\t\t\t<\/div>\n\t\t\t\t\t\t<\/div>\n\t\t\t\t\t<\/div>\n\t\t\t\t\t\t\t\t\t\t\t\t\t\t\t\t\t\t\t\t\t\t<\/div>\n<\/section>\n<section id=\"slider_block_2d12d4720e3a04c418aed0f22a3ba243\" class=\"slider background-none\" style=\"\">\n\t<h2 class=\"blue-gradient\"><p>Was die Pros dazu sagen<\/p>\n<\/h2>\t<div class=\"swiper swiper-slider_block_2d12d4720e3a04c418aed0f22a3ba243\">\n\t\t<div class=\"swiper-wrapper\">\n\t\t\t\t\t\t\t\t\t\t\t\t\t\t\t\t\t\t\t\t\t\t\t<div class=\"swiper-slide\">\n\t\t\t\t\t\t\t<div class=\"swiper-slide-content slide-quote slide-quote-slider_block_2d12d4720e3a04c418aed0f22a3ba243\">\n\t\t\t\t\t\t\t\t<div class=\"quote-text\">Die Designplattform, die wir zuvor verwendeten, hatte nur &#8222;Admin\/Nicht-Admin&#8220;, was bedeutete, dass wir keinerlei Flexibilit\u00e4t hatten, als unser Team wuchs und wir mehr spezialisierte Rollen im Unternehmen schufen. Jetzt, wo wir auf OpenSolar sind, haben wir die volle Kontrolle dar\u00fcber, wer was sieht und wer Entw\u00fcrfe und Vorschl\u00e4ge \u00e4ndern kann. Das ist viel einfacher und viel besser f\u00fcr die Qualit\u00e4tskontrolle.  <\/div>\t\t\t\t\t\t\t\t<div class=\"quotee\">\n\t\t\t\t\t\t\t\t\t<div class=\"left\">\n\t\t\t\t\t\t\t\t\t\t\t\t\t\t\t\t\t\t\t\t\t<figure>\n\t\t\t\t\t\t\t\t\t\t\t\t<img loading=\"lazy\" decoding=\"async\" width=\"200\" height=\"200\" src=\"https:\/\/i0.wp.com\/www.opensolar.com\/wp-content\/uploads\/2025\/01\/solar-energy.png?fit=200%2C200&amp;quality=80&amp;ssl=1\" class=\"attachment-full size-full\" alt=\"Solar Energy\" \/>\t\t\t\t\t\t\t\t\t\t\t<\/figure>\n\t\t\t\t\t\t\t\t\t\t\t\t\t\t\t\t\t\t\t<\/div>\n\t\t\t\t\t\t\t\t\t<div class=\"right\">\n\t\t\t\t\t\t\t\t\t\t<div class=\"top\">\n\t\t\t\t\t\t\t\t\t\t\t<span>Jeff<\/span>\t\t\t\t\t\t\t\t\t\t\t\t\t\t\t\t\t\t\t\t\t\t\t<div class=\"flag\">\n\t\t\t\t\t\t\t\t\t\t\t\t\t<figure>\n\t\t\t\t\t\t\t\t\t\t\t\t\t\t<img loading=\"lazy\" decoding=\"async\" width=\"35\" height=\"24\" src=\"https:\/\/www.opensolar.com\/wp-content\/uploads\/2025\/01\/flag-us.svg\" class=\"attachment-full size-full\" alt=\"\" \/>\t\t\t\t\t\t\t\t\t\t\t\t\t<\/figure>\n\t\t\t\t\t\t\t\t\t\t\t\t<\/div>\n\t\t\t\t\t\t\t\t\t\t\t\t\t\t\t\t\t\t\t\t\t<\/div>\n\t\t\t\t\t\t\t\t\t\t<div class=\"bottom\"><span>Solarenergie-L\u00f6sungen (Lexington KY, USA)<\/span><\/div>\n\t\t\t\t\t\t\t\t\t<\/div>\n\t\t\t\t\t\t\t\t<\/div>\n\t\t\t\t\t\t\t<\/div>\n\t\t\t\t\t\t<\/div>\n\t\t\t\t\t\t\t\t\t\t\t\t\t\t\t\t\t\t\t\t\t\t\t\t\t\t<script>\n\t\t\t\t\t\t\t$(document).ready(function (){\n\t\t\t\t\t\t\t\tvar swiperslider_block_2d12d4720e3a04c418aed0f22a3ba243 = new Swiper(\".swiper-slider_block_2d12d4720e3a04c418aed0f22a3ba243\", {\n\t\t\t\t\t\t\t\t\tgrabCursor: true,\n\t\t\t\t\t\t\t\t\t\tnavigation: {\n\t\t\t\t\t\t\t\t\t\tprevEl: \".swiper-prev-button-slider_block_2d12d4720e3a04c418aed0f22a3ba243\",\n\t\t\t\t\t\t\t\t\t\tnextEl: \".swiper-next-button-slider_block_2d12d4720e3a04c418aed0f22a3ba243\",\n\t\t\t\t\t\t\t\t\t},\n\t\t\t\t\t\t\t\t\tkeyboard: { enabled: true },\n\t\t\t\t\t\t\t\t\twatchSlidesProgress: true,\n\t\t\t\t\t\t\t\t\tobserver: true,\n\t\t\t\t\t\t\t\t\tobserveParents: true,\n\t\t\t\t\t\t\t\t});\n\t\t\t\t\t\t\t\t\n\t\t\t\t\t\t\t\tfunction matchHeight_slider_block_2d12d4720e3a04c418aed0f22a3ba243() {\n\t\t\t\t\t\t\t\t\tlet maxHeight = 0;\n\t\t\t\t\t\t\t\t\n\t\t\t\t\t\t\t\t\t\/\/ Find the tallest div\n\t\t\t\t\t\t\t\t\t$('.slide-quote-slider_block_2d12d4720e3a04c418aed0f22a3ba243').each(function() {\n\t\t\t\t\t\t\t\t\tmaxHeight = Math.max(maxHeight, $(this).height());\n\t\t\t\t\t\t\t\t\t});\n\t\t\t\t\t\t\t\t\n\t\t\t\t\t\t\t\t\t\/\/ Set the height of all divs to the tallest\n\t\t\t\t\t\t\t\t\t$('.slide-quote-slider_block_2d12d4720e3a04c418aed0f22a3ba243').height(maxHeight);\n\t\t\t\t\t\t\t\t}\n\t\t\t\t\t\t\t\t\n\t\t\t\t\t\t\t\tmatchHeight_slider_block_2d12d4720e3a04c418aed0f22a3ba243(); \/\/ Call on page load\n\t\t\t\t\t\t\t\t\n\t\t\t\t\t\t\t\t\/\/ Optional: Call on window resize\n\t\t\t\t\t\t\t\t$(window).resize(matchHeight_slider_block_2d12d4720e3a04c418aed0f22a3ba243);\n\t\t\t\t\t\t\n\t\t\t\t\t\t\t});\n\t\t\t\t\t\t<\/script>\n\t\t\t\t\t\t\t\t\t\t\t\t\t\t<\/div>\n\t\t<div class=\"swiper-button swiper-prev-button swiper-prev-button-slider_block_2d12d4720e3a04c418aed0f22a3ba243\">\n\t\t\t<svg xmlns=\"http:\/\/www.w3.org\/2000\/svg\" viewBox=\"0 0 320 512\"><path d=\"M9.4 233.4c-12.5 12.5-12.5 32.8 0 45.3l192 192c12.5 12.5 32.8 12.5 45.3 0s12.5-32.8 0-45.3L77.3 256 246.6 86.6c12.5-12.5 12.5-32.8 0-45.3s-32.8-12.5-45.3 0l-192 192z\"\/><\/svg>\n\t\t<\/div>\n\t\t<div class=\"swiper-button swiper-next-button swiper-next-button-slider_block_2d12d4720e3a04c418aed0f22a3ba243\">\n\t\t\t<svg xmlns=\"http:\/\/www.w3.org\/2000\/svg\" viewBox=\"0 0 320 512\"><path d=\"M310.6 233.4c12.5 12.5 12.5 32.8 0 45.3l-192 192c-12.5 12.5-32.8 12.5-45.3 0s-12.5-32.8 0-45.3L242.7 256 73.4 86.6c-12.5-12.5-12.5-32.8 0-45.3s32.8-12.5 45.3 0l192 192z\"\/><\/svg>\n\t\t<\/div>\n\t<\/div>\n<\/section>","protected":false},"excerpt":{"rendered":"","protected":false},"author":3,"featured_media":0,"parent":0,"menu_order":0,"comment_status":"closed","ping_status":"closed","template":"","meta":{"_acf_changed":false,"footnotes":""},"class_list":["post-6759","page","type-page","status-publish","hentry"],"acf":[],"yoast_head":"<!-- This site is optimized with the Yoast SEO Premium plugin v26.6 (Yoast SEO v26.6) - https:\/\/yoast.com\/wordpress\/plugins\/seo\/ -->\n<title>Rollen und Berechtigungen | OpenSolar<\/title>\n<meta name=\"description\" content=\"Verwalten Sie Ihre Solarprojekte mit anpassbaren Rollen und Berechtigungen von OpenSolar. Weisen Sie Aufgaben zu, verbessern Sie Arbeitsabl\u00e4ufe und mehr.\" \/>\n<meta name=\"robots\" content=\"index, follow, max-snippet:-1, max-image-preview:large, max-video-preview:-1\" \/>\n<link rel=\"canonical\" href=\"https:\/\/www.opensolar.com\/de\/rollen-berechtigungen\/\" \/>\n<meta property=\"og:locale\" content=\"de_DE\" \/>\n<meta property=\"og:type\" content=\"article\" \/>\n<meta property=\"og:title\" content=\"Teams: Rollen und Berechtigungen\" \/>\n<meta property=\"og:description\" content=\"Verwalten Sie Ihre Solarprojekte mit anpassbaren Rollen und Berechtigungen von OpenSolar. Weisen Sie Aufgaben zu, verbessern Sie Arbeitsabl\u00e4ufe und mehr.\" \/>\n<meta property=\"og:url\" content=\"https:\/\/www.opensolar.com\/de\/rollen-berechtigungen\/\" \/>\n<meta property=\"og:site_name\" content=\"OpenSolar\" \/>\n<meta property=\"article:publisher\" content=\"https:\/\/www.facebook.com\/OpenSolarGlobal\/\" \/>\n<meta property=\"article:modified_time\" content=\"2025-09-25T17:36:29+00:00\" \/>\n<meta property=\"og:image\" content=\"https:\/\/i0.wp.com\/www.opensolar.com\/wp-content\/uploads\/2024\/07\/OpenSolar-logo-for-WP.png?fit=1200%2C675&quality=80&ssl=1\" \/>\n\t<meta property=\"og:image:width\" content=\"1200\" \/>\n\t<meta property=\"og:image:height\" content=\"675\" \/>\n\t<meta property=\"og:image:type\" content=\"image\/png\" \/>\n<meta name=\"twitter:card\" content=\"summary_large_image\" \/>\n<meta name=\"twitter:site\" content=\"@opensolar\" \/>\n<script type=\"application\/ld+json\" class=\"yoast-schema-graph\">{\"@context\":\"https:\/\/schema.org\",\"@graph\":[{\"@type\":\"WebPage\",\"@id\":\"https:\/\/www.opensolar.com\/de\/rollen-berechtigungen\/\",\"url\":\"https:\/\/www.opensolar.com\/de\/rollen-berechtigungen\/\",\"name\":\"Rollen und Berechtigungen | OpenSolar\",\"isPartOf\":{\"@id\":\"https:\/\/www.opensolar.com\/de\/#website\"},\"datePublished\":\"2023-08-02T03:50:33+00:00\",\"dateModified\":\"2025-09-25T17:36:29+00:00\",\"description\":\"Verwalten Sie Ihre Solarprojekte mit anpassbaren Rollen und Berechtigungen von OpenSolar. Weisen Sie Aufgaben zu, verbessern Sie Arbeitsabl\u00e4ufe und mehr.\",\"breadcrumb\":{\"@id\":\"https:\/\/www.opensolar.com\/de\/rollen-berechtigungen\/#breadcrumb\"},\"inLanguage\":\"de-DE\",\"potentialAction\":[{\"@type\":\"ReadAction\",\"target\":[\"https:\/\/www.opensolar.com\/de\/rollen-berechtigungen\/\"]}]},{\"@type\":\"BreadcrumbList\",\"@id\":\"https:\/\/www.opensolar.com\/de\/rollen-berechtigungen\/#breadcrumb\",\"itemListElement\":[{\"@type\":\"ListItem\",\"position\":1,\"name\":\"Home\",\"item\":\"https:\/\/www.opensolar.com\/de\/\"},{\"@type\":\"ListItem\",\"position\":2,\"name\":\"Teams: Rollen und Berechtigungen\"}]},{\"@type\":\"WebSite\",\"@id\":\"https:\/\/www.opensolar.com\/de\/#website\",\"url\":\"https:\/\/www.opensolar.com\/de\/\",\"name\":\"OpenSolar\",\"description\":\"Solar Design And Proposal Software\",\"publisher\":{\"@id\":\"https:\/\/www.opensolar.com\/de\/#organization\"},\"potentialAction\":[{\"@type\":\"SearchAction\",\"target\":{\"@type\":\"EntryPoint\",\"urlTemplate\":\"https:\/\/www.opensolar.com\/de\/?s={search_term_string}\"},\"query-input\":{\"@type\":\"PropertyValueSpecification\",\"valueRequired\":true,\"valueName\":\"search_term_string\"}}],\"inLanguage\":\"de-DE\"},{\"@type\":\"Organization\",\"@id\":\"https:\/\/www.opensolar.com\/de\/#organization\",\"name\":\"OpenSolar\",\"url\":\"https:\/\/www.opensolar.com\/de\/\",\"logo\":{\"@type\":\"ImageObject\",\"inLanguage\":\"de-DE\",\"@id\":\"https:\/\/www.opensolar.com\/de\/#\/schema\/logo\/image\/\",\"url\":\"https:\/\/www.opensolar.com\/wp-content\/uploads\/2026\/03\/OpenSolar-Horizontal-Color.svg\",\"contentUrl\":\"https:\/\/www.opensolar.com\/wp-content\/uploads\/2026\/03\/OpenSolar-Horizontal-Color.svg\",\"caption\":\"OpenSolar\"},\"image\":{\"@id\":\"https:\/\/www.opensolar.com\/de\/#\/schema\/logo\/image\/\"},\"sameAs\":[\"https:\/\/www.facebook.com\/OpenSolarGlobal\/\",\"https:\/\/x.com\/opensolar\",\"https:\/\/www.instagram.com\/open.solar\/\",\"https:\/\/www.linkedin.com\/company\/14522819\",\"https:\/\/www.youtube.com\/channel\/UCw3mdQ_ilIq9ZrPpCa_VOnA\/videos\"],\"description\":\"The world's leading solar design and proposal software. Free of charge so you're free to grow.\"}]}<\/script>\n<!-- \/ Yoast SEO Premium plugin. -->","yoast_head_json":{"title":"Rollen und Berechtigungen | OpenSolar","description":"Verwalten Sie Ihre Solarprojekte mit anpassbaren Rollen und Berechtigungen von OpenSolar. Weisen Sie Aufgaben zu, verbessern Sie Arbeitsabl\u00e4ufe und mehr.","robots":{"index":"index","follow":"follow","max-snippet":"max-snippet:-1","max-image-preview":"max-image-preview:large","max-video-preview":"max-video-preview:-1"},"canonical":"https:\/\/www.opensolar.com\/de\/rollen-berechtigungen\/","og_locale":"de_DE","og_type":"article","og_title":"Teams: Rollen und Berechtigungen","og_description":"Verwalten Sie Ihre Solarprojekte mit anpassbaren Rollen und Berechtigungen von OpenSolar. Weisen Sie Aufgaben zu, verbessern Sie Arbeitsabl\u00e4ufe und mehr.","og_url":"https:\/\/www.opensolar.com\/de\/rollen-berechtigungen\/","og_site_name":"OpenSolar","article_publisher":"https:\/\/www.facebook.com\/OpenSolarGlobal\/","article_modified_time":"2025-09-25T17:36:29+00:00","og_image":[{"width":1200,"height":675,"url":"https:\/\/i0.wp.com\/www.opensolar.com\/wp-content\/uploads\/2024\/07\/OpenSolar-logo-for-WP.png?fit=1200%2C675&quality=80&ssl=1","type":"image\/png"}],"twitter_card":"summary_large_image","twitter_site":"@opensolar","schema":{"@context":"https:\/\/schema.org","@graph":[{"@type":"WebPage","@id":"https:\/\/www.opensolar.com\/de\/rollen-berechtigungen\/","url":"https:\/\/www.opensolar.com\/de\/rollen-berechtigungen\/","name":"Rollen und Berechtigungen | OpenSolar","isPartOf":{"@id":"https:\/\/www.opensolar.com\/de\/#website"},"datePublished":"2023-08-02T03:50:33+00:00","dateModified":"2025-09-25T17:36:29+00:00","description":"Verwalten Sie Ihre Solarprojekte mit anpassbaren Rollen und Berechtigungen von OpenSolar. Weisen Sie Aufgaben zu, verbessern Sie Arbeitsabl\u00e4ufe und mehr.","breadcrumb":{"@id":"https:\/\/www.opensolar.com\/de\/rollen-berechtigungen\/#breadcrumb"},"inLanguage":"de-DE","potentialAction":[{"@type":"ReadAction","target":["https:\/\/www.opensolar.com\/de\/rollen-berechtigungen\/"]}]},{"@type":"BreadcrumbList","@id":"https:\/\/www.opensolar.com\/de\/rollen-berechtigungen\/#breadcrumb","itemListElement":[{"@type":"ListItem","position":1,"name":"Home","item":"https:\/\/www.opensolar.com\/de\/"},{"@type":"ListItem","position":2,"name":"Teams: Rollen und Berechtigungen"}]},{"@type":"WebSite","@id":"https:\/\/www.opensolar.com\/de\/#website","url":"https:\/\/www.opensolar.com\/de\/","name":"OpenSolar","description":"Solar Design And Proposal Software","publisher":{"@id":"https:\/\/www.opensolar.com\/de\/#organization"},"potentialAction":[{"@type":"SearchAction","target":{"@type":"EntryPoint","urlTemplate":"https:\/\/www.opensolar.com\/de\/?s={search_term_string}"},"query-input":{"@type":"PropertyValueSpecification","valueRequired":true,"valueName":"search_term_string"}}],"inLanguage":"de-DE"},{"@type":"Organization","@id":"https:\/\/www.opensolar.com\/de\/#organization","name":"OpenSolar","url":"https:\/\/www.opensolar.com\/de\/","logo":{"@type":"ImageObject","inLanguage":"de-DE","@id":"https:\/\/www.opensolar.com\/de\/#\/schema\/logo\/image\/","url":"https:\/\/www.opensolar.com\/wp-content\/uploads\/2026\/03\/OpenSolar-Horizontal-Color.svg","contentUrl":"https:\/\/www.opensolar.com\/wp-content\/uploads\/2026\/03\/OpenSolar-Horizontal-Color.svg","caption":"OpenSolar"},"image":{"@id":"https:\/\/www.opensolar.com\/de\/#\/schema\/logo\/image\/"},"sameAs":["https:\/\/www.facebook.com\/OpenSolarGlobal\/","https:\/\/x.com\/opensolar","https:\/\/www.instagram.com\/open.solar\/","https:\/\/www.linkedin.com\/company\/14522819","https:\/\/www.youtube.com\/channel\/UCw3mdQ_ilIq9ZrPpCa_VOnA\/videos"],"description":"The world's leading solar design and proposal software. Free of charge so you're free to grow."}]}},"_links":{"self":[{"href":"https:\/\/www.opensolar.com\/de\/wp-json\/wp\/v2\/pages\/6759","targetHints":{"allow":["GET"]}}],"collection":[{"href":"https:\/\/www.opensolar.com\/de\/wp-json\/wp\/v2\/pages"}],"about":[{"href":"https:\/\/www.opensolar.com\/de\/wp-json\/wp\/v2\/types\/page"}],"author":[{"embeddable":true,"href":"https:\/\/www.opensolar.com\/de\/wp-json\/wp\/v2\/users\/3"}],"replies":[{"embeddable":true,"href":"https:\/\/www.opensolar.com\/de\/wp-json\/wp\/v2\/comments?post=6759"}],"version-history":[{"count":0,"href":"https:\/\/www.opensolar.com\/de\/wp-json\/wp\/v2\/pages\/6759\/revisions"}],"wp:attachment":[{"href":"https:\/\/www.opensolar.com\/de\/wp-json\/wp\/v2\/media?parent=6759"}],"curies":[{"name":"wp","href":"https:\/\/api.w.org\/{rel}","templated":true}]}}