{"id":6794,"date":"2023-07-23T04:37:56","date_gmt":"2023-07-23T04:37:56","guid":{"rendered":"https:\/\/www.opensolar.com\/fuer-das-gute\/"},"modified":"2026-03-18T15:04:43","modified_gmt":"2026-03-18T15:04:43","slug":"fuer-das-gute","status":"publish","type":"page","link":"https:\/\/www.opensolar.com\/de\/fuer-das-gute\/","title":{"rendered":"Unser 1% Engagement"},"content":{"rendered":"<section id=\"hero-block_20b308703aff17c445c9e09ba4406597\" class=\"hero  light-mode background-bright-grey-200\" style=\"\">\n\t\t\t\t\t<div class=\"content-block-hero\">\n\t\t\t\t\t\t\t\t<div class=\"intro-text default\">\n\t\t\t\t\t\t\t\t\t\t\t<h1 class=\"motion-hero-headline blue-gradient light-mode\"><p>Unser 1% Engagement<\/p>\n<\/h1>\t\t\t\t\t\t<div class=\"motion-hero-sub-headline sub-headline light-mode\"><p>Wir haben uns verpflichtet, 1 % des Jahresumsatzes von OpenSolar zu spenden, um unterversorgte Gemeinden auf der ganzen Welt mit Solarstrom zu versorgen.<\/p>\n<\/div>\t\t\t\t\t\t\t\t\t\t\t\t\t\t\t\t\t\t\t\t\t\t\t\t\t\t\t\t<div class=\"partnership\">\n\t\t\t\t\t\t\t<span>in partnership with<\/span>\n\t\t\t\t\t\t\t<img decoding=\"async\" src=\"https:\/\/i0.wp.com\/www.opensolar.com\/wp-content\/uploads\/2025\/01\/37601f5dd0c6da66ec5f2d14bd32f2cb.png?fit=1536%2C312&#038;quality=80&#038;ssl=1\" alt=\"\"  \/>\n\t\t\t\t\t\t\t\t\t<\/div>\n\t\t\t\t\t\t\t\t\t<div class=\"hero-breadcrumb\">\n\t\t\t\t\t\t<div class=\"hero-breadcrumb-content\">\n\t\t\t\t\t\t\t<a href=\"https:\/\/www.opensolar.com\/our-story\/\" target=\"_self\">About<\/a><span>&gt;<\/span>\t\t\t\t\t\t\t\t\t\t\t\t\t\tUnser 1% Engagement\t\t\t\t\t\t<\/div>\n\t\t\t\t\t<\/div>\n\t\t\t\t\t\t\t<\/div>\n\t\t<\/section><section id=\"first-section\" class=\"side-by-side light-mode  background-none\" style=\"\">\n\t<div class=\"side-by-side-content light-mode\">\n\t\t\t\t\t\t\t\t\t\t\t\t\t\t<div class=\"content-block-regular\">\n\t\t\t\t\t\t<div class=\"artwork-block artwork-right\">\n\t\t\t\t\t\t\t\t\t\t\t\t\t\t\t\t\t\t\t\t\t\t\t\t\t\t\t\t\t<div class=\"video light-mode\">\n\t\t\t\t\t\t\t\t\t<div class=\"video-container\"><iframe src=\"https:\/\/player.vimeo.com\/video\/ 786441207?texttrack=en\" frameborder=\"0\" webkitAllowFullScreen mozallowfullscreen allowFullScreen><\/iframe><\/div>\n\t\t\t\t\t\t\t\t\t\t\t\t\t\t\t\t\t<\/div>\n\t\t\t\t\t\t\t\t\t\t\t\t\t\t<div class=\"text-space\">\n\t\t\t\t\t\t\t\t\t\t\t\t\t\t\t\t<h2 class=\"light-mode\"><p>Unsere Partnerschaft mit Empowered by Light (EBL)<\/p>\n<\/h2>\t\t\t\t\t\t\t\t<div class=\"sub-headline light-mode\"><p>Solarenergie hat die Kraft, Leben zu ver\u00e4ndern \u2013 deshalb haben wir uns mit Empowered by Light (EBL) zusammengeschlossen, einer gemeinn\u00fctzigen Organisation, die sich der Bereitstellung sauberer, nachhaltiger Energie f\u00fcr die verletzlichsten Gemeinschaften der Welt widmet.<\/p>\n<p>Wir spenden 1 % unseres Jahresumsatzes, um die wertvollen Projekte von EBL zu unterst\u00fctzen, die H\u00e4user, Schulen und saubere Wassersysteme mit Solarenergie versorgen. Durch Elektrizit\u00e4t schaffen diese Projekte Chancen, verbessern die Gesundheit und erh\u00f6hen die Sicherheit f\u00fcr Gemeinschaften, die an vorderster Front von Energiearmut und Klimawandel betroffen sind. <\/p>\n<\/div>\t\t\t\t\t\t\t\t\t\t\t\t\t\t\t\t\t\t\t\t\t\t\t\t\t\t\t\t\t\t\t<\/div>\n\t\t\t\t\t\t<\/div>\n\t\t\t\t\t<\/div>\n\t\t\t\t\t\t\t\t\t\t\t\t\t\t\t\t\t\t\t\t\t\t<\/div>\n<\/section>\n<section id=\"side-by-side-block_78e94bb8f88de9c7e21686ce7af109bd\" class=\"side-by-side ticss-7ba84db3 light-mode  background-bright-grey-200\" style=\"\">\n\t<div class=\"side-by-side ticss-7ba84db3-content light-mode\">\n\t\t\t\t\t\t\t\t\t\t\t\t\t\t<div class=\"content-block-regular\">\n\t\t\t\t\t\t<div class=\"artwork-block artwork-left\">\n\t\t\t\t\t\t\t\t\t\t\t\t\t\t\t\t\t\t\t\t\t\t\t\t\t\t\t\t<div class=\"text-space\">\n\t\t\t\t\t\t\t\t\t\t\t\t\t\t\t\t<h2 class=\"light-mode\"><p>Projekt Sambia 2022-2023<\/p>\n<\/h2>\t\t\t\t\t\t\t\t<div class=\"sub-headline light-mode\"><p>Seit 2022 haben unsere Spenden es Empowered by Light (EBL) erm\u00f6glicht, Solarprojekte in f\u00fcnf abgelegenen Gemeinden in Sambia durchzuf\u00fchren.<\/p>\n<ul>\n<li>Vier Gemeinden erhielten solarbetriebene Wasserpumpen, Speicher- und Bew\u00e4sserungssysteme, die einen zuverl\u00e4ssigen Zugang zu Wasser erm\u00f6glichen und die lokale Landwirtschaft unterst\u00fctzen. Diese Systeme helfen, die Ernteertr\u00e4ge zu steigern, den Zugang zu sauberem Wasser zu verbessern und das Risiko von durch Wasser \u00fcbertragenen Krankheiten zu verringern. <\/li>\n<li>Im Jahr 2025 hat unsere Partnerschaft auch die Kaloko Clinic, eine Entbindungsstation f\u00fcr fast 20.000 Menschen, mit zuverl\u00e4ssiger Solarenergie versorgt. Das System liefert nun konsistenten Strom f\u00fcr die Beleuchtung, die medizinische Ausr\u00fcstung und die K\u00fchlung von Impfstoffen, was sicherere Entbindungen und eine zuverl\u00e4ssigere Versorgung von M\u00fcttern und Neugeborenen erm\u00f6glicht. <\/li>\n<\/ul>\n<\/div>\t\t\t\t\t\t\t\t\t\t\t\t\t\t\t\t\t\t\t\t\t\t\t\t\t\t\t\t\t\t\t<\/div>\n\t\t\t\t\t\t<\/div>\n\t\t\t\t\t<\/div>\n\t\t\t\t\t\t\t\t\t\t\t\t\t\t\t\t\t\t\t\t\t\t<\/div>\n<\/section>\n\n<div class=\"container-outer-default gb-element-61b619b0\">\n<div class=\"container-inner-sidebyside gb-element-71ba5263\">\n<figure class=\"wp-block-embed is-type-video is-provider-vimeo wp-block-embed-vimeo wp-embed-aspect-16-9 wp-has-aspect-ratio\"><div class=\"wp-block-embed__wrapper\">\n<div class=\"jetpack-video-wrapper\"><iframe loading=\"lazy\" title=\"OpenSolar 1% Commitment - Project Zambia Impact Report\" src=\"https:\/\/player.vimeo.com\/video\/896617433?dnt=1&amp;app_id=122963\" width=\"640\" height=\"360\" frameborder=\"0\" allow=\"autoplay; fullscreen; picture-in-picture; clipboard-write; encrypted-media; web-share\" referrerpolicy=\"strict-origin-when-cross-origin\"><\/iframe><\/div>\n<\/div><\/figure>\n\n\n\n<figure class=\"wp-block-embed is-type-video is-provider-vimeo wp-block-embed-vimeo wp-embed-aspect-16-9 wp-has-aspect-ratio\"><div class=\"wp-block-embed__wrapper\">\n<div class=\"jetpack-video-wrapper\"><iframe loading=\"lazy\" title=\"Solving Energy Insecurity at Kaloko Clinic with Solar &amp; Batteries | OpenSolar 1% Project 2025\" src=\"https:\/\/player.vimeo.com\/video\/1174185947?dnt=1&amp;app_id=122963\" width=\"640\" height=\"360\" frameborder=\"0\" allow=\"autoplay; fullscreen; picture-in-picture; clipboard-write; encrypted-media; web-share\" referrerpolicy=\"strict-origin-when-cross-origin\"><\/iframe><\/div>\n<\/div><\/figure>\n<\/div>\n<\/div>\n<section id=\"side-by-side-block_73a70a33c5cfb0d82f04a9e74d47850a\" class=\"side-by-side light-mode  background-none\" style=\"\">\n\t<div class=\"side-by-side-content light-mode\">\n\t\t\t\t\t\t\t\t\t\t\t\t\t\t<div class=\"content-block-regular\">\n\t\t\t\t\t\t<div class=\"artwork-block artwork-right\">\n\t\t\t\t\t\t\t\t\t\t\t\t\t\t\t\t\t\t\t\t\t\t\t\t\t\t\t\t\t<div class=\"video light-mode\">\n\t\t\t\t\t\t\t\t\t<div class=\"video-container\"><iframe src=\"https:\/\/player.vimeo.com\/video\/ 939721253?texttrack=en\" frameborder=\"0\" webkitAllowFullScreen mozallowfullscreen allowFullScreen><\/iframe><\/div>\n\t\t\t\t\t\t\t\t\t\t\t\t\t\t\t\t\t<\/div>\n\t\t\t\t\t\t\t\t\t\t\t\t\t\t<div class=\"text-space\">\n\t\t\t\t\t\t\t\t\t\t\t\t\t\t\t\t<h2 class=\"light-mode\"><p>Wie Sie sich engagieren k\u00f6nnen<\/p>\n<\/h2>\t\t\t\t\t\t\t\t<div class=\"sub-headline light-mode\"><p>Indem Sie OpenSolar nutzen, unterst\u00fctzen Sie bereits Solarprojekte wie jene in Sambia \u2013 aber Sie k\u00f6nnen noch mehr tun.<\/p>\n<p>F\u00fcr nur 10$ pro Monat k\u00f6nnen Sie die Empowered by Light Showcase zu Ihren Angeboten hinzuf\u00fcgen. So k\u00f6nnen Kunden sehen, wie ihre Entscheidung f\u00fcr Solarenergie benachteiligten Gemeinschaften den Zugang zu sauberer Energie erm\u00f6glicht. <\/p>\n<p>Indem Sie die Showcase hinzuf\u00fcgen, heben Sie sich nicht nur von der Konkurrenz ab, sondern tragen auch zu einer globalen Bewegung f\u00fcr nachhaltige Energie bei. Ihre Kunden werden die tiefere Verbindung zu Ihrem Unternehmen und dem von Ihnen unterst\u00fctzten Anliegen zu sch\u00e4tzen wissen. <\/p>\n<\/div>\t\t\t\t\t\t\t\t\t\t\t\t\t\t\t\t\t\t\t\t\t\t\t\t\t\t\t\t\t\t\t\t\t<div class=\"actions\">\n\t\t\t\t\t\t\t\t\t\t\t\t\t\t\t\t\t\t\t\t\t<div class=\"button\">\n\t\t\t\t\t\t\t\t\t\t\t\t<a href=\"https:\/\/www.empoweredbylight.org\/opensolar\" target=\"_blank\" class=\"button-sbs-filled\">\n\t\t\t\t\t\t\t\t\t\t\t\t\t<span>Aktivieren Sie Showcase<\/span>\n\t\t\t\t\t\t\t\t\t\t\t\t\t<svg xmlns=\"http:\/\/www.w3.org\/2000\/svg\" width=\"16\" height=\"16\" viewBox=\"0 0 16 16\" fill=\"none\">\n\t\t\t\t\t\t\t\t\t\t\t\t\t\t<path d=\"M6.66667 4.66675L10 8.00008L6.66667 11.3334\" stroke=\"#1751D0\" stroke-width=\"2\" stroke-linecap=\"round\" stroke-linejoin=\"round\"\/>\n\t\t\t\t\t\t\t\t\t\t\t\t\t<\/svg>\n\t\t\t\t\t\t\t\t\t\t\t\t<\/a>\n\t\t\t\t\t\t\t\t\t\t\t\t\t\t\t\t\t\t\t\t\t\t\t<\/div>\n\t\t\t\t\t\t\t\t\t\t\t\t\t\t\t\t\t\t\t\t\t\t\t\t\t\t\t\t\t\t\t<div class=\"button\">\n\t\t\t\t\t\t\t\t\t\t\t\t<a href=\"https:\/\/www.empoweredbylight.org\/partners-opensolar\" target=\"_blank\" class=\"button-sbs-outlined\">\n\t\t\t\t\t\t\t\t\t\t\t\t\t<span>Jetzt spenden<\/span>\n\t\t\t\t\t\t\t\t\t\t\t\t\t<svg xmlns=\"http:\/\/www.w3.org\/2000\/svg\" width=\"16\" height=\"16\" viewBox=\"0 0 16 16\" fill=\"none\">\n\t\t\t\t\t\t\t\t\t\t\t\t\t\t<path d=\"M6.66667 4.66675L10 8.00008L6.66667 11.3334\" stroke=\"#1751D0\" stroke-width=\"2\" stroke-linecap=\"round\" stroke-linejoin=\"round\"\/>\n\t\t\t\t\t\t\t\t\t\t\t\t\t<\/svg>\n\t\t\t\t\t\t\t\t\t\t\t\t<\/a>\n\t\t\t\t\t\t\t\t\t\t\t\t\t\t\t\t\t\t\t\t\t\t\t<\/div>\n\t\t\t\t\t\t\t\t\t\t\t\t\t\t\t\t\t\t\t<\/div>\n\t\t\t\t\t\t\t\t\t\t\t\t\t\t\t<\/div>\n\t\t\t\t\t\t<\/div>\n\t\t\t\t\t<\/div>\n\t\t\t\t\t\t\t\t\t\t\t\t\t\t\t\t\t\t\t\t\t\t<\/div>\n<\/section>\n<section id=\"grid-block_84397d575c780bb733ad4eaab319ef83\" class=\"grid motion-grid-infographic-block dark-mode background-artwork\" style=\"background-image: url(https:\/\/i0.wp.com\/www.opensolar.com\/wp-content\/uploads\/2025\/01\/bg-globe.jpg?fit=1440%2C808&#038;quality=89&#038;ssl=1);\">\n\t<div class=\"infographic-artwork\">\t\t\t<div class=\"content\">\t\t<h2 id=\"grid-block_84397d575c780bb733ad4eaab319ef83-h2\" class=\"headline-left black motion-grid-infographic-headline dark-mode\"><p>Unsere Mission ist die Ausbreitung der Solarenergie und erneuerbaren Energien <strong>weltweit<\/strong> zu beschleunigen.<\/p>\n<\/h2>\t\t\t\t\t\t<div class=\"cards infographic columns-three infographic-artwork-grid \">\n\t\t\t\t\t\t\t\t\t\t\t\t\t\t\t\t\t\t\t\t\t\t\t\t\t<div class=\"card card-grid-block_84397d575c780bb733ad4eaab319ef83-1 card-style-infographic card-container-none \" style=\"  \">\n\t\t\t\t\t\t\t\t\t\t\t\t\t\t\t\t\t\t\t\t\t<div class=\"infographic infographic-artwork-style dark-mode\">\n\t\t\t\t\t\t\t\t\t28,000+\t\t\t\t\t\t\t\t<\/div>\n\t\t\t\t\t\t\t\t\t\t\t\t\t\t\t\t\t\t\t\t\t\t\t\t\t\t\t\t\t\t\t\t\t\t\t\t\t\t\t\t\t\t\t\t\t\t\t\t\t\t\t\t<div class=\"headline infographic-style dark-mode\">Aktive Solarfachleute, die OpenSolar in ihrem Unternehmen nutzen<\/div>\n\t\t\t\t\t\t\t\t\t\t\t\t\t\t\t\t\t\t\t\t\t\t\t\t\t\t\t\t\t\t\t\t\t\t\t\t\t\t\t\t\t\t\t\t\t\t\t\t\t\t\t\t\t\t\t\t\t\t\t\t\t\t\t\t\t\t\t\t\t\t\t\t\t\t\t\t\t\t\t\t\t\t\t\t\t\t\t\t\t\t\t\t\t\t\t\t\t\t\t\t\t\t\t\t\t\t\t\t\t\t\t\t\t\t\t\t\t\t\t\t\t\t\t\t\t\t\t\t\t\t\t\t\t\t\t\t<\/div>\n\t\t\t\t\t\t\t\t\t\t\t\t\t\t\t\t\t\t\t\t\t\t\t\t\t\t\t\t\t\t\t\t\t\t\t\t\t\t\t\t<div class=\"card card-grid-block_84397d575c780bb733ad4eaab319ef83-2 card-style-infographic card-container-none \" style=\"  \">\n\t\t\t\t\t\t\t\t\t\t\t\t\t\t\t\t\t\t\t\t\t<div class=\"infographic infographic-artwork-style dark-mode\">\n\t\t\t\t\t\t\t\t\t200+\t\t\t\t\t\t\t\t<\/div>\n\t\t\t\t\t\t\t\t\t\t\t\t\t\t\t\t\t\t\t\t\t\t\t\t\t\t\t\t\t\t\t\t\t\t\t\t\t\t\t\t\t\t\t\t\t\t\t\t\t\t\t\t<div class=\"headline infographic-style dark-mode\">Branchenf\u00fchrende Partner &amp; Anbieter<\/div>\n\t\t\t\t\t\t\t\t\t\t\t\t\t\t\t\t\t\t\t\t\t\t\t\t\t\t\t\t\t\t\t\t\t\t\t\t\t\t\t\t\t\t\t\t\t\t\t\t\t\t\t\t\t\t\t\t\t\t\t\t\t\t\t\t\t\t\t\t\t\t\t\t\t\t\t\t\t\t\t\t\t\t\t\t\t\t\t\t\t\t\t\t\t\t\t\t\t\t\t\t\t\t\t\t\t\t\t\t\t\t\t\t\t\t\t\t\t\t\t\t\t\t\t\t\t\t\t\t\t\t\t\t\t\t\t\t<\/div>\n\t\t\t\t\t\t\t\t\t\t\t\t\t\t\t\t\t\t\t\t\t\t\t\t\t\t\t\t\t\t\t\t\t\t\t\t\t\t\t\t<div class=\"card card-grid-block_84397d575c780bb733ad4eaab319ef83-3 card-style-infographic card-container-none \" style=\"  \">\n\t\t\t\t\t\t\t\t\t\t\t\t\t\t\t\t\t\t\t\t\t<div class=\"infographic infographic-artwork-style dark-mode\">\n\t\t\t\t\t\t\t\t\t185+\t\t\t\t\t\t\t\t<\/div>\n\t\t\t\t\t\t\t\t\t\t\t\t\t\t\t\t\t\t\t\t\t\t\t\t\t\t\t\t\t\t\t\t\t\t\t\t\t\t\t\t\t\t\t\t\t\t\t\t\t\t\t\t<div class=\"headline infographic-style dark-mode\">L\u00e4nder verwenden OpenSolar<\/div>\n\t\t\t\t\t\t\t\t\t\t\t\t\t\t\t\t\t\t\t\t\t\t\t\t\t\t\t\t\t\t\t\t\t\t\t\t\t\t\t\t\t\t\t\t\t\t\t\t\t\t\t\t\t\t\t\t\t\t\t\t\t\t\t\t\t\t\t\t\t\t\t\t\t\t\t\t\t\t\t\t\t\t\t\t\t\t\t\t\t\t\t\t\t\t\t\t\t\t\t\t\t\t\t\t\t\t\t\t\t\t\t\t\t\t\t\t\t\t\t\t\t\t\t\t\t\t\t\t\t\t\t\t\t\t\t\t<\/div>\n\t\t\t\t\t\t\t\t\t\t\t\t\t\t\t\t\t\t\t\t\t\t\t\t\t\t\t\t\t\t\t\t\t\t\t\t\t\t\t\t<div class=\"card card-grid-block_84397d575c780bb733ad4eaab319ef83-4 card-style-infographic card-container-none \" style=\"  \">\n\t\t\t\t\t\t\t\t\t\t\t\t\t\t\t\t\t\t\t\t\t<div class=\"infographic infographic-artwork-style dark-mode\">\n\t\t\t\t\t\t\t\t\t100%\t\t\t\t\t\t\t\t<\/div>\n\t\t\t\t\t\t\t\t\t\t\t\t\t\t\t\t\t\t\t\t\t\t\t\t\t\t\t\t\t\t\t\t\t\t\t\t\t\t\t\t\t\t\t\t\t\t\t\t\t\t\t\t<div class=\"headline infographic-style dark-mode\">Kostenfrei<\/div>\n\t\t\t\t\t\t\t\t\t\t\t\t\t\t\t\t\t\t\t\t\t\t\t\t\t\t\t\t\t\t\t\t\t\t\t\t\t\t\t\t\t\t\t\t\t\t\t\t\t\t\t\t\t\t\t\t\t\t\t\t\t\t\t\t\t\t\t\t\t\t\t\t\t\t\t\t\t\t\t\t\t\t\t\t\t\t\t\t\t\t\t\t\t\t\t\t\t\t\t\t\t\t\t\t\t\t\t\t\t\t\t\t\t\t\t\t\t\t\t\t\t\t\t\t\t\t\t\t\t\t\t\t\t\t\t\t<\/div>\n\t\t\t\t\t\t\t\t\t\t\t\t\t\t\t\t\t\t\t\t<\/div>\n\t\t\t\t<\/div>\t\t\t\t\t\t\t\t\t<div class=\"artwork\">\n\t\t\t\t\t\t\t\t\t<\/div>\n\t\t\t\t\t\t\t\t<\/section>","protected":false},"excerpt":{"rendered":"","protected":false},"author":3,"featured_media":0,"parent":0,"menu_order":0,"comment_status":"closed","ping_status":"closed","template":"","meta":{"_acf_changed":false,"footnotes":""},"class_list":["post-6794","page","type-page","status-publish","hentry"],"acf":[],"yoast_head":"<!-- This site is optimized with the Yoast SEO Premium plugin v26.6 (Yoast SEO v26.6) - https:\/\/yoast.com\/wordpress\/plugins\/seo\/ -->\n<title>OpenSolar tut Gutes: Wirkungsvolle Solarinitiativen<\/title>\n<meta name=\"description\" content=\"OpenSolar spendet 1 % des Umsatzes f\u00fcr Solarprojekte in unterversorgten Gemeinden. Erfahren Sie mehr \u00fcber unseren Einfluss auf die weltweite Elektrifizierung.\" \/>\n<meta name=\"robots\" content=\"index, follow, max-snippet:-1, max-image-preview:large, max-video-preview:-1\" \/>\n<link rel=\"canonical\" href=\"https:\/\/www.opensolar.com\/de\/fuer-das-gute\/\" \/>\n<meta property=\"og:locale\" content=\"de_DE\" \/>\n<meta property=\"og:type\" content=\"article\" \/>\n<meta property=\"og:title\" content=\"Unser 1% Engagement\" \/>\n<meta property=\"og:description\" content=\"OpenSolar spendet 1 % des Umsatzes f\u00fcr Solarprojekte in unterversorgten Gemeinden. Erfahren Sie mehr \u00fcber unseren Einfluss auf die weltweite Elektrifizierung.\" \/>\n<meta property=\"og:url\" content=\"https:\/\/www.opensolar.com\/de\/fuer-das-gute\/\" \/>\n<meta property=\"og:site_name\" content=\"OpenSolar\" \/>\n<meta property=\"article:publisher\" content=\"https:\/\/www.facebook.com\/OpenSolarGlobal\/\" \/>\n<meta property=\"article:modified_time\" content=\"2026-03-18T15:04:43+00:00\" \/>\n<meta property=\"og:image\" content=\"https:\/\/i0.wp.com\/www.opensolar.com\/wp-content\/uploads\/2024\/07\/OpenSolar-logo-for-WP.png?fit=1200%2C675&quality=80&ssl=1\" \/>\n\t<meta property=\"og:image:width\" content=\"1200\" \/>\n\t<meta property=\"og:image:height\" content=\"675\" \/>\n\t<meta property=\"og:image:type\" content=\"image\/png\" \/>\n<meta name=\"twitter:card\" content=\"summary_large_image\" \/>\n<meta name=\"twitter:site\" content=\"@opensolar\" \/>\n<script type=\"application\/ld+json\" class=\"yoast-schema-graph\">{\"@context\":\"https:\/\/schema.org\",\"@graph\":[{\"@type\":\"WebPage\",\"@id\":\"https:\/\/www.opensolar.com\/de\/fuer-das-gute\/\",\"url\":\"https:\/\/www.opensolar.com\/de\/fuer-das-gute\/\",\"name\":\"OpenSolar tut Gutes: Wirkungsvolle Solarinitiativen\",\"isPartOf\":{\"@id\":\"https:\/\/www.opensolar.com\/de\/#website\"},\"datePublished\":\"2023-07-23T04:37:56+00:00\",\"dateModified\":\"2026-03-18T15:04:43+00:00\",\"description\":\"OpenSolar spendet 1 % des Umsatzes f\u00fcr Solarprojekte in unterversorgten Gemeinden. Erfahren Sie mehr \u00fcber unseren Einfluss auf die weltweite Elektrifizierung.\",\"breadcrumb\":{\"@id\":\"https:\/\/www.opensolar.com\/de\/fuer-das-gute\/#breadcrumb\"},\"inLanguage\":\"de-DE\",\"potentialAction\":[{\"@type\":\"ReadAction\",\"target\":[\"https:\/\/www.opensolar.com\/de\/fuer-das-gute\/\"]}]},{\"@type\":\"BreadcrumbList\",\"@id\":\"https:\/\/www.opensolar.com\/de\/fuer-das-gute\/#breadcrumb\",\"itemListElement\":[{\"@type\":\"ListItem\",\"position\":1,\"name\":\"Home\",\"item\":\"https:\/\/www.opensolar.com\/de\/\"},{\"@type\":\"ListItem\",\"position\":2,\"name\":\"Unser 1% Engagement\"}]},{\"@type\":\"WebSite\",\"@id\":\"https:\/\/www.opensolar.com\/de\/#website\",\"url\":\"https:\/\/www.opensolar.com\/de\/\",\"name\":\"OpenSolar\",\"description\":\"Solar Design And Proposal Software\",\"publisher\":{\"@id\":\"https:\/\/www.opensolar.com\/de\/#organization\"},\"potentialAction\":[{\"@type\":\"SearchAction\",\"target\":{\"@type\":\"EntryPoint\",\"urlTemplate\":\"https:\/\/www.opensolar.com\/de\/?s={search_term_string}\"},\"query-input\":{\"@type\":\"PropertyValueSpecification\",\"valueRequired\":true,\"valueName\":\"search_term_string\"}}],\"inLanguage\":\"de-DE\"},{\"@type\":\"Organization\",\"@id\":\"https:\/\/www.opensolar.com\/de\/#organization\",\"name\":\"OpenSolar\",\"url\":\"https:\/\/www.opensolar.com\/de\/\",\"logo\":{\"@type\":\"ImageObject\",\"inLanguage\":\"de-DE\",\"@id\":\"https:\/\/www.opensolar.com\/de\/#\/schema\/logo\/image\/\",\"url\":\"https:\/\/www.opensolar.com\/wp-content\/uploads\/2026\/04\/OpenSolar-Horizontal-Color.svg\",\"contentUrl\":\"https:\/\/www.opensolar.com\/wp-content\/uploads\/2026\/04\/OpenSolar-Horizontal-Color.svg\",\"caption\":\"OpenSolar\"},\"image\":{\"@id\":\"https:\/\/www.opensolar.com\/de\/#\/schema\/logo\/image\/\"},\"sameAs\":[\"https:\/\/www.facebook.com\/OpenSolarGlobal\/\",\"https:\/\/x.com\/opensolar\",\"https:\/\/www.instagram.com\/open.solar\/\",\"https:\/\/www.linkedin.com\/company\/14522819\",\"https:\/\/www.youtube.com\/channel\/UCw3mdQ_ilIq9ZrPpCa_VOnA\/videos\"],\"description\":\"The world's leading solar design and proposal software. Free of charge so you're free to grow.\"}]}<\/script>\n<!-- \/ Yoast SEO Premium plugin. -->","yoast_head_json":{"title":"OpenSolar tut Gutes: Wirkungsvolle Solarinitiativen","description":"OpenSolar spendet 1 % des Umsatzes f\u00fcr Solarprojekte in unterversorgten Gemeinden. Erfahren Sie mehr \u00fcber unseren Einfluss auf die weltweite Elektrifizierung.","robots":{"index":"index","follow":"follow","max-snippet":"max-snippet:-1","max-image-preview":"max-image-preview:large","max-video-preview":"max-video-preview:-1"},"canonical":"https:\/\/www.opensolar.com\/de\/fuer-das-gute\/","og_locale":"de_DE","og_type":"article","og_title":"Unser 1% Engagement","og_description":"OpenSolar spendet 1 % des Umsatzes f\u00fcr Solarprojekte in unterversorgten Gemeinden. Erfahren Sie mehr \u00fcber unseren Einfluss auf die weltweite Elektrifizierung.","og_url":"https:\/\/www.opensolar.com\/de\/fuer-das-gute\/","og_site_name":"OpenSolar","article_publisher":"https:\/\/www.facebook.com\/OpenSolarGlobal\/","article_modified_time":"2026-03-18T15:04:43+00:00","og_image":[{"width":1200,"height":675,"url":"https:\/\/i0.wp.com\/www.opensolar.com\/wp-content\/uploads\/2024\/07\/OpenSolar-logo-for-WP.png?fit=1200%2C675&quality=80&ssl=1","type":"image\/png"}],"twitter_card":"summary_large_image","twitter_site":"@opensolar","schema":{"@context":"https:\/\/schema.org","@graph":[{"@type":"WebPage","@id":"https:\/\/www.opensolar.com\/de\/fuer-das-gute\/","url":"https:\/\/www.opensolar.com\/de\/fuer-das-gute\/","name":"OpenSolar tut Gutes: Wirkungsvolle Solarinitiativen","isPartOf":{"@id":"https:\/\/www.opensolar.com\/de\/#website"},"datePublished":"2023-07-23T04:37:56+00:00","dateModified":"2026-03-18T15:04:43+00:00","description":"OpenSolar spendet 1 % des Umsatzes f\u00fcr Solarprojekte in unterversorgten Gemeinden. Erfahren Sie mehr \u00fcber unseren Einfluss auf die weltweite Elektrifizierung.","breadcrumb":{"@id":"https:\/\/www.opensolar.com\/de\/fuer-das-gute\/#breadcrumb"},"inLanguage":"de-DE","potentialAction":[{"@type":"ReadAction","target":["https:\/\/www.opensolar.com\/de\/fuer-das-gute\/"]}]},{"@type":"BreadcrumbList","@id":"https:\/\/www.opensolar.com\/de\/fuer-das-gute\/#breadcrumb","itemListElement":[{"@type":"ListItem","position":1,"name":"Home","item":"https:\/\/www.opensolar.com\/de\/"},{"@type":"ListItem","position":2,"name":"Unser 1% Engagement"}]},{"@type":"WebSite","@id":"https:\/\/www.opensolar.com\/de\/#website","url":"https:\/\/www.opensolar.com\/de\/","name":"OpenSolar","description":"Solar Design And Proposal Software","publisher":{"@id":"https:\/\/www.opensolar.com\/de\/#organization"},"potentialAction":[{"@type":"SearchAction","target":{"@type":"EntryPoint","urlTemplate":"https:\/\/www.opensolar.com\/de\/?s={search_term_string}"},"query-input":{"@type":"PropertyValueSpecification","valueRequired":true,"valueName":"search_term_string"}}],"inLanguage":"de-DE"},{"@type":"Organization","@id":"https:\/\/www.opensolar.com\/de\/#organization","name":"OpenSolar","url":"https:\/\/www.opensolar.com\/de\/","logo":{"@type":"ImageObject","inLanguage":"de-DE","@id":"https:\/\/www.opensolar.com\/de\/#\/schema\/logo\/image\/","url":"https:\/\/www.opensolar.com\/wp-content\/uploads\/2026\/04\/OpenSolar-Horizontal-Color.svg","contentUrl":"https:\/\/www.opensolar.com\/wp-content\/uploads\/2026\/04\/OpenSolar-Horizontal-Color.svg","caption":"OpenSolar"},"image":{"@id":"https:\/\/www.opensolar.com\/de\/#\/schema\/logo\/image\/"},"sameAs":["https:\/\/www.facebook.com\/OpenSolarGlobal\/","https:\/\/x.com\/opensolar","https:\/\/www.instagram.com\/open.solar\/","https:\/\/www.linkedin.com\/company\/14522819","https:\/\/www.youtube.com\/channel\/UCw3mdQ_ilIq9ZrPpCa_VOnA\/videos"],"description":"The world's leading solar design and proposal software. Free of charge so you're free to grow."}]}},"_links":{"self":[{"href":"https:\/\/www.opensolar.com\/de\/wp-json\/wp\/v2\/pages\/6794","targetHints":{"allow":["GET"]}}],"collection":[{"href":"https:\/\/www.opensolar.com\/de\/wp-json\/wp\/v2\/pages"}],"about":[{"href":"https:\/\/www.opensolar.com\/de\/wp-json\/wp\/v2\/types\/page"}],"author":[{"embeddable":true,"href":"https:\/\/www.opensolar.com\/de\/wp-json\/wp\/v2\/users\/3"}],"replies":[{"embeddable":true,"href":"https:\/\/www.opensolar.com\/de\/wp-json\/wp\/v2\/comments?post=6794"}],"version-history":[{"count":0,"href":"https:\/\/www.opensolar.com\/de\/wp-json\/wp\/v2\/pages\/6794\/revisions"}],"wp:attachment":[{"href":"https:\/\/www.opensolar.com\/de\/wp-json\/wp\/v2\/media?parent=6794"}],"curies":[{"name":"wp","href":"https:\/\/api.w.org\/{rel}","templated":true}]}}