{"id":6798,"date":"2023-07-24T09:51:03","date_gmt":"2023-07-24T09:51:03","guid":{"rendered":"https:\/\/www.opensolar.com\/support-team\/"},"modified":"2026-01-13T00:22:32","modified_gmt":"2026-01-13T00:22:32","slug":"support-team","status":"publish","type":"page","link":"https:\/\/www.opensolar.com\/de\/support-team\/","title":{"rendered":"Hilfe\/ Support"},"content":{"rendered":"<section id=\"hero-block_8178f3acfc820e0fa1ce33ffc9ec0bdb\" class=\"hero  light-mode background-bright-grey-200\" style=\"\">\n\t\t\t\t\t<div class=\"content-block-hero\">\n\t\t\t\t\t\t\t\t<div class=\"intro-text default\">\n\t\t\t\t\t\t\t\t\t\t\t<h1 class=\"motion-hero-headline blue-gradient light-mode\"><p>Hilfe\/ Support<\/p>\n<\/h1>\t\t\t\t\t\t<div class=\"motion-hero-sub-headline sub-headline light-mode\"><p>Mit Ihrem kostenlosen OpenSolar-Konto erhalten Sie 24\/7-Support von einer engagierten Gruppe von Openern, die die App in- und auswendig kennen.<\/p>\n<\/div>\t\t\t\t\t\t\t\t\t\t\t\t\t\t\t\t\t\t\t\t\t\t\t\t\t\t<\/div>\n\t\t\t\t\t\t\t\t\t<div class=\"hero-breadcrumb\">\n\t\t\t\t\t\t<div class=\"hero-breadcrumb-content\">\n\t\t\t\t\t\t\t<a href=\"https:\/\/www.opensolar.com\/pro\/\" target=\"_self\">Pro<\/a><span>&gt;<\/span>\t\t\t\t\t\t\t\t\t\t\t\t\t\tHilfe\/ Support\t\t\t\t\t\t<\/div>\n\t\t\t\t\t<\/div>\n\t\t\t\t\t\t\t<\/div>\n\t\t<\/section><section id=\"side-by-side-block_dda3b27eba8cf338997b37f3b814a811\" class=\"side-by-side light-mode  background-none\" style=\"\">\n\t<div class=\"side-by-side-content light-mode\">\n\t\t\t\t\t\t\t\t\t\t\t\t\t\t<div class=\"content-block-regular\">\n\t\t\t\t\t\t<div class=\"artwork-block artwork-right\">\n\t\t\t\t\t\t\t\t\t\t\t\t\t\t\t<figure class=\"squared\" style=\"position: relative;\">\n\t\t\t\t\t\t\t\t\t<img decoding=\"async\" src=\"https:\/\/i0.wp.com\/www.opensolar.com\/wp-content\/uploads\/2026\/01\/Support-team.jpg?fit=1044%2C672&#038;quality=89&#038;ssl=1\" class=\"motion-artwork-base-side-by-side-block_dda3b27eba8cf338997b37f3b814a811\" alt=\"A collage featuring fourteen diverse OpenSolar team members. Each individual is shown in a professional headshot set within a circular frame. The circles feature alternating bright yellow and light blue backgrounds and are arranged in a dynamic, clustered pattern against a white backdrop. One team member is wearing a shirt featuring the OpenSolar logo, highlighting the collaborative spirit of the company\u2019s global staff.\" style=\"z-index: 0;\" \/>\n\t\t\t\t\t\t\t\t\t\t\t\t\t\t\t\t\t\t<img decoding=\"async\" src=\"\" class=\"motion-artwork-layer1-side-by-side-block_dda3b27eba8cf338997b37f3b814a811\" alt=\"\" style=\"z-index: 1; position: absolute; top: 0; left: 0;\" \/>\n\t\t\t\t\t\t\t\t<\/figure>\n\t\t\t\t\t\t\t\t\t\t\t\t\t\t\t\t\t\t\t\t\t\t\t\t\t\t\t\t<div class=\"text-space\">\n\t\t\t\t\t\t\t\t\t\t\t\t\t\t\t\t<h2 class=\"light-mode\"><p>Support-Team<\/p>\n<\/h2>\t\t\t\t\t\t\t\t<div class=\"sub-headline light-mode\"><p>Mit mehr als 400 Jahren Erfahrung in der Solarbranche lebt und atmet die OpenSolar-Crew Solar und Ihren Erfolg. Von ausf\u00fchrlichen Schulungs-Webinaren bis hin zur Einf\u00fchrungshilfe, von der Behebung spezifischer Probleme auf Ihrem Konto bis hin zu strategischen Ratschl\u00e4gen f\u00fcr die optimale Nutzung der App &#8211; sie sind f\u00fcr Sie da. <\/p>\n<\/div>\t\t\t\t\t\t\t\t\t\t\t\t\t\t\t\t\t\t\t\t\t\t\t\t\t\t\t\t\t\t\t<\/div>\n\t\t\t\t\t\t<\/div>\n\t\t\t\t\t<\/div>\n\t\t\t\t\t\t\t\t\t\t\t\t\t\t\t\t\t\t\t\t\t\t<\/div>\n<\/section>\n<section id=\"grid-block_015297be878bbc322b23b80109fb1c83\" class=\"grid motion-grid-block light-mode background-bright-grey-200\" style=\"\">\n\t\t\t\t\t\t<h2 id=\"grid-block_015297be878bbc322b23b80109fb1c83-h2\" class=\"headline-center-black black grid-headline-motion light-mode\"><p>Verf\u00fcgbare Arten von Schulungen<\/p>\n<\/h2>\t\t<div class=\"subheading headline-center-black\">Wenden Sie sich live oder \u00fcber unseren ticketbasierten 24\/7-Support an das Support-Team, um Ihre Fragen schnell beantwortet zu bekommen und sicherzustellen, dass Sie das Beste aus OpenSolar herausholen.<\/div>\t\t\t\t\t<div class=\"heading-button headline-center-black\">\n\t\t\t\t<a href=\"https:\/\/support.opensolar.com\/hc\/en-us\" target=\"_blank\">\n\t\t\t\t\t<span>Hier geht&#039;s zum Support<\/span>\n\t\t\t\t\t<svg xmlns=\"http:\/\/www.w3.org\/2000\/svg\" width=\"16\" height=\"16\" viewBox=\"0 0 16 16\" fill=\"none\">\n\t\t\t\t\t\t<path d=\"M6.66667 4.66675L10 8.00008L6.66667 11.3334\" stroke=\"#1751D0\" stroke-width=\"2\" stroke-linecap=\"round\" stroke-linejoin=\"round\"\/>\n\t\t\t\t\t<\/svg>\n\t\t\t\t<\/a>\n\t\t\t<\/div>\n\t\t\t\t<div class=\"cards default columns-four \">\n\t\t\t\t\t\t\t\t\t\t\t\t\t\t\t\t\t\t\t\t\t\t\t\t\t<div class=\"card card-grid-block_015297be878bbc322b23b80109fb1c83-1 card-style-default card-container-padded \" style=\"  \">\n\t\t\t\t\t\t\t\t\t\t\t\t\t\t\t\t\t\t\t\t\t\t\t\t\t\t\t\t<div class=\"icon\">\n\t\t\t\t\t\t\t\t\t<figure>\n\t\t\t\t\t\t\t\t\t\t<img loading=\"lazy\" decoding=\"async\" width=\"96\" height=\"96\" src=\"https:\/\/i0.wp.com\/www.opensolar.com\/wp-content\/uploads\/2025\/01\/icon-computer.png?fit=96%2C96&amp;quality=80&amp;ssl=1\" class=\"attachment-full size-full\" alt=\"\" \/>\t\t\t\t\t\t\t\t\t<\/figure>\n\t\t\t\t\t\t\t\t<\/div>\n\t\t\t\t\t\t\t\t\t\t\t\t\t\t\t\t\t\t\t\t\t\t\t\t\t\t\t\t\t\t\t\t\t\t\t\t\t\t\t\t\t\t\t\t\t<div class=\"headline light-mode\">Software \u00dcbersicht<\/div>\n\t\t\t\t\t\t\t\t\t\t\t\t\t\t\t\t\t\t\t\t\t\t\t\t\t\t\t\t\t\t<div class=\"text light-mode\"><p>Lernen Sie das Wesentliche zur Navigation in OpenSolar und zur effektiven Nutzung der wichtigsten Tools.<\/p>\n<\/div>\t\t\t\t\t\t\t\t\t\t\t\t\t\t\t\t\t\t\t\t\t\t\t\t\t\t\t\t\t\t\t\t\t\t\t\t\t\t\t\t\t\t\t\t\t\t\t\t\t\t\t\t\t\t\t\t\t\t\t\t\t\t\t\t\t\t\t\t\t\t\t\t\t\t\t\t\t\t\t\t\t\t\t\t\t\t\t\t\t\t\t\t\t\t\t\t\t\t\t\t\t\t\t\t\t\t<\/div>\n\t\t\t\t\t\t\t\t\t\t\t\t\t\t\t\t\t\t\t\t\t\t\t\t\t\t\t\t\t\t\t\t\t\t\t\t\t\t\t\t<div class=\"card card-grid-block_015297be878bbc322b23b80109fb1c83-2 card-style-default card-container-padded \" style=\"  \">\n\t\t\t\t\t\t\t\t\t\t\t\t\t\t\t\t\t\t\t\t\t\t\t\t\t\t\t\t<div class=\"icon\">\n\t\t\t\t\t\t\t\t\t<figure>\n\t\t\t\t\t\t\t\t\t\t<img loading=\"lazy\" decoding=\"async\" width=\"96\" height=\"96\" src=\"https:\/\/i0.wp.com\/www.opensolar.com\/wp-content\/uploads\/2025\/01\/savings.png?fit=96%2C96&amp;quality=80&amp;ssl=1\" class=\"attachment-full size-full\" alt=\"\" \/>\t\t\t\t\t\t\t\t\t<\/figure>\n\t\t\t\t\t\t\t\t<\/div>\n\t\t\t\t\t\t\t\t\t\t\t\t\t\t\t\t\t\t\t\t\t\t\t\t\t\t\t\t\t\t\t\t\t\t\t\t\t\t\t\t\t\t\t\t\t<div class=\"headline light-mode\">Ausbildung im Bereich Finanzen<\/div>\n\t\t\t\t\t\t\t\t\t\t\t\t\t\t\t\t\t\t\t\t\t\t\t\t\t\t\t\t\t\t<div class=\"text light-mode\"><p>Erfahren Sie, wie Sie die Finanzierung von Solaranlagen verwalten, einschlie\u00dflich Darlehen, Anreize und Zahlungsoptionen f\u00fcr Ihre Projekte.<\/p>\n<\/div>\t\t\t\t\t\t\t\t\t\t\t\t\t\t\t\t\t\t\t\t\t\t\t\t\t\t\t\t\t\t\t\t\t\t\t\t\t\t\t\t\t\t\t\t\t\t\t\t\t\t\t\t\t\t\t\t\t\t\t\t\t\t\t\t\t\t\t\t\t\t\t\t\t\t\t\t\t\t\t\t\t\t\t\t\t\t\t\t\t\t\t\t\t\t\t\t\t\t\t\t\t\t\t\t\t\t<\/div>\n\t\t\t\t\t\t\t\t\t\t\t\t\t\t\t\t\t\t\t\t\t\t\t\t\t\t\t\t\t\t\t\t\t\t\t\t\t\t\t\t<div class=\"card card-grid-block_015297be878bbc322b23b80109fb1c83-3 card-style-default card-container-padded \" style=\"  \">\n\t\t\t\t\t\t\t\t\t\t\t\t\t\t\t\t\t\t\t\t\t\t\t\t\t\t\t\t<div class=\"icon\">\n\t\t\t\t\t\t\t\t\t<figure>\n\t\t\t\t\t\t\t\t\t\t<img loading=\"lazy\" decoding=\"async\" width=\"96\" height=\"96\" src=\"https:\/\/i0.wp.com\/www.opensolar.com\/wp-content\/uploads\/2025\/01\/icon-design_services.png?fit=96%2C96&amp;quality=80&amp;ssl=1\" class=\"attachment-full size-full\" alt=\"\" \/>\t\t\t\t\t\t\t\t\t<\/figure>\n\t\t\t\t\t\t\t\t<\/div>\n\t\t\t\t\t\t\t\t\t\t\t\t\t\t\t\t\t\t\t\t\t\t\t\t\t\t\t\t\t\t\t\t\t\t\t\t\t\t\t\t\t\t\t\t\t<div class=\"headline light-mode\">Entwerfen<\/div>\n\t\t\t\t\t\t\t\t\t\t\t\t\t\t\t\t\t\t\t\t\t\t\t\t\t\t\t\t\t\t<div class=\"text light-mode\"><p>Erstellen Sie mit den leistungsstarken Werkzeugen von OpenSolar pr\u00e4zise Solarentw\u00fcrfe, die beeindrucken und umsetzbar sind.<\/p>\n<\/div>\t\t\t\t\t\t\t\t\t\t\t\t\t\t\t\t\t\t\t\t\t\t\t\t\t\t\t\t\t\t\t\t\t\t\t\t\t\t\t\t\t\t\t\t\t\t\t\t\t\t\t\t\t\t\t\t\t\t\t\t\t\t\t\t\t\t\t\t\t\t\t\t\t\t\t\t\t\t\t\t\t\t\t\t\t\t\t\t\t\t\t\t\t\t\t\t\t\t\t\t\t\t\t\t\t\t<\/div>\n\t\t\t\t\t\t\t\t\t\t\t\t\t\t\t\t\t\t\t\t\t\t\t\t\t\t\t\t\t\t\t\t\t\t\t\t\t\t\t\t<div class=\"card card-grid-block_015297be878bbc322b23b80109fb1c83-4 card-style-default card-container-padded \" style=\"  \">\n\t\t\t\t\t\t\t\t\t\t\t\t\t\t\t\t\t\t\t\t\t\t\t\t\t\t\t\t<div class=\"icon\">\n\t\t\t\t\t\t\t\t\t<figure>\n\t\t\t\t\t\t\t\t\t\t<img loading=\"lazy\" decoding=\"async\" width=\"96\" height=\"96\" src=\"https:\/\/i0.wp.com\/www.opensolar.com\/wp-content\/uploads\/2025\/01\/icon-manage_accounts.png?fit=96%2C96&amp;quality=80&amp;ssl=1\" class=\"attachment-full size-full\" alt=\"\" \/>\t\t\t\t\t\t\t\t\t<\/figure>\n\t\t\t\t\t\t\t\t<\/div>\n\t\t\t\t\t\t\t\t\t\t\t\t\t\t\t\t\t\t\t\t\t\t\t\t\t\t\t\t\t\t\t\t\t\t\t\t\t\t\t\t\t\t\t\t\t<div class=\"headline light-mode\">Konto einrichten<\/div>\n\t\t\t\t\t\t\t\t\t\t\t\t\t\t\t\t\t\t\t\t\t\t\t\t\t\t\t\t\t\t<div class=\"text light-mode\"><p>Richten Sie Ihr Konto so ein, dass es Ihren gesch\u00e4ftlichen Anforderungen entspricht, und rationalisieren Sie Ihre Abl\u00e4ufe.<\/p>\n<\/div>\t\t\t\t\t\t\t\t\t\t\t\t\t\t\t\t\t\t\t\t\t\t\t\t\t\t\t\t\t\t\t\t\t\t\t\t\t\t\t\t\t\t\t\t\t\t\t\t\t\t\t\t\t\t\t\t\t\t\t\t\t\t\t\t\t\t\t\t\t\t\t\t\t\t\t\t\t\t\t\t\t\t\t\t\t\t\t\t\t\t\t\t\t\t\t\t\t\t\t\t\t\t\t\t\t\t<\/div>\n\t\t\t\t\t\t\t\t\t\t\t\t\t\t\t\t\t\t\t\t<\/div>\n\t\t\t\t\t\t\t\t\t<\/section><section id=\"side-by-side-block_137b44f6011107002f3710022a2e5798\" class=\"side-by-side light-mode  background-none\" style=\"\">\n\t<div class=\"side-by-side-content light-mode\">\n\t\t\t\t\t\t\t\t\t\t\t\t\t\t<div class=\"content-block-regular\">\n\t\t\t\t\t\t<div class=\"artwork-block artwork-right\">\n\t\t\t\t\t\t\t\t\t\t\t\t\t\t\t<figure class=\"squared\" style=\"position: relative;\">\n\t\t\t\t\t\t\t\t\t<img decoding=\"async\" src=\"https:\/\/i0.wp.com\/www.opensolar.com\/wp-content\/uploads\/2025\/01\/support-2.jpg?fit=1200%2C782&#038;quality=89&#038;ssl=1\" class=\"motion-artwork-base-side-by-side-block_137b44f6011107002f3710022a2e5798\" alt=\"\" style=\"z-index: 0;\" \/>\n\t\t\t\t\t\t\t\t\t\t\t\t\t\t\t\t\t\t<img decoding=\"async\" src=\"\" class=\"motion-artwork-layer1-side-by-side-block_137b44f6011107002f3710022a2e5798\" alt=\"\" style=\"z-index: 1; position: absolute; top: 0; left: 0;\" \/>\n\t\t\t\t\t\t\t\t<\/figure>\n\t\t\t\t\t\t\t\t\t\t\t\t\t\t\t\t\t\t\t\t\t\t\t\t\t\t\t\t<div class=\"text-space\">\n\t\t\t\t\t\t\t\t\t\t\t\t\t\t\t\t<h2 class=\"light-mode\"><p>Webinare<\/p>\n<\/h2>\t\t\t\t\t\t\t\t<div class=\"sub-headline light-mode\"><p>Greifen Sie auf unsere Live-Webinare und Schulungssitzungen f\u00fcr Ihre bevorzugte Region oder die Region in Ihrer N\u00e4he zu, um das aktuellste Wissen \u00fcber die Nutzung unserer sich st\u00e4ndig weiterentwickelnden Funktionen zu erhalten.<\/p>\n<\/div>\t\t\t\t\t\t\t\t\t\t\t\t\t\t\t\t\t\t\t\t\t\t\t\t\t\t\t\t\t\t\t\t\t<div class=\"actions\">\n\t\t\t\t\t\t\t\t\t\t\t\t\t\t\t\t\t\t\t\t\t<div class=\"button\">\n\t\t\t\t\t\t\t\t\t\t\t\t<a href=\"https:\/\/www.opensolar.com\/de\/webinare\/\" target=\"_self\" class=\"button-sbs-textblue\">\n\t\t\t\t\t\t\t\t\t\t\t\t\t<span>An Webinaren teilnehmen<\/span>\n\t\t\t\t\t\t\t\t\t\t\t\t\t<svg xmlns=\"http:\/\/www.w3.org\/2000\/svg\" width=\"16\" height=\"16\" viewBox=\"0 0 16 16\" fill=\"none\">\n\t\t\t\t\t\t\t\t\t\t\t\t\t\t<path d=\"M6.66667 4.66675L10 8.00008L6.66667 11.3334\" stroke=\"#1751D0\" stroke-width=\"2\" stroke-linecap=\"round\" stroke-linejoin=\"round\"\/>\n\t\t\t\t\t\t\t\t\t\t\t\t\t<\/svg>\n\t\t\t\t\t\t\t\t\t\t\t\t<\/a>\n\t\t\t\t\t\t\t\t\t\t\t\t\t\t\t\t\t\t\t\t\t\t\t<\/div>\n\t\t\t\t\t\t\t\t\t\t\t\t\t\t\t\t\t\t\t\t\t\t\t\t\t\t\t\t\t<\/div>\n\t\t\t\t\t\t\t\t\t\t\t\t\t\t\t<\/div>\n\t\t\t\t\t\t<\/div>\n\t\t\t\t\t<\/div>\n\t\t\t\t\t\t\t\t\t\t\t\t\t\t\t\t\t\t\t\t\t\t<\/div>\n<\/section>\n<section id=\"side-by-side-block_1b65f30f622b6abca504090a3f780a05\" class=\"side-by-side light-mode  background-bright-grey-200\" style=\"\">\n\t<div class=\"side-by-side-content light-mode\">\n\t\t\t\t\t\t\t\t\t\t\t\t\t\t<div class=\"content-block-regular\">\n\t\t\t\t\t\t<div class=\"artwork-block artwork-left\">\n\t\t\t\t\t\t\t\t\t\t\t\t\t\t\t<figure class=\"squared\" style=\"position: relative;\">\n\t\t\t\t\t\t\t\t\t<img decoding=\"async\" src=\"https:\/\/i0.wp.com\/www.opensolar.com\/wp-content\/uploads\/2025\/01\/support-3.png?fit=1260%2C916&#038;quality=80&#038;ssl=1\" class=\"motion-artwork-base-side-by-side-block_1b65f30f622b6abca504090a3f780a05\" alt=\"\" style=\"z-index: 0;\" \/>\n\t\t\t\t\t\t\t\t\t\t\t\t\t\t\t\t\t\t<img decoding=\"async\" src=\"\" class=\"motion-artwork-layer1-side-by-side-block_1b65f30f622b6abca504090a3f780a05\" alt=\"\" style=\"z-index: 1; position: absolute; top: 0; left: 0;\" \/>\n\t\t\t\t\t\t\t\t<\/figure>\n\t\t\t\t\t\t\t\t\t\t\t\t\t\t\t\t\t\t\t\t\t\t\t\t\t\t\t\t<div class=\"text-space\">\n\t\t\t\t\t\t\t\t\t\t\t\t\t\t\t\t<h2 class=\"light-mode\"><p>Hilfe-Center<\/p>\n<\/h2>\t\t\t\t\t\t\t\t<div class=\"sub-headline light-mode\"><p>In unserem Hilfe-Center finden Sie Artikel, Tipps und Tricks zur gesamten OpenSolar-App. Nutzen Sie die KI-Chatfunktion, um schnell die Antwort zu erhalten, die Sie suchen, oder suchen Sie nach einem ausf\u00fchrlichen Artikel oder einem Video, das Sie durch das, was Sie wissen m\u00fcssen, f\u00fchrt. <\/p>\n<\/div>\t\t\t\t\t\t\t\t\t\t\t\t\t\t\t\t\t\t\t\t\t\t\t\t\t\t\t\t\t\t\t\t\t<div class=\"actions\">\n\t\t\t\t\t\t\t\t\t\t\t\t\t\t\t\t\t\t\t\t\t<div class=\"button\">\n\t\t\t\t\t\t\t\t\t\t\t\t<a href=\"https:\/\/support.opensolar.com\/hc\/en-us\" target=\"_blank\" class=\"button-sbs-textblue\">\n\t\t\t\t\t\t\t\t\t\t\t\t\t<span>Hilfe-Center besuchen<\/span>\n\t\t\t\t\t\t\t\t\t\t\t\t\t<svg xmlns=\"http:\/\/www.w3.org\/2000\/svg\" width=\"16\" height=\"16\" viewBox=\"0 0 16 16\" fill=\"none\">\n\t\t\t\t\t\t\t\t\t\t\t\t\t\t<path d=\"M6.66667 4.66675L10 8.00008L6.66667 11.3334\" stroke=\"#1751D0\" stroke-width=\"2\" stroke-linecap=\"round\" stroke-linejoin=\"round\"\/>\n\t\t\t\t\t\t\t\t\t\t\t\t\t<\/svg>\n\t\t\t\t\t\t\t\t\t\t\t\t<\/a>\n\t\t\t\t\t\t\t\t\t\t\t\t\t\t\t\t\t\t\t\t\t\t\t<\/div>\n\t\t\t\t\t\t\t\t\t\t\t\t\t\t\t\t\t\t\t\t\t\t\t\t\t\t\t\t\t<\/div>\n\t\t\t\t\t\t\t\t\t\t\t\t\t\t\t<\/div>\n\t\t\t\t\t\t<\/div>\n\t\t\t\t\t<\/div>\n\t\t\t\t\t\t\t\t\t\t\t\t\t\t\t\t\t\t\t\t\t\t<\/div>\n<\/section>\n","protected":false},"excerpt":{"rendered":"","protected":false},"author":3,"featured_media":0,"parent":0,"menu_order":0,"comment_status":"closed","ping_status":"closed","template":"","meta":{"_acf_changed":true,"footnotes":""},"class_list":["post-6798","page","type-page","status-publish","hentry"],"acf":[],"yoast_head":"<!-- This site is optimized with the Yoast SEO Premium plugin v26.6 (Yoast SEO v26.6) - https:\/\/yoast.com\/wordpress\/plugins\/seo\/ -->\n<title>Unterst\u00fctzung | OpenSolar<\/title>\n<meta name=\"description\" content=\"Greifen Sie auf Live-Hilfe, Lehrvideos und umfassende Artikel des Expertenteams von OpenSolar zu, um die Effizienz Ihres Solargesch\u00e4fts zu maximieren.\" \/>\n<meta name=\"robots\" content=\"index, follow, max-snippet:-1, max-image-preview:large, max-video-preview:-1\" \/>\n<link rel=\"canonical\" href=\"https:\/\/www.opensolar.com\/de\/support-team\/\" \/>\n<meta property=\"og:locale\" content=\"de_DE\" \/>\n<meta property=\"og:type\" content=\"article\" \/>\n<meta property=\"og:title\" content=\"Hilfe\/ Support\" \/>\n<meta property=\"og:description\" content=\"Greifen Sie auf Live-Hilfe, Lehrvideos und umfassende Artikel des Expertenteams von OpenSolar zu, um die Effizienz Ihres Solargesch\u00e4fts zu maximieren.\" \/>\n<meta property=\"og:url\" content=\"https:\/\/www.opensolar.com\/de\/support-team\/\" \/>\n<meta property=\"og:site_name\" content=\"OpenSolar\" \/>\n<meta property=\"article:publisher\" content=\"https:\/\/www.facebook.com\/OpenSolarGlobal\/\" \/>\n<meta property=\"article:modified_time\" content=\"2026-01-13T00:22:32+00:00\" \/>\n<meta property=\"og:image\" content=\"https:\/\/i0.wp.com\/www.opensolar.com\/wp-content\/uploads\/2024\/07\/OpenSolar-logo-for-WP.png?fit=1200%2C675&quality=80&ssl=1\" \/>\n\t<meta property=\"og:image:width\" content=\"1200\" \/>\n\t<meta property=\"og:image:height\" content=\"675\" \/>\n\t<meta property=\"og:image:type\" content=\"image\/png\" \/>\n<meta name=\"twitter:card\" content=\"summary_large_image\" \/>\n<meta name=\"twitter:site\" content=\"@opensolar\" \/>\n<script type=\"application\/ld+json\" class=\"yoast-schema-graph\">{\"@context\":\"https:\/\/schema.org\",\"@graph\":[{\"@type\":\"WebPage\",\"@id\":\"https:\/\/www.opensolar.com\/de\/support-team\/\",\"url\":\"https:\/\/www.opensolar.com\/de\/support-team\/\",\"name\":\"Unterst\u00fctzung | OpenSolar\",\"isPartOf\":{\"@id\":\"https:\/\/www.opensolar.com\/de\/#website\"},\"datePublished\":\"2023-07-24T09:51:03+00:00\",\"dateModified\":\"2026-01-13T00:22:32+00:00\",\"description\":\"Greifen Sie auf Live-Hilfe, Lehrvideos und umfassende Artikel des Expertenteams von OpenSolar zu, um die Effizienz Ihres Solargesch\u00e4fts zu maximieren.\",\"breadcrumb\":{\"@id\":\"https:\/\/www.opensolar.com\/de\/support-team\/#breadcrumb\"},\"inLanguage\":\"de-DE\",\"potentialAction\":[{\"@type\":\"ReadAction\",\"target\":[\"https:\/\/www.opensolar.com\/de\/support-team\/\"]}]},{\"@type\":\"BreadcrumbList\",\"@id\":\"https:\/\/www.opensolar.com\/de\/support-team\/#breadcrumb\",\"itemListElement\":[{\"@type\":\"ListItem\",\"position\":1,\"name\":\"Home\",\"item\":\"https:\/\/www.opensolar.com\/de\/\"},{\"@type\":\"ListItem\",\"position\":2,\"name\":\"Hilfe\/ Support\"}]},{\"@type\":\"WebSite\",\"@id\":\"https:\/\/www.opensolar.com\/de\/#website\",\"url\":\"https:\/\/www.opensolar.com\/de\/\",\"name\":\"OpenSolar\",\"description\":\"Solar Design And Proposal Software\",\"publisher\":{\"@id\":\"https:\/\/www.opensolar.com\/de\/#organization\"},\"potentialAction\":[{\"@type\":\"SearchAction\",\"target\":{\"@type\":\"EntryPoint\",\"urlTemplate\":\"https:\/\/www.opensolar.com\/de\/?s={search_term_string}\"},\"query-input\":{\"@type\":\"PropertyValueSpecification\",\"valueRequired\":true,\"valueName\":\"search_term_string\"}}],\"inLanguage\":\"de-DE\"},{\"@type\":\"Organization\",\"@id\":\"https:\/\/www.opensolar.com\/de\/#organization\",\"name\":\"OpenSolar\",\"url\":\"https:\/\/www.opensolar.com\/de\/\",\"logo\":{\"@type\":\"ImageObject\",\"inLanguage\":\"de-DE\",\"@id\":\"https:\/\/www.opensolar.com\/de\/#\/schema\/logo\/image\/\",\"url\":\"https:\/\/www.opensolar.com\/wp-content\/uploads\/2026\/03\/OpenSolar-Horizontal-Color.svg\",\"contentUrl\":\"https:\/\/www.opensolar.com\/wp-content\/uploads\/2026\/03\/OpenSolar-Horizontal-Color.svg\",\"caption\":\"OpenSolar\"},\"image\":{\"@id\":\"https:\/\/www.opensolar.com\/de\/#\/schema\/logo\/image\/\"},\"sameAs\":[\"https:\/\/www.facebook.com\/OpenSolarGlobal\/\",\"https:\/\/x.com\/opensolar\",\"https:\/\/www.instagram.com\/open.solar\/\",\"https:\/\/www.linkedin.com\/company\/14522819\",\"https:\/\/www.youtube.com\/channel\/UCw3mdQ_ilIq9ZrPpCa_VOnA\/videos\"],\"description\":\"The world's leading solar design and proposal software. Free of charge so you're free to grow.\"}]}<\/script>\n<!-- \/ Yoast SEO Premium plugin. -->","yoast_head_json":{"title":"Unterst\u00fctzung | OpenSolar","description":"Greifen Sie auf Live-Hilfe, Lehrvideos und umfassende Artikel des Expertenteams von OpenSolar zu, um die Effizienz Ihres Solargesch\u00e4fts zu maximieren.","robots":{"index":"index","follow":"follow","max-snippet":"max-snippet:-1","max-image-preview":"max-image-preview:large","max-video-preview":"max-video-preview:-1"},"canonical":"https:\/\/www.opensolar.com\/de\/support-team\/","og_locale":"de_DE","og_type":"article","og_title":"Hilfe\/ Support","og_description":"Greifen Sie auf Live-Hilfe, Lehrvideos und umfassende Artikel des Expertenteams von OpenSolar zu, um die Effizienz Ihres Solargesch\u00e4fts zu maximieren.","og_url":"https:\/\/www.opensolar.com\/de\/support-team\/","og_site_name":"OpenSolar","article_publisher":"https:\/\/www.facebook.com\/OpenSolarGlobal\/","article_modified_time":"2026-01-13T00:22:32+00:00","og_image":[{"width":1200,"height":675,"url":"https:\/\/i0.wp.com\/www.opensolar.com\/wp-content\/uploads\/2024\/07\/OpenSolar-logo-for-WP.png?fit=1200%2C675&quality=80&ssl=1","type":"image\/png"}],"twitter_card":"summary_large_image","twitter_site":"@opensolar","schema":{"@context":"https:\/\/schema.org","@graph":[{"@type":"WebPage","@id":"https:\/\/www.opensolar.com\/de\/support-team\/","url":"https:\/\/www.opensolar.com\/de\/support-team\/","name":"Unterst\u00fctzung | OpenSolar","isPartOf":{"@id":"https:\/\/www.opensolar.com\/de\/#website"},"datePublished":"2023-07-24T09:51:03+00:00","dateModified":"2026-01-13T00:22:32+00:00","description":"Greifen Sie auf Live-Hilfe, Lehrvideos und umfassende Artikel des Expertenteams von OpenSolar zu, um die Effizienz Ihres Solargesch\u00e4fts zu maximieren.","breadcrumb":{"@id":"https:\/\/www.opensolar.com\/de\/support-team\/#breadcrumb"},"inLanguage":"de-DE","potentialAction":[{"@type":"ReadAction","target":["https:\/\/www.opensolar.com\/de\/support-team\/"]}]},{"@type":"BreadcrumbList","@id":"https:\/\/www.opensolar.com\/de\/support-team\/#breadcrumb","itemListElement":[{"@type":"ListItem","position":1,"name":"Home","item":"https:\/\/www.opensolar.com\/de\/"},{"@type":"ListItem","position":2,"name":"Hilfe\/ Support"}]},{"@type":"WebSite","@id":"https:\/\/www.opensolar.com\/de\/#website","url":"https:\/\/www.opensolar.com\/de\/","name":"OpenSolar","description":"Solar Design And Proposal Software","publisher":{"@id":"https:\/\/www.opensolar.com\/de\/#organization"},"potentialAction":[{"@type":"SearchAction","target":{"@type":"EntryPoint","urlTemplate":"https:\/\/www.opensolar.com\/de\/?s={search_term_string}"},"query-input":{"@type":"PropertyValueSpecification","valueRequired":true,"valueName":"search_term_string"}}],"inLanguage":"de-DE"},{"@type":"Organization","@id":"https:\/\/www.opensolar.com\/de\/#organization","name":"OpenSolar","url":"https:\/\/www.opensolar.com\/de\/","logo":{"@type":"ImageObject","inLanguage":"de-DE","@id":"https:\/\/www.opensolar.com\/de\/#\/schema\/logo\/image\/","url":"https:\/\/www.opensolar.com\/wp-content\/uploads\/2026\/03\/OpenSolar-Horizontal-Color.svg","contentUrl":"https:\/\/www.opensolar.com\/wp-content\/uploads\/2026\/03\/OpenSolar-Horizontal-Color.svg","caption":"OpenSolar"},"image":{"@id":"https:\/\/www.opensolar.com\/de\/#\/schema\/logo\/image\/"},"sameAs":["https:\/\/www.facebook.com\/OpenSolarGlobal\/","https:\/\/x.com\/opensolar","https:\/\/www.instagram.com\/open.solar\/","https:\/\/www.linkedin.com\/company\/14522819","https:\/\/www.youtube.com\/channel\/UCw3mdQ_ilIq9ZrPpCa_VOnA\/videos"],"description":"The world's leading solar design and proposal software. Free of charge so you're free to grow."}]}},"_links":{"self":[{"href":"https:\/\/www.opensolar.com\/de\/wp-json\/wp\/v2\/pages\/6798","targetHints":{"allow":["GET"]}}],"collection":[{"href":"https:\/\/www.opensolar.com\/de\/wp-json\/wp\/v2\/pages"}],"about":[{"href":"https:\/\/www.opensolar.com\/de\/wp-json\/wp\/v2\/types\/page"}],"author":[{"embeddable":true,"href":"https:\/\/www.opensolar.com\/de\/wp-json\/wp\/v2\/users\/3"}],"replies":[{"embeddable":true,"href":"https:\/\/www.opensolar.com\/de\/wp-json\/wp\/v2\/comments?post=6798"}],"version-history":[{"count":0,"href":"https:\/\/www.opensolar.com\/de\/wp-json\/wp\/v2\/pages\/6798\/revisions"}],"wp:attachment":[{"href":"https:\/\/www.opensolar.com\/de\/wp-json\/wp\/v2\/media?parent=6798"}],"curies":[{"name":"wp","href":"https:\/\/api.w.org\/{rel}","templated":true}]}}