{"id":6801,"date":"2023-08-03T02:08:10","date_gmt":"2023-08-03T02:08:10","guid":{"rendered":"https:\/\/www.opensolar.com\/genauigkeitsberichte\/"},"modified":"2026-01-20T20:22:56","modified_gmt":"2026-01-20T20:22:56","slug":"genauigkeitsberichte","status":"publish","type":"page","link":"https:\/\/www.opensolar.com\/de\/genauigkeitsberichte\/","title":{"rendered":"Genauigkeitsberichte"},"content":{"rendered":"<section id=\"hero-block_d937e8261a8dbb29207dc92533273031\" class=\"hero  light-mode background-bright-grey-200\" style=\"\">\n\t\t\t\t\t<div class=\"content-block-hero\">\n\t\t\t\t\t\t\t\t<div class=\"intro-text default\">\n\t\t\t\t\t\t\t\t\t\t\t<h1 class=\"motion-hero-headline blue-gradient light-mode\"><p>Von unabh\u00e4ngigen Dritten gepr\u00fcfte, marktf\u00fchrende Design-Genauigkeit<\/p>\n<\/h1>\t\t\t\t\t\t<div class=\"motion-hero-sub-headline sub-headline light-mode\"><p>Mit 20 Jahren Innovation und unabh\u00e4ngiger Expertenvalidierung bietet das remote Auslegungsprogramm von OpenSolar un\u00fcbertroffene Genauigkeit und Zuverl\u00e4ssigkeit.<\/p>\n<\/div>\t\t\t\t\t\t\t\t\t\t\t\t\t\t\t\t\t\t\t\t\t\t\t\t\t\t<\/div>\n\t\t\t\t\t\t\t\t\t<div class=\"hero-breadcrumb\">\n\t\t\t\t\t\t<div class=\"hero-breadcrumb-content\">\n\t\t\t\t\t\t\t<a href=\"https:\/\/www.opensolar.com\/our-story\/\" target=\"_self\">About<\/a><span>&gt;<\/span>\t\t\t\t\t\t\t\t\t\t\t\t\t\tGenauigkeitsberichte\t\t\t\t\t\t<\/div>\n\t\t\t\t\t<\/div>\n\t\t\t\t\t\t\t<\/div>\n\t\t<\/section><section id=\"side-by-side-block_ea5447f7b0792f28ca18ee65126dff9a\" class=\"side-by-side light-mode  background-none\" style=\"\">\n\t<div class=\"side-by-side-content light-mode\">\n\t\t\t\t\t\t\t\t\t\t\t\t\t\t<div class=\"content-block-regular\">\n\t\t\t\t\t\t<div class=\"artwork-block artwork-right\">\n\t\t\t\t\t\t\t\t\t\t\t\t\t\t\t<figure class=\"squared\" style=\"position: relative;\">\n\t\t\t\t\t\t\t\t\t<img decoding=\"async\" src=\"https:\/\/i0.wp.com\/www.opensolar.com\/wp-content\/uploads\/2025\/12\/NREL.jpg?fit=1201%2C1000&#038;quality=89&#038;ssl=1\" class=\"motion-artwork-base-side-by-side-block_ea5447f7b0792f28ca18ee65126dff9a\" alt=\"\" style=\"z-index: 0;\" \/>\n\t\t\t\t\t\t\t\t\t\t\t\t\t\t\t\t\t\t<img decoding=\"async\" src=\"\" class=\"motion-artwork-layer1-side-by-side-block_ea5447f7b0792f28ca18ee65126dff9a\" alt=\"\" style=\"z-index: 1; position: absolute; top: 0; left: 0;\" \/>\n\t\t\t\t\t\t\t\t<\/figure>\n\t\t\t\t\t\t\t\t\t\t\t\t\t\t\t\t\t\t\t\t\t\t\t\t\t\t\t\t<div class=\"text-space\">\n\t\t\t\t\t\t\t\t\t\t\t\t\t\t\t\t<h2 class=\"light-mode\"><p>Schattierung &#8211; Betrachten Sie es als ein virtuelles SunEye<\/p>\n<\/h2>\t\t\t\t\t\t\t\t<div class=\"sub-headline light-mode\"><p>Wir haben das National Laboratory of the Rockies (NRL) des U.S. Department of Energy (DOE) gebeten, die von OpenSolar gelieferten Beschattungssch\u00e4tzungen mit den vom NRL vor Ort durchgef\u00fchrten Messungen an insgesamt einundachtzig Punkten zu vergleichen, die vier D\u00e4cher von<br \/>\nin Denver, CO, und vier D\u00e4cher in der Stadt Los Angeles, CA, umfassen.<\/p>\n<p>Sie verglichen die von OpenSolar bereitgestellten Werte f\u00fcr die Sonnenverf\u00fcgbarkeit mit Messungen vor Ort, die sie mit einem SunEye durchf\u00fchrten. Hier ist, was sie gefunden haben: <\/p>\n<\/div>\t\t\t\t\t\t\t\t<div class=\"text light-mode\"><ul>\n<li>Insgesamt zeigen die Ergebnisse der Analyse, dass die von OpenSolar gelieferten j\u00e4hrlichen SAVs innerhalb von \u00b12,63 SAVs f\u00fcr die vier D\u00e4cher in Los Angeles und innerhalb von \u00b12,69 SAVs f\u00fcr die vier D\u00e4cher in Denver statistisch gleichwertig sind, verglichen mit den<br \/>\nVor-Ort-Messungen, die vom NRL mit den SunEye-Ger\u00e4ten durchgef\u00fchrt wurden.<\/li>\n<li>Dies hat uns zu dem Schluss gebracht, dass OpenSolar jetzt der Klassenprimus in Sachen Genauigkeit ist.<\/li>\n<\/ul>\n<\/div>\t\t\t\t\t\t\t\t\t\t\t\t\t\t\t\t\t\t\t\t\t\t\t\t\t<div class=\"actions\">\n\t\t\t\t\t\t\t\t\t\t\t\t\t\t\t\t\t\t\t\t\t<div class=\"button\">\n\t\t\t\t\t\t\t\t\t\t\t\t<a href=\"https:\/\/www.opensolar.com\/wp-content\/uploads\/2023\/08\/NREL-OpenSolar-Report-pdf.pdf\" target=\"_self\" class=\"button-sbs-textblue\">\n\t\t\t\t\t\t\t\t\t\t\t\t\t<span>Vollst\u00e4ndigen Bericht herunterladen<\/span>\n\t\t\t\t\t\t\t\t\t\t\t\t\t<svg xmlns=\"http:\/\/www.w3.org\/2000\/svg\" width=\"16\" height=\"16\" viewBox=\"0 0 16 16\" fill=\"none\">\n\t\t\t\t\t\t\t\t\t\t\t\t\t\t<path d=\"M6.66667 4.66675L10 8.00008L6.66667 11.3334\" stroke=\"#1751D0\" stroke-width=\"2\" stroke-linecap=\"round\" stroke-linejoin=\"round\"\/>\n\t\t\t\t\t\t\t\t\t\t\t\t\t<\/svg>\n\t\t\t\t\t\t\t\t\t\t\t\t<\/a>\n\t\t\t\t\t\t\t\t\t\t\t\t\t\t\t\t\t\t\t\t\t\t\t<\/div>\n\t\t\t\t\t\t\t\t\t\t\t\t\t\t\t\t\t\t\t\t\t\t\t\t\t\t\t\t\t<\/div>\n\t\t\t\t\t\t\t\t\t\t\t\t\t\t\t<\/div>\n\t\t\t\t\t\t<\/div>\n\t\t\t\t\t<\/div>\n\t\t\t\t\t\t\t\t\t\t\t\t\t\t\t\t\t\t\t\t\t\t<\/div>\n<\/section>\n<section id=\"side-by-side-block_de34e18116d6acab3744cca3fc726027\" class=\"side-by-side light-mode  background-bright-grey-200\" style=\"\">\n\t<div class=\"side-by-side-content light-mode\">\n\t\t\t\t\t\t\t\t\t\t\t\t\t\t<div class=\"content-block-regular\">\n\t\t\t\t\t\t<div class=\"artwork-block artwork-left\">\n\t\t\t\t\t\t\t\t\t\t\t\t\t\t\t<figure class=\"squared\" style=\"position: relative;\">\n\t\t\t\t\t\t\t\t\t<img decoding=\"async\" src=\"https:\/\/i0.wp.com\/www.opensolar.com\/wp-content\/uploads\/2025\/01\/accuracy-2.jpg?fit=1200%2C1001&#038;quality=89&#038;ssl=1\" class=\"motion-artwork-base-side-by-side-block_de34e18116d6acab3744cca3fc726027\" alt=\"\" style=\"z-index: 0;\" \/>\n\t\t\t\t\t\t\t\t\t\t\t\t\t\t\t\t\t\t<img decoding=\"async\" src=\"\" class=\"motion-artwork-layer1-side-by-side-block_de34e18116d6acab3744cca3fc726027\" alt=\"\" style=\"z-index: 1; position: absolute; top: 0; left: 0;\" \/>\n\t\t\t\t\t\t\t\t<\/figure>\n\t\t\t\t\t\t\t\t\t\t\t\t\t\t\t\t\t\t\t\t\t\t\t\t\t\t\t\t<div class=\"text-space\">\n\t\t\t\t\t\t\t\t\t\t\t\t\t\t\t\t<h2 class=\"light-mode\"><p>Standortbestimmung &#8211; wie auf dem Dach<\/p>\n<\/h2>\t\t\t\t\t\t\t\t<div class=\"sub-headline light-mode\"><p>Wir haben PVEL, das f\u00fchrende unabh\u00e4ngige Labor f\u00fcr die weltweite nachgelagerte Solarindustrie, beauftragt, die Genauigkeit unserer systemgenerierten Standortmodelle zu bewerten, indem es sowohl vor Ort als auch in OpenSolar Messungen auf einer Vielzahl von D\u00e4chern unterschiedlicher Form und Gr\u00f6\u00dfe vorgenommen hat. Sie stellten fest, dass die Genauigkeit unserer Modelle die beste ihrer Klasse ist: <\/p>\n<\/div>\t\t\t\t\t\t\t\t<div class=\"text light-mode\"><ul>\n<li>OpenSolars Einsch\u00e4tzung des Ma\u00dfstabs war in 100% der F\u00e4lle auf 1 \u2153 Fu\u00df genau (kein anderes Tool bietet eine so enge Toleranz)<\/li>\n<li>Die von OpenSolar ermittelte Neigung war in \u00fcber 97% der F\u00e4lle bis auf 4 Grad genau (kein anderes Tool bietet eine so enge Toleranz ODER eine so hohe \u00dcbereinstimmung)<\/li>\n<\/ul>\n<\/div>\t\t\t\t\t\t\t\t\t\t\t\t\t\t\t\t\t\t\t\t\t\t\t\t\t<div class=\"actions\">\n\t\t\t\t\t\t\t\t\t\t\t\t\t\t\t\t\t\t\t\t\t<div class=\"button\">\n\t\t\t\t\t\t\t\t\t\t\t\t<a href=\"https:\/\/www.opensolar.com\/wp-content\/uploads\/2023\/08\/OpenSolar-PVEL-Measurement-Accuracy.pdf\" target=\"_self\" class=\"button-sbs-textblue\">\n\t\t\t\t\t\t\t\t\t\t\t\t\t<span>Vollst\u00e4ndigen Bericht herunterladen<\/span>\n\t\t\t\t\t\t\t\t\t\t\t\t\t<svg xmlns=\"http:\/\/www.w3.org\/2000\/svg\" width=\"16\" height=\"16\" viewBox=\"0 0 16 16\" fill=\"none\">\n\t\t\t\t\t\t\t\t\t\t\t\t\t\t<path d=\"M6.66667 4.66675L10 8.00008L6.66667 11.3334\" stroke=\"#1751D0\" stroke-width=\"2\" stroke-linecap=\"round\" stroke-linejoin=\"round\"\/>\n\t\t\t\t\t\t\t\t\t\t\t\t\t<\/svg>\n\t\t\t\t\t\t\t\t\t\t\t\t<\/a>\n\t\t\t\t\t\t\t\t\t\t\t\t\t\t\t\t\t\t\t\t\t\t\t<\/div>\n\t\t\t\t\t\t\t\t\t\t\t\t\t\t\t\t\t\t\t\t\t\t\t\t\t\t\t\t\t<\/div>\n\t\t\t\t\t\t\t\t\t\t\t\t\t\t\t<\/div>\n\t\t\t\t\t\t<\/div>\n\t\t\t\t\t<\/div>\n\t\t\t\t\t\t\t\t\t\t\t\t\t\t\t\t\t\t\t\t\t\t<\/div>\n<\/section>\n<section id=\"side-by-side-block_5f851200c811230b3fbe138d0862177e\" class=\"side-by-side light-mode  background-none\" style=\"\">\n\t<div class=\"side-by-side-content light-mode\">\n\t\t\t\t\t\t\t\t\t\t\t\t\t\t<div class=\"content-block-regular\">\n\t\t\t\t\t\t<div class=\"artwork-block artwork-right\">\n\t\t\t\t\t\t\t\t\t\t\t\t\t\t\t<figure class=\"squared\" style=\"position: relative;\">\n\t\t\t\t\t\t\t\t\t<img decoding=\"async\" src=\"https:\/\/i0.wp.com\/www.opensolar.com\/wp-content\/uploads\/2025\/01\/accuracy-3.jpg?fit=1200%2C1000&#038;quality=89&#038;ssl=1\" class=\"motion-artwork-base-side-by-side-block_5f851200c811230b3fbe138d0862177e\" alt=\"\" style=\"z-index: 0;\" \/>\n\t\t\t\t\t\t\t\t\t\t\t\t\t\t\t\t\t\t<img decoding=\"async\" src=\"\" class=\"motion-artwork-layer1-side-by-side-block_5f851200c811230b3fbe138d0862177e\" alt=\"\" style=\"z-index: 1; position: absolute; top: 0; left: 0;\" \/>\n\t\t\t\t\t\t\t\t<\/figure>\n\t\t\t\t\t\t\t\t\t\t\t\t\t\t\t\t\t\t\t\t\t\t\t\t\t\t\t\t<div class=\"text-space\">\n\t\t\t\t\t\t\t\t\t\t\t\t\t\t\t\t<h2 class=\"light-mode\"><p>Energiemodellierung &#8211; Machen Sie die Grundlagen richtig<\/p>\n<\/h2>\t\t\t\t\t\t\t\t<div class=\"sub-headline light-mode\"><p>Das Herzst\u00fcck eines jeden Solardesign-Tools ist die Energiemodellierung &#8211; wie wandeln Sie Eingaben wie Neigungswinkel und Verschattung in das wichtigste Ergebnis um: die Produktion. Die Energiemodellierung von OpenSolar basiert auf dem <a href=\"https:\/\/sam.nrel.gov\/\" target=\"_blank\" rel=\"noopener\">fortschrittlichsten System Advisor Model (SAM) von NRL<\/a>. Wir haben uns mit PVEL zusammengetan, um die Integrit\u00e4t unserer SAM-Implementierung im Vergleich zu branchen\u00fcblichen Energiemodellierungstools wie PVsyst oder eigenst\u00e4ndigen Implementierungen des SAM von NRL zu \u00fcberpr\u00fcfen. PVEL fand:   <\/p>\n<\/div>\t\t\t\t\t\t\t\t<div class=\"text light-mode\"><ul>\n<li>Die Energiemodellierung von OpenSolar entspricht den \u00fcblichen technischen Verfahren<\/li>\n<li>Die Produktionszahlen von OpenSolar liegen innerhalb von 0,0-0%-0.2% der eigenst\u00e4ndigen SAM-Sch\u00e4tzungen<\/li>\n<li>Die Produktionszahlen von OpenSolar liegen innerhalb von 0,1-1%-1.9% der PVsyst-Sch\u00e4tzungen<\/li>\n<\/ul>\n<\/div>\t\t\t\t\t\t\t\t\t\t\t\t\t\t\t\t\t\t\t\t\t\t\t\t\t<div class=\"actions\">\n\t\t\t\t\t\t\t\t\t\t\t\t\t\t\t\t\t\t\t\t\t<div class=\"button\">\n\t\t\t\t\t\t\t\t\t\t\t\t<a href=\"https:\/\/www.opensolar.com\/wp-content\/uploads\/2023\/08\/OpenSolar-PVEL-Bankability.pdf\" target=\"_self\" class=\"button-sbs-textblue\">\n\t\t\t\t\t\t\t\t\t\t\t\t\t<span>Vollst\u00e4ndigen Bericht herunterladen<\/span>\n\t\t\t\t\t\t\t\t\t\t\t\t\t<svg xmlns=\"http:\/\/www.w3.org\/2000\/svg\" width=\"16\" height=\"16\" viewBox=\"0 0 16 16\" fill=\"none\">\n\t\t\t\t\t\t\t\t\t\t\t\t\t\t<path d=\"M6.66667 4.66675L10 8.00008L6.66667 11.3334\" stroke=\"#1751D0\" stroke-width=\"2\" stroke-linecap=\"round\" stroke-linejoin=\"round\"\/>\n\t\t\t\t\t\t\t\t\t\t\t\t\t<\/svg>\n\t\t\t\t\t\t\t\t\t\t\t\t<\/a>\n\t\t\t\t\t\t\t\t\t\t\t\t\t\t\t\t\t\t\t\t\t\t\t<\/div>\n\t\t\t\t\t\t\t\t\t\t\t\t\t\t\t\t\t\t\t\t\t\t\t\t\t\t\t\t\t<\/div>\n\t\t\t\t\t\t\t\t\t\t\t\t\t\t\t<\/div>\n\t\t\t\t\t\t<\/div>\n\t\t\t\t\t<\/div>\n\t\t\t\t\t\t\t\t\t\t\t\t\t\t\t\t\t\t\t\t\t\t<\/div>\n<\/section>\n","protected":false},"excerpt":{"rendered":"","protected":false},"author":3,"featured_media":0,"parent":0,"menu_order":0,"comment_status":"closed","ping_status":"closed","template":"","meta":{"_acf_changed":false,"footnotes":""},"class_list":["post-6801","page","type-page","status-publish","hentry"],"acf":[],"yoast_head":"<!-- This site is optimized with the Yoast SEO Premium plugin v26.6 (Yoast SEO v26.6) - https:\/\/yoast.com\/wordpress\/plugins\/seo\/ -->\n<title>OpenSolar Genauigkeitsberichte: Gepr\u00fcfte Pr\u00e4zision bei der Solarauslegung<\/title>\n<meta name=\"description\" content=\"Entdecken Sie die Pr\u00e4zision von OpenSolar bei der Solarplanung. Erfahren Sie mehr \u00fcber unsere verifizierten Verschattungssch\u00e4tzungen, Standortbewertungen und Energiemodellierung durch Experten.\" \/>\n<meta name=\"robots\" content=\"index, follow, max-snippet:-1, max-image-preview:large, max-video-preview:-1\" \/>\n<link rel=\"canonical\" href=\"https:\/\/www.opensolar.com\/de\/genauigkeitsberichte\/\" \/>\n<meta property=\"og:locale\" content=\"de_DE\" \/>\n<meta property=\"og:type\" content=\"article\" \/>\n<meta property=\"og:title\" content=\"Genauigkeitsberichte\" \/>\n<meta property=\"og:description\" content=\"Entdecken Sie die Pr\u00e4zision von OpenSolar bei der Solarplanung. Erfahren Sie mehr \u00fcber unsere verifizierten Verschattungssch\u00e4tzungen, Standortbewertungen und Energiemodellierung durch Experten.\" \/>\n<meta property=\"og:url\" content=\"https:\/\/www.opensolar.com\/de\/genauigkeitsberichte\/\" \/>\n<meta property=\"og:site_name\" content=\"OpenSolar\" \/>\n<meta property=\"article:publisher\" content=\"https:\/\/www.facebook.com\/OpenSolarGlobal\/\" \/>\n<meta property=\"article:modified_time\" content=\"2026-01-20T20:22:56+00:00\" \/>\n<meta property=\"og:image\" content=\"https:\/\/i0.wp.com\/www.opensolar.com\/wp-content\/uploads\/2024\/07\/OpenSolar-logo-for-WP.png?fit=1200%2C675&quality=80&ssl=1\" \/>\n\t<meta property=\"og:image:width\" content=\"1200\" \/>\n\t<meta property=\"og:image:height\" content=\"675\" \/>\n\t<meta property=\"og:image:type\" content=\"image\/png\" \/>\n<meta name=\"twitter:card\" content=\"summary_large_image\" \/>\n<meta name=\"twitter:site\" content=\"@opensolar\" \/>\n<script type=\"application\/ld+json\" class=\"yoast-schema-graph\">{\"@context\":\"https:\/\/schema.org\",\"@graph\":[{\"@type\":\"WebPage\",\"@id\":\"https:\/\/www.opensolar.com\/de\/genauigkeitsberichte\/\",\"url\":\"https:\/\/www.opensolar.com\/de\/genauigkeitsberichte\/\",\"name\":\"OpenSolar Genauigkeitsberichte: Gepr\u00fcfte Pr\u00e4zision bei der Solarauslegung\",\"isPartOf\":{\"@id\":\"https:\/\/www.opensolar.com\/de\/#website\"},\"datePublished\":\"2023-08-03T02:08:10+00:00\",\"dateModified\":\"2026-01-20T20:22:56+00:00\",\"description\":\"Entdecken Sie die Pr\u00e4zision von OpenSolar bei der Solarplanung. Erfahren Sie mehr \u00fcber unsere verifizierten Verschattungssch\u00e4tzungen, Standortbewertungen und Energiemodellierung durch Experten.\",\"breadcrumb\":{\"@id\":\"https:\/\/www.opensolar.com\/de\/genauigkeitsberichte\/#breadcrumb\"},\"inLanguage\":\"de-DE\",\"potentialAction\":[{\"@type\":\"ReadAction\",\"target\":[\"https:\/\/www.opensolar.com\/de\/genauigkeitsberichte\/\"]}]},{\"@type\":\"BreadcrumbList\",\"@id\":\"https:\/\/www.opensolar.com\/de\/genauigkeitsberichte\/#breadcrumb\",\"itemListElement\":[{\"@type\":\"ListItem\",\"position\":1,\"name\":\"Home\",\"item\":\"https:\/\/www.opensolar.com\/de\/\"},{\"@type\":\"ListItem\",\"position\":2,\"name\":\"Genauigkeitsberichte\"}]},{\"@type\":\"WebSite\",\"@id\":\"https:\/\/www.opensolar.com\/de\/#website\",\"url\":\"https:\/\/www.opensolar.com\/de\/\",\"name\":\"OpenSolar\",\"description\":\"Solar Design And Proposal Software\",\"publisher\":{\"@id\":\"https:\/\/www.opensolar.com\/de\/#organization\"},\"potentialAction\":[{\"@type\":\"SearchAction\",\"target\":{\"@type\":\"EntryPoint\",\"urlTemplate\":\"https:\/\/www.opensolar.com\/de\/?s={search_term_string}\"},\"query-input\":{\"@type\":\"PropertyValueSpecification\",\"valueRequired\":true,\"valueName\":\"search_term_string\"}}],\"inLanguage\":\"de-DE\"},{\"@type\":\"Organization\",\"@id\":\"https:\/\/www.opensolar.com\/de\/#organization\",\"name\":\"OpenSolar\",\"url\":\"https:\/\/www.opensolar.com\/de\/\",\"logo\":{\"@type\":\"ImageObject\",\"inLanguage\":\"de-DE\",\"@id\":\"https:\/\/www.opensolar.com\/de\/#\/schema\/logo\/image\/\",\"url\":\"https:\/\/www.opensolar.com\/wp-content\/uploads\/2026\/04\/OpenSolar-Horizontal-Color.svg\",\"contentUrl\":\"https:\/\/www.opensolar.com\/wp-content\/uploads\/2026\/04\/OpenSolar-Horizontal-Color.svg\",\"caption\":\"OpenSolar\"},\"image\":{\"@id\":\"https:\/\/www.opensolar.com\/de\/#\/schema\/logo\/image\/\"},\"sameAs\":[\"https:\/\/www.facebook.com\/OpenSolarGlobal\/\",\"https:\/\/x.com\/opensolar\",\"https:\/\/www.instagram.com\/open.solar\/\",\"https:\/\/www.linkedin.com\/company\/14522819\",\"https:\/\/www.youtube.com\/channel\/UCw3mdQ_ilIq9ZrPpCa_VOnA\/videos\"],\"description\":\"The world's leading solar design and proposal software. Free of charge so you're free to grow.\"}]}<\/script>\n<!-- \/ Yoast SEO Premium plugin. -->","yoast_head_json":{"title":"OpenSolar Genauigkeitsberichte: Gepr\u00fcfte Pr\u00e4zision bei der Solarauslegung","description":"Entdecken Sie die Pr\u00e4zision von OpenSolar bei der Solarplanung. Erfahren Sie mehr \u00fcber unsere verifizierten Verschattungssch\u00e4tzungen, Standortbewertungen und Energiemodellierung durch Experten.","robots":{"index":"index","follow":"follow","max-snippet":"max-snippet:-1","max-image-preview":"max-image-preview:large","max-video-preview":"max-video-preview:-1"},"canonical":"https:\/\/www.opensolar.com\/de\/genauigkeitsberichte\/","og_locale":"de_DE","og_type":"article","og_title":"Genauigkeitsberichte","og_description":"Entdecken Sie die Pr\u00e4zision von OpenSolar bei der Solarplanung. Erfahren Sie mehr \u00fcber unsere verifizierten Verschattungssch\u00e4tzungen, Standortbewertungen und Energiemodellierung durch Experten.","og_url":"https:\/\/www.opensolar.com\/de\/genauigkeitsberichte\/","og_site_name":"OpenSolar","article_publisher":"https:\/\/www.facebook.com\/OpenSolarGlobal\/","article_modified_time":"2026-01-20T20:22:56+00:00","og_image":[{"width":1200,"height":675,"url":"https:\/\/i0.wp.com\/www.opensolar.com\/wp-content\/uploads\/2024\/07\/OpenSolar-logo-for-WP.png?fit=1200%2C675&quality=80&ssl=1","type":"image\/png"}],"twitter_card":"summary_large_image","twitter_site":"@opensolar","schema":{"@context":"https:\/\/schema.org","@graph":[{"@type":"WebPage","@id":"https:\/\/www.opensolar.com\/de\/genauigkeitsberichte\/","url":"https:\/\/www.opensolar.com\/de\/genauigkeitsberichte\/","name":"OpenSolar Genauigkeitsberichte: Gepr\u00fcfte Pr\u00e4zision bei der Solarauslegung","isPartOf":{"@id":"https:\/\/www.opensolar.com\/de\/#website"},"datePublished":"2023-08-03T02:08:10+00:00","dateModified":"2026-01-20T20:22:56+00:00","description":"Entdecken Sie die Pr\u00e4zision von OpenSolar bei der Solarplanung. Erfahren Sie mehr \u00fcber unsere verifizierten Verschattungssch\u00e4tzungen, Standortbewertungen und Energiemodellierung durch Experten.","breadcrumb":{"@id":"https:\/\/www.opensolar.com\/de\/genauigkeitsberichte\/#breadcrumb"},"inLanguage":"de-DE","potentialAction":[{"@type":"ReadAction","target":["https:\/\/www.opensolar.com\/de\/genauigkeitsberichte\/"]}]},{"@type":"BreadcrumbList","@id":"https:\/\/www.opensolar.com\/de\/genauigkeitsberichte\/#breadcrumb","itemListElement":[{"@type":"ListItem","position":1,"name":"Home","item":"https:\/\/www.opensolar.com\/de\/"},{"@type":"ListItem","position":2,"name":"Genauigkeitsberichte"}]},{"@type":"WebSite","@id":"https:\/\/www.opensolar.com\/de\/#website","url":"https:\/\/www.opensolar.com\/de\/","name":"OpenSolar","description":"Solar Design And Proposal Software","publisher":{"@id":"https:\/\/www.opensolar.com\/de\/#organization"},"potentialAction":[{"@type":"SearchAction","target":{"@type":"EntryPoint","urlTemplate":"https:\/\/www.opensolar.com\/de\/?s={search_term_string}"},"query-input":{"@type":"PropertyValueSpecification","valueRequired":true,"valueName":"search_term_string"}}],"inLanguage":"de-DE"},{"@type":"Organization","@id":"https:\/\/www.opensolar.com\/de\/#organization","name":"OpenSolar","url":"https:\/\/www.opensolar.com\/de\/","logo":{"@type":"ImageObject","inLanguage":"de-DE","@id":"https:\/\/www.opensolar.com\/de\/#\/schema\/logo\/image\/","url":"https:\/\/www.opensolar.com\/wp-content\/uploads\/2026\/04\/OpenSolar-Horizontal-Color.svg","contentUrl":"https:\/\/www.opensolar.com\/wp-content\/uploads\/2026\/04\/OpenSolar-Horizontal-Color.svg","caption":"OpenSolar"},"image":{"@id":"https:\/\/www.opensolar.com\/de\/#\/schema\/logo\/image\/"},"sameAs":["https:\/\/www.facebook.com\/OpenSolarGlobal\/","https:\/\/x.com\/opensolar","https:\/\/www.instagram.com\/open.solar\/","https:\/\/www.linkedin.com\/company\/14522819","https:\/\/www.youtube.com\/channel\/UCw3mdQ_ilIq9ZrPpCa_VOnA\/videos"],"description":"The world's leading solar design and proposal software. Free of charge so you're free to grow."}]}},"_links":{"self":[{"href":"https:\/\/www.opensolar.com\/de\/wp-json\/wp\/v2\/pages\/6801","targetHints":{"allow":["GET"]}}],"collection":[{"href":"https:\/\/www.opensolar.com\/de\/wp-json\/wp\/v2\/pages"}],"about":[{"href":"https:\/\/www.opensolar.com\/de\/wp-json\/wp\/v2\/types\/page"}],"author":[{"embeddable":true,"href":"https:\/\/www.opensolar.com\/de\/wp-json\/wp\/v2\/users\/3"}],"replies":[{"embeddable":true,"href":"https:\/\/www.opensolar.com\/de\/wp-json\/wp\/v2\/comments?post=6801"}],"version-history":[{"count":0,"href":"https:\/\/www.opensolar.com\/de\/wp-json\/wp\/v2\/pages\/6801\/revisions"}],"wp:attachment":[{"href":"https:\/\/www.opensolar.com\/de\/wp-json\/wp\/v2\/media?parent=6801"}],"curies":[{"name":"wp","href":"https:\/\/api.w.org\/{rel}","templated":true}]}}