{"id":9582,"date":"2023-07-28T07:57:14","date_gmt":"2023-07-28T07:57:14","guid":{"rendered":"https:\/\/www.opensolar.com\/opensolar-abonnieren\/"},"modified":"2025-09-18T13:18:53","modified_gmt":"2025-09-18T13:18:53","slug":"opensolar-abonnieren","status":"publish","type":"page","link":"https:\/\/www.opensolar.com\/de\/opensolar-abonnieren\/","title":{"rendered":"OpenSolar abonnieren"},"content":{"rendered":"<section id=\"side-by-side-block_74b896eae042adaf09866eea0f9644dd\" class=\"side-by-side light-mode  background-bright-grey-200\" style=\"\">\n\t<div class=\"side-by-side-content light-mode\">\n\t\t\t\t\t\t\t\t\t\t\t\t\t\t\t\t\t\t\t\t\t\t<div class=\"content-block-regular\">\n\t\t\t\t\t\t<div class=\"artwork-block just-text\">\n\t\t\t\t\t\t\t<div class=\"text-space\">\n\t\t\t\t\t\t\t\t\t\t\t\t\t\t\t\t<h2 class=\"light-mode\"><p>OpenSolar abonnieren<\/p>\n<\/h2>\t\t\t\t\t\t\t\t<div class=\"sub-headline light-mode\"><p>Tragen Sie sich in unsere Mailingliste ein, um \u00fcber das Neueste von OpenSolar auf dem Laufenden zu bleiben, einschlie\u00dflich:<\/p>\n<\/div>\t\t\t\t\t\t\t\t<div class=\"text light-mode\"><ul>\n<li>Neue Funktionen<\/li>\n<li>Produkteinf\u00fchrungen<\/li>\n<li>Fr\u00fchzeitige Zugangsm\u00f6glichkeiten<\/li>\n<li>Monatliche Newsletters<\/li>\n<li>Einblicke in die Industrie<\/li>\n<li>Partner News<\/li>\n<li>Veranstaltungseinladungen und mehr!<\/li>\n<\/ul>\n<\/div>\t\t\t\t\t\t\t\t\t\t\t\t\t\t\t<\/div>\n\t\t\t\t\t\t\t\t\t\t\t\t\t\t\t<div class=\"code-space\" style=\"\">\n\t\t\t\t\t\t\t\t\t<script charset=\"utf-8\" type=\"text\/javascript\" src=\"\/\/js.hsforms.net\/forms\/embed\/v2.js\"><\/script>\n\t\t\t\t\t\t\t\t\t<script>\n\t\t\t\t\t\t\t\t\t  hbspt.forms.create({\n\t\t\t\t\t\t\t\t\t\tregion: \"na1\",\n\t\t\t\t\t\t\t\t\t\tportalId: \"21246721\",\n\t\t\t\t\t\t\t\t\t\tformId: \"f309133e-2ca4-4e93-9421-6a320ea3f850\"\n\t\t\t\t\t\t\t\t\t  });\n\t\t\t\t\t\t\t\t\t<\/script>\n\t\t\t\t\t\t\t\t<\/div>\n\t\t\t\t\t\t\t\t\t\t\t\t\t<\/div>\n\t\t\t\t\t<\/div>\n\t\t\t\t\t\t\t\t\t\t\t\t\t\t<\/div>\n<\/section>\n<section id=\"recent-blogs-block_298e436b3b0caa9e45a5ef477059103f\" class=\"recent-blogs background-white\" style=\"\">\n\t<div class=\"blog-recent\">\n\t\t<div class=\"headline-style-h2\"><p>K\u00fcrzlich ver\u00f6ffentlicht<\/p>\n<\/div>\n\t\t<div class=\"blog-recent-grid\">\n\t\t\t\t\t\t\t<a href=\"https:\/\/www.opensolar.com\/de\/post\/die-5-wichtigsten-tools-die-sie-benoetigen-um-ihr-solargeschaeft-im-jahr-2026-zu-vergroessern\/\" class=\"blog-mini-post\">\n\t\t\t\t\t\t\t\t\t\t<div class=\"blog-summary\">\n\t\t\t\t\t\t<!-- <div class=\"blog-category\"><span><\/span><\/div> -->\n\t\t\t\t\t\t<div class=\"title\">Die 5 wichtigsten Tools, die Sie ben\u00f6tigen, um Ihr Solargesch\u00e4ft im Jahr 2026 zu vergr\u00f6\u00dfern<\/div>\n\t\t\t\t\t\t<div class=\"blog-excerpt\"><p>Die Skalierung eines Solarunternehmens im Jahr 2026 bedeutet Geschwindigkeit, Genauigkeit und ein nahtloses Kundenerlebnis. Hier sind f\u00fcnf unverzichtbare Tools, die Ihnen helfen, Ihre Arbeitsabl\u00e4ufe zu optimieren und mit Zuversicht zu wachsen. <\/p>\n<\/div>\n\t\t\t\t\t\t<div class=\"blog-meta\">\n\t\t\t\t\t\t\t<div class=\"time\">Posted 26 M\u00e4rz 2026<\/div>\n\t\t\t\t\t\t<\/div>\n\t\t\t\t\t\t<button>\n\t\t\t\t\t\t\t<span>mehr lesen<\/span>\n\t\t\t\t\t\t\t<svg width=\"16\" height=\"16\" viewBox=\"0 0 16 16\" fill=\"none\" xmlns=\"http:\/\/www.w3.org\/2000\/svg\">\n\t\t\t\t\t\t\t\t<path d=\"M8.83333 3.625L13 8M13 8L8.83333 12.375M13 8L3 8\" stroke=\"#4272DD\" stroke-width=\"2\" stroke-linecap=\"round\" stroke-linejoin=\"round\"\/>\n\t\t\t\t\t\t\t<\/svg>\n\t\t\t\t\t\t<\/button>\n\t\t\t\t\t<\/div>\n\t\t\t\t<\/a>\n\t\t\t\t\t\t\t<a href=\"https:\/\/www.opensolar.com\/de\/post\/internationaler-frauentag-2026-fuer-eine-integrativere-solarindustrie\/\" class=\"blog-mini-post\">\n\t\t\t\t\t<div class=\"artwork\"><img loading=\"lazy\" decoding=\"async\" width=\"284\" height=\"160\" src=\"https:\/\/i0.wp.com\/www.opensolar.com\/wp-content\/uploads\/2026\/03\/IWD-2026.jpg?fit=284%2C160&amp;quality=89&amp;ssl=1\" class=\"attachment-288x160 size-288x160 wp-post-image\" alt=\"\" srcset=\"https:\/\/i0.wp.com\/www.opensolar.com\/wp-content\/uploads\/2026\/03\/IWD-2026.jpg?w=1920&amp;quality=89&amp;ssl=1 1920w, https:\/\/i0.wp.com\/www.opensolar.com\/wp-content\/uploads\/2026\/03\/IWD-2026.jpg?resize=768%2C432&amp;quality=89&amp;ssl=1 768w, https:\/\/i0.wp.com\/www.opensolar.com\/wp-content\/uploads\/2026\/03\/IWD-2026.jpg?resize=1536%2C864&amp;quality=89&amp;ssl=1 1536w, https:\/\/i0.wp.com\/www.opensolar.com\/wp-content\/uploads\/2026\/03\/IWD-2026.jpg?w=1280&amp;quality=89&amp;ssl=1 1280w\" sizes=\"auto, (max-width: 284px) 100vw, 284px\" \/><\/div>\t\t\t\t\t<div class=\"blog-summary\">\n\t\t\t\t\t\t<!-- <div class=\"blog-category\"><span><\/span><\/div> -->\n\t\t\t\t\t\t<div class=\"title\">Internationaler Frauentag 2026: F\u00fcr eine integrativere Solarindustrie<\/div>\n\t\t\t\t\t\t<div class=\"blog-excerpt\"><p>Anl\u00e4sslich des Internationalen Frauentags reflektieren Frauen bei OpenSolar \u00fcber ihren Weg im Bereich der erneuerbaren Energien und dar\u00fcber, wie Authentizit\u00e4t, Mentorenschaft und Chancen dazu beitragen, eine integrativere Solarindustrie zu schaffen.<\/p>\n<\/div>\n\t\t\t\t\t\t<div class=\"blog-meta\">\n\t\t\t\t\t\t\t<div class=\"time\">Posted 5 M\u00e4rz 2026<\/div>\n\t\t\t\t\t\t<\/div>\n\t\t\t\t\t\t<button>\n\t\t\t\t\t\t\t<span>mehr lesen<\/span>\n\t\t\t\t\t\t\t<svg width=\"16\" height=\"16\" viewBox=\"0 0 16 16\" fill=\"none\" xmlns=\"http:\/\/www.w3.org\/2000\/svg\">\n\t\t\t\t\t\t\t\t<path d=\"M8.83333 3.625L13 8M13 8L8.83333 12.375M13 8L3 8\" stroke=\"#4272DD\" stroke-width=\"2\" stroke-linecap=\"round\" stroke-linejoin=\"round\"\/>\n\t\t\t\t\t\t\t<\/svg>\n\t\t\t\t\t\t<\/button>\n\t\t\t\t\t<\/div>\n\t\t\t\t<\/a>\n\t\t\t\t\t\t\t<a href=\"https:\/\/www.opensolar.com\/de\/post\/opensolar-bleibt-kostenlos-sie-zahlen-nur-fuer-den-api-zugang-und-die-app-verbindungen\/\" class=\"blog-mini-post\">\n\t\t\t\t\t<div class=\"artwork\"><img loading=\"lazy\" decoding=\"async\" width=\"288\" height=\"157\" src=\"https:\/\/i0.wp.com\/www.opensolar.com\/wp-content\/uploads\/2026\/02\/api-design-workspace.jpg?fit=288%2C157&amp;quality=89&amp;ssl=1\" class=\"attachment-288x160 size-288x160 wp-post-image\" alt=\"Top-down view of a warmly lit engineer&#039;s desk, featuring a hand using a stylus on a tablet to edit a glowing 3D network architecture blueprint.\" srcset=\"https:\/\/i0.wp.com\/www.opensolar.com\/wp-content\/uploads\/2026\/02\/api-design-workspace.jpg?w=1408&amp;quality=89&amp;ssl=1 1408w, https:\/\/i0.wp.com\/www.opensolar.com\/wp-content\/uploads\/2026\/02\/api-design-workspace.jpg?resize=768%2C419&amp;quality=89&amp;ssl=1 768w, https:\/\/i0.wp.com\/www.opensolar.com\/wp-content\/uploads\/2026\/02\/api-design-workspace.jpg?w=1280&amp;quality=89&amp;ssl=1 1280w\" sizes=\"auto, (max-width: 288px) 100vw, 288px\" \/><\/div>\t\t\t\t\t<div class=\"blog-summary\">\n\t\t\t\t\t\t<!-- <div class=\"blog-category\"><span><\/span><\/div> -->\n\t\t\t\t\t\t<div class=\"title\">OpenSolar bleibt kostenlos. Sie zahlen nur f\u00fcr den API-Zugang und die App-Verbindungen.<\/div>\n\t\t\t\t\t\t<div class=\"blog-excerpt\"><p>Ab dem 16. April 2026 bleibt die zentrale OpenSolar-App kostenlos, und Geb\u00fchren fallen nur f\u00fcr die \u00dcbertragung von Daten in und aus der Plattform \u00fcber den API-Zugang sowie \u00fcber unterst\u00fctzte Schnittstellenintegrationen (Connectoren) zu Drittanbieter-Tools an. OS 3.0 ist die neueste Version von OpenSolar und wurde entwickelt, um einen durchg\u00e4ngigen End-to-End-Solar-Workflow an einem Ort zu erm\u00f6glichen.  <\/p>\n<\/div>\n\t\t\t\t\t\t<div class=\"blog-meta\">\n\t\t\t\t\t\t\t<div class=\"time\">Posted 16 Februar 2026<\/div>\n\t\t\t\t\t\t<\/div>\n\t\t\t\t\t\t<button>\n\t\t\t\t\t\t\t<span>mehr lesen<\/span>\n\t\t\t\t\t\t\t<svg width=\"16\" height=\"16\" viewBox=\"0 0 16 16\" fill=\"none\" xmlns=\"http:\/\/www.w3.org\/2000\/svg\">\n\t\t\t\t\t\t\t\t<path d=\"M8.83333 3.625L13 8M13 8L8.83333 12.375M13 8L3 8\" stroke=\"#4272DD\" stroke-width=\"2\" stroke-linecap=\"round\" stroke-linejoin=\"round\"\/>\n\t\t\t\t\t\t\t<\/svg>\n\t\t\t\t\t\t<\/button>\n\t\t\t\t\t<\/div>\n\t\t\t\t<\/a>\n\t\t\t\t\t<\/div>\n\t<\/div>\n<\/section>","protected":false},"excerpt":{"rendered":"","protected":false},"author":3,"featured_media":0,"parent":0,"menu_order":0,"comment_status":"closed","ping_status":"closed","template":"","meta":{"_acf_changed":false,"footnotes":""},"class_list":["post-9582","page","type-page","status-publish","hentry"],"acf":[],"yoast_head":"<!-- This site is optimized with the Yoast SEO Premium plugin v26.6 (Yoast SEO v26.6) - https:\/\/yoast.com\/wordpress\/plugins\/seo\/ -->\n<title>OpenSolar abonnieren | OpenSolar<\/title>\n<meta name=\"robots\" content=\"index, follow, max-snippet:-1, max-image-preview:large, max-video-preview:-1\" \/>\n<link rel=\"canonical\" href=\"https:\/\/www.opensolar.com\/de\/opensolar-abonnieren\/\" \/>\n<meta property=\"og:locale\" content=\"de_DE\" \/>\n<meta property=\"og:type\" content=\"article\" \/>\n<meta property=\"og:title\" content=\"OpenSolar abonnieren\" \/>\n<meta property=\"og:url\" content=\"https:\/\/www.opensolar.com\/de\/opensolar-abonnieren\/\" \/>\n<meta property=\"og:site_name\" content=\"OpenSolar\" \/>\n<meta property=\"article:publisher\" content=\"https:\/\/www.facebook.com\/OpenSolarGlobal\/\" \/>\n<meta property=\"article:modified_time\" content=\"2025-09-18T13:18:53+00:00\" \/>\n<meta property=\"og:image\" content=\"https:\/\/i0.wp.com\/www.opensolar.com\/wp-content\/uploads\/2024\/07\/OpenSolar-logo-for-WP.png?fit=1200%2C675&quality=80&ssl=1\" \/>\n\t<meta property=\"og:image:width\" content=\"1200\" \/>\n\t<meta property=\"og:image:height\" content=\"675\" \/>\n\t<meta property=\"og:image:type\" content=\"image\/png\" \/>\n<meta name=\"twitter:card\" content=\"summary_large_image\" \/>\n<meta name=\"twitter:site\" content=\"@opensolar\" \/>\n<script type=\"application\/ld+json\" class=\"yoast-schema-graph\">{\"@context\":\"https:\/\/schema.org\",\"@graph\":[{\"@type\":\"WebPage\",\"@id\":\"https:\/\/www.opensolar.com\/de\/opensolar-abonnieren\/\",\"url\":\"https:\/\/www.opensolar.com\/de\/opensolar-abonnieren\/\",\"name\":\"OpenSolar abonnieren | OpenSolar\",\"isPartOf\":{\"@id\":\"https:\/\/www.opensolar.com\/de\/#website\"},\"datePublished\":\"2023-07-28T07:57:14+00:00\",\"dateModified\":\"2025-09-18T13:18:53+00:00\",\"breadcrumb\":{\"@id\":\"https:\/\/www.opensolar.com\/de\/opensolar-abonnieren\/#breadcrumb\"},\"inLanguage\":\"de-DE\",\"potentialAction\":[{\"@type\":\"ReadAction\",\"target\":[\"https:\/\/www.opensolar.com\/de\/opensolar-abonnieren\/\"]}]},{\"@type\":\"BreadcrumbList\",\"@id\":\"https:\/\/www.opensolar.com\/de\/opensolar-abonnieren\/#breadcrumb\",\"itemListElement\":[{\"@type\":\"ListItem\",\"position\":1,\"name\":\"Home\",\"item\":\"https:\/\/www.opensolar.com\/de\/\"},{\"@type\":\"ListItem\",\"position\":2,\"name\":\"OpenSolar abonnieren\"}]},{\"@type\":\"WebSite\",\"@id\":\"https:\/\/www.opensolar.com\/de\/#website\",\"url\":\"https:\/\/www.opensolar.com\/de\/\",\"name\":\"OpenSolar\",\"description\":\"Solar Design And Proposal Software\",\"publisher\":{\"@id\":\"https:\/\/www.opensolar.com\/de\/#organization\"},\"potentialAction\":[{\"@type\":\"SearchAction\",\"target\":{\"@type\":\"EntryPoint\",\"urlTemplate\":\"https:\/\/www.opensolar.com\/de\/?s={search_term_string}\"},\"query-input\":{\"@type\":\"PropertyValueSpecification\",\"valueRequired\":true,\"valueName\":\"search_term_string\"}}],\"inLanguage\":\"de-DE\"},{\"@type\":\"Organization\",\"@id\":\"https:\/\/www.opensolar.com\/de\/#organization\",\"name\":\"OpenSolar\",\"url\":\"https:\/\/www.opensolar.com\/de\/\",\"logo\":{\"@type\":\"ImageObject\",\"inLanguage\":\"de-DE\",\"@id\":\"https:\/\/www.opensolar.com\/de\/#\/schema\/logo\/image\/\",\"url\":\"https:\/\/www.opensolar.com\/wp-content\/uploads\/2026\/03\/OpenSolar-Horizontal-Color.svg\",\"contentUrl\":\"https:\/\/www.opensolar.com\/wp-content\/uploads\/2026\/03\/OpenSolar-Horizontal-Color.svg\",\"caption\":\"OpenSolar\"},\"image\":{\"@id\":\"https:\/\/www.opensolar.com\/de\/#\/schema\/logo\/image\/\"},\"sameAs\":[\"https:\/\/www.facebook.com\/OpenSolarGlobal\/\",\"https:\/\/x.com\/opensolar\",\"https:\/\/www.instagram.com\/open.solar\/\",\"https:\/\/www.linkedin.com\/company\/14522819\",\"https:\/\/www.youtube.com\/channel\/UCw3mdQ_ilIq9ZrPpCa_VOnA\/videos\"],\"description\":\"The world's leading solar design and proposal software. Free of charge so you're free to grow.\"}]}<\/script>\n<!-- \/ Yoast SEO Premium plugin. -->","yoast_head_json":{"title":"OpenSolar abonnieren | OpenSolar","robots":{"index":"index","follow":"follow","max-snippet":"max-snippet:-1","max-image-preview":"max-image-preview:large","max-video-preview":"max-video-preview:-1"},"canonical":"https:\/\/www.opensolar.com\/de\/opensolar-abonnieren\/","og_locale":"de_DE","og_type":"article","og_title":"OpenSolar abonnieren","og_url":"https:\/\/www.opensolar.com\/de\/opensolar-abonnieren\/","og_site_name":"OpenSolar","article_publisher":"https:\/\/www.facebook.com\/OpenSolarGlobal\/","article_modified_time":"2025-09-18T13:18:53+00:00","og_image":[{"width":1200,"height":675,"url":"https:\/\/i0.wp.com\/www.opensolar.com\/wp-content\/uploads\/2024\/07\/OpenSolar-logo-for-WP.png?fit=1200%2C675&quality=80&ssl=1","type":"image\/png"}],"twitter_card":"summary_large_image","twitter_site":"@opensolar","schema":{"@context":"https:\/\/schema.org","@graph":[{"@type":"WebPage","@id":"https:\/\/www.opensolar.com\/de\/opensolar-abonnieren\/","url":"https:\/\/www.opensolar.com\/de\/opensolar-abonnieren\/","name":"OpenSolar abonnieren | OpenSolar","isPartOf":{"@id":"https:\/\/www.opensolar.com\/de\/#website"},"datePublished":"2023-07-28T07:57:14+00:00","dateModified":"2025-09-18T13:18:53+00:00","breadcrumb":{"@id":"https:\/\/www.opensolar.com\/de\/opensolar-abonnieren\/#breadcrumb"},"inLanguage":"de-DE","potentialAction":[{"@type":"ReadAction","target":["https:\/\/www.opensolar.com\/de\/opensolar-abonnieren\/"]}]},{"@type":"BreadcrumbList","@id":"https:\/\/www.opensolar.com\/de\/opensolar-abonnieren\/#breadcrumb","itemListElement":[{"@type":"ListItem","position":1,"name":"Home","item":"https:\/\/www.opensolar.com\/de\/"},{"@type":"ListItem","position":2,"name":"OpenSolar abonnieren"}]},{"@type":"WebSite","@id":"https:\/\/www.opensolar.com\/de\/#website","url":"https:\/\/www.opensolar.com\/de\/","name":"OpenSolar","description":"Solar Design And Proposal Software","publisher":{"@id":"https:\/\/www.opensolar.com\/de\/#organization"},"potentialAction":[{"@type":"SearchAction","target":{"@type":"EntryPoint","urlTemplate":"https:\/\/www.opensolar.com\/de\/?s={search_term_string}"},"query-input":{"@type":"PropertyValueSpecification","valueRequired":true,"valueName":"search_term_string"}}],"inLanguage":"de-DE"},{"@type":"Organization","@id":"https:\/\/www.opensolar.com\/de\/#organization","name":"OpenSolar","url":"https:\/\/www.opensolar.com\/de\/","logo":{"@type":"ImageObject","inLanguage":"de-DE","@id":"https:\/\/www.opensolar.com\/de\/#\/schema\/logo\/image\/","url":"https:\/\/www.opensolar.com\/wp-content\/uploads\/2026\/03\/OpenSolar-Horizontal-Color.svg","contentUrl":"https:\/\/www.opensolar.com\/wp-content\/uploads\/2026\/03\/OpenSolar-Horizontal-Color.svg","caption":"OpenSolar"},"image":{"@id":"https:\/\/www.opensolar.com\/de\/#\/schema\/logo\/image\/"},"sameAs":["https:\/\/www.facebook.com\/OpenSolarGlobal\/","https:\/\/x.com\/opensolar","https:\/\/www.instagram.com\/open.solar\/","https:\/\/www.linkedin.com\/company\/14522819","https:\/\/www.youtube.com\/channel\/UCw3mdQ_ilIq9ZrPpCa_VOnA\/videos"],"description":"The world's leading solar design and proposal software. Free of charge so you're free to grow."}]}},"_links":{"self":[{"href":"https:\/\/www.opensolar.com\/de\/wp-json\/wp\/v2\/pages\/9582","targetHints":{"allow":["GET"]}}],"collection":[{"href":"https:\/\/www.opensolar.com\/de\/wp-json\/wp\/v2\/pages"}],"about":[{"href":"https:\/\/www.opensolar.com\/de\/wp-json\/wp\/v2\/types\/page"}],"author":[{"embeddable":true,"href":"https:\/\/www.opensolar.com\/de\/wp-json\/wp\/v2\/users\/3"}],"replies":[{"embeddable":true,"href":"https:\/\/www.opensolar.com\/de\/wp-json\/wp\/v2\/comments?post=9582"}],"version-history":[{"count":0,"href":"https:\/\/www.opensolar.com\/de\/wp-json\/wp\/v2\/pages\/9582\/revisions"}],"wp:attachment":[{"href":"https:\/\/www.opensolar.com\/de\/wp-json\/wp\/v2\/media?parent=9582"}],"curies":[{"name":"wp","href":"https:\/\/api.w.org\/{rel}","templated":true}]}}