{"id":10052,"date":"2025-01-15T07:02:37","date_gmt":"2025-01-15T07:02:37","guid":{"rendered":"https:\/\/www.opensolar.com\/handypay\/"},"modified":"2025-05-30T23:48:24","modified_gmt":"2025-05-30T23:48:24","slug":"handypay","status":"publish","type":"page","link":"https:\/\/www.opensolar.com\/es\/handypay\/","title":{"rendered":"Handypay"},"content":{"rendered":"<section id=\"hero-block_657fabc621758e53c44dd312b2525ad3\" class=\"hero  light-mode background-bright-grey-200\" style=\"\">\n\t\t\t\t\t<div class=\"content-block-hero\">\n\t\t\t\t\t\t\t\t<div class=\"intro-text default\">\n\t\t\t\t\t\t\t\t\t\t\t<h1 class=\"motion-hero-headline blue-gradient light-mode\"><p>Handypay<\/p>\n<\/h1>\t\t\t\t\t\t<div class=\"motion-hero-sub-headline sub-headline light-mode\"><p>La integraci\u00f3n de OpenSolar y Handypay hace que la energ\u00eda solar sea m\u00e1s accesible para tus clientes y aumenta tus conversiones de ventas.<\/p>\n<\/div>\t\t\t\t\t\t\t\t\t\t\t\t\t\t\t\t\t\t\t\t\t\t\t\t\t\t\t\t<div class=\"partnership\">\n\t\t\t\t\t\t\t<span>in partnership with<\/span>\n\t\t\t\t\t\t\t<img decoding=\"async\" src=\"https:\/\/i0.wp.com\/www.opensolar.com\/wp-content\/uploads\/2025\/01\/partner-logo-handypay.png?fit=400%2C91&#038;quality=80&#038;ssl=1\" alt=\"Handypay\" style=\"max-width: 200px !important;\" \/>\n\t\t\t\t\t\t\t\t\t<\/div>\n\t\t\t\t\t\t\t<\/div>\n\t\t<\/section><section id=\"side-by-side-block_074732e23c805b933de9d4578d4fb698\" class=\"side-by-side light-mode  background-none\" style=\"\">\n\t<div class=\"side-by-side-content light-mode\">\n\t\t\t\t\t\t\t\t\t\t\t\t\t\t<div class=\"content-block-regular\">\n\t\t\t\t\t\t<div class=\"artwork-block artwork-right\">\n\t\t\t\t\t\t\t\t\t\t\t\t\t\t\t<figure class=\"squared\" style=\"position: relative;\">\n\t\t\t\t\t\t\t\t\t<img decoding=\"async\" src=\"https:\/\/i0.wp.com\/www.opensolar.com\/wp-content\/uploads\/2025\/01\/partner-art-handypay.png?fit=1200%2C1001&#038;quality=80&#038;ssl=1\" class=\"motion-artwork-base-side-by-side-block_074732e23c805b933de9d4578d4fb698\" alt=\"\" style=\"z-index: 0;\" \/>\n\t\t\t\t\t\t\t\t\t\t\t\t\t\t\t\t\t\t<img decoding=\"async\" src=\"\" class=\"motion-artwork-layer1-side-by-side-block_074732e23c805b933de9d4578d4fb698\" alt=\"\" style=\"z-index: 1; position: absolute; top: 0; left: 0;\" \/>\n\t\t\t\t\t\t\t\t<\/figure>\n\t\t\t\t\t\t\t\t\t\t\t\t\t\t\t\t\t\t\t\t\t\t\t\t\t\t\t\t<div class=\"text-space\">\n\t\t\t\t\t\t\t\t\t\t\t\t\t\t\t\t<h2 class=\"light-mode\"><p>Aumenta tus conversiones de ventas<\/p>\n<\/h2>\t\t\t\t\t\t\t\t<div class=\"sub-headline light-mode\"><p>Haz que la energ\u00eda solar sea m\u00e1s accesible para tus clientes con los planes de pago Handypay en OpenSolar, sin coste adicional.<\/p>\n<\/div>\t\t\t\t\t\t\t\t<div class=\"text light-mode\"><ul>\n<li>Cierra m\u00e1s tratos haciendo que la energ\u00eda solar sea m\u00e1s accesible econ\u00f3micamente para tus clientes<\/li>\n<li>Coste cero para ti, el instalador solar<\/li>\n<li>Ofrece financiaci\u00f3n directamente en tu propuesta OpenSolar<\/li>\n<\/ul>\n<\/div>\t\t\t\t\t\t\t\t\t\t\t\t\t\t\t\t\t\t\t\t\t\t\t\t\t<div class=\"actions\">\n\t\t\t\t\t\t\t\t\t\t\t\t\t\t\t\t\t\t\t\t\t<div class=\"button\">\n\t\t\t\t\t\t\t\t\t\t\t\t<a href=\"#get-started\" target=\"_self\" class=\"button-sbs-filled\">\n\t\t\t\t\t\t\t\t\t\t\t\t\t<span>Empezar<\/span>\n\t\t\t\t\t\t\t\t\t\t\t\t\t<svg xmlns=\"http:\/\/www.w3.org\/2000\/svg\" width=\"16\" height=\"16\" viewBox=\"0 0 16 16\" fill=\"none\">\n\t\t\t\t\t\t\t\t\t\t\t\t\t\t<path d=\"M6.66667 4.66675L10 8.00008L6.66667 11.3334\" stroke=\"#1751D0\" stroke-width=\"2\" stroke-linecap=\"round\" stroke-linejoin=\"round\"\/>\n\t\t\t\t\t\t\t\t\t\t\t\t\t<\/svg>\n\t\t\t\t\t\t\t\t\t\t\t\t<\/a>\n\t\t\t\t\t\t\t\t\t\t\t\t\t\t\t\t\t\t\t\t\t\t\t<\/div>\n\t\t\t\t\t\t\t\t\t\t\t\t\t\t\t\t\t\t\t\t\t\t\t\t\t\t\t\t\t<\/div>\n\t\t\t\t\t\t\t\t\t\t\t\t\t\t\t<\/div>\n\t\t\t\t\t\t<\/div>\n\t\t\t\t\t<\/div>\n\t\t\t\t\t\t\t\t\t\t\t\t\t\t\t\t\t\t\t\t\t\t<\/div>\n<\/section>\n<section id=\"grid-block_dfa6b9dae7ce6c6b8d1ac76d3b7d58a4\" class=\"grid motion-grid-block light-mode background-bright-grey-200\" style=\" padding-bottom: 0;\">\n\t\t\t\t\t\t\t\t\t\t\t\t<div class=\"cards default columns-three no-top-margin\">\n\t\t\t\t\t\t\t\t\t\t\t\t\t\t\t\t\t\t\t\t\t\t\t\t\t<div class=\"card card-grid-block_dfa6b9dae7ce6c6b8d1ac76d3b7d58a4-1 card-style-default card-container-padded \" style=\"  \">\n\t\t\t\t\t\t\t\t\t\t\t\t\t\t\t\t\t\t\t\t\t\t\t\t\t\t\t\t<div class=\"icon\">\n\t\t\t\t\t\t\t\t\t<figure>\n\t\t\t\t\t\t\t\t\t\t<img loading=\"lazy\" decoding=\"async\" width=\"96\" height=\"96\" src=\"https:\/\/i0.wp.com\/www.opensolar.com\/wp-content\/uploads\/2025\/01\/icon-percent.png?fit=96%2C96&amp;quality=80&amp;ssl=1\" class=\"attachment-full size-full\" alt=\"\" \/>\t\t\t\t\t\t\t\t\t<\/figure>\n\t\t\t\t\t\t\t\t<\/div>\n\t\t\t\t\t\t\t\t\t\t\t\t\t\t\t\t\t\t\t\t\t\t\t\t\t\t\t\t\t\t\t\t\t\t\t\t\t\t\t\t\t\t\t\t\t<div class=\"headline light-mode\">Tarifas competitivas<\/div>\n\t\t\t\t\t\t\t\t\t\t\t\t\t\t\t\t\t\t\t\t\t\t\t\t\t\t\t\t\t\t<div class=\"text light-mode\"><p>Un tipo de inter\u00e9s adaptado a tus circunstancias crediticias particulares. Handypay forma parte del Grupo OurMoneyMarket, un proveedor de financiaci\u00f3n multipremiado y ganador del premio Canstar 2024. <a href=\"http:\/\/handyfinance.com.au\/green-loans\/\" target=\"_blank\">M\u00e1s informaci\u00f3n<\/a>. <\/p>\n<\/div>\t\t\t\t\t\t\t\t\t\t\t\t\t\t\t\t\t\t\t\t\t\t\t\t\t\t\t\t\t\t\t\t\t\t\t\t\t\t\t\t\t\t\t\t\t\t\t\t\t\t\t\t\t\t\t\t\t\t\t\t\t\t\t\t\t\t\t\t\t\t\t\t\t\t\t\t\t\t\t\t\t\t\t\t\t\t\t\t\t\t\t\t\t\t\t\t\t\t\t\t\t\t\t\t\t\t<\/div>\n\t\t\t\t\t\t\t\t\t\t\t\t\t\t\t\t\t\t\t\t\t\t\t\t\t\t\t\t\t\t\t\t\t\t\t\t\t\t\t\t<div class=\"card card-grid-block_dfa6b9dae7ce6c6b8d1ac76d3b7d58a4-2 card-style-default card-container-padded \" style=\"  \">\n\t\t\t\t\t\t\t\t\t\t\t\t\t\t\t\t\t\t\t\t\t\t\t\t\t\t\t\t<div class=\"icon\">\n\t\t\t\t\t\t\t\t\t<figure>\n\t\t\t\t\t\t\t\t\t\t<img loading=\"lazy\" decoding=\"async\" width=\"96\" height=\"96\" src=\"https:\/\/i0.wp.com\/www.opensolar.com\/wp-content\/uploads\/2025\/01\/icon-acute.png?fit=96%2C96&amp;quality=80&amp;ssl=1\" class=\"attachment-full size-full\" alt=\"\" \/>\t\t\t\t\t\t\t\t\t<\/figure>\n\t\t\t\t\t\t\t\t<\/div>\n\t\t\t\t\t\t\t\t\t\t\t\t\t\t\t\t\t\t\t\t\t\t\t\t\t\t\t\t\t\t\t\t\t\t\t\t\t\t\t\t\t\t\t\t\t<div class=\"headline light-mode\">F\u00e1cil aplicaci\u00f3n  <\/div>\n\t\t\t\t\t\t\t\t\t\t\t\t\t\t\t\t\t\t\t\t\t\t\t\t\t\t\t\t\t\t<div class=\"text light-mode\"><p>Solicita financiaci\u00f3n f\u00e1cilmente a trav\u00e9s del proceso de solicitud digital de Handypay. Recibe una decisi\u00f3n de cr\u00e9dito en cuesti\u00f3n de minutos y recibe los fondos en tan s\u00f3lo 24 horas. <\/p>\n<\/div>\t\t\t\t\t\t\t\t\t\t\t\t\t\t\t\t\t\t\t\t\t\t\t\t\t\t\t\t\t\t\t\t\t\t\t\t\t\t\t\t\t\t\t\t\t\t\t\t\t\t\t\t\t\t\t\t\t\t\t\t\t\t\t\t\t\t\t\t\t\t\t\t\t\t\t\t\t\t\t\t\t\t\t\t\t\t\t\t\t\t\t\t\t\t\t\t\t\t\t\t\t\t\t\t\t\t<\/div>\n\t\t\t\t\t\t\t\t\t\t\t\t\t\t\t\t\t\t\t\t\t\t\t\t\t\t\t\t\t\t\t\t\t\t\t\t\t\t\t\t<div class=\"card card-grid-block_dfa6b9dae7ce6c6b8d1ac76d3b7d58a4-3 card-style-default card-container-padded \" style=\"  \">\n\t\t\t\t\t\t\t\t\t\t\t\t\t\t\t\t\t\t\t\t\t\t\t\t\t\t\t\t<div class=\"icon\">\n\t\t\t\t\t\t\t\t\t<figure>\n\t\t\t\t\t\t\t\t\t\t<img loading=\"lazy\" decoding=\"async\" width=\"96\" height=\"97\" src=\"https:\/\/i0.wp.com\/www.opensolar.com\/wp-content\/uploads\/2025\/05\/currency_dollar.png?fit=96%2C97&amp;quality=80&amp;ssl=1\" class=\"attachment-full size-full\" alt=\"\" \/>\t\t\t\t\t\t\t\t\t<\/figure>\n\t\t\t\t\t\t\t\t<\/div>\n\t\t\t\t\t\t\t\t\t\t\t\t\t\t\t\t\t\t\t\t\t\t\t\t\t\t\t\t\t\t\t\t\t\t\t\t\t\t\t\t\t\t\t\t\t<div class=\"headline light-mode\">$75,000<\/div>\n\t\t\t\t\t\t\t\t\t\t\t\t\t\t\t\t\t\t\t\t\t\t\t\t\t\t\t\t\t\t<div class=\"text light-mode\"><p>Consigue el sistema que realmente necesitas con un l\u00edmite de pr\u00e9stamo m\u00e1s alto: 75.000 AU$, con plazos de pr\u00e9stamo de hasta 10 a\u00f1os.<\/p>\n<\/div>\t\t\t\t\t\t\t\t\t\t\t\t\t\t\t\t\t\t\t\t\t\t\t\t\t\t\t\t\t\t\t\t\t\t\t\t\t\t\t\t\t\t\t\t\t\t\t\t\t\t\t\t\t\t\t\t\t\t\t\t\t\t\t\t\t\t\t\t\t\t\t\t\t\t\t\t\t\t\t\t\t\t\t\t\t\t\t\t\t\t\t\t\t\t\t\t\t\t\t\t\t\t\t\t\t\t<\/div>\n\t\t\t\t\t\t\t\t\t\t\t\t\t\t\t\t\t\t\t\t<\/div>\n\t\t\t\t\t\t\t\t\t<\/section><section id=\"one-column-block_f25a7e0dab8de1385e7abf7d285da54d\" class=\"one-column bs-h-regular bs-tp-none bs-sp-regular bs-bp-regular light-mode  background-bright-grey-200\" style=\" padding-top: 0;\">\n\t<div class=\"block-style-center\">\n\t\t\t\t<div class=\"center-column no-top-padding\">\n\t\t\t\t\t\t\t\t\t\t\t\t\t\t\t\t\t\t<div class=\"text-space center\">\n\t\t\t\t\t\t\t\t\t\t\t\t\t\t<div class=\"sub-headline light-mode\"> <\/div>\t\t\t\t\t\t\t<div class=\"text light-mode\"><p>*OurMoneyMarket Lending Pty Ltd ABN 64 605 231 669 trading as Handypay | Licencia de cr\u00e9dito australiana 488228. El cr\u00e9dito est\u00e1 sujeto a los t\u00e9rminos y condiciones est\u00e1ndar y a los criterios de pr\u00e9stamo de OurMoneyMarket Lending. <\/p>\n<\/div>\t\t\t\t\t\t<\/div>\n\t\t\t\t\t\t\t\t\t\t\t\t\t\t<\/div>\n\t<\/div>\n<\/section><section id=\"get-started\" class=\"one-column bs-h-regular bs-tp-none bs-sp-regular bs-bp-regular light-mode  background-none\" style=\"\">\n\t<div class=\"block-style-center\">\n\t\t\t\t\t<header>\n\t\t\t\t\t\t\t\t\t\t\t\t<h2 id=\"get-started-h2\" class=\"black one-column-headline light-mode\"><p>\u00bfQuieres saber m\u00e1s?<\/p>\n<\/h2>\t\t\t\t<div class=\"subtext light-mode\"><p>Rellena el siguiente formulario y un miembro de nuestro equipo se pondr\u00e1 en contacto contigo para darte m\u00e1s informaci\u00f3n sobre esta integraci\u00f3n.<\/p>\n<\/div>\t\t\t<\/header>\n\t\t\t\t<div class=\"center-column\">\n\t\t\t\t\t\t\t\t\t\t\t\t\t\t\t\t\t\t<div class=\"code light-mode\">\n\t\t\t\t\t\t\t<script charset=\"utf-8\" type=\"text\/javascript\" src=\"\/\/js.hsforms.net\/forms\/embed\/v2.js\"><\/script>\n\t\t\t\t\t\t\t<script>\n\t\t\t\t\t\t\t  hbspt.forms.create({\n\t\t\t\t\t\t\t\tregion: \"na1\",\n\t\t\t\t\t\t\t\tportalId: \"21246721\",\n\t\t\t\t\t\t\t\tformId: \"2341abdd-b3e2-4833-8399-92c73e239169\"\n\t\t\t\t\t\t\t  });\n\t\t\t\t\t\t\t<\/script>\n\t\t\t\t\t\t<\/div>\n\t\t\t\t\t\t\t\t\t\t\t\t\t\t<\/div>\n\t<\/div>\n<\/section><section id=\"one-column-block_32a8582dac05886f12934b130e78772a\" class=\"one-column bs-h-regular bs-tp-none bs-sp-regular bs-bp-regular light-mode  background-none\" style=\"\">\n\t<div class=\"block-style-headline-left block-style-contained\">\n\t\t\t\t\t<header>\n\t\t\t\t\t\t\t\t\t\t\t\t<h2 id=\"one-column-block_32a8582dac05886f12934b130e78772a-h2\" class=\"black one-column-headline light-mode\"><p>Preguntas frecuentes<\/p>\n<\/h2>\t\t\t\t<div class=\"subtext light-mode\"><p>Bienvenido a nuestra secci\u00f3n de preguntas frecuentes, donde hemos recopilado respuestas a las preguntas m\u00e1s habituales para que tu experiencia sea fluida. Tanto si tienes curiosidad sobre nuestros servicios o procesos, como si necesitas soluciones r\u00e1pidas, aqu\u00ed encontrar\u00e1s respuestas claras y concisas. Si tu pregunta no aparece en la lista, no dudes en ponerte en contacto con nosotros: \u00a1estaremos encantados de ayudarte!  <\/p>\n<\/div>\t\t\t<\/header>\n\t\t\t\t<div class=\"center-column\">\n\t\t\t\t\t\t\t\t\t\t\t\t\t\t\t\t\t\t<div class=\"accordions\">\n\t\t\t\t\t\t\t\t\t\t\t\t\t\t\t\t\t\t\t\t\t\t\t\t<div class=\"accordion\">\n\t\t\t\t\t\t\t\t\t\t<div class=\"opener\">\n\t\t\t\t\t\t\t\t\t\t\t<div class=\"label\">\u00bfQui\u00e9n es Handypay?<\/div>\n\t\t\t\t\t\t\t\t\t\t\t<div class=\"icon\">\n\t\t\t\t\t\t\t\t\t\t\t\t<svg xmlns=\"http:\/\/www.w3.org\/2000\/svg\" width=\"24\" height=\"24\" viewBox=\"0 0 24 24\" fill=\"none\">\n\t\t\t\t\t\t\t\t\t\t\t\t  <path d=\"M11.9969 4.7998L11.9969 19.1998M19.1969 11.9998L4.79688 11.9998\" stroke=\"#0A090B\" stroke-width=\"2\" stroke-linecap=\"round\"\/>\n\t\t\t\t\t\t\t\t\t\t\t\t<\/svg>\n\t\t\t\t\t\t\t\t\t\t\t<\/div>\n\t\t\t\t\t\t\t\t\t\t<\/div>\n\t\t\t\t\t\t\t\t\t\t<div class=\"closer\">\n\t\t\t\t\t\t\t\t\t\t\t<div class=\"description\"><p>Handypay es un galardonado prestamista no bancario de propiedad australiana y una de las empresas de tecnolog\u00eda financiera de m\u00e1s r\u00e1pido crecimiento de Australia.<\/p>\n<p>Con su opci\u00f3n de reembolso a 10 a\u00f1os y un l\u00edmite de pr\u00e9stamo de 75.000 $ por solicitante, \u00abser ecol\u00f3gico\u00bb nunca ha sido tan asequible, \u00a1y no hay trabajo residencial demasiado grande!<\/p>\n<p><a href=\"https:\/\/handypay.com.au\/\" target=\"_blank\" rel=\"noopener\">M\u00e1s informaci\u00f3n<\/a> sobre Handypay.<\/p>\n<\/div>\n\t\t\t\t\t\t\t\t\t\t<\/div>\n\t\t\t\t\t\t\t\t\t<\/div>\n\t\t\t\t\t\t\t\t\t\t\t\t\t\t\t\t\t<div class=\"accordion\">\n\t\t\t\t\t\t\t\t\t\t<div class=\"opener\">\n\t\t\t\t\t\t\t\t\t\t\t<div class=\"label\">\u00bfQui\u00e9n es OpenSolar?<\/div>\n\t\t\t\t\t\t\t\t\t\t\t<div class=\"icon\">\n\t\t\t\t\t\t\t\t\t\t\t\t<svg xmlns=\"http:\/\/www.w3.org\/2000\/svg\" width=\"24\" height=\"24\" viewBox=\"0 0 24 24\" fill=\"none\">\n\t\t\t\t\t\t\t\t\t\t\t\t  <path d=\"M11.9969 4.7998L11.9969 19.1998M19.1969 11.9998L4.79688 11.9998\" stroke=\"#0A090B\" stroke-width=\"2\" stroke-linecap=\"round\"\/>\n\t\t\t\t\t\t\t\t\t\t\t\t<\/svg>\n\t\t\t\t\t\t\t\t\t\t\t<\/div>\n\t\t\t\t\t\t\t\t\t\t<\/div>\n\t\t\t\t\t\t\t\t\t\t<div class=\"closer\">\n\t\t\t\t\t\t\t\t\t\t\t<div class=\"description\"><p>OpenSolar es un software de dise\u00f1o y propuestas l\u00edder en su clase que se ofrece de forma totalmente gratuita al instalador y a sus clientes. Con el objetivo de acelerar la adopci\u00f3n de la energ\u00eda solar en todo el mundo, OpenSolar funciona con: <\/p>\n<ul>\n<li aria-level=\"1\">sin cuotas de licencia ni de suscripci\u00f3n<\/li>\n<li aria-level=\"1\">sin l\u00edmite de plazas<\/li>\n<li aria-level=\"1\">sin tapas de dise\u00f1o<\/li>\n<li aria-level=\"1\">sin contratos largos<\/li>\n<\/ul>\n<p>OpenSolar es gratuito, as\u00ed que eres libre de crecer. <a href=\"https:\/\/www.opensolar.com\/es\/\" target=\"_blank\" rel=\"noopener\">M\u00e1s informaci\u00f3n<\/a> sobre OpenSolar.<\/p>\n<\/div>\n\t\t\t\t\t\t\t\t\t\t<\/div>\n\t\t\t\t\t\t\t\t\t<\/div>\n\t\t\t\t\t\t\t\t\t\t\t\t\t\t\t\t\t<div class=\"accordion\">\n\t\t\t\t\t\t\t\t\t\t<div class=\"opener\">\n\t\t\t\t\t\t\t\t\t\t\t<div class=\"label\">\u00bfQu\u00e9 significa esto para m\u00ed?<\/div>\n\t\t\t\t\t\t\t\t\t\t\t<div class=\"icon\">\n\t\t\t\t\t\t\t\t\t\t\t\t<svg xmlns=\"http:\/\/www.w3.org\/2000\/svg\" width=\"24\" height=\"24\" viewBox=\"0 0 24 24\" fill=\"none\">\n\t\t\t\t\t\t\t\t\t\t\t\t  <path d=\"M11.9969 4.7998L11.9969 19.1998M19.1969 11.9998L4.79688 11.9998\" stroke=\"#0A090B\" stroke-width=\"2\" stroke-linecap=\"round\"\/>\n\t\t\t\t\t\t\t\t\t\t\t\t<\/svg>\n\t\t\t\t\t\t\t\t\t\t\t<\/div>\n\t\t\t\t\t\t\t\t\t\t<\/div>\n\t\t\t\t\t\t\t\t\t\t<div class=\"closer\">\n\t\t\t\t\t\t\t\t\t\t\t<div class=\"description\"><p>Al ofrecer financiaci\u00f3n Handypay a tus clientes, es m\u00e1s probable que compren el sistema que necesitan en lugar del sistema que pueden permitirse actualmente. Esto significa que puedes conseguir acuerdos m\u00e1s importantes con pagos mayores m\u00e1s a menudo. <\/p>\n<p>Con Handypay en OpenSolar, puedes incluir las competitivas opciones de financiaci\u00f3n de Handypay directamente en tu propuesta OpenSolar.<\/p>\n<p>OpenSolar te facilita ofrecer financiaci\u00f3n sin introducci\u00f3n manual de datos, con notificaciones de autoservicio, actualizaciones autom\u00e1ticas de tarifas y productos, y mucho m\u00e1s.<\/p>\n<\/div>\n\t\t\t\t\t\t\t\t\t\t<\/div>\n\t\t\t\t\t\t\t\t\t<\/div>\n\t\t\t\t\t\t\t\t\t\t\t\t\t\t\t\t\t<div class=\"accordion\">\n\t\t\t\t\t\t\t\t\t\t<div class=\"opener\">\n\t\t\t\t\t\t\t\t\t\t\t<div class=\"label\">\u00bfC\u00f3mo lo aprovecho?<\/div>\n\t\t\t\t\t\t\t\t\t\t\t<div class=\"icon\">\n\t\t\t\t\t\t\t\t\t\t\t\t<svg xmlns=\"http:\/\/www.w3.org\/2000\/svg\" width=\"24\" height=\"24\" viewBox=\"0 0 24 24\" fill=\"none\">\n\t\t\t\t\t\t\t\t\t\t\t\t  <path d=\"M11.9969 4.7998L11.9969 19.1998M19.1969 11.9998L4.79688 11.9998\" stroke=\"#0A090B\" stroke-width=\"2\" stroke-linecap=\"round\"\/>\n\t\t\t\t\t\t\t\t\t\t\t\t<\/svg>\n\t\t\t\t\t\t\t\t\t\t\t<\/div>\n\t\t\t\t\t\t\t\t\t\t<\/div>\n\t\t\t\t\t\t\t\t\t\t<div class=\"closer\">\n\t\t\t\t\t\t\t\t\t\t\t<div class=\"description\"><p>Si est\u00e1s interesado en empezar o simplemente en saber m\u00e1s sobre Handypay en OpenSolar, rellena el formulario de arriba y un miembro de nuestro equipo te ayudar\u00e1.<\/p>\n<\/div>\n\t\t\t\t\t\t\t\t\t\t<\/div>\n\t\t\t\t\t\t\t\t\t<\/div>\n\t\t\t\t\t\t\t\t\t\t\t\t\t\t\t\t\t\t\t\t\t<\/div>\n\t\t\t\t\t\t<script>\n\t\t\t\t\t\t\t$(document).ready(function(){\n\t\t\t\t\t\t\t\t$(\".accordion .opener\").click(function(){\n\t\t\t\t\t\t\t\t\t\t$(this).siblings(\".closer\").toggle();\n\t\t\t\t\t\t\t\t\t\t$(this).find(\".icon\").toggleClass('active');\n\t\t\t\t\t\t\t\t});\n\t\t\t\t\t\t\t});\n\t\t\t\t\t\t<\/script>\n\t\t\t\t\t\t\t\t\t\t\t\t\t\t<\/div>\n\t<\/div>\n<\/section>","protected":false},"excerpt":{"rendered":"","protected":false},"author":7,"featured_media":0,"parent":0,"menu_order":0,"comment_status":"closed","ping_status":"closed","template":"","meta":{"_acf_changed":false,"footnotes":""},"class_list":["post-10052","page","type-page","status-publish","hentry"],"acf":[],"yoast_head":"<!-- This site is optimized with the Yoast SEO Premium plugin v26.6 (Yoast SEO v26.6) - https:\/\/yoast.com\/wordpress\/plugins\/seo\/ -->\n<title>Handypay | OpenSolar<\/title>\n<meta name=\"robots\" content=\"index, follow, max-snippet:-1, max-image-preview:large, max-video-preview:-1\" \/>\n<link rel=\"canonical\" href=\"https:\/\/www.opensolar.com\/es\/handypay\/\" \/>\n<meta property=\"og:locale\" content=\"es_ES\" \/>\n<meta property=\"og:type\" content=\"article\" \/>\n<meta property=\"og:title\" content=\"Handypay\" \/>\n<meta property=\"og:url\" content=\"https:\/\/www.opensolar.com\/es\/handypay\/\" \/>\n<meta property=\"og:site_name\" content=\"OpenSolar\" \/>\n<meta property=\"article:publisher\" content=\"https:\/\/www.facebook.com\/OpenSolarGlobal\/\" \/>\n<meta property=\"article:modified_time\" content=\"2025-05-30T23:48:24+00:00\" \/>\n<meta property=\"og:image\" content=\"https:\/\/i0.wp.com\/www.opensolar.com\/wp-content\/uploads\/2024\/07\/OpenSolar-logo-for-WP.png?fit=1200%2C675&quality=80&ssl=1\" \/>\n\t<meta property=\"og:image:width\" content=\"1200\" \/>\n\t<meta property=\"og:image:height\" content=\"675\" \/>\n\t<meta property=\"og:image:type\" content=\"image\/png\" \/>\n<meta name=\"twitter:card\" content=\"summary_large_image\" \/>\n<meta name=\"twitter:site\" content=\"@opensolar\" \/>\n<script type=\"application\/ld+json\" class=\"yoast-schema-graph\">{\"@context\":\"https:\/\/schema.org\",\"@graph\":[{\"@type\":\"WebPage\",\"@id\":\"https:\/\/www.opensolar.com\/es\/handypay\/\",\"url\":\"https:\/\/www.opensolar.com\/es\/handypay\/\",\"name\":\"Handypay | OpenSolar\",\"isPartOf\":{\"@id\":\"https:\/\/www.opensolar.com\/es\/#website\"},\"datePublished\":\"2025-01-15T07:02:37+00:00\",\"dateModified\":\"2025-05-30T23:48:24+00:00\",\"breadcrumb\":{\"@id\":\"https:\/\/www.opensolar.com\/es\/handypay\/#breadcrumb\"},\"inLanguage\":\"es\",\"potentialAction\":[{\"@type\":\"ReadAction\",\"target\":[\"https:\/\/www.opensolar.com\/es\/handypay\/\"]}]},{\"@type\":\"BreadcrumbList\",\"@id\":\"https:\/\/www.opensolar.com\/es\/handypay\/#breadcrumb\",\"itemListElement\":[{\"@type\":\"ListItem\",\"position\":1,\"name\":\"Home\",\"item\":\"https:\/\/www.opensolar.com\/es\/\"},{\"@type\":\"ListItem\",\"position\":2,\"name\":\"Handypay\"}]},{\"@type\":\"WebSite\",\"@id\":\"https:\/\/www.opensolar.com\/es\/#website\",\"url\":\"https:\/\/www.opensolar.com\/es\/\",\"name\":\"OpenSolar\",\"description\":\"Solar Design And Proposal Software\",\"publisher\":{\"@id\":\"https:\/\/www.opensolar.com\/es\/#organization\"},\"potentialAction\":[{\"@type\":\"SearchAction\",\"target\":{\"@type\":\"EntryPoint\",\"urlTemplate\":\"https:\/\/www.opensolar.com\/es\/?s={search_term_string}\"},\"query-input\":{\"@type\":\"PropertyValueSpecification\",\"valueRequired\":true,\"valueName\":\"search_term_string\"}}],\"inLanguage\":\"es\"},{\"@type\":\"Organization\",\"@id\":\"https:\/\/www.opensolar.com\/es\/#organization\",\"name\":\"OpenSolar\",\"url\":\"https:\/\/www.opensolar.com\/es\/\",\"logo\":{\"@type\":\"ImageObject\",\"inLanguage\":\"es\",\"@id\":\"https:\/\/www.opensolar.com\/es\/#\/schema\/logo\/image\/\",\"url\":\"https:\/\/www.opensolar.com\/wp-content\/uploads\/2026\/03\/OpenSolar-Horizontal-Color.svg\",\"contentUrl\":\"https:\/\/www.opensolar.com\/wp-content\/uploads\/2026\/03\/OpenSolar-Horizontal-Color.svg\",\"caption\":\"OpenSolar\"},\"image\":{\"@id\":\"https:\/\/www.opensolar.com\/es\/#\/schema\/logo\/image\/\"},\"sameAs\":[\"https:\/\/www.facebook.com\/OpenSolarGlobal\/\",\"https:\/\/x.com\/opensolar\",\"https:\/\/www.instagram.com\/open.solar\/\",\"https:\/\/www.linkedin.com\/company\/14522819\",\"https:\/\/www.youtube.com\/channel\/UCw3mdQ_ilIq9ZrPpCa_VOnA\/videos\"],\"description\":\"The world's leading solar design and proposal software. Free of charge so you're free to grow.\"}]}<\/script>\n<!-- \/ Yoast SEO Premium plugin. -->","yoast_head_json":{"title":"Handypay | OpenSolar","robots":{"index":"index","follow":"follow","max-snippet":"max-snippet:-1","max-image-preview":"max-image-preview:large","max-video-preview":"max-video-preview:-1"},"canonical":"https:\/\/www.opensolar.com\/es\/handypay\/","og_locale":"es_ES","og_type":"article","og_title":"Handypay","og_url":"https:\/\/www.opensolar.com\/es\/handypay\/","og_site_name":"OpenSolar","article_publisher":"https:\/\/www.facebook.com\/OpenSolarGlobal\/","article_modified_time":"2025-05-30T23:48:24+00:00","og_image":[{"width":1200,"height":675,"url":"https:\/\/i0.wp.com\/www.opensolar.com\/wp-content\/uploads\/2024\/07\/OpenSolar-logo-for-WP.png?fit=1200%2C675&quality=80&ssl=1","type":"image\/png"}],"twitter_card":"summary_large_image","twitter_site":"@opensolar","schema":{"@context":"https:\/\/schema.org","@graph":[{"@type":"WebPage","@id":"https:\/\/www.opensolar.com\/es\/handypay\/","url":"https:\/\/www.opensolar.com\/es\/handypay\/","name":"Handypay | OpenSolar","isPartOf":{"@id":"https:\/\/www.opensolar.com\/es\/#website"},"datePublished":"2025-01-15T07:02:37+00:00","dateModified":"2025-05-30T23:48:24+00:00","breadcrumb":{"@id":"https:\/\/www.opensolar.com\/es\/handypay\/#breadcrumb"},"inLanguage":"es","potentialAction":[{"@type":"ReadAction","target":["https:\/\/www.opensolar.com\/es\/handypay\/"]}]},{"@type":"BreadcrumbList","@id":"https:\/\/www.opensolar.com\/es\/handypay\/#breadcrumb","itemListElement":[{"@type":"ListItem","position":1,"name":"Home","item":"https:\/\/www.opensolar.com\/es\/"},{"@type":"ListItem","position":2,"name":"Handypay"}]},{"@type":"WebSite","@id":"https:\/\/www.opensolar.com\/es\/#website","url":"https:\/\/www.opensolar.com\/es\/","name":"OpenSolar","description":"Solar Design And Proposal Software","publisher":{"@id":"https:\/\/www.opensolar.com\/es\/#organization"},"potentialAction":[{"@type":"SearchAction","target":{"@type":"EntryPoint","urlTemplate":"https:\/\/www.opensolar.com\/es\/?s={search_term_string}"},"query-input":{"@type":"PropertyValueSpecification","valueRequired":true,"valueName":"search_term_string"}}],"inLanguage":"es"},{"@type":"Organization","@id":"https:\/\/www.opensolar.com\/es\/#organization","name":"OpenSolar","url":"https:\/\/www.opensolar.com\/es\/","logo":{"@type":"ImageObject","inLanguage":"es","@id":"https:\/\/www.opensolar.com\/es\/#\/schema\/logo\/image\/","url":"https:\/\/www.opensolar.com\/wp-content\/uploads\/2026\/03\/OpenSolar-Horizontal-Color.svg","contentUrl":"https:\/\/www.opensolar.com\/wp-content\/uploads\/2026\/03\/OpenSolar-Horizontal-Color.svg","caption":"OpenSolar"},"image":{"@id":"https:\/\/www.opensolar.com\/es\/#\/schema\/logo\/image\/"},"sameAs":["https:\/\/www.facebook.com\/OpenSolarGlobal\/","https:\/\/x.com\/opensolar","https:\/\/www.instagram.com\/open.solar\/","https:\/\/www.linkedin.com\/company\/14522819","https:\/\/www.youtube.com\/channel\/UCw3mdQ_ilIq9ZrPpCa_VOnA\/videos"],"description":"The world's leading solar design and proposal software. Free of charge so you're free to grow."}]}},"_links":{"self":[{"href":"https:\/\/www.opensolar.com\/es\/wp-json\/wp\/v2\/pages\/10052","targetHints":{"allow":["GET"]}}],"collection":[{"href":"https:\/\/www.opensolar.com\/es\/wp-json\/wp\/v2\/pages"}],"about":[{"href":"https:\/\/www.opensolar.com\/es\/wp-json\/wp\/v2\/types\/page"}],"author":[{"embeddable":true,"href":"https:\/\/www.opensolar.com\/es\/wp-json\/wp\/v2\/users\/7"}],"replies":[{"embeddable":true,"href":"https:\/\/www.opensolar.com\/es\/wp-json\/wp\/v2\/comments?post=10052"}],"version-history":[{"count":0,"href":"https:\/\/www.opensolar.com\/es\/wp-json\/wp\/v2\/pages\/10052\/revisions"}],"wp:attachment":[{"href":"https:\/\/www.opensolar.com\/es\/wp-json\/wp\/v2\/media?parent=10052"}],"curies":[{"name":"wp","href":"https:\/\/api.w.org\/{rel}","templated":true}]}}