{"id":10060,"date":"2025-01-15T06:53:48","date_gmt":"2025-01-15T06:53:48","guid":{"rendered":"https:\/\/www.opensolar.com\/enfin\/"},"modified":"2025-01-24T10:14:14","modified_gmt":"2025-01-24T10:14:14","slug":"enfin","status":"publish","type":"page","link":"https:\/\/www.opensolar.com\/es\/enfin\/","title":{"rendered":"Enfin"},"content":{"rendered":"<section id=\"hero-block_71c964128b5ed20f8704ebfdbd893b0e\" class=\"hero  light-mode background-bright-grey-200\" style=\"\">\n\t\t\t\t\t<div class=\"content-block-hero\">\n\t\t\t\t\t\t\t\t<div class=\"intro-text default\">\n\t\t\t\t\t\t\t\t\t\t\t<h1 class=\"motion-hero-headline blue-gradient light-mode\"><p>Enfin<\/p>\n<\/h1>\t\t\t\t\t\t<div class=\"motion-hero-sub-headline sub-headline light-mode\"><p>La integraci\u00f3n de OpenSolar y EnFin ayuda a tus clientes a tomar el control de sus costes energ\u00e9ticos con una financiaci\u00f3n competitiva.<\/p>\n<\/div>\t\t\t\t\t\t\t\t\t\t\t\t\t\t\t\t\t\t\t\t\t\t\t\t\t\t\t\t<div class=\"partnership\">\n\t\t\t\t\t\t\t<span>in partnership with<\/span>\n\t\t\t\t\t\t\t<img decoding=\"async\" src=\"https:\/\/i0.wp.com\/www.opensolar.com\/wp-content\/uploads\/2025\/01\/partner-logo-enfin.png?fit=800%2C181&#038;quality=80&#038;ssl=1\" alt=\"EnFin\" style=\"max-width: 307px !important;\" \/>\n\t\t\t\t\t\t\t\t\t<\/div>\n\t\t\t\t\t\t\t<\/div>\n\t\t<\/section><section id=\"side-by-side-block_e32ec9506185c2d26e632325ee1b0a9f\" class=\"side-by-side light-mode  background-none\" style=\"\">\n\t<div class=\"side-by-side-content light-mode\">\n\t\t\t\t\t\t\t\t\t\t\t\t\t\t<div class=\"content-block-regular\">\n\t\t\t\t\t\t<div class=\"artwork-block artwork-right\">\n\t\t\t\t\t\t\t\t\t\t\t\t\t\t\t<figure class=\"squared\" style=\"position: relative;\">\n\t\t\t\t\t\t\t\t\t<img decoding=\"async\" src=\"https:\/\/i0.wp.com\/www.opensolar.com\/wp-content\/uploads\/2025\/01\/partner-art-enfin.png?fit=1200%2C1001&#038;quality=80&#038;ssl=1\" class=\"motion-artwork-base-side-by-side-block_e32ec9506185c2d26e632325ee1b0a9f\" alt=\"\" style=\"z-index: 0;\" \/>\n\t\t\t\t\t\t\t\t\t\t\t\t\t\t\t\t\t\t<img decoding=\"async\" src=\"\" class=\"motion-artwork-layer1-side-by-side-block_e32ec9506185c2d26e632325ee1b0a9f\" alt=\"\" style=\"z-index: 1; position: absolute; top: 0; left: 0;\" \/>\n\t\t\t\t\t\t\t\t<\/figure>\n\t\t\t\t\t\t\t\t\t\t\t\t\t\t\t\t\t\t\t\t\t\t\t\t\t\t\t\t<div class=\"text-space\">\n\t\t\t\t\t\t\t\t\t\t\t\t\t\t\t\t<h2 class=\"light-mode\"><p>Ofrecer financiaci\u00f3n competitiva<\/p>\n<\/h2>\t\t\t\t\t\t\t\t<div class=\"sub-headline light-mode\"><p>Difer\u00e9nciate de la competencia y ayuda a tus clientes a tomar el control de sus costes energ\u00e9ticos con la financiaci\u00f3n EnFin, integrada en tu flujo de trabajo OpenSolar.<\/p>\n<\/div>\t\t\t\t\t\t\t\t<div class=\"text light-mode\"><ul>\n<li>Cierra m\u00e1s tratos haciendo que la energ\u00eda solar sea m\u00e1s accesible econ\u00f3micamente para tus clientes<\/li>\n<li>Ahorra tiempo en cada operaci\u00f3n financiada eliminando la introducci\u00f3n manual de datos<\/li>\n<li>Ofrece financiaci\u00f3n directamente en tu propuesta OpenSolar<\/li>\n<\/ul>\n<\/div>\t\t\t\t\t\t\t\t\t\t\t\t\t\t\t\t\t\t\t\t\t\t\t\t\t<div class=\"actions\">\n\t\t\t\t\t\t\t\t\t\t\t\t\t\t\t\t\t\t\t\t\t<div class=\"button\">\n\t\t\t\t\t\t\t\t\t\t\t\t<a href=\"#get-started\" target=\"_self\" class=\"button-sbs-filled\">\n\t\t\t\t\t\t\t\t\t\t\t\t\t<span>Empezar<\/span>\n\t\t\t\t\t\t\t\t\t\t\t\t\t<svg xmlns=\"http:\/\/www.w3.org\/2000\/svg\" width=\"16\" height=\"16\" viewBox=\"0 0 16 16\" fill=\"none\">\n\t\t\t\t\t\t\t\t\t\t\t\t\t\t<path d=\"M6.66667 4.66675L10 8.00008L6.66667 11.3334\" stroke=\"#1751D0\" stroke-width=\"2\" stroke-linecap=\"round\" stroke-linejoin=\"round\"\/>\n\t\t\t\t\t\t\t\t\t\t\t\t\t<\/svg>\n\t\t\t\t\t\t\t\t\t\t\t\t<\/a>\n\t\t\t\t\t\t\t\t\t\t\t\t\t\t\t\t\t\t\t\t\t\t\t<\/div>\n\t\t\t\t\t\t\t\t\t\t\t\t\t\t\t\t\t\t\t\t\t\t\t\t\t\t\t\t\t<\/div>\n\t\t\t\t\t\t\t\t\t\t\t\t\t\t\t<\/div>\n\t\t\t\t\t\t<\/div>\n\t\t\t\t\t<\/div>\n\t\t\t\t\t\t\t\t\t\t\t\t\t\t\t\t\t\t\t\t\t\t<\/div>\n<\/section>\n<section id=\"grid-block_611f05ca4887c3b85f03ca5a34070031\" class=\"grid motion-grid-block light-mode background-bright-grey-200\" style=\"\">\n\t\t\t\t\t\t\t\t\t\t\t\t<div class=\"cards default no-top-margin\">\n\t\t\t\t\t\t\t\t\t\t\t\t\t\t\t\t\t\t\t\t\t\t\t\t\t<div class=\"card card-grid-block_611f05ca4887c3b85f03ca5a34070031-1 card-style-default card-container-padded \" style=\"  \">\n\t\t\t\t\t\t\t\t\t\t\t\t\t\t\t\t\t\t\t\t\t\t\t\t\t\t\t\t<div class=\"icon\">\n\t\t\t\t\t\t\t\t\t<figure>\n\t\t\t\t\t\t\t\t\t\t<img loading=\"lazy\" decoding=\"async\" width=\"96\" height=\"96\" src=\"https:\/\/i0.wp.com\/www.opensolar.com\/wp-content\/uploads\/2025\/01\/icon-percent.png?fit=96%2C96&amp;quality=80&amp;ssl=1\" class=\"attachment-full size-full\" alt=\"\" \/>\t\t\t\t\t\t\t\t\t<\/figure>\n\t\t\t\t\t\t\t\t<\/div>\n\t\t\t\t\t\t\t\t\t\t\t\t\t\t\t\t\t\t\t\t\t\t\t\t\t\t\t\t\t\t\t\t\t\t\t\t\t\t\t\t\t\t\t\t\t<div class=\"headline light-mode\">Altas tasas de aprobaci\u00f3n<\/div>\n\t\t\t\t\t\t\t\t\t\t\t\t\t\t\t\t\t\t\t\t\t\t\t\t\t\t\t\t\t\t<div class=\"text light-mode\"><p>EnFin va m\u00e1s all\u00e1 de la puntuaci\u00f3n crediticia para ofrecer tipos asequibles en pr\u00e9stamos solares a los propietarios de viviendas que cumplan los requisitos<\/p>\n<\/div>\t\t\t\t\t\t\t\t\t\t\t\t\t\t\t\t\t\t\t\t\t\t\t\t\t\t\t\t\t\t\t\t\t\t\t\t\t\t\t\t\t\t\t\t\t\t\t\t\t\t\t\t\t\t\t\t\t\t\t\t\t\t\t\t\t\t\t\t\t\t\t\t\t\t\t\t\t\t\t\t\t\t\t\t\t\t\t\t\t\t\t\t\t\t\t\t\t\t\t\t\t\t\t\t\t\t<\/div>\n\t\t\t\t\t\t\t\t\t\t\t\t\t\t\t\t\t\t\t\t\t\t\t\t\t\t\t\t\t\t\t\t\t\t\t\t\t\t\t\t<div class=\"card card-grid-block_611f05ca4887c3b85f03ca5a34070031-2 card-style-default card-container-padded \" style=\"  \">\n\t\t\t\t\t\t\t\t\t\t\t\t\t\t\t\t\t\t\t\t\t\t\t\t\t\t\t\t<div class=\"icon\">\n\t\t\t\t\t\t\t\t\t<figure>\n\t\t\t\t\t\t\t\t\t\t<img loading=\"lazy\" decoding=\"async\" width=\"96\" height=\"97\" src=\"https:\/\/i0.wp.com\/www.opensolar.com\/wp-content\/uploads\/2025\/01\/icon-rocket_launch.png?fit=96%2C97&amp;quality=80&amp;ssl=1\" class=\"attachment-full size-full\" alt=\"\" \/>\t\t\t\t\t\t\t\t\t<\/figure>\n\t\t\t\t\t\t\t\t<\/div>\n\t\t\t\t\t\t\t\t\t\t\t\t\t\t\t\t\t\t\t\t\t\t\t\t\t\t\t\t\t\t\t\t\t\t\t\t\t\t\t\t\t\t\t\t\t<div class=\"headline light-mode\">Financiaci\u00f3n fiable<\/div>\n\t\t\t\t\t\t\t\t\t\t\t\t\t\t\t\t\t\t\t\t\t\t\t\t\t\t\t\t\t\t<div class=\"text light-mode\"><p>Una vez aprobada, la financiaci\u00f3n es r\u00e1pida<br \/>\npara que puedas poner en marcha inmediatamente tu proyecto<\/p>\n<\/div>\t\t\t\t\t\t\t\t\t\t\t\t\t\t\t\t\t\t\t\t\t\t\t\t\t\t\t\t\t\t\t\t\t\t\t\t\t\t\t\t\t\t\t\t\t\t\t\t\t\t\t\t\t\t\t\t\t\t\t\t\t\t\t\t\t\t\t\t\t\t\t\t\t\t\t\t\t\t\t\t\t\t\t\t\t\t\t\t\t\t\t\t\t\t\t\t\t\t\t\t\t\t\t\t\t\t<\/div>\n\t\t\t\t\t\t\t\t\t\t\t\t\t\t\t\t\t\t\t\t\t\t\t\t\t\t\t\t\t\t\t\t\t\t\t\t\t\t\t\t<div class=\"card card-grid-block_611f05ca4887c3b85f03ca5a34070031-3 card-style-default card-container-padded \" style=\"  \">\n\t\t\t\t\t\t\t\t\t\t\t\t\t\t\t\t\t\t\t\t\t\t\t\t\t\t\t\t<div class=\"icon\">\n\t\t\t\t\t\t\t\t\t<figure>\n\t\t\t\t\t\t\t\t\t\t<img loading=\"lazy\" decoding=\"async\" width=\"96\" height=\"97\" src=\"https:\/\/i0.wp.com\/www.opensolar.com\/wp-content\/uploads\/2025\/01\/icon-process.png?fit=96%2C97&amp;quality=80&amp;ssl=1\" class=\"attachment-full size-full\" alt=\"\" \/>\t\t\t\t\t\t\t\t\t<\/figure>\n\t\t\t\t\t\t\t\t<\/div>\n\t\t\t\t\t\t\t\t\t\t\t\t\t\t\t\t\t\t\t\t\t\t\t\t\t\t\t\t\t\t\t\t\t\t\t\t\t\t\t\t\t\t\t\t\t<div class=\"headline light-mode\">Proceso sin fisuras<\/div>\n\t\t\t\t\t\t\t\t\t\t\t\t\t\t\t\t\t\t\t\t\t\t\t\t\t\t\t\t\t\t<div class=\"text light-mode\"><p>La tecnolog\u00eda de EnFin simplifica el proceso de aprobaci\u00f3n y pr\u00e9stamo<\/p>\n<p> para instaladores y prestatarios<\/p>\n<\/div>\t\t\t\t\t\t\t\t\t\t\t\t\t\t\t\t\t\t\t\t\t\t\t\t\t\t\t\t\t\t\t\t\t\t\t\t\t\t\t\t\t\t\t\t\t\t\t\t\t\t\t\t\t\t\t\t\t\t\t\t\t\t\t\t\t\t\t\t\t\t\t\t\t\t\t\t\t\t\t\t\t\t\t\t\t\t\t\t\t\t\t\t\t\t\t\t\t\t\t\t\t\t\t\t\t\t<\/div>\n\t\t\t\t\t\t\t\t\t\t\t\t\t\t\t\t\t\t\t\t<\/div>\n\t\t\t\t\t\t\t\t\t<\/section><section id=\"get-started\" class=\"one-column bs-h-regular bs-tp-none bs-sp-regular bs-bp-regular light-mode  background-none\" style=\"\">\n\t<div class=\"block-style-center\">\n\t\t\t\t\t<header>\n\t\t\t\t\t\t\t\t\t\t\t\t<h2 id=\"get-started-h2\" class=\"black one-column-headline light-mode\"><p>\u00bfQuieres saber m\u00e1s?<\/p>\n<\/h2>\t\t\t\t<div class=\"subtext light-mode\"><p>Rellena el siguiente formulario y un miembro de nuestro equipo se pondr\u00e1 en contacto contigo para darte m\u00e1s informaci\u00f3n sobre esta integraci\u00f3n.<\/p>\n<\/div>\t\t\t<\/header>\n\t\t\t\t<div class=\"center-column\">\n\t\t\t\t\t\t\t\t\t\t\t\t\t\t\t\t\t\t<div class=\"code light-mode\">\n\t\t\t\t\t\t\t<script charset=\"utf-8\" type=\"text\/javascript\" src=\"\/\/js.hsforms.net\/forms\/embed\/v2.js\"><\/script>\n\t\t\t\t\t\t\t<script>\n\t\t\t\t\t\t\t  hbspt.forms.create({\n\t\t\t\t\t\t\t\tregion: \"na1\",\n\t\t\t\t\t\t\t\tportalId: \"21246721\",\n\t\t\t\t\t\t\t\tformId: \"3542912e-9d75-4fb5-9b79-2ec0b561ac55\"\n\t\t\t\t\t\t\t  });\n\t\t\t\t\t\t\t<\/script>\n\t\t\t\t\t\t<\/div>\n\t\t\t\t\t\t\t\t\t\t\t\t\t\t<\/div>\n\t<\/div>\n<\/section><section id=\"one-column-block_3ed65b41b911ce4079170d84bc44a791\" class=\"one-column bs-h-regular bs-tp-none bs-sp-regular bs-bp-regular light-mode  background-none\" style=\"\">\n\t<div class=\"block-style-headline-left block-style-contained\">\n\t\t\t\t\t<header>\n\t\t\t\t\t\t\t\t\t\t\t\t<h2 id=\"one-column-block_3ed65b41b911ce4079170d84bc44a791-h2\" class=\"black one-column-headline light-mode\"><p>Preguntas frecuentes<\/p>\n<\/h2>\t\t\t\t<div class=\"subtext light-mode\"><p>Bienvenido a nuestra secci\u00f3n de preguntas frecuentes, donde hemos recopilado respuestas a las preguntas m\u00e1s habituales para que tu experiencia sea fluida. Tanto si tienes curiosidad sobre nuestros servicios o procesos, como si necesitas soluciones r\u00e1pidas, aqu\u00ed encontrar\u00e1s respuestas claras y concisas. Si tu pregunta no aparece en la lista, no dudes en ponerte en contacto con nosotros: \u00a1estaremos encantados de ayudarte!  <\/p>\n<\/div>\t\t\t<\/header>\n\t\t\t\t<div class=\"center-column\">\n\t\t\t\t\t\t\t\t\t\t\t\t\t\t\t\t\t\t<div class=\"accordions\">\n\t\t\t\t\t\t\t\t\t\t\t\t\t\t\t\t\t\t\t\t\t\t\t\t<div class=\"accordion\">\n\t\t\t\t\t\t\t\t\t\t<div class=\"opener\">\n\t\t\t\t\t\t\t\t\t\t\t<div class=\"label\">\u00bfQui\u00e9n es EnFin?<\/div>\n\t\t\t\t\t\t\t\t\t\t\t<div class=\"icon\">\n\t\t\t\t\t\t\t\t\t\t\t\t<svg xmlns=\"http:\/\/www.w3.org\/2000\/svg\" width=\"24\" height=\"24\" viewBox=\"0 0 24 24\" fill=\"none\">\n\t\t\t\t\t\t\t\t\t\t\t\t  <path d=\"M11.9969 4.7998L11.9969 19.1998M19.1969 11.9998L4.79688 11.9998\" stroke=\"#0A090B\" stroke-width=\"2\" stroke-linecap=\"round\"\/>\n\t\t\t\t\t\t\t\t\t\t\t\t<\/svg>\n\t\t\t\t\t\t\t\t\t\t\t<\/div>\n\t\t\t\t\t\t\t\t\t\t<\/div>\n\t\t\t\t\t\t\t\t\t\t<div class=\"closer\">\n\t\t\t\t\t\t\t\t\t\t\t<div class=\"description\"><p>La misi\u00f3n de EnFin es ayudar a crecer a los instaladores de energ\u00eda solar residencial permitiendo a los propietarios de viviendas tomar el control de los costes energ\u00e9ticos de su hogar con una financiaci\u00f3n asequible.<\/p>\n<ul>\n<li>EnFin cumple esta misi\u00f3n siendo la primera instituci\u00f3n de financiaci\u00f3n solar respaldada por un fabricante, Qcells.<\/li>\n<li>EnFin se esfuerza por crear la experiencia tecnol\u00f3gica m\u00e1s fluida para sus socios y prestatarios.<\/li>\n<\/ul>\n<p><a href=\"https:\/\/www.enfin.com\/\" target=\"_blank\" rel=\"noopener\">M\u00e1s informaci\u00f3n<\/a> sobre EnFin.<\/p>\n<\/div>\n\t\t\t\t\t\t\t\t\t\t<\/div>\n\t\t\t\t\t\t\t\t\t<\/div>\n\t\t\t\t\t\t\t\t\t\t\t\t\t\t\t\t\t<div class=\"accordion\">\n\t\t\t\t\t\t\t\t\t\t<div class=\"opener\">\n\t\t\t\t\t\t\t\t\t\t\t<div class=\"label\">\u00bfQui\u00e9n es OpenSolar?<\/div>\n\t\t\t\t\t\t\t\t\t\t\t<div class=\"icon\">\n\t\t\t\t\t\t\t\t\t\t\t\t<svg xmlns=\"http:\/\/www.w3.org\/2000\/svg\" width=\"24\" height=\"24\" viewBox=\"0 0 24 24\" fill=\"none\">\n\t\t\t\t\t\t\t\t\t\t\t\t  <path d=\"M11.9969 4.7998L11.9969 19.1998M19.1969 11.9998L4.79688 11.9998\" stroke=\"#0A090B\" stroke-width=\"2\" stroke-linecap=\"round\"\/>\n\t\t\t\t\t\t\t\t\t\t\t\t<\/svg>\n\t\t\t\t\t\t\t\t\t\t\t<\/div>\n\t\t\t\t\t\t\t\t\t\t<\/div>\n\t\t\t\t\t\t\t\t\t\t<div class=\"closer\">\n\t\t\t\t\t\t\t\t\t\t\t<div class=\"description\"><p>OpenSolar es un software de dise\u00f1o y propuestas l\u00edder en su clase que se ofrece de forma totalmente gratuita al instalador y a sus clientes. Con el objetivo de acelerar la adopci\u00f3n de la energ\u00eda solar en todo el mundo, OpenSolar funciona con: <\/p>\n<ul>\n<li aria-level=\"1\">sin cuotas de licencia ni de suscripci\u00f3n<\/li>\n<li aria-level=\"1\">sin l\u00edmite de plazas<\/li>\n<li aria-level=\"1\">sin tapas de dise\u00f1o<\/li>\n<li aria-level=\"1\">sin contratos largos<\/li>\n<\/ul>\n<p>OpenSolar es gratuito, as\u00ed que eres libre de crecer. <a href=\"https:\/\/www.opensolar.com\/\" target=\"_blank\" rel=\"noopener\">M\u00e1s informaci\u00f3n<\/a> sobre OpenSolar.<\/p>\n<\/div>\n\t\t\t\t\t\t\t\t\t\t<\/div>\n\t\t\t\t\t\t\t\t\t<\/div>\n\t\t\t\t\t\t\t\t\t\t\t\t\t\t\t\t\t<div class=\"accordion\">\n\t\t\t\t\t\t\t\t\t\t<div class=\"opener\">\n\t\t\t\t\t\t\t\t\t\t\t<div class=\"label\">\u00bfQu\u00e9 significa esto para m\u00ed?<\/div>\n\t\t\t\t\t\t\t\t\t\t\t<div class=\"icon\">\n\t\t\t\t\t\t\t\t\t\t\t\t<svg xmlns=\"http:\/\/www.w3.org\/2000\/svg\" width=\"24\" height=\"24\" viewBox=\"0 0 24 24\" fill=\"none\">\n\t\t\t\t\t\t\t\t\t\t\t\t  <path d=\"M11.9969 4.7998L11.9969 19.1998M19.1969 11.9998L4.79688 11.9998\" stroke=\"#0A090B\" stroke-width=\"2\" stroke-linecap=\"round\"\/>\n\t\t\t\t\t\t\t\t\t\t\t\t<\/svg>\n\t\t\t\t\t\t\t\t\t\t\t<\/div>\n\t\t\t\t\t\t\t\t\t\t<\/div>\n\t\t\t\t\t\t\t\t\t\t<div class=\"closer\">\n\t\t\t\t\t\t\t\t\t\t\t<div class=\"description\"><p>Al ofrecer financiaci\u00f3n EnFin a tus clientes, es m\u00e1s probable que compren el sistema que necesitan en lugar del que pueden permitirse en ese momento. Esto significa que puedes conseguir acuerdos m\u00e1s grandes con pagos mayores m\u00e1s a menudo. Con EnFin en OpenSolar, puedes incluir las competitivas opciones de financiaci\u00f3n de EnFin directamente en tu propuesta OpenSolar. OpenSolar te facilita la oferta de financiaci\u00f3n sin introducci\u00f3n manual de datos, con notificaciones de autoservicio, actualizaciones autom\u00e1ticas de tarifas y productos, y mucho m\u00e1s. <\/p>\n<\/div>\n\t\t\t\t\t\t\t\t\t\t<\/div>\n\t\t\t\t\t\t\t\t\t<\/div>\n\t\t\t\t\t\t\t\t\t\t\t\t\t\t\t\t\t<div class=\"accordion\">\n\t\t\t\t\t\t\t\t\t\t<div class=\"opener\">\n\t\t\t\t\t\t\t\t\t\t\t<div class=\"label\">\u00bfC\u00f3mo lo aprovecho?<\/div>\n\t\t\t\t\t\t\t\t\t\t\t<div class=\"icon\">\n\t\t\t\t\t\t\t\t\t\t\t\t<svg xmlns=\"http:\/\/www.w3.org\/2000\/svg\" width=\"24\" height=\"24\" viewBox=\"0 0 24 24\" fill=\"none\">\n\t\t\t\t\t\t\t\t\t\t\t\t  <path d=\"M11.9969 4.7998L11.9969 19.1998M19.1969 11.9998L4.79688 11.9998\" stroke=\"#0A090B\" stroke-width=\"2\" stroke-linecap=\"round\"\/>\n\t\t\t\t\t\t\t\t\t\t\t\t<\/svg>\n\t\t\t\t\t\t\t\t\t\t\t<\/div>\n\t\t\t\t\t\t\t\t\t\t<\/div>\n\t\t\t\t\t\t\t\t\t\t<div class=\"closer\">\n\t\t\t\t\t\t\t\t\t\t\t<div class=\"description\"><p>Si est\u00e1s interesado en empezar o simplemente en saber m\u00e1s sobre EnFin en OpenSolar, rellena el formulario anterior y un miembro de nuestro equipo se pondr\u00e1 en contacto contigo.<\/p>\n<\/div>\n\t\t\t\t\t\t\t\t\t\t<\/div>\n\t\t\t\t\t\t\t\t\t<\/div>\n\t\t\t\t\t\t\t\t\t\t\t\t\t\t\t\t\t\t\t\t\t<\/div>\n\t\t\t\t\t\t<script>\n\t\t\t\t\t\t\t$(document).ready(function(){\n\t\t\t\t\t\t\t\t$(\".accordion .opener\").click(function(){\n\t\t\t\t\t\t\t\t\t\t$(this).siblings(\".closer\").toggle();\n\t\t\t\t\t\t\t\t\t\t$(this).find(\".icon\").toggleClass('active');\n\t\t\t\t\t\t\t\t});\n\t\t\t\t\t\t\t});\n\t\t\t\t\t\t<\/script>\n\t\t\t\t\t\t\t\t\t\t\t\t\t\t<\/div>\n\t<\/div>\n<\/section>","protected":false},"excerpt":{"rendered":"","protected":false},"author":7,"featured_media":0,"parent":0,"menu_order":0,"comment_status":"closed","ping_status":"closed","template":"","meta":{"_acf_changed":false,"footnotes":""},"class_list":["post-10060","page","type-page","status-publish","hentry"],"acf":[],"yoast_head":"<!-- This site is optimized with the Yoast SEO Premium plugin v26.6 (Yoast SEO v26.6) - https:\/\/yoast.com\/wordpress\/plugins\/seo\/ -->\n<title>Enfin | OpenSolar<\/title>\n<meta name=\"robots\" content=\"index, follow, max-snippet:-1, max-image-preview:large, max-video-preview:-1\" \/>\n<link rel=\"canonical\" href=\"https:\/\/www.opensolar.com\/es\/enfin\/\" \/>\n<meta property=\"og:locale\" content=\"es_ES\" \/>\n<meta property=\"og:type\" content=\"article\" \/>\n<meta property=\"og:title\" content=\"Enfin\" \/>\n<meta property=\"og:url\" content=\"https:\/\/www.opensolar.com\/es\/enfin\/\" \/>\n<meta property=\"og:site_name\" content=\"OpenSolar\" \/>\n<meta property=\"article:publisher\" content=\"https:\/\/www.facebook.com\/OpenSolarGlobal\/\" \/>\n<meta property=\"article:modified_time\" content=\"2025-01-24T10:14:14+00:00\" \/>\n<meta property=\"og:image\" content=\"https:\/\/i0.wp.com\/www.opensolar.com\/wp-content\/uploads\/2024\/07\/OpenSolar-logo-for-WP.png?fit=1200%2C675&quality=80&ssl=1\" \/>\n\t<meta property=\"og:image:width\" content=\"1200\" \/>\n\t<meta property=\"og:image:height\" content=\"675\" \/>\n\t<meta property=\"og:image:type\" content=\"image\/png\" \/>\n<meta name=\"twitter:card\" content=\"summary_large_image\" \/>\n<meta name=\"twitter:site\" content=\"@opensolar\" \/>\n<script type=\"application\/ld+json\" class=\"yoast-schema-graph\">{\"@context\":\"https:\/\/schema.org\",\"@graph\":[{\"@type\":\"WebPage\",\"@id\":\"https:\/\/www.opensolar.com\/es\/enfin\/\",\"url\":\"https:\/\/www.opensolar.com\/es\/enfin\/\",\"name\":\"Enfin | OpenSolar\",\"isPartOf\":{\"@id\":\"https:\/\/www.opensolar.com\/es\/#website\"},\"datePublished\":\"2025-01-15T06:53:48+00:00\",\"dateModified\":\"2025-01-24T10:14:14+00:00\",\"breadcrumb\":{\"@id\":\"https:\/\/www.opensolar.com\/es\/enfin\/#breadcrumb\"},\"inLanguage\":\"es\",\"potentialAction\":[{\"@type\":\"ReadAction\",\"target\":[\"https:\/\/www.opensolar.com\/es\/enfin\/\"]}]},{\"@type\":\"BreadcrumbList\",\"@id\":\"https:\/\/www.opensolar.com\/es\/enfin\/#breadcrumb\",\"itemListElement\":[{\"@type\":\"ListItem\",\"position\":1,\"name\":\"Home\",\"item\":\"https:\/\/www.opensolar.com\/es\/\"},{\"@type\":\"ListItem\",\"position\":2,\"name\":\"Enfin\"}]},{\"@type\":\"WebSite\",\"@id\":\"https:\/\/www.opensolar.com\/es\/#website\",\"url\":\"https:\/\/www.opensolar.com\/es\/\",\"name\":\"OpenSolar\",\"description\":\"Solar Design And Proposal Software\",\"publisher\":{\"@id\":\"https:\/\/www.opensolar.com\/es\/#organization\"},\"potentialAction\":[{\"@type\":\"SearchAction\",\"target\":{\"@type\":\"EntryPoint\",\"urlTemplate\":\"https:\/\/www.opensolar.com\/es\/?s={search_term_string}\"},\"query-input\":{\"@type\":\"PropertyValueSpecification\",\"valueRequired\":true,\"valueName\":\"search_term_string\"}}],\"inLanguage\":\"es\"},{\"@type\":\"Organization\",\"@id\":\"https:\/\/www.opensolar.com\/es\/#organization\",\"name\":\"OpenSolar\",\"url\":\"https:\/\/www.opensolar.com\/es\/\",\"logo\":{\"@type\":\"ImageObject\",\"inLanguage\":\"es\",\"@id\":\"https:\/\/www.opensolar.com\/es\/#\/schema\/logo\/image\/\",\"url\":\"https:\/\/www.opensolar.com\/wp-content\/uploads\/2026\/04\/OpenSolar-Horizontal-Color.svg\",\"contentUrl\":\"https:\/\/www.opensolar.com\/wp-content\/uploads\/2026\/04\/OpenSolar-Horizontal-Color.svg\",\"caption\":\"OpenSolar\"},\"image\":{\"@id\":\"https:\/\/www.opensolar.com\/es\/#\/schema\/logo\/image\/\"},\"sameAs\":[\"https:\/\/www.facebook.com\/OpenSolarGlobal\/\",\"https:\/\/x.com\/opensolar\",\"https:\/\/www.instagram.com\/open.solar\/\",\"https:\/\/www.linkedin.com\/company\/14522819\",\"https:\/\/www.youtube.com\/channel\/UCw3mdQ_ilIq9ZrPpCa_VOnA\/videos\"],\"description\":\"The world's leading solar design and proposal software. Free of charge so you're free to grow.\"}]}<\/script>\n<!-- \/ Yoast SEO Premium plugin. -->","yoast_head_json":{"title":"Enfin | OpenSolar","robots":{"index":"index","follow":"follow","max-snippet":"max-snippet:-1","max-image-preview":"max-image-preview:large","max-video-preview":"max-video-preview:-1"},"canonical":"https:\/\/www.opensolar.com\/es\/enfin\/","og_locale":"es_ES","og_type":"article","og_title":"Enfin","og_url":"https:\/\/www.opensolar.com\/es\/enfin\/","og_site_name":"OpenSolar","article_publisher":"https:\/\/www.facebook.com\/OpenSolarGlobal\/","article_modified_time":"2025-01-24T10:14:14+00:00","og_image":[{"width":1200,"height":675,"url":"https:\/\/i0.wp.com\/www.opensolar.com\/wp-content\/uploads\/2024\/07\/OpenSolar-logo-for-WP.png?fit=1200%2C675&quality=80&ssl=1","type":"image\/png"}],"twitter_card":"summary_large_image","twitter_site":"@opensolar","schema":{"@context":"https:\/\/schema.org","@graph":[{"@type":"WebPage","@id":"https:\/\/www.opensolar.com\/es\/enfin\/","url":"https:\/\/www.opensolar.com\/es\/enfin\/","name":"Enfin | OpenSolar","isPartOf":{"@id":"https:\/\/www.opensolar.com\/es\/#website"},"datePublished":"2025-01-15T06:53:48+00:00","dateModified":"2025-01-24T10:14:14+00:00","breadcrumb":{"@id":"https:\/\/www.opensolar.com\/es\/enfin\/#breadcrumb"},"inLanguage":"es","potentialAction":[{"@type":"ReadAction","target":["https:\/\/www.opensolar.com\/es\/enfin\/"]}]},{"@type":"BreadcrumbList","@id":"https:\/\/www.opensolar.com\/es\/enfin\/#breadcrumb","itemListElement":[{"@type":"ListItem","position":1,"name":"Home","item":"https:\/\/www.opensolar.com\/es\/"},{"@type":"ListItem","position":2,"name":"Enfin"}]},{"@type":"WebSite","@id":"https:\/\/www.opensolar.com\/es\/#website","url":"https:\/\/www.opensolar.com\/es\/","name":"OpenSolar","description":"Solar Design And Proposal Software","publisher":{"@id":"https:\/\/www.opensolar.com\/es\/#organization"},"potentialAction":[{"@type":"SearchAction","target":{"@type":"EntryPoint","urlTemplate":"https:\/\/www.opensolar.com\/es\/?s={search_term_string}"},"query-input":{"@type":"PropertyValueSpecification","valueRequired":true,"valueName":"search_term_string"}}],"inLanguage":"es"},{"@type":"Organization","@id":"https:\/\/www.opensolar.com\/es\/#organization","name":"OpenSolar","url":"https:\/\/www.opensolar.com\/es\/","logo":{"@type":"ImageObject","inLanguage":"es","@id":"https:\/\/www.opensolar.com\/es\/#\/schema\/logo\/image\/","url":"https:\/\/www.opensolar.com\/wp-content\/uploads\/2026\/04\/OpenSolar-Horizontal-Color.svg","contentUrl":"https:\/\/www.opensolar.com\/wp-content\/uploads\/2026\/04\/OpenSolar-Horizontal-Color.svg","caption":"OpenSolar"},"image":{"@id":"https:\/\/www.opensolar.com\/es\/#\/schema\/logo\/image\/"},"sameAs":["https:\/\/www.facebook.com\/OpenSolarGlobal\/","https:\/\/x.com\/opensolar","https:\/\/www.instagram.com\/open.solar\/","https:\/\/www.linkedin.com\/company\/14522819","https:\/\/www.youtube.com\/channel\/UCw3mdQ_ilIq9ZrPpCa_VOnA\/videos"],"description":"The world's leading solar design and proposal software. Free of charge so you're free to grow."}]}},"_links":{"self":[{"href":"https:\/\/www.opensolar.com\/es\/wp-json\/wp\/v2\/pages\/10060","targetHints":{"allow":["GET"]}}],"collection":[{"href":"https:\/\/www.opensolar.com\/es\/wp-json\/wp\/v2\/pages"}],"about":[{"href":"https:\/\/www.opensolar.com\/es\/wp-json\/wp\/v2\/types\/page"}],"author":[{"embeddable":true,"href":"https:\/\/www.opensolar.com\/es\/wp-json\/wp\/v2\/users\/7"}],"replies":[{"embeddable":true,"href":"https:\/\/www.opensolar.com\/es\/wp-json\/wp\/v2\/comments?post=10060"}],"version-history":[{"count":0,"href":"https:\/\/www.opensolar.com\/es\/wp-json\/wp\/v2\/pages\/10060\/revisions"}],"wp:attachment":[{"href":"https:\/\/www.opensolar.com\/es\/wp-json\/wp\/v2\/media?parent=10060"}],"curies":[{"name":"wp","href":"https:\/\/api.w.org\/{rel}","templated":true}]}}