{"id":10842,"date":"2025-01-02T06:21:37","date_gmt":"2025-01-02T06:21:37","guid":{"rendered":"https:\/\/www.opensolar.com\/socio\/"},"modified":"2026-04-08T23:00:40","modified_gmt":"2026-04-08T23:00:40","slug":"socio","status":"publish","type":"page","link":"https:\/\/www.opensolar.com\/es\/socio\/","title":{"rendered":"Socio"},"content":{"rendered":"<section id=\"hero-block_bed6ae99ec604595604f7b34cfa92388\" class=\"hero background-load-black light-mode background-artwork\" style=\"background-image: url(https:\/\/i0.wp.com\/www.opensolar.com\/wp-content\/uploads\/2026\/02\/Partners.jpg?fit=1971%2C1053&#038;quality=89&#038;ssl=1);\">\n\t\t\t\t\t<div class=\"advanced-grid\">\n\t\t\t\t\t\t\t\t\t\t\t\t\t\t\t\t\t\t\t\t\t\t\t\t<div class=\"main-content\">\n\t\t\t\t\t<div class=\"top\">\n\t\t\t\t\t\t<h1 id=\"hero-block_bed6ae99ec604595604f7b34cfa92388-h1\" class=\"simple-grid motion-hero-simple-grid\"><p>Con la confianza de <strong>m\u00e1s de 28.000 profesionales de la electrificaci\u00f3n solar<\/strong> de m\u00e1s de 185 pa\u00edses<\/p>\n<\/h1>\t\t\t\t\t\t<div class=\"sub-headline simple-grid\"><p>OpenSolar permite a los socios comercializar sus productos y servicios e integrarse en nuestra plataforma para conectar con la mayor comunidad de profesionales de la energ\u00eda solar del mundo.<\/p>\n<\/div>\t\t\t\t\t\t\t\t\t\t\t<\/div>\n\t\t\t\t\t<div class=\"bottom simple-grid\">\n\t\t\t\t\t\t<a id=\"advanced-grid-card-1\" href=\"https:\/\/www.opensolar.com\/marketing-services\/\" class=\"card\">\n\t\t\t\t\t\t\t<div class=\"card-top\">\n\t\t\t\t\t\t\t\t<div class=\"thumbnail\"><img loading=\"lazy\" decoding=\"async\" width=\"128\" height=\"128\" src=\"https:\/\/i0.wp.com\/www.opensolar.com\/wp-content\/uploads\/2025\/01\/icon-partner-marketing.png?fit=128%2C128&amp;quality=80&amp;ssl=1\" class=\"attachment-full size-full\" alt=\"\" \/><\/div>\t\t\t\t\t\t\t\t<div class=\"title\">Servicios de Marketing<\/div>\t\t\t\t\t\t\t\t<div class=\"description\">Sofisticadas soluciones de marketing para que los fabricantes lleguen a un p\u00fablico exclusivo 100% profesional de la energ\u00eda solar en el centro de su flujo de trabajo diario, en los lugares contextualmente m\u00e1s relevantes de Internet.<\/div>\t\t\t\t\t\t\t<\/div>\n\t\t\t\t\t\t\t<div class=\"card-bottom\">\n\t\t\t\t\t\t\t\t<span>Ver<\/span>\n\t\t\t\t\t\t\t\t<svg xmlns=\"http:\/\/www.w3.org\/2000\/svg\" width=\"12\" height=\"12\" viewBox=\"0 0 12 12\" fill=\"none\">\n\t\t\t\t\t\t\t\t\t<path d=\"M6.83333 1.625L11 6M11 6L6.83333 10.375M11 6L1 6\" stroke=\"white\" stroke-width=\"1.5\" stroke-linecap=\"round\" stroke-linejoin=\"round\"\/>\n\t\t\t\t\t\t\t\t<\/svg>\n\t\t\t\t\t\t\t<\/div>\n\t\t\t\t\t\t<\/a>\t\t\t\t\t\t<a id=\"advanced-grid-card-2\" href=\"https:\/\/www.opensolar.com\/partner-services\/\" class=\"card\">\n\t\t\t\t\t\t\t<div class=\"card-top\">\n\t\t\t\t\t\t\t\t<div class=\"thumbnail\"><img loading=\"lazy\" decoding=\"async\" width=\"128\" height=\"128\" src=\"https:\/\/i0.wp.com\/www.opensolar.com\/wp-content\/uploads\/2025\/01\/icon-partner-services.png?fit=128%2C128&amp;quality=80&amp;ssl=1\" class=\"attachment-full size-full\" alt=\"\" \/><\/div>\t\t\t\t\t\t\t\t<div class=\"title\">Servicios para Socios<\/div>\t\t\t\t\t\t\t\t<div class=\"description\">Soluciones de pedidos estrechamente integradas para fabricantes, distribuidores y prestamistas de financiaci\u00f3n solar. Venda sus productos en el punto perfecto del flujo de trabajo del contratista solar, creando eficiencias para ellos y para usted.<\/div>\t\t\t\t\t\t\t<\/div>\n\t\t\t\t\t\t\t<div class=\"card-bottom\">\n\t\t\t\t\t\t\t\t<span>Ver<\/span>\n\t\t\t\t\t\t\t\t<svg xmlns=\"http:\/\/www.w3.org\/2000\/svg\" width=\"12\" height=\"12\" viewBox=\"0 0 12 12\" fill=\"none\">\n\t\t\t\t\t\t\t\t\t<path d=\"M6.83333 1.625L11 6M11 6L6.83333 10.375M11 6L1 6\" stroke=\"white\" stroke-width=\"1.5\" stroke-linecap=\"round\" stroke-linejoin=\"round\"\/>\n\t\t\t\t\t\t\t\t<\/svg>\n\t\t\t\t\t\t\t<\/div>\n\t\t\t\t\t\t<\/a>\t\t\t\t\t\t\t\t\t\t\t\t\t\t\t\t\t\t<script>\n\t\t\t\t\t\t\t$(document).ready(function() {\n\t\t\t\t\t\t\t\t$(\"#advanced-grid-card-1\").hover(\n\t\t\t\t\t\t\t\t\tfunction() {\n\t\t\t\t\t\t\t\t\t\t\/\/ Code to execute when the mouse enters the element\n\t\t\t\t\t\t\t\t\t\t$('.card-background-1').css(\"opacity\", \"1\");\n\t\t\t\t\t\t\t\t\t},\n\t\t\t\t\t\t\t\t\tfunction() {\n\t\t\t\t\t\t\t\t\t\t\/\/ Code to execute when the mouse leaves the element\n\t\t\t\t\t\t\t\t\t\t$('.card-background-1').css(\"opacity\", \"0\");\n\t\t\t\t\t\t\t\t\t}\n\t\t\t\t\t\t\t\t);\n\t\t\t\t\t\t\t\t$(\"#advanced-grid-card-2\").hover(\n\t\t\t\t\t\t\t\t\tfunction() {\n\t\t\t\t\t\t\t\t\t\t\/\/ Code to execute when the mouse enters the element\n\t\t\t\t\t\t\t\t\t\t$('.card-background-2').css(\"opacity\", \"1\");\n\t\t\t\t\t\t\t\t\t},\n\t\t\t\t\t\t\t\t\tfunction() {\n\t\t\t\t\t\t\t\t\t\t\/\/ Code to execute when the mouse leaves the element\n\t\t\t\t\t\t\t\t\t\t$('.card-background-2').css(\"opacity\", \"0\");\n\t\t\t\t\t\t\t\t\t}\n\t\t\t\t\t\t\t\t);\n\t\t\t\t\t\t\t\t$(\"#advanced-grid-card-3\").hover(\n\t\t\t\t\t\t\t\t\tfunction() {\n\t\t\t\t\t\t\t\t\t\t\/\/ Code to execute when the mouse enters the element\n\t\t\t\t\t\t\t\t\t\t$('.card-background-3').css(\"opacity\", \"1\");\n\t\t\t\t\t\t\t\t\t},\n\t\t\t\t\t\t\t\t\tfunction() {\n\t\t\t\t\t\t\t\t\t\t\/\/ Code to execute when the mouse leaves the element\n\t\t\t\t\t\t\t\t\t\t$('.card-background-3').css(\"opacity\", \"0\");\n\t\t\t\t\t\t\t\t\t}\n\t\t\t\t\t\t\t\t);\n\t\t\t\t\t\t\t});\n\t\t\t\t\t\t<\/script>\n\t\t\t\t\t<\/div>\n\t\t\t\t<\/div>\n\t\t\t<\/div>\n\t\t<\/section><section id=\"one-column-block_68cc2b85fe3eb94490019f22d54a8f41\" class=\"one-column bs-h-regular bs-tp-none bs-sp-regular bs-bp-regular light-mode  background-bright-grey-200\" style=\"\">\n\t<div class=\"block-style-center\">\n\t\t\t\t\t<header>\n\t\t\t\t\t\t\t\t\t\t\t\t<h2 id=\"one-column-block_68cc2b85fe3eb94490019f22d54a8f41-h2\" class=\"black one-column-headline light-mode\"><p>\u00danete a nosotros para <strong>dar forma al futuro de la energ\u00eda solar<\/strong><\/p>\n<\/h2>\t\t\t\t\t\t\t<\/header>\n\t\t\t\t<div class=\"center-column\">\n\t\t\t\t\t\t\t\t\t\t\t\t\t\t\t\t\t\t<div class=\"logos\">\n\t\t\t\t\t\t\t\t\t\t\t\t\t\t\t\t\t\t\t\t\t\t\t\t<figure>\n\t\t\t\t\t\t\t\t\t\t<img decoding=\"async\" src=\"https:\/\/www.opensolar.com\/wp-content\/uploads\/2026\/04\/logo2-a-recolored.svg\" class=\"attachment-full size-full\" alt=\"\" \/>\t\t\t\t\t\t\t\t\t<\/figure>\n\t\t\t\t\t\t\t\t\t\t\t\t\t\t\t\t\t<figure>\n\t\t\t\t\t\t\t\t\t\t<img decoding=\"async\" src=\"https:\/\/www.opensolar.com\/wp-content\/uploads\/2026\/04\/AGL.svg\" class=\"attachment-full size-full\" alt=\"\" \/>\t\t\t\t\t\t\t\t\t<\/figure>\n\t\t\t\t\t\t\t\t\t\t\t\t\t\t\t\t\t<figure>\n\t\t\t\t\t\t\t\t\t\t<img loading=\"lazy\" decoding=\"async\" width=\"698\" height=\"152\" src=\"https:\/\/i0.wp.com\/www.opensolar.com\/wp-content\/uploads\/2026\/04\/WINAICO.png?fit=698%2C152&amp;quality=80&amp;ssl=1\" class=\"attachment-full size-full\" alt=\"\" \/>\t\t\t\t\t\t\t\t\t<\/figure>\n\t\t\t\t\t\t\t\t\t\t\t\t\t\t\t\t\t<figure>\n\t\t\t\t\t\t\t\t\t\t<img loading=\"lazy\" decoding=\"async\" width=\"2560\" height=\"719\" src=\"https:\/\/i0.wp.com\/www.opensolar.com\/wp-content\/uploads\/2026\/04\/Palmeto-scaled.png?fit=2560%2C719&amp;quality=80&amp;ssl=1\" class=\"attachment-full size-full\" alt=\"\" srcset=\"https:\/\/i0.wp.com\/www.opensolar.com\/wp-content\/uploads\/2026\/04\/Palmeto-scaled.png?w=2560&amp;quality=80&amp;ssl=1 2560w, https:\/\/i0.wp.com\/www.opensolar.com\/wp-content\/uploads\/2026\/04\/Palmeto-scaled.png?resize=768%2C216&amp;quality=80&amp;ssl=1 768w, https:\/\/i0.wp.com\/www.opensolar.com\/wp-content\/uploads\/2026\/04\/Palmeto-scaled.png?resize=1536%2C431&amp;quality=80&amp;ssl=1 1536w, https:\/\/i0.wp.com\/www.opensolar.com\/wp-content\/uploads\/2026\/04\/Palmeto-scaled.png?resize=2048%2C575&amp;quality=80&amp;ssl=1 2048w, https:\/\/i0.wp.com\/www.opensolar.com\/wp-content\/uploads\/2026\/04\/Palmeto-scaled.png?w=1280&amp;quality=80&amp;ssl=1 1280w, https:\/\/i0.wp.com\/www.opensolar.com\/wp-content\/uploads\/2026\/04\/Palmeto-scaled.png?w=1920&amp;quality=80&amp;ssl=1 1920w\" sizes=\"auto, (max-width: 640px) 100vw, 640px\" \/>\t\t\t\t\t\t\t\t\t<\/figure>\n\t\t\t\t\t\t\t\t\t\t\t\t\t\t\t\t\t<figure>\n\t\t\t\t\t\t\t\t\t\t<img decoding=\"async\" src=\"https:\/\/www.opensolar.com\/wp-content\/uploads\/2026\/04\/REC.svg\" class=\"attachment-full size-full\" alt=\"\" \/>\t\t\t\t\t\t\t\t\t<\/figure>\n\t\t\t\t\t\t\t\t\t\t\t\t\t\t\t\t\t<figure>\n\t\t\t\t\t\t\t\t\t\t<img loading=\"lazy\" decoding=\"async\" width=\"2468\" height=\"374\" src=\"https:\/\/i0.wp.com\/www.opensolar.com\/wp-content\/uploads\/2026\/04\/Sunlight.png?fit=2468%2C374&amp;quality=80&amp;ssl=1\" class=\"attachment-full size-full\" alt=\"\" srcset=\"https:\/\/i0.wp.com\/www.opensolar.com\/wp-content\/uploads\/2026\/04\/Sunlight.png?w=2468&amp;quality=80&amp;ssl=1 2468w, https:\/\/i0.wp.com\/www.opensolar.com\/wp-content\/uploads\/2026\/04\/Sunlight.png?resize=768%2C116&amp;quality=80&amp;ssl=1 768w, https:\/\/i0.wp.com\/www.opensolar.com\/wp-content\/uploads\/2026\/04\/Sunlight.png?resize=1536%2C233&amp;quality=80&amp;ssl=1 1536w, https:\/\/i0.wp.com\/www.opensolar.com\/wp-content\/uploads\/2026\/04\/Sunlight.png?resize=2048%2C310&amp;quality=80&amp;ssl=1 2048w, https:\/\/i0.wp.com\/www.opensolar.com\/wp-content\/uploads\/2026\/04\/Sunlight.png?w=1280&amp;quality=80&amp;ssl=1 1280w, https:\/\/i0.wp.com\/www.opensolar.com\/wp-content\/uploads\/2026\/04\/Sunlight.png?w=1920&amp;quality=80&amp;ssl=1 1920w\" sizes=\"auto, (max-width: 640px) 100vw, 640px\" \/>\t\t\t\t\t\t\t\t\t<\/figure>\n\t\t\t\t\t\t\t\t\t\t\t\t\t\t\t\t\t<figure>\n\t\t\t\t\t\t\t\t\t\t<img loading=\"lazy\" decoding=\"async\" width=\"448\" height=\"112\" src=\"https:\/\/i0.wp.com\/www.opensolar.com\/wp-content\/uploads\/2025\/01\/ironridge-mono.png?fit=448%2C112&amp;quality=80&amp;ssl=1\" class=\"attachment-full size-full\" alt=\"\" \/>\t\t\t\t\t\t\t\t\t<\/figure>\n\t\t\t\t\t\t\t\t\t\t\t\t\t\t\t\t\t<figure>\n\t\t\t\t\t\t\t\t\t\t<img decoding=\"async\" src=\"https:\/\/www.opensolar.com\/wp-content\/uploads\/2026\/04\/Sunrgy.svg\" class=\"attachment-full size-full\" alt=\"\" \/>\t\t\t\t\t\t\t\t\t<\/figure>\n\t\t\t\t\t\t\t\t\t\t\t\t\t\t\t\t\t<figure>\n\t\t\t\t\t\t\t\t\t\t<img decoding=\"async\" src=\"https:\/\/www.opensolar.com\/wp-content\/uploads\/2026\/04\/givenergy-logo-green-1.svg\" class=\"attachment-full size-full\" alt=\"\" \/>\t\t\t\t\t\t\t\t\t<\/figure>\n\t\t\t\t\t\t\t\t\t\t\t\t\t\t\t\t\t<figure>\n\t\t\t\t\t\t\t\t\t\t<img loading=\"lazy\" decoding=\"async\" width=\"324\" height=\"112\" src=\"https:\/\/i0.wp.com\/www.opensolar.com\/wp-content\/uploads\/2025\/01\/plenti-mono.png?fit=324%2C112&amp;quality=80&amp;ssl=1\" class=\"attachment-full size-full\" alt=\"\" \/>\t\t\t\t\t\t\t\t\t<\/figure>\n\t\t\t\t\t\t\t\t\t\t\t\t\t\t\t\t\t<figure>\n\t\t\t\t\t\t\t\t\t\t<img decoding=\"async\" src=\"https:\/\/www.opensolar.com\/wp-content\/uploads\/2026\/04\/WaxmanEnergyLogo-traced-v3.svg\" class=\"attachment-full size-full\" alt=\"\" \/>\t\t\t\t\t\t\t\t\t<\/figure>\n\t\t\t\t\t\t\t\t\t\t\t\t\t\t\t\t\t<figure>\n\t\t\t\t\t\t\t\t\t\t<img loading=\"lazy\" decoding=\"async\" width=\"600\" height=\"192\" src=\"https:\/\/i0.wp.com\/www.opensolar.com\/wp-content\/uploads\/2026\/04\/hdm.png?fit=600%2C192&amp;quality=80&amp;ssl=1\" class=\"attachment-full size-full\" alt=\"\" \/>\t\t\t\t\t\t\t\t\t<\/figure>\n\t\t\t\t\t\t\t\t\t\t\t\t\t\t\t\t\t<figure>\n\t\t\t\t\t\t\t\t\t\t<img loading=\"lazy\" decoding=\"async\" width=\"413\" height=\"131\" src=\"https:\/\/i0.wp.com\/www.opensolar.com\/wp-content\/uploads\/2025\/03\/reclaim-logo-mono.png?fit=413%2C131&amp;quality=80&amp;ssl=1\" class=\"attachment-full size-full\" alt=\"\" \/>\t\t\t\t\t\t\t\t\t<\/figure>\n\t\t\t\t\t\t\t\t\t\t\t\t\t\t\t\t\t<figure>\n\t\t\t\t\t\t\t\t\t\t<img loading=\"lazy\" decoding=\"async\" width=\"1063\" height=\"211\" src=\"https:\/\/i0.wp.com\/www.opensolar.com\/wp-content\/uploads\/2026\/04\/handypay.png?fit=1063%2C211&amp;quality=80&amp;ssl=1\" class=\"attachment-full size-full\" alt=\"\" srcset=\"https:\/\/i0.wp.com\/www.opensolar.com\/wp-content\/uploads\/2026\/04\/handypay.png?w=1063&amp;quality=80&amp;ssl=1 1063w, https:\/\/i0.wp.com\/www.opensolar.com\/wp-content\/uploads\/2026\/04\/handypay.png?resize=768%2C152&amp;quality=80&amp;ssl=1 768w\" sizes=\"auto, (max-width: 640px) 100vw, 640px\" \/>\t\t\t\t\t\t\t\t\t<\/figure>\n\t\t\t\t\t\t\t\t\t\t\t\t\t\t\t\t\t<figure>\n\t\t\t\t\t\t\t\t\t\t<img loading=\"lazy\" decoding=\"async\" width=\"432\" height=\"112\" src=\"https:\/\/i0.wp.com\/www.opensolar.com\/wp-content\/uploads\/2025\/01\/solaredge-mono.png?fit=432%2C112&amp;quality=80&amp;ssl=1\" class=\"attachment-full size-full\" alt=\"\" \/>\t\t\t\t\t\t\t\t\t<\/figure>\n\t\t\t\t\t\t\t\t\t\t\t\t\t\t\t\t\t<figure>\n\t\t\t\t\t\t\t\t\t\t<img decoding=\"async\" src=\"https:\/\/www.opensolar.com\/wp-content\/uploads\/2026\/04\/propensio-recolored.svg\" class=\"attachment-full size-full\" alt=\"\" \/>\t\t\t\t\t\t\t\t\t<\/figure>\n\t\t\t\t\t\t\t\t\t\t\t\t\t\t\t\t\t<figure>\n\t\t\t\t\t\t\t\t\t\t<img loading=\"lazy\" decoding=\"async\" width=\"284\" height=\"112\" src=\"https:\/\/i0.wp.com\/www.opensolar.com\/wp-content\/uploads\/2025\/01\/sungagefinancial-mono.png?fit=284%2C112&amp;quality=80&amp;ssl=1\" class=\"attachment-full size-full\" alt=\"\" \/>\t\t\t\t\t\t\t\t\t<\/figure>\n\t\t\t\t\t\t\t\t\t\t\t\t\t\t\t\t\t<figure>\n\t\t\t\t\t\t\t\t\t\t<img loading=\"lazy\" decoding=\"async\" width=\"552\" height=\"112\" src=\"https:\/\/i0.wp.com\/www.opensolar.com\/wp-content\/uploads\/2026\/04\/Logo.png?fit=552%2C112&amp;quality=80&amp;ssl=1\" class=\"attachment-full size-full\" alt=\"\" \/>\t\t\t\t\t\t\t\t\t<\/figure>\n\t\t\t\t\t\t\t\t\t\t\t\t\t\t\t\t\t<figure>\n\t\t\t\t\t\t\t\t\t\t<img decoding=\"async\" src=\"https:\/\/www.opensolar.com\/wp-content\/uploads\/2026\/04\/SelinaFinance-recolored.svg\" class=\"attachment-full size-full\" alt=\"\" \/>\t\t\t\t\t\t\t\t\t<\/figure>\n\t\t\t\t\t\t\t\t\t\t\t\t\t\t\t\t\t<figure>\n\t\t\t\t\t\t\t\t\t\t<img decoding=\"async\" src=\"https:\/\/www.opensolar.com\/wp-content\/uploads\/2026\/04\/FOXESS-recolored.svg\" class=\"attachment-full size-full\" alt=\"\" \/>\t\t\t\t\t\t\t\t\t<\/figure>\n\t\t\t\t\t\t\t\t\t\t\t\t\t\t\t\t\t<figure>\n\t\t\t\t\t\t\t\t\t\t<img loading=\"lazy\" decoding=\"async\" width=\"414\" height=\"112\" src=\"https:\/\/i0.wp.com\/www.opensolar.com\/wp-content\/uploads\/2026\/04\/2Logo.png?fit=414%2C112&amp;quality=80&amp;ssl=1\" class=\"attachment-full size-full\" alt=\"\" \/>\t\t\t\t\t\t\t\t\t<\/figure>\n\t\t\t\t\t\t\t\t\t\t\t\t\t\t\t\t\t\t\t\t\t<\/div>\n\t\t\t\t\t\t\t\t\t\t\t\t\t\t\t\t\t\t\t\t<div class=\"button-layout\">\n\t\t\t\t\t\t\t\t\t\t\t\t\t\t\t<a href=\"https:\/\/www.opensolar.com\/es\/partners\/\" target=\"_self\" class=\"button-filled light-mode\">\n\t\t\t\t\t\t\t\t\t<span>Ver todos los socios<\/span>\n\t\t\t\t\t\t\t\t\t\t\t\t\t\t\t\t\t<\/a>\n\t\t\t\t\t\t\t\t\t\t\t\t\t<\/div>\n\t\t\t\t\t\t\t\t\t\t\t\t\t\t<\/div>\n\t<\/div>\n<\/section>","protected":false},"excerpt":{"rendered":"","protected":false},"author":7,"featured_media":0,"parent":0,"menu_order":0,"comment_status":"closed","ping_status":"closed","template":"","meta":{"_acf_changed":false,"footnotes":""},"class_list":["post-10842","page","type-page","status-publish","hentry"],"acf":[],"yoast_head":"<!-- This site is optimized with the Yoast SEO Premium plugin v26.6 (Yoast SEO v26.6) - https:\/\/yoast.com\/wordpress\/plugins\/seo\/ -->\n<title>Socios | Comercializa e Integra tu Negocio Solar en OpenSolar<\/title>\n<meta name=\"description\" content=\"Promociona tus productos solares entre m\u00e1s de 28.000 profesionales de todo el mundo con las herramientas de marketing e integraci\u00f3n de OpenSolar creadas para proveedores y prestamistas de energ\u00eda solar.\" \/>\n<meta name=\"robots\" content=\"index, follow, max-snippet:-1, max-image-preview:large, max-video-preview:-1\" \/>\n<link rel=\"canonical\" href=\"https:\/\/www.opensolar.com\/es\/socio\/\" \/>\n<meta property=\"og:locale\" content=\"es_ES\" \/>\n<meta property=\"og:type\" content=\"article\" \/>\n<meta property=\"og:title\" content=\"Socio\" \/>\n<meta property=\"og:description\" content=\"Promociona tus productos solares entre m\u00e1s de 28.000 profesionales de todo el mundo con las herramientas de marketing e integraci\u00f3n de OpenSolar creadas para proveedores y prestamistas de energ\u00eda solar.\" \/>\n<meta property=\"og:url\" content=\"https:\/\/www.opensolar.com\/es\/socio\/\" \/>\n<meta property=\"og:site_name\" content=\"OpenSolar\" \/>\n<meta property=\"article:publisher\" content=\"https:\/\/www.facebook.com\/OpenSolarGlobal\/\" \/>\n<meta property=\"article:modified_time\" content=\"2026-04-08T23:00:40+00:00\" \/>\n<meta property=\"og:image\" content=\"https:\/\/i0.wp.com\/www.opensolar.com\/wp-content\/uploads\/2024\/07\/OpenSolar-logo-for-WP.png?fit=1200%2C675&quality=80&ssl=1\" \/>\n\t<meta property=\"og:image:width\" content=\"1200\" \/>\n\t<meta property=\"og:image:height\" content=\"675\" \/>\n\t<meta property=\"og:image:type\" content=\"image\/png\" \/>\n<meta name=\"twitter:card\" content=\"summary_large_image\" \/>\n<meta name=\"twitter:site\" content=\"@opensolar\" \/>\n<script type=\"application\/ld+json\" class=\"yoast-schema-graph\">{\"@context\":\"https:\/\/schema.org\",\"@graph\":[{\"@type\":\"WebPage\",\"@id\":\"https:\/\/www.opensolar.com\/es\/socio\/\",\"url\":\"https:\/\/www.opensolar.com\/es\/socio\/\",\"name\":\"Socios | Comercializa e Integra tu Negocio Solar en OpenSolar\",\"isPartOf\":{\"@id\":\"https:\/\/www.opensolar.com\/es\/#website\"},\"datePublished\":\"2025-01-02T06:21:37+00:00\",\"dateModified\":\"2026-04-08T23:00:40+00:00\",\"description\":\"Promociona tus productos solares entre m\u00e1s de 28.000 profesionales de todo el mundo con las herramientas de marketing e integraci\u00f3n de OpenSolar creadas para proveedores y prestamistas de energ\u00eda solar.\",\"breadcrumb\":{\"@id\":\"https:\/\/www.opensolar.com\/es\/socio\/#breadcrumb\"},\"inLanguage\":\"es\",\"potentialAction\":[{\"@type\":\"ReadAction\",\"target\":[\"https:\/\/www.opensolar.com\/es\/socio\/\"]}]},{\"@type\":\"BreadcrumbList\",\"@id\":\"https:\/\/www.opensolar.com\/es\/socio\/#breadcrumb\",\"itemListElement\":[{\"@type\":\"ListItem\",\"position\":1,\"name\":\"Home\",\"item\":\"https:\/\/www.opensolar.com\/es\/\"},{\"@type\":\"ListItem\",\"position\":2,\"name\":\"Socio\"}]},{\"@type\":\"WebSite\",\"@id\":\"https:\/\/www.opensolar.com\/es\/#website\",\"url\":\"https:\/\/www.opensolar.com\/es\/\",\"name\":\"OpenSolar\",\"description\":\"Solar Design And Proposal Software\",\"publisher\":{\"@id\":\"https:\/\/www.opensolar.com\/es\/#organization\"},\"potentialAction\":[{\"@type\":\"SearchAction\",\"target\":{\"@type\":\"EntryPoint\",\"urlTemplate\":\"https:\/\/www.opensolar.com\/es\/?s={search_term_string}\"},\"query-input\":{\"@type\":\"PropertyValueSpecification\",\"valueRequired\":true,\"valueName\":\"search_term_string\"}}],\"inLanguage\":\"es\"},{\"@type\":\"Organization\",\"@id\":\"https:\/\/www.opensolar.com\/es\/#organization\",\"name\":\"OpenSolar\",\"url\":\"https:\/\/www.opensolar.com\/es\/\",\"logo\":{\"@type\":\"ImageObject\",\"inLanguage\":\"es\",\"@id\":\"https:\/\/www.opensolar.com\/es\/#\/schema\/logo\/image\/\",\"url\":\"https:\/\/www.opensolar.com\/wp-content\/uploads\/2026\/03\/OpenSolar-Horizontal-Color.svg\",\"contentUrl\":\"https:\/\/www.opensolar.com\/wp-content\/uploads\/2026\/03\/OpenSolar-Horizontal-Color.svg\",\"caption\":\"OpenSolar\"},\"image\":{\"@id\":\"https:\/\/www.opensolar.com\/es\/#\/schema\/logo\/image\/\"},\"sameAs\":[\"https:\/\/www.facebook.com\/OpenSolarGlobal\/\",\"https:\/\/x.com\/opensolar\",\"https:\/\/www.instagram.com\/open.solar\/\",\"https:\/\/www.linkedin.com\/company\/14522819\",\"https:\/\/www.youtube.com\/channel\/UCw3mdQ_ilIq9ZrPpCa_VOnA\/videos\"],\"description\":\"The world's leading solar design and proposal software. Free of charge so you're free to grow.\"}]}<\/script>\n<!-- \/ Yoast SEO Premium plugin. -->","yoast_head_json":{"title":"Socios | Comercializa e Integra tu Negocio Solar en OpenSolar","description":"Promociona tus productos solares entre m\u00e1s de 28.000 profesionales de todo el mundo con las herramientas de marketing e integraci\u00f3n de OpenSolar creadas para proveedores y prestamistas de energ\u00eda solar.","robots":{"index":"index","follow":"follow","max-snippet":"max-snippet:-1","max-image-preview":"max-image-preview:large","max-video-preview":"max-video-preview:-1"},"canonical":"https:\/\/www.opensolar.com\/es\/socio\/","og_locale":"es_ES","og_type":"article","og_title":"Socio","og_description":"Promociona tus productos solares entre m\u00e1s de 28.000 profesionales de todo el mundo con las herramientas de marketing e integraci\u00f3n de OpenSolar creadas para proveedores y prestamistas de energ\u00eda solar.","og_url":"https:\/\/www.opensolar.com\/es\/socio\/","og_site_name":"OpenSolar","article_publisher":"https:\/\/www.facebook.com\/OpenSolarGlobal\/","article_modified_time":"2026-04-08T23:00:40+00:00","og_image":[{"width":1200,"height":675,"url":"https:\/\/i0.wp.com\/www.opensolar.com\/wp-content\/uploads\/2024\/07\/OpenSolar-logo-for-WP.png?fit=1200%2C675&quality=80&ssl=1","type":"image\/png"}],"twitter_card":"summary_large_image","twitter_site":"@opensolar","schema":{"@context":"https:\/\/schema.org","@graph":[{"@type":"WebPage","@id":"https:\/\/www.opensolar.com\/es\/socio\/","url":"https:\/\/www.opensolar.com\/es\/socio\/","name":"Socios | Comercializa e Integra tu Negocio Solar en OpenSolar","isPartOf":{"@id":"https:\/\/www.opensolar.com\/es\/#website"},"datePublished":"2025-01-02T06:21:37+00:00","dateModified":"2026-04-08T23:00:40+00:00","description":"Promociona tus productos solares entre m\u00e1s de 28.000 profesionales de todo el mundo con las herramientas de marketing e integraci\u00f3n de OpenSolar creadas para proveedores y prestamistas de energ\u00eda solar.","breadcrumb":{"@id":"https:\/\/www.opensolar.com\/es\/socio\/#breadcrumb"},"inLanguage":"es","potentialAction":[{"@type":"ReadAction","target":["https:\/\/www.opensolar.com\/es\/socio\/"]}]},{"@type":"BreadcrumbList","@id":"https:\/\/www.opensolar.com\/es\/socio\/#breadcrumb","itemListElement":[{"@type":"ListItem","position":1,"name":"Home","item":"https:\/\/www.opensolar.com\/es\/"},{"@type":"ListItem","position":2,"name":"Socio"}]},{"@type":"WebSite","@id":"https:\/\/www.opensolar.com\/es\/#website","url":"https:\/\/www.opensolar.com\/es\/","name":"OpenSolar","description":"Solar Design And Proposal Software","publisher":{"@id":"https:\/\/www.opensolar.com\/es\/#organization"},"potentialAction":[{"@type":"SearchAction","target":{"@type":"EntryPoint","urlTemplate":"https:\/\/www.opensolar.com\/es\/?s={search_term_string}"},"query-input":{"@type":"PropertyValueSpecification","valueRequired":true,"valueName":"search_term_string"}}],"inLanguage":"es"},{"@type":"Organization","@id":"https:\/\/www.opensolar.com\/es\/#organization","name":"OpenSolar","url":"https:\/\/www.opensolar.com\/es\/","logo":{"@type":"ImageObject","inLanguage":"es","@id":"https:\/\/www.opensolar.com\/es\/#\/schema\/logo\/image\/","url":"https:\/\/www.opensolar.com\/wp-content\/uploads\/2026\/03\/OpenSolar-Horizontal-Color.svg","contentUrl":"https:\/\/www.opensolar.com\/wp-content\/uploads\/2026\/03\/OpenSolar-Horizontal-Color.svg","caption":"OpenSolar"},"image":{"@id":"https:\/\/www.opensolar.com\/es\/#\/schema\/logo\/image\/"},"sameAs":["https:\/\/www.facebook.com\/OpenSolarGlobal\/","https:\/\/x.com\/opensolar","https:\/\/www.instagram.com\/open.solar\/","https:\/\/www.linkedin.com\/company\/14522819","https:\/\/www.youtube.com\/channel\/UCw3mdQ_ilIq9ZrPpCa_VOnA\/videos"],"description":"The world's leading solar design and proposal software. Free of charge so you're free to grow."}]}},"_links":{"self":[{"href":"https:\/\/www.opensolar.com\/es\/wp-json\/wp\/v2\/pages\/10842","targetHints":{"allow":["GET"]}}],"collection":[{"href":"https:\/\/www.opensolar.com\/es\/wp-json\/wp\/v2\/pages"}],"about":[{"href":"https:\/\/www.opensolar.com\/es\/wp-json\/wp\/v2\/types\/page"}],"author":[{"embeddable":true,"href":"https:\/\/www.opensolar.com\/es\/wp-json\/wp\/v2\/users\/7"}],"replies":[{"embeddable":true,"href":"https:\/\/www.opensolar.com\/es\/wp-json\/wp\/v2\/comments?post=10842"}],"version-history":[{"count":0,"href":"https:\/\/www.opensolar.com\/es\/wp-json\/wp\/v2\/pages\/10842\/revisions"}],"wp:attachment":[{"href":"https:\/\/www.opensolar.com\/es\/wp-json\/wp\/v2\/media?parent=10842"}],"curies":[{"name":"wp","href":"https:\/\/api.w.org\/{rel}","templated":true}]}}