{"id":12371,"date":"2024-11-05T19:05:40","date_gmt":"2024-11-05T19:05:40","guid":{"rendered":"https:\/\/www.opensolar.com\/industria-solar\/"},"modified":"2025-09-26T12:40:25","modified_gmt":"2025-09-26T12:40:25","slug":"industria-solar","status":"publish","type":"page","link":"https:\/\/www.opensolar.com\/es\/industria-solar\/","title":{"rendered":"Industria solar"},"content":{"rendered":"<section id=\"hero-block_9cc1c5096cfef0d91076d26bcf076605\" class=\"hero  light-mode background-bright-grey-200\" style=\"\">\n\t\t\t\t\t<div class=\"content-block-hero\">\n\t\t\t\t\t\t\t\t<div class=\"intro-text default\">\n\t\t\t\t\t\t\t\t\t\t\t<h1 class=\"motion-hero-headline blue-gradient light-mode\"><p>Industria solar<\/p>\n<\/h1>\t\t\t\t\t\t<div class=\"motion-hero-sub-headline sub-headline light-mode\"><p>Descubre c\u00f3mo los datos, la pol\u00edtica y la innovaci\u00f3n est\u00e1n dando forma a la industria solar<\/p>\n<\/div>\t\t\t\t\t\t\t\t\t\t\t\t\t\t\t\t\t\t\t\t\t\t\t\t\t\t<\/div>\n\t\t\t\t\t\t\t\t\t<div class=\"hero-breadcrumb\">\n\t\t\t\t\t\t<div class=\"hero-breadcrumb-content\">\n\t\t\t\t\t\t\t<a href=\"https:\/\/www.opensolar.com\/our-story\/\" target=\"_self\">About<\/a><span>&gt;<\/span>\t\t\t\t\t\t\t\t\t\t\t\t\t\tIndustria solar\t\t\t\t\t\t<\/div>\n\t\t\t\t\t<\/div>\n\t\t\t\t\t\t\t<\/div>\n\t\t<\/section><section id=\"side-by-side-block_3d4222f87256a0e3e9af8622d62b1be0\" class=\"side-by-side light-mode  background-none\" style=\"\">\n\t<div class=\"side-by-side-content light-mode\">\n\t\t\t\t\t\t\t\t\t\t\t\t\t\t<div class=\"content-block-regular\">\n\t\t\t\t\t\t<div class=\"artwork-block artwork-left\">\n\t\t\t\t\t\t\t\t\t\t\t\t\t\t\t\t\t\t\t\t\t\t<div class=\"video\">\n\t\t\t\t\t\t\t\t\t<div class=\"video-container\"><iframe src=\"https:\/\/www.youtube.com\/embed\/S9VvXzvffq8\" frameborder=\"0\" allowfullscreen><\/iframe><\/div>\n\t\t\t\t\t\t\t\t\t\t\t\t\t\t\t\t\t<\/div>\n\t\t\t\t\t\t\t\t\t\t\t\t\t\t\t\t\t\t\t\t\t<div class=\"text-space\">\n\t\t\t\t\t\t\t\t\t\t\t\t\t\t\t\t\t\t\t\t\t\t\t\t\t\t\t\t\t\t\t\t<div class=\"text light-mode\"><p>Nuestro director general y cofundador <a href=\"https:\/\/www.ebirchy.com\/about-andrew-birch\" target=\"_blank\" rel=\"noopener\">Andrew Birch<\/a> (\u00abBirchy\u00bb) ha creado un modelo que nos ayuda a comprender c\u00f3mo evolucionar\u00e1 y crecer\u00e1 la industria solar en \u00e9sta, la d\u00e9cada solar de 2025 a 2035.<\/p>\n<p>El modelo predice que billones de d\u00f3lares (s\u00ed, billones) cambiar\u00e1n de manos en la pr\u00f3xima d\u00e9cada a medida que se acelere el paso del mundo a la electrificaci\u00f3n.<\/p>\n<p>La clave para hacer realidad un mundo electrificado es la creaci\u00f3n de unas condiciones equitativas para la energ\u00eda solar, que compitan con las fuentes de energ\u00eda contaminantes. Esa igualdad de condiciones comienza con <a href=\"https:\/\/www.ebirchy.com\/policy\" target=\"_blank\" rel=\"noopener\">una pol\u00edtica audaz.<\/a> <\/p>\n<\/div>\t\t\t\t\t\t\t\t\t\t\t\t\t\t\t\t\t\t\t\t\t\t\t<\/div>\n\t\t\t\t\t\t<\/div>\n\t\t\t\t\t<\/div>\n\t\t\t\t\t\t\t\t\t\t\t\t\t\t\t\t\t\t\t\t\t\t<\/div>\n<\/section>\n<section id=\"side-by-side-block_f3771a8fc2ad8b3628d128c20d59b656\" class=\"side-by-side light-mode  background-bright-grey-200\" style=\"\">\n\t<div class=\"side-by-side-content light-mode\">\n\t\t\t\t\t\t\t\t\t\t\t\t\t\t<div class=\"content-block-regular\">\n\t\t\t\t\t\t<div class=\"artwork-block artwork-right\">\n\t\t\t\t\t\t\t\t\t\t\t\t\t\t\t\t\t\t\t\t\t\t\t\t\t\t\t\t\t<div class=\"video light-mode\">\n\t\t\t\t\t\t\t\t\t<div class=\"video-container\"><iframe src=\"https:\/\/player.vimeo.com\/video\/1064763118\" frameborder=\"0\" webkitAllowFullScreen mozallowfullscreen allowFullScreen><\/iframe><\/div>\n\t\t\t\t\t\t\t\t\t\t\t\t\t\t\t\t\t<\/div>\n\t\t\t\t\t\t\t\t\t\t\t\t\t\t<div class=\"text-space\">\n\t\t\t\t\t\t\t\t\t\t\t\t\t\t\t\t\t\t\t\t\t\t\t\t\t\t\t\t\t\t\t\t<div class=\"text light-mode\"><p>Birchy tambi\u00e9n fund\u00f3 <a href=\"https:\/\/gosolarapp.org\/\" target=\"_blank\" rel=\"noopener\">SolarApp+<\/a>, una organizaci\u00f3n sin \u00e1nimo de lucro basada en la tecnolog\u00eda que se est\u00e1 extendiendo r\u00e1pidamente por EEUU.<\/p>\n<p>SolarApp+ permite a las administraciones locales agilizar los permisos solares. En colaboraci\u00f3n con los principales responsables de c\u00f3digos, las autoridades competentes y el sector solar, SolarApp+ ha creado un software estandarizado de revisi\u00f3n de planos que puede realizar comprobaciones de conformidad y tramitar la aprobaci\u00f3n de permisos de construcci\u00f3n para sistemas solares en tejados que cumplan los requisitos en cuesti\u00f3n de minutos, en lugar de semanas. <\/p>\n<p>Esto reduce los costes para el profesional de la energ\u00eda solar, lo que permite repercutir los menores costes al cliente y mejorar la rentabilidad de las empresas solares.<\/p>\n<p>Si SolarAPP+ est\u00e1 <a href=\"https:\/\/help.solar-app.org\/article\/108-where-is-solarapp-available\" target=\"_blank\" rel=\"noopener\">disponible en tu zona<\/a>, puedes <a href=\"https:\/\/gosolarapp.org\/\" target=\"_blank\" rel=\"noopener\">inscribirte<\/a> y <a href=\"https:\/\/support.opensolar.com\/hc\/en-us\/articles\/11977618844559--SolarAPP-Integration-in-OpenSolar\" target=\"_blank\" rel=\"noopener\">conectarlo a OpenSolar<\/a>. Si a\u00fan no est\u00e1 disponible, muchas jurisdicciones est\u00e1n considerando adoptarlo. Si tienes fuertes v\u00ednculos con los responsables de la construcci\u00f3n de tu ciudad, puedes desempe\u00f1ar un papel clave para llevar SolarAPP+ a tu comunidad. Para facilitar la presentaci\u00f3n, ponte en contacto con el equipo de SolarAPP+ en <a href=\"mailto:contact@gosolarapp.org\">contact@gosolarapp.org.<\/a> Tambi\u00e9n puedes <a href=\"https:\/\/docs.google.com\/forms\/d\/e\/1FAIpQLSdSqZPCNuY_NXw3vpa_NRt9AQUXtdoUcdicyT83XU4TmNKi3Q\/viewform\" target=\"_blank\" rel=\"noopener\">abogar por la adopci\u00f3n de SolarAPP+ en todo el pa\u00eds<\/a>.    <\/p>\n<\/div>\t\t\t\t\t\t\t\t\t\t\t\t\t\t\t\t\t\t\t\t\t\t\t<\/div>\n\t\t\t\t\t\t<\/div>\n\t\t\t\t\t<\/div>\n\t\t\t\t\t\t\t\t\t\t\t\t\t\t\t\t\t\t\t\t\t\t<\/div>\n<\/section>\n","protected":false},"excerpt":{"rendered":"","protected":false},"author":7,"featured_media":0,"parent":0,"menu_order":0,"comment_status":"closed","ping_status":"closed","template":"","meta":{"_acf_changed":false,"footnotes":""},"class_list":["post-12371","page","type-page","status-publish","hentry"],"acf":[],"yoast_head":"<!-- This site is optimized with the Yoast SEO Premium plugin v26.6 (Yoast SEO v26.6) - https:\/\/yoast.com\/wordpress\/plugins\/seo\/ -->\n<title>Industria solar | OpenSolar<\/title>\n<meta name=\"description\" content=\"Descubre c\u00f3mo los datos, la pol\u00edtica y la innovaci\u00f3n est\u00e1n dando forma a la industria solar\" \/>\n<meta name=\"robots\" content=\"index, follow, max-snippet:-1, max-image-preview:large, max-video-preview:-1\" \/>\n<link rel=\"canonical\" href=\"https:\/\/www.opensolar.com\/es\/industria-solar\/\" \/>\n<meta property=\"og:locale\" content=\"es_ES\" \/>\n<meta property=\"og:type\" content=\"article\" \/>\n<meta property=\"og:title\" content=\"Industria solar\" \/>\n<meta property=\"og:description\" content=\"Descubre c\u00f3mo los datos, la pol\u00edtica y la innovaci\u00f3n est\u00e1n dando forma a la industria solar\" \/>\n<meta property=\"og:url\" content=\"https:\/\/www.opensolar.com\/es\/industria-solar\/\" \/>\n<meta property=\"og:site_name\" content=\"OpenSolar\" \/>\n<meta property=\"article:publisher\" content=\"https:\/\/www.facebook.com\/OpenSolarGlobal\/\" \/>\n<meta property=\"article:modified_time\" content=\"2025-09-26T12:40:25+00:00\" \/>\n<meta property=\"og:image\" content=\"https:\/\/i0.wp.com\/www.opensolar.com\/wp-content\/uploads\/2024\/07\/OpenSolar-logo-for-WP.png?fit=1200%2C675&quality=80&ssl=1\" \/>\n\t<meta property=\"og:image:width\" content=\"1200\" \/>\n\t<meta property=\"og:image:height\" content=\"675\" \/>\n\t<meta property=\"og:image:type\" content=\"image\/png\" \/>\n<meta name=\"twitter:card\" content=\"summary_large_image\" \/>\n<meta name=\"twitter:site\" content=\"@opensolar\" \/>\n<script type=\"application\/ld+json\" class=\"yoast-schema-graph\">{\"@context\":\"https:\/\/schema.org\",\"@graph\":[{\"@type\":\"WebPage\",\"@id\":\"https:\/\/www.opensolar.com\/es\/industria-solar\/\",\"url\":\"https:\/\/www.opensolar.com\/es\/industria-solar\/\",\"name\":\"Industria solar | OpenSolar\",\"isPartOf\":{\"@id\":\"https:\/\/www.opensolar.com\/es\/#website\"},\"datePublished\":\"2024-11-05T19:05:40+00:00\",\"dateModified\":\"2025-09-26T12:40:25+00:00\",\"description\":\"Descubre c\u00f3mo los datos, la pol\u00edtica y la innovaci\u00f3n est\u00e1n dando forma a la industria solar\",\"breadcrumb\":{\"@id\":\"https:\/\/www.opensolar.com\/es\/industria-solar\/#breadcrumb\"},\"inLanguage\":\"es\",\"potentialAction\":[{\"@type\":\"ReadAction\",\"target\":[\"https:\/\/www.opensolar.com\/es\/industria-solar\/\"]}]},{\"@type\":\"BreadcrumbList\",\"@id\":\"https:\/\/www.opensolar.com\/es\/industria-solar\/#breadcrumb\",\"itemListElement\":[{\"@type\":\"ListItem\",\"position\":1,\"name\":\"Home\",\"item\":\"https:\/\/www.opensolar.com\/es\/\"},{\"@type\":\"ListItem\",\"position\":2,\"name\":\"Industria solar\"}]},{\"@type\":\"WebSite\",\"@id\":\"https:\/\/www.opensolar.com\/es\/#website\",\"url\":\"https:\/\/www.opensolar.com\/es\/\",\"name\":\"OpenSolar\",\"description\":\"Solar Design And Proposal Software\",\"publisher\":{\"@id\":\"https:\/\/www.opensolar.com\/es\/#organization\"},\"potentialAction\":[{\"@type\":\"SearchAction\",\"target\":{\"@type\":\"EntryPoint\",\"urlTemplate\":\"https:\/\/www.opensolar.com\/es\/?s={search_term_string}\"},\"query-input\":{\"@type\":\"PropertyValueSpecification\",\"valueRequired\":true,\"valueName\":\"search_term_string\"}}],\"inLanguage\":\"es\"},{\"@type\":\"Organization\",\"@id\":\"https:\/\/www.opensolar.com\/es\/#organization\",\"name\":\"OpenSolar\",\"url\":\"https:\/\/www.opensolar.com\/es\/\",\"logo\":{\"@type\":\"ImageObject\",\"inLanguage\":\"es\",\"@id\":\"https:\/\/www.opensolar.com\/es\/#\/schema\/logo\/image\/\",\"url\":\"https:\/\/www.opensolar.com\/wp-content\/uploads\/2026\/03\/OpenSolar-Horizontal-Color.svg\",\"contentUrl\":\"https:\/\/www.opensolar.com\/wp-content\/uploads\/2026\/03\/OpenSolar-Horizontal-Color.svg\",\"caption\":\"OpenSolar\"},\"image\":{\"@id\":\"https:\/\/www.opensolar.com\/es\/#\/schema\/logo\/image\/\"},\"sameAs\":[\"https:\/\/www.facebook.com\/OpenSolarGlobal\/\",\"https:\/\/x.com\/opensolar\",\"https:\/\/www.instagram.com\/open.solar\/\",\"https:\/\/www.linkedin.com\/company\/14522819\",\"https:\/\/www.youtube.com\/channel\/UCw3mdQ_ilIq9ZrPpCa_VOnA\/videos\"],\"description\":\"The world's leading solar design and proposal software. Free of charge so you're free to grow.\"}]}<\/script>\n<!-- \/ Yoast SEO Premium plugin. -->","yoast_head_json":{"title":"Industria solar | OpenSolar","description":"Descubre c\u00f3mo los datos, la pol\u00edtica y la innovaci\u00f3n est\u00e1n dando forma a la industria solar","robots":{"index":"index","follow":"follow","max-snippet":"max-snippet:-1","max-image-preview":"max-image-preview:large","max-video-preview":"max-video-preview:-1"},"canonical":"https:\/\/www.opensolar.com\/es\/industria-solar\/","og_locale":"es_ES","og_type":"article","og_title":"Industria solar","og_description":"Descubre c\u00f3mo los datos, la pol\u00edtica y la innovaci\u00f3n est\u00e1n dando forma a la industria solar","og_url":"https:\/\/www.opensolar.com\/es\/industria-solar\/","og_site_name":"OpenSolar","article_publisher":"https:\/\/www.facebook.com\/OpenSolarGlobal\/","article_modified_time":"2025-09-26T12:40:25+00:00","og_image":[{"width":1200,"height":675,"url":"https:\/\/i0.wp.com\/www.opensolar.com\/wp-content\/uploads\/2024\/07\/OpenSolar-logo-for-WP.png?fit=1200%2C675&quality=80&ssl=1","type":"image\/png"}],"twitter_card":"summary_large_image","twitter_site":"@opensolar","schema":{"@context":"https:\/\/schema.org","@graph":[{"@type":"WebPage","@id":"https:\/\/www.opensolar.com\/es\/industria-solar\/","url":"https:\/\/www.opensolar.com\/es\/industria-solar\/","name":"Industria solar | OpenSolar","isPartOf":{"@id":"https:\/\/www.opensolar.com\/es\/#website"},"datePublished":"2024-11-05T19:05:40+00:00","dateModified":"2025-09-26T12:40:25+00:00","description":"Descubre c\u00f3mo los datos, la pol\u00edtica y la innovaci\u00f3n est\u00e1n dando forma a la industria solar","breadcrumb":{"@id":"https:\/\/www.opensolar.com\/es\/industria-solar\/#breadcrumb"},"inLanguage":"es","potentialAction":[{"@type":"ReadAction","target":["https:\/\/www.opensolar.com\/es\/industria-solar\/"]}]},{"@type":"BreadcrumbList","@id":"https:\/\/www.opensolar.com\/es\/industria-solar\/#breadcrumb","itemListElement":[{"@type":"ListItem","position":1,"name":"Home","item":"https:\/\/www.opensolar.com\/es\/"},{"@type":"ListItem","position":2,"name":"Industria solar"}]},{"@type":"WebSite","@id":"https:\/\/www.opensolar.com\/es\/#website","url":"https:\/\/www.opensolar.com\/es\/","name":"OpenSolar","description":"Solar Design And Proposal Software","publisher":{"@id":"https:\/\/www.opensolar.com\/es\/#organization"},"potentialAction":[{"@type":"SearchAction","target":{"@type":"EntryPoint","urlTemplate":"https:\/\/www.opensolar.com\/es\/?s={search_term_string}"},"query-input":{"@type":"PropertyValueSpecification","valueRequired":true,"valueName":"search_term_string"}}],"inLanguage":"es"},{"@type":"Organization","@id":"https:\/\/www.opensolar.com\/es\/#organization","name":"OpenSolar","url":"https:\/\/www.opensolar.com\/es\/","logo":{"@type":"ImageObject","inLanguage":"es","@id":"https:\/\/www.opensolar.com\/es\/#\/schema\/logo\/image\/","url":"https:\/\/www.opensolar.com\/wp-content\/uploads\/2026\/03\/OpenSolar-Horizontal-Color.svg","contentUrl":"https:\/\/www.opensolar.com\/wp-content\/uploads\/2026\/03\/OpenSolar-Horizontal-Color.svg","caption":"OpenSolar"},"image":{"@id":"https:\/\/www.opensolar.com\/es\/#\/schema\/logo\/image\/"},"sameAs":["https:\/\/www.facebook.com\/OpenSolarGlobal\/","https:\/\/x.com\/opensolar","https:\/\/www.instagram.com\/open.solar\/","https:\/\/www.linkedin.com\/company\/14522819","https:\/\/www.youtube.com\/channel\/UCw3mdQ_ilIq9ZrPpCa_VOnA\/videos"],"description":"The world's leading solar design and proposal software. Free of charge so you're free to grow."}]}},"_links":{"self":[{"href":"https:\/\/www.opensolar.com\/es\/wp-json\/wp\/v2\/pages\/12371","targetHints":{"allow":["GET"]}}],"collection":[{"href":"https:\/\/www.opensolar.com\/es\/wp-json\/wp\/v2\/pages"}],"about":[{"href":"https:\/\/www.opensolar.com\/es\/wp-json\/wp\/v2\/types\/page"}],"author":[{"embeddable":true,"href":"https:\/\/www.opensolar.com\/es\/wp-json\/wp\/v2\/users\/7"}],"replies":[{"embeddable":true,"href":"https:\/\/www.opensolar.com\/es\/wp-json\/wp\/v2\/comments?post=12371"}],"version-history":[{"count":0,"href":"https:\/\/www.opensolar.com\/es\/wp-json\/wp\/v2\/pages\/12371\/revisions"}],"wp:attachment":[{"href":"https:\/\/www.opensolar.com\/es\/wp-json\/wp\/v2\/media?parent=12371"}],"curies":[{"name":"wp","href":"https:\/\/api.w.org\/{rel}","templated":true}]}}