{"id":13591,"date":"2025-06-03T15:08:39","date_gmt":"2025-06-03T15:08:39","guid":{"rendered":"https:\/\/www.opensolar.com\/diagramas-unifilares\/"},"modified":"2025-09-25T17:17:46","modified_gmt":"2025-09-25T17:17:46","slug":"diagramas-unifilares","status":"publish","type":"page","link":"https:\/\/www.opensolar.com\/es\/diagramas-unifilares\/","title":{"rendered":"Diagramas Unifilares"},"content":{"rendered":"<section id=\"hero-block_cbca557191a492cd03a628a50df179f7\" class=\"hero  light-mode background-bright-grey-200\" style=\"\">\n\t\t\t\t\t<div class=\"content-block-hero\">\n\t\t\t\t\t\t\t\t<div class=\"intro-text default\">\n\t\t\t\t\t\t\t\t\t\t\t<h1 class=\"motion-hero-headline blue-gradient light-mode\"><p>Diagramas Unifilares<\/p>\n<\/h1>\t\t\t\t\t\t<div class=\"motion-hero-sub-headline sub-headline light-mode\"><p>Genera autom\u00e1ticamente esquemas conformes y profesionales a partir de tu dise\u00f1o solar.<\/p>\n<\/div>\t\t\t\t\t\t\t\t\t\t\t\t\t\t\t\t\t\t\t\t\t\t\t\t\t\t<\/div>\n\t\t\t\t\t\t\t\t\t<div class=\"hero-breadcrumb\">\n\t\t\t\t\t\t<div class=\"hero-breadcrumb-content\">\n\t\t\t\t\t\t\t<a href=\"https:\/\/www.opensolar.com\/pro\/\" target=\"_self\">Pro<\/a><span>&gt;<\/span>\t\t\t\t\t\t\t\t\t\t\t\t\t\tDiagramas Unifilares\t\t\t\t\t\t<\/div>\n\t\t\t\t\t<\/div>\n\t\t\t\t\t\t\t<\/div>\n\t\t<\/section><section id=\"side-by-side-block_43f66116c60c8acb278c9e5cdfd7daea\" class=\"side-by-side light-mode  background-none\" style=\"\">\n\t<div class=\"side-by-side-content light-mode\">\n\t\t\t\t\t\t\t\t\t\t\t\t\t\t<div class=\"content-block-regular\">\n\t\t\t\t\t\t<div class=\"artwork-block artwork-right\">\n\t\t\t\t\t\t\t\t\t\t\t\t\t\t\t<figure class=\"squared\" style=\"position: relative;\">\n\t\t\t\t\t\t\t\t\t<img decoding=\"async\" src=\"https:\/\/i0.wp.com\/www.opensolar.com\/wp-content\/uploads\/2025\/06\/Illustration-1.png?fit=1200%2C1000&#038;quality=80&#038;ssl=1\" class=\"motion-artwork-base-side-by-side-block_43f66116c60c8acb278c9e5cdfd7daea\" alt=\"echnical diagram of a solar power system showing detailed layout components such as PV modules, inverter locations, battery storage, and grid connection points.\" style=\"z-index: 0;\" \/>\n\t\t\t\t\t\t\t\t\t\t\t\t\t\t\t\t\t\t<img decoding=\"async\" src=\"\" class=\"motion-artwork-layer1-side-by-side-block_43f66116c60c8acb278c9e5cdfd7daea\" alt=\"\" style=\"z-index: 1; position: absolute; top: 0; left: 0;\" \/>\n\t\t\t\t\t\t\t\t<\/figure>\n\t\t\t\t\t\t\t\t\t\t\t\t\t\t\t\t\t\t\t\t\t\t\t\t\t\t\t\t<div class=\"text-space\">\n\t\t\t\t\t\t\t\t\t\t\t\t\t\t\t\t<h2 class=\"light-mode\"><p>Esquemas el\u00e9ctricos incorporados sin necesidad de herramientas adicionales<\/p>\n<\/h2>\t\t\t\t\t\t\t\t\t\t\t\t\t\t\t\t<div class=\"text light-mode\"><p>Crea y exporta Diagramas Unifilares conformes y listos para construir en unos pocos clics con el generador de SLD integrado de OpenSolar.<\/p>\n<ul>\n<li>Generados autom\u00e1ticamente a partir del dise\u00f1o y encadenamiento de tu sistema<\/li>\n<li>Plantillas espec\u00edficas para AU, US, UK, DE, IT, ES<\/li>\n<li>Rellena previamente los m\u00f3dulos, inversores, bater\u00edas y metadatos del proyecto<\/li>\n<li>Totalmente editable y exportable dentro de la plataforma<\/li>\n<\/ul>\n<\/div>\t\t\t\t\t\t\t\t\t\t\t\t\t\t\t\t\t\t\t\t\t\t\t<\/div>\n\t\t\t\t\t\t<\/div>\n\t\t\t\t\t<\/div>\n\t\t\t\t\t\t\t\t\t\t\t\t\t\t\t\t\t\t\t\t\t\t<\/div>\n<\/section>\n<section id=\"side-by-side-block_e43780e531d25cf5dfea92a15a057b6c\" class=\"side-by-side light-mode  background-bright-grey-200\" style=\"\">\n\t<div class=\"side-by-side-content light-mode\">\n\t\t\t\t\t\t\t\t\t\t\t\t\t\t<div class=\"content-block-regular\">\n\t\t\t\t\t\t<div class=\"artwork-block artwork-left\">\n\t\t\t\t\t\t\t\t\t\t\t\t\t\t\t<figure class=\"squared\" style=\"position: relative;\">\n\t\t\t\t\t\t\t\t\t<img decoding=\"async\" src=\"https:\/\/i0.wp.com\/www.opensolar.com\/wp-content\/uploads\/2025\/06\/2-1.png?fit=1200%2C912&#038;quality=80&#038;ssl=1\" class=\"motion-artwork-base-side-by-side-block_e43780e531d25cf5dfea92a15a057b6c\" alt=\"Dropdown menu interface for generating a Single Line Diagram (SLD), showing options selected for a 9-panel system and AU String inverter, with an &#039;Apply&#039; button.\" style=\"z-index: 0;\" \/>\n\t\t\t\t\t\t\t\t\t\t\t\t\t\t\t\t\t\t<img decoding=\"async\" src=\"\" class=\"motion-artwork-layer1-side-by-side-block_e43780e531d25cf5dfea92a15a057b6c\" alt=\"\" style=\"z-index: 1; position: absolute; top: 0; left: 0;\" \/>\n\t\t\t\t\t\t\t\t<\/figure>\n\t\t\t\t\t\t\t\t\t\t\t\t\t\t\t\t\t\t\t\t\t\t\t\t\t\t\t\t<div class=\"text-space\">\n\t\t\t\t\t\t\t\t\t\t\t\t\t\t\t\t<h2 class=\"light-mode\"><p>Del dise\u00f1o al diagrama al instante<\/p>\n<\/h2>\t\t\t\t\t\t\t\t\t\t\t\t\t\t\t\t<div class=\"text light-mode\"><p>Una vez completado el dise\u00f1o de tu sistema, tu SLD ya est\u00e1 en su sitio: sin redibujos manuales ni software de terceros.<\/p>\n<ul>\n<li>Extrae directamente de tu dise\u00f1o y componentes<\/li>\n<li>Autocompleta los datos del equipo<\/li>\n<li>Editor intuitivo para ajustar formas, etiquetas y conexiones<\/li>\n<li>Exportaci\u00f3n con un clic en m\u00faltiples formatos de archivo<\/li>\n<\/ul>\n<\/div>\t\t\t\t\t\t\t\t\t\t\t\t\t\t\t\t\t\t\t\t\t\t\t<\/div>\n\t\t\t\t\t\t<\/div>\n\t\t\t\t\t<\/div>\n\t\t\t\t\t\t\t\t\t\t\t\t\t\t\t\t\t\t\t\t\t\t<\/div>\n<\/section>\n<section id=\"side-by-side-block_1a8f3683d7e4cb167932ab920f75df7b\" class=\"side-by-side light-mode  background-none\" style=\"\">\n\t<div class=\"side-by-side-content light-mode\">\n\t\t\t\t\t\t\t\t\t\t\t\t\t\t<div class=\"content-block-regular\">\n\t\t\t\t\t\t<div class=\"artwork-block artwork-right\">\n\t\t\t\t\t\t\t\t\t\t\t\t\t\t\t<figure class=\"squared\" style=\"position: relative;\">\n\t\t\t\t\t\t\t\t\t<img decoding=\"async\" src=\"https:\/\/i0.wp.com\/www.opensolar.com\/wp-content\/uploads\/2025\/06\/3.png?fit=1200%2C912&#038;quality=80&#038;ssl=1\" class=\"motion-artwork-base-side-by-side-block_1a8f3683d7e4cb167932ab920f75df7b\" alt=\"Design interface for solar system layout, showcasing style customization options, including color fill, outline settings, and an aerial view of a roof with solar panels placed.\" style=\"z-index: 0;\" \/>\n\t\t\t\t\t\t\t\t\t\t\t\t\t\t\t\t\t\t<img decoding=\"async\" src=\"\" class=\"motion-artwork-layer1-side-by-side-block_1a8f3683d7e4cb167932ab920f75df7b\" alt=\"\" style=\"z-index: 1; position: absolute; top: 0; left: 0;\" \/>\n\t\t\t\t\t\t\t\t<\/figure>\n\t\t\t\t\t\t\t\t\t\t\t\t\t\t\t\t\t\t\t\t\t\t\t\t\t\t\t\t<div class=\"text-space\">\n\t\t\t\t\t\t\t\t\t\t\t\t\t\t\t\t<h2 class=\"light-mode\"><p>Creado para el cumplimiento, con la confianza de los profesionales<\/p>\n<\/h2>\t\t\t\t\t\t\t\t\t\t\t\t\t\t\t\t<div class=\"text light-mode\"><p>Los SLD de OpenSolar est\u00e1n dise\u00f1ados para cumplir la normativa local y agilizar el flujo de trabajo de tu proyecto.<\/p>\n<ul>\n<li>Adaptado a las normas espec\u00edficas de cada pa\u00eds<\/li>\n<li>Editable seg\u00fan las necesidades de permisos e instaladores<\/li>\n<li>Se sincroniza autom\u00e1ticamente con las actualizaciones de dise\u00f1o<\/li>\n<li>Incrustar en plantillas de propuestas con un solo marcador de posici\u00f3n<\/li>\n<\/ul>\n<\/div>\t\t\t\t\t\t\t\t\t\t\t\t\t\t\t\t\t\t\t\t\t\t\t<\/div>\n\t\t\t\t\t\t<\/div>\n\t\t\t\t\t<\/div>\n\t\t\t\t\t\t\t\t\t\t\t\t\t\t\t\t\t\t\t\t\t\t<\/div>\n<\/section>\n","protected":false},"excerpt":{"rendered":"","protected":false},"author":7,"featured_media":0,"parent":0,"menu_order":0,"comment_status":"closed","ping_status":"closed","template":"","meta":{"_acf_changed":false,"footnotes":""},"class_list":["post-13591","page","type-page","status-publish","hentry"],"acf":[],"yoast_head":"<!-- This site is optimized with the Yoast SEO Premium plugin v26.6 (Yoast SEO v26.6) - https:\/\/yoast.com\/wordpress\/plugins\/seo\/ -->\n<title>Diagramas unifilares autogenerados para dise\u00f1os solares | OpenSolar<\/title>\n<meta name=\"description\" content=\"Genera y exporta esquemas el\u00e9ctricos profesionales compatibles y listos para construir a partir de tu dise\u00f1o OpenSolar. Diagramas unifilares instant\u00e1neos sin necesidad de herramientas adicionales.\" \/>\n<meta name=\"robots\" content=\"index, follow, max-snippet:-1, max-image-preview:large, max-video-preview:-1\" \/>\n<link rel=\"canonical\" href=\"https:\/\/www.opensolar.com\/es\/diagramas-unifilares\/\" \/>\n<meta property=\"og:locale\" content=\"es_ES\" \/>\n<meta property=\"og:type\" content=\"article\" \/>\n<meta property=\"og:title\" content=\"Diagramas Unifilares\" \/>\n<meta property=\"og:description\" content=\"Genera y exporta esquemas el\u00e9ctricos profesionales compatibles y listos para construir a partir de tu dise\u00f1o OpenSolar. Diagramas unifilares instant\u00e1neos sin necesidad de herramientas adicionales.\" \/>\n<meta property=\"og:url\" content=\"https:\/\/www.opensolar.com\/es\/diagramas-unifilares\/\" \/>\n<meta property=\"og:site_name\" content=\"OpenSolar\" \/>\n<meta property=\"article:publisher\" content=\"https:\/\/www.facebook.com\/OpenSolarGlobal\/\" \/>\n<meta property=\"article:modified_time\" content=\"2025-09-25T17:17:46+00:00\" \/>\n<meta property=\"og:image\" content=\"https:\/\/www.opensolar.com\/wp-content\/uploads\/2025\/06\/2.png\" \/>\n<meta name=\"twitter:card\" content=\"summary_large_image\" \/>\n<meta name=\"twitter:site\" content=\"@opensolar\" \/>\n<script type=\"application\/ld+json\" class=\"yoast-schema-graph\">{\"@context\":\"https:\/\/schema.org\",\"@graph\":[{\"@type\":\"WebPage\",\"@id\":\"https:\/\/www.opensolar.com\/es\/diagramas-unifilares\/\",\"url\":\"https:\/\/www.opensolar.com\/es\/diagramas-unifilares\/\",\"name\":\"Diagramas unifilares autogenerados para dise\u00f1os solares | OpenSolar\",\"isPartOf\":{\"@id\":\"https:\/\/www.opensolar.com\/es\/#website\"},\"datePublished\":\"2025-06-03T15:08:39+00:00\",\"dateModified\":\"2025-09-25T17:17:46+00:00\",\"description\":\"Genera y exporta esquemas el\u00e9ctricos profesionales compatibles y listos para construir a partir de tu dise\u00f1o OpenSolar. Diagramas unifilares instant\u00e1neos sin necesidad de herramientas adicionales.\",\"breadcrumb\":{\"@id\":\"https:\/\/www.opensolar.com\/es\/diagramas-unifilares\/#breadcrumb\"},\"inLanguage\":\"es\",\"potentialAction\":[{\"@type\":\"ReadAction\",\"target\":[\"https:\/\/www.opensolar.com\/es\/diagramas-unifilares\/\"]}]},{\"@type\":\"BreadcrumbList\",\"@id\":\"https:\/\/www.opensolar.com\/es\/diagramas-unifilares\/#breadcrumb\",\"itemListElement\":[{\"@type\":\"ListItem\",\"position\":1,\"name\":\"Home\",\"item\":\"https:\/\/www.opensolar.com\/es\/\"},{\"@type\":\"ListItem\",\"position\":2,\"name\":\"Diagramas Unifilares\"}]},{\"@type\":\"WebSite\",\"@id\":\"https:\/\/www.opensolar.com\/es\/#website\",\"url\":\"https:\/\/www.opensolar.com\/es\/\",\"name\":\"OpenSolar\",\"description\":\"Solar Design And Proposal Software\",\"publisher\":{\"@id\":\"https:\/\/www.opensolar.com\/es\/#organization\"},\"potentialAction\":[{\"@type\":\"SearchAction\",\"target\":{\"@type\":\"EntryPoint\",\"urlTemplate\":\"https:\/\/www.opensolar.com\/es\/?s={search_term_string}\"},\"query-input\":{\"@type\":\"PropertyValueSpecification\",\"valueRequired\":true,\"valueName\":\"search_term_string\"}}],\"inLanguage\":\"es\"},{\"@type\":\"Organization\",\"@id\":\"https:\/\/www.opensolar.com\/es\/#organization\",\"name\":\"OpenSolar\",\"url\":\"https:\/\/www.opensolar.com\/es\/\",\"logo\":{\"@type\":\"ImageObject\",\"inLanguage\":\"es\",\"@id\":\"https:\/\/www.opensolar.com\/es\/#\/schema\/logo\/image\/\",\"url\":\"https:\/\/www.opensolar.com\/wp-content\/uploads\/2026\/04\/OpenSolar-Horizontal-Color.svg\",\"contentUrl\":\"https:\/\/www.opensolar.com\/wp-content\/uploads\/2026\/04\/OpenSolar-Horizontal-Color.svg\",\"caption\":\"OpenSolar\"},\"image\":{\"@id\":\"https:\/\/www.opensolar.com\/es\/#\/schema\/logo\/image\/\"},\"sameAs\":[\"https:\/\/www.facebook.com\/OpenSolarGlobal\/\",\"https:\/\/x.com\/opensolar\",\"https:\/\/www.instagram.com\/open.solar\/\",\"https:\/\/www.linkedin.com\/company\/14522819\",\"https:\/\/www.youtube.com\/channel\/UCw3mdQ_ilIq9ZrPpCa_VOnA\/videos\"],\"description\":\"The world's leading solar design and proposal software. Free of charge so you're free to grow.\"}]}<\/script>\n<!-- \/ Yoast SEO Premium plugin. -->","yoast_head_json":{"title":"Diagramas unifilares autogenerados para dise\u00f1os solares | OpenSolar","description":"Genera y exporta esquemas el\u00e9ctricos profesionales compatibles y listos para construir a partir de tu dise\u00f1o OpenSolar. Diagramas unifilares instant\u00e1neos sin necesidad de herramientas adicionales.","robots":{"index":"index","follow":"follow","max-snippet":"max-snippet:-1","max-image-preview":"max-image-preview:large","max-video-preview":"max-video-preview:-1"},"canonical":"https:\/\/www.opensolar.com\/es\/diagramas-unifilares\/","og_locale":"es_ES","og_type":"article","og_title":"Diagramas Unifilares","og_description":"Genera y exporta esquemas el\u00e9ctricos profesionales compatibles y listos para construir a partir de tu dise\u00f1o OpenSolar. Diagramas unifilares instant\u00e1neos sin necesidad de herramientas adicionales.","og_url":"https:\/\/www.opensolar.com\/es\/diagramas-unifilares\/","og_site_name":"OpenSolar","article_publisher":"https:\/\/www.facebook.com\/OpenSolarGlobal\/","article_modified_time":"2025-09-25T17:17:46+00:00","og_image":[{"url":"https:\/\/www.opensolar.com\/wp-content\/uploads\/2025\/06\/2.png","type":"","width":"","height":""}],"twitter_card":"summary_large_image","twitter_site":"@opensolar","schema":{"@context":"https:\/\/schema.org","@graph":[{"@type":"WebPage","@id":"https:\/\/www.opensolar.com\/es\/diagramas-unifilares\/","url":"https:\/\/www.opensolar.com\/es\/diagramas-unifilares\/","name":"Diagramas unifilares autogenerados para dise\u00f1os solares | OpenSolar","isPartOf":{"@id":"https:\/\/www.opensolar.com\/es\/#website"},"datePublished":"2025-06-03T15:08:39+00:00","dateModified":"2025-09-25T17:17:46+00:00","description":"Genera y exporta esquemas el\u00e9ctricos profesionales compatibles y listos para construir a partir de tu dise\u00f1o OpenSolar. Diagramas unifilares instant\u00e1neos sin necesidad de herramientas adicionales.","breadcrumb":{"@id":"https:\/\/www.opensolar.com\/es\/diagramas-unifilares\/#breadcrumb"},"inLanguage":"es","potentialAction":[{"@type":"ReadAction","target":["https:\/\/www.opensolar.com\/es\/diagramas-unifilares\/"]}]},{"@type":"BreadcrumbList","@id":"https:\/\/www.opensolar.com\/es\/diagramas-unifilares\/#breadcrumb","itemListElement":[{"@type":"ListItem","position":1,"name":"Home","item":"https:\/\/www.opensolar.com\/es\/"},{"@type":"ListItem","position":2,"name":"Diagramas Unifilares"}]},{"@type":"WebSite","@id":"https:\/\/www.opensolar.com\/es\/#website","url":"https:\/\/www.opensolar.com\/es\/","name":"OpenSolar","description":"Solar Design And Proposal Software","publisher":{"@id":"https:\/\/www.opensolar.com\/es\/#organization"},"potentialAction":[{"@type":"SearchAction","target":{"@type":"EntryPoint","urlTemplate":"https:\/\/www.opensolar.com\/es\/?s={search_term_string}"},"query-input":{"@type":"PropertyValueSpecification","valueRequired":true,"valueName":"search_term_string"}}],"inLanguage":"es"},{"@type":"Organization","@id":"https:\/\/www.opensolar.com\/es\/#organization","name":"OpenSolar","url":"https:\/\/www.opensolar.com\/es\/","logo":{"@type":"ImageObject","inLanguage":"es","@id":"https:\/\/www.opensolar.com\/es\/#\/schema\/logo\/image\/","url":"https:\/\/www.opensolar.com\/wp-content\/uploads\/2026\/04\/OpenSolar-Horizontal-Color.svg","contentUrl":"https:\/\/www.opensolar.com\/wp-content\/uploads\/2026\/04\/OpenSolar-Horizontal-Color.svg","caption":"OpenSolar"},"image":{"@id":"https:\/\/www.opensolar.com\/es\/#\/schema\/logo\/image\/"},"sameAs":["https:\/\/www.facebook.com\/OpenSolarGlobal\/","https:\/\/x.com\/opensolar","https:\/\/www.instagram.com\/open.solar\/","https:\/\/www.linkedin.com\/company\/14522819","https:\/\/www.youtube.com\/channel\/UCw3mdQ_ilIq9ZrPpCa_VOnA\/videos"],"description":"The world's leading solar design and proposal software. Free of charge so you're free to grow."}]}},"_links":{"self":[{"href":"https:\/\/www.opensolar.com\/es\/wp-json\/wp\/v2\/pages\/13591","targetHints":{"allow":["GET"]}}],"collection":[{"href":"https:\/\/www.opensolar.com\/es\/wp-json\/wp\/v2\/pages"}],"about":[{"href":"https:\/\/www.opensolar.com\/es\/wp-json\/wp\/v2\/types\/page"}],"author":[{"embeddable":true,"href":"https:\/\/www.opensolar.com\/es\/wp-json\/wp\/v2\/users\/7"}],"replies":[{"embeddable":true,"href":"https:\/\/www.opensolar.com\/es\/wp-json\/wp\/v2\/comments?post=13591"}],"version-history":[{"count":0,"href":"https:\/\/www.opensolar.com\/es\/wp-json\/wp\/v2\/pages\/13591\/revisions"}],"wp:attachment":[{"href":"https:\/\/www.opensolar.com\/es\/wp-json\/wp\/v2\/media?parent=13591"}],"curies":[{"name":"wp","href":"https:\/\/api.w.org\/{rel}","templated":true}]}}