{"id":13925,"date":"2025-09-01T21:25:59","date_gmt":"2025-09-01T21:25:59","guid":{"rendered":"https:\/\/www.opensolar.com\/inteligencia-artificial\/"},"modified":"2026-02-20T20:37:35","modified_gmt":"2026-02-20T20:37:35","slug":"inteligencia-artificial","status":"publish","type":"page","link":"https:\/\/www.opensolar.com\/es\/inteligencia-artificial\/","title":{"rendered":"Inteligencia Artificial"},"content":{"rendered":"<section id=\"hero-block_475ab8bbd0e49f6c2ed6d6204209b0bc\" class=\"hero  light-mode background-bright-grey-200\" style=\"\">\n\t\t\t\t\t<div class=\"content-block-hero background-ada\">\n\t\t\t\t\t\t\t\t<div class=\"intro-text default\">\n\t\t\t\t\t\t\t\t\t\t\t<h1 class=\"motion-hero-headline badge-ada badge-beta-with-ada blue-gradient light-mode\"><p>Inteligencia Artificial<\/p>\n<\/h1>\t\t\t\t\t\t<div class=\"motion-hero-sub-headline sub-headline light-mode\"><p>Ofrece a tus clientes la posibilidad de dise\u00f1ar su propio sistema solar en cuesti\u00f3n de segundos, directamente en el sitio web de tu empresa.<\/p>\n<\/div>\t\t\t\t\t\t<div class=\"motion-hero-text text light-mode\"><p><em>AI Lead Gen est\u00e1 en fase beta y disponible en todo el mundo. Los administradores de cuentas pueden activar esta funci\u00f3n siguiendo <a href=\"https:\/\/support.opensolar.com\/hc\/en-us\/articles\/13799153168527-How-to-Enable-Beta-Features-on-OpenSolar\">estas instrucciones<\/a> u obtener m\u00e1s informaci\u00f3n en este <a href=\"https:\/\/support.opensolar.com\/hc\/en-us\/articles\/13770301266959-Introducing-the-new-AI-Lead-Generation-Tool\" target=\"_blank\" rel=\"noopener\">art\u00edculo del centro de ayuda<\/a>. <\/em><\/p>\n<\/div>\t\t\t\t\t\t\t\t\t\t\t\t\t\t\t\t\t\t\t\t<\/div>\n\t\t\t\t\t\t\t\t\t<div class=\"hero-breadcrumb\">\n\t\t\t\t\t\t<div class=\"hero-breadcrumb-content\">\n\t\t\t\t\t\t\t<a href=\"https:\/\/www.opensolar.com\/pro\/\" target=\"_self\">Pro<\/a><span>&gt;<\/span>\t\t\t\t\t\t\t\t\t\t\t\t\t\tInteligencia Artificial\t\t\t\t\t\t<\/div>\n\t\t\t\t\t<\/div>\n\t\t\t\t\t\t\t<\/div>\n\t\t<\/section><section id=\"side-by-side-block_508bf1264fd3dcae82544e78ee9dacb3\" class=\"side-by-side light-mode  background-none\" style=\"\">\n\t<div class=\"side-by-side-content light-mode\">\n\t\t\t\t\t\t\t\t\t\t\t\t\t\t<div class=\"content-block-regular\">\n\t\t\t\t\t\t<div class=\"artwork-block artwork-right\">\n\t\t\t\t\t\t\t\t\t\t\t\t\t\t\t<figure class=\"squared\" style=\"position: relative;\">\n\t\t\t\t\t\t\t\t\t<img decoding=\"async\" src=\"https:\/\/i0.wp.com\/www.opensolar.com\/wp-content\/uploads\/2025\/10\/AiLEADGEN.jpg?fit=1248%2C1000&#038;quality=89&#038;ssl=1\" class=\"motion-artwork-base-side-by-side-block_508bf1264fd3dcae82544e78ee9dacb3\" alt=\"Satellite image of a residential neighborhood with three rooftops showing solar panel installations. A popup highlights estimated annual savings of $853.32, a 3.2kW system size, and starting price of $5,612 with options for cash or loan. Below the map, product cards display: a QCells battery, LONGi solar panels, and an Enphase EV charger, each with a brochure download button.\" style=\"z-index: 0;\" \/>\n\t\t\t\t\t\t\t\t\t\t\t\t\t\t\t\t\t\t<img decoding=\"async\" src=\"\" class=\"motion-artwork-layer1-side-by-side-block_508bf1264fd3dcae82544e78ee9dacb3\" alt=\"\" style=\"z-index: 1; position: absolute; top: 0; left: 0;\" \/>\n\t\t\t\t\t\t\t\t<\/figure>\n\t\t\t\t\t\t\t\t\t\t\t\t\t\t\t\t\t\t\t\t\t\t\t\t\t\t\t\t<div class=\"text-space\">\n\t\t\t\t\t\t\t\t\t\t\t\t\t\t\t\t<h2 class=\"light-mode\"><p>La electrificaci\u00f3n solar responde en segundos<\/p>\n<\/h2>\t\t\t\t\t\t\t\t<div class=\"sub-headline light-mode\"><p>Satisface la curiosidad de tus clientes en tiempo real, convirtiendo las visitas al sitio web en clientes potenciales.<\/p>\n<\/div>\t\t\t\t\t\t\t\t<div class=\"text light-mode\"><ul>\n<li>Incorpora AI Lead Gen directamente en tu sitio web<\/li>\n<li>La informaci\u00f3n sobre la direcci\u00f3n y el consumo de energ\u00eda introducida por el cliente hace que Ada cree autom\u00e1ticamente un dise\u00f1o autom\u00e1tico del sistema, utilizando los par\u00e1metros de dise\u00f1o que prefieras<\/li>\n<li>Personaliza tu llamada a la acci\u00f3n: tu cliente puede ver una propuesta completa de inmediato, o programar una consulta, o solicitar una propuesta completa. Tu proceso de venta, tu elecci\u00f3n <\/li>\n<\/ul>\n<\/div>\t\t\t\t\t\t\t\t\t\t\t\t\t\t\t\t\t\t\t\t\t\t\t<\/div>\n\t\t\t\t\t\t<\/div>\n\t\t\t\t\t<\/div>\n\t\t\t\t\t\t\t\t\t\t\t\t\t\t\t\t\t\t\t\t\t\t<\/div>\n<\/section>\n<section id=\"side-by-side-block_6b01d575433a70c42a38c1159e9a4027\" class=\"side-by-side light-mode  background-bright-grey-200\" style=\"\">\n\t<div class=\"side-by-side-content light-mode\">\n\t\t\t\t\t\t\t\t\t\t\t\t\t\t<div class=\"content-block-regular\">\n\t\t\t\t\t\t<div class=\"artwork-block artwork-left\">\n\t\t\t\t\t\t\t\t\t\t\t\t\t\t\t<figure class=\"squared\" style=\"position: relative;\">\n\t\t\t\t\t\t\t\t\t<img decoding=\"async\" src=\"https:\/\/i0.wp.com\/www.opensolar.com\/wp-content\/uploads\/2025\/09\/2-10.jpg?fit=1200%2C1204&#038;quality=89&#038;ssl=1\" class=\"motion-artwork-base-side-by-side-block_6b01d575433a70c42a38c1159e9a4027\" alt=\"A professionally dressed man and woman stand side-by-side reviewing a tablet. Below them is a project dashboard listing solar installation projects by address, project ID, stage (designing\/selling), and priority (medium). A dropdown filter at top left allows project view selection.\" style=\"z-index: 0;\" \/>\n\t\t\t\t\t\t\t\t\t\t\t\t\t\t\t\t\t\t<img decoding=\"async\" src=\"\" class=\"motion-artwork-layer1-side-by-side-block_6b01d575433a70c42a38c1159e9a4027\" alt=\"\" style=\"z-index: 1; position: absolute; top: 0; left: 0;\" \/>\n\t\t\t\t\t\t\t\t<\/figure>\n\t\t\t\t\t\t\t\t\t\t\t\t\t\t\t\t\t\t\t\t\t\t\t\t\t\t\t\t<div class=\"text-space\">\n\t\t\t\t\t\t\t\t\t\t\t\t\t\t\t\t<h2 class=\"light-mode\"><p>Ahorro para el cliente y para ti<\/p>\n<\/h2>\t\t\t\t\t\t\t\t<div class=\"sub-headline light-mode\"><p>Presentar cifras indicativas de ahorro en tiempo real para aumentar la motivaci\u00f3n de los clientes<\/p>\n<\/div>\t\t\t\t\t\t\t\t<div class=\"text light-mode\"><ul>\n<li>Ada presentar\u00e1 a tus clientes un resumen del ahorro, y una visi\u00f3n completa del ahorro a lo largo de la vida del sistema, inspirando confianza e inter\u00e9s<\/li>\n<li>Tus clientes tambi\u00e9n obtienen una visi\u00f3n detallada de los equipos propuestos, incluyendo contenido premium de los m\u00e1s de 150 <a href=\"https:\/\/www.opensolar.com\/partners\/\">socios<\/a> de OpenSolar<\/li>\n<li>Todos los clientes potenciales de AI Lead Gen se insertan autom\u00e1ticamente en tu <a href=\"https:\/\/www.opensolar.com\/crm\/\">CRM<\/a> en OpenSolar, o a trav\u00e9s de la <a href=\"https:\/\/www.opensolar.com\/es\/api-abierta\/\">API de OpenSolar<\/a> a tus sistemas de terceros, ahorrando valiosos gastos de ventas y marketing. Recibir\u00e1s autom\u00e1ticamente una notificaci\u00f3n por correo electr\u00f3nico con la fuente de clientes potenciales especificada. Incluso se asignar\u00e1 autom\u00e1ticamente a los miembros del equipo que elijas<\/li>\n<\/ul>\n<\/div>\t\t\t\t\t\t\t\t\t\t\t\t\t\t\t\t\t\t\t\t\t\t\t<\/div>\n\t\t\t\t\t\t<\/div>\n\t\t\t\t\t<\/div>\n\t\t\t\t\t\t\t\t\t\t\t\t\t\t\t\t\t\t\t\t\t\t<\/div>\n<\/section>\n<section id=\"side-by-side-block_0c5af81ae4f81e93b3f6fa8be3d5cf4a\" class=\"side-by-side light-mode  background-none\" style=\"\">\n\t<div class=\"side-by-side-content light-mode\">\n\t\t\t\t\t\t\t\t\t\t\t\t\t\t<div class=\"content-block-regular\">\n\t\t\t\t\t\t<div class=\"artwork-block artwork-right\">\n\t\t\t\t\t\t\t\t\t\t\t\t\t\t\t<figure class=\"squared\" style=\"position: relative;\">\n\t\t\t\t\t\t\t\t\t<img decoding=\"async\" src=\"https:\/\/i0.wp.com\/www.opensolar.com\/wp-content\/uploads\/2025\/09\/3-7.jpg?fit=1122%2C1076&#038;quality=89&#038;ssl=1\" class=\"motion-artwork-base-side-by-side-block_0c5af81ae4f81e93b3f6fa8be3d5cf4a\" alt=\"A confident man stands with arms folded, flanked by two product cards. On his left, a Goodman heat pump (4-ton unit with 46,000 BTU heating, 45,000 BTU cooling); on his right, a Polar ESS ALPS GEM 120 CT meter for energy monitoring. Each product includes a &quot;Showcase Brochure&quot; button.\" style=\"z-index: 0;\" \/>\n\t\t\t\t\t\t\t\t\t\t\t\t\t\t\t\t\t\t<img decoding=\"async\" src=\"\" class=\"motion-artwork-layer1-side-by-side-block_0c5af81ae4f81e93b3f6fa8be3d5cf4a\" alt=\"\" style=\"z-index: 1; position: absolute; top: 0; left: 0;\" \/>\n\t\t\t\t\t\t\t\t<\/figure>\n\t\t\t\t\t\t\t\t\t\t\t\t\t\t\t\t\t\t\t\t\t\t\t\t\t\t\t\t<div class=\"text-space\">\n\t\t\t\t\t\t\t\t\t\t\t\t\t\t\t\t<h2 class=\"light-mode\"><p>Servicio totalmente asistido<\/p>\n<\/h2>\t\t\t\t\t\t\t\t<div class=\"sub-headline light-mode\"><p>AI Lead Gen es un servicio gratuito, pero a\u00fan as\u00ed obtienes:<\/p>\n<\/div>\t\t\t\t\t\t\t\t<div class=\"text light-mode\"><ul>\n<li>Dise\u00f1os de sistemas autom\u00e1ticos integrados en tu sitio web para una gran experiencia del cliente<\/li>\n<li>Asistencia t\u00e9cnica para la implementaci\u00f3n en tu sitio web<\/li>\n<li>Asistencia t\u00e9cnica continuada<\/li>\n<li>Actualizaciones y mejoras continuas que aparecen autom\u00e1ticamente en el sitio web de tu empresa<\/li>\n<\/ul>\n<\/div>\t\t\t\t\t\t\t\t\t\t\t\t\t\t\t\t\t\t\t\t\t\t\t<\/div>\n\t\t\t\t\t\t<\/div>\n\t\t\t\t\t<\/div>\n\t\t\t\t\t\t\t\t\t\t\t\t\t\t\t\t\t\t\t\t\t\t<\/div>\n<\/section>\n\n<p><\/p>\n","protected":false},"excerpt":{"rendered":"","protected":false},"author":7,"featured_media":0,"parent":0,"menu_order":0,"comment_status":"closed","ping_status":"closed","template":"","meta":{"_acf_changed":false,"footnotes":""},"class_list":["post-13925","page","type-page","status-publish","hentry"],"acf":[],"yoast_head":"<!-- This site is optimized with the Yoast SEO Premium plugin v26.6 (Yoast SEO v26.6) - https:\/\/yoast.com\/wordpress\/plugins\/seo\/ -->\n<title>Inteligencia Artificial | OpenSolar<\/title>\n<meta name=\"description\" content=\"Convierta a los visitantes de su sitio web en clientes potenciales interesados y cualificados para la energ\u00eda solar con la herramienta de generaci\u00f3n de clientes potenciales con IA de OpenSolar. Permita a los clientes dise\u00f1ar su propio sistema y ver el ahorro instant\u00e1neo, directamente en su sitio web. Obtenga m\u00e1s informaci\u00f3n y comience ahora mismo.\" \/>\n<meta name=\"robots\" content=\"index, follow, max-snippet:-1, max-image-preview:large, max-video-preview:-1\" \/>\n<link rel=\"canonical\" href=\"https:\/\/www.opensolar.com\/es\/inteligencia-artificial\/\" \/>\n<meta property=\"og:locale\" content=\"es_ES\" \/>\n<meta property=\"og:type\" content=\"article\" \/>\n<meta property=\"og:title\" content=\"Inteligencia Artificial\" \/>\n<meta property=\"og:description\" content=\"Convierta a los visitantes de su sitio web en clientes potenciales interesados y cualificados para la energ\u00eda solar con la herramienta de generaci\u00f3n de clientes potenciales con IA de OpenSolar. Permita a los clientes dise\u00f1ar su propio sistema y ver el ahorro instant\u00e1neo, directamente en su sitio web. Obtenga m\u00e1s informaci\u00f3n y comience ahora mismo.\" \/>\n<meta property=\"og:url\" content=\"https:\/\/www.opensolar.com\/es\/inteligencia-artificial\/\" \/>\n<meta property=\"og:site_name\" content=\"OpenSolar\" \/>\n<meta property=\"article:publisher\" content=\"https:\/\/www.facebook.com\/OpenSolarGlobal\/\" \/>\n<meta property=\"article:modified_time\" content=\"2026-02-20T20:37:35+00:00\" \/>\n<meta property=\"og:image\" content=\"https:\/\/i0.wp.com\/www.opensolar.com\/wp-content\/uploads\/2024\/07\/OpenSolar-logo-for-WP.png?fit=1200%2C675&quality=80&ssl=1\" \/>\n\t<meta property=\"og:image:width\" content=\"1200\" \/>\n\t<meta property=\"og:image:height\" content=\"675\" \/>\n\t<meta property=\"og:image:type\" content=\"image\/png\" \/>\n<meta name=\"twitter:card\" content=\"summary_large_image\" \/>\n<meta name=\"twitter:site\" content=\"@opensolar\" \/>\n<script type=\"application\/ld+json\" class=\"yoast-schema-graph\">{\"@context\":\"https:\/\/schema.org\",\"@graph\":[{\"@type\":\"WebPage\",\"@id\":\"https:\/\/www.opensolar.com\/es\/inteligencia-artificial\/\",\"url\":\"https:\/\/www.opensolar.com\/es\/inteligencia-artificial\/\",\"name\":\"Inteligencia Artificial | OpenSolar\",\"isPartOf\":{\"@id\":\"https:\/\/www.opensolar.com\/es\/#website\"},\"datePublished\":\"2025-09-01T21:25:59+00:00\",\"dateModified\":\"2026-02-20T20:37:35+00:00\",\"description\":\"Convierta a los visitantes de su sitio web en clientes potenciales interesados y cualificados para la energ\u00eda solar con la herramienta de generaci\u00f3n de clientes potenciales con IA de OpenSolar. Permita a los clientes dise\u00f1ar su propio sistema y ver el ahorro instant\u00e1neo, directamente en su sitio web. Obtenga m\u00e1s informaci\u00f3n y comience ahora mismo.\",\"breadcrumb\":{\"@id\":\"https:\/\/www.opensolar.com\/es\/inteligencia-artificial\/#breadcrumb\"},\"inLanguage\":\"es\",\"potentialAction\":[{\"@type\":\"ReadAction\",\"target\":[\"https:\/\/www.opensolar.com\/es\/inteligencia-artificial\/\"]}]},{\"@type\":\"BreadcrumbList\",\"@id\":\"https:\/\/www.opensolar.com\/es\/inteligencia-artificial\/#breadcrumb\",\"itemListElement\":[{\"@type\":\"ListItem\",\"position\":1,\"name\":\"Home\",\"item\":\"https:\/\/www.opensolar.com\/es\/\"},{\"@type\":\"ListItem\",\"position\":2,\"name\":\"Inteligencia Artificial\"}]},{\"@type\":\"WebSite\",\"@id\":\"https:\/\/www.opensolar.com\/es\/#website\",\"url\":\"https:\/\/www.opensolar.com\/es\/\",\"name\":\"OpenSolar\",\"description\":\"Solar Design And Proposal Software\",\"publisher\":{\"@id\":\"https:\/\/www.opensolar.com\/es\/#organization\"},\"potentialAction\":[{\"@type\":\"SearchAction\",\"target\":{\"@type\":\"EntryPoint\",\"urlTemplate\":\"https:\/\/www.opensolar.com\/es\/?s={search_term_string}\"},\"query-input\":{\"@type\":\"PropertyValueSpecification\",\"valueRequired\":true,\"valueName\":\"search_term_string\"}}],\"inLanguage\":\"es\"},{\"@type\":\"Organization\",\"@id\":\"https:\/\/www.opensolar.com\/es\/#organization\",\"name\":\"OpenSolar\",\"url\":\"https:\/\/www.opensolar.com\/es\/\",\"logo\":{\"@type\":\"ImageObject\",\"inLanguage\":\"es\",\"@id\":\"https:\/\/www.opensolar.com\/es\/#\/schema\/logo\/image\/\",\"url\":\"https:\/\/www.opensolar.com\/wp-content\/uploads\/2026\/04\/OpenSolar-Horizontal-Color.svg\",\"contentUrl\":\"https:\/\/www.opensolar.com\/wp-content\/uploads\/2026\/04\/OpenSolar-Horizontal-Color.svg\",\"caption\":\"OpenSolar\"},\"image\":{\"@id\":\"https:\/\/www.opensolar.com\/es\/#\/schema\/logo\/image\/\"},\"sameAs\":[\"https:\/\/www.facebook.com\/OpenSolarGlobal\/\",\"https:\/\/x.com\/opensolar\",\"https:\/\/www.instagram.com\/open.solar\/\",\"https:\/\/www.linkedin.com\/company\/14522819\",\"https:\/\/www.youtube.com\/channel\/UCw3mdQ_ilIq9ZrPpCa_VOnA\/videos\"],\"description\":\"The world's leading solar design and proposal software. Free of charge so you're free to grow.\"}]}<\/script>\n<!-- \/ Yoast SEO Premium plugin. -->","yoast_head_json":{"title":"Inteligencia Artificial | OpenSolar","description":"Convierta a los visitantes de su sitio web en clientes potenciales interesados y cualificados para la energ\u00eda solar con la herramienta de generaci\u00f3n de clientes potenciales con IA de OpenSolar. Permita a los clientes dise\u00f1ar su propio sistema y ver el ahorro instant\u00e1neo, directamente en su sitio web. Obtenga m\u00e1s informaci\u00f3n y comience ahora mismo.","robots":{"index":"index","follow":"follow","max-snippet":"max-snippet:-1","max-image-preview":"max-image-preview:large","max-video-preview":"max-video-preview:-1"},"canonical":"https:\/\/www.opensolar.com\/es\/inteligencia-artificial\/","og_locale":"es_ES","og_type":"article","og_title":"Inteligencia Artificial","og_description":"Convierta a los visitantes de su sitio web en clientes potenciales interesados y cualificados para la energ\u00eda solar con la herramienta de generaci\u00f3n de clientes potenciales con IA de OpenSolar. Permita a los clientes dise\u00f1ar su propio sistema y ver el ahorro instant\u00e1neo, directamente en su sitio web. Obtenga m\u00e1s informaci\u00f3n y comience ahora mismo.","og_url":"https:\/\/www.opensolar.com\/es\/inteligencia-artificial\/","og_site_name":"OpenSolar","article_publisher":"https:\/\/www.facebook.com\/OpenSolarGlobal\/","article_modified_time":"2026-02-20T20:37:35+00:00","og_image":[{"width":1200,"height":675,"url":"https:\/\/i0.wp.com\/www.opensolar.com\/wp-content\/uploads\/2024\/07\/OpenSolar-logo-for-WP.png?fit=1200%2C675&quality=80&ssl=1","type":"image\/png"}],"twitter_card":"summary_large_image","twitter_site":"@opensolar","schema":{"@context":"https:\/\/schema.org","@graph":[{"@type":"WebPage","@id":"https:\/\/www.opensolar.com\/es\/inteligencia-artificial\/","url":"https:\/\/www.opensolar.com\/es\/inteligencia-artificial\/","name":"Inteligencia Artificial | OpenSolar","isPartOf":{"@id":"https:\/\/www.opensolar.com\/es\/#website"},"datePublished":"2025-09-01T21:25:59+00:00","dateModified":"2026-02-20T20:37:35+00:00","description":"Convierta a los visitantes de su sitio web en clientes potenciales interesados y cualificados para la energ\u00eda solar con la herramienta de generaci\u00f3n de clientes potenciales con IA de OpenSolar. Permita a los clientes dise\u00f1ar su propio sistema y ver el ahorro instant\u00e1neo, directamente en su sitio web. Obtenga m\u00e1s informaci\u00f3n y comience ahora mismo.","breadcrumb":{"@id":"https:\/\/www.opensolar.com\/es\/inteligencia-artificial\/#breadcrumb"},"inLanguage":"es","potentialAction":[{"@type":"ReadAction","target":["https:\/\/www.opensolar.com\/es\/inteligencia-artificial\/"]}]},{"@type":"BreadcrumbList","@id":"https:\/\/www.opensolar.com\/es\/inteligencia-artificial\/#breadcrumb","itemListElement":[{"@type":"ListItem","position":1,"name":"Home","item":"https:\/\/www.opensolar.com\/es\/"},{"@type":"ListItem","position":2,"name":"Inteligencia Artificial"}]},{"@type":"WebSite","@id":"https:\/\/www.opensolar.com\/es\/#website","url":"https:\/\/www.opensolar.com\/es\/","name":"OpenSolar","description":"Solar Design And Proposal Software","publisher":{"@id":"https:\/\/www.opensolar.com\/es\/#organization"},"potentialAction":[{"@type":"SearchAction","target":{"@type":"EntryPoint","urlTemplate":"https:\/\/www.opensolar.com\/es\/?s={search_term_string}"},"query-input":{"@type":"PropertyValueSpecification","valueRequired":true,"valueName":"search_term_string"}}],"inLanguage":"es"},{"@type":"Organization","@id":"https:\/\/www.opensolar.com\/es\/#organization","name":"OpenSolar","url":"https:\/\/www.opensolar.com\/es\/","logo":{"@type":"ImageObject","inLanguage":"es","@id":"https:\/\/www.opensolar.com\/es\/#\/schema\/logo\/image\/","url":"https:\/\/www.opensolar.com\/wp-content\/uploads\/2026\/04\/OpenSolar-Horizontal-Color.svg","contentUrl":"https:\/\/www.opensolar.com\/wp-content\/uploads\/2026\/04\/OpenSolar-Horizontal-Color.svg","caption":"OpenSolar"},"image":{"@id":"https:\/\/www.opensolar.com\/es\/#\/schema\/logo\/image\/"},"sameAs":["https:\/\/www.facebook.com\/OpenSolarGlobal\/","https:\/\/x.com\/opensolar","https:\/\/www.instagram.com\/open.solar\/","https:\/\/www.linkedin.com\/company\/14522819","https:\/\/www.youtube.com\/channel\/UCw3mdQ_ilIq9ZrPpCa_VOnA\/videos"],"description":"The world's leading solar design and proposal software. Free of charge so you're free to grow."}]}},"_links":{"self":[{"href":"https:\/\/www.opensolar.com\/es\/wp-json\/wp\/v2\/pages\/13925","targetHints":{"allow":["GET"]}}],"collection":[{"href":"https:\/\/www.opensolar.com\/es\/wp-json\/wp\/v2\/pages"}],"about":[{"href":"https:\/\/www.opensolar.com\/es\/wp-json\/wp\/v2\/types\/page"}],"author":[{"embeddable":true,"href":"https:\/\/www.opensolar.com\/es\/wp-json\/wp\/v2\/users\/7"}],"replies":[{"embeddable":true,"href":"https:\/\/www.opensolar.com\/es\/wp-json\/wp\/v2\/comments?post=13925"}],"version-history":[{"count":0,"href":"https:\/\/www.opensolar.com\/es\/wp-json\/wp\/v2\/pages\/13925\/revisions"}],"wp:attachment":[{"href":"https:\/\/www.opensolar.com\/es\/wp-json\/wp\/v2\/media?parent=13925"}],"curies":[{"name":"wp","href":"https:\/\/api.w.org\/{rel}","templated":true}]}}