{"id":13927,"date":"2025-09-03T12:33:22","date_gmt":"2025-09-03T12:33:22","guid":{"rendered":"https:\/\/www.opensolar.com\/expo\/"},"modified":"2026-03-19T06:48:51","modified_gmt":"2026-03-19T06:48:51","slug":"expo","status":"publish","type":"page","link":"https:\/\/www.opensolar.com\/es\/expo\/","title":{"rendered":"Expo"},"content":{"rendered":"<section id=\"hero-block_bdf0b90a07126ce78a4d1e73e7154f04\" class=\"hero  light-mode background-bright-grey-200\" style=\"\">\n\t\t\t\t\t<div class=\"content-block-hero\">\n\t\t\t\t\t\t\t\t<div class=\"intro-text default\">\n\t\t\t\t\t\t\t\t\t\t\t<h1 class=\"motion-hero-headline blue-gradient light-mode\"><p>Expo<\/p>\n<\/h1>\t\t\t\t\t\t<div class=\"motion-hero-sub-headline sub-headline light-mode\"><p>La primera exposici\u00f3n solar online del mundo, disponible las 24 horas del d\u00eda, los 365 d\u00edas del a\u00f1o. Sin necesidad de viajar ni de preocuparse por los imprevistos del viaje, sin necesidad de ausentarse de la oficina y perder un tiempo valioso. Obtenga la informaci\u00f3n m\u00e1s reciente sobre el sector, encuentre clientes e investigue productos y servicios siempre que lo necesite.  <\/p>\n<\/div>\t\t\t\t\t\t\t\t\t\t\t\t\t\t\t\t\t\t\t<div class=\"actions\">\n\t\t\t\t\t\t\t\t<div class=\"button\"><a href=\"https:\/\/app.opensolar.com\/expo\" target=\"_self\" class=\"button-filled light-mode\">Explora la Expo<\/a><\/div>\t\t\t\t\t\t\t\t\t\t\t\t\t\t\t<\/div>\n\t\t\t\t\t\t\t\t\t\t\t\t\t\t\t\t\t\t\t\t<\/div>\n\t\t\t\t\t\t\t\t\t<div class=\"hero-breadcrumb\">\n\t\t\t\t\t\t<div class=\"hero-breadcrumb-content\">\n\t\t\t\t\t\t\t<a href=\"https:\/\/www.opensolar.com\/pro\/\" target=\"_self\">Pro<\/a><span>&gt;<\/span>\t\t\t\t\t\t\t\t\t\t\t\t\t\tExpo\t\t\t\t\t\t<\/div>\n\t\t\t\t\t<\/div>\n\t\t\t\t\t\t\t<\/div>\n\t\t<\/section><section id=\"side-by-side-block_9a0c7857503a8350815e8258cf387c6b\" class=\"side-by-side light-mode  background-none\" style=\"\">\n\t<div class=\"side-by-side-content light-mode\">\n\t\t\t\t\t\t\t\t\t\t\t\t\t\t<div class=\"content-block-regular\">\n\t\t\t\t\t\t<div class=\"artwork-block artwork-right\">\n\t\t\t\t\t\t\t\t\t\t\t\t\t\t\t<figure class=\"squared\" style=\"position: relative;\">\n\t\t\t\t\t\t\t\t\t<img decoding=\"async\" src=\"https:\/\/i0.wp.com\/www.opensolar.com\/wp-content\/uploads\/2025\/09\/1-11.jpg?fit=1200%2C1000&#038;quality=89&#038;ssl=1\" class=\"motion-artwork-base-side-by-side-block_9a0c7857503a8350815e8258cf387c6b\" alt=\"Promotional banner for the RE+ solar industry event in Las Vegas with a countdown timer. Below, two ads: one promotes \u201cBirchy\u2019s Guide\u201d on staying profitable before the solar tax credit ends, with a sunset over palm trees; the other showcases SUNRGY\u2019s simplified equipment purchasing with an industrial warehouse background.\" style=\"z-index: 0;\" \/>\n\t\t\t\t\t\t\t\t\t\t\t\t\t\t\t\t\t\t<img decoding=\"async\" src=\"\" class=\"motion-artwork-layer1-side-by-side-block_9a0c7857503a8350815e8258cf387c6b\" alt=\"\" style=\"z-index: 1; position: absolute; top: 0; left: 0;\" \/>\n\t\t\t\t\t\t\t\t<\/figure>\n\t\t\t\t\t\t\t\t\t\t\t\t\t\t\t\t\t\t\t\t\t\t\t\t\t\t\t\t<div class=\"text-space\">\n\t\t\t\t\t\t\t\t\t\t\t\t\t\t\t\t<h2 class=\"light-mode\"><p>Lo \u00faltimo y lo mejor de m\u00e1s de 200 grandes de la industria<\/p>\n<\/h2>\t\t\t\t\t\t\t\t<div class=\"sub-headline light-mode\"><p>La mejor conferencia solar est\u00e1 ahora a un clic de distancia, no a un viaje en avi\u00f3n. Directamente desde tu flujo de trabajo diario en OpenSolar: <\/p>\n<\/div>\t\t\t\t\t\t\t\t<div class=\"text light-mode\"><ul>\n<li>Visita la mayor y m\u00e1s actualizada reuni\u00f3n de las principales marcas solares del mundo<\/li>\n<li>Recibe las \u00faltimas noticias, anuncios e innovaciones sobre productos solares<\/li>\n<li>Accede a la documentaci\u00f3n m\u00e1s reciente sobre productos, obt\u00e9n ofertas exclusivas y con\u00e9ctate con proveedores existentes y nuevos<\/li>\n<\/ul>\n<\/div>\t\t\t\t\t\t\t\t\t\t\t\t\t\t\t\t\t\t\t\t\t\t\t<\/div>\n\t\t\t\t\t\t<\/div>\n\t\t\t\t\t<\/div>\n\t\t\t\t\t\t\t\t\t\t\t\t\t\t\t\t\t\t\t\t\t\t<\/div>\n<\/section>\n<section id=\"side-by-side-block_420cd96b24cabb44f5a128729f1d15be\" class=\"side-by-side light-mode  background-bright-grey-200\" style=\"\">\n\t<div class=\"side-by-side-content light-mode\">\n\t\t\t\t\t\t\t\t\t\t\t\t\t\t<div class=\"content-block-regular\">\n\t\t\t\t\t\t<div class=\"artwork-block artwork-left\">\n\t\t\t\t\t\t\t\t\t\t\t\t\t\t\t<figure class=\"squared\" style=\"position: relative;\">\n\t\t\t\t\t\t\t\t\t<img decoding=\"async\" src=\"https:\/\/i0.wp.com\/www.opensolar.com\/wp-content\/uploads\/2025\/09\/2-9.jpg?fit=1200%2C1000&#038;quality=89&#038;ssl=1\" class=\"motion-artwork-base-side-by-side-block_420cd96b24cabb44f5a128729f1d15be\" alt=\"REC Alpha Pro M Series commercial solar panel is showcased with a purple banner, emphasizing high efficiency. Below, a YouTube video thumbnail titled &quot;An introduction to GivEnergy&quot; shows a lineup of energy storage units. GivEnergy branding is placed underneath.\" style=\"z-index: 0;\" \/>\n\t\t\t\t\t\t\t\t\t\t\t\t\t\t\t\t\t\t<img decoding=\"async\" src=\"\" class=\"motion-artwork-layer1-side-by-side-block_420cd96b24cabb44f5a128729f1d15be\" alt=\"\" style=\"z-index: 1; position: absolute; top: 0; left: 0;\" \/>\n\t\t\t\t\t\t\t\t<\/figure>\n\t\t\t\t\t\t\t\t\t\t\t\t\t\t\t\t\t\t\t\t\t\t\t\t\t\t\t\t<div class=\"text-space\">\n\t\t\t\t\t\t\t\t\t\t\t\t\t\t\t\t<h2 class=\"light-mode\"><p>Tus proveedores favoritos ahora vienen a ti<\/p>\n<\/h2>\t\t\t\t\t\t\t\t<div class=\"sub-headline light-mode\"><p>Tanto si se trata de las marcas con las que has hecho negocios durante a\u00f1os, como de otras nuevas en las que est\u00e1s interesado, ahora t\u00fa y tu equipo pod\u00e9is hacerlo:<\/p>\n<\/div>\t\t\t\t\t\t\t\t<div class=\"text light-mode\"><ul>\n<li>Consulta los \u00faltimos productos y servicios de los mejores proveedores<\/li>\n<li>Descarga la documentaci\u00f3n m\u00e1s reciente sobre los productos para ayudar a tus compa\u00f1eros y clientes<\/li>\n<li>Chatea en l\u00ednea con representantes y expertos en productos<\/li>\n<li>Reg\u00edstrate para ser el primero en conocer los lanzamientos de nuevos productos y los anuncios del sector<\/li>\n<li>Consulta los precios e incluso compra el kit directamente en el stand de la Expo<\/li>\n<\/ul>\n<\/div>\t\t\t\t\t\t\t\t\t\t\t\t\t\t\t\t\t\t\t\t\t\t\t<\/div>\n\t\t\t\t\t\t<\/div>\n\t\t\t\t\t<\/div>\n\t\t\t\t\t\t\t\t\t\t\t\t\t\t\t\t\t\t\t\t\t\t<\/div>\n<\/section>\n<section id=\"side-by-side-block_edfcd221c77984a60a26ef7754743736\" class=\"side-by-side light-mode  background-none\" style=\"\">\n\t<div class=\"side-by-side-content light-mode\">\n\t\t\t\t\t\t\t\t\t\t\t\t\t\t<div class=\"content-block-regular\">\n\t\t\t\t\t\t<div class=\"artwork-block artwork-right\">\n\t\t\t\t\t\t\t\t\t\t\t\t\t\t\t<figure class=\"squared\" style=\"position: relative;\">\n\t\t\t\t\t\t\t\t\t<img decoding=\"async\" src=\"https:\/\/i0.wp.com\/www.opensolar.com\/wp-content\/uploads\/2026\/03\/Group-1739328211.png?fit=1002%2C819&#038;quality=80&#038;ssl=1\" class=\"motion-artwork-base-side-by-side-block_edfcd221c77984a60a26ef7754743736\" alt=\"\" style=\"z-index: 0;\" \/>\n\t\t\t\t\t\t\t\t\t\t\t\t\t\t\t\t\t\t<img decoding=\"async\" src=\"\" class=\"motion-artwork-layer1-side-by-side-block_edfcd221c77984a60a26ef7754743736\" alt=\"\" style=\"z-index: 1; position: absolute; top: 0; left: 0;\" \/>\n\t\t\t\t\t\t\t\t<\/figure>\n\t\t\t\t\t\t\t\t\t\t\t\t\t\t\t\t\t\t\t\t\t\t\t\t\t\t\t\t<div class=\"text-space\">\n\t\t\t\t\t\t\t\t\t\t\t\t\t\t\t\t<h2 class=\"light-mode\"><p>Prueba nuevos productos en OpenSolar para obtener una ventaja competitiva<\/p>\n<\/h2>\t\t\t\t\t\t\t\t<div class=\"sub-headline light-mode\"><p>Coge un nuevo, \u00faltimo y mejor producto que hayas conocido en la Expo, y:<\/p>\n<\/div>\t\t\t\t\t\t\t\t<div class=\"text light-mode\"><ul>\n<li>A\u00f1\u00e1delo sin problemas a los ajustes de control de equipo de tu cuenta OpenSolar<\/li>\n<li>Aprende r\u00e1pidamente c\u00f3mo un nuevo producto puede ayudarte a resolver un problema o a obtener una ventaja competitiva<\/li>\n<li>Dise\u00f1a con el nuevo producto y vende a los clientes tecnolog\u00eda punta de las mejores marcas<\/li>\n<\/ul>\n<\/div>\t\t\t\t\t\t\t\t\t\t\t\t\t\t\t\t\t\t\t\t\t\t\t<\/div>\n\t\t\t\t\t\t<\/div>\n\t\t\t\t\t<\/div>\n\t\t\t\t\t\t\t\t\t\t\t\t\t\t\t\t\t\t\t\t\t\t<\/div>\n<\/section>\n<section id=\"side-by-side-block_ca46b5538812ef8c7137ce354bab52a1\" class=\"side-by-side light-mode  background-bright-grey-200\" style=\"\">\n\t<div class=\"side-by-side-content light-mode\">\n\t\t\t\t\t\t\t\t\t\t\t\t\t\t<div class=\"content-block-regular\">\n\t\t\t\t\t\t<div class=\"artwork-block artwork-left\">\n\t\t\t\t\t\t\t\t\t\t\t\t\t\t\t<figure class=\"squared\" style=\"position: relative;\">\n\t\t\t\t\t\t\t\t\t<img decoding=\"async\" src=\"https:\/\/i0.wp.com\/www.opensolar.com\/wp-content\/uploads\/2025\/09\/4-2.jpg?fit=1200%2C1000&#038;quality=89&#038;ssl=1\" class=\"motion-artwork-base-side-by-side-block_ca46b5538812ef8c7137ce354bab52a1\" alt=\"A live chat with a solar expert named Colette. A user asks for a recommendation for a 5.8kW PV system. Colette replies with advice to use the SUNSYNK-5K-SG01 hybrid inverter and either the SUNSYNK-W5.3 or W10.6 IP65 battery depending on storage needs.\" style=\"z-index: 0;\" \/>\n\t\t\t\t\t\t\t\t\t\t\t\t\t\t\t\t\t\t<img decoding=\"async\" src=\"\" class=\"motion-artwork-layer1-side-by-side-block_ca46b5538812ef8c7137ce354bab52a1\" alt=\"\" style=\"z-index: 1; position: absolute; top: 0; left: 0;\" \/>\n\t\t\t\t\t\t\t\t<\/figure>\n\t\t\t\t\t\t\t\t\t\t\t\t\t\t\t\t\t\t\t\t\t\t\t\t\t\t\t\t<div class=\"text-space\">\n\t\t\t\t\t\t\t\t\t\t\t\t\t\t\t\t<h2 class=\"light-mode\"><p>Interact\u00faa directamente con las marcas que te interesan.<\/p>\n<\/h2>\t\t\t\t\t\t\t\t<div class=\"sub-headline light-mode\"><p>Al igual que har\u00edas en un stand de una exposici\u00f3n en el mundo real, s\u00f3lo tienes que acercarte e iniciar una conversaci\u00f3n<\/p>\n<\/div>\t\t\t\t\t\t\t\t<div class=\"text light-mode\"><ul>\n<li>Visita un stand que parezca interesante<\/li>\n<li>Abre la funci\u00f3n de chat integrada<\/li>\n<li>Haz preguntas directamente a los fabricantes y proveedores de servicios, y obt\u00e9n las respuestas que necesitas<\/li>\n<\/ul>\n<\/div>\t\t\t\t\t\t\t\t\t\t\t\t\t\t\t\t\t\t\t\t\t\t\t<\/div>\n\t\t\t\t\t\t<\/div>\n\t\t\t\t\t<\/div>\n\t\t\t\t\t\t\t\t\t\t\t\t\t\t\t\t\t\t\t\t\t\t<\/div>\n<\/section>\n\n<p><\/p>\n","protected":false},"excerpt":{"rendered":"","protected":false},"author":7,"featured_media":0,"parent":0,"menu_order":0,"comment_status":"closed","ping_status":"closed","template":"","meta":{"_acf_changed":false,"footnotes":""},"class_list":["post-13927","page","type-page","status-publish","hentry"],"acf":[],"yoast_head":"<!-- This site is optimized with the Yoast SEO Premium plugin v26.6 (Yoast SEO v26.6) - https:\/\/yoast.com\/wordpress\/plugins\/seo\/ -->\n<title>Expo | OpenSolar<\/title>\n<meta name=\"description\" content=\"Descubra lo \u00faltimo en energ\u00eda solar de m\u00e1s de 200 marcas l\u00edderes en la OpenSolar Expo. Acceda a nuevos productos, charle con expertos y descargue especificaciones las 24 horas del d\u00eda, los 7 d\u00edas de la semana, sin necesidad de desplazarse. Visite hoy mismo la conferencia virtual sobre energ\u00eda solar.\" \/>\n<meta name=\"robots\" content=\"index, follow, max-snippet:-1, max-image-preview:large, max-video-preview:-1\" \/>\n<link rel=\"canonical\" href=\"https:\/\/www.opensolar.com\/es\/expo\/\" \/>\n<meta property=\"og:locale\" content=\"es_ES\" \/>\n<meta property=\"og:type\" content=\"article\" \/>\n<meta property=\"og:title\" content=\"Expo\" \/>\n<meta property=\"og:description\" content=\"Descubra lo \u00faltimo en energ\u00eda solar de m\u00e1s de 200 marcas l\u00edderes en la OpenSolar Expo. Acceda a nuevos productos, charle con expertos y descargue especificaciones las 24 horas del d\u00eda, los 7 d\u00edas de la semana, sin necesidad de desplazarse. Visite hoy mismo la conferencia virtual sobre energ\u00eda solar.\" \/>\n<meta property=\"og:url\" content=\"https:\/\/www.opensolar.com\/es\/expo\/\" \/>\n<meta property=\"og:site_name\" content=\"OpenSolar\" \/>\n<meta property=\"article:publisher\" content=\"https:\/\/www.facebook.com\/OpenSolarGlobal\/\" \/>\n<meta property=\"article:modified_time\" content=\"2026-03-19T06:48:51+00:00\" \/>\n<meta property=\"og:image\" content=\"https:\/\/i0.wp.com\/www.opensolar.com\/wp-content\/uploads\/2024\/07\/OpenSolar-logo-for-WP.png?fit=1200%2C675&quality=80&ssl=1\" \/>\n\t<meta property=\"og:image:width\" content=\"1200\" \/>\n\t<meta property=\"og:image:height\" content=\"675\" \/>\n\t<meta property=\"og:image:type\" content=\"image\/png\" \/>\n<meta name=\"twitter:card\" content=\"summary_large_image\" \/>\n<meta name=\"twitter:site\" content=\"@opensolar\" \/>\n<script type=\"application\/ld+json\" class=\"yoast-schema-graph\">{\"@context\":\"https:\/\/schema.org\",\"@graph\":[{\"@type\":\"WebPage\",\"@id\":\"https:\/\/www.opensolar.com\/es\/expo\/\",\"url\":\"https:\/\/www.opensolar.com\/es\/expo\/\",\"name\":\"Expo | OpenSolar\",\"isPartOf\":{\"@id\":\"https:\/\/www.opensolar.com\/es\/#website\"},\"datePublished\":\"2025-09-03T12:33:22+00:00\",\"dateModified\":\"2026-03-19T06:48:51+00:00\",\"description\":\"Descubra lo \u00faltimo en energ\u00eda solar de m\u00e1s de 200 marcas l\u00edderes en la OpenSolar Expo. Acceda a nuevos productos, charle con expertos y descargue especificaciones las 24 horas del d\u00eda, los 7 d\u00edas de la semana, sin necesidad de desplazarse. Visite hoy mismo la conferencia virtual sobre energ\u00eda solar.\",\"breadcrumb\":{\"@id\":\"https:\/\/www.opensolar.com\/es\/expo\/#breadcrumb\"},\"inLanguage\":\"es\",\"potentialAction\":[{\"@type\":\"ReadAction\",\"target\":[\"https:\/\/www.opensolar.com\/es\/expo\/\"]}]},{\"@type\":\"BreadcrumbList\",\"@id\":\"https:\/\/www.opensolar.com\/es\/expo\/#breadcrumb\",\"itemListElement\":[{\"@type\":\"ListItem\",\"position\":1,\"name\":\"Home\",\"item\":\"https:\/\/www.opensolar.com\/es\/\"},{\"@type\":\"ListItem\",\"position\":2,\"name\":\"Expo\"}]},{\"@type\":\"WebSite\",\"@id\":\"https:\/\/www.opensolar.com\/es\/#website\",\"url\":\"https:\/\/www.opensolar.com\/es\/\",\"name\":\"OpenSolar\",\"description\":\"Solar Design And Proposal Software\",\"publisher\":{\"@id\":\"https:\/\/www.opensolar.com\/es\/#organization\"},\"potentialAction\":[{\"@type\":\"SearchAction\",\"target\":{\"@type\":\"EntryPoint\",\"urlTemplate\":\"https:\/\/www.opensolar.com\/es\/?s={search_term_string}\"},\"query-input\":{\"@type\":\"PropertyValueSpecification\",\"valueRequired\":true,\"valueName\":\"search_term_string\"}}],\"inLanguage\":\"es\"},{\"@type\":\"Organization\",\"@id\":\"https:\/\/www.opensolar.com\/es\/#organization\",\"name\":\"OpenSolar\",\"url\":\"https:\/\/www.opensolar.com\/es\/\",\"logo\":{\"@type\":\"ImageObject\",\"inLanguage\":\"es\",\"@id\":\"https:\/\/www.opensolar.com\/es\/#\/schema\/logo\/image\/\",\"url\":\"https:\/\/www.opensolar.com\/wp-content\/uploads\/2026\/04\/OpenSolar-Horizontal-Color.svg\",\"contentUrl\":\"https:\/\/www.opensolar.com\/wp-content\/uploads\/2026\/04\/OpenSolar-Horizontal-Color.svg\",\"caption\":\"OpenSolar\"},\"image\":{\"@id\":\"https:\/\/www.opensolar.com\/es\/#\/schema\/logo\/image\/\"},\"sameAs\":[\"https:\/\/www.facebook.com\/OpenSolarGlobal\/\",\"https:\/\/x.com\/opensolar\",\"https:\/\/www.instagram.com\/open.solar\/\",\"https:\/\/www.linkedin.com\/company\/14522819\",\"https:\/\/www.youtube.com\/channel\/UCw3mdQ_ilIq9ZrPpCa_VOnA\/videos\"],\"description\":\"The world's leading solar design and proposal software. Free of charge so you're free to grow.\"}]}<\/script>\n<!-- \/ Yoast SEO Premium plugin. -->","yoast_head_json":{"title":"Expo | OpenSolar","description":"Descubra lo \u00faltimo en energ\u00eda solar de m\u00e1s de 200 marcas l\u00edderes en la OpenSolar Expo. Acceda a nuevos productos, charle con expertos y descargue especificaciones las 24 horas del d\u00eda, los 7 d\u00edas de la semana, sin necesidad de desplazarse. Visite hoy mismo la conferencia virtual sobre energ\u00eda solar.","robots":{"index":"index","follow":"follow","max-snippet":"max-snippet:-1","max-image-preview":"max-image-preview:large","max-video-preview":"max-video-preview:-1"},"canonical":"https:\/\/www.opensolar.com\/es\/expo\/","og_locale":"es_ES","og_type":"article","og_title":"Expo","og_description":"Descubra lo \u00faltimo en energ\u00eda solar de m\u00e1s de 200 marcas l\u00edderes en la OpenSolar Expo. Acceda a nuevos productos, charle con expertos y descargue especificaciones las 24 horas del d\u00eda, los 7 d\u00edas de la semana, sin necesidad de desplazarse. Visite hoy mismo la conferencia virtual sobre energ\u00eda solar.","og_url":"https:\/\/www.opensolar.com\/es\/expo\/","og_site_name":"OpenSolar","article_publisher":"https:\/\/www.facebook.com\/OpenSolarGlobal\/","article_modified_time":"2026-03-19T06:48:51+00:00","og_image":[{"width":1200,"height":675,"url":"https:\/\/i0.wp.com\/www.opensolar.com\/wp-content\/uploads\/2024\/07\/OpenSolar-logo-for-WP.png?fit=1200%2C675&quality=80&ssl=1","type":"image\/png"}],"twitter_card":"summary_large_image","twitter_site":"@opensolar","schema":{"@context":"https:\/\/schema.org","@graph":[{"@type":"WebPage","@id":"https:\/\/www.opensolar.com\/es\/expo\/","url":"https:\/\/www.opensolar.com\/es\/expo\/","name":"Expo | OpenSolar","isPartOf":{"@id":"https:\/\/www.opensolar.com\/es\/#website"},"datePublished":"2025-09-03T12:33:22+00:00","dateModified":"2026-03-19T06:48:51+00:00","description":"Descubra lo \u00faltimo en energ\u00eda solar de m\u00e1s de 200 marcas l\u00edderes en la OpenSolar Expo. Acceda a nuevos productos, charle con expertos y descargue especificaciones las 24 horas del d\u00eda, los 7 d\u00edas de la semana, sin necesidad de desplazarse. Visite hoy mismo la conferencia virtual sobre energ\u00eda solar.","breadcrumb":{"@id":"https:\/\/www.opensolar.com\/es\/expo\/#breadcrumb"},"inLanguage":"es","potentialAction":[{"@type":"ReadAction","target":["https:\/\/www.opensolar.com\/es\/expo\/"]}]},{"@type":"BreadcrumbList","@id":"https:\/\/www.opensolar.com\/es\/expo\/#breadcrumb","itemListElement":[{"@type":"ListItem","position":1,"name":"Home","item":"https:\/\/www.opensolar.com\/es\/"},{"@type":"ListItem","position":2,"name":"Expo"}]},{"@type":"WebSite","@id":"https:\/\/www.opensolar.com\/es\/#website","url":"https:\/\/www.opensolar.com\/es\/","name":"OpenSolar","description":"Solar Design And Proposal Software","publisher":{"@id":"https:\/\/www.opensolar.com\/es\/#organization"},"potentialAction":[{"@type":"SearchAction","target":{"@type":"EntryPoint","urlTemplate":"https:\/\/www.opensolar.com\/es\/?s={search_term_string}"},"query-input":{"@type":"PropertyValueSpecification","valueRequired":true,"valueName":"search_term_string"}}],"inLanguage":"es"},{"@type":"Organization","@id":"https:\/\/www.opensolar.com\/es\/#organization","name":"OpenSolar","url":"https:\/\/www.opensolar.com\/es\/","logo":{"@type":"ImageObject","inLanguage":"es","@id":"https:\/\/www.opensolar.com\/es\/#\/schema\/logo\/image\/","url":"https:\/\/www.opensolar.com\/wp-content\/uploads\/2026\/04\/OpenSolar-Horizontal-Color.svg","contentUrl":"https:\/\/www.opensolar.com\/wp-content\/uploads\/2026\/04\/OpenSolar-Horizontal-Color.svg","caption":"OpenSolar"},"image":{"@id":"https:\/\/www.opensolar.com\/es\/#\/schema\/logo\/image\/"},"sameAs":["https:\/\/www.facebook.com\/OpenSolarGlobal\/","https:\/\/x.com\/opensolar","https:\/\/www.instagram.com\/open.solar\/","https:\/\/www.linkedin.com\/company\/14522819","https:\/\/www.youtube.com\/channel\/UCw3mdQ_ilIq9ZrPpCa_VOnA\/videos"],"description":"The world's leading solar design and proposal software. Free of charge so you're free to grow."}]}},"_links":{"self":[{"href":"https:\/\/www.opensolar.com\/es\/wp-json\/wp\/v2\/pages\/13927","targetHints":{"allow":["GET"]}}],"collection":[{"href":"https:\/\/www.opensolar.com\/es\/wp-json\/wp\/v2\/pages"}],"about":[{"href":"https:\/\/www.opensolar.com\/es\/wp-json\/wp\/v2\/types\/page"}],"author":[{"embeddable":true,"href":"https:\/\/www.opensolar.com\/es\/wp-json\/wp\/v2\/users\/7"}],"replies":[{"embeddable":true,"href":"https:\/\/www.opensolar.com\/es\/wp-json\/wp\/v2\/comments?post=13927"}],"version-history":[{"count":0,"href":"https:\/\/www.opensolar.com\/es\/wp-json\/wp\/v2\/pages\/13927\/revisions"}],"wp:attachment":[{"href":"https:\/\/www.opensolar.com\/es\/wp-json\/wp\/v2\/media?parent=13927"}],"curies":[{"name":"wp","href":"https:\/\/api.w.org\/{rel}","templated":true}]}}