{"id":13933,"date":"2025-09-01T21:25:11","date_gmt":"2025-09-01T21:25:11","guid":{"rendered":"https:\/\/www.opensolar.com\/maquina-de-ventas\/"},"modified":"2026-03-09T16:45:38","modified_gmt":"2026-03-09T16:45:38","slug":"maquina-de-ventas","status":"publish","type":"page","link":"https:\/\/www.opensolar.com\/es\/maquina-de-ventas\/","title":{"rendered":"Propuesta de M\u00e1quina de Ventas"},"content":{"rendered":"<section id=\"hero-block_e38d4e0133d55b9480def4c7f9eaf6dc\" class=\"hero  light-mode background-bright-grey-200\" style=\"\">\n\t\t\t\t\t<div class=\"content-block-hero  background-beta\">\n\t\t\t\t\t\t\t\t<div class=\"intro-text default\">\n\t\t\t\t\t\t\t\t\t\t\t<h1 class=\"motion-hero-headline  badge-beta blue-gradient light-mode\"><p>Propuesta de m\u00e1quina de ventas<\/p>\n<\/h1>\t\t\t\t\t\t<div class=\"motion-hero-sub-headline sub-headline light-mode\"><p>Vende un estilo de vida electrificado con energ\u00eda solar, con una propuesta de venta solar moderna y personalizable. F\u00e1cil de navegar, en cualquier dispositivo. <\/p>\n<\/div>\t\t\t\t\t\t<div class=\"motion-hero-text text light-mode\"><p><em>La Propuesta de M\u00e1quina de Ventas est\u00e1 en fase beta y disponible en Reino Unido, EE.UU. y Australia. Los administradores de cuentas pueden seguir <a href=\"https:\/\/support.opensolar.com\/hc\/en-us\/articles\/13799153168527-How-to-Enable-Beta-Features-on-OpenSolar\" target=\"_blank\" rel=\"noopener\">estas instrucciones<\/a> para activar la funci\u00f3n o <\/em><em>  Obt\u00e9n m\u00e1s informaci\u00f3n en este <a href=\"https:\/\/support.opensolar.com\/hc\/en-us\/articles\/13782333913231-Sales-Machine-Proposal-User-Guide-Beta\" target=\"_blank\" rel=\"noopener\">art\u00edculo del Centro de ayuda<\/a>.<\/em><\/p>\n<\/div>\t\t\t\t\t\t\t\t\t\t\t\t\t\t\t\t\t\t\t\t<\/div>\n\t\t\t\t\t\t\t\t\t<div class=\"hero-breadcrumb\">\n\t\t\t\t\t\t<div class=\"hero-breadcrumb-content\">\n\t\t\t\t\t\t\t<a href=\"https:\/\/www.opensolar.com\/pro\/\" target=\"_self\">Pro<\/a><span>&gt;<\/span>\t\t\t\t\t\t\t\t\t\t\t\t\t\tPropuesta de M\u00e1quina de Ventas\t\t\t\t\t\t<\/div>\n\t\t\t\t\t<\/div>\n\t\t\t\t\t\t\t<\/div>\n\t\t<\/section><section id=\"side-by-side-block_467039918e6105d3526a3b69572cce85\" class=\"side-by-side light-mode  background-none\" style=\"\">\n\t<div class=\"side-by-side-content light-mode\">\n\t\t\t\t\t\t\t\t\t\t\t\t\t\t<div class=\"content-block-regular\">\n\t\t\t\t\t\t<div class=\"artwork-block artwork-right\">\n\t\t\t\t\t\t\t\t\t\t\t\t\t\t\t<figure class=\"squared\" style=\"position: relative;\">\n\t\t\t\t\t\t\t\t\t<img decoding=\"async\" src=\"https:\/\/i0.wp.com\/www.opensolar.com\/wp-content\/uploads\/2025\/09\/1-10.jpg?fit=1200%2C1000&#038;quality=89&#038;ssl=1\" class=\"motion-artwork-base-side-by-side-block_467039918e6105d3526a3b69572cce85\" alt=\"A 3D illustration of a modern two-story home with rooftop solar panels, connected by yellow wiring to a wall-mounted battery and inverter system on the side of the house. The solar system is linked to a detached garage, which has an EV charging station on the wall and two electric cars parked in front, highlighted in yellow. A control panel on the right side of the image displays system customization options, showing 15 solar panels selected, and one unit each for battery storage, EV charging, and what appears to be HVAC or load management components. Two human figures stand in front of the house for scale, and trees are visible behind the garage.\" style=\"z-index: 0;\" \/>\n\t\t\t\t\t\t\t\t\t\t\t\t\t\t\t\t\t\t<img decoding=\"async\" src=\"\" class=\"motion-artwork-layer1-side-by-side-block_467039918e6105d3526a3b69572cce85\" alt=\"\" style=\"z-index: 1; position: absolute; top: 0; left: 0;\" \/>\n\t\t\t\t\t\t\t\t<\/figure>\n\t\t\t\t\t\t\t\t\t\t\t\t\t\t\t\t\t\t\t\t\t\t\t\t\t\t\t\t<div class=\"text-space\">\n\t\t\t\t\t\t\t\t\t\t\t\t\t\t\t\t<h2 class=\"light-mode\"><p>Propuestas que venden el estilo de vida electrificado con energ\u00eda solar<\/p>\n<\/h2>\t\t\t\t\t\t\t\t<div class=\"sub-headline light-mode\"><p>Presenta a tu cliente una imagen impactante de la vida antes y despu\u00e9s de la electrificaci\u00f3n solar.<\/p>\n<\/div>\t\t\t\t\t\t\t\t<div class=\"text light-mode\"><ul>\n<li>Cuenta tu propia historia con un dise\u00f1o personalizable, adem\u00e1s de tu marca y contenido<\/li>\n<li>Mostrar a los clientes el coste mensual y acumulado de seguir con los combustibles f\u00f3siles<\/li>\n<li>Presenta el ahorro econ\u00f3mico de una vida electrificada, que se acumula con el tiempo<\/li>\n<li>Presenta energ\u00eda solar y almacenamiento, o a\u00f1ade cargadores de VE y bombas de calor para ahorrar en la electrificaci\u00f3n de toda la casa<\/li>\n<\/ul>\n<\/div>\t\t\t\t\t\t\t\t\t\t\t\t\t\t\t\t\t\t\t\t\t\t\t<\/div>\n\t\t\t\t\t\t<\/div>\n\t\t\t\t\t<\/div>\n\t\t\t\t\t\t\t\t\t\t\t\t\t\t\t\t\t\t\t\t\t\t<\/div>\n<\/section>\n<section id=\"side-by-side-block_6b463b9946427a166ef6c84968c17f0e\" class=\"side-by-side light-mode  background-bright-grey-200\" style=\"\">\n\t<div class=\"side-by-side-content light-mode\">\n\t\t\t\t\t\t\t\t\t\t\t\t\t\t<div class=\"content-block-regular\">\n\t\t\t\t\t\t<div class=\"artwork-block artwork-left\">\n\t\t\t\t\t\t\t\t\t\t\t\t\t\t\t<figure class=\"squared\" style=\"position: relative;\">\n\t\t\t\t\t\t\t\t\t<img decoding=\"async\" src=\"https:\/\/i0.wp.com\/www.opensolar.com\/wp-content\/uploads\/2025\/09\/2-8.jpg?fit=1200%2C1000&#038;quality=89&#038;ssl=1\" class=\"motion-artwork-base-side-by-side-block_6b463b9946427a166ef6c84968c17f0e\" alt=\"A man and woman are seated, having a discussion while looking at a tablet. Floating around them are data visualizations comparing energy costs. On the left, a breakdown shows a solar plan with $0 gas, $0 fuel, $140\/month financing, and $50 monthly electricity cost. On the right, a traditional utility breakdown displays $225 for fuel, $54 for gas, and $147 for electricity. Bar charts behind each cost summary represent the proportional energy expenses. The image conveys a positive, informed conversation about energy savings through solar adoption.\" style=\"z-index: 0;\" \/>\n\t\t\t\t\t\t\t\t\t\t\t\t\t\t\t\t\t\t<img decoding=\"async\" src=\"\" class=\"motion-artwork-layer1-side-by-side-block_6b463b9946427a166ef6c84968c17f0e\" alt=\"\" style=\"z-index: 1; position: absolute; top: 0; left: 0;\" \/>\n\t\t\t\t\t\t\t\t<\/figure>\n\t\t\t\t\t\t\t\t\t\t\t\t\t\t\t\t\t\t\t\t\t\t\t\t\t\t\t\t<div class=\"text-space\">\n\t\t\t\t\t\t\t\t\t\t\t\t\t\t\t\t<h2 class=\"light-mode\"><p>Ahorros que cuentan una historia poderosa<\/p>\n<\/h2>\t\t\t\t\t\t\t\t<div class=\"sub-headline light-mode\"><p>Contrasta la econom\u00eda cara y perjudicial de una vida impulsada por combustibles f\u00f3siles con los beneficios de la electrificaci\u00f3n solar.<\/p>\n<\/div>\t\t\t\t\t\t\t\t<div class=\"text light-mode\"><ul>\n<li>La pesta\u00f1a actual muestra el coste de la inacci\u00f3n, y la nueva pesta\u00f1a Electrificada muestra el ahorro y las ventajas del estilo de vida con la energ\u00eda el\u00e9ctrica solar, con copias de seguridad y ahorro de picos.<\/li>\n<li>Mostrar el ahorro mensual y acumulado<\/li>\n<li>Presentar la contribuci\u00f3n individual al ahorro de la energ\u00eda solar, el almacenamiento, el transporte EV y las bombas de calor<\/li>\n<li>Ilustra din\u00e1micamente c\u00f3mo cambia el ahorro con tus diferentes opciones de pago<\/li>\n<\/ul>\n<\/div>\t\t\t\t\t\t\t\t\t\t\t\t\t\t\t\t\t\t\t\t\t\t\t<\/div>\n\t\t\t\t\t\t<\/div>\n\t\t\t\t\t<\/div>\n\t\t\t\t\t\t\t\t\t\t\t\t\t\t\t\t\t\t\t\t\t\t<\/div>\n<\/section>\n<section id=\"side-by-side-block_752c0a5dd009ed5f24a8c78b7c50187c\" class=\"side-by-side light-mode  background-none\" style=\"\">\n\t<div class=\"side-by-side-content light-mode\">\n\t\t\t\t\t\t\t\t\t\t\t\t\t\t<div class=\"content-block-regular\">\n\t\t\t\t\t\t<div class=\"artwork-block artwork-right\">\n\t\t\t\t\t\t\t\t\t\t\t\t\t\t\t<figure class=\"squared\" style=\"position: relative;\">\n\t\t\t\t\t\t\t\t\t<img decoding=\"async\" src=\"https:\/\/i0.wp.com\/www.opensolar.com\/wp-content\/uploads\/2025\/09\/3.jpg?fit=600%2C500&#038;quality=89&#038;ssl=1\" class=\"motion-artwork-base-side-by-side-block_752c0a5dd009ed5f24a8c78b7c50187c\" alt=\"A modern two-story suburban home with a large rooftop solar panel array installed. Below the image, three product cards highlight key components of the home&#039;s energy system: a Goodman heat pump (4-ton heating, 5-ton cooling unit), a set of 15 LONGi HI5-54HIH-415M solar panels (415W each), and an Enphase EV charger (208\/240 VAC, single-phase). Each product card includes brand logos, product images, technical specs, and buttons to download brochures. The scene promotes an integrated clean energy solution for residential homes.\" style=\"z-index: 0;\" \/>\n\t\t\t\t\t\t\t\t\t\t\t\t\t\t\t\t\t\t<img decoding=\"async\" src=\"\" class=\"motion-artwork-layer1-side-by-side-block_752c0a5dd009ed5f24a8c78b7c50187c\" alt=\"\" style=\"z-index: 1; position: absolute; top: 0; left: 0;\" \/>\n\t\t\t\t\t\t\t\t<\/figure>\n\t\t\t\t\t\t\t\t\t\t\t\t\t\t\t\t\t\t\t\t\t\t\t\t\t\t\t\t<div class=\"text-space\">\n\t\t\t\t\t\t\t\t\t\t\t\t\t\t\t\t<h2 class=\"light-mode\"><p>Hazlo tuyo<\/p>\n<\/h2>\t\t\t\t\t\t\t\t<div class=\"sub-headline light-mode\"><p>Repleta de funciones de personalizaci\u00f3n, y cada vez con m\u00e1s novedades, tu propuesta contar\u00e1 tu propia historia y destacar\u00e1 entre la multitud.<\/p>\n<\/div>\t\t\t\t\t\t\t\t<div class=\"text light-mode\"><ul>\n<li>Crea tu propia portada y presentaci\u00f3n de marca<\/li>\n<li>A\u00f1ade tu propio contenido y mu\u00e9velo en el orden que prefieras, elige tus propias im\u00e1genes y otros activos<\/li>\n<li>Muestra tu receta ganadora de opciones de hardware, respaldada con un gran contenido de las marcas fabricantes de OpenSolar<\/li>\n<\/ul>\n<\/div>\t\t\t\t\t\t\t\t\t\t\t\t\t\t\t\t\t\t\t\t\t\t\t<\/div>\n\t\t\t\t\t\t<\/div>\n\t\t\t\t\t<\/div>\n\t\t\t\t\t\t\t\t\t\t\t\t\t\t\t\t\t\t\t\t\t\t<\/div>\n<\/section>\n<section id=\"whole-home-electrification\" class=\"side-by-side light-mode  background-bright-grey-200\" style=\"\">\n\t<div class=\"side-by-side-content light-mode\">\n\t\t\t\t\t\t\t\t\t\t\t\t\t\t<div class=\"content-block-regular\">\n\t\t\t\t\t\t<div class=\"artwork-block artwork-left\">\n\t\t\t\t\t\t\t\t\t\t\t\t\t\t\t<figure class=\"squared\" style=\"position: relative;\">\n\t\t\t\t\t\t\t\t\t<img decoding=\"async\" src=\"https:\/\/i0.wp.com\/www.opensolar.com\/wp-content\/uploads\/2025\/09\/5-1.jpg?fit=1200%2C1000&#038;quality=89&#038;ssl=1\" class=\"motion-artwork-base-whole-home-electrification\" alt=\"An HVAC technician in a hard hat works on an outdoor heat pump unit, representing home electrification. Superimposed on the image are user interface elements from OpenSolar&#039;s energy analysis tool. These elements show input fields for &quot;Transportation Usage&quot; (for an ICE vehicle) and &quot;Heat Pump Data,&quot; which are used to build the customer&#039;s comprehensive monthly energy usage profile, shown as a bar chart in the background.\" style=\"z-index: 0;\" \/>\n\t\t\t\t\t\t\t\t\t\t\t\t\t\t\t\t\t\t<img decoding=\"async\" src=\"\" class=\"motion-artwork-layer1-whole-home-electrification\" alt=\"\" style=\"z-index: 1; position: absolute; top: 0; left: 0;\" \/>\n\t\t\t\t\t\t\t\t<\/figure>\n\t\t\t\t\t\t\t\t\t\t\t\t\t\t\t\t\t\t\t\t\t\t\t\t\t\t\t\t<div class=\"text-space\">\n\t\t\t\t\t\t\t\t\t\t\t\t\t\t\t\t<h2 class=\"light-mode\"><p>Electrificaci\u00f3n de toda la vivienda<\/p>\n<\/h2>\t\t\t\t\t\t\t\t<div class=\"sub-headline light-mode\"><p>Cree un perfil energ\u00e9tico completo para su cliente, comprendiendo sus necesidades actuales y futuras.<\/p>\n<\/div>\t\t\t\t\t\t\t\t<div class=\"text light-mode\"><ul>\n<li>Perfecciona un perfil de uso de electricidad de la red generado autom\u00e1ticamente<\/li>\n<li>Capture el consumo y los costes de combustible de sus clientes con veh\u00edculos de motor de combusti\u00f3n y comp\u00e1relos con el uso de electricidad solar para desplazarse de A a B en un veh\u00edculo el\u00e9ctrico.<\/li>\n<li>Cargue un perfil 8760 para una bomba de calor recomendada para el proyecto y calcule autom\u00e1ticamente la energ\u00eda solar necesaria para alimentarla.<\/li>\n<li>Opcionalmente, subcontrate los componentes del cargador de veh\u00edculos el\u00e9ctricos y la bomba de calor a contratistas especializados de su confianza, con equipos de OS. Ellos solo a\u00f1aden los detalles a su proyecto y usted sigue siendo el contratista general. <\/li>\n<\/ul>\n<\/div>\t\t\t\t\t\t\t\t\t\t\t\t\t\t\t\t\t\t\t\t\t\t\t<\/div>\n\t\t\t\t\t\t<\/div>\n\t\t\t\t\t<\/div>\n\t\t\t\t\t\t\t\t\t\t\t\t\t\t\t\t\t\t\t\t\t\t<\/div>\n<\/section>\n<section id=\"side-by-side-block_c45620cdc6d2fe69675f2fffe5091afa\" class=\"side-by-side light-mode  background-white\" style=\"\">\n\t<div class=\"side-by-side-content light-mode\">\n\t\t\t\t\t\t\t\t\t\t\t\t\t\t<div class=\"content-block-regular\">\n\t\t\t\t\t\t<div class=\"artwork-block artwork-right\">\n\t\t\t\t\t\t\t\t\t\t\t\t\t\t\t<figure class=\"squared\" style=\"position: relative;\">\n\t\t\t\t\t\t\t\t\t<img decoding=\"async\" src=\"https:\/\/i0.wp.com\/www.opensolar.com\/wp-content\/uploads\/2025\/09\/1jpg.jpg?fit=1200%2C1000&#038;quality=89&#038;ssl=1\" class=\"motion-artwork-base-side-by-side-block_c45620cdc6d2fe69675f2fffe5091afa\" alt=\"A checkout interface for purchasing a residential solar energy system titled &quot;Your Electrified Life.&quot; On the left, a 3D-rendered house is equipped with solar panels, battery, and EV charging. Below it, the quotation details list: 23 REC 450W solar panels, a Solax Power inverter, a Solax 15.0 kWh battery, and &quot;Empowered by Light&quot; service. The standard system price is $61,319.36, with a discount of $19,769.36, bringing the total to $41,550.00. On the right, a secure payment section allows for express checkout via Apple Pay, Google Pay, or PayPal, or manual credit card entry.\" style=\"z-index: 0;\" \/>\n\t\t\t\t\t\t\t\t\t\t\t\t\t\t\t\t\t\t<img decoding=\"async\" src=\"\" class=\"motion-artwork-layer1-side-by-side-block_c45620cdc6d2fe69675f2fffe5091afa\" alt=\"\" style=\"z-index: 1; position: absolute; top: 0; left: 0;\" \/>\n\t\t\t\t\t\t\t\t<\/figure>\n\t\t\t\t\t\t\t\t\t\t\t\t\t\t\t\t\t\t\t\t\t\t\t\t\t\t\t\t<div class=\"text-space\">\n\t\t\t\t\t\t\t\t\t\t\t\t\t\t\t\t<h2 class=\"light-mode\"><p>Echa un vistazo a este pago.<\/p>\n<\/h2>\t\t\t\t\t\t\t\t<div class=\"sub-headline light-mode\"><p>Una experiencia de pago moderna y minorista refuerza tu marca y la confianza de tus clientes.<\/p>\n<\/div>\t\t\t\t\t\t\t\t<div class=\"text light-mode\"><ul>\n<li>Una p\u00e1gina de pago impulsada por el estilo de vida aumenta la motivaci\u00f3n para comprar<\/li>\n<li>Conecta m\u00faltiples opciones de pago, desde efectivo a pr\u00e9stamos y PPA, para que tu cliente pague sin esfuerzo y t\u00fa puedas hacer un seguimiento de los ingresos.<\/li>\n<li>Aumenta las ventas ofreciendo una forma de pagar en efectivo sin esfuerzo, con CashFlow integrado en tu experiencia de pago.<\/li>\n<\/ul>\n<\/div>\t\t\t\t\t\t\t\t\t\t\t\t\t\t\t\t\t\t\t\t\t\t\t<\/div>\n\t\t\t\t\t\t<\/div>\n\t\t\t\t\t<\/div>\n\t\t\t\t\t\t\t\t\t\t\t\t\t\t\t\t\t\t\t\t\t\t<\/div>\n<\/section>\n<section id=\"one-column-block_b69c72a9adb64cdb2e87d6dba3201373\" class=\"one-column bs-h-regular bs-tp-none bs-sp-regular bs-bp-regular light-mode  background-bright-grey-200\" style=\"\">\n\t<div class=\"block-style-center\">\n\t\t\t\t\t<header>\n\t\t\t\t\t\t\t\t\t\t\t\t<h2 id=\"one-column-block_b69c72a9adb64cdb2e87d6dba3201373-h2\" class=\"black one-column-headline light-mode\"><p>Solicitar acceso al programa Sales Machine Beta<\/p>\n<\/h2>\t\t\t\t\t\t\t<\/header>\n\t\t\t\t<div class=\"center-column\">\n\t\t\t\t\t\t\t\t\t\t\t\t\t\t\t\t\t\t<div class=\"code light-mode\">\n\t\t\t\t\t\t\t<script charset=\"utf-8\" type=\"text\/javascript\" src=\"\/\/js.hsforms.net\/forms\/embed\/v2.js\"><\/script>\n\t\t\t\t\t\t\t<script>\n\t\t\t\t\t\t\t  hbspt.forms.create({\n\t\t\t\t\t\t\t\tregion: \"na1\",\n\t\t\t\t\t\t\t\tportalId: \"21246721\",\n\t\t\t\t\t\t\t\tformId: \"0f514a10-fe52-41e4-b532-03878a837e36\"\n\t\t\t\t\t\t\t  });\n\t\t\t\t\t\t\t<\/script>\n\t\t\t\t\t\t<\/div>\n\t\t\t\t\t\t\t\t\t\t\t\t\t\t<\/div>\n\t<\/div>\n<\/section>","protected":false},"excerpt":{"rendered":"","protected":false},"author":7,"featured_media":0,"parent":0,"menu_order":0,"comment_status":"closed","ping_status":"closed","template":"","meta":{"_acf_changed":false,"footnotes":""},"class_list":["post-13933","page","type-page","status-publish","hentry"],"acf":[],"yoast_head":"<!-- This site is optimized with the Yoast SEO Premium plugin v26.6 (Yoast SEO v26.6) - https:\/\/yoast.com\/wordpress\/plugins\/seo\/ -->\n<title>M\u00e1quina de ventas | Propuestas solares personalizables | OpenSolar<\/title>\n<meta name=\"description\" content=\"Aumenta tu tasa de cierre con la M\u00e1quina de Ventas de OpenSolar. Propuestas solares personalizables que venden electrificaci\u00f3n para toda la casa con potentes ahorros y f\u00e1ciles opciones de pago.\" \/>\n<meta name=\"robots\" content=\"index, follow, max-snippet:-1, max-image-preview:large, max-video-preview:-1\" \/>\n<link rel=\"canonical\" href=\"https:\/\/www.opensolar.com\/es\/maquina-de-ventas\/\" \/>\n<meta property=\"og:locale\" content=\"es_ES\" \/>\n<meta property=\"og:type\" content=\"article\" \/>\n<meta property=\"og:title\" content=\"Propuesta de M\u00e1quina de Ventas\" \/>\n<meta property=\"og:description\" content=\"Aumenta tu tasa de cierre con la M\u00e1quina de Ventas de OpenSolar. Propuestas solares personalizables que venden electrificaci\u00f3n para toda la casa con potentes ahorros y f\u00e1ciles opciones de pago.\" \/>\n<meta property=\"og:url\" content=\"https:\/\/www.opensolar.com\/es\/maquina-de-ventas\/\" \/>\n<meta property=\"og:site_name\" content=\"OpenSolar\" \/>\n<meta property=\"article:publisher\" content=\"https:\/\/www.facebook.com\/OpenSolarGlobal\/\" \/>\n<meta property=\"article:modified_time\" content=\"2026-03-09T16:45:38+00:00\" \/>\n<meta property=\"og:image\" content=\"https:\/\/i0.wp.com\/www.opensolar.com\/wp-content\/uploads\/2024\/07\/OpenSolar-logo-for-WP.png?fit=1200%2C675&quality=80&ssl=1\" \/>\n\t<meta property=\"og:image:width\" content=\"1200\" \/>\n\t<meta property=\"og:image:height\" content=\"675\" \/>\n\t<meta property=\"og:image:type\" content=\"image\/png\" \/>\n<meta name=\"twitter:card\" content=\"summary_large_image\" \/>\n<meta name=\"twitter:site\" content=\"@opensolar\" \/>\n<script type=\"application\/ld+json\" class=\"yoast-schema-graph\">{\"@context\":\"https:\/\/schema.org\",\"@graph\":[{\"@type\":\"WebPage\",\"@id\":\"https:\/\/www.opensolar.com\/es\/maquina-de-ventas\/\",\"url\":\"https:\/\/www.opensolar.com\/es\/maquina-de-ventas\/\",\"name\":\"M\u00e1quina de ventas | Propuestas solares personalizables | OpenSolar\",\"isPartOf\":{\"@id\":\"https:\/\/www.opensolar.com\/es\/#website\"},\"datePublished\":\"2025-09-01T21:25:11+00:00\",\"dateModified\":\"2026-03-09T16:45:38+00:00\",\"description\":\"Aumenta tu tasa de cierre con la M\u00e1quina de Ventas de OpenSolar. Propuestas solares personalizables que venden electrificaci\u00f3n para toda la casa con potentes ahorros y f\u00e1ciles opciones de pago.\",\"breadcrumb\":{\"@id\":\"https:\/\/www.opensolar.com\/es\/maquina-de-ventas\/#breadcrumb\"},\"inLanguage\":\"es\",\"potentialAction\":[{\"@type\":\"ReadAction\",\"target\":[\"https:\/\/www.opensolar.com\/es\/maquina-de-ventas\/\"]}]},{\"@type\":\"BreadcrumbList\",\"@id\":\"https:\/\/www.opensolar.com\/es\/maquina-de-ventas\/#breadcrumb\",\"itemListElement\":[{\"@type\":\"ListItem\",\"position\":1,\"name\":\"Home\",\"item\":\"https:\/\/www.opensolar.com\/es\/\"},{\"@type\":\"ListItem\",\"position\":2,\"name\":\"Propuesta de M\u00e1quina de Ventas\"}]},{\"@type\":\"WebSite\",\"@id\":\"https:\/\/www.opensolar.com\/es\/#website\",\"url\":\"https:\/\/www.opensolar.com\/es\/\",\"name\":\"OpenSolar\",\"description\":\"Solar Design And Proposal Software\",\"publisher\":{\"@id\":\"https:\/\/www.opensolar.com\/es\/#organization\"},\"potentialAction\":[{\"@type\":\"SearchAction\",\"target\":{\"@type\":\"EntryPoint\",\"urlTemplate\":\"https:\/\/www.opensolar.com\/es\/?s={search_term_string}\"},\"query-input\":{\"@type\":\"PropertyValueSpecification\",\"valueRequired\":true,\"valueName\":\"search_term_string\"}}],\"inLanguage\":\"es\"},{\"@type\":\"Organization\",\"@id\":\"https:\/\/www.opensolar.com\/es\/#organization\",\"name\":\"OpenSolar\",\"url\":\"https:\/\/www.opensolar.com\/es\/\",\"logo\":{\"@type\":\"ImageObject\",\"inLanguage\":\"es\",\"@id\":\"https:\/\/www.opensolar.com\/es\/#\/schema\/logo\/image\/\",\"url\":\"https:\/\/www.opensolar.com\/wp-content\/uploads\/2026\/04\/OpenSolar-Horizontal-Color.svg\",\"contentUrl\":\"https:\/\/www.opensolar.com\/wp-content\/uploads\/2026\/04\/OpenSolar-Horizontal-Color.svg\",\"caption\":\"OpenSolar\"},\"image\":{\"@id\":\"https:\/\/www.opensolar.com\/es\/#\/schema\/logo\/image\/\"},\"sameAs\":[\"https:\/\/www.facebook.com\/OpenSolarGlobal\/\",\"https:\/\/x.com\/opensolar\",\"https:\/\/www.instagram.com\/open.solar\/\",\"https:\/\/www.linkedin.com\/company\/14522819\",\"https:\/\/www.youtube.com\/channel\/UCw3mdQ_ilIq9ZrPpCa_VOnA\/videos\"],\"description\":\"The world's leading solar design and proposal software. Free of charge so you're free to grow.\"}]}<\/script>\n<!-- \/ Yoast SEO Premium plugin. -->","yoast_head_json":{"title":"M\u00e1quina de ventas | Propuestas solares personalizables | OpenSolar","description":"Aumenta tu tasa de cierre con la M\u00e1quina de Ventas de OpenSolar. Propuestas solares personalizables que venden electrificaci\u00f3n para toda la casa con potentes ahorros y f\u00e1ciles opciones de pago.","robots":{"index":"index","follow":"follow","max-snippet":"max-snippet:-1","max-image-preview":"max-image-preview:large","max-video-preview":"max-video-preview:-1"},"canonical":"https:\/\/www.opensolar.com\/es\/maquina-de-ventas\/","og_locale":"es_ES","og_type":"article","og_title":"Propuesta de M\u00e1quina de Ventas","og_description":"Aumenta tu tasa de cierre con la M\u00e1quina de Ventas de OpenSolar. Propuestas solares personalizables que venden electrificaci\u00f3n para toda la casa con potentes ahorros y f\u00e1ciles opciones de pago.","og_url":"https:\/\/www.opensolar.com\/es\/maquina-de-ventas\/","og_site_name":"OpenSolar","article_publisher":"https:\/\/www.facebook.com\/OpenSolarGlobal\/","article_modified_time":"2026-03-09T16:45:38+00:00","og_image":[{"width":1200,"height":675,"url":"https:\/\/i0.wp.com\/www.opensolar.com\/wp-content\/uploads\/2024\/07\/OpenSolar-logo-for-WP.png?fit=1200%2C675&quality=80&ssl=1","type":"image\/png"}],"twitter_card":"summary_large_image","twitter_site":"@opensolar","schema":{"@context":"https:\/\/schema.org","@graph":[{"@type":"WebPage","@id":"https:\/\/www.opensolar.com\/es\/maquina-de-ventas\/","url":"https:\/\/www.opensolar.com\/es\/maquina-de-ventas\/","name":"M\u00e1quina de ventas | Propuestas solares personalizables | OpenSolar","isPartOf":{"@id":"https:\/\/www.opensolar.com\/es\/#website"},"datePublished":"2025-09-01T21:25:11+00:00","dateModified":"2026-03-09T16:45:38+00:00","description":"Aumenta tu tasa de cierre con la M\u00e1quina de Ventas de OpenSolar. Propuestas solares personalizables que venden electrificaci\u00f3n para toda la casa con potentes ahorros y f\u00e1ciles opciones de pago.","breadcrumb":{"@id":"https:\/\/www.opensolar.com\/es\/maquina-de-ventas\/#breadcrumb"},"inLanguage":"es","potentialAction":[{"@type":"ReadAction","target":["https:\/\/www.opensolar.com\/es\/maquina-de-ventas\/"]}]},{"@type":"BreadcrumbList","@id":"https:\/\/www.opensolar.com\/es\/maquina-de-ventas\/#breadcrumb","itemListElement":[{"@type":"ListItem","position":1,"name":"Home","item":"https:\/\/www.opensolar.com\/es\/"},{"@type":"ListItem","position":2,"name":"Propuesta de M\u00e1quina de Ventas"}]},{"@type":"WebSite","@id":"https:\/\/www.opensolar.com\/es\/#website","url":"https:\/\/www.opensolar.com\/es\/","name":"OpenSolar","description":"Solar Design And Proposal Software","publisher":{"@id":"https:\/\/www.opensolar.com\/es\/#organization"},"potentialAction":[{"@type":"SearchAction","target":{"@type":"EntryPoint","urlTemplate":"https:\/\/www.opensolar.com\/es\/?s={search_term_string}"},"query-input":{"@type":"PropertyValueSpecification","valueRequired":true,"valueName":"search_term_string"}}],"inLanguage":"es"},{"@type":"Organization","@id":"https:\/\/www.opensolar.com\/es\/#organization","name":"OpenSolar","url":"https:\/\/www.opensolar.com\/es\/","logo":{"@type":"ImageObject","inLanguage":"es","@id":"https:\/\/www.opensolar.com\/es\/#\/schema\/logo\/image\/","url":"https:\/\/www.opensolar.com\/wp-content\/uploads\/2026\/04\/OpenSolar-Horizontal-Color.svg","contentUrl":"https:\/\/www.opensolar.com\/wp-content\/uploads\/2026\/04\/OpenSolar-Horizontal-Color.svg","caption":"OpenSolar"},"image":{"@id":"https:\/\/www.opensolar.com\/es\/#\/schema\/logo\/image\/"},"sameAs":["https:\/\/www.facebook.com\/OpenSolarGlobal\/","https:\/\/x.com\/opensolar","https:\/\/www.instagram.com\/open.solar\/","https:\/\/www.linkedin.com\/company\/14522819","https:\/\/www.youtube.com\/channel\/UCw3mdQ_ilIq9ZrPpCa_VOnA\/videos"],"description":"The world's leading solar design and proposal software. Free of charge so you're free to grow."}]}},"_links":{"self":[{"href":"https:\/\/www.opensolar.com\/es\/wp-json\/wp\/v2\/pages\/13933","targetHints":{"allow":["GET"]}}],"collection":[{"href":"https:\/\/www.opensolar.com\/es\/wp-json\/wp\/v2\/pages"}],"about":[{"href":"https:\/\/www.opensolar.com\/es\/wp-json\/wp\/v2\/types\/page"}],"author":[{"embeddable":true,"href":"https:\/\/www.opensolar.com\/es\/wp-json\/wp\/v2\/users\/7"}],"replies":[{"embeddable":true,"href":"https:\/\/www.opensolar.com\/es\/wp-json\/wp\/v2\/comments?post=13933"}],"version-history":[{"count":0,"href":"https:\/\/www.opensolar.com\/es\/wp-json\/wp\/v2\/pages\/13933\/revisions"}],"wp:attachment":[{"href":"https:\/\/www.opensolar.com\/es\/wp-json\/wp\/v2\/media?parent=13933"}],"curies":[{"name":"wp","href":"https:\/\/api.w.org\/{rel}","templated":true}]}}