{"id":4618,"date":"2023-08-02T17:56:29","date_gmt":"2023-08-02T17:56:29","guid":{"rendered":"https:\/\/opensolarprd.wpengine.com\/propuestas-solares-dinamicas"},"modified":"2025-05-28T14:25:59","modified_gmt":"2025-05-28T14:25:59","slug":"propuestas-solares-dinamicas","status":"publish","type":"page","link":"https:\/\/www.opensolar.com\/es\/propuestas-solares-dinamicas\/","title":{"rendered":"Propuestas Solares Din\u00e1micas"},"content":{"rendered":"<section id=\"hero-block_ada0a2845c775787e5a765e3d5919081\" class=\"hero  light-mode background-bright-grey-200\" style=\"\">\n\t\t\t\t\t<div class=\"content-block-hero\">\n\t\t\t\t\t\t\t\t<div class=\"intro-text default\">\n\t\t\t\t\t\t\t\t\t\t\t<h1 class=\"motion-hero-headline blue-gradient light-mode\"><p>Propuestas Solares Din\u00e1micas<\/p>\n<\/h1>\t\t\t\t\t\t<div class=\"motion-hero-sub-headline sub-headline light-mode\"><div class=\"sub-headline light-mode\">\n<p>Mantente competitivo con propuestas para clientes totalmente personalizables y con tu marca, con pagos flexibles, actualizaciones en directo y herramientas de comunicaci\u00f3n integradas.<\/p>\n<\/div>\n<\/div>\t\t\t\t\t\t\t\t\t\t\t\t\t\t\t\t\t\t\t\t\t\t\t\t\t\t<\/div>\n\t\t\t\t\t\t\t<\/div>\n\t\t<\/section><section id=\"side-by-side-block_05a9b63abaaaebab265aaf3db4c18c3f\" class=\"side-by-side light-mode  background-none\" style=\"\">\n\t<div class=\"side-by-side-content light-mode\">\n\t\t\t\t\t\t\t\t\t\t\t\t\t\t<div class=\"content-block-regular\">\n\t\t\t\t\t\t<div class=\"artwork-block artwork-right\">\n\t\t\t\t\t\t\t\t\t\t\t\t\t\t\t<figure class=\"squared\" style=\"position: relative;\">\n\t\t\t\t\t\t\t\t\t<img decoding=\"async\" src=\"https:\/\/i0.wp.com\/www.opensolar.com\/wp-content\/uploads\/2025\/05\/Sell-more-often.png?fit=1200%2C1000&#038;quality=80&#038;ssl=1\" class=\"motion-artwork-base-side-by-side-block_05a9b63abaaaebab265aaf3db4c18c3f\" alt=\"\" style=\"z-index: 0;\" \/>\n\t\t\t\t\t\t\t\t\t\t\t\t\t\t\t\t\t\t<img decoding=\"async\" src=\"\" class=\"motion-artwork-layer1-side-by-side-block_05a9b63abaaaebab265aaf3db4c18c3f\" alt=\"\" style=\"z-index: 1; position: absolute; top: 0; left: 0;\" \/>\n\t\t\t\t\t\t\t\t<\/figure>\n\t\t\t\t\t\t\t\t\t\t\t\t\t\t\t\t\t\t\t\t\t\t\t\t\t\t\t\t<div class=\"text-space\">\n\t\t\t\t\t\t\t\t\t\t\t\t\t\t\t\t<h2 class=\"light-mode\"><p>Venda con m\u00e1s frecuencia, desde cualquier lugar<\/p>\n<\/h2>\t\t\t\t\t\t\t\t\t\t\t\t\t\t\t\t<div class=\"text light-mode\"><p>Propuestas personalizables e interactivas con un conjunto completo de herramientas de ventas integradas.<\/p>\n<ul>\n<li>Venta presencial o remota de una propuesta online interactiva o una propuesta en PDF desde cualquier dispositivo<\/li>\n<li>Ofrezca a sus clientes opciones con m\u00faltiples sistemas y opciones de pago que incluyen efectivo, financiamiento, PPA o arrendamiento<\/li>\n<li>M\u00faltiples vistas del sitio para el cliente en im\u00e1genes de alta definici\u00f3n<\/li>\n<li>Reciba notificaciones en tiempo real cuando su cliente vea o interact\u00fae con la propuesta<\/li>\n<li>Haga clic para llamar, enviar un mensaje de texto o un correo electr\u00f3nico, y el programador de reuniones integrado facilita que los clientes se pongan en contacto con usted y programen una cita.<\/li>\n<li>Funcionalidad integrada para llevar a cabo la compraventa: aprobaciones digitales, firma de contratos en la aplicaci\u00f3n y procesamiento de pagos integrado.<\/li>\n<\/ul>\n<\/div>\t\t\t\t\t\t\t\t\t\t\t\t\t\t\t\t\t\t\t\t\t\t\t<\/div>\n\t\t\t\t\t\t<\/div>\n\t\t\t\t\t<\/div>\n\t\t\t\t\t\t\t\t\t\t\t\t\t\t\t\t\t\t\t\t\t\t<\/div>\n<\/section>\n<section id=\"side-by-side-block_3d595da96e25499415d11ede77e16a22\" class=\"side-by-side light-mode  background-bright-grey-200\" style=\"\">\n\t<div class=\"side-by-side-content light-mode\">\n\t\t\t\t\t\t\t\t\t\t\t\t\t\t<div class=\"content-block-regular\">\n\t\t\t\t\t\t<div class=\"artwork-block artwork-left\">\n\t\t\t\t\t\t\t\t\t\t\t\t\t\t\t<figure class=\"squared\" style=\"position: relative;\">\n\t\t\t\t\t\t\t\t\t<img decoding=\"async\" src=\"https:\/\/i0.wp.com\/www.opensolar.com\/wp-content\/uploads\/2025\/05\/Stand-out-and-win-%E2%80%93-your-way.png?fit=1200%2C1000&#038;quality=80&#038;ssl=1\" class=\"motion-artwork-base-side-by-side-block_3d595da96e25499415d11ede77e16a22\" alt=\"\" style=\"z-index: 0;\" \/>\n\t\t\t\t\t\t\t\t\t\t\t\t\t\t\t\t\t\t<img decoding=\"async\" src=\"\" class=\"motion-artwork-layer1-side-by-side-block_3d595da96e25499415d11ede77e16a22\" alt=\"\" style=\"z-index: 1; position: absolute; top: 0; left: 0;\" \/>\n\t\t\t\t\t\t\t\t<\/figure>\n\t\t\t\t\t\t\t\t\t\t\t\t\t\t\t\t\t\t\t\t\t\t\t\t\t\t\t\t<div class=\"text-space\">\n\t\t\t\t\t\t\t\t\t\t\t\t\t\t\t\t<h2 class=\"light-mode\"><p>Destaque y gane &#8211; a su manera<\/p>\n<\/h2>\t\t\t\t\t\t\t\t\t\t\t\t\t\t\t\t<div class=\"text light-mode\"><p>Propuestas interactivas totalmente personalizables para darle una ventaja frente a la competencia. \u00a1C\u00f3mo a usted le guste! <\/p>\n<ul>\n<li>Hazlo a tu manera y difer\u00e9nciate de la competencia<\/li>\n<li>Una soluci\u00f3n completa de etiqueta blanca: su marca, su contenido, su estilo<\/li>\n<li>Proporcione documentaci\u00f3n detallada de los productos de los socios expositores o adjunte la suya propia.<\/li>\n<li>Herramientas de programaci\u00f3n digital personalizadas que se sincronizan directamente con usted y los calendarios de sus clientes<\/li>\n<\/ul>\n<\/div>\t\t\t\t\t\t\t\t\t\t\t\t\t\t\t\t\t\t\t\t\t\t\t<\/div>\n\t\t\t\t\t\t<\/div>\n\t\t\t\t\t<\/div>\n\t\t\t\t\t\t\t\t\t\t\t\t\t\t\t\t\t\t\t\t\t\t<\/div>\n<\/section>\n<section id=\"slider_block_88ae04694410a1a8772833749f831e51\" class=\"slider background-none\" style=\"\">\n\t<h2 class=\"blue-gradient\"><p>La experiencia de nuestros clientes:<\/p>\n<\/h2>\t<div class=\"swiper swiper-slider_block_88ae04694410a1a8772833749f831e51\">\n\t\t<div class=\"swiper-wrapper\">\n\t\t\t\t\t\t\t\t\t\t\t\t\t\t\t\t\t\t\t\t\t\t\t<div class=\"swiper-slide\">\n\t\t\t\t\t\t\t<div class=\"swiper-slide-content slide-quote slide-quote-slider_block_88ae04694410a1a8772833749f831e51\">\n\t\t\t\t\t\t\t\t<div class=\"quote-text\">El cambio a OpenSolar ha sido un verdadero triunfo para nuestro negocio. Antes tard\u00e1bamos horas en preparar y enviar propuestas en PDF. OpenSolar ahorra tiempo automatizando gran parte de este proceso, desde que el cliente selecciona su opci\u00f3n de sistema preferida hasta que firma digitalmente los contratos y procesa los pagos, todo desde la propuesta. Como est\u00e1 basado en la web y tiene su propia aplicaci\u00f3n m\u00f3vil, podemos presentar propuestas interactivas en l\u00ednea a los clientes y modificarlas seg\u00fan sus comentarios en tiempo real y desde cualquier lugar\u00bb.   <\/div>\t\t\t\t\t\t\t\t<div class=\"quotee\">\n\t\t\t\t\t\t\t\t\t<div class=\"left\">\n\t\t\t\t\t\t\t\t\t\t\t\t\t\t\t\t\t\t\t\t\t<figure>\n\t\t\t\t\t\t\t\t\t\t\t\t<img loading=\"lazy\" decoding=\"async\" width=\"500\" height=\"500\" src=\"https:\/\/i0.wp.com\/www.opensolar.com\/wp-content\/uploads\/2023\/08\/Jimi-Gatland.png?fit=500%2C500&amp;quality=80&amp;ssl=1\" class=\"attachment-full size-full\" alt=\"Jimi Gatland\" srcset=\"https:\/\/i0.wp.com\/www.opensolar.com\/wp-content\/uploads\/2023\/08\/Jimi-Gatland.png?w=500&amp;quality=80&amp;ssl=1 500w, https:\/\/i0.wp.com\/www.opensolar.com\/wp-content\/uploads\/2023\/08\/Jimi-Gatland.png?resize=300%2C300&amp;quality=80&amp;ssl=1 300w, https:\/\/i0.wp.com\/www.opensolar.com\/wp-content\/uploads\/2023\/08\/Jimi-Gatland.png?resize=150%2C150&amp;quality=80&amp;ssl=1 150w\" sizes=\"auto, (max-width: 500px) 100vw, 500px\" \/>\t\t\t\t\t\t\t\t\t\t\t<\/figure>\n\t\t\t\t\t\t\t\t\t\t\t\t\t\t\t\t\t\t\t<\/div>\n\t\t\t\t\t\t\t\t\t<div class=\"right\">\n\t\t\t\t\t\t\t\t\t\t<div class=\"top\">\n\t\t\t\t\t\t\t\t\t\t\t<span>Jimi<\/span>\t\t\t\t\t\t\t\t\t\t\t\t\t\t\t\t\t\t\t\t\t<\/div>\n\t\t\t\t\t\t\t\t\t\t<div class=\"bottom\"><span>Light Touch Solar | NSW, Australia<\/span><\/div>\n\t\t\t\t\t\t\t\t\t<\/div>\n\t\t\t\t\t\t\t\t<\/div>\n\t\t\t\t\t\t\t<\/div>\n\t\t\t\t\t\t<\/div>\n\t\t\t\t\t\t\t\t\t\t\t\t\t\t\t\t\t\t\t\t\t\t\t\t\t\t<script>\n\t\t\t\t\t\t\t$(document).ready(function (){\n\t\t\t\t\t\t\t\tvar swiperslider_block_88ae04694410a1a8772833749f831e51 = new Swiper(\".swiper-slider_block_88ae04694410a1a8772833749f831e51\", {\n\t\t\t\t\t\t\t\t\tgrabCursor: true,\n\t\t\t\t\t\t\t\t\t\tnavigation: {\n\t\t\t\t\t\t\t\t\t\tprevEl: \".swiper-prev-button-slider_block_88ae04694410a1a8772833749f831e51\",\n\t\t\t\t\t\t\t\t\t\tnextEl: \".swiper-next-button-slider_block_88ae04694410a1a8772833749f831e51\",\n\t\t\t\t\t\t\t\t\t},\n\t\t\t\t\t\t\t\t\tkeyboard: { enabled: true },\n\t\t\t\t\t\t\t\t\twatchSlidesProgress: true,\n\t\t\t\t\t\t\t\t\tobserver: true,\n\t\t\t\t\t\t\t\t\tobserveParents: true,\n\t\t\t\t\t\t\t\t});\n\t\t\t\t\t\t\t\t\n\t\t\t\t\t\t\t\tfunction matchHeight_slider_block_88ae04694410a1a8772833749f831e51() {\n\t\t\t\t\t\t\t\t\tlet maxHeight = 0;\n\t\t\t\t\t\t\t\t\n\t\t\t\t\t\t\t\t\t\/\/ Find the tallest div\n\t\t\t\t\t\t\t\t\t$('.slide-quote-slider_block_88ae04694410a1a8772833749f831e51').each(function() {\n\t\t\t\t\t\t\t\t\tmaxHeight = Math.max(maxHeight, $(this).height());\n\t\t\t\t\t\t\t\t\t});\n\t\t\t\t\t\t\t\t\n\t\t\t\t\t\t\t\t\t\/\/ Set the height of all divs to the tallest\n\t\t\t\t\t\t\t\t\t$('.slide-quote-slider_block_88ae04694410a1a8772833749f831e51').height(maxHeight);\n\t\t\t\t\t\t\t\t}\n\t\t\t\t\t\t\t\t\n\t\t\t\t\t\t\t\tmatchHeight_slider_block_88ae04694410a1a8772833749f831e51(); \/\/ Call on page load\n\t\t\t\t\t\t\t\t\n\t\t\t\t\t\t\t\t\/\/ Optional: Call on window resize\n\t\t\t\t\t\t\t\t$(window).resize(matchHeight_slider_block_88ae04694410a1a8772833749f831e51);\n\t\t\t\t\t\t\n\t\t\t\t\t\t\t});\n\t\t\t\t\t\t<\/script>\n\t\t\t\t\t\t\t\t\t\t\t\t\t\t<\/div>\n\t\t<div class=\"swiper-button swiper-prev-button swiper-prev-button-slider_block_88ae04694410a1a8772833749f831e51\">\n\t\t\t<svg xmlns=\"http:\/\/www.w3.org\/2000\/svg\" viewBox=\"0 0 320 512\"><path d=\"M9.4 233.4c-12.5 12.5-12.5 32.8 0 45.3l192 192c12.5 12.5 32.8 12.5 45.3 0s12.5-32.8 0-45.3L77.3 256 246.6 86.6c12.5-12.5 12.5-32.8 0-45.3s-32.8-12.5-45.3 0l-192 192z\"\/><\/svg>\n\t\t<\/div>\n\t\t<div class=\"swiper-button swiper-next-button swiper-next-button-slider_block_88ae04694410a1a8772833749f831e51\">\n\t\t\t<svg xmlns=\"http:\/\/www.w3.org\/2000\/svg\" viewBox=\"0 0 320 512\"><path d=\"M310.6 233.4c12.5 12.5 12.5 32.8 0 45.3l-192 192c-12.5 12.5-32.8 12.5-45.3 0s-12.5-32.8 0-45.3L242.7 256 73.4 86.6c-12.5-12.5-12.5-32.8 0-45.3s32.8-12.5 45.3 0l192 192z\"\/><\/svg>\n\t\t<\/div>\n\t<\/div>\n<\/section>","protected":false},"excerpt":{"rendered":"","protected":false},"author":3,"featured_media":0,"parent":0,"menu_order":0,"comment_status":"closed","ping_status":"closed","template":"","meta":{"_acf_changed":false,"footnotes":""},"class_list":["post-4618","page","type-page","status-publish","hentry"],"acf":[],"yoast_head":"<!-- This site is optimized with the Yoast SEO Premium plugin v26.6 (Yoast SEO v26.6) - https:\/\/yoast.com\/wordpress\/plugins\/seo\/ -->\n<title>Propuestas OpenSolar: Ventas de sistemas solares personalizables e interactivos<\/title>\n<meta name=\"description\" content=\"Crea propuestas solares personalizables con OpenSolar. Ofrece opciones de sistema, notificaciones en tiempo real y firmas electr\u00f3nicas integradas.\" \/>\n<meta name=\"robots\" content=\"index, follow, max-snippet:-1, max-image-preview:large, max-video-preview:-1\" \/>\n<link rel=\"canonical\" href=\"https:\/\/www.opensolar.com\/es\/propuestas-solares-dinamicas\/\" \/>\n<meta property=\"og:locale\" content=\"es_ES\" \/>\n<meta property=\"og:type\" content=\"article\" \/>\n<meta property=\"og:title\" content=\"Propuestas Solares Din\u00e1micas\" \/>\n<meta property=\"og:description\" content=\"Crea propuestas solares personalizables con OpenSolar. Ofrece opciones de sistema, notificaciones en tiempo real y firmas electr\u00f3nicas integradas.\" \/>\n<meta property=\"og:url\" content=\"https:\/\/www.opensolar.com\/es\/propuestas-solares-dinamicas\/\" \/>\n<meta property=\"og:site_name\" content=\"OpenSolar\" \/>\n<meta property=\"article:publisher\" content=\"https:\/\/www.facebook.com\/OpenSolarGlobal\/\" \/>\n<meta property=\"article:modified_time\" content=\"2025-05-28T14:25:59+00:00\" \/>\n<meta property=\"og:image\" content=\"https:\/\/i0.wp.com\/www.opensolar.com\/wp-content\/uploads\/2024\/07\/OpenSolar-logo-for-WP.png?fit=1200%2C675&quality=80&ssl=1\" \/>\n\t<meta property=\"og:image:width\" content=\"1200\" \/>\n\t<meta property=\"og:image:height\" content=\"675\" \/>\n\t<meta property=\"og:image:type\" content=\"image\/png\" \/>\n<meta name=\"twitter:card\" content=\"summary_large_image\" \/>\n<meta name=\"twitter:site\" content=\"@opensolar\" \/>\n<script type=\"application\/ld+json\" class=\"yoast-schema-graph\">{\"@context\":\"https:\/\/schema.org\",\"@graph\":[{\"@type\":\"WebPage\",\"@id\":\"https:\/\/www.opensolar.com\/es\/propuestas-solares-dinamicas\/\",\"url\":\"https:\/\/www.opensolar.com\/es\/propuestas-solares-dinamicas\/\",\"name\":\"Propuestas OpenSolar: Ventas de sistemas solares personalizables e interactivos\",\"isPartOf\":{\"@id\":\"https:\/\/www.opensolar.com\/es\/#website\"},\"datePublished\":\"2023-08-02T17:56:29+00:00\",\"dateModified\":\"2025-05-28T14:25:59+00:00\",\"description\":\"Crea propuestas solares personalizables con OpenSolar. Ofrece opciones de sistema, notificaciones en tiempo real y firmas electr\u00f3nicas integradas.\",\"breadcrumb\":{\"@id\":\"https:\/\/www.opensolar.com\/es\/propuestas-solares-dinamicas\/#breadcrumb\"},\"inLanguage\":\"es\",\"potentialAction\":[{\"@type\":\"ReadAction\",\"target\":[\"https:\/\/www.opensolar.com\/es\/propuestas-solares-dinamicas\/\"]}]},{\"@type\":\"BreadcrumbList\",\"@id\":\"https:\/\/www.opensolar.com\/es\/propuestas-solares-dinamicas\/#breadcrumb\",\"itemListElement\":[{\"@type\":\"ListItem\",\"position\":1,\"name\":\"Home\",\"item\":\"https:\/\/www.opensolar.com\/es\/\"},{\"@type\":\"ListItem\",\"position\":2,\"name\":\"Propuestas Solares Din\u00e1micas\"}]},{\"@type\":\"WebSite\",\"@id\":\"https:\/\/www.opensolar.com\/es\/#website\",\"url\":\"https:\/\/www.opensolar.com\/es\/\",\"name\":\"OpenSolar\",\"description\":\"Solar Design And Proposal Software\",\"publisher\":{\"@id\":\"https:\/\/www.opensolar.com\/es\/#organization\"},\"potentialAction\":[{\"@type\":\"SearchAction\",\"target\":{\"@type\":\"EntryPoint\",\"urlTemplate\":\"https:\/\/www.opensolar.com\/es\/?s={search_term_string}\"},\"query-input\":{\"@type\":\"PropertyValueSpecification\",\"valueRequired\":true,\"valueName\":\"search_term_string\"}}],\"inLanguage\":\"es\"},{\"@type\":\"Organization\",\"@id\":\"https:\/\/www.opensolar.com\/es\/#organization\",\"name\":\"OpenSolar\",\"url\":\"https:\/\/www.opensolar.com\/es\/\",\"logo\":{\"@type\":\"ImageObject\",\"inLanguage\":\"es\",\"@id\":\"https:\/\/www.opensolar.com\/es\/#\/schema\/logo\/image\/\",\"url\":\"https:\/\/www.opensolar.com\/wp-content\/uploads\/2026\/03\/OpenSolar-Horizontal-Color.svg\",\"contentUrl\":\"https:\/\/www.opensolar.com\/wp-content\/uploads\/2026\/03\/OpenSolar-Horizontal-Color.svg\",\"caption\":\"OpenSolar\"},\"image\":{\"@id\":\"https:\/\/www.opensolar.com\/es\/#\/schema\/logo\/image\/\"},\"sameAs\":[\"https:\/\/www.facebook.com\/OpenSolarGlobal\/\",\"https:\/\/x.com\/opensolar\",\"https:\/\/www.instagram.com\/open.solar\/\",\"https:\/\/www.linkedin.com\/company\/14522819\",\"https:\/\/www.youtube.com\/channel\/UCw3mdQ_ilIq9ZrPpCa_VOnA\/videos\"],\"description\":\"The world's leading solar design and proposal software. Free of charge so you're free to grow.\"}]}<\/script>\n<!-- \/ Yoast SEO Premium plugin. -->","yoast_head_json":{"title":"Propuestas OpenSolar: Ventas de sistemas solares personalizables e interactivos","description":"Crea propuestas solares personalizables con OpenSolar. Ofrece opciones de sistema, notificaciones en tiempo real y firmas electr\u00f3nicas integradas.","robots":{"index":"index","follow":"follow","max-snippet":"max-snippet:-1","max-image-preview":"max-image-preview:large","max-video-preview":"max-video-preview:-1"},"canonical":"https:\/\/www.opensolar.com\/es\/propuestas-solares-dinamicas\/","og_locale":"es_ES","og_type":"article","og_title":"Propuestas Solares Din\u00e1micas","og_description":"Crea propuestas solares personalizables con OpenSolar. Ofrece opciones de sistema, notificaciones en tiempo real y firmas electr\u00f3nicas integradas.","og_url":"https:\/\/www.opensolar.com\/es\/propuestas-solares-dinamicas\/","og_site_name":"OpenSolar","article_publisher":"https:\/\/www.facebook.com\/OpenSolarGlobal\/","article_modified_time":"2025-05-28T14:25:59+00:00","og_image":[{"width":1200,"height":675,"url":"https:\/\/i0.wp.com\/www.opensolar.com\/wp-content\/uploads\/2024\/07\/OpenSolar-logo-for-WP.png?fit=1200%2C675&quality=80&ssl=1","type":"image\/png"}],"twitter_card":"summary_large_image","twitter_site":"@opensolar","schema":{"@context":"https:\/\/schema.org","@graph":[{"@type":"WebPage","@id":"https:\/\/www.opensolar.com\/es\/propuestas-solares-dinamicas\/","url":"https:\/\/www.opensolar.com\/es\/propuestas-solares-dinamicas\/","name":"Propuestas OpenSolar: Ventas de sistemas solares personalizables e interactivos","isPartOf":{"@id":"https:\/\/www.opensolar.com\/es\/#website"},"datePublished":"2023-08-02T17:56:29+00:00","dateModified":"2025-05-28T14:25:59+00:00","description":"Crea propuestas solares personalizables con OpenSolar. Ofrece opciones de sistema, notificaciones en tiempo real y firmas electr\u00f3nicas integradas.","breadcrumb":{"@id":"https:\/\/www.opensolar.com\/es\/propuestas-solares-dinamicas\/#breadcrumb"},"inLanguage":"es","potentialAction":[{"@type":"ReadAction","target":["https:\/\/www.opensolar.com\/es\/propuestas-solares-dinamicas\/"]}]},{"@type":"BreadcrumbList","@id":"https:\/\/www.opensolar.com\/es\/propuestas-solares-dinamicas\/#breadcrumb","itemListElement":[{"@type":"ListItem","position":1,"name":"Home","item":"https:\/\/www.opensolar.com\/es\/"},{"@type":"ListItem","position":2,"name":"Propuestas Solares Din\u00e1micas"}]},{"@type":"WebSite","@id":"https:\/\/www.opensolar.com\/es\/#website","url":"https:\/\/www.opensolar.com\/es\/","name":"OpenSolar","description":"Solar Design And Proposal Software","publisher":{"@id":"https:\/\/www.opensolar.com\/es\/#organization"},"potentialAction":[{"@type":"SearchAction","target":{"@type":"EntryPoint","urlTemplate":"https:\/\/www.opensolar.com\/es\/?s={search_term_string}"},"query-input":{"@type":"PropertyValueSpecification","valueRequired":true,"valueName":"search_term_string"}}],"inLanguage":"es"},{"@type":"Organization","@id":"https:\/\/www.opensolar.com\/es\/#organization","name":"OpenSolar","url":"https:\/\/www.opensolar.com\/es\/","logo":{"@type":"ImageObject","inLanguage":"es","@id":"https:\/\/www.opensolar.com\/es\/#\/schema\/logo\/image\/","url":"https:\/\/www.opensolar.com\/wp-content\/uploads\/2026\/03\/OpenSolar-Horizontal-Color.svg","contentUrl":"https:\/\/www.opensolar.com\/wp-content\/uploads\/2026\/03\/OpenSolar-Horizontal-Color.svg","caption":"OpenSolar"},"image":{"@id":"https:\/\/www.opensolar.com\/es\/#\/schema\/logo\/image\/"},"sameAs":["https:\/\/www.facebook.com\/OpenSolarGlobal\/","https:\/\/x.com\/opensolar","https:\/\/www.instagram.com\/open.solar\/","https:\/\/www.linkedin.com\/company\/14522819","https:\/\/www.youtube.com\/channel\/UCw3mdQ_ilIq9ZrPpCa_VOnA\/videos"],"description":"The world's leading solar design and proposal software. Free of charge so you're free to grow."}]}},"_links":{"self":[{"href":"https:\/\/www.opensolar.com\/es\/wp-json\/wp\/v2\/pages\/4618","targetHints":{"allow":["GET"]}}],"collection":[{"href":"https:\/\/www.opensolar.com\/es\/wp-json\/wp\/v2\/pages"}],"about":[{"href":"https:\/\/www.opensolar.com\/es\/wp-json\/wp\/v2\/types\/page"}],"author":[{"embeddable":true,"href":"https:\/\/www.opensolar.com\/es\/wp-json\/wp\/v2\/users\/3"}],"replies":[{"embeddable":true,"href":"https:\/\/www.opensolar.com\/es\/wp-json\/wp\/v2\/comments?post=4618"}],"version-history":[{"count":0,"href":"https:\/\/www.opensolar.com\/es\/wp-json\/wp\/v2\/pages\/4618\/revisions"}],"wp:attachment":[{"href":"https:\/\/www.opensolar.com\/es\/wp-json\/wp\/v2\/media?parent=4618"}],"curies":[{"name":"wp","href":"https:\/\/api.w.org\/{rel}","templated":true}]}}