{"id":5437,"date":"2023-08-03T02:08:10","date_gmt":"2023-08-03T02:08:10","guid":{"rendered":"https:\/\/opensolarprd.wpengine.com\/informes-de-precision"},"modified":"2026-01-20T20:23:28","modified_gmt":"2026-01-20T20:23:28","slug":"informes-de-precision","status":"publish","type":"page","link":"https:\/\/www.opensolar.com\/es\/informes-de-precision\/","title":{"rendered":"Informes de precisi\u00f3n"},"content":{"rendered":"<section id=\"hero-block_900a30cbfdec0f6c17f1b626342d59c6\" class=\"hero  light-mode background-bright-grey-200\" style=\"\">\n\t\t\t\t\t<div class=\"content-block-hero\">\n\t\t\t\t\t\t\t\t<div class=\"intro-text default\">\n\t\t\t\t\t\t\t\t\t\t\t<h1 class=\"motion-hero-headline blue-gradient light-mode\"><p>Precisi\u00f3n de dise\u00f1o l\u00edder en su clase verificada de forma independiente<\/p>\n<\/h1>\t\t\t\t\t\t<div class=\"motion-hero-sub-headline sub-headline light-mode\"><p>Con 20 a\u00f1os de innovaci\u00f3n y validaci\u00f3n de expertos independientes, la herramienta de dise\u00f1o remoto de OpenSolar ofrece una precisi\u00f3n y fiabilidad inigualables.<\/p>\n<\/div>\t\t\t\t\t\t\t\t\t\t\t\t\t\t\t\t\t\t\t\t\t\t\t\t\t\t<\/div>\n\t\t\t\t\t\t\t\t\t<div class=\"hero-breadcrumb\">\n\t\t\t\t\t\t<div class=\"hero-breadcrumb-content\">\n\t\t\t\t\t\t\t<a href=\"https:\/\/www.opensolar.com\/our-story\/\" target=\"_self\">About<\/a><span>&gt;<\/span>\t\t\t\t\t\t\t\t\t\t\t\t\t\tInformes de precisi\u00f3n\t\t\t\t\t\t<\/div>\n\t\t\t\t\t<\/div>\n\t\t\t\t\t\t\t<\/div>\n\t\t<\/section><section id=\"side-by-side-block_dcad8a06f97b2a87fb380d12239cbc4d\" class=\"side-by-side light-mode  background-none\" style=\"\">\n\t<div class=\"side-by-side-content light-mode\">\n\t\t\t\t\t\t\t\t\t\t\t\t\t\t<div class=\"content-block-regular\">\n\t\t\t\t\t\t<div class=\"artwork-block artwork-right\">\n\t\t\t\t\t\t\t\t\t\t\t\t\t\t\t<figure class=\"squared\" style=\"position: relative;\">\n\t\t\t\t\t\t\t\t\t<img decoding=\"async\" src=\"https:\/\/i0.wp.com\/www.opensolar.com\/wp-content\/uploads\/2025\/12\/NREL.jpg?fit=1201%2C1000&#038;quality=89&#038;ssl=1\" class=\"motion-artwork-base-side-by-side-block_dcad8a06f97b2a87fb380d12239cbc4d\" alt=\"\" style=\"z-index: 0;\" \/>\n\t\t\t\t\t\t\t\t\t\t\t\t\t\t\t\t\t\t<img decoding=\"async\" src=\"\" class=\"motion-artwork-layer1-side-by-side-block_dcad8a06f97b2a87fb380d12239cbc4d\" alt=\"\" style=\"z-index: 1; position: absolute; top: 0; left: 0;\" \/>\n\t\t\t\t\t\t\t\t<\/figure>\n\t\t\t\t\t\t\t\t\t\t\t\t\t\t\t\t\t\t\t\t\t\t\t\t\t\t\t\t<div class=\"text-space\">\n\t\t\t\t\t\t\t\t\t\t\t\t\t\t\t\t<h2 class=\"light-mode\"><p>Sombreado: piensa en \u00e9l como un SunEye virtual<\/p>\n<\/h2>\t\t\t\t\t\t\t\t<div class=\"sub-headline light-mode\"><p>Pedimos al Laboratorio Nacional de las Rocosas (NRL) del Departamento de Energ\u00eda de EE.UU. (DOE) que comparara las estimaciones de sombreado proporcionadas por OpenSolar con las mediciones in situ realizadas por el NRL en un total de ochenta y un puntos que abarcaban cuatro tejados de<br \/>\nen las \u00e1reas metropolitanas de Denver (CO) y cuatro tejados en Los \u00c1ngeles (CA).<\/p>\n<p>Compararon los valores de acceso solar proporcionados por OpenSolar con las mediciones in situ que realizaron con un SunEye. Esto es lo que encontraron: <\/p>\n<\/div>\t\t\t\t\t\t\t\t<div class=\"text light-mode\"><ul>\n<li>En conjunto, los resultados del an\u00e1lisis muestran que los SAV anuales proporcionados por OpenSolar eran estad\u00edsticamente equivalentes dentro de \u00b12,63 SAV para los cuatro tejados de Los \u00c1ngeles y dentro de \u00b12,69 SAV para los cuatro tejados de Denver, en comparaci\u00f3n con los de las mediciones in situ de<br \/>\nrealizadas por el NRL con los dispositivos SunEye.<\/li>\n<li>Esto nos ha llevado a concluir que OpenSolar es ahora el l\u00edder de su clase en precisi\u00f3n.<\/li>\n<\/ul>\n<\/div>\t\t\t\t\t\t\t\t\t\t\t\t\t\t\t\t\t\t\t\t\t\t\t\t\t<div class=\"actions\">\n\t\t\t\t\t\t\t\t\t\t\t\t\t\t\t\t\t\t\t\t\t<div class=\"button\">\n\t\t\t\t\t\t\t\t\t\t\t\t<a href=\"https:\/\/www.opensolar.com\/wp-content\/uploads\/2023\/08\/NREL-OpenSolar-Report-pdf.pdf\" target=\"_self\" class=\"button-sbs-textblue\">\n\t\t\t\t\t\t\t\t\t\t\t\t\t<span>Descargar el informe completo<\/span>\n\t\t\t\t\t\t\t\t\t\t\t\t\t<svg xmlns=\"http:\/\/www.w3.org\/2000\/svg\" width=\"16\" height=\"16\" viewBox=\"0 0 16 16\" fill=\"none\">\n\t\t\t\t\t\t\t\t\t\t\t\t\t\t<path d=\"M6.66667 4.66675L10 8.00008L6.66667 11.3334\" stroke=\"#1751D0\" stroke-width=\"2\" stroke-linecap=\"round\" stroke-linejoin=\"round\"\/>\n\t\t\t\t\t\t\t\t\t\t\t\t\t<\/svg>\n\t\t\t\t\t\t\t\t\t\t\t\t<\/a>\n\t\t\t\t\t\t\t\t\t\t\t\t\t\t\t\t\t\t\t\t\t\t\t<\/div>\n\t\t\t\t\t\t\t\t\t\t\t\t\t\t\t\t\t\t\t\t\t\t\t\t\t\t\t\t\t<\/div>\n\t\t\t\t\t\t\t\t\t\t\t\t\t\t\t<\/div>\n\t\t\t\t\t\t<\/div>\n\t\t\t\t\t<\/div>\n\t\t\t\t\t\t\t\t\t\t\t\t\t\t\t\t\t\t\t\t\t\t<\/div>\n<\/section>\n<section id=\"side-by-side-block_2b3fa6511e58794121efbe8f8ce67d37\" class=\"side-by-side light-mode  background-bright-grey-200\" style=\"\">\n\t<div class=\"side-by-side-content light-mode\">\n\t\t\t\t\t\t\t\t\t\t\t\t\t\t<div class=\"content-block-regular\">\n\t\t\t\t\t\t<div class=\"artwork-block artwork-left\">\n\t\t\t\t\t\t\t\t\t\t\t\t\t\t\t<figure class=\"squared\" style=\"position: relative;\">\n\t\t\t\t\t\t\t\t\t<img decoding=\"async\" src=\"https:\/\/i0.wp.com\/www.opensolar.com\/wp-content\/uploads\/2025\/01\/accuracy-2.jpg?fit=1200%2C1001&#038;quality=89&#038;ssl=1\" class=\"motion-artwork-base-side-by-side-block_2b3fa6511e58794121efbe8f8ce67d37\" alt=\"\" style=\"z-index: 0;\" \/>\n\t\t\t\t\t\t\t\t\t\t\t\t\t\t\t\t\t\t<img decoding=\"async\" src=\"\" class=\"motion-artwork-layer1-side-by-side-block_2b3fa6511e58794121efbe8f8ce67d37\" alt=\"\" style=\"z-index: 1; position: absolute; top: 0; left: 0;\" \/>\n\t\t\t\t\t\t\t\t<\/figure>\n\t\t\t\t\t\t\t\t\t\t\t\t\t\t\t\t\t\t\t\t\t\t\t\t\t\t\t\t<div class=\"text-space\">\n\t\t\t\t\t\t\t\t\t\t\t\t\t\t\t\t<h2 class=\"light-mode\"><p>Evaluaci\u00f3n del sitio: es como estar en el techo<\/p>\n<\/h2>\t\t\t\t\t\t\t\t<div class=\"sub-headline light-mode\"><p>Contratamos a PVEL, el laboratorio independiente l\u00edder en el sector de la energ\u00eda solar, para que evaluara la precisi\u00f3n de nuestros modelos de emplazamiento generados por el sistema, tomando medidas tanto sobre el terreno como en OpenSolar en una amplia gama de tejados de diferentes formas y tama\u00f1os. Consideraron que la precisi\u00f3n de nuestros modelos era la mejor de su clase: <\/p>\n<\/div>\t\t\t\t\t\t\t\t<div class=\"text light-mode\"><ul>\n<li>La evaluaci\u00f3n de escala de OpenSolar tuvo una precisi\u00f3n de 1 \u2153 pies el 100 % del tiempo (ninguna otra herramienta proporciona una tolerancia tan estrecha)<\/li>\n<li>La evaluaci\u00f3n de la inclinaci\u00f3n de OpenSolar fue precisa dentro de los 4 grados durante el 97 % del tiempo (ninguna otra herramienta proporciona una tolerancia tan estrecha o un cumplimiento tan alto)<\/li>\n<\/ul>\n<\/div>\t\t\t\t\t\t\t\t\t\t\t\t\t\t\t\t\t\t\t\t\t\t\t\t\t<div class=\"actions\">\n\t\t\t\t\t\t\t\t\t\t\t\t\t\t\t\t\t\t\t\t\t<div class=\"button\">\n\t\t\t\t\t\t\t\t\t\t\t\t<a href=\"https:\/\/www.opensolar.com\/wp-content\/uploads\/2023\/08\/OpenSolar-PVEL-Measurement-Accuracy.pdf\" target=\"_self\" class=\"button-sbs-textblue\">\n\t\t\t\t\t\t\t\t\t\t\t\t\t<span>Descargar el informe completo<\/span>\n\t\t\t\t\t\t\t\t\t\t\t\t\t<svg xmlns=\"http:\/\/www.w3.org\/2000\/svg\" width=\"16\" height=\"16\" viewBox=\"0 0 16 16\" fill=\"none\">\n\t\t\t\t\t\t\t\t\t\t\t\t\t\t<path d=\"M6.66667 4.66675L10 8.00008L6.66667 11.3334\" stroke=\"#1751D0\" stroke-width=\"2\" stroke-linecap=\"round\" stroke-linejoin=\"round\"\/>\n\t\t\t\t\t\t\t\t\t\t\t\t\t<\/svg>\n\t\t\t\t\t\t\t\t\t\t\t\t<\/a>\n\t\t\t\t\t\t\t\t\t\t\t\t\t\t\t\t\t\t\t\t\t\t\t<\/div>\n\t\t\t\t\t\t\t\t\t\t\t\t\t\t\t\t\t\t\t\t\t\t\t\t\t\t\t\t\t<\/div>\n\t\t\t\t\t\t\t\t\t\t\t\t\t\t\t<\/div>\n\t\t\t\t\t\t<\/div>\n\t\t\t\t\t<\/div>\n\t\t\t\t\t\t\t\t\t\t\t\t\t\t\t\t\t\t\t\t\t\t<\/div>\n<\/section>\n<section id=\"side-by-side-block_ca34086a43f8b1a8869252fb602026fd\" class=\"side-by-side light-mode  background-none\" style=\"\">\n\t<div class=\"side-by-side-content light-mode\">\n\t\t\t\t\t\t\t\t\t\t\t\t\t\t<div class=\"content-block-regular\">\n\t\t\t\t\t\t<div class=\"artwork-block artwork-right\">\n\t\t\t\t\t\t\t\t\t\t\t\t\t\t\t<figure class=\"squared\" style=\"position: relative;\">\n\t\t\t\t\t\t\t\t\t<img decoding=\"async\" src=\"https:\/\/i0.wp.com\/www.opensolar.com\/wp-content\/uploads\/2025\/01\/accuracy-3.jpg?fit=1200%2C1000&#038;quality=89&#038;ssl=1\" class=\"motion-artwork-base-side-by-side-block_ca34086a43f8b1a8869252fb602026fd\" alt=\"\" style=\"z-index: 0;\" \/>\n\t\t\t\t\t\t\t\t\t\t\t\t\t\t\t\t\t\t<img decoding=\"async\" src=\"\" class=\"motion-artwork-layer1-side-by-side-block_ca34086a43f8b1a8869252fb602026fd\" alt=\"\" style=\"z-index: 1; position: absolute; top: 0; left: 0;\" \/>\n\t\t\t\t\t\t\t\t<\/figure>\n\t\t\t\t\t\t\t\t\t\t\t\t\t\t\t\t\t\t\t\t\t\t\t\t\t\t\t\t<div class=\"text-space\">\n\t\t\t\t\t\t\t\t\t\t\t\t\t\t\t\t<h2 class=\"light-mode\"><p>Modelado de energ\u00eda: obtenga los conceptos b\u00e1sicos correctos<\/p>\n<\/h2>\t\t\t\t\t\t\t\t<div class=\"sub-headline light-mode\"><p>El n\u00facleo de cualquier herramienta de dise\u00f1o solar es el modelado energ\u00e9tico: c\u00f3mo convertir datos como el acimut de inclinaci\u00f3n y el sombreado en el resultado clave: la producci\u00f3n. El modelado energ\u00e9tico de OpenSolar se basa en <a href=\"https:\/\/sam.nrel.gov\/\" target=\"_blank\" rel=\"noopener\">el Modelo de Asesor de Sistemas (SAM) m\u00e1s avanzado del NRL<\/a>. Colaboramos con PVEL para validar la integridad de nuestra implementaci\u00f3n de SAM, compar\u00e1ndola con herramientas de modelado energ\u00e9tico est\u00e1ndar del sector como PVsyst o implementaciones independientes del SAM de NRL.  PVEL encontr\u00f3:<\/p>\n<\/div>\t\t\t\t\t\t\t\t<div class=\"text light-mode\"><ul>\n<li>El modelado de energ\u00eda de OpenSolar es consistente con las pr\u00e1cticas de ingenier\u00eda est\u00e1ndar<\/li>\n<li>Las cifras de producci\u00f3n de OpenSolar est\u00e1n entre el 0,0 % y el 0,2 % de las estimaciones independientes de SAM<\/li>\n<li>Las cifras de producci\u00f3n de OpenSolar est\u00e1n entre el 0,1 % y el 1,9 % de las estimaciones de PVsyst<\/li>\n<\/ul>\n<\/div>\t\t\t\t\t\t\t\t\t\t\t\t\t\t\t\t\t\t\t\t\t\t\t\t\t<div class=\"actions\">\n\t\t\t\t\t\t\t\t\t\t\t\t\t\t\t\t\t\t\t\t\t<div class=\"button\">\n\t\t\t\t\t\t\t\t\t\t\t\t<a href=\"https:\/\/www.opensolar.com\/wp-content\/uploads\/2023\/08\/OpenSolar-PVEL-Bankability.pdf\" target=\"_self\" class=\"button-sbs-textblue\">\n\t\t\t\t\t\t\t\t\t\t\t\t\t<span>Descargar el informe completo<\/span>\n\t\t\t\t\t\t\t\t\t\t\t\t\t<svg xmlns=\"http:\/\/www.w3.org\/2000\/svg\" width=\"16\" height=\"16\" viewBox=\"0 0 16 16\" fill=\"none\">\n\t\t\t\t\t\t\t\t\t\t\t\t\t\t<path d=\"M6.66667 4.66675L10 8.00008L6.66667 11.3334\" stroke=\"#1751D0\" stroke-width=\"2\" stroke-linecap=\"round\" stroke-linejoin=\"round\"\/>\n\t\t\t\t\t\t\t\t\t\t\t\t\t<\/svg>\n\t\t\t\t\t\t\t\t\t\t\t\t<\/a>\n\t\t\t\t\t\t\t\t\t\t\t\t\t\t\t\t\t\t\t\t\t\t\t<\/div>\n\t\t\t\t\t\t\t\t\t\t\t\t\t\t\t\t\t\t\t\t\t\t\t\t\t\t\t\t\t<\/div>\n\t\t\t\t\t\t\t\t\t\t\t\t\t\t\t<\/div>\n\t\t\t\t\t\t<\/div>\n\t\t\t\t\t<\/div>\n\t\t\t\t\t\t\t\t\t\t\t\t\t\t\t\t\t\t\t\t\t\t<\/div>\n<\/section>\n","protected":false},"excerpt":{"rendered":"","protected":false},"author":3,"featured_media":0,"parent":0,"menu_order":0,"comment_status":"closed","ping_status":"closed","template":"","meta":{"_acf_changed":false,"footnotes":""},"class_list":["post-5437","page","type-page","status-publish","hentry"],"acf":[],"yoast_head":"<!-- This site is optimized with the Yoast SEO Premium plugin v26.6 (Yoast SEO v26.6) - https:\/\/yoast.com\/wordpress\/plugins\/seo\/ -->\n<title>Informes de Precisi\u00f3n OpenSolar: Precisi\u00f3n verificada en el dise\u00f1o solar<\/title>\n<meta name=\"description\" content=\"Explore la precisi\u00f3n de OpenSolar en el dise\u00f1o solar. Conozca nuestras estimaciones de sombreado verificadas, evaluaciones del emplazamiento y modelado energ\u00e9tico realizado por expertos.\" \/>\n<meta name=\"robots\" content=\"index, follow, max-snippet:-1, max-image-preview:large, max-video-preview:-1\" \/>\n<link rel=\"canonical\" href=\"https:\/\/www.opensolar.com\/es\/informes-de-precision\/\" \/>\n<meta property=\"og:locale\" content=\"es_ES\" \/>\n<meta property=\"og:type\" content=\"article\" \/>\n<meta property=\"og:title\" content=\"Informes de precisi\u00f3n\" \/>\n<meta property=\"og:description\" content=\"Explore la precisi\u00f3n de OpenSolar en el dise\u00f1o solar. Conozca nuestras estimaciones de sombreado verificadas, evaluaciones del emplazamiento y modelado energ\u00e9tico realizado por expertos.\" \/>\n<meta property=\"og:url\" content=\"https:\/\/www.opensolar.com\/es\/informes-de-precision\/\" \/>\n<meta property=\"og:site_name\" content=\"OpenSolar\" \/>\n<meta property=\"article:publisher\" content=\"https:\/\/www.facebook.com\/OpenSolarGlobal\/\" \/>\n<meta property=\"article:modified_time\" content=\"2026-01-20T20:23:28+00:00\" \/>\n<meta property=\"og:image\" content=\"https:\/\/i0.wp.com\/www.opensolar.com\/wp-content\/uploads\/2024\/07\/OpenSolar-logo-for-WP.png?fit=1200%2C675&quality=80&ssl=1\" \/>\n\t<meta property=\"og:image:width\" content=\"1200\" \/>\n\t<meta property=\"og:image:height\" content=\"675\" \/>\n\t<meta property=\"og:image:type\" content=\"image\/png\" \/>\n<meta name=\"twitter:card\" content=\"summary_large_image\" \/>\n<meta name=\"twitter:site\" content=\"@opensolar\" \/>\n<script type=\"application\/ld+json\" class=\"yoast-schema-graph\">{\"@context\":\"https:\/\/schema.org\",\"@graph\":[{\"@type\":\"WebPage\",\"@id\":\"https:\/\/www.opensolar.com\/es\/informes-de-precision\/\",\"url\":\"https:\/\/www.opensolar.com\/es\/informes-de-precision\/\",\"name\":\"Informes de Precisi\u00f3n OpenSolar: Precisi\u00f3n verificada en el dise\u00f1o solar\",\"isPartOf\":{\"@id\":\"https:\/\/www.opensolar.com\/es\/#website\"},\"datePublished\":\"2023-08-03T02:08:10+00:00\",\"dateModified\":\"2026-01-20T20:23:28+00:00\",\"description\":\"Explore la precisi\u00f3n de OpenSolar en el dise\u00f1o solar. Conozca nuestras estimaciones de sombreado verificadas, evaluaciones del emplazamiento y modelado energ\u00e9tico realizado por expertos.\",\"breadcrumb\":{\"@id\":\"https:\/\/www.opensolar.com\/es\/informes-de-precision\/#breadcrumb\"},\"inLanguage\":\"es\",\"potentialAction\":[{\"@type\":\"ReadAction\",\"target\":[\"https:\/\/www.opensolar.com\/es\/informes-de-precision\/\"]}]},{\"@type\":\"BreadcrumbList\",\"@id\":\"https:\/\/www.opensolar.com\/es\/informes-de-precision\/#breadcrumb\",\"itemListElement\":[{\"@type\":\"ListItem\",\"position\":1,\"name\":\"Home\",\"item\":\"https:\/\/www.opensolar.com\/es\/\"},{\"@type\":\"ListItem\",\"position\":2,\"name\":\"Informes de precisi\u00f3n\"}]},{\"@type\":\"WebSite\",\"@id\":\"https:\/\/www.opensolar.com\/es\/#website\",\"url\":\"https:\/\/www.opensolar.com\/es\/\",\"name\":\"OpenSolar\",\"description\":\"Solar Design And Proposal Software\",\"publisher\":{\"@id\":\"https:\/\/www.opensolar.com\/es\/#organization\"},\"potentialAction\":[{\"@type\":\"SearchAction\",\"target\":{\"@type\":\"EntryPoint\",\"urlTemplate\":\"https:\/\/www.opensolar.com\/es\/?s={search_term_string}\"},\"query-input\":{\"@type\":\"PropertyValueSpecification\",\"valueRequired\":true,\"valueName\":\"search_term_string\"}}],\"inLanguage\":\"es\"},{\"@type\":\"Organization\",\"@id\":\"https:\/\/www.opensolar.com\/es\/#organization\",\"name\":\"OpenSolar\",\"url\":\"https:\/\/www.opensolar.com\/es\/\",\"logo\":{\"@type\":\"ImageObject\",\"inLanguage\":\"es\",\"@id\":\"https:\/\/www.opensolar.com\/es\/#\/schema\/logo\/image\/\",\"url\":\"https:\/\/www.opensolar.com\/wp-content\/uploads\/2026\/04\/OpenSolar-Horizontal-Color.svg\",\"contentUrl\":\"https:\/\/www.opensolar.com\/wp-content\/uploads\/2026\/04\/OpenSolar-Horizontal-Color.svg\",\"caption\":\"OpenSolar\"},\"image\":{\"@id\":\"https:\/\/www.opensolar.com\/es\/#\/schema\/logo\/image\/\"},\"sameAs\":[\"https:\/\/www.facebook.com\/OpenSolarGlobal\/\",\"https:\/\/x.com\/opensolar\",\"https:\/\/www.instagram.com\/open.solar\/\",\"https:\/\/www.linkedin.com\/company\/14522819\",\"https:\/\/www.youtube.com\/channel\/UCw3mdQ_ilIq9ZrPpCa_VOnA\/videos\"],\"description\":\"The world's leading solar design and proposal software. Free of charge so you're free to grow.\"}]}<\/script>\n<!-- \/ Yoast SEO Premium plugin. -->","yoast_head_json":{"title":"Informes de Precisi\u00f3n OpenSolar: Precisi\u00f3n verificada en el dise\u00f1o solar","description":"Explore la precisi\u00f3n de OpenSolar en el dise\u00f1o solar. Conozca nuestras estimaciones de sombreado verificadas, evaluaciones del emplazamiento y modelado energ\u00e9tico realizado por expertos.","robots":{"index":"index","follow":"follow","max-snippet":"max-snippet:-1","max-image-preview":"max-image-preview:large","max-video-preview":"max-video-preview:-1"},"canonical":"https:\/\/www.opensolar.com\/es\/informes-de-precision\/","og_locale":"es_ES","og_type":"article","og_title":"Informes de precisi\u00f3n","og_description":"Explore la precisi\u00f3n de OpenSolar en el dise\u00f1o solar. Conozca nuestras estimaciones de sombreado verificadas, evaluaciones del emplazamiento y modelado energ\u00e9tico realizado por expertos.","og_url":"https:\/\/www.opensolar.com\/es\/informes-de-precision\/","og_site_name":"OpenSolar","article_publisher":"https:\/\/www.facebook.com\/OpenSolarGlobal\/","article_modified_time":"2026-01-20T20:23:28+00:00","og_image":[{"width":1200,"height":675,"url":"https:\/\/i0.wp.com\/www.opensolar.com\/wp-content\/uploads\/2024\/07\/OpenSolar-logo-for-WP.png?fit=1200%2C675&quality=80&ssl=1","type":"image\/png"}],"twitter_card":"summary_large_image","twitter_site":"@opensolar","schema":{"@context":"https:\/\/schema.org","@graph":[{"@type":"WebPage","@id":"https:\/\/www.opensolar.com\/es\/informes-de-precision\/","url":"https:\/\/www.opensolar.com\/es\/informes-de-precision\/","name":"Informes de Precisi\u00f3n OpenSolar: Precisi\u00f3n verificada en el dise\u00f1o solar","isPartOf":{"@id":"https:\/\/www.opensolar.com\/es\/#website"},"datePublished":"2023-08-03T02:08:10+00:00","dateModified":"2026-01-20T20:23:28+00:00","description":"Explore la precisi\u00f3n de OpenSolar en el dise\u00f1o solar. Conozca nuestras estimaciones de sombreado verificadas, evaluaciones del emplazamiento y modelado energ\u00e9tico realizado por expertos.","breadcrumb":{"@id":"https:\/\/www.opensolar.com\/es\/informes-de-precision\/#breadcrumb"},"inLanguage":"es","potentialAction":[{"@type":"ReadAction","target":["https:\/\/www.opensolar.com\/es\/informes-de-precision\/"]}]},{"@type":"BreadcrumbList","@id":"https:\/\/www.opensolar.com\/es\/informes-de-precision\/#breadcrumb","itemListElement":[{"@type":"ListItem","position":1,"name":"Home","item":"https:\/\/www.opensolar.com\/es\/"},{"@type":"ListItem","position":2,"name":"Informes de precisi\u00f3n"}]},{"@type":"WebSite","@id":"https:\/\/www.opensolar.com\/es\/#website","url":"https:\/\/www.opensolar.com\/es\/","name":"OpenSolar","description":"Solar Design And Proposal Software","publisher":{"@id":"https:\/\/www.opensolar.com\/es\/#organization"},"potentialAction":[{"@type":"SearchAction","target":{"@type":"EntryPoint","urlTemplate":"https:\/\/www.opensolar.com\/es\/?s={search_term_string}"},"query-input":{"@type":"PropertyValueSpecification","valueRequired":true,"valueName":"search_term_string"}}],"inLanguage":"es"},{"@type":"Organization","@id":"https:\/\/www.opensolar.com\/es\/#organization","name":"OpenSolar","url":"https:\/\/www.opensolar.com\/es\/","logo":{"@type":"ImageObject","inLanguage":"es","@id":"https:\/\/www.opensolar.com\/es\/#\/schema\/logo\/image\/","url":"https:\/\/www.opensolar.com\/wp-content\/uploads\/2026\/04\/OpenSolar-Horizontal-Color.svg","contentUrl":"https:\/\/www.opensolar.com\/wp-content\/uploads\/2026\/04\/OpenSolar-Horizontal-Color.svg","caption":"OpenSolar"},"image":{"@id":"https:\/\/www.opensolar.com\/es\/#\/schema\/logo\/image\/"},"sameAs":["https:\/\/www.facebook.com\/OpenSolarGlobal\/","https:\/\/x.com\/opensolar","https:\/\/www.instagram.com\/open.solar\/","https:\/\/www.linkedin.com\/company\/14522819","https:\/\/www.youtube.com\/channel\/UCw3mdQ_ilIq9ZrPpCa_VOnA\/videos"],"description":"The world's leading solar design and proposal software. Free of charge so you're free to grow."}]}},"_links":{"self":[{"href":"https:\/\/www.opensolar.com\/es\/wp-json\/wp\/v2\/pages\/5437","targetHints":{"allow":["GET"]}}],"collection":[{"href":"https:\/\/www.opensolar.com\/es\/wp-json\/wp\/v2\/pages"}],"about":[{"href":"https:\/\/www.opensolar.com\/es\/wp-json\/wp\/v2\/types\/page"}],"author":[{"embeddable":true,"href":"https:\/\/www.opensolar.com\/es\/wp-json\/wp\/v2\/users\/3"}],"replies":[{"embeddable":true,"href":"https:\/\/www.opensolar.com\/es\/wp-json\/wp\/v2\/comments?post=5437"}],"version-history":[{"count":0,"href":"https:\/\/www.opensolar.com\/es\/wp-json\/wp\/v2\/pages\/5437\/revisions"}],"wp:attachment":[{"href":"https:\/\/www.opensolar.com\/es\/wp-json\/wp\/v2\/media?parent=5437"}],"curies":[{"name":"wp","href":"https:\/\/api.w.org\/{rel}","templated":true}]}}