{"id":5452,"date":"2023-07-23T04:37:56","date_gmt":"2023-07-23T04:37:56","guid":{"rendered":"https:\/\/opensolarprd.wpengine.com\/para-bien"},"modified":"2026-03-18T15:04:12","modified_gmt":"2026-03-18T15:04:12","slug":"para-bien","status":"publish","type":"page","link":"https:\/\/www.opensolar.com\/es\/para-bien\/","title":{"rendered":"1% Compromiso"},"content":{"rendered":"<section id=\"hero-block_4e7436bfd078dab0b5d6b880a4c9b9fa\" class=\"hero  light-mode background-bright-grey-200\" style=\"\">\n\t\t\t\t\t<div class=\"content-block-hero\">\n\t\t\t\t\t\t\t\t<div class=\"intro-text default\">\n\t\t\t\t\t\t\t\t\t\t\t<h1 class=\"motion-hero-headline blue-gradient light-mode\"><p>1% Compromiso<\/p>\n<\/h1>\t\t\t\t\t\t<div class=\"motion-hero-sub-headline sub-headline light-mode\"><p>Nos hemos comprometido a donar el 1% de los ingresos anuales de OpenSolar para llevar la energ\u00eda solar a comunidades desfavorecidas de todo el mundo.<\/p>\n<\/div>\t\t\t\t\t\t\t\t\t\t\t\t\t\t\t\t\t\t\t\t\t\t\t\t\t\t\t\t<div class=\"partnership\">\n\t\t\t\t\t\t\t<span>in partnership with<\/span>\n\t\t\t\t\t\t\t<img decoding=\"async\" src=\"https:\/\/i0.wp.com\/www.opensolar.com\/wp-content\/uploads\/2025\/01\/37601f5dd0c6da66ec5f2d14bd32f2cb.png?fit=1536%2C312&#038;quality=80&#038;ssl=1\" alt=\"\"  \/>\n\t\t\t\t\t\t\t\t\t<\/div>\n\t\t\t\t\t\t\t\t\t<div class=\"hero-breadcrumb\">\n\t\t\t\t\t\t<div class=\"hero-breadcrumb-content\">\n\t\t\t\t\t\t\t<a href=\"https:\/\/www.opensolar.com\/our-story\/\" target=\"_self\">About<\/a><span>&gt;<\/span>\t\t\t\t\t\t\t\t\t\t\t\t\t\t1% Compromiso\t\t\t\t\t\t<\/div>\n\t\t\t\t\t<\/div>\n\t\t\t\t\t\t\t<\/div>\n\t\t<\/section><section id=\"first-section\" class=\"side-by-side light-mode  background-none\" style=\"\">\n\t<div class=\"side-by-side-content light-mode\">\n\t\t\t\t\t\t\t\t\t\t\t\t\t\t<div class=\"content-block-regular\">\n\t\t\t\t\t\t<div class=\"artwork-block artwork-right\">\n\t\t\t\t\t\t\t\t\t\t\t\t\t\t\t\t\t\t\t\t\t\t\t\t\t\t\t\t\t<div class=\"video light-mode\">\n\t\t\t\t\t\t\t\t\t<div class=\"video-container\"><iframe src=\"https:\/\/player.vimeo.com\/video\/ 786441207?texttrack=es\" frameborder=\"0\" webkitAllowFullScreen mozallowfullscreen allowFullScreen><\/iframe><\/div>\n\t\t\t\t\t\t\t\t\t\t\t\t\t\t\t\t\t<\/div>\n\t\t\t\t\t\t\t\t\t\t\t\t\t\t<div class=\"text-space\">\n\t\t\t\t\t\t\t\t\t\t\t\t\t\t\t\t<h2 class=\"light-mode\"><p>Nuestra asociaci\u00f3n con Empowered by Light (EBL)<\/p>\n<\/h2>\t\t\t\t\t\t\t\t<div class=\"sub-headline light-mode\"><p>La energ\u00eda solar tiene el poder de transformar vidas, por eso nos hemos asociado con Empowered by Light (EBL), una organizaci\u00f3n sin \u00e1nimo de lucro dedicada a proporcionar energ\u00eda limpia y sostenible a las comunidades m\u00e1s vulnerables del mundo.<\/p>\n<p>Donamos el 1 % de nuestros ingresos anuales para apoyar los impactantes proyectos de EBL, que suministran energ\u00eda solar a hogares, escuelas y sistemas de agua potable. A trav\u00e9s de la electricidad, estos proyectos crean oportunidades, mejoran la salud y aumentan la seguridad de las comunidades que se encuentran en primera l\u00ednea de la pobreza energ\u00e9tica y el cambio clim\u00e1tico. <\/p>\n<\/div>\t\t\t\t\t\t\t\t\t\t\t\t\t\t\t\t\t\t\t\t\t\t\t\t\t\t\t\t\t\t\t<\/div>\n\t\t\t\t\t\t<\/div>\n\t\t\t\t\t<\/div>\n\t\t\t\t\t\t\t\t\t\t\t\t\t\t\t\t\t\t\t\t\t\t<\/div>\n<\/section>\n<section id=\"side-by-side-block_0317240151bd989090245ffdf032d837\" class=\"side-by-side ticss-7ba84db3 light-mode  background-bright-grey-200\" style=\"\">\n\t<div class=\"side-by-side ticss-7ba84db3-content light-mode\">\n\t\t\t\t\t\t\t\t\t\t\t\t\t\t<div class=\"content-block-regular\">\n\t\t\t\t\t\t<div class=\"artwork-block artwork-left\">\n\t\t\t\t\t\t\t\t\t\t\t\t\t\t\t\t\t\t\t\t\t\t\t\t\t\t\t\t<div class=\"text-space\">\n\t\t\t\t\t\t\t\t\t\t\t\t\t\t\t\t<h2 class=\"light-mode\"><p>Proyecto Zambia<\/p>\n<\/h2>\t\t\t\t\t\t\t\t<div class=\"sub-headline light-mode\"><p>Desde 2022, nuestras donaciones han permitido a Empowered by Light (EBL) realizar proyectos solares en cinco comunidades remotas de Zambia.<\/p>\n<ul>\n<li>Cuatro comunidades recibieron bombas de agua, sistemas de almacenamiento e irrigaci\u00f3n alimentados por energ\u00eda solar, que proporcionan un acceso fiable al agua y apoyan la agricultura local. Estos sistemas est\u00e1n ayudando a aumentar el rendimiento de los cultivos, mejorar el acceso al agua potable y reducir el riesgo de enfermedades transmitidas por el agua. <\/li>\n<li>En 2025, nuestra asociaci\u00f3n tambi\u00e9n llev\u00f3 energ\u00eda solar fiable a la Cl\u00ednica Kaloko, un centro de maternidad que atiende a casi 20.000 personas. El sistema proporciona ahora electricidad constante para la iluminaci\u00f3n, los equipos m\u00e9dicos y la refrigeraci\u00f3n de vacunas, lo que permite partos m\u00e1s seguros y una atenci\u00f3n m\u00e1s fiable para las madres y los reci\u00e9n nacidos. <\/li>\n<\/ul>\n<\/div>\t\t\t\t\t\t\t\t\t\t\t\t\t\t\t\t\t\t\t\t\t\t\t\t\t\t\t\t\t\t\t<\/div>\n\t\t\t\t\t\t<\/div>\n\t\t\t\t\t<\/div>\n\t\t\t\t\t\t\t\t\t\t\t\t\t\t\t\t\t\t\t\t\t\t<\/div>\n<\/section>\n\n<div class=\"container-outer-default gb-element-61b619b0\">\n<div class=\"container-inner-sidebyside gb-element-71ba5263\">\n<figure class=\"wp-block-embed is-type-video is-provider-vimeo wp-block-embed-vimeo wp-embed-aspect-16-9 wp-has-aspect-ratio\"><div class=\"wp-block-embed__wrapper\">\n<div class=\"jetpack-video-wrapper\"><iframe loading=\"lazy\" title=\"OpenSolar 1% Commitment - Project Zambia Impact Report\" src=\"https:\/\/player.vimeo.com\/video\/896617433?dnt=1&amp;app_id=122963\" width=\"640\" height=\"360\" frameborder=\"0\" allow=\"autoplay; fullscreen; picture-in-picture; clipboard-write; encrypted-media; web-share\" referrerpolicy=\"strict-origin-when-cross-origin\"><\/iframe><\/div>\n<\/div><\/figure>\n\n\n\n<figure class=\"wp-block-embed is-type-video is-provider-vimeo wp-block-embed-vimeo wp-embed-aspect-16-9 wp-has-aspect-ratio\"><div class=\"wp-block-embed__wrapper\">\n<div class=\"jetpack-video-wrapper\"><iframe loading=\"lazy\" title=\"Solving Energy Insecurity at Kaloko Clinic with Solar &amp; Batteries | OpenSolar 1% Project 2025\" src=\"https:\/\/player.vimeo.com\/video\/1174185947?dnt=1&amp;app_id=122963\" width=\"640\" height=\"360\" frameborder=\"0\" allow=\"autoplay; fullscreen; picture-in-picture; clipboard-write; encrypted-media; web-share\" referrerpolicy=\"strict-origin-when-cross-origin\"><\/iframe><\/div>\n<\/div><\/figure>\n<\/div>\n<\/div>\n<section id=\"side-by-side-block_006ecfec5f9d4a55aa1efccf654d4b5e\" class=\"side-by-side light-mode  background-none\" style=\"\">\n\t<div class=\"side-by-side-content light-mode\">\n\t\t\t\t\t\t\t\t\t\t\t\t\t\t<div class=\"content-block-regular\">\n\t\t\t\t\t\t<div class=\"artwork-block artwork-right\">\n\t\t\t\t\t\t\t\t\t\t\t\t\t\t\t\t\t\t\t\t\t\t\t\t\t\t\t\t\t<div class=\"video light-mode\">\n\t\t\t\t\t\t\t\t\t<div class=\"video-container\"><iframe src=\"https:\/\/player.vimeo.com\/video\/ 939721253?texttrack=es\" frameborder=\"0\" webkitAllowFullScreen mozallowfullscreen allowFullScreen><\/iframe><\/div>\n\t\t\t\t\t\t\t\t\t\t\t\t\t\t\t\t\t<\/div>\n\t\t\t\t\t\t\t\t\t\t\t\t\t\t<div class=\"text-space\">\n\t\t\t\t\t\t\t\t\t\t\t\t\t\t\t\t<h2 class=\"light-mode\"><p>C\u00f3mo puedes participar<\/p>\n<\/h2>\t\t\t\t\t\t\t\t<div class=\"sub-headline light-mode\"><p>Al utilizar OpenSolar, ya est\u00e1s apoyando proyectos solares como los de Zambia, pero puedes hacer a\u00fan m\u00e1s.<\/p>\n<p>Por solo 10 $ al mes, a\u00f1ade Empowered by Light Showcase a tus propuestas. Esto permite a los clientes ver c\u00f3mo su decisi\u00f3n de pasarse a la energ\u00eda solar ayuda a las comunidades desfavorecidas a acceder a energ\u00eda limpia. <\/p>\n<p>Al a\u00f1adir la vitrina, no solo diferenciar\u00e1 su negocio, sino que tambi\u00e9n contribuir\u00e1 a un movimiento global en favor de la energ\u00eda sostenible. Sus clientes apreciar\u00e1n la conexi\u00f3n m\u00e1s profunda con su empresa y la causa que apoya. <\/p>\n<\/div>\t\t\t\t\t\t\t\t\t\t\t\t\t\t\t\t\t\t\t\t\t\t\t\t\t\t\t\t\t\t\t\t\t<div class=\"actions\">\n\t\t\t\t\t\t\t\t\t\t\t\t\t\t\t\t\t\t\t\t\t<div class=\"button\">\n\t\t\t\t\t\t\t\t\t\t\t\t<a href=\"https:\/\/www.empoweredbylight.org\/opensolar\" target=\"_blank\" class=\"button-sbs-filled\">\n\t\t\t\t\t\t\t\t\t\t\t\t\t<span>Activar la vitrina<\/span>\n\t\t\t\t\t\t\t\t\t\t\t\t\t<svg xmlns=\"http:\/\/www.w3.org\/2000\/svg\" width=\"16\" height=\"16\" viewBox=\"0 0 16 16\" fill=\"none\">\n\t\t\t\t\t\t\t\t\t\t\t\t\t\t<path d=\"M6.66667 4.66675L10 8.00008L6.66667 11.3334\" stroke=\"#1751D0\" stroke-width=\"2\" stroke-linecap=\"round\" stroke-linejoin=\"round\"\/>\n\t\t\t\t\t\t\t\t\t\t\t\t\t<\/svg>\n\t\t\t\t\t\t\t\t\t\t\t\t<\/a>\n\t\t\t\t\t\t\t\t\t\t\t\t\t\t\t\t\t\t\t\t\t\t\t<\/div>\n\t\t\t\t\t\t\t\t\t\t\t\t\t\t\t\t\t\t\t\t\t\t\t\t\t\t\t\t\t\t\t<div class=\"button\">\n\t\t\t\t\t\t\t\t\t\t\t\t<a href=\"https:\/\/www.empoweredbylight.org\/partners-opensolar\" target=\"_blank\" class=\"button-sbs-outlined\">\n\t\t\t\t\t\t\t\t\t\t\t\t\t<span>Haz una donaci\u00f3n<\/span>\n\t\t\t\t\t\t\t\t\t\t\t\t\t<svg xmlns=\"http:\/\/www.w3.org\/2000\/svg\" width=\"16\" height=\"16\" viewBox=\"0 0 16 16\" fill=\"none\">\n\t\t\t\t\t\t\t\t\t\t\t\t\t\t<path d=\"M6.66667 4.66675L10 8.00008L6.66667 11.3334\" stroke=\"#1751D0\" stroke-width=\"2\" stroke-linecap=\"round\" stroke-linejoin=\"round\"\/>\n\t\t\t\t\t\t\t\t\t\t\t\t\t<\/svg>\n\t\t\t\t\t\t\t\t\t\t\t\t<\/a>\n\t\t\t\t\t\t\t\t\t\t\t\t\t\t\t\t\t\t\t\t\t\t\t<\/div>\n\t\t\t\t\t\t\t\t\t\t\t\t\t\t\t\t\t\t\t<\/div>\n\t\t\t\t\t\t\t\t\t\t\t\t\t\t\t<\/div>\n\t\t\t\t\t\t<\/div>\n\t\t\t\t\t<\/div>\n\t\t\t\t\t\t\t\t\t\t\t\t\t\t\t\t\t\t\t\t\t\t<\/div>\n<\/section>\n<section id=\"grid-block_c401317bc55a331745e5fdf67be27c2b\" class=\"grid motion-grid-infographic-block dark-mode background-artwork\" style=\"background-image: url(https:\/\/i0.wp.com\/www.opensolar.com\/wp-content\/uploads\/2025\/01\/bg-globe.jpg?fit=1440%2C808&#038;quality=89&#038;ssl=1);\">\n\t<div class=\"infographic-artwork\">\t\t\t<div class=\"content\">\t\t<h2 id=\"grid-block_c401317bc55a331745e5fdf67be27c2b-h2\" class=\"headline-left black motion-grid-infographic-headline dark-mode\"><p>Tenemos la misi\u00f3n de acelerar la adopci\u00f3n de la energ\u00eda solar y renovable <strong>en todo el mundo<\/strong><\/p>\n<\/h2>\t\t\t\t\t\t<div class=\"cards infographic columns-three infographic-artwork-grid \">\n\t\t\t\t\t\t\t\t\t\t\t\t\t\t\t\t\t\t\t\t\t\t\t\t\t<div class=\"card card-grid-block_c401317bc55a331745e5fdf67be27c2b-1 card-style-infographic card-container-none \" style=\"  \">\n\t\t\t\t\t\t\t\t\t\t\t\t\t\t\t\t\t\t\t\t\t<div class=\"infographic infographic-artwork-style dark-mode\">\n\t\t\t\t\t\t\t\t\t28,000+\t\t\t\t\t\t\t\t<\/div>\n\t\t\t\t\t\t\t\t\t\t\t\t\t\t\t\t\t\t\t\t\t\t\t\t\t\t\t\t\t\t\t\t\t\t\t\t\t\t\t\t\t\t\t\t\t\t\t\t\t\t\t\t<div class=\"headline infographic-style dark-mode\">Profesionales activos del sector solar que utilizan OpenSolar en sus empresas<\/div>\n\t\t\t\t\t\t\t\t\t\t\t\t\t\t\t\t\t\t\t\t\t\t\t\t\t\t\t\t\t\t\t\t\t\t\t\t\t\t\t\t\t\t\t\t\t\t\t\t\t\t\t\t\t\t\t\t\t\t\t\t\t\t\t\t\t\t\t\t\t\t\t\t\t\t\t\t\t\t\t\t\t\t\t\t\t\t\t\t\t\t\t\t\t\t\t\t\t\t\t\t\t\t\t\t\t\t\t\t\t\t\t\t\t\t\t\t\t\t\t\t\t\t\t\t\t\t\t\t\t\t\t\t\t\t\t\t<\/div>\n\t\t\t\t\t\t\t\t\t\t\t\t\t\t\t\t\t\t\t\t\t\t\t\t\t\t\t\t\t\t\t\t\t\t\t\t\t\t\t\t<div class=\"card card-grid-block_c401317bc55a331745e5fdf67be27c2b-2 card-style-infographic card-container-none \" style=\"  \">\n\t\t\t\t\t\t\t\t\t\t\t\t\t\t\t\t\t\t\t\t\t<div class=\"infographic infographic-artwork-style dark-mode\">\n\t\t\t\t\t\t\t\t\t200+\t\t\t\t\t\t\t\t<\/div>\n\t\t\t\t\t\t\t\t\t\t\t\t\t\t\t\t\t\t\t\t\t\t\t\t\t\t\t\t\t\t\t\t\t\t\t\t\t\t\t\t\t\t\t\t\t\t\t\t\t\t\t\t<div class=\"headline infographic-style dark-mode\">Socios y proveedores l\u00edderes del sector<\/div>\n\t\t\t\t\t\t\t\t\t\t\t\t\t\t\t\t\t\t\t\t\t\t\t\t\t\t\t\t\t\t\t\t\t\t\t\t\t\t\t\t\t\t\t\t\t\t\t\t\t\t\t\t\t\t\t\t\t\t\t\t\t\t\t\t\t\t\t\t\t\t\t\t\t\t\t\t\t\t\t\t\t\t\t\t\t\t\t\t\t\t\t\t\t\t\t\t\t\t\t\t\t\t\t\t\t\t\t\t\t\t\t\t\t\t\t\t\t\t\t\t\t\t\t\t\t\t\t\t\t\t\t\t\t\t\t\t<\/div>\n\t\t\t\t\t\t\t\t\t\t\t\t\t\t\t\t\t\t\t\t\t\t\t\t\t\t\t\t\t\t\t\t\t\t\t\t\t\t\t\t<div class=\"card card-grid-block_c401317bc55a331745e5fdf67be27c2b-3 card-style-infographic card-container-none \" style=\"  \">\n\t\t\t\t\t\t\t\t\t\t\t\t\t\t\t\t\t\t\t\t\t<div class=\"infographic infographic-artwork-style dark-mode\">\n\t\t\t\t\t\t\t\t\t185+\t\t\t\t\t\t\t\t<\/div>\n\t\t\t\t\t\t\t\t\t\t\t\t\t\t\t\t\t\t\t\t\t\t\t\t\t\t\t\t\t\t\t\t\t\t\t\t\t\t\t\t\t\t\t\t\t\t\t\t\t\t\t\t<div class=\"headline infographic-style dark-mode\">Pa\u00edses que utilizan OpenSolar<\/div>\n\t\t\t\t\t\t\t\t\t\t\t\t\t\t\t\t\t\t\t\t\t\t\t\t\t\t\t\t\t\t\t\t\t\t\t\t\t\t\t\t\t\t\t\t\t\t\t\t\t\t\t\t\t\t\t\t\t\t\t\t\t\t\t\t\t\t\t\t\t\t\t\t\t\t\t\t\t\t\t\t\t\t\t\t\t\t\t\t\t\t\t\t\t\t\t\t\t\t\t\t\t\t\t\t\t\t\t\t\t\t\t\t\t\t\t\t\t\t\t\t\t\t\t\t\t\t\t\t\t\t\t\t\t\t\t\t<\/div>\n\t\t\t\t\t\t\t\t\t\t\t\t\t\t\t\t\t\t\t\t\t\t\t\t\t\t\t\t\t\t\t\t\t\t\t\t\t\t\t\t<div class=\"card card-grid-block_c401317bc55a331745e5fdf67be27c2b-4 card-style-infographic card-container-none \" style=\"  \">\n\t\t\t\t\t\t\t\t\t\t\t\t\t\t\t\t\t\t\t\t\t<div class=\"infographic infographic-artwork-style dark-mode\">\n\t\t\t\t\t\t\t\t\t100%\t\t\t\t\t\t\t\t<\/div>\n\t\t\t\t\t\t\t\t\t\t\t\t\t\t\t\t\t\t\t\t\t\t\t\t\t\t\t\t\t\t\t\t\t\t\t\t\t\t\t\t\t\t\t\t\t\t\t\t\t\t\t\t<div class=\"headline infographic-style dark-mode\">Gratis<\/div>\n\t\t\t\t\t\t\t\t\t\t\t\t\t\t\t\t\t\t\t\t\t\t\t\t\t\t\t\t\t\t\t\t\t\t\t\t\t\t\t\t\t\t\t\t\t\t\t\t\t\t\t\t\t\t\t\t\t\t\t\t\t\t\t\t\t\t\t\t\t\t\t\t\t\t\t\t\t\t\t\t\t\t\t\t\t\t\t\t\t\t\t\t\t\t\t\t\t\t\t\t\t\t\t\t\t\t\t\t\t\t\t\t\t\t\t\t\t\t\t\t\t\t\t\t\t\t\t\t\t\t\t\t\t\t\t\t<\/div>\n\t\t\t\t\t\t\t\t\t\t\t\t\t\t\t\t\t\t\t\t<\/div>\n\t\t\t\t<\/div>\t\t\t\t\t\t\t\t\t<div class=\"artwork\">\n\t\t\t\t\t\t\t\t\t<\/div>\n\t\t\t\t\t\t\t\t<\/section>","protected":false},"excerpt":{"rendered":"","protected":false},"author":3,"featured_media":0,"parent":0,"menu_order":0,"comment_status":"closed","ping_status":"closed","template":"","meta":{"_acf_changed":false,"footnotes":""},"class_list":["post-5452","page","type-page","status-publish","hentry"],"acf":[],"yoast_head":"<!-- This site is optimized with the Yoast SEO Premium plugin v26.6 (Yoast SEO v26.6) - https:\/\/yoast.com\/wordpress\/plugins\/seo\/ -->\n<title>OpenSolar for Good: Iniciativas solares impactantes<\/title>\n<meta name=\"description\" content=\"OpenSolar dona el 1% de sus ingresos a proyectos solares en comunidades desfavorecidas. Conoce nuestro impacto en los esfuerzos de electrificaci\u00f3n global.\" \/>\n<meta name=\"robots\" content=\"index, follow, max-snippet:-1, max-image-preview:large, max-video-preview:-1\" \/>\n<link rel=\"canonical\" href=\"https:\/\/www.opensolar.com\/es\/para-bien\/\" \/>\n<meta property=\"og:locale\" content=\"es_ES\" \/>\n<meta property=\"og:type\" content=\"article\" \/>\n<meta property=\"og:title\" content=\"1% Compromiso\" \/>\n<meta property=\"og:description\" content=\"OpenSolar dona el 1% de sus ingresos a proyectos solares en comunidades desfavorecidas. Conoce nuestro impacto en los esfuerzos de electrificaci\u00f3n global.\" \/>\n<meta property=\"og:url\" content=\"https:\/\/www.opensolar.com\/es\/para-bien\/\" \/>\n<meta property=\"og:site_name\" content=\"OpenSolar\" \/>\n<meta property=\"article:publisher\" content=\"https:\/\/www.facebook.com\/OpenSolarGlobal\/\" \/>\n<meta property=\"article:modified_time\" content=\"2026-03-18T15:04:12+00:00\" \/>\n<meta property=\"og:image\" content=\"https:\/\/i0.wp.com\/www.opensolar.com\/wp-content\/uploads\/2024\/07\/OpenSolar-logo-for-WP.png?fit=1200%2C675&quality=80&ssl=1\" \/>\n\t<meta property=\"og:image:width\" content=\"1200\" \/>\n\t<meta property=\"og:image:height\" content=\"675\" \/>\n\t<meta property=\"og:image:type\" content=\"image\/png\" \/>\n<meta name=\"twitter:card\" content=\"summary_large_image\" \/>\n<meta name=\"twitter:site\" content=\"@opensolar\" \/>\n<script type=\"application\/ld+json\" class=\"yoast-schema-graph\">{\"@context\":\"https:\/\/schema.org\",\"@graph\":[{\"@type\":\"WebPage\",\"@id\":\"https:\/\/www.opensolar.com\/es\/para-bien\/\",\"url\":\"https:\/\/www.opensolar.com\/es\/para-bien\/\",\"name\":\"OpenSolar for Good: Iniciativas solares impactantes\",\"isPartOf\":{\"@id\":\"https:\/\/www.opensolar.com\/es\/#website\"},\"datePublished\":\"2023-07-23T04:37:56+00:00\",\"dateModified\":\"2026-03-18T15:04:12+00:00\",\"description\":\"OpenSolar dona el 1% de sus ingresos a proyectos solares en comunidades desfavorecidas. Conoce nuestro impacto en los esfuerzos de electrificaci\u00f3n global.\",\"breadcrumb\":{\"@id\":\"https:\/\/www.opensolar.com\/es\/para-bien\/#breadcrumb\"},\"inLanguage\":\"es\",\"potentialAction\":[{\"@type\":\"ReadAction\",\"target\":[\"https:\/\/www.opensolar.com\/es\/para-bien\/\"]}]},{\"@type\":\"BreadcrumbList\",\"@id\":\"https:\/\/www.opensolar.com\/es\/para-bien\/#breadcrumb\",\"itemListElement\":[{\"@type\":\"ListItem\",\"position\":1,\"name\":\"Home\",\"item\":\"https:\/\/www.opensolar.com\/es\/\"},{\"@type\":\"ListItem\",\"position\":2,\"name\":\"1% Compromiso\"}]},{\"@type\":\"WebSite\",\"@id\":\"https:\/\/www.opensolar.com\/es\/#website\",\"url\":\"https:\/\/www.opensolar.com\/es\/\",\"name\":\"OpenSolar\",\"description\":\"Solar Design And Proposal Software\",\"publisher\":{\"@id\":\"https:\/\/www.opensolar.com\/es\/#organization\"},\"potentialAction\":[{\"@type\":\"SearchAction\",\"target\":{\"@type\":\"EntryPoint\",\"urlTemplate\":\"https:\/\/www.opensolar.com\/es\/?s={search_term_string}\"},\"query-input\":{\"@type\":\"PropertyValueSpecification\",\"valueRequired\":true,\"valueName\":\"search_term_string\"}}],\"inLanguage\":\"es\"},{\"@type\":\"Organization\",\"@id\":\"https:\/\/www.opensolar.com\/es\/#organization\",\"name\":\"OpenSolar\",\"url\":\"https:\/\/www.opensolar.com\/es\/\",\"logo\":{\"@type\":\"ImageObject\",\"inLanguage\":\"es\",\"@id\":\"https:\/\/www.opensolar.com\/es\/#\/schema\/logo\/image\/\",\"url\":\"https:\/\/www.opensolar.com\/wp-content\/uploads\/2026\/03\/OpenSolar-Horizontal-Color.svg\",\"contentUrl\":\"https:\/\/www.opensolar.com\/wp-content\/uploads\/2026\/03\/OpenSolar-Horizontal-Color.svg\",\"caption\":\"OpenSolar\"},\"image\":{\"@id\":\"https:\/\/www.opensolar.com\/es\/#\/schema\/logo\/image\/\"},\"sameAs\":[\"https:\/\/www.facebook.com\/OpenSolarGlobal\/\",\"https:\/\/x.com\/opensolar\",\"https:\/\/www.instagram.com\/open.solar\/\",\"https:\/\/www.linkedin.com\/company\/14522819\",\"https:\/\/www.youtube.com\/channel\/UCw3mdQ_ilIq9ZrPpCa_VOnA\/videos\"],\"description\":\"The world's leading solar design and proposal software. Free of charge so you're free to grow.\"}]}<\/script>\n<!-- \/ Yoast SEO Premium plugin. -->","yoast_head_json":{"title":"OpenSolar for Good: Iniciativas solares impactantes","description":"OpenSolar dona el 1% de sus ingresos a proyectos solares en comunidades desfavorecidas. Conoce nuestro impacto en los esfuerzos de electrificaci\u00f3n global.","robots":{"index":"index","follow":"follow","max-snippet":"max-snippet:-1","max-image-preview":"max-image-preview:large","max-video-preview":"max-video-preview:-1"},"canonical":"https:\/\/www.opensolar.com\/es\/para-bien\/","og_locale":"es_ES","og_type":"article","og_title":"1% Compromiso","og_description":"OpenSolar dona el 1% de sus ingresos a proyectos solares en comunidades desfavorecidas. Conoce nuestro impacto en los esfuerzos de electrificaci\u00f3n global.","og_url":"https:\/\/www.opensolar.com\/es\/para-bien\/","og_site_name":"OpenSolar","article_publisher":"https:\/\/www.facebook.com\/OpenSolarGlobal\/","article_modified_time":"2026-03-18T15:04:12+00:00","og_image":[{"width":1200,"height":675,"url":"https:\/\/i0.wp.com\/www.opensolar.com\/wp-content\/uploads\/2024\/07\/OpenSolar-logo-for-WP.png?fit=1200%2C675&quality=80&ssl=1","type":"image\/png"}],"twitter_card":"summary_large_image","twitter_site":"@opensolar","schema":{"@context":"https:\/\/schema.org","@graph":[{"@type":"WebPage","@id":"https:\/\/www.opensolar.com\/es\/para-bien\/","url":"https:\/\/www.opensolar.com\/es\/para-bien\/","name":"OpenSolar for Good: Iniciativas solares impactantes","isPartOf":{"@id":"https:\/\/www.opensolar.com\/es\/#website"},"datePublished":"2023-07-23T04:37:56+00:00","dateModified":"2026-03-18T15:04:12+00:00","description":"OpenSolar dona el 1% de sus ingresos a proyectos solares en comunidades desfavorecidas. Conoce nuestro impacto en los esfuerzos de electrificaci\u00f3n global.","breadcrumb":{"@id":"https:\/\/www.opensolar.com\/es\/para-bien\/#breadcrumb"},"inLanguage":"es","potentialAction":[{"@type":"ReadAction","target":["https:\/\/www.opensolar.com\/es\/para-bien\/"]}]},{"@type":"BreadcrumbList","@id":"https:\/\/www.opensolar.com\/es\/para-bien\/#breadcrumb","itemListElement":[{"@type":"ListItem","position":1,"name":"Home","item":"https:\/\/www.opensolar.com\/es\/"},{"@type":"ListItem","position":2,"name":"1% Compromiso"}]},{"@type":"WebSite","@id":"https:\/\/www.opensolar.com\/es\/#website","url":"https:\/\/www.opensolar.com\/es\/","name":"OpenSolar","description":"Solar Design And Proposal Software","publisher":{"@id":"https:\/\/www.opensolar.com\/es\/#organization"},"potentialAction":[{"@type":"SearchAction","target":{"@type":"EntryPoint","urlTemplate":"https:\/\/www.opensolar.com\/es\/?s={search_term_string}"},"query-input":{"@type":"PropertyValueSpecification","valueRequired":true,"valueName":"search_term_string"}}],"inLanguage":"es"},{"@type":"Organization","@id":"https:\/\/www.opensolar.com\/es\/#organization","name":"OpenSolar","url":"https:\/\/www.opensolar.com\/es\/","logo":{"@type":"ImageObject","inLanguage":"es","@id":"https:\/\/www.opensolar.com\/es\/#\/schema\/logo\/image\/","url":"https:\/\/www.opensolar.com\/wp-content\/uploads\/2026\/03\/OpenSolar-Horizontal-Color.svg","contentUrl":"https:\/\/www.opensolar.com\/wp-content\/uploads\/2026\/03\/OpenSolar-Horizontal-Color.svg","caption":"OpenSolar"},"image":{"@id":"https:\/\/www.opensolar.com\/es\/#\/schema\/logo\/image\/"},"sameAs":["https:\/\/www.facebook.com\/OpenSolarGlobal\/","https:\/\/x.com\/opensolar","https:\/\/www.instagram.com\/open.solar\/","https:\/\/www.linkedin.com\/company\/14522819","https:\/\/www.youtube.com\/channel\/UCw3mdQ_ilIq9ZrPpCa_VOnA\/videos"],"description":"The world's leading solar design and proposal software. Free of charge so you're free to grow."}]}},"_links":{"self":[{"href":"https:\/\/www.opensolar.com\/es\/wp-json\/wp\/v2\/pages\/5452","targetHints":{"allow":["GET"]}}],"collection":[{"href":"https:\/\/www.opensolar.com\/es\/wp-json\/wp\/v2\/pages"}],"about":[{"href":"https:\/\/www.opensolar.com\/es\/wp-json\/wp\/v2\/types\/page"}],"author":[{"embeddable":true,"href":"https:\/\/www.opensolar.com\/es\/wp-json\/wp\/v2\/users\/3"}],"replies":[{"embeddable":true,"href":"https:\/\/www.opensolar.com\/es\/wp-json\/wp\/v2\/comments?post=5452"}],"version-history":[{"count":0,"href":"https:\/\/www.opensolar.com\/es\/wp-json\/wp\/v2\/pages\/5452\/revisions"}],"wp:attachment":[{"href":"https:\/\/www.opensolar.com\/es\/wp-json\/wp\/v2\/media?parent=5452"}],"curies":[{"name":"wp","href":"https:\/\/api.w.org\/{rel}","templated":true}]}}