{"id":10054,"date":"2025-01-15T07:02:37","date_gmt":"2025-01-15T07:02:37","guid":{"rendered":"https:\/\/www.opensolar.com\/handypay\/"},"modified":"2025-05-30T23:48:24","modified_gmt":"2025-05-30T23:48:24","slug":"handypay","status":"publish","type":"page","link":"https:\/\/www.opensolar.com\/it\/handypay\/","title":{"rendered":"Handypay"},"content":{"rendered":"<section id=\"hero-block_98e6d5404fd6fb895fd81fb92cafec40\" class=\"hero  light-mode background-bright-grey-200\" style=\"\">\n\t\t\t\t\t<div class=\"content-block-hero\">\n\t\t\t\t\t\t\t\t<div class=\"intro-text default\">\n\t\t\t\t\t\t\t\t\t\t\t<h1 class=\"motion-hero-headline blue-gradient light-mode\"><p>Handypay<\/p>\n<\/h1>\t\t\t\t\t\t<div class=\"motion-hero-sub-headline sub-headline light-mode\"><p>L&#8217;integrazione di OpenSolar e Handypay rende il solare pi\u00f9 accessibile ai tuoi clienti e aumenta le conversioni di vendita.<\/p>\n<\/div>\t\t\t\t\t\t\t\t\t\t\t\t\t\t\t\t\t\t\t\t\t\t\t\t\t\t\t\t<div class=\"partnership\">\n\t\t\t\t\t\t\t<span>in partnership with<\/span>\n\t\t\t\t\t\t\t<img decoding=\"async\" src=\"https:\/\/i0.wp.com\/www.opensolar.com\/wp-content\/uploads\/2025\/01\/partner-logo-handypay.png?fit=400%2C91&#038;quality=80&#038;ssl=1\" alt=\"Handypay\" style=\"max-width: 200px !important;\" \/>\n\t\t\t\t\t\t\t\t\t<\/div>\n\t\t\t\t\t\t\t<\/div>\n\t\t<\/section><section id=\"side-by-side-block_080157b49715e98beef1289005b920d1\" class=\"side-by-side light-mode  background-none\" style=\"\">\n\t<div class=\"side-by-side-content light-mode\">\n\t\t\t\t\t\t\t\t\t\t\t\t\t\t<div class=\"content-block-regular\">\n\t\t\t\t\t\t<div class=\"artwork-block artwork-right\">\n\t\t\t\t\t\t\t\t\t\t\t\t\t\t\t<figure class=\"squared\" style=\"position: relative;\">\n\t\t\t\t\t\t\t\t\t<img decoding=\"async\" src=\"https:\/\/i0.wp.com\/www.opensolar.com\/wp-content\/uploads\/2025\/01\/partner-art-handypay.png?fit=1200%2C1001&#038;quality=80&#038;ssl=1\" class=\"motion-artwork-base-side-by-side-block_080157b49715e98beef1289005b920d1\" alt=\"\" style=\"z-index: 0;\" \/>\n\t\t\t\t\t\t\t\t\t\t\t\t\t\t\t\t\t\t<img decoding=\"async\" src=\"\" class=\"motion-artwork-layer1-side-by-side-block_080157b49715e98beef1289005b920d1\" alt=\"\" style=\"z-index: 1; position: absolute; top: 0; left: 0;\" \/>\n\t\t\t\t\t\t\t\t<\/figure>\n\t\t\t\t\t\t\t\t\t\t\t\t\t\t\t\t\t\t\t\t\t\t\t\t\t\t\t\t<div class=\"text-space\">\n\t\t\t\t\t\t\t\t\t\t\t\t\t\t\t\t<h2 class=\"light-mode\"><p>Aumenta le conversioni di vendita<\/p>\n<\/h2>\t\t\t\t\t\t\t\t<div class=\"sub-headline light-mode\"><p>Rendi l&#8217;energia solare pi\u00f9 accessibile ai tuoi clienti con i piani di pagamento Handypay su OpenSolar, senza costi aggiuntivi.<\/p>\n<\/div>\t\t\t\t\t\t\t\t<div class=\"text light-mode\"><ul>\n<li>Chiudi pi\u00f9 contratti rendendo l&#8217;energia solare finanziariamente accessibile ai tuoi clienti<\/li>\n<li>Zero costi per te, l&#8217;installatore solare<\/li>\n<li>Offri un finanziamento direttamente nella tua proposta OpenSolar<\/li>\n<\/ul>\n<\/div>\t\t\t\t\t\t\t\t\t\t\t\t\t\t\t\t\t\t\t\t\t\t\t\t\t<div class=\"actions\">\n\t\t\t\t\t\t\t\t\t\t\t\t\t\t\t\t\t\t\t\t\t<div class=\"button\">\n\t\t\t\t\t\t\t\t\t\t\t\t<a href=\"#get-started\" target=\"_self\" class=\"button-sbs-filled\">\n\t\t\t\t\t\t\t\t\t\t\t\t\t<span>Inizia<\/span>\n\t\t\t\t\t\t\t\t\t\t\t\t\t<svg xmlns=\"http:\/\/www.w3.org\/2000\/svg\" width=\"16\" height=\"16\" viewBox=\"0 0 16 16\" fill=\"none\">\n\t\t\t\t\t\t\t\t\t\t\t\t\t\t<path d=\"M6.66667 4.66675L10 8.00008L6.66667 11.3334\" stroke=\"#1751D0\" stroke-width=\"2\" stroke-linecap=\"round\" stroke-linejoin=\"round\"\/>\n\t\t\t\t\t\t\t\t\t\t\t\t\t<\/svg>\n\t\t\t\t\t\t\t\t\t\t\t\t<\/a>\n\t\t\t\t\t\t\t\t\t\t\t\t\t\t\t\t\t\t\t\t\t\t\t<\/div>\n\t\t\t\t\t\t\t\t\t\t\t\t\t\t\t\t\t\t\t\t\t\t\t\t\t\t\t\t\t<\/div>\n\t\t\t\t\t\t\t\t\t\t\t\t\t\t\t<\/div>\n\t\t\t\t\t\t<\/div>\n\t\t\t\t\t<\/div>\n\t\t\t\t\t\t\t\t\t\t\t\t\t\t\t\t\t\t\t\t\t\t<\/div>\n<\/section>\n<section id=\"grid-block_9d383434f63f53880f689096b425af41\" class=\"grid motion-grid-block light-mode background-bright-grey-200\" style=\" padding-bottom: 0;\">\n\t\t\t\t\t\t\t\t\t\t\t\t<div class=\"cards default columns-three no-top-margin\">\n\t\t\t\t\t\t\t\t\t\t\t\t\t\t\t\t\t\t\t\t\t\t\t\t\t<div class=\"card card-grid-block_9d383434f63f53880f689096b425af41-1 card-style-default card-container-padded \" style=\"  \">\n\t\t\t\t\t\t\t\t\t\t\t\t\t\t\t\t\t\t\t\t\t\t\t\t\t\t\t\t<div class=\"icon\">\n\t\t\t\t\t\t\t\t\t<figure>\n\t\t\t\t\t\t\t\t\t\t<img loading=\"lazy\" decoding=\"async\" width=\"96\" height=\"96\" src=\"https:\/\/i0.wp.com\/www.opensolar.com\/wp-content\/uploads\/2025\/01\/icon-percent.png?fit=96%2C96&amp;quality=80&amp;ssl=1\" class=\"attachment-full size-full\" alt=\"\" \/>\t\t\t\t\t\t\t\t\t<\/figure>\n\t\t\t\t\t\t\t\t<\/div>\n\t\t\t\t\t\t\t\t\t\t\t\t\t\t\t\t\t\t\t\t\t\t\t\t\t\t\t\t\t\t\t\t\t\t\t\t\t\t\t\t\t\t\t\t\t<div class=\"headline light-mode\">Tariffe competitive<\/div>\n\t\t\t\t\t\t\t\t\t\t\t\t\t\t\t\t\t\t\t\t\t\t\t\t\t\t\t\t\t\t<div class=\"text light-mode\"><p>Un tasso di interesse personalizzato in base alla tua situazione creditizia. Handypay fa parte del Gruppo OurMoneyMarket, un fornitore di finanziamenti pluripremiato e vincitore del premio Canstar 2024. <a href=\"http:\/\/handyfinance.com.au\/green-loans\/\" target=\"_blank\">Per saperne di pi\u00f9<\/a>. <\/p>\n<\/div>\t\t\t\t\t\t\t\t\t\t\t\t\t\t\t\t\t\t\t\t\t\t\t\t\t\t\t\t\t\t\t\t\t\t\t\t\t\t\t\t\t\t\t\t\t\t\t\t\t\t\t\t\t\t\t\t\t\t\t\t\t\t\t\t\t\t\t\t\t\t\t\t\t\t\t\t\t\t\t\t\t\t\t\t\t\t\t\t\t\t\t\t\t\t\t\t\t\t\t\t\t\t\t\t\t\t<\/div>\n\t\t\t\t\t\t\t\t\t\t\t\t\t\t\t\t\t\t\t\t\t\t\t\t\t\t\t\t\t\t\t\t\t\t\t\t\t\t\t\t<div class=\"card card-grid-block_9d383434f63f53880f689096b425af41-2 card-style-default card-container-padded \" style=\"  \">\n\t\t\t\t\t\t\t\t\t\t\t\t\t\t\t\t\t\t\t\t\t\t\t\t\t\t\t\t<div class=\"icon\">\n\t\t\t\t\t\t\t\t\t<figure>\n\t\t\t\t\t\t\t\t\t\t<img loading=\"lazy\" decoding=\"async\" width=\"96\" height=\"96\" src=\"https:\/\/i0.wp.com\/www.opensolar.com\/wp-content\/uploads\/2025\/01\/icon-acute.png?fit=96%2C96&amp;quality=80&amp;ssl=1\" class=\"attachment-full size-full\" alt=\"\" \/>\t\t\t\t\t\t\t\t\t<\/figure>\n\t\t\t\t\t\t\t\t<\/div>\n\t\t\t\t\t\t\t\t\t\t\t\t\t\t\t\t\t\t\t\t\t\t\t\t\t\t\t\t\t\t\t\t\t\t\t\t\t\t\t\t\t\t\t\t\t<div class=\"headline light-mode\">Applicazione facile  <\/div>\n\t\t\t\t\t\t\t\t\t\t\t\t\t\t\t\t\t\t\t\t\t\t\t\t\t\t\t\t\t\t<div class=\"text light-mode\"><p>Richiedi facilmente un finanziamento attraverso il processo di richiesta digitale di Handypay. Ricevi una decisione di credito in pochi minuti e ricevi i fondi in sole 24 ore. <\/p>\n<\/div>\t\t\t\t\t\t\t\t\t\t\t\t\t\t\t\t\t\t\t\t\t\t\t\t\t\t\t\t\t\t\t\t\t\t\t\t\t\t\t\t\t\t\t\t\t\t\t\t\t\t\t\t\t\t\t\t\t\t\t\t\t\t\t\t\t\t\t\t\t\t\t\t\t\t\t\t\t\t\t\t\t\t\t\t\t\t\t\t\t\t\t\t\t\t\t\t\t\t\t\t\t\t\t\t\t\t<\/div>\n\t\t\t\t\t\t\t\t\t\t\t\t\t\t\t\t\t\t\t\t\t\t\t\t\t\t\t\t\t\t\t\t\t\t\t\t\t\t\t\t<div class=\"card card-grid-block_9d383434f63f53880f689096b425af41-3 card-style-default card-container-padded \" style=\"  \">\n\t\t\t\t\t\t\t\t\t\t\t\t\t\t\t\t\t\t\t\t\t\t\t\t\t\t\t\t<div class=\"icon\">\n\t\t\t\t\t\t\t\t\t<figure>\n\t\t\t\t\t\t\t\t\t\t<img loading=\"lazy\" decoding=\"async\" width=\"96\" height=\"97\" src=\"https:\/\/i0.wp.com\/www.opensolar.com\/wp-content\/uploads\/2025\/05\/currency_dollar.png?fit=96%2C97&amp;quality=80&amp;ssl=1\" class=\"attachment-full size-full\" alt=\"\" \/>\t\t\t\t\t\t\t\t\t<\/figure>\n\t\t\t\t\t\t\t\t<\/div>\n\t\t\t\t\t\t\t\t\t\t\t\t\t\t\t\t\t\t\t\t\t\t\t\t\t\t\t\t\t\t\t\t\t\t\t\t\t\t\t\t\t\t\t\t\t<div class=\"headline light-mode\">$75,000<\/div>\n\t\t\t\t\t\t\t\t\t\t\t\t\t\t\t\t\t\t\t\t\t\t\t\t\t\t\t\t\t\t<div class=\"text light-mode\"><p>Ottieni il sistema di cui hai veramente bisogno con un limite di prestito pi\u00f9 alto: 75.000 dollari australiani, con termini di prestito fino a 10 anni.<\/p>\n<\/div>\t\t\t\t\t\t\t\t\t\t\t\t\t\t\t\t\t\t\t\t\t\t\t\t\t\t\t\t\t\t\t\t\t\t\t\t\t\t\t\t\t\t\t\t\t\t\t\t\t\t\t\t\t\t\t\t\t\t\t\t\t\t\t\t\t\t\t\t\t\t\t\t\t\t\t\t\t\t\t\t\t\t\t\t\t\t\t\t\t\t\t\t\t\t\t\t\t\t\t\t\t\t\t\t\t\t<\/div>\n\t\t\t\t\t\t\t\t\t\t\t\t\t\t\t\t\t\t\t\t<\/div>\n\t\t\t\t\t\t\t\t\t<\/section><section id=\"one-column-block_ef26f71cc320808750a46cdc49b01c71\" class=\"one-column bs-h-regular bs-tp-none bs-sp-regular bs-bp-regular light-mode  background-bright-grey-200\" style=\" padding-top: 0;\">\n\t<div class=\"block-style-center\">\n\t\t\t\t<div class=\"center-column no-top-padding\">\n\t\t\t\t\t\t\t\t\t\t\t\t\t\t\t\t\t\t<div class=\"text-space center\">\n\t\t\t\t\t\t\t\t\t\t\t\t\t\t<div class=\"sub-headline light-mode\"> <\/div>\t\t\t\t\t\t\t<div class=\"text light-mode\"><p>*OurMoneyMarket Lending Pty Ltd ABN 64 605 231 669 che opera come Handypay | Australian Credit License 488228. Il credito \u00e8 soggetto ai termini e alle condizioni standard e ai criteri di prestito di OurMoneyMarket Lending. <\/p>\n<\/div>\t\t\t\t\t\t<\/div>\n\t\t\t\t\t\t\t\t\t\t\t\t\t\t<\/div>\n\t<\/div>\n<\/section><section id=\"get-started\" class=\"one-column bs-h-regular bs-tp-none bs-sp-regular bs-bp-regular light-mode  background-none\" style=\"\">\n\t<div class=\"block-style-center\">\n\t\t\t\t\t<header>\n\t\t\t\t\t\t\t\t\t\t\t\t<h2 id=\"get-started-h2\" class=\"black one-column-headline light-mode\"><p>Vuoi saperne di pi\u00f9?<\/p>\n<\/h2>\t\t\t\t<div class=\"subtext light-mode\"><p>Compila il modulo sottostante e un membro del nostro team ti contatter\u00e0 per darti maggiori informazioni su questa integrazione.<\/p>\n<\/div>\t\t\t<\/header>\n\t\t\t\t<div class=\"center-column\">\n\t\t\t\t\t\t\t\t\t\t\t\t\t\t\t\t\t\t<div class=\"code light-mode\">\n\t\t\t\t\t\t\t<script charset=\"utf-8\" type=\"text\/javascript\" src=\"\/\/js.hsforms.net\/forms\/embed\/v2.js\"><\/script>\n\t\t\t\t\t\t\t<script>\n\t\t\t\t\t\t\t  hbspt.forms.create({\n\t\t\t\t\t\t\t\tregion: \"na1\",\n\t\t\t\t\t\t\t\tportalId: \"21246721\",\n\t\t\t\t\t\t\t\tformId: \"2341abdd-b3e2-4833-8399-92c73e239169\"\n\t\t\t\t\t\t\t  });\n\t\t\t\t\t\t\t<\/script>\n\t\t\t\t\t\t<\/div>\n\t\t\t\t\t\t\t\t\t\t\t\t\t\t<\/div>\n\t<\/div>\n<\/section><section id=\"one-column-block_0ae0a3255249ec6767439d6dcbbdc50c\" class=\"one-column bs-h-regular bs-tp-none bs-sp-regular bs-bp-regular light-mode  background-none\" style=\"\">\n\t<div class=\"block-style-headline-left block-style-contained\">\n\t\t\t\t\t<header>\n\t\t\t\t\t\t\t\t\t\t\t\t<h2 id=\"one-column-block_0ae0a3255249ec6767439d6dcbbdc50c-h2\" class=\"black one-column-headline light-mode\"><p>Domande frequenti<\/p>\n<\/h2>\t\t\t\t<div class=\"subtext light-mode\"><p>Benvenuto nella nostra sezione FAQ, dove abbiamo raccolto le risposte alle domande pi\u00f9 comuni per rendere la tua esperienza senza intoppi. Se sei curioso di conoscere i nostri servizi, i nostri processi o hai bisogno di soluzioni rapide, qui troverai risposte chiare e concise. Se la tua domanda non \u00e8 presente nell&#8217;elenco, non esitare a contattarci: siamo sempre felici di aiutarti!  <\/p>\n<\/div>\t\t\t<\/header>\n\t\t\t\t<div class=\"center-column\">\n\t\t\t\t\t\t\t\t\t\t\t\t\t\t\t\t\t\t<div class=\"accordions\">\n\t\t\t\t\t\t\t\t\t\t\t\t\t\t\t\t\t\t\t\t\t\t\t\t<div class=\"accordion\">\n\t\t\t\t\t\t\t\t\t\t<div class=\"opener\">\n\t\t\t\t\t\t\t\t\t\t\t<div class=\"label\">Chi \u00e8 Handypay?<\/div>\n\t\t\t\t\t\t\t\t\t\t\t<div class=\"icon\">\n\t\t\t\t\t\t\t\t\t\t\t\t<svg xmlns=\"http:\/\/www.w3.org\/2000\/svg\" width=\"24\" height=\"24\" viewBox=\"0 0 24 24\" fill=\"none\">\n\t\t\t\t\t\t\t\t\t\t\t\t  <path d=\"M11.9969 4.7998L11.9969 19.1998M19.1969 11.9998L4.79688 11.9998\" stroke=\"#0A090B\" stroke-width=\"2\" stroke-linecap=\"round\"\/>\n\t\t\t\t\t\t\t\t\t\t\t\t<\/svg>\n\t\t\t\t\t\t\t\t\t\t\t<\/div>\n\t\t\t\t\t\t\t\t\t\t<\/div>\n\t\t\t\t\t\t\t\t\t\t<div class=\"closer\">\n\t\t\t\t\t\t\t\t\t\t\t<div class=\"description\"><p>Handypay \u00e8 un&#8217;azienda non bancaria di propriet\u00e0 australiana, vincitrice di numerosi premi e una delle societ\u00e0 di tecnologia finanziaria in pi\u00f9 rapida crescita in Australia.<\/p>\n<p>Con l&#8217;opzione di rimborso a 10 anni e il limite di prestito di 75.000 dollari per richiedente, &#8220;diventare ecologici&#8221; non \u00e8 mai stato cos\u00ec conveniente &#8211; e non c&#8217;\u00e8 lavoro residenziale troppo grande!<\/p>\n<p><a href=\"https:\/\/handypay.com.au\/\" target=\"_blank\" rel=\"noopener\">Per saperne di pi\u00f9<\/a> su Handypay.<\/p>\n<\/div>\n\t\t\t\t\t\t\t\t\t\t<\/div>\n\t\t\t\t\t\t\t\t\t<\/div>\n\t\t\t\t\t\t\t\t\t\t\t\t\t\t\t\t\t<div class=\"accordion\">\n\t\t\t\t\t\t\t\t\t\t<div class=\"opener\">\n\t\t\t\t\t\t\t\t\t\t\t<div class=\"label\">Chi \u00e8 OpenSolar?<\/div>\n\t\t\t\t\t\t\t\t\t\t\t<div class=\"icon\">\n\t\t\t\t\t\t\t\t\t\t\t\t<svg xmlns=\"http:\/\/www.w3.org\/2000\/svg\" width=\"24\" height=\"24\" viewBox=\"0 0 24 24\" fill=\"none\">\n\t\t\t\t\t\t\t\t\t\t\t\t  <path d=\"M11.9969 4.7998L11.9969 19.1998M19.1969 11.9998L4.79688 11.9998\" stroke=\"#0A090B\" stroke-width=\"2\" stroke-linecap=\"round\"\/>\n\t\t\t\t\t\t\t\t\t\t\t\t<\/svg>\n\t\t\t\t\t\t\t\t\t\t\t<\/div>\n\t\t\t\t\t\t\t\t\t\t<\/div>\n\t\t\t\t\t\t\t\t\t\t<div class=\"closer\">\n\t\t\t\t\t\t\t\t\t\t\t<div class=\"description\"><p>OpenSolar \u00e8 un software per la progettazione e la proposta di impianti fotovoltaici leader del settore, offerto in modo completamente gratuito agli installatori e ai loro clienti. Con l&#8217;obiettivo di accelerare l&#8217;adozione del solare in tutto il mondo, OpenSolar opera con: <\/p>\n<ul>\n<li aria-level=\"1\">nessun costo di licenza o abbonamento<\/li>\n<li aria-level=\"1\">nessun limite di posti<\/li>\n<li aria-level=\"1\">nessun tappo di design<\/li>\n<li aria-level=\"1\">nessun contratto lungo<\/li>\n<\/ul>\n<p>OpenSolar \u00e8 gratuito e tu sei libero di crescere. <a href=\"https:\/\/www.opensolar.com\/it\/\" target=\"_blank\" rel=\"noopener\">Scopri di pi\u00f9<\/a> su OpenSolar.<\/p>\n<\/div>\n\t\t\t\t\t\t\t\t\t\t<\/div>\n\t\t\t\t\t\t\t\t\t<\/div>\n\t\t\t\t\t\t\t\t\t\t\t\t\t\t\t\t\t<div class=\"accordion\">\n\t\t\t\t\t\t\t\t\t\t<div class=\"opener\">\n\t\t\t\t\t\t\t\t\t\t\t<div class=\"label\">Cosa significa per me?<\/div>\n\t\t\t\t\t\t\t\t\t\t\t<div class=\"icon\">\n\t\t\t\t\t\t\t\t\t\t\t\t<svg xmlns=\"http:\/\/www.w3.org\/2000\/svg\" width=\"24\" height=\"24\" viewBox=\"0 0 24 24\" fill=\"none\">\n\t\t\t\t\t\t\t\t\t\t\t\t  <path d=\"M11.9969 4.7998L11.9969 19.1998M19.1969 11.9998L4.79688 11.9998\" stroke=\"#0A090B\" stroke-width=\"2\" stroke-linecap=\"round\"\/>\n\t\t\t\t\t\t\t\t\t\t\t\t<\/svg>\n\t\t\t\t\t\t\t\t\t\t\t<\/div>\n\t\t\t\t\t\t\t\t\t\t<\/div>\n\t\t\t\t\t\t\t\t\t\t<div class=\"closer\">\n\t\t\t\t\t\t\t\t\t\t\t<div class=\"description\"><p>Offrendo un finanziamento Handypay ai tuoi clienti, \u00e8 pi\u00f9 probabile che acquistino il sistema di cui hanno bisogno invece di quello che possono permettersi al momento. Questo significa che puoi aggiudicarti pi\u00f9 spesso affari pi\u00f9 importanti con pagamenti pi\u00f9 consistenti. <\/p>\n<p>Con Handypay su OpenSolar, puoi includere le competitive opzioni di finanziamento di Handypay direttamente nella tua proposta OpenSolar.<\/p>\n<p>OpenSolar ti semplifica l \u201cofferta di finanziamenti senza l\u201d inserimento manuale dei dati, con notifiche self-service, aggiornamenti automatici dei tassi e dei prodotti e molto altro ancora.<\/p>\n<\/div>\n\t\t\t\t\t\t\t\t\t\t<\/div>\n\t\t\t\t\t\t\t\t\t<\/div>\n\t\t\t\t\t\t\t\t\t\t\t\t\t\t\t\t\t<div class=\"accordion\">\n\t\t\t\t\t\t\t\t\t\t<div class=\"opener\">\n\t\t\t\t\t\t\t\t\t\t\t<div class=\"label\">Come posso approfittarne?<\/div>\n\t\t\t\t\t\t\t\t\t\t\t<div class=\"icon\">\n\t\t\t\t\t\t\t\t\t\t\t\t<svg xmlns=\"http:\/\/www.w3.org\/2000\/svg\" width=\"24\" height=\"24\" viewBox=\"0 0 24 24\" fill=\"none\">\n\t\t\t\t\t\t\t\t\t\t\t\t  <path d=\"M11.9969 4.7998L11.9969 19.1998M19.1969 11.9998L4.79688 11.9998\" stroke=\"#0A090B\" stroke-width=\"2\" stroke-linecap=\"round\"\/>\n\t\t\t\t\t\t\t\t\t\t\t\t<\/svg>\n\t\t\t\t\t\t\t\t\t\t\t<\/div>\n\t\t\t\t\t\t\t\t\t\t<\/div>\n\t\t\t\t\t\t\t\t\t\t<div class=\"closer\">\n\t\t\t\t\t\t\t\t\t\t\t<div class=\"description\"><p>Se sei interessato a iniziare o a saperne di pi\u00f9 su Handypay su OpenSolar, compila il modulo qui sopra e un membro del nostro team provveder\u00e0 a configurarti.<\/p>\n<\/div>\n\t\t\t\t\t\t\t\t\t\t<\/div>\n\t\t\t\t\t\t\t\t\t<\/div>\n\t\t\t\t\t\t\t\t\t\t\t\t\t\t\t\t\t\t\t\t\t<\/div>\n\t\t\t\t\t\t<script>\n\t\t\t\t\t\t\t$(document).ready(function(){\n\t\t\t\t\t\t\t\t$(\".accordion .opener\").click(function(){\n\t\t\t\t\t\t\t\t\t\t$(this).siblings(\".closer\").toggle();\n\t\t\t\t\t\t\t\t\t\t$(this).find(\".icon\").toggleClass('active');\n\t\t\t\t\t\t\t\t});\n\t\t\t\t\t\t\t});\n\t\t\t\t\t\t<\/script>\n\t\t\t\t\t\t\t\t\t\t\t\t\t\t<\/div>\n\t<\/div>\n<\/section>","protected":false},"excerpt":{"rendered":"","protected":false},"author":7,"featured_media":0,"parent":0,"menu_order":0,"comment_status":"closed","ping_status":"closed","template":"","meta":{"_acf_changed":false,"footnotes":""},"class_list":["post-10054","page","type-page","status-publish","hentry"],"acf":[],"yoast_head":"<!-- This site is optimized with the Yoast SEO Premium plugin v26.6 (Yoast SEO v26.6) - https:\/\/yoast.com\/wordpress\/plugins\/seo\/ -->\n<title>Handypay | OpenSolar<\/title>\n<meta name=\"robots\" content=\"index, follow, max-snippet:-1, max-image-preview:large, max-video-preview:-1\" \/>\n<link rel=\"canonical\" href=\"https:\/\/www.opensolar.com\/it\/handypay\/\" \/>\n<meta property=\"og:locale\" content=\"it_IT\" \/>\n<meta property=\"og:type\" content=\"article\" \/>\n<meta property=\"og:title\" content=\"Handypay\" \/>\n<meta property=\"og:url\" content=\"https:\/\/www.opensolar.com\/it\/handypay\/\" \/>\n<meta property=\"og:site_name\" content=\"OpenSolar\" \/>\n<meta property=\"article:publisher\" content=\"https:\/\/www.facebook.com\/OpenSolarGlobal\/\" \/>\n<meta property=\"article:modified_time\" content=\"2025-05-30T23:48:24+00:00\" \/>\n<meta property=\"og:image\" content=\"https:\/\/i0.wp.com\/www.opensolar.com\/wp-content\/uploads\/2024\/07\/OpenSolar-logo-for-WP.png?fit=1200%2C675&quality=80&ssl=1\" \/>\n\t<meta property=\"og:image:width\" content=\"1200\" \/>\n\t<meta property=\"og:image:height\" content=\"675\" \/>\n\t<meta property=\"og:image:type\" content=\"image\/png\" \/>\n<meta name=\"twitter:card\" content=\"summary_large_image\" \/>\n<meta name=\"twitter:site\" content=\"@opensolar\" \/>\n<script type=\"application\/ld+json\" class=\"yoast-schema-graph\">{\"@context\":\"https:\/\/schema.org\",\"@graph\":[{\"@type\":\"WebPage\",\"@id\":\"https:\/\/www.opensolar.com\/it\/handypay\/\",\"url\":\"https:\/\/www.opensolar.com\/it\/handypay\/\",\"name\":\"Handypay | OpenSolar\",\"isPartOf\":{\"@id\":\"https:\/\/www.opensolar.com\/it\/#website\"},\"datePublished\":\"2025-01-15T07:02:37+00:00\",\"dateModified\":\"2025-05-30T23:48:24+00:00\",\"breadcrumb\":{\"@id\":\"https:\/\/www.opensolar.com\/it\/handypay\/#breadcrumb\"},\"inLanguage\":\"it-IT\",\"potentialAction\":[{\"@type\":\"ReadAction\",\"target\":[\"https:\/\/www.opensolar.com\/it\/handypay\/\"]}]},{\"@type\":\"BreadcrumbList\",\"@id\":\"https:\/\/www.opensolar.com\/it\/handypay\/#breadcrumb\",\"itemListElement\":[{\"@type\":\"ListItem\",\"position\":1,\"name\":\"Home\",\"item\":\"https:\/\/www.opensolar.com\/it\/\"},{\"@type\":\"ListItem\",\"position\":2,\"name\":\"Handypay\"}]},{\"@type\":\"WebSite\",\"@id\":\"https:\/\/www.opensolar.com\/it\/#website\",\"url\":\"https:\/\/www.opensolar.com\/it\/\",\"name\":\"OpenSolar\",\"description\":\"Solar Design And Proposal Software\",\"publisher\":{\"@id\":\"https:\/\/www.opensolar.com\/it\/#organization\"},\"potentialAction\":[{\"@type\":\"SearchAction\",\"target\":{\"@type\":\"EntryPoint\",\"urlTemplate\":\"https:\/\/www.opensolar.com\/it\/?s={search_term_string}\"},\"query-input\":{\"@type\":\"PropertyValueSpecification\",\"valueRequired\":true,\"valueName\":\"search_term_string\"}}],\"inLanguage\":\"it-IT\"},{\"@type\":\"Organization\",\"@id\":\"https:\/\/www.opensolar.com\/it\/#organization\",\"name\":\"OpenSolar\",\"url\":\"https:\/\/www.opensolar.com\/it\/\",\"logo\":{\"@type\":\"ImageObject\",\"inLanguage\":\"it-IT\",\"@id\":\"https:\/\/www.opensolar.com\/it\/#\/schema\/logo\/image\/\",\"url\":\"https:\/\/www.opensolar.com\/wp-content\/uploads\/2026\/04\/OpenSolar-Horizontal-Color.svg\",\"contentUrl\":\"https:\/\/www.opensolar.com\/wp-content\/uploads\/2026\/04\/OpenSolar-Horizontal-Color.svg\",\"caption\":\"OpenSolar\"},\"image\":{\"@id\":\"https:\/\/www.opensolar.com\/it\/#\/schema\/logo\/image\/\"},\"sameAs\":[\"https:\/\/www.facebook.com\/OpenSolarGlobal\/\",\"https:\/\/x.com\/opensolar\",\"https:\/\/www.instagram.com\/open.solar\/\",\"https:\/\/www.linkedin.com\/company\/14522819\",\"https:\/\/www.youtube.com\/channel\/UCw3mdQ_ilIq9ZrPpCa_VOnA\/videos\"],\"description\":\"The world's leading solar design and proposal software. Free of charge so you're free to grow.\"}]}<\/script>\n<!-- \/ Yoast SEO Premium plugin. -->","yoast_head_json":{"title":"Handypay | OpenSolar","robots":{"index":"index","follow":"follow","max-snippet":"max-snippet:-1","max-image-preview":"max-image-preview:large","max-video-preview":"max-video-preview:-1"},"canonical":"https:\/\/www.opensolar.com\/it\/handypay\/","og_locale":"it_IT","og_type":"article","og_title":"Handypay","og_url":"https:\/\/www.opensolar.com\/it\/handypay\/","og_site_name":"OpenSolar","article_publisher":"https:\/\/www.facebook.com\/OpenSolarGlobal\/","article_modified_time":"2025-05-30T23:48:24+00:00","og_image":[{"width":1200,"height":675,"url":"https:\/\/i0.wp.com\/www.opensolar.com\/wp-content\/uploads\/2024\/07\/OpenSolar-logo-for-WP.png?fit=1200%2C675&quality=80&ssl=1","type":"image\/png"}],"twitter_card":"summary_large_image","twitter_site":"@opensolar","schema":{"@context":"https:\/\/schema.org","@graph":[{"@type":"WebPage","@id":"https:\/\/www.opensolar.com\/it\/handypay\/","url":"https:\/\/www.opensolar.com\/it\/handypay\/","name":"Handypay | OpenSolar","isPartOf":{"@id":"https:\/\/www.opensolar.com\/it\/#website"},"datePublished":"2025-01-15T07:02:37+00:00","dateModified":"2025-05-30T23:48:24+00:00","breadcrumb":{"@id":"https:\/\/www.opensolar.com\/it\/handypay\/#breadcrumb"},"inLanguage":"it-IT","potentialAction":[{"@type":"ReadAction","target":["https:\/\/www.opensolar.com\/it\/handypay\/"]}]},{"@type":"BreadcrumbList","@id":"https:\/\/www.opensolar.com\/it\/handypay\/#breadcrumb","itemListElement":[{"@type":"ListItem","position":1,"name":"Home","item":"https:\/\/www.opensolar.com\/it\/"},{"@type":"ListItem","position":2,"name":"Handypay"}]},{"@type":"WebSite","@id":"https:\/\/www.opensolar.com\/it\/#website","url":"https:\/\/www.opensolar.com\/it\/","name":"OpenSolar","description":"Solar Design And Proposal Software","publisher":{"@id":"https:\/\/www.opensolar.com\/it\/#organization"},"potentialAction":[{"@type":"SearchAction","target":{"@type":"EntryPoint","urlTemplate":"https:\/\/www.opensolar.com\/it\/?s={search_term_string}"},"query-input":{"@type":"PropertyValueSpecification","valueRequired":true,"valueName":"search_term_string"}}],"inLanguage":"it-IT"},{"@type":"Organization","@id":"https:\/\/www.opensolar.com\/it\/#organization","name":"OpenSolar","url":"https:\/\/www.opensolar.com\/it\/","logo":{"@type":"ImageObject","inLanguage":"it-IT","@id":"https:\/\/www.opensolar.com\/it\/#\/schema\/logo\/image\/","url":"https:\/\/www.opensolar.com\/wp-content\/uploads\/2026\/04\/OpenSolar-Horizontal-Color.svg","contentUrl":"https:\/\/www.opensolar.com\/wp-content\/uploads\/2026\/04\/OpenSolar-Horizontal-Color.svg","caption":"OpenSolar"},"image":{"@id":"https:\/\/www.opensolar.com\/it\/#\/schema\/logo\/image\/"},"sameAs":["https:\/\/www.facebook.com\/OpenSolarGlobal\/","https:\/\/x.com\/opensolar","https:\/\/www.instagram.com\/open.solar\/","https:\/\/www.linkedin.com\/company\/14522819","https:\/\/www.youtube.com\/channel\/UCw3mdQ_ilIq9ZrPpCa_VOnA\/videos"],"description":"The world's leading solar design and proposal software. Free of charge so you're free to grow."}]}},"_links":{"self":[{"href":"https:\/\/www.opensolar.com\/it\/wp-json\/wp\/v2\/pages\/10054","targetHints":{"allow":["GET"]}}],"collection":[{"href":"https:\/\/www.opensolar.com\/it\/wp-json\/wp\/v2\/pages"}],"about":[{"href":"https:\/\/www.opensolar.com\/it\/wp-json\/wp\/v2\/types\/page"}],"author":[{"embeddable":true,"href":"https:\/\/www.opensolar.com\/it\/wp-json\/wp\/v2\/users\/7"}],"replies":[{"embeddable":true,"href":"https:\/\/www.opensolar.com\/it\/wp-json\/wp\/v2\/comments?post=10054"}],"version-history":[{"count":0,"href":"https:\/\/www.opensolar.com\/it\/wp-json\/wp\/v2\/pages\/10054\/revisions"}],"wp:attachment":[{"href":"https:\/\/www.opensolar.com\/it\/wp-json\/wp\/v2\/media?parent=10054"}],"curies":[{"name":"wp","href":"https:\/\/api.w.org\/{rel}","templated":true}]}}