{"id":13932,"date":"2025-09-03T12:33:22","date_gmt":"2025-09-03T12:33:22","guid":{"rendered":"https:\/\/www.opensolar.com\/expo\/"},"modified":"2026-03-19T06:48:52","modified_gmt":"2026-03-19T06:48:52","slug":"expo","status":"publish","type":"page","link":"https:\/\/www.opensolar.com\/it\/expo\/","title":{"rendered":"Expo"},"content":{"rendered":"<section id=\"hero-block_ba00b762d4cc0bd42f23ff82106748aa\" class=\"hero  light-mode background-bright-grey-200\" style=\"\">\n\t\t\t\t\t<div class=\"content-block-hero\">\n\t\t\t\t\t\t\t\t<div class=\"intro-text default\">\n\t\t\t\t\t\t\t\t\t\t\t<h1 class=\"motion-hero-headline blue-gradient light-mode\"><p>Expo<\/p>\n<\/h1>\t\t\t\t\t\t<div class=\"motion-hero-sub-headline sub-headline light-mode\"><p>La prima Expo solare online al mondo, disponibile 24 ore su 24, 7 giorni su 7, 365 giorni all&#8217;anno. Non c&#8217;\u00e8 bisogno di viaggiare, n\u00e9 di prendere un volo in fretta, n\u00e9 di assentarsi dall&#8217;ufficio. Scopri le ultime novit\u00e0 del settore, trova clienti e fai ricerche su prodotti e servizi ogni volta che ne hai bisogno.  <\/p>\n<\/div>\t\t\t\t\t\t\t\t\t\t\t\t\t\t\t\t\t\t\t<div class=\"actions\">\n\t\t\t\t\t\t\t\t<div class=\"button\"><a href=\"https:\/\/app.opensolar.com\/expo\" target=\"_self\" class=\"button-filled light-mode\">Esplora l&#039;Expo<\/a><\/div>\t\t\t\t\t\t\t\t\t\t\t\t\t\t\t<\/div>\n\t\t\t\t\t\t\t\t\t\t\t\t\t\t\t\t\t\t\t\t<\/div>\n\t\t\t\t\t\t\t\t\t<div class=\"hero-breadcrumb\">\n\t\t\t\t\t\t<div class=\"hero-breadcrumb-content\">\n\t\t\t\t\t\t\t<a href=\"https:\/\/www.opensolar.com\/pro\/\" target=\"_self\">Pro<\/a><span>&gt;<\/span>\t\t\t\t\t\t\t\t\t\t\t\t\t\tExpo\t\t\t\t\t\t<\/div>\n\t\t\t\t\t<\/div>\n\t\t\t\t\t\t\t<\/div>\n\t\t<\/section><section id=\"side-by-side-block_69e5739c77efdb815b5bdc15787792bb\" class=\"side-by-side light-mode  background-none\" style=\"\">\n\t<div class=\"side-by-side-content light-mode\">\n\t\t\t\t\t\t\t\t\t\t\t\t\t\t<div class=\"content-block-regular\">\n\t\t\t\t\t\t<div class=\"artwork-block artwork-right\">\n\t\t\t\t\t\t\t\t\t\t\t\t\t\t\t<figure class=\"squared\" style=\"position: relative;\">\n\t\t\t\t\t\t\t\t\t<img decoding=\"async\" src=\"https:\/\/i0.wp.com\/www.opensolar.com\/wp-content\/uploads\/2025\/09\/1-11.jpg?fit=1200%2C1000&#038;quality=89&#038;ssl=1\" class=\"motion-artwork-base-side-by-side-block_69e5739c77efdb815b5bdc15787792bb\" alt=\"Promotional banner for the RE+ solar industry event in Las Vegas with a countdown timer. Below, two ads: one promotes \u201cBirchy\u2019s Guide\u201d on staying profitable before the solar tax credit ends, with a sunset over palm trees; the other showcases SUNRGY\u2019s simplified equipment purchasing with an industrial warehouse background.\" style=\"z-index: 0;\" \/>\n\t\t\t\t\t\t\t\t\t\t\t\t\t\t\t\t\t\t<img decoding=\"async\" src=\"\" class=\"motion-artwork-layer1-side-by-side-block_69e5739c77efdb815b5bdc15787792bb\" alt=\"\" style=\"z-index: 1; position: absolute; top: 0; left: 0;\" \/>\n\t\t\t\t\t\t\t\t<\/figure>\n\t\t\t\t\t\t\t\t\t\t\t\t\t\t\t\t\t\t\t\t\t\t\t\t\t\t\t\t<div class=\"text-space\">\n\t\t\t\t\t\t\t\t\t\t\t\t\t\t\t\t<h2 class=\"light-mode\"><p>Le ultime novit\u00e0 di oltre 200 importanti operatori del settore<\/p>\n<\/h2>\t\t\t\t\t\t\t\t<div class=\"sub-headline light-mode\"><p>La migliore Expo sull&#8217;energia solare \u00e8 ora a portata di click, non pi\u00f9 raggiungibile solo con un viaggio in aereo. Direttamente dal tuo flusso di lavoro quotidiano su OpenSolar: <\/p>\n<\/div>\t\t\t\t\t\t\t\t<div class=\"text light-mode\"><ul>\n<li>Visita la pi\u00f9 grande e aggiornata raccolta di marchi leader mondiali nel settore dell&#8217;energia solare<\/li>\n<li>Ricevi notizie aggiornate sui prodotti solari, annunci e innovazioni<\/li>\n<li>Accedi alla documentazione pi\u00f9 recente sui prodotti, ottieni offerte esclusive e mettiti in contatto con i fornitori esistenti e con quelli nuovi.<\/li>\n<\/ul>\n<\/div>\t\t\t\t\t\t\t\t\t\t\t\t\t\t\t\t\t\t\t\t\t\t\t<\/div>\n\t\t\t\t\t\t<\/div>\n\t\t\t\t\t<\/div>\n\t\t\t\t\t\t\t\t\t\t\t\t\t\t\t\t\t\t\t\t\t\t<\/div>\n<\/section>\n<section id=\"side-by-side-block_10ed2dd53ab28e2b25c947e52bb71847\" class=\"side-by-side light-mode  background-bright-grey-200\" style=\"\">\n\t<div class=\"side-by-side-content light-mode\">\n\t\t\t\t\t\t\t\t\t\t\t\t\t\t<div class=\"content-block-regular\">\n\t\t\t\t\t\t<div class=\"artwork-block artwork-left\">\n\t\t\t\t\t\t\t\t\t\t\t\t\t\t\t<figure class=\"squared\" style=\"position: relative;\">\n\t\t\t\t\t\t\t\t\t<img decoding=\"async\" src=\"https:\/\/i0.wp.com\/www.opensolar.com\/wp-content\/uploads\/2025\/09\/2-9.jpg?fit=1200%2C1000&#038;quality=89&#038;ssl=1\" class=\"motion-artwork-base-side-by-side-block_10ed2dd53ab28e2b25c947e52bb71847\" alt=\"REC Alpha Pro M Series commercial solar panel is showcased with a purple banner, emphasizing high efficiency. Below, a YouTube video thumbnail titled &quot;An introduction to GivEnergy&quot; shows a lineup of energy storage units. GivEnergy branding is placed underneath.\" style=\"z-index: 0;\" \/>\n\t\t\t\t\t\t\t\t\t\t\t\t\t\t\t\t\t\t<img decoding=\"async\" src=\"\" class=\"motion-artwork-layer1-side-by-side-block_10ed2dd53ab28e2b25c947e52bb71847\" alt=\"\" style=\"z-index: 1; position: absolute; top: 0; left: 0;\" \/>\n\t\t\t\t\t\t\t\t<\/figure>\n\t\t\t\t\t\t\t\t\t\t\t\t\t\t\t\t\t\t\t\t\t\t\t\t\t\t\t\t<div class=\"text-space\">\n\t\t\t\t\t\t\t\t\t\t\t\t\t\t\t\t<h2 class=\"light-mode\"><p>I tuoi fornitori preferiti ora saranno a tua disposizione<\/p>\n<\/h2>\t\t\t\t\t\t\t\t<div class=\"sub-headline light-mode\"><p>Che si tratti di marchi che utilizzi da anni o di nuovi marchi per te interessanti, tu e il tuo team ora potete:<\/p>\n<\/div>\t\t\t\t\t\t\t\t<div class=\"text light-mode\"><ul>\n<li>Scoprire i prodotti e i servizi pi\u00f9 recenti dei migliori fornitori<\/li>\n<li>Scaricare la documentazione pi\u00f9 recente sui prodotti per supportare i tuoi colleghi e i clienti<\/li>\n<li>Chatta online con i rappresentanti e gli esperti dei prodotti<\/li>\n<li>Iscriviti per essere il primo a conoscere i nuovi prodotti e gli annunci del settore.<\/li>\n<li>Controlla i prezzi e acquista i kit direttamente dallo stand dell&#8217;Expo.<\/li>\n<\/ul>\n<\/div>\t\t\t\t\t\t\t\t\t\t\t\t\t\t\t\t\t\t\t\t\t\t\t<\/div>\n\t\t\t\t\t\t<\/div>\n\t\t\t\t\t<\/div>\n\t\t\t\t\t\t\t\t\t\t\t\t\t\t\t\t\t\t\t\t\t\t<\/div>\n<\/section>\n<section id=\"side-by-side-block_6d26319df5360a2cd03e19ef06485608\" class=\"side-by-side light-mode  background-none\" style=\"\">\n\t<div class=\"side-by-side-content light-mode\">\n\t\t\t\t\t\t\t\t\t\t\t\t\t\t<div class=\"content-block-regular\">\n\t\t\t\t\t\t<div class=\"artwork-block artwork-right\">\n\t\t\t\t\t\t\t\t\t\t\t\t\t\t\t<figure class=\"squared\" style=\"position: relative;\">\n\t\t\t\t\t\t\t\t\t<img decoding=\"async\" src=\"https:\/\/i0.wp.com\/www.opensolar.com\/wp-content\/uploads\/2026\/03\/Group-1739328211.png?fit=1002%2C819&#038;quality=80&#038;ssl=1\" class=\"motion-artwork-base-side-by-side-block_6d26319df5360a2cd03e19ef06485608\" alt=\"\" style=\"z-index: 0;\" \/>\n\t\t\t\t\t\t\t\t\t\t\t\t\t\t\t\t\t\t<img decoding=\"async\" src=\"\" class=\"motion-artwork-layer1-side-by-side-block_6d26319df5360a2cd03e19ef06485608\" alt=\"\" style=\"z-index: 1; position: absolute; top: 0; left: 0;\" \/>\n\t\t\t\t\t\t\t\t<\/figure>\n\t\t\t\t\t\t\t\t\t\t\t\t\t\t\t\t\t\t\t\t\t\t\t\t\t\t\t\t<div class=\"text-space\">\n\t\t\t\t\t\t\t\t\t\t\t\t\t\t\t\t<h2 class=\"light-mode\"><p>Prova i nuovi prodotti su OpenSolar per ottenere un vantaggio competitivo<\/p>\n<\/h2>\t\t\t\t\t\t\t\t<div class=\"sub-headline light-mode\"><p>Scegli un nuovo prodotto di ultima generazione di cui sei venuto a conoscienza nell&#8217;Expo e:<\/p>\n<\/div>\t\t\t\t\t\t\t\t<div class=\"text light-mode\"><ul>\n<li>Aggiungilo senza problemi alle impostazioni di controllo dell&#8217;hardware nel tuo account OpenSolar.<\/li>\n<li>Impara rapidamente come un nuovo prodotto pu\u00f2 aiutarti a risolvere un problema o a ottenere un vantaggio competitivo.<\/li>\n<li>Progetta con il nuovo prodotto e vendi ai clienti la tecnologia all&#8217;avanguardia dei migliori marchi.<\/li>\n<\/ul>\n<\/div>\t\t\t\t\t\t\t\t\t\t\t\t\t\t\t\t\t\t\t\t\t\t\t<\/div>\n\t\t\t\t\t\t<\/div>\n\t\t\t\t\t<\/div>\n\t\t\t\t\t\t\t\t\t\t\t\t\t\t\t\t\t\t\t\t\t\t<\/div>\n<\/section>\n<section id=\"side-by-side-block_b4627a5d503dd19b72480bc7ef3b3862\" class=\"side-by-side light-mode  background-bright-grey-200\" style=\"\">\n\t<div class=\"side-by-side-content light-mode\">\n\t\t\t\t\t\t\t\t\t\t\t\t\t\t<div class=\"content-block-regular\">\n\t\t\t\t\t\t<div class=\"artwork-block artwork-left\">\n\t\t\t\t\t\t\t\t\t\t\t\t\t\t\t<figure class=\"squared\" style=\"position: relative;\">\n\t\t\t\t\t\t\t\t\t<img decoding=\"async\" src=\"https:\/\/i0.wp.com\/www.opensolar.com\/wp-content\/uploads\/2025\/09\/4-2.jpg?fit=1200%2C1000&#038;quality=89&#038;ssl=1\" class=\"motion-artwork-base-side-by-side-block_b4627a5d503dd19b72480bc7ef3b3862\" alt=\"A live chat with a solar expert named Colette. A user asks for a recommendation for a 5.8kW PV system. Colette replies with advice to use the SUNSYNK-5K-SG01 hybrid inverter and either the SUNSYNK-W5.3 or W10.6 IP65 battery depending on storage needs.\" style=\"z-index: 0;\" \/>\n\t\t\t\t\t\t\t\t\t\t\t\t\t\t\t\t\t\t<img decoding=\"async\" src=\"\" class=\"motion-artwork-layer1-side-by-side-block_b4627a5d503dd19b72480bc7ef3b3862\" alt=\"\" style=\"z-index: 1; position: absolute; top: 0; left: 0;\" \/>\n\t\t\t\t\t\t\t\t<\/figure>\n\t\t\t\t\t\t\t\t\t\t\t\t\t\t\t\t\t\t\t\t\t\t\t\t\t\t\t\t<div class=\"text-space\">\n\t\t\t\t\t\t\t\t\t\t\t\t\t\t\t\t<h2 class=\"light-mode\"><p>Coinvolgi direttamente i marchi di tuo interesse<\/p>\n<\/h2>\t\t\t\t\t\t\t\t<div class=\"sub-headline light-mode\"><p>Proprio come faresti in uno stand espositivo nel mondo reale, avvicinati e inizia una conversazione.<\/p>\n<\/div>\t\t\t\t\t\t\t\t<div class=\"text light-mode\"><ul>\n<li>Visita uno stand che sembra interessante<\/li>\n<li>Apri la funzione di chat integrata<\/li>\n<li>Fai domande direttamente ai produttori e ai fornitori di servizi e ottieni le risposte che cerchi.<\/li>\n<\/ul>\n<\/div>\t\t\t\t\t\t\t\t\t\t\t\t\t\t\t\t\t\t\t\t\t\t\t<\/div>\n\t\t\t\t\t\t<\/div>\n\t\t\t\t\t<\/div>\n\t\t\t\t\t\t\t\t\t\t\t\t\t\t\t\t\t\t\t\t\t\t<\/div>\n<\/section>\n\n<p><\/p>\n","protected":false},"excerpt":{"rendered":"","protected":false},"author":7,"featured_media":0,"parent":0,"menu_order":0,"comment_status":"closed","ping_status":"closed","template":"","meta":{"_acf_changed":false,"footnotes":""},"class_list":["post-13932","page","type-page","status-publish","hentry"],"acf":[],"yoast_head":"<!-- This site is optimized with the Yoast SEO Premium plugin v26.6 (Yoast SEO v26.6) - https:\/\/yoast.com\/wordpress\/plugins\/seo\/ -->\n<title>Expo | OpenSolar<\/title>\n<meta name=\"description\" content=\"Scopri le ultime novit\u00e0 nel campo dell&#039;energia solare con oltre 200 marchi leader all&#039;OpenSolar Expo. Accedi ai nuovi prodotti, parla con gli esperti e scarica le specifiche 24 ore su 24, 7 giorni su 7, senza bisogno di spostarti. Visita oggi stesso la conferenza virtuale sull&#039;energia solare.\" \/>\n<meta name=\"robots\" content=\"index, follow, max-snippet:-1, max-image-preview:large, max-video-preview:-1\" \/>\n<link rel=\"canonical\" href=\"https:\/\/www.opensolar.com\/it\/expo\/\" \/>\n<meta property=\"og:locale\" content=\"it_IT\" \/>\n<meta property=\"og:type\" content=\"article\" \/>\n<meta property=\"og:title\" content=\"Expo\" \/>\n<meta property=\"og:description\" content=\"Scopri le ultime novit\u00e0 nel campo dell&#039;energia solare con oltre 200 marchi leader all&#039;OpenSolar Expo. Accedi ai nuovi prodotti, parla con gli esperti e scarica le specifiche 24 ore su 24, 7 giorni su 7, senza bisogno di spostarti. Visita oggi stesso la conferenza virtuale sull&#039;energia solare.\" \/>\n<meta property=\"og:url\" content=\"https:\/\/www.opensolar.com\/it\/expo\/\" \/>\n<meta property=\"og:site_name\" content=\"OpenSolar\" \/>\n<meta property=\"article:publisher\" content=\"https:\/\/www.facebook.com\/OpenSolarGlobal\/\" \/>\n<meta property=\"article:modified_time\" content=\"2026-03-19T06:48:52+00:00\" \/>\n<meta property=\"og:image\" content=\"https:\/\/i0.wp.com\/www.opensolar.com\/wp-content\/uploads\/2024\/07\/OpenSolar-logo-for-WP.png?fit=1200%2C675&quality=80&ssl=1\" \/>\n\t<meta property=\"og:image:width\" content=\"1200\" \/>\n\t<meta property=\"og:image:height\" content=\"675\" \/>\n\t<meta property=\"og:image:type\" content=\"image\/png\" \/>\n<meta name=\"twitter:card\" content=\"summary_large_image\" \/>\n<meta name=\"twitter:site\" content=\"@opensolar\" \/>\n<script type=\"application\/ld+json\" class=\"yoast-schema-graph\">{\"@context\":\"https:\/\/schema.org\",\"@graph\":[{\"@type\":\"WebPage\",\"@id\":\"https:\/\/www.opensolar.com\/it\/expo\/\",\"url\":\"https:\/\/www.opensolar.com\/it\/expo\/\",\"name\":\"Expo | OpenSolar\",\"isPartOf\":{\"@id\":\"https:\/\/www.opensolar.com\/it\/#website\"},\"datePublished\":\"2025-09-03T12:33:22+00:00\",\"dateModified\":\"2026-03-19T06:48:52+00:00\",\"description\":\"Scopri le ultime novit\u00e0 nel campo dell'energia solare con oltre 200 marchi leader all'OpenSolar Expo. Accedi ai nuovi prodotti, parla con gli esperti e scarica le specifiche 24 ore su 24, 7 giorni su 7, senza bisogno di spostarti. Visita oggi stesso la conferenza virtuale sull'energia solare.\",\"breadcrumb\":{\"@id\":\"https:\/\/www.opensolar.com\/it\/expo\/#breadcrumb\"},\"inLanguage\":\"it-IT\",\"potentialAction\":[{\"@type\":\"ReadAction\",\"target\":[\"https:\/\/www.opensolar.com\/it\/expo\/\"]}]},{\"@type\":\"BreadcrumbList\",\"@id\":\"https:\/\/www.opensolar.com\/it\/expo\/#breadcrumb\",\"itemListElement\":[{\"@type\":\"ListItem\",\"position\":1,\"name\":\"Home\",\"item\":\"https:\/\/www.opensolar.com\/it\/\"},{\"@type\":\"ListItem\",\"position\":2,\"name\":\"Expo\"}]},{\"@type\":\"WebSite\",\"@id\":\"https:\/\/www.opensolar.com\/it\/#website\",\"url\":\"https:\/\/www.opensolar.com\/it\/\",\"name\":\"OpenSolar\",\"description\":\"Solar Design And Proposal Software\",\"publisher\":{\"@id\":\"https:\/\/www.opensolar.com\/it\/#organization\"},\"potentialAction\":[{\"@type\":\"SearchAction\",\"target\":{\"@type\":\"EntryPoint\",\"urlTemplate\":\"https:\/\/www.opensolar.com\/it\/?s={search_term_string}\"},\"query-input\":{\"@type\":\"PropertyValueSpecification\",\"valueRequired\":true,\"valueName\":\"search_term_string\"}}],\"inLanguage\":\"it-IT\"},{\"@type\":\"Organization\",\"@id\":\"https:\/\/www.opensolar.com\/it\/#organization\",\"name\":\"OpenSolar\",\"url\":\"https:\/\/www.opensolar.com\/it\/\",\"logo\":{\"@type\":\"ImageObject\",\"inLanguage\":\"it-IT\",\"@id\":\"https:\/\/www.opensolar.com\/it\/#\/schema\/logo\/image\/\",\"url\":\"https:\/\/www.opensolar.com\/wp-content\/uploads\/2026\/04\/OpenSolar-Horizontal-Color.svg\",\"contentUrl\":\"https:\/\/www.opensolar.com\/wp-content\/uploads\/2026\/04\/OpenSolar-Horizontal-Color.svg\",\"caption\":\"OpenSolar\"},\"image\":{\"@id\":\"https:\/\/www.opensolar.com\/it\/#\/schema\/logo\/image\/\"},\"sameAs\":[\"https:\/\/www.facebook.com\/OpenSolarGlobal\/\",\"https:\/\/x.com\/opensolar\",\"https:\/\/www.instagram.com\/open.solar\/\",\"https:\/\/www.linkedin.com\/company\/14522819\",\"https:\/\/www.youtube.com\/channel\/UCw3mdQ_ilIq9ZrPpCa_VOnA\/videos\"],\"description\":\"The world's leading solar design and proposal software. Free of charge so you're free to grow.\"}]}<\/script>\n<!-- \/ Yoast SEO Premium plugin. -->","yoast_head_json":{"title":"Expo | OpenSolar","description":"Scopri le ultime novit\u00e0 nel campo dell'energia solare con oltre 200 marchi leader all'OpenSolar Expo. Accedi ai nuovi prodotti, parla con gli esperti e scarica le specifiche 24 ore su 24, 7 giorni su 7, senza bisogno di spostarti. Visita oggi stesso la conferenza virtuale sull'energia solare.","robots":{"index":"index","follow":"follow","max-snippet":"max-snippet:-1","max-image-preview":"max-image-preview:large","max-video-preview":"max-video-preview:-1"},"canonical":"https:\/\/www.opensolar.com\/it\/expo\/","og_locale":"it_IT","og_type":"article","og_title":"Expo","og_description":"Scopri le ultime novit\u00e0 nel campo dell'energia solare con oltre 200 marchi leader all'OpenSolar Expo. Accedi ai nuovi prodotti, parla con gli esperti e scarica le specifiche 24 ore su 24, 7 giorni su 7, senza bisogno di spostarti. Visita oggi stesso la conferenza virtuale sull'energia solare.","og_url":"https:\/\/www.opensolar.com\/it\/expo\/","og_site_name":"OpenSolar","article_publisher":"https:\/\/www.facebook.com\/OpenSolarGlobal\/","article_modified_time":"2026-03-19T06:48:52+00:00","og_image":[{"width":1200,"height":675,"url":"https:\/\/i0.wp.com\/www.opensolar.com\/wp-content\/uploads\/2024\/07\/OpenSolar-logo-for-WP.png?fit=1200%2C675&quality=80&ssl=1","type":"image\/png"}],"twitter_card":"summary_large_image","twitter_site":"@opensolar","schema":{"@context":"https:\/\/schema.org","@graph":[{"@type":"WebPage","@id":"https:\/\/www.opensolar.com\/it\/expo\/","url":"https:\/\/www.opensolar.com\/it\/expo\/","name":"Expo | OpenSolar","isPartOf":{"@id":"https:\/\/www.opensolar.com\/it\/#website"},"datePublished":"2025-09-03T12:33:22+00:00","dateModified":"2026-03-19T06:48:52+00:00","description":"Scopri le ultime novit\u00e0 nel campo dell'energia solare con oltre 200 marchi leader all'OpenSolar Expo. Accedi ai nuovi prodotti, parla con gli esperti e scarica le specifiche 24 ore su 24, 7 giorni su 7, senza bisogno di spostarti. Visita oggi stesso la conferenza virtuale sull'energia solare.","breadcrumb":{"@id":"https:\/\/www.opensolar.com\/it\/expo\/#breadcrumb"},"inLanguage":"it-IT","potentialAction":[{"@type":"ReadAction","target":["https:\/\/www.opensolar.com\/it\/expo\/"]}]},{"@type":"BreadcrumbList","@id":"https:\/\/www.opensolar.com\/it\/expo\/#breadcrumb","itemListElement":[{"@type":"ListItem","position":1,"name":"Home","item":"https:\/\/www.opensolar.com\/it\/"},{"@type":"ListItem","position":2,"name":"Expo"}]},{"@type":"WebSite","@id":"https:\/\/www.opensolar.com\/it\/#website","url":"https:\/\/www.opensolar.com\/it\/","name":"OpenSolar","description":"Solar Design And Proposal Software","publisher":{"@id":"https:\/\/www.opensolar.com\/it\/#organization"},"potentialAction":[{"@type":"SearchAction","target":{"@type":"EntryPoint","urlTemplate":"https:\/\/www.opensolar.com\/it\/?s={search_term_string}"},"query-input":{"@type":"PropertyValueSpecification","valueRequired":true,"valueName":"search_term_string"}}],"inLanguage":"it-IT"},{"@type":"Organization","@id":"https:\/\/www.opensolar.com\/it\/#organization","name":"OpenSolar","url":"https:\/\/www.opensolar.com\/it\/","logo":{"@type":"ImageObject","inLanguage":"it-IT","@id":"https:\/\/www.opensolar.com\/it\/#\/schema\/logo\/image\/","url":"https:\/\/www.opensolar.com\/wp-content\/uploads\/2026\/04\/OpenSolar-Horizontal-Color.svg","contentUrl":"https:\/\/www.opensolar.com\/wp-content\/uploads\/2026\/04\/OpenSolar-Horizontal-Color.svg","caption":"OpenSolar"},"image":{"@id":"https:\/\/www.opensolar.com\/it\/#\/schema\/logo\/image\/"},"sameAs":["https:\/\/www.facebook.com\/OpenSolarGlobal\/","https:\/\/x.com\/opensolar","https:\/\/www.instagram.com\/open.solar\/","https:\/\/www.linkedin.com\/company\/14522819","https:\/\/www.youtube.com\/channel\/UCw3mdQ_ilIq9ZrPpCa_VOnA\/videos"],"description":"The world's leading solar design and proposal software. Free of charge so you're free to grow."}]}},"_links":{"self":[{"href":"https:\/\/www.opensolar.com\/it\/wp-json\/wp\/v2\/pages\/13932","targetHints":{"allow":["GET"]}}],"collection":[{"href":"https:\/\/www.opensolar.com\/it\/wp-json\/wp\/v2\/pages"}],"about":[{"href":"https:\/\/www.opensolar.com\/it\/wp-json\/wp\/v2\/types\/page"}],"author":[{"embeddable":true,"href":"https:\/\/www.opensolar.com\/it\/wp-json\/wp\/v2\/users\/7"}],"replies":[{"embeddable":true,"href":"https:\/\/www.opensolar.com\/it\/wp-json\/wp\/v2\/comments?post=13932"}],"version-history":[{"count":0,"href":"https:\/\/www.opensolar.com\/it\/wp-json\/wp\/v2\/pages\/13932\/revisions"}],"wp:attachment":[{"href":"https:\/\/www.opensolar.com\/it\/wp-json\/wp\/v2\/media?parent=13932"}],"curies":[{"name":"wp","href":"https:\/\/api.w.org\/{rel}","templated":true}]}}