{"id":4739,"date":"2023-08-02T17:56:29","date_gmt":"2023-08-02T17:56:29","guid":{"rendered":"https:\/\/opensolarprd.wpengine.com\/proposte-solari-dinamiche"},"modified":"2025-05-28T14:25:46","modified_gmt":"2025-05-28T14:25:46","slug":"proposals","status":"publish","type":"page","link":"https:\/\/www.opensolar.com\/it\/proposals\/","title":{"rendered":"Proposte solari dinamiche"},"content":{"rendered":"<section id=\"hero-block_d5baa00c8b353ce869e008a3b6c55ec3\" class=\"hero  light-mode background-bright-grey-200\" style=\"\">\n\t\t\t\t\t<div class=\"content-block-hero\">\n\t\t\t\t\t\t\t\t<div class=\"intro-text default\">\n\t\t\t\t\t\t\t\t\t\t\t<h1 class=\"motion-hero-headline blue-gradient light-mode\"><p>Proposte solari dinamiche<\/p>\n<\/h1>\t\t\t\t\t\t<div class=\"motion-hero-sub-headline sub-headline light-mode\"><div class=\"sub-headline light-mode\">\n<p>Rimani competitivo con proposte per i clienti completamente personalizzabili e personalizzate, con pagamenti flessibili, aggiornamenti in tempo reale e strumenti di comunicazione integrati.<\/p>\n<\/div>\n<\/div>\t\t\t\t\t\t\t\t\t\t\t\t\t\t\t\t\t\t\t\t\t\t\t\t\t\t<\/div>\n\t\t\t\t\t\t\t<\/div>\n\t\t<\/section><section id=\"side-by-side-block_76517bf32e2d3a9d2b54283d655c1968\" class=\"side-by-side light-mode  background-none\" style=\"\">\n\t<div class=\"side-by-side-content light-mode\">\n\t\t\t\t\t\t\t\t\t\t\t\t\t\t<div class=\"content-block-regular\">\n\t\t\t\t\t\t<div class=\"artwork-block artwork-right\">\n\t\t\t\t\t\t\t\t\t\t\t\t\t\t\t<figure class=\"squared\" style=\"position: relative;\">\n\t\t\t\t\t\t\t\t\t<img decoding=\"async\" src=\"https:\/\/i0.wp.com\/www.opensolar.com\/wp-content\/uploads\/2025\/05\/Sell-more-often.png?fit=1200%2C1000&#038;quality=80&#038;ssl=1\" class=\"motion-artwork-base-side-by-side-block_76517bf32e2d3a9d2b54283d655c1968\" alt=\"\" style=\"z-index: 0;\" \/>\n\t\t\t\t\t\t\t\t\t\t\t\t\t\t\t\t\t\t<img decoding=\"async\" src=\"\" class=\"motion-artwork-layer1-side-by-side-block_76517bf32e2d3a9d2b54283d655c1968\" alt=\"\" style=\"z-index: 1; position: absolute; top: 0; left: 0;\" \/>\n\t\t\t\t\t\t\t\t<\/figure>\n\t\t\t\t\t\t\t\t\t\t\t\t\t\t\t\t\t\t\t\t\t\t\t\t\t\t\t\t<div class=\"text-space\">\n\t\t\t\t\t\t\t\t\t\t\t\t\t\t\t\t<h2 class=\"light-mode\"><p>Vendete di pi\u00f9, ovunque voi siate<\/p>\n<\/h2>\t\t\t\t\t\t\t\t\t\t\t\t\t\t\t\t<div class=\"text light-mode\"><p>Proposte personalizzabili e interattive come strumento vendita, completo e integrato.<\/p>\n<ul>\n<li>Vendete in presenza o a distanza, con la Proposta Digitale o la Proposta in PDF. Utilizzando qualsiasi dispositivo.<\/li>\n<li>Offrite ai vostri clienti la possibilit\u00e0 di scegliere tra diversi sistemi e modalit\u00e0 di pagamento: bonifico, finanziamenti con credito, PPA o leasing.<\/li>\n<li>Il cliente potr\u00e0 visualizzare immagini ad alta definizione del proprio tetto e da diverse angolature.<\/li>\n<li>Riceverete una notifica in tempo reale quando il cliente visualizza o interagisce con la proposta digitale<\/li>\n<li>Il cliente potr\u00e0 chiamare, inviare SMS, e-mail o programmare una riunione, con un semplice click. Chiarire i dubbi dei clienti e organizzare il proprio calendario, non \u00e8 mai stato cos\u00ec facile.<\/li>\n<li>Funzionalit\u00e0 end-to-end per portare a termine la trattativa: approvazione digitale, firma del contratto in-app ed elaborazione integrata dei pagamenti.<\/li>\n<\/ul>\n<\/div>\t\t\t\t\t\t\t\t\t\t\t\t\t\t\t\t\t\t\t\t\t\t\t<\/div>\n\t\t\t\t\t\t<\/div>\n\t\t\t\t\t<\/div>\n\t\t\t\t\t\t\t\t\t\t\t\t\t\t\t\t\t\t\t\t\t\t<\/div>\n<\/section>\n<section id=\"side-by-side-block_3a27bc85195870f519888a34d74d29d8\" class=\"side-by-side light-mode  background-bright-grey-200\" style=\"\">\n\t<div class=\"side-by-side-content light-mode\">\n\t\t\t\t\t\t\t\t\t\t\t\t\t\t<div class=\"content-block-regular\">\n\t\t\t\t\t\t<div class=\"artwork-block artwork-left\">\n\t\t\t\t\t\t\t\t\t\t\t\t\t\t\t<figure class=\"squared\" style=\"position: relative;\">\n\t\t\t\t\t\t\t\t\t<img decoding=\"async\" src=\"https:\/\/i0.wp.com\/www.opensolar.com\/wp-content\/uploads\/2025\/05\/Stand-out-and-win-%E2%80%93-your-way.png?fit=1200%2C1000&#038;quality=80&#038;ssl=1\" class=\"motion-artwork-base-side-by-side-block_3a27bc85195870f519888a34d74d29d8\" alt=\"\" style=\"z-index: 0;\" \/>\n\t\t\t\t\t\t\t\t\t\t\t\t\t\t\t\t\t\t<img decoding=\"async\" src=\"\" class=\"motion-artwork-layer1-side-by-side-block_3a27bc85195870f519888a34d74d29d8\" alt=\"\" style=\"z-index: 1; position: absolute; top: 0; left: 0;\" \/>\n\t\t\t\t\t\t\t\t<\/figure>\n\t\t\t\t\t\t\t\t\t\t\t\t\t\t\t\t\t\t\t\t\t\t\t\t\t\t\t\t<div class=\"text-space\">\n\t\t\t\t\t\t\t\t\t\t\t\t\t\t\t\t<h2 class=\"light-mode\"><p>Differenziatevi e vincete: a modo vostro<\/p>\n<\/h2>\t\t\t\t\t\t\t\t\t\t\t\t\t\t\t\t<div class=\"text light-mode\"><p>Proposte interattive completamente personalizzabili, per distinguervi dalla concorrenza. Siate unici! <\/p>\n<ul>\n<li>Date un tocco vostro, per distinguetevi dalla concorrenza<\/li>\n<li>La nostra \u00e8 una soluzione completamente white-label: cos\u00ec potr\u00e0 risplendere il vostro marchio, i vostri contenuti, il vostro stile<\/li>\n<li>Grazie ai nostri partner espositori troverete la documentazione tecnica integrata, e in ogni caso potrete caricare la vostra documentazione manualmente<\/li>\n<li>Strumenti di programmazione digitale personalizzati, per sincronizzare direttamente i vostri calendari e quelli dei vostri clienti<\/li>\n<\/ul>\n<\/div>\t\t\t\t\t\t\t\t\t\t\t\t\t\t\t\t\t\t\t\t\t\t\t<\/div>\n\t\t\t\t\t\t<\/div>\n\t\t\t\t\t<\/div>\n\t\t\t\t\t\t\t\t\t\t\t\t\t\t\t\t\t\t\t\t\t\t<\/div>\n<\/section>\n<section id=\"slider_block_1500c91d25fda92ac42f6b1b5c0c08b3\" class=\"slider background-none\" style=\"\">\n\t<h2 class=\"blue-gradient\"><p>Cosa dicono i nostri professionisti<\/p>\n<\/h2>\t<div class=\"swiper swiper-slider_block_1500c91d25fda92ac42f6b1b5c0c08b3\">\n\t\t<div class=\"swiper-wrapper\">\n\t\t\t\t\t\t\t\t\t\t\t\t\t\t\t\t\t\t\t\t\t\t\t<div class=\"swiper-slide\">\n\t\t\t\t\t\t\t<div class=\"swiper-slide-content slide-quote slide-quote-slider_block_1500c91d25fda92ac42f6b1b5c0c08b3\">\n\t\t\t\t\t\t\t\t<div class=\"quote-text\">Il passaggio a OpenSolar \u00e8 stato un vero successo per la nostra azienda. Prima impiegavamo ore per preparare e inviare le proposte in PDF. OpenSolar ci permette di risparmiare tempo automatizzando gran parte di questo processo, fino alla selezione da parte del cliente dell&#8217;opzione di sistema preferita, alla firma digitale dei contratti e all&#8217;elaborazione dei pagamenti, il tutto a partire dalla proposta. Essendo un software basato sul web e disponendo di un&#8217;app per dispositivi mobili, siamo in grado di presentare ai clienti proposte interattive online e di modificarle in base ai loro feedback in tempo reale e da qualsiasi luogo.   <\/div>\t\t\t\t\t\t\t\t<div class=\"quotee\">\n\t\t\t\t\t\t\t\t\t<div class=\"left\">\n\t\t\t\t\t\t\t\t\t\t\t\t\t\t\t\t\t\t\t\t\t<figure>\n\t\t\t\t\t\t\t\t\t\t\t\t<img loading=\"lazy\" decoding=\"async\" width=\"500\" height=\"500\" src=\"https:\/\/i0.wp.com\/www.opensolar.com\/wp-content\/uploads\/2023\/08\/Jimi-Gatland.png?fit=500%2C500&amp;quality=80&amp;ssl=1\" class=\"attachment-full size-full\" alt=\"Jimi Gatland\" srcset=\"https:\/\/i0.wp.com\/www.opensolar.com\/wp-content\/uploads\/2023\/08\/Jimi-Gatland.png?w=500&amp;quality=80&amp;ssl=1 500w, https:\/\/i0.wp.com\/www.opensolar.com\/wp-content\/uploads\/2023\/08\/Jimi-Gatland.png?resize=300%2C300&amp;quality=80&amp;ssl=1 300w, https:\/\/i0.wp.com\/www.opensolar.com\/wp-content\/uploads\/2023\/08\/Jimi-Gatland.png?resize=150%2C150&amp;quality=80&amp;ssl=1 150w\" sizes=\"auto, (max-width: 500px) 100vw, 500px\" \/>\t\t\t\t\t\t\t\t\t\t\t<\/figure>\n\t\t\t\t\t\t\t\t\t\t\t\t\t\t\t\t\t\t\t<\/div>\n\t\t\t\t\t\t\t\t\t<div class=\"right\">\n\t\t\t\t\t\t\t\t\t\t<div class=\"top\">\n\t\t\t\t\t\t\t\t\t\t\t<span>Jimi<\/span>\t\t\t\t\t\t\t\t\t\t\t\t\t\t\t\t\t\t\t\t\t<\/div>\n\t\t\t\t\t\t\t\t\t\t<div class=\"bottom\"><span>Light Touch Solar | NSW, Australia<\/span><\/div>\n\t\t\t\t\t\t\t\t\t<\/div>\n\t\t\t\t\t\t\t\t<\/div>\n\t\t\t\t\t\t\t<\/div>\n\t\t\t\t\t\t<\/div>\n\t\t\t\t\t\t\t\t\t\t\t\t\t\t\t\t\t\t\t\t\t\t\t\t\t\t<script>\n\t\t\t\t\t\t\t$(document).ready(function (){\n\t\t\t\t\t\t\t\tvar swiperslider_block_1500c91d25fda92ac42f6b1b5c0c08b3 = new Swiper(\".swiper-slider_block_1500c91d25fda92ac42f6b1b5c0c08b3\", {\n\t\t\t\t\t\t\t\t\tgrabCursor: true,\n\t\t\t\t\t\t\t\t\t\tnavigation: {\n\t\t\t\t\t\t\t\t\t\tprevEl: \".swiper-prev-button-slider_block_1500c91d25fda92ac42f6b1b5c0c08b3\",\n\t\t\t\t\t\t\t\t\t\tnextEl: \".swiper-next-button-slider_block_1500c91d25fda92ac42f6b1b5c0c08b3\",\n\t\t\t\t\t\t\t\t\t},\n\t\t\t\t\t\t\t\t\tkeyboard: { enabled: true },\n\t\t\t\t\t\t\t\t\twatchSlidesProgress: true,\n\t\t\t\t\t\t\t\t\tobserver: true,\n\t\t\t\t\t\t\t\t\tobserveParents: true,\n\t\t\t\t\t\t\t\t});\n\t\t\t\t\t\t\t\t\n\t\t\t\t\t\t\t\tfunction matchHeight_slider_block_1500c91d25fda92ac42f6b1b5c0c08b3() {\n\t\t\t\t\t\t\t\t\tlet maxHeight = 0;\n\t\t\t\t\t\t\t\t\n\t\t\t\t\t\t\t\t\t\/\/ Find the tallest div\n\t\t\t\t\t\t\t\t\t$('.slide-quote-slider_block_1500c91d25fda92ac42f6b1b5c0c08b3').each(function() {\n\t\t\t\t\t\t\t\t\tmaxHeight = Math.max(maxHeight, $(this).height());\n\t\t\t\t\t\t\t\t\t});\n\t\t\t\t\t\t\t\t\n\t\t\t\t\t\t\t\t\t\/\/ Set the height of all divs to the tallest\n\t\t\t\t\t\t\t\t\t$('.slide-quote-slider_block_1500c91d25fda92ac42f6b1b5c0c08b3').height(maxHeight);\n\t\t\t\t\t\t\t\t}\n\t\t\t\t\t\t\t\t\n\t\t\t\t\t\t\t\tmatchHeight_slider_block_1500c91d25fda92ac42f6b1b5c0c08b3(); \/\/ Call on page load\n\t\t\t\t\t\t\t\t\n\t\t\t\t\t\t\t\t\/\/ Optional: Call on window resize\n\t\t\t\t\t\t\t\t$(window).resize(matchHeight_slider_block_1500c91d25fda92ac42f6b1b5c0c08b3);\n\t\t\t\t\t\t\n\t\t\t\t\t\t\t});\n\t\t\t\t\t\t<\/script>\n\t\t\t\t\t\t\t\t\t\t\t\t\t\t<\/div>\n\t\t<div class=\"swiper-button swiper-prev-button swiper-prev-button-slider_block_1500c91d25fda92ac42f6b1b5c0c08b3\">\n\t\t\t<svg xmlns=\"http:\/\/www.w3.org\/2000\/svg\" viewBox=\"0 0 320 512\"><path d=\"M9.4 233.4c-12.5 12.5-12.5 32.8 0 45.3l192 192c12.5 12.5 32.8 12.5 45.3 0s12.5-32.8 0-45.3L77.3 256 246.6 86.6c12.5-12.5 12.5-32.8 0-45.3s-32.8-12.5-45.3 0l-192 192z\"\/><\/svg>\n\t\t<\/div>\n\t\t<div class=\"swiper-button swiper-next-button swiper-next-button-slider_block_1500c91d25fda92ac42f6b1b5c0c08b3\">\n\t\t\t<svg xmlns=\"http:\/\/www.w3.org\/2000\/svg\" viewBox=\"0 0 320 512\"><path d=\"M310.6 233.4c12.5 12.5 12.5 32.8 0 45.3l-192 192c-12.5 12.5-32.8 12.5-45.3 0s-12.5-32.8 0-45.3L242.7 256 73.4 86.6c-12.5-12.5-12.5-32.8 0-45.3s32.8-12.5 45.3 0l192 192z\"\/><\/svg>\n\t\t<\/div>\n\t<\/div>\n<\/section>","protected":false},"excerpt":{"rendered":"","protected":false},"author":3,"featured_media":0,"parent":0,"menu_order":0,"comment_status":"closed","ping_status":"closed","template":"","meta":{"_acf_changed":false,"footnotes":""},"class_list":["post-4739","page","type-page","status-publish","hentry"],"acf":[],"yoast_head":"<!-- This site is optimized with the Yoast SEO Premium plugin v26.6 (Yoast SEO v26.6) - https:\/\/yoast.com\/wordpress\/plugins\/seo\/ -->\n<title>Proposte OpenSolar: proposte solari interattive e personalizzabili<\/title>\n<meta name=\"description\" content=\"Crea proposte solari personalizzabili con OpenSolar. Offri pi\u00f9 opzioni di sistema, notifiche in tempo reale e firme elettroniche integrate.\" \/>\n<meta name=\"robots\" content=\"index, follow, max-snippet:-1, max-image-preview:large, max-video-preview:-1\" \/>\n<link rel=\"canonical\" href=\"https:\/\/www.opensolar.com\/it\/proposals\/\" \/>\n<meta property=\"og:locale\" content=\"it_IT\" \/>\n<meta property=\"og:type\" content=\"article\" \/>\n<meta property=\"og:title\" content=\"Proposte solari dinamiche\" \/>\n<meta property=\"og:description\" content=\"Crea proposte solari personalizzabili con OpenSolar. Offri pi\u00f9 opzioni di sistema, notifiche in tempo reale e firme elettroniche integrate.\" \/>\n<meta property=\"og:url\" content=\"https:\/\/www.opensolar.com\/it\/proposals\/\" \/>\n<meta property=\"og:site_name\" content=\"OpenSolar\" \/>\n<meta property=\"article:publisher\" content=\"https:\/\/www.facebook.com\/OpenSolarGlobal\/\" \/>\n<meta property=\"article:modified_time\" content=\"2025-05-28T14:25:46+00:00\" \/>\n<meta property=\"og:image\" content=\"https:\/\/i0.wp.com\/www.opensolar.com\/wp-content\/uploads\/2024\/07\/OpenSolar-logo-for-WP.png?fit=1200%2C675&quality=80&ssl=1\" \/>\n\t<meta property=\"og:image:width\" content=\"1200\" \/>\n\t<meta property=\"og:image:height\" content=\"675\" \/>\n\t<meta property=\"og:image:type\" content=\"image\/png\" \/>\n<meta name=\"twitter:card\" content=\"summary_large_image\" \/>\n<meta name=\"twitter:site\" content=\"@opensolar\" \/>\n<script type=\"application\/ld+json\" class=\"yoast-schema-graph\">{\"@context\":\"https:\/\/schema.org\",\"@graph\":[{\"@type\":\"WebPage\",\"@id\":\"https:\/\/www.opensolar.com\/it\/proposals\/\",\"url\":\"https:\/\/www.opensolar.com\/it\/proposals\/\",\"name\":\"Proposte OpenSolar: proposte solari interattive e personalizzabili\",\"isPartOf\":{\"@id\":\"https:\/\/www.opensolar.com\/it\/#website\"},\"datePublished\":\"2023-08-02T17:56:29+00:00\",\"dateModified\":\"2025-05-28T14:25:46+00:00\",\"description\":\"Crea proposte solari personalizzabili con OpenSolar. Offri pi\u00f9 opzioni di sistema, notifiche in tempo reale e firme elettroniche integrate.\",\"breadcrumb\":{\"@id\":\"https:\/\/www.opensolar.com\/it\/proposals\/#breadcrumb\"},\"inLanguage\":\"it-IT\",\"potentialAction\":[{\"@type\":\"ReadAction\",\"target\":[\"https:\/\/www.opensolar.com\/it\/proposals\/\"]}]},{\"@type\":\"BreadcrumbList\",\"@id\":\"https:\/\/www.opensolar.com\/it\/proposals\/#breadcrumb\",\"itemListElement\":[{\"@type\":\"ListItem\",\"position\":1,\"name\":\"Home\",\"item\":\"https:\/\/www.opensolar.com\/it\/\"},{\"@type\":\"ListItem\",\"position\":2,\"name\":\"Proposte solari dinamiche\"}]},{\"@type\":\"WebSite\",\"@id\":\"https:\/\/www.opensolar.com\/it\/#website\",\"url\":\"https:\/\/www.opensolar.com\/it\/\",\"name\":\"OpenSolar\",\"description\":\"Solar Design And Proposal Software\",\"publisher\":{\"@id\":\"https:\/\/www.opensolar.com\/it\/#organization\"},\"potentialAction\":[{\"@type\":\"SearchAction\",\"target\":{\"@type\":\"EntryPoint\",\"urlTemplate\":\"https:\/\/www.opensolar.com\/it\/?s={search_term_string}\"},\"query-input\":{\"@type\":\"PropertyValueSpecification\",\"valueRequired\":true,\"valueName\":\"search_term_string\"}}],\"inLanguage\":\"it-IT\"},{\"@type\":\"Organization\",\"@id\":\"https:\/\/www.opensolar.com\/it\/#organization\",\"name\":\"OpenSolar\",\"url\":\"https:\/\/www.opensolar.com\/it\/\",\"logo\":{\"@type\":\"ImageObject\",\"inLanguage\":\"it-IT\",\"@id\":\"https:\/\/www.opensolar.com\/it\/#\/schema\/logo\/image\/\",\"url\":\"https:\/\/www.opensolar.com\/wp-content\/uploads\/2026\/03\/OpenSolar-Horizontal-Color.svg\",\"contentUrl\":\"https:\/\/www.opensolar.com\/wp-content\/uploads\/2026\/03\/OpenSolar-Horizontal-Color.svg\",\"caption\":\"OpenSolar\"},\"image\":{\"@id\":\"https:\/\/www.opensolar.com\/it\/#\/schema\/logo\/image\/\"},\"sameAs\":[\"https:\/\/www.facebook.com\/OpenSolarGlobal\/\",\"https:\/\/x.com\/opensolar\",\"https:\/\/www.instagram.com\/open.solar\/\",\"https:\/\/www.linkedin.com\/company\/14522819\",\"https:\/\/www.youtube.com\/channel\/UCw3mdQ_ilIq9ZrPpCa_VOnA\/videos\"],\"description\":\"The world's leading solar design and proposal software. Free of charge so you're free to grow.\"}]}<\/script>\n<!-- \/ Yoast SEO Premium plugin. -->","yoast_head_json":{"title":"Proposte OpenSolar: proposte solari interattive e personalizzabili","description":"Crea proposte solari personalizzabili con OpenSolar. Offri pi\u00f9 opzioni di sistema, notifiche in tempo reale e firme elettroniche integrate.","robots":{"index":"index","follow":"follow","max-snippet":"max-snippet:-1","max-image-preview":"max-image-preview:large","max-video-preview":"max-video-preview:-1"},"canonical":"https:\/\/www.opensolar.com\/it\/proposals\/","og_locale":"it_IT","og_type":"article","og_title":"Proposte solari dinamiche","og_description":"Crea proposte solari personalizzabili con OpenSolar. Offri pi\u00f9 opzioni di sistema, notifiche in tempo reale e firme elettroniche integrate.","og_url":"https:\/\/www.opensolar.com\/it\/proposals\/","og_site_name":"OpenSolar","article_publisher":"https:\/\/www.facebook.com\/OpenSolarGlobal\/","article_modified_time":"2025-05-28T14:25:46+00:00","og_image":[{"width":1200,"height":675,"url":"https:\/\/i0.wp.com\/www.opensolar.com\/wp-content\/uploads\/2024\/07\/OpenSolar-logo-for-WP.png?fit=1200%2C675&quality=80&ssl=1","type":"image\/png"}],"twitter_card":"summary_large_image","twitter_site":"@opensolar","schema":{"@context":"https:\/\/schema.org","@graph":[{"@type":"WebPage","@id":"https:\/\/www.opensolar.com\/it\/proposals\/","url":"https:\/\/www.opensolar.com\/it\/proposals\/","name":"Proposte OpenSolar: proposte solari interattive e personalizzabili","isPartOf":{"@id":"https:\/\/www.opensolar.com\/it\/#website"},"datePublished":"2023-08-02T17:56:29+00:00","dateModified":"2025-05-28T14:25:46+00:00","description":"Crea proposte solari personalizzabili con OpenSolar. Offri pi\u00f9 opzioni di sistema, notifiche in tempo reale e firme elettroniche integrate.","breadcrumb":{"@id":"https:\/\/www.opensolar.com\/it\/proposals\/#breadcrumb"},"inLanguage":"it-IT","potentialAction":[{"@type":"ReadAction","target":["https:\/\/www.opensolar.com\/it\/proposals\/"]}]},{"@type":"BreadcrumbList","@id":"https:\/\/www.opensolar.com\/it\/proposals\/#breadcrumb","itemListElement":[{"@type":"ListItem","position":1,"name":"Home","item":"https:\/\/www.opensolar.com\/it\/"},{"@type":"ListItem","position":2,"name":"Proposte solari dinamiche"}]},{"@type":"WebSite","@id":"https:\/\/www.opensolar.com\/it\/#website","url":"https:\/\/www.opensolar.com\/it\/","name":"OpenSolar","description":"Solar Design And Proposal Software","publisher":{"@id":"https:\/\/www.opensolar.com\/it\/#organization"},"potentialAction":[{"@type":"SearchAction","target":{"@type":"EntryPoint","urlTemplate":"https:\/\/www.opensolar.com\/it\/?s={search_term_string}"},"query-input":{"@type":"PropertyValueSpecification","valueRequired":true,"valueName":"search_term_string"}}],"inLanguage":"it-IT"},{"@type":"Organization","@id":"https:\/\/www.opensolar.com\/it\/#organization","name":"OpenSolar","url":"https:\/\/www.opensolar.com\/it\/","logo":{"@type":"ImageObject","inLanguage":"it-IT","@id":"https:\/\/www.opensolar.com\/it\/#\/schema\/logo\/image\/","url":"https:\/\/www.opensolar.com\/wp-content\/uploads\/2026\/03\/OpenSolar-Horizontal-Color.svg","contentUrl":"https:\/\/www.opensolar.com\/wp-content\/uploads\/2026\/03\/OpenSolar-Horizontal-Color.svg","caption":"OpenSolar"},"image":{"@id":"https:\/\/www.opensolar.com\/it\/#\/schema\/logo\/image\/"},"sameAs":["https:\/\/www.facebook.com\/OpenSolarGlobal\/","https:\/\/x.com\/opensolar","https:\/\/www.instagram.com\/open.solar\/","https:\/\/www.linkedin.com\/company\/14522819","https:\/\/www.youtube.com\/channel\/UCw3mdQ_ilIq9ZrPpCa_VOnA\/videos"],"description":"The world's leading solar design and proposal software. Free of charge so you're free to grow."}]}},"_links":{"self":[{"href":"https:\/\/www.opensolar.com\/it\/wp-json\/wp\/v2\/pages\/4739","targetHints":{"allow":["GET"]}}],"collection":[{"href":"https:\/\/www.opensolar.com\/it\/wp-json\/wp\/v2\/pages"}],"about":[{"href":"https:\/\/www.opensolar.com\/it\/wp-json\/wp\/v2\/types\/page"}],"author":[{"embeddable":true,"href":"https:\/\/www.opensolar.com\/it\/wp-json\/wp\/v2\/users\/3"}],"replies":[{"embeddable":true,"href":"https:\/\/www.opensolar.com\/it\/wp-json\/wp\/v2\/comments?post=4739"}],"version-history":[{"count":0,"href":"https:\/\/www.opensolar.com\/it\/wp-json\/wp\/v2\/pages\/4739\/revisions"}],"wp:attachment":[{"href":"https:\/\/www.opensolar.com\/it\/wp-json\/wp\/v2\/media?parent=4739"}],"curies":[{"name":"wp","href":"https:\/\/api.w.org\/{rel}","templated":true}]}}