{"id":4756,"date":"2023-08-02T03:03:33","date_gmt":"2023-08-02T03:03:33","guid":{"rendered":"https:\/\/opensolarprd.wpengine.com\/supporto-per-piu-dispositivi"},"modified":"2025-02-06T10:22:42","modified_gmt":"2025-02-06T10:22:42","slug":"supporto-per-piu-dispositivi","status":"publish","type":"page","link":"https:\/\/www.opensolar.com\/it\/supporto-per-piu-dispositivi\/","title":{"rendered":"Supporto con pi\u00f9 dispositivi"},"content":{"rendered":"<section id=\"hero-block_53a56e147f18ae89eb3dc5b54b7e7da5\" class=\"hero  light-mode background-bright-grey-200\" style=\"\">\n\t\t\t\t\t<div class=\"content-block-hero\">\n\t\t\t\t\t\t\t\t<div class=\"intro-text default\">\n\t\t\t\t\t\t\t\t\t\t\t<h1 class=\"motion-hero-headline blue-gradient light-mode\"><p>Supporto con pi\u00f9 dispositivi<\/p>\n<\/h1>\t\t\t\t\t\t<div class=\"motion-hero-sub-headline sub-headline light-mode\"><p>Fai crescere la tua attivit\u00e0 con un&#8217;unica piattaforma, con qualsiasi dispositivo e da qualsiasi luogo. Tablet o smartphone, iOS o Android, PC o Mac, abbiamo il prodotto che fa per voi.<\/p>\n<\/div>\t\t\t\t\t\t\t\t\t\t\t\t\t\t\t\t\t\t\t\t\t\t\t\t\t\t<\/div>\n\t\t\t\t\t\t\t<\/div>\n\t\t<\/section><section id=\"side-by-side-block_0818a74921b9f1195aa549339aa649ae\" class=\"side-by-side light-mode  background-none\" style=\"\">\n\t<div class=\"side-by-side-content light-mode\">\n\t\t\t\t\t\t\t\t\t\t\t\t\t\t<div class=\"content-block-regular\">\n\t\t\t\t\t\t<div class=\"artwork-block artwork-right\">\n\t\t\t\t\t\t\t\t\t\t\t\t\t\t\t<figure class=\"squared\" style=\"position: relative;\">\n\t\t\t\t\t\t\t\t\t<img decoding=\"async\" src=\"https:\/\/i0.wp.com\/www.opensolar.com\/wp-content\/uploads\/2023\/08\/multi-device-support-screens.png?fit=1920%2C1080&#038;quality=80&#038;ssl=1\" class=\"motion-artwork-base-side-by-side-block_0818a74921b9f1195aa549339aa649ae\" alt=\"\" style=\"z-index: 0;\" \/>\n\t\t\t\t\t\t\t\t\t\t\t\t\t\t\t\t\t\t<img decoding=\"async\" src=\"\" class=\"motion-artwork-layer1-side-by-side-block_0818a74921b9f1195aa549339aa649ae\" alt=\"\" style=\"z-index: 1; position: absolute; top: 0; left: 0;\" \/>\n\t\t\t\t\t\t\t\t<\/figure>\n\t\t\t\t\t\t\t\t\t\t\t\t\t\t\t\t\t\t\t\t\t\t\t\t\t\t\t\t<div class=\"text-space\">\n\t\t\t\t\t\t\t\t\t\t\t\t\t\t\t\t<h2 class=\"light-mode\"><p>Crescere il proprio business con un&#8217;unica piattaforma, su qualsiasi dispositivo e da qualsiasi luogo.<\/p>\n<\/h2>\t\t\t\t\t\t\t\t\t\t\t\t\t\t\t\t<div class=\"text light-mode\"><p>Tablet o smartphone, iOS o Android, PC o Mac, abbiamo il prodotto che fa per voi.<\/p>\n<ul>\n<li>Progettare, vendere, chiudere contratti e gestire i propri clienti da qualsiasi dispositivo, in ufficio o sul campo<\/li>\n<li>Creare progetti dettagliati rapidamente, direttamente dal proprio dispositivo mobile<\/li>\n<li>Avete a disposizione una modalit\u00e0 di vendita Full-Sales: presentate di persona il progetto al vostro cliente e firmate il contratto di vendita sul posto.<\/li>\n<li>Potete creare bozze di progetti sul campo e riassegnarli ai membri del team per garantire un follow-up continuo con il cliente.<\/li>\n<li>Aggiorna i progetti o i contatti ovunque ti trovi<\/li>\n<\/ul>\n<\/div>\t\t\t\t\t\t\t\t\t\t\t\t\t\t\t\t\t\t\t\t\t\t\t<\/div>\n\t\t\t\t\t\t<\/div>\n\t\t\t\t\t<\/div>\n\t\t\t\t\t\t\t\t\t\t\t\t\t\t\t\t\t\t\t\t\t\t<\/div>\n<\/section>\n<section id=\"slider_block_eaba66d98cab8d0464554455ea7d14a4\" class=\"slider background-bright-grey-200\" style=\"\">\n\t<h2 class=\"blue-gradient\"><p>Cosa dicono i nostri professionisti<\/p>\n<\/h2>\t<div class=\"swiper swiper-slider_block_eaba66d98cab8d0464554455ea7d14a4\">\n\t\t<div class=\"swiper-wrapper\">\n\t\t\t\t\t\t\t\t\t\t\t\t\t\t\t\t\t\t\t\t\t\t\t<div class=\"swiper-slide\">\n\t\t\t\t\t\t\t<div class=\"swiper-slide-content slide-quote slide-quote-slider_block_eaba66d98cab8d0464554455ea7d14a4\">\n\t\t\t\t\t\t\t\t<div class=\"quote-text\">L&#8217;aspetto davvero interessante della mobile app di OpenSolar \u00e8 che puoi creare un progetto e una proposta davvero accurati direttamente sul posto, di fronte al potenziale cliente, indipendentemente dal luogo in cui si trova. Il nostro team ha una mentalit\u00e0 fortemente imprenditoriale, quindi tirare fuori il tablet e vendere sistemi che i clienti amano \u00e8 diventata la normalit\u00e0 per noi. <\/div>\t\t\t\t\t\t\t\t<div class=\"quotee\">\n\t\t\t\t\t\t\t\t\t<div class=\"left\">\n\t\t\t\t\t\t\t\t\t\t\t\t\t\t\t\t\t\t\t\t\t<figure>\n\t\t\t\t\t\t\t\t\t\t\t\t<img loading=\"lazy\" decoding=\"async\" width=\"2941\" height=\"2941\" src=\"https:\/\/i0.wp.com\/www.opensolar.com\/wp-content\/uploads\/2023\/08\/Dion-McCall.png?fit=2941%2C2941&amp;quality=80&amp;ssl=1\" class=\"attachment-full size-full\" alt=\"\" srcset=\"https:\/\/i0.wp.com\/www.opensolar.com\/wp-content\/uploads\/2023\/08\/Dion-McCall.png?w=2941&amp;quality=80&amp;ssl=1 2941w, https:\/\/i0.wp.com\/www.opensolar.com\/wp-content\/uploads\/2023\/08\/Dion-McCall.png?resize=300%2C300&amp;quality=80&amp;ssl=1 300w, https:\/\/i0.wp.com\/www.opensolar.com\/wp-content\/uploads\/2023\/08\/Dion-McCall.png?resize=1024%2C1024&amp;quality=80&amp;ssl=1 1024w, https:\/\/i0.wp.com\/www.opensolar.com\/wp-content\/uploads\/2023\/08\/Dion-McCall.png?resize=150%2C150&amp;quality=80&amp;ssl=1 150w, https:\/\/i0.wp.com\/www.opensolar.com\/wp-content\/uploads\/2023\/08\/Dion-McCall.png?resize=768%2C768&amp;quality=80&amp;ssl=1 768w, https:\/\/i0.wp.com\/www.opensolar.com\/wp-content\/uploads\/2023\/08\/Dion-McCall.png?resize=1536%2C1536&amp;quality=80&amp;ssl=1 1536w, https:\/\/i0.wp.com\/www.opensolar.com\/wp-content\/uploads\/2023\/08\/Dion-McCall.png?resize=2048%2C2048&amp;quality=80&amp;ssl=1 2048w, https:\/\/i0.wp.com\/www.opensolar.com\/wp-content\/uploads\/2023\/08\/Dion-McCall.png?w=1280&amp;quality=80&amp;ssl=1 1280w, https:\/\/i0.wp.com\/www.opensolar.com\/wp-content\/uploads\/2023\/08\/Dion-McCall.png?w=1920&amp;quality=80&amp;ssl=1 1920w\" sizes=\"auto, (max-width: 640px) 100vw, 640px\" \/>\t\t\t\t\t\t\t\t\t\t\t<\/figure>\n\t\t\t\t\t\t\t\t\t\t\t\t\t\t\t\t\t\t\t<\/div>\n\t\t\t\t\t\t\t\t\t<div class=\"right\">\n\t\t\t\t\t\t\t\t\t\t<div class=\"top\">\n\t\t\t\t\t\t\t\t\t\t\t<span>Dion<\/span>\t\t\t\t\t\t\t\t\t\t\t\t\t\t\t\t\t\t\t\t\t<\/div>\n\t\t\t\t\t\t\t\t\t\t<div class=\"bottom\"><span>Clean Energy Partners | Nuova Zelanda<\/span><\/div>\n\t\t\t\t\t\t\t\t\t<\/div>\n\t\t\t\t\t\t\t\t<\/div>\n\t\t\t\t\t\t\t<\/div>\n\t\t\t\t\t\t<\/div>\n\t\t\t\t\t\t\t\t\t\t\t\t\t\t\t\t\t\t\t\t\t\t\t\t\t\t<script>\n\t\t\t\t\t\t\t$(document).ready(function (){\n\t\t\t\t\t\t\t\tvar swiperslider_block_eaba66d98cab8d0464554455ea7d14a4 = new Swiper(\".swiper-slider_block_eaba66d98cab8d0464554455ea7d14a4\", {\n\t\t\t\t\t\t\t\t\tgrabCursor: true,\n\t\t\t\t\t\t\t\t\t\tnavigation: {\n\t\t\t\t\t\t\t\t\t\tprevEl: \".swiper-prev-button-slider_block_eaba66d98cab8d0464554455ea7d14a4\",\n\t\t\t\t\t\t\t\t\t\tnextEl: \".swiper-next-button-slider_block_eaba66d98cab8d0464554455ea7d14a4\",\n\t\t\t\t\t\t\t\t\t},\n\t\t\t\t\t\t\t\t\tkeyboard: { enabled: true },\n\t\t\t\t\t\t\t\t\twatchSlidesProgress: true,\n\t\t\t\t\t\t\t\t\tobserver: true,\n\t\t\t\t\t\t\t\t\tobserveParents: true,\n\t\t\t\t\t\t\t\t});\n\t\t\t\t\t\t\t\t\n\t\t\t\t\t\t\t\tfunction matchHeight_slider_block_eaba66d98cab8d0464554455ea7d14a4() {\n\t\t\t\t\t\t\t\t\tlet maxHeight = 0;\n\t\t\t\t\t\t\t\t\n\t\t\t\t\t\t\t\t\t\/\/ Find the tallest div\n\t\t\t\t\t\t\t\t\t$('.slide-quote-slider_block_eaba66d98cab8d0464554455ea7d14a4').each(function() {\n\t\t\t\t\t\t\t\t\tmaxHeight = Math.max(maxHeight, $(this).height());\n\t\t\t\t\t\t\t\t\t});\n\t\t\t\t\t\t\t\t\n\t\t\t\t\t\t\t\t\t\/\/ Set the height of all divs to the tallest\n\t\t\t\t\t\t\t\t\t$('.slide-quote-slider_block_eaba66d98cab8d0464554455ea7d14a4').height(maxHeight);\n\t\t\t\t\t\t\t\t}\n\t\t\t\t\t\t\t\t\n\t\t\t\t\t\t\t\tmatchHeight_slider_block_eaba66d98cab8d0464554455ea7d14a4(); \/\/ Call on page load\n\t\t\t\t\t\t\t\t\n\t\t\t\t\t\t\t\t\/\/ Optional: Call on window resize\n\t\t\t\t\t\t\t\t$(window).resize(matchHeight_slider_block_eaba66d98cab8d0464554455ea7d14a4);\n\t\t\t\t\t\t\n\t\t\t\t\t\t\t});\n\t\t\t\t\t\t<\/script>\n\t\t\t\t\t\t\t\t\t\t\t\t\t\t<\/div>\n\t\t<div class=\"swiper-button swiper-prev-button swiper-prev-button-slider_block_eaba66d98cab8d0464554455ea7d14a4\">\n\t\t\t<svg xmlns=\"http:\/\/www.w3.org\/2000\/svg\" viewBox=\"0 0 320 512\"><path d=\"M9.4 233.4c-12.5 12.5-12.5 32.8 0 45.3l192 192c12.5 12.5 32.8 12.5 45.3 0s12.5-32.8 0-45.3L77.3 256 246.6 86.6c12.5-12.5 12.5-32.8 0-45.3s-32.8-12.5-45.3 0l-192 192z\"\/><\/svg>\n\t\t<\/div>\n\t\t<div class=\"swiper-button swiper-next-button swiper-next-button-slider_block_eaba66d98cab8d0464554455ea7d14a4\">\n\t\t\t<svg xmlns=\"http:\/\/www.w3.org\/2000\/svg\" viewBox=\"0 0 320 512\"><path d=\"M310.6 233.4c12.5 12.5 12.5 32.8 0 45.3l-192 192c-12.5 12.5-32.8 12.5-45.3 0s-12.5-32.8 0-45.3L242.7 256 73.4 86.6c-12.5-12.5-12.5-32.8 0-45.3s32.8-12.5 45.3 0l192 192z\"\/><\/svg>\n\t\t<\/div>\n\t<\/div>\n<\/section>","protected":false},"excerpt":{"rendered":"","protected":false},"author":3,"featured_media":0,"parent":0,"menu_order":0,"comment_status":"closed","ping_status":"closed","template":"","meta":{"_acf_changed":true,"footnotes":""},"class_list":["post-4756","page","type-page","status-publish","hentry"],"acf":[],"yoast_head":"<!-- This site is optimized with the Yoast SEO Premium plugin v26.6 (Yoast SEO v26.6) - https:\/\/yoast.com\/wordpress\/plugins\/seo\/ -->\n<title>Modalit\u00e0 di vendita OpenSolar: Supporto multi-dispositivo<\/title>\n<meta name=\"description\" content=\"Utilizza la modalit\u00e0 di vendita di OpenSolar su qualsiasi dispositivo. Progetta, vendi e gestisci progetti solari dal cellulare o dal desktop, in ufficio o in loco.\" \/>\n<meta name=\"robots\" content=\"index, follow, max-snippet:-1, max-image-preview:large, max-video-preview:-1\" \/>\n<link rel=\"canonical\" href=\"https:\/\/www.opensolar.com\/it\/supporto-per-piu-dispositivi\/\" \/>\n<meta property=\"og:locale\" content=\"it_IT\" \/>\n<meta property=\"og:type\" content=\"article\" \/>\n<meta property=\"og:title\" content=\"Supporto con pi\u00f9 dispositivi\" \/>\n<meta property=\"og:description\" content=\"Utilizza la modalit\u00e0 di vendita di OpenSolar su qualsiasi dispositivo. Progetta, vendi e gestisci progetti solari dal cellulare o dal desktop, in ufficio o in loco.\" \/>\n<meta property=\"og:url\" content=\"https:\/\/www.opensolar.com\/it\/supporto-per-piu-dispositivi\/\" \/>\n<meta property=\"og:site_name\" content=\"OpenSolar\" \/>\n<meta property=\"article:publisher\" content=\"https:\/\/www.facebook.com\/OpenSolarGlobal\/\" \/>\n<meta property=\"article:modified_time\" content=\"2025-02-06T10:22:42+00:00\" \/>\n<meta property=\"og:image\" content=\"https:\/\/i0.wp.com\/www.opensolar.com\/wp-content\/uploads\/2024\/07\/OpenSolar-logo-for-WP.png?fit=1200%2C675&quality=80&ssl=1\" \/>\n\t<meta property=\"og:image:width\" content=\"1200\" \/>\n\t<meta property=\"og:image:height\" content=\"675\" \/>\n\t<meta property=\"og:image:type\" content=\"image\/png\" \/>\n<meta name=\"twitter:card\" content=\"summary_large_image\" \/>\n<meta name=\"twitter:site\" content=\"@opensolar\" \/>\n<script type=\"application\/ld+json\" class=\"yoast-schema-graph\">{\"@context\":\"https:\/\/schema.org\",\"@graph\":[{\"@type\":\"WebPage\",\"@id\":\"https:\/\/www.opensolar.com\/it\/supporto-per-piu-dispositivi\/\",\"url\":\"https:\/\/www.opensolar.com\/it\/supporto-per-piu-dispositivi\/\",\"name\":\"Modalit\u00e0 di vendita OpenSolar: Supporto multi-dispositivo\",\"isPartOf\":{\"@id\":\"https:\/\/www.opensolar.com\/it\/#website\"},\"datePublished\":\"2023-08-02T03:03:33+00:00\",\"dateModified\":\"2025-02-06T10:22:42+00:00\",\"description\":\"Utilizza la modalit\u00e0 di vendita di OpenSolar su qualsiasi dispositivo. Progetta, vendi e gestisci progetti solari dal cellulare o dal desktop, in ufficio o in loco.\",\"breadcrumb\":{\"@id\":\"https:\/\/www.opensolar.com\/it\/supporto-per-piu-dispositivi\/#breadcrumb\"},\"inLanguage\":\"it-IT\",\"potentialAction\":[{\"@type\":\"ReadAction\",\"target\":[\"https:\/\/www.opensolar.com\/it\/supporto-per-piu-dispositivi\/\"]}]},{\"@type\":\"BreadcrumbList\",\"@id\":\"https:\/\/www.opensolar.com\/it\/supporto-per-piu-dispositivi\/#breadcrumb\",\"itemListElement\":[{\"@type\":\"ListItem\",\"position\":1,\"name\":\"Home\",\"item\":\"https:\/\/www.opensolar.com\/it\/\"},{\"@type\":\"ListItem\",\"position\":2,\"name\":\"Supporto con pi\u00f9 dispositivi\"}]},{\"@type\":\"WebSite\",\"@id\":\"https:\/\/www.opensolar.com\/it\/#website\",\"url\":\"https:\/\/www.opensolar.com\/it\/\",\"name\":\"OpenSolar\",\"description\":\"Solar Design And Proposal Software\",\"publisher\":{\"@id\":\"https:\/\/www.opensolar.com\/it\/#organization\"},\"potentialAction\":[{\"@type\":\"SearchAction\",\"target\":{\"@type\":\"EntryPoint\",\"urlTemplate\":\"https:\/\/www.opensolar.com\/it\/?s={search_term_string}\"},\"query-input\":{\"@type\":\"PropertyValueSpecification\",\"valueRequired\":true,\"valueName\":\"search_term_string\"}}],\"inLanguage\":\"it-IT\"},{\"@type\":\"Organization\",\"@id\":\"https:\/\/www.opensolar.com\/it\/#organization\",\"name\":\"OpenSolar\",\"url\":\"https:\/\/www.opensolar.com\/it\/\",\"logo\":{\"@type\":\"ImageObject\",\"inLanguage\":\"it-IT\",\"@id\":\"https:\/\/www.opensolar.com\/it\/#\/schema\/logo\/image\/\",\"url\":\"https:\/\/www.opensolar.com\/wp-content\/uploads\/2026\/04\/OpenSolar-Horizontal-Color.svg\",\"contentUrl\":\"https:\/\/www.opensolar.com\/wp-content\/uploads\/2026\/04\/OpenSolar-Horizontal-Color.svg\",\"caption\":\"OpenSolar\"},\"image\":{\"@id\":\"https:\/\/www.opensolar.com\/it\/#\/schema\/logo\/image\/\"},\"sameAs\":[\"https:\/\/www.facebook.com\/OpenSolarGlobal\/\",\"https:\/\/x.com\/opensolar\",\"https:\/\/www.instagram.com\/open.solar\/\",\"https:\/\/www.linkedin.com\/company\/14522819\",\"https:\/\/www.youtube.com\/channel\/UCw3mdQ_ilIq9ZrPpCa_VOnA\/videos\"],\"description\":\"The world's leading solar design and proposal software. Free of charge so you're free to grow.\"}]}<\/script>\n<!-- \/ Yoast SEO Premium plugin. -->","yoast_head_json":{"title":"Modalit\u00e0 di vendita OpenSolar: Supporto multi-dispositivo","description":"Utilizza la modalit\u00e0 di vendita di OpenSolar su qualsiasi dispositivo. Progetta, vendi e gestisci progetti solari dal cellulare o dal desktop, in ufficio o in loco.","robots":{"index":"index","follow":"follow","max-snippet":"max-snippet:-1","max-image-preview":"max-image-preview:large","max-video-preview":"max-video-preview:-1"},"canonical":"https:\/\/www.opensolar.com\/it\/supporto-per-piu-dispositivi\/","og_locale":"it_IT","og_type":"article","og_title":"Supporto con pi\u00f9 dispositivi","og_description":"Utilizza la modalit\u00e0 di vendita di OpenSolar su qualsiasi dispositivo. Progetta, vendi e gestisci progetti solari dal cellulare o dal desktop, in ufficio o in loco.","og_url":"https:\/\/www.opensolar.com\/it\/supporto-per-piu-dispositivi\/","og_site_name":"OpenSolar","article_publisher":"https:\/\/www.facebook.com\/OpenSolarGlobal\/","article_modified_time":"2025-02-06T10:22:42+00:00","og_image":[{"width":1200,"height":675,"url":"https:\/\/i0.wp.com\/www.opensolar.com\/wp-content\/uploads\/2024\/07\/OpenSolar-logo-for-WP.png?fit=1200%2C675&quality=80&ssl=1","type":"image\/png"}],"twitter_card":"summary_large_image","twitter_site":"@opensolar","schema":{"@context":"https:\/\/schema.org","@graph":[{"@type":"WebPage","@id":"https:\/\/www.opensolar.com\/it\/supporto-per-piu-dispositivi\/","url":"https:\/\/www.opensolar.com\/it\/supporto-per-piu-dispositivi\/","name":"Modalit\u00e0 di vendita OpenSolar: Supporto multi-dispositivo","isPartOf":{"@id":"https:\/\/www.opensolar.com\/it\/#website"},"datePublished":"2023-08-02T03:03:33+00:00","dateModified":"2025-02-06T10:22:42+00:00","description":"Utilizza la modalit\u00e0 di vendita di OpenSolar su qualsiasi dispositivo. Progetta, vendi e gestisci progetti solari dal cellulare o dal desktop, in ufficio o in loco.","breadcrumb":{"@id":"https:\/\/www.opensolar.com\/it\/supporto-per-piu-dispositivi\/#breadcrumb"},"inLanguage":"it-IT","potentialAction":[{"@type":"ReadAction","target":["https:\/\/www.opensolar.com\/it\/supporto-per-piu-dispositivi\/"]}]},{"@type":"BreadcrumbList","@id":"https:\/\/www.opensolar.com\/it\/supporto-per-piu-dispositivi\/#breadcrumb","itemListElement":[{"@type":"ListItem","position":1,"name":"Home","item":"https:\/\/www.opensolar.com\/it\/"},{"@type":"ListItem","position":2,"name":"Supporto con pi\u00f9 dispositivi"}]},{"@type":"WebSite","@id":"https:\/\/www.opensolar.com\/it\/#website","url":"https:\/\/www.opensolar.com\/it\/","name":"OpenSolar","description":"Solar Design And Proposal Software","publisher":{"@id":"https:\/\/www.opensolar.com\/it\/#organization"},"potentialAction":[{"@type":"SearchAction","target":{"@type":"EntryPoint","urlTemplate":"https:\/\/www.opensolar.com\/it\/?s={search_term_string}"},"query-input":{"@type":"PropertyValueSpecification","valueRequired":true,"valueName":"search_term_string"}}],"inLanguage":"it-IT"},{"@type":"Organization","@id":"https:\/\/www.opensolar.com\/it\/#organization","name":"OpenSolar","url":"https:\/\/www.opensolar.com\/it\/","logo":{"@type":"ImageObject","inLanguage":"it-IT","@id":"https:\/\/www.opensolar.com\/it\/#\/schema\/logo\/image\/","url":"https:\/\/www.opensolar.com\/wp-content\/uploads\/2026\/04\/OpenSolar-Horizontal-Color.svg","contentUrl":"https:\/\/www.opensolar.com\/wp-content\/uploads\/2026\/04\/OpenSolar-Horizontal-Color.svg","caption":"OpenSolar"},"image":{"@id":"https:\/\/www.opensolar.com\/it\/#\/schema\/logo\/image\/"},"sameAs":["https:\/\/www.facebook.com\/OpenSolarGlobal\/","https:\/\/x.com\/opensolar","https:\/\/www.instagram.com\/open.solar\/","https:\/\/www.linkedin.com\/company\/14522819","https:\/\/www.youtube.com\/channel\/UCw3mdQ_ilIq9ZrPpCa_VOnA\/videos"],"description":"The world's leading solar design and proposal software. Free of charge so you're free to grow."}]}},"_links":{"self":[{"href":"https:\/\/www.opensolar.com\/it\/wp-json\/wp\/v2\/pages\/4756","targetHints":{"allow":["GET"]}}],"collection":[{"href":"https:\/\/www.opensolar.com\/it\/wp-json\/wp\/v2\/pages"}],"about":[{"href":"https:\/\/www.opensolar.com\/it\/wp-json\/wp\/v2\/types\/page"}],"author":[{"embeddable":true,"href":"https:\/\/www.opensolar.com\/it\/wp-json\/wp\/v2\/users\/3"}],"replies":[{"embeddable":true,"href":"https:\/\/www.opensolar.com\/it\/wp-json\/wp\/v2\/comments?post=4756"}],"version-history":[{"count":0,"href":"https:\/\/www.opensolar.com\/it\/wp-json\/wp\/v2\/pages\/4756\/revisions"}],"wp:attachment":[{"href":"https:\/\/www.opensolar.com\/it\/wp-json\/wp\/v2\/media?parent=4756"}],"curies":[{"name":"wp","href":"https:\/\/api.w.org\/{rel}","templated":true}]}}