{"id":9797,"date":"2025-01-02T06:21:19","date_gmt":"2025-01-02T06:21:19","guid":{"rendered":"https:\/\/www.opensolar.com\/cliente\/"},"modified":"2026-02-05T00:04:06","modified_gmt":"2026-02-05T00:04:06","slug":"cliente","status":"publish","type":"page","link":"https:\/\/www.opensolar.com\/it\/cliente\/","title":{"rendered":"Cliente"},"content":{"rendered":"<section id=\"hero-block_ea5755ec8f1f7413634e4f5497adbed4\" class=\"hero  light-mode background-artwork\" style=\"background-image: url(https:\/\/i0.wp.com\/www.opensolar.com\/wp-content\/uploads\/2026\/02\/Solar-customers_2.jpg?fit=1771%2C1030&#038;quality=89&#038;ssl=1);\">\n\t\t\t\t\t<div class=\"content-block-hero\">\n\t\t\t\t\t\t\t\t<div class=\"intro-text cover-artwork\">\n\t\t\t\t\t\t\t\t\t\t\t<h1 class=\"motion-hero-headline  light-mode\"><p>Unisciti ai milioni di persone che stanno adottando l&#8217;energia solare nel loro stile di vita.<\/p>\n<\/h1>\t\t\t\t\t\t<div class=\"motion-hero-sub-headline sub-headline light-mode\"><p>Uno stile di vita <strong>pi\u00f9 pulito, pi\u00f9 sicuro, pi\u00f9 economico.<\/strong><\/p>\n<\/div>\t\t\t\t\t\t<div class=\"motion-hero-text text light-mode\"><p>La comunit\u00e0 mondiale di OpenSolar di installatori solari esperti e qualificati pu\u00f2 aiutarti a capire le tue opzioni di elettrificazione solare. Visualizza qui l&#8217;elettrificazione solare della tua casa e noi ti indirizzeremo verso i professionisti di fiducia nella tua zona. <\/p>\n<\/div>\t\t\t\t\t\t\t\t\t\t\t\t\t<div class=\"actions\">\n\t\t\t\t\t\t\t\t<div class=\"button\"><a href=\"#get-started\" target=\"_self\" class=\"button- light-mode\">Guarda il solare ora<\/a><\/div>\t\t\t\t\t\t\t\t\t\t\t\t\t\t\t<\/div>\n\t\t\t\t\t\t\t\t\t\t\t\t\t\t\t\t\t\t\t\t<\/div>\n\t\t\t\t\t\t\t<\/div>\n\t\t<\/section><section id=\"get-started\" class=\"one-column ticss-e9288f25 bs-h-regular bs-tp-none bs-sp-regular bs-bp-regular light-mode  background-bright-grey-200\" style=\" padding-bottom: 0;\">\n\t<div class=\"block-style-center\">\n\t\t\t\t\t<header>\n\t\t\t\t\t\t\t\t\t\t\t\t<h2 id=\"get-started-h2\" class=\"black one-column-headline light-mode\"><p>Guarda la tua vita elettrificata dall&#8217;energia solare<\/p>\n<\/h2>\t\t\t\t<div class=\"subtext light-mode\"><p>Ada, la nostra intelligenza artificiale progetter\u00e0 automaticamente un sistema per la tua casa e, se lo desideri, ti metter\u00e0 in contatto con un professionista del solare di fiducia vicino a te.<\/p>\n<\/div>\t\t\t<\/header>\n\t\t\t\t<div class=\"center-column\">\n\t\t\t\t\t\t\t\t\t\t\t\t\t\t\t\t\t\t<div class=\"text-space left\">\n\t\t\t\t\t\t\t\t\t\t\t\t\t\t\t\t\t\t\t\t\t<div class=\"text light-mode\"><p>Attenzione: questa funzione \u00e8 in fase beta e potrebbe non dare i migliori risultati. Se ci\u00f2 dovesse accadere, non preoccuparti: ti metteremo comunque in contatto con un installatore solare esperto nella tua zona. <\/p>\n<\/div>\t\t\t\t\t\t<\/div>\n\t\t\t\t\t\t\t\t\t\t\t\t\t\t<\/div>\n\t<\/div>\n<\/section>\n<!-- US Form --><div id=\"opensolar_lead_container\"><\/div><script id=\"opensolar_lead_capture\" type=\"text\/javascript\" src=\"https:\/\/api.opensolar.com\/api\/lead_capture_widget\/252f4b0ace96430e9443c2903a7a0084\"><\/script><style>.customer-hubspot-form {\n\tdisplay: none;\n}\n<\/style>\n\n<!-- AU Form --><div id=\"opensolar_lead_container\"><\/div><script id=\"opensolar_lead_capture\" type=\"text\/javascript\" src=\"https:\/\/api.opensolar.com\/api\/lead_capture_widget\/950396b2dd304778a71badd6ff9e26d0\"><\/script><style>.customer-hubspot-form {\n\tdisplay: none;\n}\n<\/style>\n\n<!-- Philippines Form --><div id=\"opensolar_lead_container\"><\/div><script id=\"opensolar_lead_capture\" type=\"text\/javascript\" src=\"https:\/\/api.opensolar.com\/api\/lead_capture_widget\/a7dc6a86128047f2aaf182f08afc41f8\"><\/script><style>.customer-hubspot-form {\n\tdisplay: none;\n}\n<\/style>\n<section id=\"get-started\" class=\"one-column customer-hubspot-form bs-h-regular bs-tp-none bs-sp-regular bs-bp-regular light-mode  background-bright-grey-200\" style=\"\">\n\t<div class=\"block-style-center\">\n\t\t\t\t\t<header>\n\t\t\t\t\t\t\t\t\t\t\t\t<h2 id=\"get-started-h2\" class=\"black one-column-headline light-mode\"><p>Trova i professionisti del solare di fiducia pi\u00f9 vicini a te<\/p>\n<\/h2>\t\t\t\t<div class=\"subtext light-mode\"><p>Compila il modulo sottostante per entrare in contatto con la nostra rete globale di installatori di fotovoltaico esperti e qualificati.<\/p>\n<\/div>\t\t\t<\/header>\n\t\t\t\t<div class=\"center-column\">\n\t\t\t\t\t\t\t\t\t\t\t\t\t\t\t\t\t\t<div class=\"code light-mode\">\n\t\t\t\t\t\t\t<script charset=\"utf-8\" type=\"text\/javascript\" src=\"\/\/js.hsforms.net\/forms\/embed\/v2.js\"><\/script>\n\t\t\t\t\t\t\t<script>\n\t\t\t\t\t\t\t  hbspt.forms.create({\n\t\t\t\t\t\t\t\tregion: \"na1\",\n\t\t\t\t\t\t\t\tportalId: \"21246721\",\n\t\t\t\t\t\t\t\tformId: \"013a3fa6-3a01-4539-b5c6-5cc2a654ee18\"\n\t\t\t\t\t\t\t  });\n\t\t\t\t\t\t\t<\/script>\n\t\t\t\t\t\t<\/div>\n\t\t\t\t\t\t\t\t\t\t\t\t\t\t<\/div>\n\t<\/div>\n<\/section><section id=\"grid-block_9ff0c53cf917f4fbe508b6ebc3ecb4d9\" class=\"grid motion-grid-block light-mode background-none\" style=\"\">\n\t\t\t\t\t\t<h2 id=\"grid-block_9ff0c53cf917f4fbe508b6ebc3ecb4d9-h2\" class=\"headline-default blue-gradient grid-headline-motion light-mode\"><p>Scopri di pi\u00f9 su OpenSolar<\/p>\n<\/h2>\t\t\t\t\t\t<div class=\"cards bento bento-layout-about \">\n\t\t\t\t\t\t\t\t\t\t\t\t\t\t\t\t\t\t\t\t\t\t\t\t\t<a href=\"https:\/\/www.opensolar.com\/why-opensolar\/\" target=\"\" class=\"card card-grid-block_9ff0c53cf917f4fbe508b6ebc3ecb4d9-1 card-style-bento card-container- bento-layout-about-card clickable\" style=\" \">\n\t\t\t\t\t\t\t\t\t\t\t\t\t\t\t\t\t\t\t\t\t\t\t\t\t\t\t\t\t\t\t\t\t\t\t\t\t\t\t\t\t\t\t\t\t\t\t\t\t\t\t<img src=https:\/\/i0.wp.com\/www.opensolar.com\/wp-content\/uploads\/2025\/01\/bento-globe.jpg?fit=822%2C762&#038;quality=89&#038;ssl=1 class=\"artwork-position-bottom\" \/>\n\t\t\t\t\t\t\t\t\t\t\t\t\t\t\t\t<div class=\"top\">\n\t\t\t\t\t\t\t\t\t\t\t\t\t\t\t\t\t\t\t\t\t\t\t\t\t\t\t\t\t\t\t<div class=\"headline light-mode\">Perch\u00e9 OpenSolar?<\/div>\n\t\t\t\t\t\t\t\t\t\t\t\t\t\t\t\t\t\t\t\t\t\t\t\t\t\t\t\t\t\t<div class=\"text light-mode\"><p>Scopri di pi\u00f9 sulla comunit\u00e0 OpenSolar e perch\u00e9 clienti, professionisti e partner si affidano a noi per le loro esigenze di elettrificazione solare.<\/p>\n<\/div>\t\t\t\t\t\t\t\t\t\t\t\t\t\t<\/div><div class=\"bottom\">\t\t\t\t\t\t\t\t\t\t\t\t\t\t\t<div class=\"actions\">\n\t\t\t\t\t\t\t\t\t\t\t\t\t\t\t\t\t\t\t<div class=\"button\">\n\t\t\t\t\t\t\t\t\t\t\t<span>Per saperne di pi\u00f9<\/span>\n\t\t\t\t\t\t\t\t\t\t\t<svg xmlns=\"http:\/\/www.w3.org\/2000\/svg\" width=\"16\" height=\"16\" viewBox=\"0 0 16 16\" fill=\"none\">\n\t\t\t\t\t\t\t\t\t\t\t\t<path d=\"M6.66667 4.66675L10 8.00008L6.66667 11.3334\" stroke=\"#1751D0\" stroke-width=\"2\" stroke-linecap=\"round\" stroke-linejoin=\"round\"\/>\n\t\t\t\t\t\t\t\t\t\t\t<\/svg>\n\t\t\t\t\t\t\t\t\t\t<\/div>\n\t\t\t\t\t\t\t\t\t\t\t\t\t\t\t\t\t<\/div>\n\t\t\t\t\t\t\t\t\t\t\t\t\t\t<\/div>\t\t\t\t\t\t\t\t\t\t\t\t\t\t\t\t\t\t\t\t\t\t\t\t\t\t\t\t\t\t\t\t\t\t\t\t\t\t\t\t\t\t\t\t\t\t\t\t\t\t\t\t\t\t\t\t\t\t\t\t\t\t\t\t\t\t\t\t\t\t\t\t\t\t\t\t\t\t\t\t\t\t\t\t\t\t\t\t\t\t\t\t\t\t\t\t\t\t\t\t\t<\/a>\n\t\t\t\t\t\t\t\t\t\t\t\t\t\t\t\t\t\t\t\t\t\t\t\t\t\t\t\t\t\t\t\t\t\t\t\t\t\t\t\t<a href=\"https:\/\/www.opensolar.com\/it\/per-il-bene\/\" target=\"\" class=\"card card-grid-block_9ff0c53cf917f4fbe508b6ebc3ecb4d9-2 card-style-bento card-container- bento-layout-about-card clickable\" style=\" \">\n\t\t\t\t\t\t\t\t\t\t\t\t\t\t\t\t\t\t\t\t\t\t\t\t\t\t\t\t\t\t\t\t\t\t\t\t\t\t\t\t\t\t\t\t\t\t\t\t\t\t\t<img src=https:\/\/i0.wp.com\/www.opensolar.com\/wp-content\/uploads\/2025\/02\/image-1.png?fit=1200%2C1000&#038;quality=80&#038;ssl=1 class=\"artwork-position-right\" \/>\n\t\t\t\t\t\t\t\t\t\t\t\t\t\t\t\t<div class=\"top\">\n\t\t\t\t\t\t\t\t\t\t\t\t\t\t\t\t\t\t\t\t\t\t\t\t\t\t\t\t\t\t\t<div class=\"headline light-mode\">Si impegna donando l&#8217;1%<\/div>\n\t\t\t\t\t\t\t\t\t\t\t\t\t\t\t\t\t\t\t\t\t\t\t\t\t\t\t\t\t\t<div class=\"text light-mode\"><p>Scopri come stiamo facendo la differenza dedicando l&#8217;1% del nostro fatturato all&#8217;elettrificazione solare delle comunit\u00e0 meno servite.<\/p>\n<\/div>\t\t\t\t\t\t\t\t\t\t\t\t\t\t<\/div><div class=\"bottom\">\t\t\t\t\t\t\t\t\t\t\t\t\t\t\t<div class=\"actions\">\n\t\t\t\t\t\t\t\t\t\t\t\t\t\t\t\t\t\t\t<div class=\"button\">\n\t\t\t\t\t\t\t\t\t\t\t<span>Per saperne di pi\u00f9<\/span>\n\t\t\t\t\t\t\t\t\t\t\t<svg xmlns=\"http:\/\/www.w3.org\/2000\/svg\" width=\"16\" height=\"16\" viewBox=\"0 0 16 16\" fill=\"none\">\n\t\t\t\t\t\t\t\t\t\t\t\t<path d=\"M6.66667 4.66675L10 8.00008L6.66667 11.3334\" stroke=\"#1751D0\" stroke-width=\"2\" stroke-linecap=\"round\" stroke-linejoin=\"round\"\/>\n\t\t\t\t\t\t\t\t\t\t\t<\/svg>\n\t\t\t\t\t\t\t\t\t\t<\/div>\n\t\t\t\t\t\t\t\t\t\t\t\t\t\t\t\t\t<\/div>\n\t\t\t\t\t\t\t\t\t\t\t\t\t\t<\/div>\t\t\t\t\t\t\t\t\t\t\t\t\t\t\t\t\t\t\t\t\t\t\t\t\t\t\t\t\t\t\t\t\t\t\t\t\t\t\t\t\t\t\t\t\t\t\t\t\t\t\t\t\t\t\t\t\t\t\t\t\t\t\t\t\t\t\t\t\t\t\t\t\t\t\t\t\t\t\t\t\t\t\t\t\t\t\t\t\t\t\t\t\t\t\t\t\t\t\t\t\t<\/a>\n\t\t\t\t\t\t\t\t\t\t\t\t\t\t\t\t\t\t\t\t\t\t\t\t\t\t\t\t\t\t\t\t\t\t\t\t\t\t\t\t<a href=\"https:\/\/www.opensolar.com\/it\/chi-siamo\/\" target=\"\" class=\"card card-grid-block_9ff0c53cf917f4fbe508b6ebc3ecb4d9-3 card-style-bento card-container- bento-layout-about-card clickable\" style=\" \">\n\t\t\t\t\t\t\t\t\t\t\t\t\t\t\t\t\t\t\t\t\t\t\t\t\t\t\t\t\t\t\t\t\t\t\t\t\t\t\t\t\t\t\t\t\t\t\t\t\t\t<div class=\"top\">\n\t\t\t\t\t\t\t\t\t\t\t\t\t\t\t\t\t\t\t\t\t\t\t\t\t\t\t\t\t\t\t<div class=\"headline light-mode\">La nostra storia<\/div>\n\t\t\t\t\t\t\t\t\t\t\t\t\t\t\t\t\t\t\t\t\t\t\t\t\t\t\t\t\t\t<div class=\"text light-mode\"><p>Scopri la nostra missione e il team che sta dietro alle innovative soluzioni solari che offriamo<\/p>\n<\/div>\t\t\t\t\t\t\t\t\t\t\t\t\t\t<\/div><div class=\"bottom\">\t\t\t\t\t\t\t\t\t\t\t\t\t\t\t<div class=\"actions\">\n\t\t\t\t\t\t\t\t\t\t\t\t\t\t\t\t\t\t\t<div class=\"button\">\n\t\t\t\t\t\t\t\t\t\t\t<span>Per saperne di pi\u00f9<\/span>\n\t\t\t\t\t\t\t\t\t\t\t<svg xmlns=\"http:\/\/www.w3.org\/2000\/svg\" width=\"16\" height=\"16\" viewBox=\"0 0 16 16\" fill=\"none\">\n\t\t\t\t\t\t\t\t\t\t\t\t<path d=\"M6.66667 4.66675L10 8.00008L6.66667 11.3334\" stroke=\"#1751D0\" stroke-width=\"2\" stroke-linecap=\"round\" stroke-linejoin=\"round\"\/>\n\t\t\t\t\t\t\t\t\t\t\t<\/svg>\n\t\t\t\t\t\t\t\t\t\t<\/div>\n\t\t\t\t\t\t\t\t\t\t\t\t\t\t\t\t\t<\/div>\n\t\t\t\t\t\t\t\t\t\t\t\t\t\t<\/div>\t\t\t\t\t\t\t\t\t\t\t\t\t\t\t\t\t\t\t\t\t\t\t\t\t\t\t\t\t\t\t\t\t\t\t\t\t\t\t\t\t\t\t\t\t\t\t\t\t\t\t\t\t\t\t\t\t\t\t\t\t\t\t\t\t\t\t\t\t\t\t\t\t\t\t\t\t\t<\/a>\n\t\t\t\t\t\t\t\t\t\t\t\t\t\t\t\t\t\t\t\t\t\t\t\t\t\t\t\t\t\t\t\t\t\t\t\t\t\t\t\t<a href=\"https:\/\/www.opensolar.com\/it\/blog\/\" target=\"\" class=\"card card-grid-block_9ff0c53cf917f4fbe508b6ebc3ecb4d9-4 card-style-bento card-container- bento-layout-about-card clickable\" style=\" \">\n\t\t\t\t\t\t\t\t\t\t\t\t\t\t\t\t\t\t\t\t\t\t\t\t\t\t\t\t\t\t\t\t\t\t\t\t\t\t\t\t\t\t\t\t\t\t\t\t\t\t\t<img src=https:\/\/i0.wp.com\/www.opensolar.com\/wp-content\/uploads\/2025\/01\/bento-blog.jpg?fit=822%2C296&#038;quality=89&#038;ssl=1 class=\"artwork-position-bottom\" \/>\n\t\t\t\t\t\t\t\t\t\t\t\t\t\t\t\t<div class=\"top\">\n\t\t\t\t\t\t\t\t\t\t\t\t\t\t\t\t\t\t\t\t\t\t\t\t\t\t\t\t\t\t\t<div class=\"headline light-mode\">Blog<\/div>\n\t\t\t\t\t\t\t\t\t\t\t\t\t\t\t\t\t\t\t\t\t\t\t\t\t\t\t\t\t\t<div class=\"text light-mode\"><p>Leggi articoli interessanti sulla sostenibilit\u00e0, l&#8217;energia solare e le tendenze del settore.<\/p>\n<\/div>\t\t\t\t\t\t\t\t\t\t\t\t\t\t<\/div><div class=\"bottom\">\t\t\t\t\t\t\t\t\t\t\t\t\t\t\t<div class=\"actions\">\n\t\t\t\t\t\t\t\t\t\t\t\t\t\t\t\t\t\t\t<div class=\"button\">\n\t\t\t\t\t\t\t\t\t\t\t<span>Per saperne di pi\u00f9<\/span>\n\t\t\t\t\t\t\t\t\t\t\t<svg xmlns=\"http:\/\/www.w3.org\/2000\/svg\" width=\"16\" height=\"16\" viewBox=\"0 0 16 16\" fill=\"none\">\n\t\t\t\t\t\t\t\t\t\t\t\t<path d=\"M6.66667 4.66675L10 8.00008L6.66667 11.3334\" stroke=\"#1751D0\" stroke-width=\"2\" stroke-linecap=\"round\" stroke-linejoin=\"round\"\/>\n\t\t\t\t\t\t\t\t\t\t\t<\/svg>\n\t\t\t\t\t\t\t\t\t\t<\/div>\n\t\t\t\t\t\t\t\t\t\t\t\t\t\t\t\t\t<\/div>\n\t\t\t\t\t\t\t\t\t\t\t\t\t\t<\/div>\t\t\t\t\t\t\t\t\t\t\t\t\t\t\t\t\t\t\t\t\t\t\t\t\t\t\t\t\t\t\t\t\t\t\t\t\t\t\t\t\t\t\t\t\t\t\t\t\t\t\t\t\t\t\t\t\t\t\t\t\t\t\t\t\t\t\t\t\t\t\t\t\t\t\t\t\t\t\t\t\t\t\t\t\t\t\t\t\t\t\t\t\t\t\t\t\t\t\t\t\t<\/a>\n\t\t\t\t\t\t\t\t\t\t\t\t\t\t\t\t\t\t\t\t<\/div>\n\t\t\t\t\t\t\t\t\t<\/section>","protected":false},"excerpt":{"rendered":"","protected":false},"author":7,"featured_media":0,"parent":0,"menu_order":0,"comment_status":"closed","ping_status":"closed","template":"","meta":{"_acf_changed":true,"footnotes":""},"class_list":["post-9797","page","type-page","status-publish","hentry"],"acf":[],"yoast_head":"<!-- This site is optimized with the Yoast SEO Premium plugin v26.6 (Yoast SEO v26.6) - https:\/\/yoast.com\/wordpress\/plugins\/seo\/ -->\n<title>Cliente | Scopri l&#039;energia solare per la tua casa o la tua azienda | OpenSolar<\/title>\n<meta name=\"description\" content=\"Sei curioso di conoscere l&#039;energia solare? Visualizza in pochi secondi un progetto solare generato dall&#039;intelligenza artificiale sul tuo tetto, comprendi i tuoi potenziali risparmi e mettiti in contatto con installatori locali di fiducia.\" \/>\n<meta name=\"robots\" content=\"index, follow, max-snippet:-1, max-image-preview:large, max-video-preview:-1\" \/>\n<link rel=\"canonical\" href=\"https:\/\/www.opensolar.com\/it\/cliente\/\" \/>\n<meta property=\"og:locale\" content=\"it_IT\" \/>\n<meta property=\"og:type\" content=\"article\" \/>\n<meta property=\"og:title\" content=\"Cliente\" \/>\n<meta property=\"og:description\" content=\"Sei curioso di conoscere l&#039;energia solare? Visualizza in pochi secondi un progetto solare generato dall&#039;intelligenza artificiale sul tuo tetto, comprendi i tuoi potenziali risparmi e mettiti in contatto con installatori locali di fiducia.\" \/>\n<meta property=\"og:url\" content=\"https:\/\/www.opensolar.com\/it\/cliente\/\" \/>\n<meta property=\"og:site_name\" content=\"OpenSolar\" \/>\n<meta property=\"article:publisher\" content=\"https:\/\/www.facebook.com\/OpenSolarGlobal\/\" \/>\n<meta property=\"article:modified_time\" content=\"2026-02-05T00:04:06+00:00\" \/>\n<meta property=\"og:image\" content=\"https:\/\/i0.wp.com\/www.opensolar.com\/wp-content\/uploads\/2024\/07\/OpenSolar-logo-for-WP.png?fit=1200%2C675&quality=80&ssl=1\" \/>\n\t<meta property=\"og:image:width\" content=\"1200\" \/>\n\t<meta property=\"og:image:height\" content=\"675\" \/>\n\t<meta property=\"og:image:type\" content=\"image\/png\" \/>\n<meta name=\"twitter:card\" content=\"summary_large_image\" \/>\n<meta name=\"twitter:site\" content=\"@opensolar\" \/>\n<script type=\"application\/ld+json\" class=\"yoast-schema-graph\">{\"@context\":\"https:\/\/schema.org\",\"@graph\":[{\"@type\":\"WebPage\",\"@id\":\"https:\/\/www.opensolar.com\/it\/cliente\/\",\"url\":\"https:\/\/www.opensolar.com\/it\/cliente\/\",\"name\":\"Cliente | Scopri l'energia solare per la tua casa o la tua azienda | OpenSolar\",\"isPartOf\":{\"@id\":\"https:\/\/www.opensolar.com\/it\/#website\"},\"datePublished\":\"2025-01-02T06:21:19+00:00\",\"dateModified\":\"2026-02-05T00:04:06+00:00\",\"description\":\"Sei curioso di conoscere l'energia solare? Visualizza in pochi secondi un progetto solare generato dall'intelligenza artificiale sul tuo tetto, comprendi i tuoi potenziali risparmi e mettiti in contatto con installatori locali di fiducia.\",\"breadcrumb\":{\"@id\":\"https:\/\/www.opensolar.com\/it\/cliente\/#breadcrumb\"},\"inLanguage\":\"it-IT\",\"potentialAction\":[{\"@type\":\"ReadAction\",\"target\":[\"https:\/\/www.opensolar.com\/it\/cliente\/\"]}]},{\"@type\":\"BreadcrumbList\",\"@id\":\"https:\/\/www.opensolar.com\/it\/cliente\/#breadcrumb\",\"itemListElement\":[{\"@type\":\"ListItem\",\"position\":1,\"name\":\"Home\",\"item\":\"https:\/\/www.opensolar.com\/it\/\"},{\"@type\":\"ListItem\",\"position\":2,\"name\":\"Cliente\"}]},{\"@type\":\"WebSite\",\"@id\":\"https:\/\/www.opensolar.com\/it\/#website\",\"url\":\"https:\/\/www.opensolar.com\/it\/\",\"name\":\"OpenSolar\",\"description\":\"Solar Design And Proposal Software\",\"publisher\":{\"@id\":\"https:\/\/www.opensolar.com\/it\/#organization\"},\"potentialAction\":[{\"@type\":\"SearchAction\",\"target\":{\"@type\":\"EntryPoint\",\"urlTemplate\":\"https:\/\/www.opensolar.com\/it\/?s={search_term_string}\"},\"query-input\":{\"@type\":\"PropertyValueSpecification\",\"valueRequired\":true,\"valueName\":\"search_term_string\"}}],\"inLanguage\":\"it-IT\"},{\"@type\":\"Organization\",\"@id\":\"https:\/\/www.opensolar.com\/it\/#organization\",\"name\":\"OpenSolar\",\"url\":\"https:\/\/www.opensolar.com\/it\/\",\"logo\":{\"@type\":\"ImageObject\",\"inLanguage\":\"it-IT\",\"@id\":\"https:\/\/www.opensolar.com\/it\/#\/schema\/logo\/image\/\",\"url\":\"https:\/\/www.opensolar.com\/wp-content\/uploads\/2026\/03\/OpenSolar-Horizontal-Color.svg\",\"contentUrl\":\"https:\/\/www.opensolar.com\/wp-content\/uploads\/2026\/03\/OpenSolar-Horizontal-Color.svg\",\"caption\":\"OpenSolar\"},\"image\":{\"@id\":\"https:\/\/www.opensolar.com\/it\/#\/schema\/logo\/image\/\"},\"sameAs\":[\"https:\/\/www.facebook.com\/OpenSolarGlobal\/\",\"https:\/\/x.com\/opensolar\",\"https:\/\/www.instagram.com\/open.solar\/\",\"https:\/\/www.linkedin.com\/company\/14522819\",\"https:\/\/www.youtube.com\/channel\/UCw3mdQ_ilIq9ZrPpCa_VOnA\/videos\"],\"description\":\"The world's leading solar design and proposal software. Free of charge so you're free to grow.\"}]}<\/script>\n<!-- \/ Yoast SEO Premium plugin. -->","yoast_head_json":{"title":"Cliente | Scopri l'energia solare per la tua casa o la tua azienda | OpenSolar","description":"Sei curioso di conoscere l'energia solare? Visualizza in pochi secondi un progetto solare generato dall'intelligenza artificiale sul tuo tetto, comprendi i tuoi potenziali risparmi e mettiti in contatto con installatori locali di fiducia.","robots":{"index":"index","follow":"follow","max-snippet":"max-snippet:-1","max-image-preview":"max-image-preview:large","max-video-preview":"max-video-preview:-1"},"canonical":"https:\/\/www.opensolar.com\/it\/cliente\/","og_locale":"it_IT","og_type":"article","og_title":"Cliente","og_description":"Sei curioso di conoscere l'energia solare? Visualizza in pochi secondi un progetto solare generato dall'intelligenza artificiale sul tuo tetto, comprendi i tuoi potenziali risparmi e mettiti in contatto con installatori locali di fiducia.","og_url":"https:\/\/www.opensolar.com\/it\/cliente\/","og_site_name":"OpenSolar","article_publisher":"https:\/\/www.facebook.com\/OpenSolarGlobal\/","article_modified_time":"2026-02-05T00:04:06+00:00","og_image":[{"width":1200,"height":675,"url":"https:\/\/i0.wp.com\/www.opensolar.com\/wp-content\/uploads\/2024\/07\/OpenSolar-logo-for-WP.png?fit=1200%2C675&quality=80&ssl=1","type":"image\/png"}],"twitter_card":"summary_large_image","twitter_site":"@opensolar","schema":{"@context":"https:\/\/schema.org","@graph":[{"@type":"WebPage","@id":"https:\/\/www.opensolar.com\/it\/cliente\/","url":"https:\/\/www.opensolar.com\/it\/cliente\/","name":"Cliente | Scopri l'energia solare per la tua casa o la tua azienda | OpenSolar","isPartOf":{"@id":"https:\/\/www.opensolar.com\/it\/#website"},"datePublished":"2025-01-02T06:21:19+00:00","dateModified":"2026-02-05T00:04:06+00:00","description":"Sei curioso di conoscere l'energia solare? Visualizza in pochi secondi un progetto solare generato dall'intelligenza artificiale sul tuo tetto, comprendi i tuoi potenziali risparmi e mettiti in contatto con installatori locali di fiducia.","breadcrumb":{"@id":"https:\/\/www.opensolar.com\/it\/cliente\/#breadcrumb"},"inLanguage":"it-IT","potentialAction":[{"@type":"ReadAction","target":["https:\/\/www.opensolar.com\/it\/cliente\/"]}]},{"@type":"BreadcrumbList","@id":"https:\/\/www.opensolar.com\/it\/cliente\/#breadcrumb","itemListElement":[{"@type":"ListItem","position":1,"name":"Home","item":"https:\/\/www.opensolar.com\/it\/"},{"@type":"ListItem","position":2,"name":"Cliente"}]},{"@type":"WebSite","@id":"https:\/\/www.opensolar.com\/it\/#website","url":"https:\/\/www.opensolar.com\/it\/","name":"OpenSolar","description":"Solar Design And Proposal Software","publisher":{"@id":"https:\/\/www.opensolar.com\/it\/#organization"},"potentialAction":[{"@type":"SearchAction","target":{"@type":"EntryPoint","urlTemplate":"https:\/\/www.opensolar.com\/it\/?s={search_term_string}"},"query-input":{"@type":"PropertyValueSpecification","valueRequired":true,"valueName":"search_term_string"}}],"inLanguage":"it-IT"},{"@type":"Organization","@id":"https:\/\/www.opensolar.com\/it\/#organization","name":"OpenSolar","url":"https:\/\/www.opensolar.com\/it\/","logo":{"@type":"ImageObject","inLanguage":"it-IT","@id":"https:\/\/www.opensolar.com\/it\/#\/schema\/logo\/image\/","url":"https:\/\/www.opensolar.com\/wp-content\/uploads\/2026\/03\/OpenSolar-Horizontal-Color.svg","contentUrl":"https:\/\/www.opensolar.com\/wp-content\/uploads\/2026\/03\/OpenSolar-Horizontal-Color.svg","caption":"OpenSolar"},"image":{"@id":"https:\/\/www.opensolar.com\/it\/#\/schema\/logo\/image\/"},"sameAs":["https:\/\/www.facebook.com\/OpenSolarGlobal\/","https:\/\/x.com\/opensolar","https:\/\/www.instagram.com\/open.solar\/","https:\/\/www.linkedin.com\/company\/14522819","https:\/\/www.youtube.com\/channel\/UCw3mdQ_ilIq9ZrPpCa_VOnA\/videos"],"description":"The world's leading solar design and proposal software. Free of charge so you're free to grow."}]}},"_links":{"self":[{"href":"https:\/\/www.opensolar.com\/it\/wp-json\/wp\/v2\/pages\/9797","targetHints":{"allow":["GET"]}}],"collection":[{"href":"https:\/\/www.opensolar.com\/it\/wp-json\/wp\/v2\/pages"}],"about":[{"href":"https:\/\/www.opensolar.com\/it\/wp-json\/wp\/v2\/types\/page"}],"author":[{"embeddable":true,"href":"https:\/\/www.opensolar.com\/it\/wp-json\/wp\/v2\/users\/7"}],"replies":[{"embeddable":true,"href":"https:\/\/www.opensolar.com\/it\/wp-json\/wp\/v2\/comments?post=9797"}],"version-history":[{"count":0,"href":"https:\/\/www.opensolar.com\/it\/wp-json\/wp\/v2\/pages\/9797\/revisions"}],"wp:attachment":[{"href":"https:\/\/www.opensolar.com\/it\/wp-json\/wp\/v2\/media?parent=9797"}],"curies":[{"name":"wp","href":"https:\/\/api.w.org\/{rel}","templated":true}]}}