{"id":9814,"date":"2023-07-28T07:57:14","date_gmt":"2023-07-28T07:57:14","guid":{"rendered":"https:\/\/www.opensolar.com\/iscriviti-a-opensolar\/"},"modified":"2025-01-23T12:31:12","modified_gmt":"2025-01-23T12:31:12","slug":"iscriviti-a-opensolar","status":"publish","type":"page","link":"https:\/\/www.opensolar.com\/it\/iscriviti-a-opensolar\/","title":{"rendered":"Iscriviti a OpenSolar"},"content":{"rendered":"<section id=\"side-by-side-block_00334f03f2fcd567528a2b94cb695253\" class=\"side-by-side light-mode  background-bright-grey-200\" style=\"\">\n\t<div class=\"side-by-side-content light-mode\">\n\t\t\t\t\t\t\t\t\t\t\t\t\t\t\t\t\t\t\t\t\t\t<div class=\"content-block-regular\">\n\t\t\t\t\t\t<div class=\"artwork-block just-text\">\n\t\t\t\t\t\t\t<div class=\"text-space\">\n\t\t\t\t\t\t\t\t\t\t\t\t\t\t\t\t<h2 class=\"light-mode\"><p>Iscriviti a OpenSolar<\/p>\n<\/h2>\t\t\t\t\t\t\t\t<div class=\"sub-headline light-mode\"><p>Iscriviti alla nostra mailing list per essere sempre aggiornato sulle ultime novit\u00e0 di OpenSolar, tra cui:<\/p>\n<\/div>\t\t\t\t\t\t\t\t<div class=\"text light-mode\"><ul>\n<li>Nuove funzionalit\u00e0<\/li>\n<li>Lancio di prodotti<\/li>\n<li>Opportunit\u00e0 con accesso anticipato<\/li>\n<li>Newsletter mensili<\/li>\n<li>Approfondimenti sul settore<\/li>\n<li>Notizie sui partner<\/li>\n<li>Inviti per eventi e molto altro ancora!<\/li>\n<\/ul>\n<\/div>\t\t\t\t\t\t\t\t\t\t\t\t\t\t\t<\/div>\n\t\t\t\t\t\t\t\t\t\t\t\t\t\t\t<div class=\"code-space\" style=\"\">\n\t\t\t\t\t\t\t\t\t<script charset=\"utf-8\" type=\"text\/javascript\" src=\"\/\/js.hsforms.net\/forms\/embed\/v2.js\"><\/script>\n\t\t\t\t\t\t\t\t\t<script>\n\t\t\t\t\t\t\t\t\t  hbspt.forms.create({\n\t\t\t\t\t\t\t\t\t\tregion: \"na1\",\n\t\t\t\t\t\t\t\t\t\tportalId: \"21246721\",\n\t\t\t\t\t\t\t\t\t\tformId: \"f309133e-2ca4-4e93-9421-6a320ea3f850\"\n\t\t\t\t\t\t\t\t\t  });\n\t\t\t\t\t\t\t\t\t<\/script>\n\t\t\t\t\t\t\t\t<\/div>\n\t\t\t\t\t\t\t\t\t\t\t\t\t<\/div>\n\t\t\t\t\t<\/div>\n\t\t\t\t\t\t\t\t\t\t\t\t\t\t<\/div>\n<\/section>\n<section id=\"recent-blogs-block_69ef6f141cbcfa6c0daafcbd6b25668c\" class=\"recent-blogs background-white\" style=\"\">\n\t<div class=\"blog-recent\">\n\t\t<div class=\"headline-style-h2\"><p>Pubblicato di recente<\/p>\n<\/div>\n\t\t<div class=\"blog-recent-grid\">\n\t\t\t\t\t\t\t<a href=\"https:\/\/www.opensolar.com\/it\/post\/i-5-strumenti-principali-di-cui-hai-bisogno-per-scalare-la-tua-attivita-nel-settore-solare-nel-2026\/\" class=\"blog-mini-post\">\n\t\t\t\t\t\t\t\t\t\t<div class=\"blog-summary\">\n\t\t\t\t\t\t<!-- <div class=\"blog-category\"><span><\/span><\/div> -->\n\t\t\t\t\t\t<div class=\"title\">I 5 strumenti principali di cui hai bisogno per scalare la tua attivit\u00e0 nel settore solare nel 2026<\/div>\n\t\t\t\t\t\t<div class=\"blog-excerpt\"><p>Scalare un&#8217;azienda del settore solare nel 2026 significa garantire velocit\u00e0, accuratezza e un&#8217;esperienza cliente senza soluzione di continuit\u00e0. Ecco cinque strumenti essenziali che ti aiuteranno a semplificare il flusso di lavoro e a crescere con fiducia. <\/p>\n<\/div>\n\t\t\t\t\t\t<div class=\"blog-meta\">\n\t\t\t\t\t\t\t<div class=\"time\">Posted 26 Marzo 2026<\/div>\n\t\t\t\t\t\t<\/div>\n\t\t\t\t\t\t<button>\n\t\t\t\t\t\t\t<span>Scopri di pi\u00f9<\/span>\n\t\t\t\t\t\t\t<svg width=\"16\" height=\"16\" viewBox=\"0 0 16 16\" fill=\"none\" xmlns=\"http:\/\/www.w3.org\/2000\/svg\">\n\t\t\t\t\t\t\t\t<path d=\"M8.83333 3.625L13 8M13 8L8.83333 12.375M13 8L3 8\" stroke=\"#4272DD\" stroke-width=\"2\" stroke-linecap=\"round\" stroke-linejoin=\"round\"\/>\n\t\t\t\t\t\t\t<\/svg>\n\t\t\t\t\t\t<\/button>\n\t\t\t\t\t<\/div>\n\t\t\t\t<\/a>\n\t\t\t\t\t\t\t<a href=\"https:\/\/www.opensolar.com\/it\/post\/giornata-internazionale-della-donna-2026-dare-energia-a-unindustria-solare-piu-inclusiva\/\" class=\"blog-mini-post\">\n\t\t\t\t\t<div class=\"artwork\"><img loading=\"lazy\" decoding=\"async\" width=\"284\" height=\"160\" src=\"https:\/\/i0.wp.com\/www.opensolar.com\/wp-content\/uploads\/2026\/03\/IWD-2026.jpg?fit=284%2C160&amp;quality=89&amp;ssl=1\" class=\"attachment-288x160 size-288x160 wp-post-image\" alt=\"\" srcset=\"https:\/\/i0.wp.com\/www.opensolar.com\/wp-content\/uploads\/2026\/03\/IWD-2026.jpg?w=1920&amp;quality=89&amp;ssl=1 1920w, https:\/\/i0.wp.com\/www.opensolar.com\/wp-content\/uploads\/2026\/03\/IWD-2026.jpg?resize=768%2C432&amp;quality=89&amp;ssl=1 768w, https:\/\/i0.wp.com\/www.opensolar.com\/wp-content\/uploads\/2026\/03\/IWD-2026.jpg?resize=1536%2C864&amp;quality=89&amp;ssl=1 1536w, https:\/\/i0.wp.com\/www.opensolar.com\/wp-content\/uploads\/2026\/03\/IWD-2026.jpg?w=1280&amp;quality=89&amp;ssl=1 1280w\" sizes=\"auto, (max-width: 284px) 100vw, 284px\" \/><\/div>\t\t\t\t\t<div class=\"blog-summary\">\n\t\t\t\t\t\t<!-- <div class=\"blog-category\"><span><\/span><\/div> -->\n\t\t\t\t\t\t<div class=\"title\">Giornata internazionale della donna 2026: dare energia a un&#8217;industria solare pi\u00f9 inclusiva<\/div>\n\t\t\t\t\t\t<div class=\"blog-excerpt\"><p>In occasione della Giornata Internazionale della Donna, le donne di OpenSolar riflettono sul loro percorso nelle energie rinnovabili e su come l&#8217;autenticit\u00e0, la mentorship e le opportunit\u00e0 contribuiscano a creare un settore solare pi\u00f9 inclusivo.<\/p>\n<\/div>\n\t\t\t\t\t\t<div class=\"blog-meta\">\n\t\t\t\t\t\t\t<div class=\"time\">Posted 5 Marzo 2026<\/div>\n\t\t\t\t\t\t<\/div>\n\t\t\t\t\t\t<button>\n\t\t\t\t\t\t\t<span>Scopri di pi\u00f9<\/span>\n\t\t\t\t\t\t\t<svg width=\"16\" height=\"16\" viewBox=\"0 0 16 16\" fill=\"none\" xmlns=\"http:\/\/www.w3.org\/2000\/svg\">\n\t\t\t\t\t\t\t\t<path d=\"M8.83333 3.625L13 8M13 8L8.83333 12.375M13 8L3 8\" stroke=\"#4272DD\" stroke-width=\"2\" stroke-linecap=\"round\" stroke-linejoin=\"round\"\/>\n\t\t\t\t\t\t\t<\/svg>\n\t\t\t\t\t\t<\/button>\n\t\t\t\t\t<\/div>\n\t\t\t\t<\/a>\n\t\t\t\t\t\t\t<a href=\"https:\/\/www.opensolar.com\/it\/post\/opensolar-rimane-gratuito-paghi-solo-laccesso-alle-api-e-i-connettori-per-le-app\/\" class=\"blog-mini-post\">\n\t\t\t\t\t<div class=\"artwork\"><img loading=\"lazy\" decoding=\"async\" width=\"288\" height=\"157\" src=\"https:\/\/i0.wp.com\/www.opensolar.com\/wp-content\/uploads\/2026\/02\/api-design-workspace.jpg?fit=288%2C157&amp;quality=89&amp;ssl=1\" class=\"attachment-288x160 size-288x160 wp-post-image\" alt=\"Top-down view of a warmly lit engineer&#039;s desk, featuring a hand using a stylus on a tablet to edit a glowing 3D network architecture blueprint.\" srcset=\"https:\/\/i0.wp.com\/www.opensolar.com\/wp-content\/uploads\/2026\/02\/api-design-workspace.jpg?w=1408&amp;quality=89&amp;ssl=1 1408w, https:\/\/i0.wp.com\/www.opensolar.com\/wp-content\/uploads\/2026\/02\/api-design-workspace.jpg?resize=768%2C419&amp;quality=89&amp;ssl=1 768w, https:\/\/i0.wp.com\/www.opensolar.com\/wp-content\/uploads\/2026\/02\/api-design-workspace.jpg?w=1280&amp;quality=89&amp;ssl=1 1280w\" sizes=\"auto, (max-width: 288px) 100vw, 288px\" \/><\/div>\t\t\t\t\t<div class=\"blog-summary\">\n\t\t\t\t\t\t<!-- <div class=\"blog-category\"><span><\/span><\/div> -->\n\t\t\t\t\t\t<div class=\"title\">OpenSolar resta gratuito. Pagherai solo l\u2019accesso alle API e i connettori per le app.<\/div>\n\t\t\t\t\t\t<div class=\"blog-excerpt\"><p>A partire dal 16 aprile 2026, l\u2019applicazione principale di OpenSolar rimarr\u00e0 gratuita e i costi si applicheranno solo sul trasferimento dei dati all\u2019interno e all\u2019esterno della piattaforma attraverso l\u2019accesso alle API e i connettori supportati per gli strumenti di terze parti. OS 3.0 \u00e8 l\u2019ultima versione di OpenSolar, costruita per supportare un flusso di lavoro solare end-to-end in un unico luogo.  <\/p>\n<\/div>\n\t\t\t\t\t\t<div class=\"blog-meta\">\n\t\t\t\t\t\t\t<div class=\"time\">Posted 16 Febbraio 2026<\/div>\n\t\t\t\t\t\t<\/div>\n\t\t\t\t\t\t<button>\n\t\t\t\t\t\t\t<span>Scopri di pi\u00f9<\/span>\n\t\t\t\t\t\t\t<svg width=\"16\" height=\"16\" viewBox=\"0 0 16 16\" fill=\"none\" xmlns=\"http:\/\/www.w3.org\/2000\/svg\">\n\t\t\t\t\t\t\t\t<path d=\"M8.83333 3.625L13 8M13 8L8.83333 12.375M13 8L3 8\" stroke=\"#4272DD\" stroke-width=\"2\" stroke-linecap=\"round\" stroke-linejoin=\"round\"\/>\n\t\t\t\t\t\t\t<\/svg>\n\t\t\t\t\t\t<\/button>\n\t\t\t\t\t<\/div>\n\t\t\t\t<\/a>\n\t\t\t\t\t<\/div>\n\t<\/div>\n<\/section>","protected":false},"excerpt":{"rendered":"","protected":false},"author":3,"featured_media":0,"parent":0,"menu_order":0,"comment_status":"closed","ping_status":"closed","template":"","meta":{"_acf_changed":false,"footnotes":""},"class_list":["post-9814","page","type-page","status-publish","hentry"],"acf":[],"yoast_head":"<!-- This site is optimized with the Yoast SEO Premium plugin v26.6 (Yoast SEO v26.6) - https:\/\/yoast.com\/wordpress\/plugins\/seo\/ -->\n<title>Iscriviti a OpenSolar | OpenSolar<\/title>\n<meta name=\"robots\" content=\"index, follow, max-snippet:-1, max-image-preview:large, max-video-preview:-1\" \/>\n<link rel=\"canonical\" href=\"https:\/\/www.opensolar.com\/it\/iscriviti-a-opensolar\/\" \/>\n<meta property=\"og:locale\" content=\"it_IT\" \/>\n<meta property=\"og:type\" content=\"article\" \/>\n<meta property=\"og:title\" content=\"Iscriviti a OpenSolar\" \/>\n<meta property=\"og:url\" content=\"https:\/\/www.opensolar.com\/it\/iscriviti-a-opensolar\/\" \/>\n<meta property=\"og:site_name\" content=\"OpenSolar\" \/>\n<meta property=\"article:publisher\" content=\"https:\/\/www.facebook.com\/OpenSolarGlobal\/\" \/>\n<meta property=\"article:modified_time\" content=\"2025-01-23T12:31:12+00:00\" \/>\n<meta property=\"og:image\" content=\"https:\/\/i0.wp.com\/www.opensolar.com\/wp-content\/uploads\/2024\/07\/OpenSolar-logo-for-WP.png?fit=1200%2C675&quality=80&ssl=1\" \/>\n\t<meta property=\"og:image:width\" content=\"1200\" \/>\n\t<meta property=\"og:image:height\" content=\"675\" \/>\n\t<meta property=\"og:image:type\" content=\"image\/png\" \/>\n<meta name=\"twitter:card\" content=\"summary_large_image\" \/>\n<meta name=\"twitter:site\" content=\"@opensolar\" \/>\n<script type=\"application\/ld+json\" class=\"yoast-schema-graph\">{\"@context\":\"https:\/\/schema.org\",\"@graph\":[{\"@type\":\"WebPage\",\"@id\":\"https:\/\/www.opensolar.com\/it\/iscriviti-a-opensolar\/\",\"url\":\"https:\/\/www.opensolar.com\/it\/iscriviti-a-opensolar\/\",\"name\":\"Iscriviti a OpenSolar | OpenSolar\",\"isPartOf\":{\"@id\":\"https:\/\/www.opensolar.com\/it\/#website\"},\"datePublished\":\"2023-07-28T07:57:14+00:00\",\"dateModified\":\"2025-01-23T12:31:12+00:00\",\"breadcrumb\":{\"@id\":\"https:\/\/www.opensolar.com\/it\/iscriviti-a-opensolar\/#breadcrumb\"},\"inLanguage\":\"it-IT\",\"potentialAction\":[{\"@type\":\"ReadAction\",\"target\":[\"https:\/\/www.opensolar.com\/it\/iscriviti-a-opensolar\/\"]}]},{\"@type\":\"BreadcrumbList\",\"@id\":\"https:\/\/www.opensolar.com\/it\/iscriviti-a-opensolar\/#breadcrumb\",\"itemListElement\":[{\"@type\":\"ListItem\",\"position\":1,\"name\":\"Home\",\"item\":\"https:\/\/www.opensolar.com\/it\/\"},{\"@type\":\"ListItem\",\"position\":2,\"name\":\"Iscriviti a OpenSolar\"}]},{\"@type\":\"WebSite\",\"@id\":\"https:\/\/www.opensolar.com\/it\/#website\",\"url\":\"https:\/\/www.opensolar.com\/it\/\",\"name\":\"OpenSolar\",\"description\":\"Solar Design And Proposal Software\",\"publisher\":{\"@id\":\"https:\/\/www.opensolar.com\/it\/#organization\"},\"potentialAction\":[{\"@type\":\"SearchAction\",\"target\":{\"@type\":\"EntryPoint\",\"urlTemplate\":\"https:\/\/www.opensolar.com\/it\/?s={search_term_string}\"},\"query-input\":{\"@type\":\"PropertyValueSpecification\",\"valueRequired\":true,\"valueName\":\"search_term_string\"}}],\"inLanguage\":\"it-IT\"},{\"@type\":\"Organization\",\"@id\":\"https:\/\/www.opensolar.com\/it\/#organization\",\"name\":\"OpenSolar\",\"url\":\"https:\/\/www.opensolar.com\/it\/\",\"logo\":{\"@type\":\"ImageObject\",\"inLanguage\":\"it-IT\",\"@id\":\"https:\/\/www.opensolar.com\/it\/#\/schema\/logo\/image\/\",\"url\":\"https:\/\/www.opensolar.com\/wp-content\/uploads\/2026\/03\/OpenSolar-Horizontal-Color.svg\",\"contentUrl\":\"https:\/\/www.opensolar.com\/wp-content\/uploads\/2026\/03\/OpenSolar-Horizontal-Color.svg\",\"caption\":\"OpenSolar\"},\"image\":{\"@id\":\"https:\/\/www.opensolar.com\/it\/#\/schema\/logo\/image\/\"},\"sameAs\":[\"https:\/\/www.facebook.com\/OpenSolarGlobal\/\",\"https:\/\/x.com\/opensolar\",\"https:\/\/www.instagram.com\/open.solar\/\",\"https:\/\/www.linkedin.com\/company\/14522819\",\"https:\/\/www.youtube.com\/channel\/UCw3mdQ_ilIq9ZrPpCa_VOnA\/videos\"],\"description\":\"The world's leading solar design and proposal software. Free of charge so you're free to grow.\"}]}<\/script>\n<!-- \/ Yoast SEO Premium plugin. -->","yoast_head_json":{"title":"Iscriviti a OpenSolar | OpenSolar","robots":{"index":"index","follow":"follow","max-snippet":"max-snippet:-1","max-image-preview":"max-image-preview:large","max-video-preview":"max-video-preview:-1"},"canonical":"https:\/\/www.opensolar.com\/it\/iscriviti-a-opensolar\/","og_locale":"it_IT","og_type":"article","og_title":"Iscriviti a OpenSolar","og_url":"https:\/\/www.opensolar.com\/it\/iscriviti-a-opensolar\/","og_site_name":"OpenSolar","article_publisher":"https:\/\/www.facebook.com\/OpenSolarGlobal\/","article_modified_time":"2025-01-23T12:31:12+00:00","og_image":[{"width":1200,"height":675,"url":"https:\/\/i0.wp.com\/www.opensolar.com\/wp-content\/uploads\/2024\/07\/OpenSolar-logo-for-WP.png?fit=1200%2C675&quality=80&ssl=1","type":"image\/png"}],"twitter_card":"summary_large_image","twitter_site":"@opensolar","schema":{"@context":"https:\/\/schema.org","@graph":[{"@type":"WebPage","@id":"https:\/\/www.opensolar.com\/it\/iscriviti-a-opensolar\/","url":"https:\/\/www.opensolar.com\/it\/iscriviti-a-opensolar\/","name":"Iscriviti a OpenSolar | OpenSolar","isPartOf":{"@id":"https:\/\/www.opensolar.com\/it\/#website"},"datePublished":"2023-07-28T07:57:14+00:00","dateModified":"2025-01-23T12:31:12+00:00","breadcrumb":{"@id":"https:\/\/www.opensolar.com\/it\/iscriviti-a-opensolar\/#breadcrumb"},"inLanguage":"it-IT","potentialAction":[{"@type":"ReadAction","target":["https:\/\/www.opensolar.com\/it\/iscriviti-a-opensolar\/"]}]},{"@type":"BreadcrumbList","@id":"https:\/\/www.opensolar.com\/it\/iscriviti-a-opensolar\/#breadcrumb","itemListElement":[{"@type":"ListItem","position":1,"name":"Home","item":"https:\/\/www.opensolar.com\/it\/"},{"@type":"ListItem","position":2,"name":"Iscriviti a OpenSolar"}]},{"@type":"WebSite","@id":"https:\/\/www.opensolar.com\/it\/#website","url":"https:\/\/www.opensolar.com\/it\/","name":"OpenSolar","description":"Solar Design And Proposal Software","publisher":{"@id":"https:\/\/www.opensolar.com\/it\/#organization"},"potentialAction":[{"@type":"SearchAction","target":{"@type":"EntryPoint","urlTemplate":"https:\/\/www.opensolar.com\/it\/?s={search_term_string}"},"query-input":{"@type":"PropertyValueSpecification","valueRequired":true,"valueName":"search_term_string"}}],"inLanguage":"it-IT"},{"@type":"Organization","@id":"https:\/\/www.opensolar.com\/it\/#organization","name":"OpenSolar","url":"https:\/\/www.opensolar.com\/it\/","logo":{"@type":"ImageObject","inLanguage":"it-IT","@id":"https:\/\/www.opensolar.com\/it\/#\/schema\/logo\/image\/","url":"https:\/\/www.opensolar.com\/wp-content\/uploads\/2026\/03\/OpenSolar-Horizontal-Color.svg","contentUrl":"https:\/\/www.opensolar.com\/wp-content\/uploads\/2026\/03\/OpenSolar-Horizontal-Color.svg","caption":"OpenSolar"},"image":{"@id":"https:\/\/www.opensolar.com\/it\/#\/schema\/logo\/image\/"},"sameAs":["https:\/\/www.facebook.com\/OpenSolarGlobal\/","https:\/\/x.com\/opensolar","https:\/\/www.instagram.com\/open.solar\/","https:\/\/www.linkedin.com\/company\/14522819","https:\/\/www.youtube.com\/channel\/UCw3mdQ_ilIq9ZrPpCa_VOnA\/videos"],"description":"The world's leading solar design and proposal software. Free of charge so you're free to grow."}]}},"_links":{"self":[{"href":"https:\/\/www.opensolar.com\/it\/wp-json\/wp\/v2\/pages\/9814","targetHints":{"allow":["GET"]}}],"collection":[{"href":"https:\/\/www.opensolar.com\/it\/wp-json\/wp\/v2\/pages"}],"about":[{"href":"https:\/\/www.opensolar.com\/it\/wp-json\/wp\/v2\/types\/page"}],"author":[{"embeddable":true,"href":"https:\/\/www.opensolar.com\/it\/wp-json\/wp\/v2\/users\/3"}],"replies":[{"embeddable":true,"href":"https:\/\/www.opensolar.com\/it\/wp-json\/wp\/v2\/comments?post=9814"}],"version-history":[{"count":0,"href":"https:\/\/www.opensolar.com\/it\/wp-json\/wp\/v2\/pages\/9814\/revisions"}],"wp:attachment":[{"href":"https:\/\/www.opensolar.com\/it\/wp-json\/wp\/v2\/media?parent=9814"}],"curies":[{"name":"wp","href":"https:\/\/api.w.org\/{rel}","templated":true}]}}